{"id":19558,"date":"2026-04-27T04:41:12","date_gmt":"2026-04-27T04:41:12","guid":{"rendered":""},"modified":"2026-04-27T04:41:12","modified_gmt":"2026-04-27T04:41:12","slug":"zlevneny-vanova-a-sprchova-baterie-static-10-19558","status":"publish","type":"product","link":"https:\/\/www.domkraftpro.com\/produkt\/zlevneny-vanova-a-sprchova-baterie-static-10-19558\/","title":{"rendered":"Zlevn\u011bn\u00fd Vanov\u00e1 a sprchov\u00e1 baterie STATIC-10"},"content":{"rendered":"<div class=\"basic-description\">\n<h3>Detailn\u00ed popis produktu<\/h3>\n<p>                                    <html><body><\/p>\n<p><strong><strong><strong>POZOR &#8211; Sprchov\u00e9 a vanov\u00e9 baterie lze pou\u017e\u00edvat pouze s dodate\u010dnou instalac\u00ed d\u00edlu \u2013 zp\u011btn\u00e9 klapky, kter\u00e1 zabra\u0148uje zp\u011btn\u00e9mu nas\u00e1t\u00ed vody a t\u00edm zne\u010di\u0161t\u011bn\u00ed vodovodn\u00edho \u0159\u00e1du.<\/strong><\/strong><\/strong><\/p>\n<p><strong>S\u00e9rie STATIC<\/strong>\u00a0m\u00e1 tvar klasick\u00e9 v\u00e1lcov\u00e9 formy a\u00a0p\u0159id\u00e1v\u00e1 nov\u00e9 estetick\u00e9 ztv\u00e1rn\u011bn\u00ed obl\u00e9 ovl\u00e1dac\u00ed p\u00e1ky. S\u00a0touto s\u00e9ri\u00ed se k\u00a0V\u00e1m dost\u00e1v\u00e1\u00a0<strong>modern\u00ed\u00a0 jednoduch\u00fd styl<\/strong>\u00a0pro Va\u0161\u00ed dom\u00e1cnost.\u00a0V\u00a0nab\u00eddce t\u00e9to s\u00e9rie naleznete \u0161irokou \u0161k\u00e1lu kombinac\u00ed pro celou koupelnu\u00a0i kuchy\u0148.\u00a0<strong>S\u00e9rie STATIC jsou osazeny keramick\u00fdmi kartu\u0161emi.<\/strong><\/p>\n<p><strong>P\u0159ednosti\u00a0vanov\u00e9 a sprchov\u00e9 n\u00e1st\u011bnn\u00e9 baterie\u00a0STATIC-10:<\/strong><\/p>\n<ul>\n<li><strong>Vanov\u00e1 n\u00e1st\u011bnn\u00e1 se sprchou<\/strong>\u00a0<\/li>\n<li>Vysoce<strong>\u00a0kvalitn\u00ed\u00a0materi\u00e1ly\u00a0<\/strong>od\u00a0sv\u011btov\u00fdch v\u00fdrobc\u016f\u00a0<\/li>\n<li><strong><strong>Anti line aretator<\/strong>\u00a0<\/strong>(proti usazov\u00e1n\u00ed vodn\u00edho kamene)<\/li>\n<li><strong>Materi\u00e1l:<\/strong>\u00a0leskl\u00fd\u00a0chrom<\/li>\n<li><strong>Rozte\u010d:<\/strong> 15 cm<\/li>\n<li>Dlouh\u00e1 \u017eivotnost\u00a0<strong>keramick\u00e9 kartu\u0161e 3,5 cm<\/strong><\/li>\n<li>V\u0161e testov\u00e1no se\u00a0<strong>100% \u00fasp\u011b\u0161nost\u00ed<\/strong><\/li>\n<li>V\u0161echny d\u00edly odpov\u00eddaj\u00ed p\u0159edpis\u016fm<strong>\u00a0EN817<\/strong><\/li>\n<\/ul>\n<ul>\n<li><strong>Z\u00c1RUKA 5 let<\/strong><\/li>\n<\/ul>\n<p><\/body><\/html>                            <\/div>\n<div class=\"extended-description\">\n<h3>Dopl\u0148kov\u00e9 parametry<\/h3>\n<table class=\"detail-parameters\">\n<tbody>\n<tr>\n<th>        <span class=\"row-header-label\">            Kategorie<span class=\"row-header-label-colon\">:<\/span>        <\/span>    <\/th>\n<td>            <\/td>\n<\/tr>\n<tr>\n<th>            <span class=\"row-header-label\">                Z\u00e1ruka<span class=\"row-header-label-colon\">:<\/span>            <\/span>        <\/th>\n<td>            5 let t\u011blo baterie        <\/td>\n<\/tr>\n<tr>\n<th>            <span class=\"row-header-label\">                Hmotnost<span class=\"row-header-label-colon\">:<\/span>            <\/span>        <\/th>\n<td>            1.7 kg        <\/td>\n<\/tr>\n<tr class=\"productEan\">\n<th>          <span class=\"row-header-label productEan__label\">              EAN<span class=\"row-header-label-colon\">:<\/span>          <\/span>      <\/th>\n<td>          <span class=\"productEan__value\">4779035272060<\/span>      <\/td>\n<\/tr>\n<tr>\n<th>                <span class=\"row-header-label\">                                            Barva<span class=\"row-header-label-colon\">:<\/span>                                    <\/span>            <\/th>\n<td>                                                            Chrom                                                <\/td>\n<\/tr>\n<tr>\n<th>                <span class=\"row-header-label\">                                            Katalog<span class=\"row-header-label-colon\">:<\/span>                                    <\/span>            <\/th>\n<td>                                                            Olsen-Spa                                                <\/td>\n<\/tr>\n<tr>\n<th>                <span class=\"row-header-label\">                                            Materi\u00e1l<span class=\"row-header-label-colon\">:<\/span>                                    <\/span>            <\/th>\n<td>                                                            Mosaz                                                <\/td>\n<\/tr>\n<tr>\n<th>                <span class=\"row-header-label\">                                            Ovl\u00e1d\u00e1n\u00ed baterie<span class=\"row-header-label-colon\">:<\/span>                                    <\/span>            <\/th>\n<td>                                                            P\u00e1kov\u00e9                                                <\/td>\n<\/tr>\n<tr>\n<th>                <span class=\"row-header-label\">                                            Rozte\u010d baterie<span class=\"row-header-label-colon\">:<\/span>                                    <\/span>            <\/th>\n<td>                                                            15 cm                                                <\/td>\n<\/tr>\n<tr>\n<th>                <span class=\"row-header-label\">                                            S\u00e9rie<span class=\"row-header-label-colon\">:<\/span>                                    <\/span>            <\/th>\n<td>                                                            STATIC                                                <\/td>\n<\/tr>\n<tr>\n<th>                <span class=\"row-header-label\">                                            Skupina artiklu<span class=\"row-header-label-colon\">:<\/span>                                    <\/span>            <\/th>\n<td>                                                            S23BR                                                <\/td>\n<\/tr>\n<tr>\n<th>                <span class=\"row-header-label\">                                            Typ<span class=\"row-header-label-colon\">:<\/span>                                    <\/span>            <\/th>\n<td>                                                            Baterie bez p\u0159\u00edslu\u0161enstv\u00ed                                                <\/td>\n<\/tr>\n<tr>\n<th>                <span class=\"row-header-label\">                                            Typ p\u0159ipojen\u00ed<span class=\"row-header-label-colon\">:<\/span>                                    <\/span>            <\/th>\n<td>                                                            G 1\/2                                                <\/td>\n<\/tr>\n<tr>\n<th>                <span class=\"row-header-label\">                                            Um\u00edst\u011bn\u00ed baterie<span class=\"row-header-label-colon\">:<\/span>                                    <\/span>            <\/th>\n<td>                                                            N\u00e1st\u011bnn\u00e9                                                <\/td>\n<\/tr>\n<tr>\n<th>                <span class=\"row-header-label\">                                            Vyu\u017eit\u00ed baterie<span class=\"row-header-label-colon\">:<\/span>                                    <\/span>            <\/th>\n<td>                                                            Koupelnov\u00e9                                                <\/td>\n<\/tr>\n<tr>\n<th>                <span class=\"row-header-label\">                                            Z\u00e1ruka<span class=\"row-header-label-colon\">:<\/span>                                    <\/span>            <\/th>\n<td>                                                            5 let t\u011blo baterie                                                <\/td>\n<\/tr>\n<\/tbody>\n<\/table><\/div>\n<\/p><\/div>\n<\/p><\/div>\n","protected":false},"excerpt":{"rendered":"<p>Detailn\u00ed popis produktu POZOR &#8211; Sprchov\u00e9 a vanov\u00e9 baterie lze pou\u017e\u00edvat pouze s dodate\u010dnou instalac\u00ed d\u00edlu \u2013 zp\u011btn\u00e9 klapky, kter\u00e1 zabra\u0148uje zp\u011btn\u00e9mu nas\u00e1t\u00ed vody a t\u00edm zne\u010di\u0161t\u011bn\u00ed vodovodn\u00edho \u0159\u00e1du. S\u00e9rie STATIC\u00a0m\u00e1 tvar klasick\u00e9 v\u00e1lcov\u00e9 formy a\u00a0p\u0159id\u00e1v\u00e1 nov\u00e9 estetick\u00e9 ztv\u00e1rn\u011bn\u00ed obl\u00e9 ovl\u00e1dac\u00ed p\u00e1ky. S\u00a0touto s\u00e9ri\u00ed se k\u00a0V\u00e1m dost\u00e1v\u00e1\u00a0modern\u00ed\u00a0 jednoduch\u00fd styl\u00a0pro Va\u0161\u00ed dom\u00e1cnost.\u00a0V\u00a0nab\u00eddce t\u00e9to s\u00e9rie naleznete \u0161irokou [&hellip;]<\/p>\n","protected":false},"featured_media":19658,"template":"","meta":[],"product_brand":[],"product_cat":[75],"product_tag":[],"class_list":{"0":"post-19558","1":"product","2":"type-product","3":"status-publish","4":"has-post-thumbnail","6":"product_cat-vodovodni-baterie","8":"first","9":"instock","10":"sale","11":"shipping-taxable","12":"purchasable","13":"product-type-simple"},"yoast_head":"<!-- This site is optimized with the Yoast SEO plugin v26.8 - https:\/\/yoast.com\/product\/yoast-seo-wordpress\/ -->\n<title>Zlevn\u011bn\u00fd Vanov\u00e1 a sprchov\u00e1 baterie STATIC-10 - Koupelna &amp; N\u00e1\u0159ad\u00ed &amp; Osv\u011btlen\u00ed a Stavebn\u00ed pot\u0159by<\/title>\n<meta name=\"robots\" content=\"index, follow, max-snippet:-1, max-image-preview:large, max-video-preview:-1\" \/>\n<link rel=\"canonical\" href=\"https:\/\/www.domkraftpro.com\/index.php\/produkt\/zlevneny-vanova-a-sprchova-baterie-static-10-19558\/\" \/>\n<meta property=\"og:locale\" content=\"cs_CZ\" \/>\n<meta property=\"og:type\" content=\"article\" \/>\n<meta property=\"og:title\" content=\"Zlevn\u011bn\u00fd Vanov\u00e1 a sprchov\u00e1 baterie STATIC-10 - Koupelna &amp; N\u00e1\u0159ad\u00ed &amp; Osv\u011btlen\u00ed a Stavebn\u00ed pot\u0159by\" \/>\n<meta property=\"og:description\" content=\"Detailn\u00ed popis produktu POZOR &#8211; Sprchov\u00e9 a vanov\u00e9 baterie lze pou\u017e\u00edvat pouze s dodate\u010dnou instalac\u00ed d\u00edlu \u2013 zp\u011btn\u00e9 klapky, kter\u00e1 zabra\u0148uje zp\u011btn\u00e9mu nas\u00e1t\u00ed vody a t\u00edm zne\u010di\u0161t\u011bn\u00ed vodovodn\u00edho \u0159\u00e1du. S\u00e9rie STATIC\u00a0m\u00e1 tvar klasick\u00e9 v\u00e1lcov\u00e9 formy a\u00a0p\u0159id\u00e1v\u00e1 nov\u00e9 estetick\u00e9 ztv\u00e1rn\u011bn\u00ed obl\u00e9 ovl\u00e1dac\u00ed p\u00e1ky. S\u00a0touto s\u00e9ri\u00ed se k\u00a0V\u00e1m dost\u00e1v\u00e1\u00a0modern\u00ed\u00a0 jednoduch\u00fd styl\u00a0pro Va\u0161\u00ed dom\u00e1cnost.\u00a0V\u00a0nab\u00eddce t\u00e9to s\u00e9rie naleznete \u0161irokou [&hellip;]\" \/>\n<meta property=\"og:url\" content=\"https:\/\/www.domkraftpro.com\/index.php\/produkt\/zlevneny-vanova-a-sprchova-baterie-static-10-19558\/\" \/>\n<meta property=\"og:site_name\" content=\"Koupelna &amp; N\u00e1\u0159ad\u00ed &amp; Osv\u011btlen\u00ed a Stavebn\u00ed pot\u0159by\" \/>\n<meta property=\"og:image\" content=\"https:\/\/www.domkraftpro.com\/wp-content\/uploads\/2026\/SK0008377-CZ20260425-092556-0-1777080363-822180_vanova-a-sprchova-baterie-static-10.webp\" \/>\n\t<meta property=\"og:image:width\" content=\"1000\" \/>\n\t<meta property=\"og:image:height\" content=\"750\" \/>\n\t<meta property=\"og:image:type\" content=\"image\/webp\" \/>\n<meta name=\"twitter:card\" content=\"summary_large_image\" \/>\n<meta name=\"twitter:label1\" content=\"Odhadovan\u00e1 doba \u010dten\u00ed\" \/>\n\t<meta name=\"twitter:data1\" content=\"1 minuta\" \/>\n<script type=\"application\/ld+json\" class=\"yoast-schema-graph\">{\"@context\":\"https:\/\/schema.org\",\"@graph\":[{\"@type\":\"WebPage\",\"@id\":\"https:\/\/www.domkraftpro.com\/index.php\/produkt\/zlevneny-vanova-a-sprchova-baterie-static-10-19558\/\",\"url\":\"https:\/\/www.domkraftpro.com\/index.php\/produkt\/zlevneny-vanova-a-sprchova-baterie-static-10-19558\/\",\"name\":\"Zlevn\u011bn\u00fd Vanov\u00e1 a sprchov\u00e1 baterie STATIC-10 - Koupelna &amp; N\u00e1\u0159ad\u00ed &amp; Osv\u011btlen\u00ed a Stavebn\u00ed pot\u0159by\",\"isPartOf\":{\"@id\":\"https:\/\/www.domkraftpro.com\/#website\"},\"primaryImageOfPage\":{\"@id\":\"https:\/\/www.domkraftpro.com\/index.php\/produkt\/zlevneny-vanova-a-sprchova-baterie-static-10-19558\/#primaryimage\"},\"image\":{\"@id\":\"https:\/\/www.domkraftpro.com\/index.php\/produkt\/zlevneny-vanova-a-sprchova-baterie-static-10-19558\/#primaryimage\"},\"thumbnailUrl\":\"https:\/\/www.domkraftpro.com\/wp-content\/uploads\/2026\/SK0008377-CZ20260425-092556-0-1777080363-822180_vanova-a-sprchova-baterie-static-10.webp\",\"datePublished\":\"2026-04-27T04:41:12+00:00\",\"breadcrumb\":{\"@id\":\"https:\/\/www.domkraftpro.com\/index.php\/produkt\/zlevneny-vanova-a-sprchova-baterie-static-10-19558\/#breadcrumb\"},\"inLanguage\":\"cs\",\"potentialAction\":[{\"@type\":\"ReadAction\",\"target\":[\"https:\/\/www.domkraftpro.com\/index.php\/produkt\/zlevneny-vanova-a-sprchova-baterie-static-10-19558\/\"]}]},{\"@type\":\"ImageObject\",\"inLanguage\":\"cs\",\"@id\":\"https:\/\/www.domkraftpro.com\/index.php\/produkt\/zlevneny-vanova-a-sprchova-baterie-static-10-19558\/#primaryimage\",\"url\":\"https:\/\/www.domkraftpro.com\/wp-content\/uploads\/2026\/SK0008377-CZ20260425-092556-0-1777080363-822180_vanova-a-sprchova-baterie-static-10.webp\",\"contentUrl\":\"https:\/\/www.domkraftpro.com\/wp-content\/uploads\/2026\/SK0008377-CZ20260425-092556-0-1777080363-822180_vanova-a-sprchova-baterie-static-10.webp\",\"width\":1000,\"height\":750},{\"@type\":\"BreadcrumbList\",\"@id\":\"https:\/\/www.domkraftpro.com\/index.php\/produkt\/zlevneny-vanova-a-sprchova-baterie-static-10-19558\/#breadcrumb\",\"itemListElement\":[{\"@type\":\"ListItem\",\"position\":1,\"name\":\"Home\",\"item\":\"https:\/\/www.domkraftpro.com\/\"},{\"@type\":\"ListItem\",\"position\":2,\"name\":\"Products\",\"item\":\"https:\/\/www.domkraftpro.com\/products\/\"},{\"@type\":\"ListItem\",\"position\":3,\"name\":\"Zlevn\u011bn\u00fd Vanov\u00e1 a sprchov\u00e1 baterie STATIC-10\"}]},{\"@type\":\"WebSite\",\"@id\":\"https:\/\/www.domkraftpro.com\/#website\",\"url\":\"https:\/\/www.domkraftpro.com\/\",\"name\":\"Koupelna &amp; N\u00e1\u0159ad\u00ed &amp; Osv\u011btlen\u00ed a Stavebn\u00ed pot\u0159by\",\"description\":\"Koupelna &amp; N\u00e1\u0159ad\u00ed &amp; Osv\u011btlen\u00ed a Stavebn\u00ed pot\u0159by\",\"publisher\":{\"@id\":\"https:\/\/www.domkraftpro.com\/#organization\"},\"potentialAction\":[{\"@type\":\"SearchAction\",\"target\":{\"@type\":\"EntryPoint\",\"urlTemplate\":\"https:\/\/www.domkraftpro.com\/?s={search_term_string}\"},\"query-input\":{\"@type\":\"PropertyValueSpecification\",\"valueRequired\":true,\"valueName\":\"search_term_string\"}}],\"inLanguage\":\"cs\"},{\"@type\":\"Organization\",\"@id\":\"https:\/\/www.domkraftpro.com\/#organization\",\"name\":\"Koupelna &amp; N\u00e1\u0159ad\u00ed &amp; Osv\u011btlen\u00ed a Stavebn\u00ed pot\u0159by\",\"url\":\"https:\/\/www.domkraftpro.com\/\",\"logo\":{\"@type\":\"ImageObject\",\"inLanguage\":\"cs\",\"@id\":\"https:\/\/www.domkraftpro.com\/#\/schema\/logo\/image\/\",\"url\":\"https:\/\/www.domkraftpro.com\/wp-content\/uploads\/2026\/04\/domkraftpro_logo.svg\",\"contentUrl\":\"https:\/\/www.domkraftpro.com\/wp-content\/uploads\/2026\/04\/domkraftpro_logo.svg\",\"width\":760,\"height\":180,\"caption\":\"Koupelna &amp; N\u00e1\u0159ad\u00ed &amp; Osv\u011btlen\u00ed a Stavebn\u00ed pot\u0159by\"},\"image\":{\"@id\":\"https:\/\/www.domkraftpro.com\/#\/schema\/logo\/image\/\"}}]}<\/script>\n<!-- \/ Yoast SEO plugin. -->","yoast_head_json":{"title":"Zlevn\u011bn\u00fd Vanov\u00e1 a sprchov\u00e1 baterie STATIC-10 - Koupelna &amp; N\u00e1\u0159ad\u00ed &amp; Osv\u011btlen\u00ed a Stavebn\u00ed pot\u0159by","robots":{"index":"index","follow":"follow","max-snippet":"max-snippet:-1","max-image-preview":"max-image-preview:large","max-video-preview":"max-video-preview:-1"},"canonical":"https:\/\/www.domkraftpro.com\/index.php\/produkt\/zlevneny-vanova-a-sprchova-baterie-static-10-19558\/","og_locale":"cs_CZ","og_type":"article","og_title":"Zlevn\u011bn\u00fd Vanov\u00e1 a sprchov\u00e1 baterie STATIC-10 - Koupelna &amp; N\u00e1\u0159ad\u00ed &amp; Osv\u011btlen\u00ed a Stavebn\u00ed pot\u0159by","og_description":"Detailn\u00ed popis produktu POZOR &#8211; Sprchov\u00e9 a vanov\u00e9 baterie lze pou\u017e\u00edvat pouze s dodate\u010dnou instalac\u00ed d\u00edlu \u2013 zp\u011btn\u00e9 klapky, kter\u00e1 zabra\u0148uje zp\u011btn\u00e9mu nas\u00e1t\u00ed vody a t\u00edm zne\u010di\u0161t\u011bn\u00ed vodovodn\u00edho \u0159\u00e1du. S\u00e9rie STATIC\u00a0m\u00e1 tvar klasick\u00e9 v\u00e1lcov\u00e9 formy a\u00a0p\u0159id\u00e1v\u00e1 nov\u00e9 estetick\u00e9 ztv\u00e1rn\u011bn\u00ed obl\u00e9 ovl\u00e1dac\u00ed p\u00e1ky. S\u00a0touto s\u00e9ri\u00ed se k\u00a0V\u00e1m dost\u00e1v\u00e1\u00a0modern\u00ed\u00a0 jednoduch\u00fd styl\u00a0pro Va\u0161\u00ed dom\u00e1cnost.\u00a0V\u00a0nab\u00eddce t\u00e9to s\u00e9rie naleznete \u0161irokou [&hellip;]","og_url":"https:\/\/www.domkraftpro.com\/index.php\/produkt\/zlevneny-vanova-a-sprchova-baterie-static-10-19558\/","og_site_name":"Koupelna &amp; N\u00e1\u0159ad\u00ed &amp; Osv\u011btlen\u00ed a Stavebn\u00ed pot\u0159by","og_image":[{"width":1000,"height":750,"url":"https:\/\/www.domkraftpro.com\/wp-content\/uploads\/2026\/SK0008377-CZ20260425-092556-0-1777080363-822180_vanova-a-sprchova-baterie-static-10.webp","type":"image\/webp"}],"twitter_card":"summary_large_image","twitter_misc":{"Odhadovan\u00e1 doba \u010dten\u00ed":"1 minuta"},"schema":{"@context":"https:\/\/schema.org","@graph":[{"@type":"WebPage","@id":"https:\/\/www.domkraftpro.com\/index.php\/produkt\/zlevneny-vanova-a-sprchova-baterie-static-10-19558\/","url":"https:\/\/www.domkraftpro.com\/index.php\/produkt\/zlevneny-vanova-a-sprchova-baterie-static-10-19558\/","name":"Zlevn\u011bn\u00fd Vanov\u00e1 a sprchov\u00e1 baterie STATIC-10 - Koupelna &amp; N\u00e1\u0159ad\u00ed &amp; Osv\u011btlen\u00ed a Stavebn\u00ed pot\u0159by","isPartOf":{"@id":"https:\/\/www.domkraftpro.com\/#website"},"primaryImageOfPage":{"@id":"https:\/\/www.domkraftpro.com\/index.php\/produkt\/zlevneny-vanova-a-sprchova-baterie-static-10-19558\/#primaryimage"},"image":{"@id":"https:\/\/www.domkraftpro.com\/index.php\/produkt\/zlevneny-vanova-a-sprchova-baterie-static-10-19558\/#primaryimage"},"thumbnailUrl":"https:\/\/www.domkraftpro.com\/wp-content\/uploads\/2026\/SK0008377-CZ20260425-092556-0-1777080363-822180_vanova-a-sprchova-baterie-static-10.webp","datePublished":"2026-04-27T04:41:12+00:00","breadcrumb":{"@id":"https:\/\/www.domkraftpro.com\/index.php\/produkt\/zlevneny-vanova-a-sprchova-baterie-static-10-19558\/#breadcrumb"},"inLanguage":"cs","potentialAction":[{"@type":"ReadAction","target":["https:\/\/www.domkraftpro.com\/index.php\/produkt\/zlevneny-vanova-a-sprchova-baterie-static-10-19558\/"]}]},{"@type":"ImageObject","inLanguage":"cs","@id":"https:\/\/www.domkraftpro.com\/index.php\/produkt\/zlevneny-vanova-a-sprchova-baterie-static-10-19558\/#primaryimage","url":"https:\/\/www.domkraftpro.com\/wp-content\/uploads\/2026\/SK0008377-CZ20260425-092556-0-1777080363-822180_vanova-a-sprchova-baterie-static-10.webp","contentUrl":"https:\/\/www.domkraftpro.com\/wp-content\/uploads\/2026\/SK0008377-CZ20260425-092556-0-1777080363-822180_vanova-a-sprchova-baterie-static-10.webp","width":1000,"height":750},{"@type":"BreadcrumbList","@id":"https:\/\/www.domkraftpro.com\/index.php\/produkt\/zlevneny-vanova-a-sprchova-baterie-static-10-19558\/#breadcrumb","itemListElement":[{"@type":"ListItem","position":1,"name":"Home","item":"https:\/\/www.domkraftpro.com\/"},{"@type":"ListItem","position":2,"name":"Products","item":"https:\/\/www.domkraftpro.com\/products\/"},{"@type":"ListItem","position":3,"name":"Zlevn\u011bn\u00fd Vanov\u00e1 a sprchov\u00e1 baterie STATIC-10"}]},{"@type":"WebSite","@id":"https:\/\/www.domkraftpro.com\/#website","url":"https:\/\/www.domkraftpro.com\/","name":"Koupelna &amp; N\u00e1\u0159ad\u00ed &amp; Osv\u011btlen\u00ed a Stavebn\u00ed pot\u0159by","description":"Koupelna &amp; N\u00e1\u0159ad\u00ed &amp; Osv\u011btlen\u00ed a Stavebn\u00ed pot\u0159by","publisher":{"@id":"https:\/\/www.domkraftpro.com\/#organization"},"potentialAction":[{"@type":"SearchAction","target":{"@type":"EntryPoint","urlTemplate":"https:\/\/www.domkraftpro.com\/?s={search_term_string}"},"query-input":{"@type":"PropertyValueSpecification","valueRequired":true,"valueName":"search_term_string"}}],"inLanguage":"cs"},{"@type":"Organization","@id":"https:\/\/www.domkraftpro.com\/#organization","name":"Koupelna &amp; N\u00e1\u0159ad\u00ed &amp; Osv\u011btlen\u00ed a Stavebn\u00ed pot\u0159by","url":"https:\/\/www.domkraftpro.com\/","logo":{"@type":"ImageObject","inLanguage":"cs","@id":"https:\/\/www.domkraftpro.com\/#\/schema\/logo\/image\/","url":"https:\/\/www.domkraftpro.com\/wp-content\/uploads\/2026\/04\/domkraftpro_logo.svg","contentUrl":"https:\/\/www.domkraftpro.com\/wp-content\/uploads\/2026\/04\/domkraftpro_logo.svg","width":760,"height":180,"caption":"Koupelna &amp; N\u00e1\u0159ad\u00ed &amp; Osv\u011btlen\u00ed a Stavebn\u00ed pot\u0159by"},"image":{"@id":"https:\/\/www.domkraftpro.com\/#\/schema\/logo\/image\/"}}]}},"_links":{"self":[{"href":"https:\/\/www.domkraftpro.com\/wp-json\/wp\/v2\/product\/19558","targetHints":{"allow":["GET"]}}],"collection":[{"href":"https:\/\/www.domkraftpro.com\/wp-json\/wp\/v2\/product"}],"about":[{"href":"https:\/\/www.domkraftpro.com\/wp-json\/wp\/v2\/types\/product"}],"wp:featuredmedia":[{"embeddable":true,"href":"https:\/\/www.domkraftpro.com\/wp-json\/wp\/v2\/media\/19658"}],"wp:attachment":[{"href":"https:\/\/www.domkraftpro.com\/wp-json\/wp\/v2\/media?parent=19558"}],"wp:term":[{"taxonomy":"product_brand","embeddable":true,"href":"https:\/\/www.domkraftpro.com\/wp-json\/wp\/v2\/product_brand?post=19558"},{"taxonomy":"product_cat","embeddable":true,"href":"https:\/\/www.domkraftpro.com\/wp-json\/wp\/v2\/product_cat?post=19558"},{"taxonomy":"product_tag","embeddable":true,"href":"https:\/\/www.domkraftpro.com\/wp-json\/wp\/v2\/product_tag?post=19558"}],"curies":[{"name":"wp","href":"https:\/\/api.w.org\/{rel}","templated":true}]}}