{"id":19339,"date":"2026-04-27T04:41:11","date_gmt":"2026-04-27T04:41:11","guid":{"rendered":""},"modified":"2026-04-27T04:41:11","modified_gmt":"2026-04-27T04:41:11","slug":"posledni-sance-drezova-baterie-prince-p-14-star-19339","status":"publish","type":"product","link":"https:\/\/www.domkraftpro.com\/index.php\/produkt\/posledni-sance-drezova-baterie-prince-p-14-star-19339\/","title":{"rendered":"Posledn\u00ed \u0160ance D\u0159ezov\u00e1 baterie PRINCE P-14 STAR"},"content":{"rendered":"<div class=\"basic-description\">\n<h3>Detailn\u00ed popis produktu<\/h3>\n<p>                                    <html><body><\/p>\n<p><strong>D\u0159ezov\u00e1 n\u00e1st\u011bnn\u00e1\u00a0vodovodn\u00ed baterie PRINCE P-14 STAR\u00a0<\/strong>vynik\u00e1 vysoce kvalitn\u00edm zpracov\u00e1n\u00edm a spolehlivou funk\u010dnost\u00ed v\u0161ech sou\u010d\u00e1st\u00ed a materi\u00e1l\u016f.\u00a0<\/p>\n<p><strong>P\u0159ednosti d<strong>\u0159ezov\u00e9 n\u00e1st\u011bnn\u00e9 vodovodn\u00ed baterie PRINCE P-14\u00a0STAR<\/strong><\/strong><\/p>\n<ul>\n<li><strong><strong>d\u0159ezov\u00e1 n\u00e1st\u011bnn\u00e1<\/strong>\u00a0<\/strong>baterie\u00a0(bez p\u0159\u00edslu\u0161enstv\u00ed)<\/li>\n<li><strong>klasicky elegantn\u00ed\u00a0<\/strong>design<\/li>\n<li><strong>rovn\u00e9<\/strong>\u00a0v\u00fdtokov\u00e9 rameno<\/li>\n<li>dlouh\u00e1 \u017eivotnost<strong>\u00a0keramick\u00e9 kartu\u0161e 4 cm<\/strong><\/li>\n<li><strong>\u0161irok\u00e1 paleta barev<\/strong>\u00a0bateri\u00ed<\/li>\n<li><strong>rozte\u010d<\/strong> baterie 15 cm<\/li>\n<li><strong>prov\u011b\u0159en\u00e1<\/strong>\u00a0technologie<\/li>\n<li>v\u0161e testov\u00e1no se\u00a0<strong>100% \u00fasp\u011b\u0161nost\u00ed<\/strong><\/li>\n<li>v\u0161echny d\u00edly odpov\u00eddaj\u00ed p\u0159edpis\u016fm<strong>\u00a0EN817<\/strong><\/li>\n<\/ul>\n<ul>\n<li><strong>Z\u00c1RUKA 5 let<\/strong><\/li>\n<\/ul>\n<p><\/body><\/html>                            <\/div>\n<div class=\"extended-description\">\n<h3>Dopl\u0148kov\u00e9 parametry<\/h3>\n<table class=\"detail-parameters\">\n<tbody>\n<tr>\n<th>        <span class=\"row-header-label\">            Kategorie<span class=\"row-header-label-colon\">:<\/span>        <\/span>    <\/th>\n<td>            <\/td>\n<\/tr>\n<tr>\n<th>            <span class=\"row-header-label\">                Z\u00e1ruka<span class=\"row-header-label-colon\">:<\/span>            <\/span>        <\/th>\n<td>            5 let t\u011blo baterie        <\/td>\n<\/tr>\n<tr>\n<th>            <span class=\"row-header-label\">                Hmotnost<span class=\"row-header-label-colon\">:<\/span>            <\/span>        <\/th>\n<td>            1.3 kg        <\/td>\n<\/tr>\n<tr class=\"productEan\">\n<th>          <span class=\"row-header-label productEan__label\">              EAN<span class=\"row-header-label-colon\">:<\/span>          <\/span>      <\/th>\n<td>          <span class=\"productEan__value\">4779028801277<\/span>      <\/td>\n<\/tr>\n<tr>\n<th>                <span class=\"row-header-label\">                                            Barva<span class=\"row-header-label-colon\">:<\/span>                                    <\/span>            <\/th>\n<td>                                                            Chrom                                                <\/td>\n<\/tr>\n<tr>\n<th>                <span class=\"row-header-label\">                                            Katalog<span class=\"row-header-label-colon\">:<\/span>                                    <\/span>            <\/th>\n<td>                                                            Olsen-Spa                                                <\/td>\n<\/tr>\n<tr>\n<th>                <span class=\"row-header-label\">                                            Materi\u00e1l<span class=\"row-header-label-colon\">:<\/span>                                    <\/span>            <\/th>\n<td>                                                            Mosaz                                                <\/td>\n<\/tr>\n<tr>\n<th>                <span class=\"row-header-label\">                                            Ovl\u00e1d\u00e1n\u00ed baterie<span class=\"row-header-label-colon\">:<\/span>                                    <\/span>            <\/th>\n<td>                                                            P\u00e1kov\u00e9                                                <\/td>\n<\/tr>\n<tr>\n<th>                <span class=\"row-header-label\">                                            S\u00e9rie<span class=\"row-header-label-colon\">:<\/span>                                    <\/span>            <\/th>\n<td>                                                            PRINCE                                                <\/td>\n<\/tr>\n<tr>\n<th>                <span class=\"row-header-label\">                                            Skupina artiklu<span class=\"row-header-label-colon\">:<\/span>                                    <\/span>            <\/th>\n<td>                                                            S23BR                                                <\/td>\n<\/tr>\n<tr>\n<th>                <span class=\"row-header-label\">                                            Typ<span class=\"row-header-label-colon\">:<\/span>                                    <\/span>            <\/th>\n<td>                                                            D\u0159ezov\u00e1 baterie                                                <\/td>\n<\/tr>\n<tr>\n<th>                <span class=\"row-header-label\">                                            Um\u00edst\u011bn\u00ed baterie<span class=\"row-header-label-colon\">:<\/span>                                    <\/span>            <\/th>\n<td>                                                            N\u00e1st\u011bnn\u00e9                                                <\/td>\n<\/tr>\n<tr>\n<th>                <span class=\"row-header-label\">                                            Vyu\u017eit\u00ed baterie<span class=\"row-header-label-colon\">:<\/span>                                    <\/span>            <\/th>\n<td>                                                            Kuchy\u0148sk\u00e9                                                <\/td>\n<\/tr>\n<tr>\n<th>                <span class=\"row-header-label\">                                            Z\u00e1ruka<span class=\"row-header-label-colon\">:<\/span>                                    <\/span>            <\/th>\n<td>                                                            5 let t\u011blo baterie                                                <\/td>\n<\/tr>\n<\/tbody>\n<\/table><\/div>\n<\/p><\/div>\n<\/p><\/div>\n","protected":false},"excerpt":{"rendered":"<p>Detailn\u00ed popis produktu D\u0159ezov\u00e1 n\u00e1st\u011bnn\u00e1\u00a0vodovodn\u00ed baterie PRINCE P-14 STAR\u00a0vynik\u00e1 vysoce kvalitn\u00edm zpracov\u00e1n\u00edm a spolehlivou funk\u010dnost\u00ed v\u0161ech sou\u010d\u00e1st\u00ed a materi\u00e1l\u016f.\u00a0 P\u0159ednosti d\u0159ezov\u00e9 n\u00e1st\u011bnn\u00e9 vodovodn\u00ed baterie PRINCE P-14\u00a0STAR d\u0159ezov\u00e1 n\u00e1st\u011bnn\u00e1\u00a0baterie\u00a0(bez p\u0159\u00edslu\u0161enstv\u00ed) klasicky elegantn\u00ed\u00a0design rovn\u00e9\u00a0v\u00fdtokov\u00e9 rameno dlouh\u00e1 \u017eivotnost\u00a0keramick\u00e9 kartu\u0161e 4 cm \u0161irok\u00e1 paleta barev\u00a0bateri\u00ed rozte\u010d baterie 15 cm prov\u011b\u0159en\u00e1\u00a0technologie v\u0161e testov\u00e1no se\u00a0100% \u00fasp\u011b\u0161nost\u00ed v\u0161echny d\u00edly odpov\u00eddaj\u00ed p\u0159edpis\u016fm\u00a0EN817 Z\u00c1RUKA [&hellip;]<\/p>\n","protected":false},"featured_media":19439,"comment_status":"open","ping_status":"open","template":"","meta":[],"product_brand":[],"product_cat":[75],"product_tag":[],"class_list":{"0":"post-19339","1":"product","2":"type-product","3":"status-publish","4":"has-post-thumbnail","6":"product_cat-vodovodni-baterie","8":"first","9":"instock","10":"sale","11":"shipping-taxable","12":"purchasable","13":"product-type-simple"},"yoast_head":"<!-- This site is optimized with the Yoast SEO plugin v26.8 - https:\/\/yoast.com\/product\/yoast-seo-wordpress\/ -->\n<title>Posledn\u00ed \u0160ance D\u0159ezov\u00e1 baterie PRINCE P-14 STAR -<\/title>\n<meta name=\"robots\" content=\"index, follow, max-snippet:-1, max-image-preview:large, max-video-preview:-1\" \/>\n<link rel=\"canonical\" href=\"https:\/\/www.domkraftpro.com\/index.php\/produkt\/posledni-sance-drezova-baterie-prince-p-14-star-19339\/\" \/>\n<meta property=\"og:locale\" content=\"cs_CZ\" \/>\n<meta property=\"og:type\" content=\"article\" \/>\n<meta property=\"og:title\" content=\"Posledn\u00ed \u0160ance D\u0159ezov\u00e1 baterie PRINCE P-14 STAR -\" \/>\n<meta property=\"og:description\" content=\"Detailn\u00ed popis produktu D\u0159ezov\u00e1 n\u00e1st\u011bnn\u00e1\u00a0vodovodn\u00ed baterie PRINCE P-14 STAR\u00a0vynik\u00e1 vysoce kvalitn\u00edm zpracov\u00e1n\u00edm a spolehlivou funk\u010dnost\u00ed v\u0161ech sou\u010d\u00e1st\u00ed a materi\u00e1l\u016f.\u00a0 P\u0159ednosti d\u0159ezov\u00e9 n\u00e1st\u011bnn\u00e9 vodovodn\u00ed baterie PRINCE P-14\u00a0STAR d\u0159ezov\u00e1 n\u00e1st\u011bnn\u00e1\u00a0baterie\u00a0(bez p\u0159\u00edslu\u0161enstv\u00ed) klasicky elegantn\u00ed\u00a0design rovn\u00e9\u00a0v\u00fdtokov\u00e9 rameno dlouh\u00e1 \u017eivotnost\u00a0keramick\u00e9 kartu\u0161e 4 cm \u0161irok\u00e1 paleta barev\u00a0bateri\u00ed rozte\u010d baterie 15 cm prov\u011b\u0159en\u00e1\u00a0technologie v\u0161e testov\u00e1no se\u00a0100% \u00fasp\u011b\u0161nost\u00ed v\u0161echny d\u00edly odpov\u00eddaj\u00ed p\u0159edpis\u016fm\u00a0EN817 Z\u00c1RUKA [&hellip;]\" \/>\n<meta property=\"og:url\" content=\"https:\/\/www.domkraftpro.com\/index.php\/produkt\/posledni-sance-drezova-baterie-prince-p-14-star-19339\/\" \/>\n<meta property=\"og:image\" content=\"https:\/\/www.domkraftpro.com\/wp-content\/uploads\/2026\/SK0008258-CZ20260425-092556-0-1777080363-821655_drezova-baterie-prince-p-14-star.webp\" \/>\n\t<meta property=\"og:image:width\" content=\"1000\" \/>\n\t<meta property=\"og:image:height\" content=\"750\" \/>\n\t<meta property=\"og:image:type\" content=\"image\/webp\" \/>\n<meta name=\"twitter:card\" content=\"summary_large_image\" \/>\n<meta name=\"twitter:label1\" content=\"Odhadovan\u00e1 doba \u010dten\u00ed\" \/>\n\t<meta name=\"twitter:data1\" content=\"1 minuta\" \/>\n<script type=\"application\/ld+json\" class=\"yoast-schema-graph\">{\"@context\":\"https:\/\/schema.org\",\"@graph\":[{\"@type\":\"WebPage\",\"@id\":\"https:\/\/www.domkraftpro.com\/index.php\/produkt\/posledni-sance-drezova-baterie-prince-p-14-star-19339\/\",\"url\":\"https:\/\/www.domkraftpro.com\/index.php\/produkt\/posledni-sance-drezova-baterie-prince-p-14-star-19339\/\",\"name\":\"Posledn\u00ed \u0160ance D\u0159ezov\u00e1 baterie PRINCE P-14 STAR -\",\"isPartOf\":{\"@id\":\"https:\/\/www.domkraftpro.com\/#website\"},\"primaryImageOfPage\":{\"@id\":\"https:\/\/www.domkraftpro.com\/index.php\/produkt\/posledni-sance-drezova-baterie-prince-p-14-star-19339\/#primaryimage\"},\"image\":{\"@id\":\"https:\/\/www.domkraftpro.com\/index.php\/produkt\/posledni-sance-drezova-baterie-prince-p-14-star-19339\/#primaryimage\"},\"thumbnailUrl\":\"https:\/\/www.domkraftpro.com\/wp-content\/uploads\/2026\/SK0008258-CZ20260425-092556-0-1777080363-821655_drezova-baterie-prince-p-14-star.webp\",\"datePublished\":\"2026-04-27T04:41:11+00:00\",\"breadcrumb\":{\"@id\":\"https:\/\/www.domkraftpro.com\/index.php\/produkt\/posledni-sance-drezova-baterie-prince-p-14-star-19339\/#breadcrumb\"},\"inLanguage\":\"cs\",\"potentialAction\":[{\"@type\":\"ReadAction\",\"target\":[\"https:\/\/www.domkraftpro.com\/index.php\/produkt\/posledni-sance-drezova-baterie-prince-p-14-star-19339\/\"]}]},{\"@type\":\"ImageObject\",\"inLanguage\":\"cs\",\"@id\":\"https:\/\/www.domkraftpro.com\/index.php\/produkt\/posledni-sance-drezova-baterie-prince-p-14-star-19339\/#primaryimage\",\"url\":\"https:\/\/www.domkraftpro.com\/wp-content\/uploads\/2026\/SK0008258-CZ20260425-092556-0-1777080363-821655_drezova-baterie-prince-p-14-star.webp\",\"contentUrl\":\"https:\/\/www.domkraftpro.com\/wp-content\/uploads\/2026\/SK0008258-CZ20260425-092556-0-1777080363-821655_drezova-baterie-prince-p-14-star.webp\",\"width\":1000,\"height\":750},{\"@type\":\"BreadcrumbList\",\"@id\":\"https:\/\/www.domkraftpro.com\/index.php\/produkt\/posledni-sance-drezova-baterie-prince-p-14-star-19339\/#breadcrumb\",\"itemListElement\":[{\"@type\":\"ListItem\",\"position\":1,\"name\":\"Home\",\"item\":\"https:\/\/www.domkraftpro.com\/\"},{\"@type\":\"ListItem\",\"position\":2,\"name\":\"Products\",\"item\":\"https:\/\/www.domkraftpro.com\/index.php\/products\/\"},{\"@type\":\"ListItem\",\"position\":3,\"name\":\"Posledn\u00ed \u0160ance D\u0159ezov\u00e1 baterie PRINCE P-14 STAR\"}]},{\"@type\":\"WebSite\",\"@id\":\"https:\/\/www.domkraftpro.com\/#website\",\"url\":\"https:\/\/www.domkraftpro.com\/\",\"name\":\"\",\"description\":\"\",\"potentialAction\":[{\"@type\":\"SearchAction\",\"target\":{\"@type\":\"EntryPoint\",\"urlTemplate\":\"https:\/\/www.domkraftpro.com\/?s={search_term_string}\"},\"query-input\":{\"@type\":\"PropertyValueSpecification\",\"valueRequired\":true,\"valueName\":\"search_term_string\"}}],\"inLanguage\":\"cs\"}]}<\/script>\n<!-- \/ Yoast SEO plugin. -->","yoast_head_json":{"title":"Posledn\u00ed \u0160ance D\u0159ezov\u00e1 baterie PRINCE P-14 STAR -","robots":{"index":"index","follow":"follow","max-snippet":"max-snippet:-1","max-image-preview":"max-image-preview:large","max-video-preview":"max-video-preview:-1"},"canonical":"https:\/\/www.domkraftpro.com\/index.php\/produkt\/posledni-sance-drezova-baterie-prince-p-14-star-19339\/","og_locale":"cs_CZ","og_type":"article","og_title":"Posledn\u00ed \u0160ance D\u0159ezov\u00e1 baterie PRINCE P-14 STAR -","og_description":"Detailn\u00ed popis produktu D\u0159ezov\u00e1 n\u00e1st\u011bnn\u00e1\u00a0vodovodn\u00ed baterie PRINCE P-14 STAR\u00a0vynik\u00e1 vysoce kvalitn\u00edm zpracov\u00e1n\u00edm a spolehlivou funk\u010dnost\u00ed v\u0161ech sou\u010d\u00e1st\u00ed a materi\u00e1l\u016f.\u00a0 P\u0159ednosti d\u0159ezov\u00e9 n\u00e1st\u011bnn\u00e9 vodovodn\u00ed baterie PRINCE P-14\u00a0STAR d\u0159ezov\u00e1 n\u00e1st\u011bnn\u00e1\u00a0baterie\u00a0(bez p\u0159\u00edslu\u0161enstv\u00ed) klasicky elegantn\u00ed\u00a0design rovn\u00e9\u00a0v\u00fdtokov\u00e9 rameno dlouh\u00e1 \u017eivotnost\u00a0keramick\u00e9 kartu\u0161e 4 cm \u0161irok\u00e1 paleta barev\u00a0bateri\u00ed rozte\u010d baterie 15 cm prov\u011b\u0159en\u00e1\u00a0technologie v\u0161e testov\u00e1no se\u00a0100% \u00fasp\u011b\u0161nost\u00ed v\u0161echny d\u00edly odpov\u00eddaj\u00ed p\u0159edpis\u016fm\u00a0EN817 Z\u00c1RUKA [&hellip;]","og_url":"https:\/\/www.domkraftpro.com\/index.php\/produkt\/posledni-sance-drezova-baterie-prince-p-14-star-19339\/","og_image":[{"width":1000,"height":750,"url":"https:\/\/www.domkraftpro.com\/wp-content\/uploads\/2026\/SK0008258-CZ20260425-092556-0-1777080363-821655_drezova-baterie-prince-p-14-star.webp","type":"image\/webp"}],"twitter_card":"summary_large_image","twitter_misc":{"Odhadovan\u00e1 doba \u010dten\u00ed":"1 minuta"},"schema":{"@context":"https:\/\/schema.org","@graph":[{"@type":"WebPage","@id":"https:\/\/www.domkraftpro.com\/index.php\/produkt\/posledni-sance-drezova-baterie-prince-p-14-star-19339\/","url":"https:\/\/www.domkraftpro.com\/index.php\/produkt\/posledni-sance-drezova-baterie-prince-p-14-star-19339\/","name":"Posledn\u00ed \u0160ance D\u0159ezov\u00e1 baterie PRINCE P-14 STAR -","isPartOf":{"@id":"https:\/\/www.domkraftpro.com\/#website"},"primaryImageOfPage":{"@id":"https:\/\/www.domkraftpro.com\/index.php\/produkt\/posledni-sance-drezova-baterie-prince-p-14-star-19339\/#primaryimage"},"image":{"@id":"https:\/\/www.domkraftpro.com\/index.php\/produkt\/posledni-sance-drezova-baterie-prince-p-14-star-19339\/#primaryimage"},"thumbnailUrl":"https:\/\/www.domkraftpro.com\/wp-content\/uploads\/2026\/SK0008258-CZ20260425-092556-0-1777080363-821655_drezova-baterie-prince-p-14-star.webp","datePublished":"2026-04-27T04:41:11+00:00","breadcrumb":{"@id":"https:\/\/www.domkraftpro.com\/index.php\/produkt\/posledni-sance-drezova-baterie-prince-p-14-star-19339\/#breadcrumb"},"inLanguage":"cs","potentialAction":[{"@type":"ReadAction","target":["https:\/\/www.domkraftpro.com\/index.php\/produkt\/posledni-sance-drezova-baterie-prince-p-14-star-19339\/"]}]},{"@type":"ImageObject","inLanguage":"cs","@id":"https:\/\/www.domkraftpro.com\/index.php\/produkt\/posledni-sance-drezova-baterie-prince-p-14-star-19339\/#primaryimage","url":"https:\/\/www.domkraftpro.com\/wp-content\/uploads\/2026\/SK0008258-CZ20260425-092556-0-1777080363-821655_drezova-baterie-prince-p-14-star.webp","contentUrl":"https:\/\/www.domkraftpro.com\/wp-content\/uploads\/2026\/SK0008258-CZ20260425-092556-0-1777080363-821655_drezova-baterie-prince-p-14-star.webp","width":1000,"height":750},{"@type":"BreadcrumbList","@id":"https:\/\/www.domkraftpro.com\/index.php\/produkt\/posledni-sance-drezova-baterie-prince-p-14-star-19339\/#breadcrumb","itemListElement":[{"@type":"ListItem","position":1,"name":"Home","item":"https:\/\/www.domkraftpro.com\/"},{"@type":"ListItem","position":2,"name":"Products","item":"https:\/\/www.domkraftpro.com\/index.php\/products\/"},{"@type":"ListItem","position":3,"name":"Posledn\u00ed \u0160ance D\u0159ezov\u00e1 baterie PRINCE P-14 STAR"}]},{"@type":"WebSite","@id":"https:\/\/www.domkraftpro.com\/#website","url":"https:\/\/www.domkraftpro.com\/","name":"","description":"","potentialAction":[{"@type":"SearchAction","target":{"@type":"EntryPoint","urlTemplate":"https:\/\/www.domkraftpro.com\/?s={search_term_string}"},"query-input":{"@type":"PropertyValueSpecification","valueRequired":true,"valueName":"search_term_string"}}],"inLanguage":"cs"}]}},"_links":{"self":[{"href":"https:\/\/www.domkraftpro.com\/index.php\/wp-json\/wp\/v2\/product\/19339","targetHints":{"allow":["GET"]}}],"collection":[{"href":"https:\/\/www.domkraftpro.com\/index.php\/wp-json\/wp\/v2\/product"}],"about":[{"href":"https:\/\/www.domkraftpro.com\/index.php\/wp-json\/wp\/v2\/types\/product"}],"replies":[{"embeddable":true,"href":"https:\/\/www.domkraftpro.com\/index.php\/wp-json\/wp\/v2\/comments?post=19339"}],"wp:featuredmedia":[{"embeddable":true,"href":"https:\/\/www.domkraftpro.com\/index.php\/wp-json\/wp\/v2\/media\/19439"}],"wp:attachment":[{"href":"https:\/\/www.domkraftpro.com\/index.php\/wp-json\/wp\/v2\/media?parent=19339"}],"wp:term":[{"taxonomy":"product_brand","embeddable":true,"href":"https:\/\/www.domkraftpro.com\/index.php\/wp-json\/wp\/v2\/product_brand?post=19339"},{"taxonomy":"product_cat","embeddable":true,"href":"https:\/\/www.domkraftpro.com\/index.php\/wp-json\/wp\/v2\/product_cat?post=19339"},{"taxonomy":"product_tag","embeddable":true,"href":"https:\/\/www.domkraftpro.com\/index.php\/wp-json\/wp\/v2\/product_tag?post=19339"}],"curies":[{"name":"wp","href":"https:\/\/api.w.org\/{rel}","templated":true}]}}