{"id":19332,"date":"2026-04-27T04:41:11","date_gmt":"2026-04-27T04:41:11","guid":{"rendered":""},"modified":"2026-04-27T04:41:11","modified_gmt":"2026-04-27T04:41:11","slug":"sprchova-baterie-uno-12-nizka-cena-19332","status":"publish","type":"product","link":"https:\/\/www.domkraftpro.com\/index.php\/produkt\/sprchova-baterie-uno-12-nizka-cena-19332\/","title":{"rendered":"Sprchov\u00e1 baterie UNO-12 N\u00edzk\u00e1 Cena"},"content":{"rendered":"<div class=\"basic-description\">\n<h3>Detailn\u00ed popis produktu<\/h3>\n<p><strong><strong><strong>POZOR &#8211; Sprchov\u00e9 a vanov\u00e9 baterie lze pou\u017e\u00edvat pouze s dodate\u010dnou instalac\u00ed d\u00edlu \u2013 zp\u011btn\u00e9 klapky, kter\u00e1 zabra\u0148uje zp\u011btn\u00e9mu nas\u00e1t\u00ed vody a t\u00edm zne\u010di\u0161t\u011bn\u00ed vodovodn\u00edho \u0159\u00e1du.<\/strong><\/strong><\/strong><\/p>\n<p><strong>Sprchov\u00e1 n\u00e1st\u011bnn\u00e1 vodovodn\u00ed baterie UNO-12<\/strong>\u00a0vynik\u00e1 vysoce kvalitn\u00edm zpracov\u00e1n\u00edm a spolehlivou funk\u010dnost\u00ed v\u0161ech sou\u010d\u00e1st\u00ed a materi\u00e1l\u016f.\u00a0<\/p>\n<p><strong>Balen\u00ed baterie je bez p\u0159\u00edslu\u0161enstv\u00ed<\/strong>. V na\u0161\u00ed nab\u00eddce si v\u0161ak m\u016f\u017eete vybrat velk\u00e9 mno\u017estv\u00ed designov\u00fdch dopl\u0148k\u016f ke sprchov\u00fdm bateri\u00edm. Pod\u00edvejte se na modern\u00ed a \u00fasporn\u00e9\u00a0sprchov\u00e9 r\u016f\u017eice, praktick\u00e9\u00a0dr\u017e\u00e1ky\u00a0ru\u010dn\u00edch sprch a\u00a0hadice\u00a0ke sprchov\u00fdm bateri\u00edm pro V\u00e1\u0161 maxim\u00e1ln\u00ed komfort p\u0159i sprchov\u00e1n\u00ed.<strong>\u00a0\u00a0<\/strong><\/p>\n<p><strong>P\u0159ednosti s<strong>prchov\u00e9 n\u00e1st\u011bnn\u00e9 vodovodn\u00ed baterie UNO-12<\/strong><\/strong><\/p>\n<ul>\n<li><strong>sprchov\u00e1 n\u00e1st\u011bnn\u00e1<\/strong>\u00a0(bez p\u0159\u00edslu\u0161enstv\u00ed)<\/li>\n<li>vysoce kvalitn\u00ed<strong>\u00a0materi\u00e1ly\u00a0<\/strong><\/li>\n<li>dlouh\u00e1 \u017eivotnost\u00a0<strong>keramick\u00e9 kartu\u0161e 35 mm<\/strong><\/li>\n<li>rozte\u010d<strong>\u00a0150 mm<\/strong><\/li>\n<li>v\u0161e testov\u00e1no se\u00a0<strong>100% \u00fasp\u011b\u0161nost\u00ed<\/strong><\/li>\n<li>v\u0161echny d\u00edly odpov\u00eddaj\u00ed p\u0159edpis\u016fm<strong> EN817<\/strong><\/li>\n<\/ul>\n<p><strong>Z\u00c1RUKA 5 LET<\/strong><\/p>\n<\/p><\/div>\n<div class=\"extended-description\">\n<h3>Dopl\u0148kov\u00e9 parametry<\/h3>\n<table class=\"detail-parameters\">\n<tbody>\n<tr>\n<th>        <span class=\"row-header-label\">            Kategorie<span class=\"row-header-label-colon\">:<\/span>        <\/span>    <\/th>\n<td>            <\/td>\n<\/tr>\n<tr>\n<th>            <span class=\"row-header-label\">                Z\u00e1ruka<span class=\"row-header-label-colon\">:<\/span>            <\/span>        <\/th>\n<td>            5 let t\u011blo baterie        <\/td>\n<\/tr>\n<tr>\n<th>            <span class=\"row-header-label\">                Hmotnost<span class=\"row-header-label-colon\">:<\/span>            <\/span>        <\/th>\n<td>            1.2 kg        <\/td>\n<\/tr>\n<tr class=\"productEan\">\n<th>          <span class=\"row-header-label productEan__label\">              EAN<span class=\"row-header-label-colon\">:<\/span>          <\/span>      <\/th>\n<td>          <span class=\"productEan__value\">4779035273395<\/span>      <\/td>\n<\/tr>\n<tr>\n<th>                <span class=\"row-header-label\">                                            Barva<span class=\"row-header-label-colon\">:<\/span>                                    <\/span>            <\/th>\n<td>                                                            Chrom                                                <\/td>\n<\/tr>\n<tr>\n<th>                <span class=\"row-header-label\">                                            Katalog<span class=\"row-header-label-colon\">:<\/span>                                    <\/span>            <\/th>\n<td>                                                            Olsen-Spa                                                <\/td>\n<\/tr>\n<tr>\n<th>                <span class=\"row-header-label\">                                            Materi\u00e1l<span class=\"row-header-label-colon\">:<\/span>                                    <\/span>            <\/th>\n<td>                                                            Mosaz                                                <\/td>\n<\/tr>\n<tr>\n<th>                <span class=\"row-header-label\">                                            Ovl\u00e1d\u00e1n\u00ed baterie<span class=\"row-header-label-colon\">:<\/span>                                    <\/span>            <\/th>\n<td>                                                            P\u00e1kov\u00e9                                                <\/td>\n<\/tr>\n<tr>\n<th>                <span class=\"row-header-label\">                                            Rozte\u010d baterie<span class=\"row-header-label-colon\">:<\/span>                                    <\/span>            <\/th>\n<td>                                                            15 cm                                                <\/td>\n<\/tr>\n<tr>\n<th>                <span class=\"row-header-label\">                                            S\u00e9rie<span class=\"row-header-label-colon\">:<\/span>                                    <\/span>            <\/th>\n<td>                                                            UNO                                                <\/td>\n<\/tr>\n<tr>\n<th>                <span class=\"row-header-label\">                                            Skupina artiklu<span class=\"row-header-label-colon\">:<\/span>                                    <\/span>            <\/th>\n<td>                                                            S23BR                                                <\/td>\n<\/tr>\n<tr>\n<th>                <span class=\"row-header-label\">                                            Top Produkt<span class=\"row-header-label-colon\">:<\/span>                                    <\/span>            <\/th>\n<td>                                                            Ano                                                <\/td>\n<\/tr>\n<tr>\n<th>                <span class=\"row-header-label\">                                            Typ<span class=\"row-header-label-colon\">:<\/span>                                    <\/span>            <\/th>\n<td>                                                            Baterie bez p\u0159\u00edslu\u0161enstv\u00ed                                                <\/td>\n<\/tr>\n<tr>\n<th>                <span class=\"row-header-label\">                                            Typ p\u0159ipojen\u00ed<span class=\"row-header-label-colon\">:<\/span>                                    <\/span>            <\/th>\n<td>                                                            G 1\/2                                                <\/td>\n<\/tr>\n<tr>\n<th>                <span class=\"row-header-label\">                                            Um\u00edst\u011bn\u00ed baterie<span class=\"row-header-label-colon\">:<\/span>                                    <\/span>            <\/th>\n<td>                                                            N\u00e1st\u011bnn\u00e9                                                <\/td>\n<\/tr>\n<tr>\n<th>                <span class=\"row-header-label\">                                            Vyu\u017eit\u00ed baterie<span class=\"row-header-label-colon\">:<\/span>                                    <\/span>            <\/th>\n<td>                                                            Koupelnov\u00e9                                                <\/td>\n<\/tr>\n<tr>\n<th>                <span class=\"row-header-label\">                                            Z\u00e1ruka<span class=\"row-header-label-colon\">:<\/span>                                    <\/span>            <\/th>\n<td>                                                            5 let t\u011blo baterie                                                <\/td>\n<\/tr>\n<\/tbody>\n<\/table><\/div>\n<\/p><\/div>\n<\/p><\/div>\n","protected":false},"excerpt":{"rendered":"<p>Detailn\u00ed popis produktu POZOR &#8211; Sprchov\u00e9 a vanov\u00e9 baterie lze pou\u017e\u00edvat pouze s dodate\u010dnou instalac\u00ed d\u00edlu \u2013 zp\u011btn\u00e9 klapky, kter\u00e1 zabra\u0148uje zp\u011btn\u00e9mu nas\u00e1t\u00ed vody a t\u00edm zne\u010di\u0161t\u011bn\u00ed vodovodn\u00edho \u0159\u00e1du. Sprchov\u00e1 n\u00e1st\u011bnn\u00e1 vodovodn\u00ed baterie UNO-12\u00a0vynik\u00e1 vysoce kvalitn\u00edm zpracov\u00e1n\u00edm a spolehlivou funk\u010dnost\u00ed v\u0161ech sou\u010d\u00e1st\u00ed a materi\u00e1l\u016f.\u00a0 Balen\u00ed baterie je bez p\u0159\u00edslu\u0161enstv\u00ed. V na\u0161\u00ed nab\u00eddce si v\u0161ak m\u016f\u017eete [&hellip;]<\/p>\n","protected":false},"featured_media":19432,"comment_status":"open","ping_status":"open","template":"","meta":[],"product_brand":[],"product_cat":[75],"product_tag":[],"class_list":{"0":"post-19332","1":"product","2":"type-product","3":"status-publish","4":"has-post-thumbnail","6":"product_cat-vodovodni-baterie","8":"first","9":"instock","10":"sale","11":"shipping-taxable","12":"purchasable","13":"product-type-simple"},"yoast_head":"<!-- This site is optimized with the Yoast SEO plugin v26.8 - https:\/\/yoast.com\/product\/yoast-seo-wordpress\/ -->\n<title>Sprchov\u00e1 baterie UNO-12 N\u00edzk\u00e1 Cena -<\/title>\n<meta name=\"robots\" content=\"index, follow, max-snippet:-1, max-image-preview:large, max-video-preview:-1\" \/>\n<link rel=\"canonical\" href=\"https:\/\/www.domkraftpro.com\/index.php\/produkt\/sprchova-baterie-uno-12-nizka-cena-19332\/\" \/>\n<meta property=\"og:locale\" content=\"cs_CZ\" \/>\n<meta property=\"og:type\" content=\"article\" \/>\n<meta property=\"og:title\" content=\"Sprchov\u00e1 baterie UNO-12 N\u00edzk\u00e1 Cena -\" \/>\n<meta property=\"og:description\" content=\"Detailn\u00ed popis produktu POZOR &#8211; Sprchov\u00e9 a vanov\u00e9 baterie lze pou\u017e\u00edvat pouze s dodate\u010dnou instalac\u00ed d\u00edlu \u2013 zp\u011btn\u00e9 klapky, kter\u00e1 zabra\u0148uje zp\u011btn\u00e9mu nas\u00e1t\u00ed vody a t\u00edm zne\u010di\u0161t\u011bn\u00ed vodovodn\u00edho \u0159\u00e1du. Sprchov\u00e1 n\u00e1st\u011bnn\u00e1 vodovodn\u00ed baterie UNO-12\u00a0vynik\u00e1 vysoce kvalitn\u00edm zpracov\u00e1n\u00edm a spolehlivou funk\u010dnost\u00ed v\u0161ech sou\u010d\u00e1st\u00ed a materi\u00e1l\u016f.\u00a0 Balen\u00ed baterie je bez p\u0159\u00edslu\u0161enstv\u00ed. V na\u0161\u00ed nab\u00eddce si v\u0161ak m\u016f\u017eete [&hellip;]\" \/>\n<meta property=\"og:url\" content=\"https:\/\/www.domkraftpro.com\/index.php\/produkt\/sprchova-baterie-uno-12-nizka-cena-19332\/\" \/>\n<meta property=\"og:image\" content=\"https:\/\/www.domkraftpro.com\/wp-content\/uploads\/2026\/SK0008251-CZ20260425-092556-0-1777080363-821634_sprchova-baterie-uno-12.webp\" \/>\n\t<meta property=\"og:image:width\" content=\"1000\" \/>\n\t<meta property=\"og:image:height\" content=\"750\" \/>\n\t<meta property=\"og:image:type\" content=\"image\/webp\" \/>\n<meta name=\"twitter:card\" content=\"summary_large_image\" \/>\n<meta name=\"twitter:label1\" content=\"Odhadovan\u00e1 doba \u010dten\u00ed\" \/>\n\t<meta name=\"twitter:data1\" content=\"1 minuta\" \/>\n<script type=\"application\/ld+json\" class=\"yoast-schema-graph\">{\"@context\":\"https:\/\/schema.org\",\"@graph\":[{\"@type\":\"WebPage\",\"@id\":\"https:\/\/www.domkraftpro.com\/index.php\/produkt\/sprchova-baterie-uno-12-nizka-cena-19332\/\",\"url\":\"https:\/\/www.domkraftpro.com\/index.php\/produkt\/sprchova-baterie-uno-12-nizka-cena-19332\/\",\"name\":\"Sprchov\u00e1 baterie UNO-12 N\u00edzk\u00e1 Cena -\",\"isPartOf\":{\"@id\":\"https:\/\/www.domkraftpro.com\/#website\"},\"primaryImageOfPage\":{\"@id\":\"https:\/\/www.domkraftpro.com\/index.php\/produkt\/sprchova-baterie-uno-12-nizka-cena-19332\/#primaryimage\"},\"image\":{\"@id\":\"https:\/\/www.domkraftpro.com\/index.php\/produkt\/sprchova-baterie-uno-12-nizka-cena-19332\/#primaryimage\"},\"thumbnailUrl\":\"https:\/\/www.domkraftpro.com\/wp-content\/uploads\/2026\/SK0008251-CZ20260425-092556-0-1777080363-821634_sprchova-baterie-uno-12.webp\",\"datePublished\":\"2026-04-27T04:41:11+00:00\",\"breadcrumb\":{\"@id\":\"https:\/\/www.domkraftpro.com\/index.php\/produkt\/sprchova-baterie-uno-12-nizka-cena-19332\/#breadcrumb\"},\"inLanguage\":\"cs\",\"potentialAction\":[{\"@type\":\"ReadAction\",\"target\":[\"https:\/\/www.domkraftpro.com\/index.php\/produkt\/sprchova-baterie-uno-12-nizka-cena-19332\/\"]}]},{\"@type\":\"ImageObject\",\"inLanguage\":\"cs\",\"@id\":\"https:\/\/www.domkraftpro.com\/index.php\/produkt\/sprchova-baterie-uno-12-nizka-cena-19332\/#primaryimage\",\"url\":\"https:\/\/www.domkraftpro.com\/wp-content\/uploads\/2026\/SK0008251-CZ20260425-092556-0-1777080363-821634_sprchova-baterie-uno-12.webp\",\"contentUrl\":\"https:\/\/www.domkraftpro.com\/wp-content\/uploads\/2026\/SK0008251-CZ20260425-092556-0-1777080363-821634_sprchova-baterie-uno-12.webp\",\"width\":1000,\"height\":750},{\"@type\":\"BreadcrumbList\",\"@id\":\"https:\/\/www.domkraftpro.com\/index.php\/produkt\/sprchova-baterie-uno-12-nizka-cena-19332\/#breadcrumb\",\"itemListElement\":[{\"@type\":\"ListItem\",\"position\":1,\"name\":\"Home\",\"item\":\"https:\/\/www.domkraftpro.com\/\"},{\"@type\":\"ListItem\",\"position\":2,\"name\":\"Products\",\"item\":\"https:\/\/www.domkraftpro.com\/index.php\/products\/\"},{\"@type\":\"ListItem\",\"position\":3,\"name\":\"Sprchov\u00e1 baterie UNO-12 N\u00edzk\u00e1 Cena\"}]},{\"@type\":\"WebSite\",\"@id\":\"https:\/\/www.domkraftpro.com\/#website\",\"url\":\"https:\/\/www.domkraftpro.com\/\",\"name\":\"\",\"description\":\"\",\"potentialAction\":[{\"@type\":\"SearchAction\",\"target\":{\"@type\":\"EntryPoint\",\"urlTemplate\":\"https:\/\/www.domkraftpro.com\/?s={search_term_string}\"},\"query-input\":{\"@type\":\"PropertyValueSpecification\",\"valueRequired\":true,\"valueName\":\"search_term_string\"}}],\"inLanguage\":\"cs\"}]}<\/script>\n<!-- \/ Yoast SEO plugin. -->","yoast_head_json":{"title":"Sprchov\u00e1 baterie UNO-12 N\u00edzk\u00e1 Cena -","robots":{"index":"index","follow":"follow","max-snippet":"max-snippet:-1","max-image-preview":"max-image-preview:large","max-video-preview":"max-video-preview:-1"},"canonical":"https:\/\/www.domkraftpro.com\/index.php\/produkt\/sprchova-baterie-uno-12-nizka-cena-19332\/","og_locale":"cs_CZ","og_type":"article","og_title":"Sprchov\u00e1 baterie UNO-12 N\u00edzk\u00e1 Cena -","og_description":"Detailn\u00ed popis produktu POZOR &#8211; Sprchov\u00e9 a vanov\u00e9 baterie lze pou\u017e\u00edvat pouze s dodate\u010dnou instalac\u00ed d\u00edlu \u2013 zp\u011btn\u00e9 klapky, kter\u00e1 zabra\u0148uje zp\u011btn\u00e9mu nas\u00e1t\u00ed vody a t\u00edm zne\u010di\u0161t\u011bn\u00ed vodovodn\u00edho \u0159\u00e1du. Sprchov\u00e1 n\u00e1st\u011bnn\u00e1 vodovodn\u00ed baterie UNO-12\u00a0vynik\u00e1 vysoce kvalitn\u00edm zpracov\u00e1n\u00edm a spolehlivou funk\u010dnost\u00ed v\u0161ech sou\u010d\u00e1st\u00ed a materi\u00e1l\u016f.\u00a0 Balen\u00ed baterie je bez p\u0159\u00edslu\u0161enstv\u00ed. V na\u0161\u00ed nab\u00eddce si v\u0161ak m\u016f\u017eete [&hellip;]","og_url":"https:\/\/www.domkraftpro.com\/index.php\/produkt\/sprchova-baterie-uno-12-nizka-cena-19332\/","og_image":[{"width":1000,"height":750,"url":"https:\/\/www.domkraftpro.com\/wp-content\/uploads\/2026\/SK0008251-CZ20260425-092556-0-1777080363-821634_sprchova-baterie-uno-12.webp","type":"image\/webp"}],"twitter_card":"summary_large_image","twitter_misc":{"Odhadovan\u00e1 doba \u010dten\u00ed":"1 minuta"},"schema":{"@context":"https:\/\/schema.org","@graph":[{"@type":"WebPage","@id":"https:\/\/www.domkraftpro.com\/index.php\/produkt\/sprchova-baterie-uno-12-nizka-cena-19332\/","url":"https:\/\/www.domkraftpro.com\/index.php\/produkt\/sprchova-baterie-uno-12-nizka-cena-19332\/","name":"Sprchov\u00e1 baterie UNO-12 N\u00edzk\u00e1 Cena -","isPartOf":{"@id":"https:\/\/www.domkraftpro.com\/#website"},"primaryImageOfPage":{"@id":"https:\/\/www.domkraftpro.com\/index.php\/produkt\/sprchova-baterie-uno-12-nizka-cena-19332\/#primaryimage"},"image":{"@id":"https:\/\/www.domkraftpro.com\/index.php\/produkt\/sprchova-baterie-uno-12-nizka-cena-19332\/#primaryimage"},"thumbnailUrl":"https:\/\/www.domkraftpro.com\/wp-content\/uploads\/2026\/SK0008251-CZ20260425-092556-0-1777080363-821634_sprchova-baterie-uno-12.webp","datePublished":"2026-04-27T04:41:11+00:00","breadcrumb":{"@id":"https:\/\/www.domkraftpro.com\/index.php\/produkt\/sprchova-baterie-uno-12-nizka-cena-19332\/#breadcrumb"},"inLanguage":"cs","potentialAction":[{"@type":"ReadAction","target":["https:\/\/www.domkraftpro.com\/index.php\/produkt\/sprchova-baterie-uno-12-nizka-cena-19332\/"]}]},{"@type":"ImageObject","inLanguage":"cs","@id":"https:\/\/www.domkraftpro.com\/index.php\/produkt\/sprchova-baterie-uno-12-nizka-cena-19332\/#primaryimage","url":"https:\/\/www.domkraftpro.com\/wp-content\/uploads\/2026\/SK0008251-CZ20260425-092556-0-1777080363-821634_sprchova-baterie-uno-12.webp","contentUrl":"https:\/\/www.domkraftpro.com\/wp-content\/uploads\/2026\/SK0008251-CZ20260425-092556-0-1777080363-821634_sprchova-baterie-uno-12.webp","width":1000,"height":750},{"@type":"BreadcrumbList","@id":"https:\/\/www.domkraftpro.com\/index.php\/produkt\/sprchova-baterie-uno-12-nizka-cena-19332\/#breadcrumb","itemListElement":[{"@type":"ListItem","position":1,"name":"Home","item":"https:\/\/www.domkraftpro.com\/"},{"@type":"ListItem","position":2,"name":"Products","item":"https:\/\/www.domkraftpro.com\/index.php\/products\/"},{"@type":"ListItem","position":3,"name":"Sprchov\u00e1 baterie UNO-12 N\u00edzk\u00e1 Cena"}]},{"@type":"WebSite","@id":"https:\/\/www.domkraftpro.com\/#website","url":"https:\/\/www.domkraftpro.com\/","name":"","description":"","potentialAction":[{"@type":"SearchAction","target":{"@type":"EntryPoint","urlTemplate":"https:\/\/www.domkraftpro.com\/?s={search_term_string}"},"query-input":{"@type":"PropertyValueSpecification","valueRequired":true,"valueName":"search_term_string"}}],"inLanguage":"cs"}]}},"_links":{"self":[{"href":"https:\/\/www.domkraftpro.com\/index.php\/wp-json\/wp\/v2\/product\/19332","targetHints":{"allow":["GET"]}}],"collection":[{"href":"https:\/\/www.domkraftpro.com\/index.php\/wp-json\/wp\/v2\/product"}],"about":[{"href":"https:\/\/www.domkraftpro.com\/index.php\/wp-json\/wp\/v2\/types\/product"}],"replies":[{"embeddable":true,"href":"https:\/\/www.domkraftpro.com\/index.php\/wp-json\/wp\/v2\/comments?post=19332"}],"wp:featuredmedia":[{"embeddable":true,"href":"https:\/\/www.domkraftpro.com\/index.php\/wp-json\/wp\/v2\/media\/19432"}],"wp:attachment":[{"href":"https:\/\/www.domkraftpro.com\/index.php\/wp-json\/wp\/v2\/media?parent=19332"}],"wp:term":[{"taxonomy":"product_brand","embeddable":true,"href":"https:\/\/www.domkraftpro.com\/index.php\/wp-json\/wp\/v2\/product_brand?post=19332"},{"taxonomy":"product_cat","embeddable":true,"href":"https:\/\/www.domkraftpro.com\/index.php\/wp-json\/wp\/v2\/product_cat?post=19332"},{"taxonomy":"product_tag","embeddable":true,"href":"https:\/\/www.domkraftpro.com\/index.php\/wp-json\/wp\/v2\/product_tag?post=19332"}],"curies":[{"name":"wp","href":"https:\/\/api.w.org\/{rel}","templated":true}]}}