{"id":19294,"date":"2026-04-27T04:41:11","date_gmt":"2026-04-27T04:41:11","guid":{"rendered":""},"modified":"2026-04-27T04:41:11","modified_gmt":"2026-04-27T04:41:11","slug":"znackovy-pura-keramicke-umyvadlo-slim-62x46cm-bila-extraglaze-19294","status":"publish","type":"product","link":"https:\/\/www.domkraftpro.com\/index.php\/produkt\/znackovy-pura-keramicke-umyvadlo-slim-62x46cm-bila-extraglaze-19294\/","title":{"rendered":"Zna\u010dkov\u00fd PURA keramick\u00e9 umyvadlo Slim 62x46cm, b\u00edl\u00e1 ExtraGlaze"},"content":{"rendered":"<div class=\"basic-description\">\n<h3>Detailn\u00ed popis produktu<\/h3>\n<p style=\"text-align: justify;\">S\u00e9rie PURA se vyzna\u010duje racion\u00e1ln\u00edm designem a stylovou eleganc\u00ed. Konzervativn\u00ed tvary, kter\u00e9 obratn\u011b vyva\u017euj\u00ed rovn\u00e9 linie a m\u011bkk\u00e9 zaoblen\u00ed, jsou v\u00fdsledkem dlouh\u00e9ho procesu navrhov\u00e1n\u00ed a v\u00fdvoje. Nen\u00e1padn\u00e1 \u010distota lini\u00ed dod\u00e1v\u00e1 v\u00fdrobk\u016fm t\u00e9to \u0159ady eleganci a n\u00e1dech luxusu a kultivovanosti, kter\u00fd se hod\u00ed k jednoduch\u00e9mu, ale vkusn\u00e9mu stylu GSI.<\/p>\n<div class=\"product-explanation-item\">\n<h3><strong>Keramick\u00e1 glazura ExtraGlaze&reg; Antibacterial<\/strong><\/h3>\n<div style=\"float: left;\"><\/div>\n<p style=\"text-align: justify;\">Antibakteri\u00e1ln\u00ed glazura Extraglaze&reg; Antibacterial, je obohacen\u00e1 o ionty st\u0159\u00edbra a titanu. Aplikuje se na produkty ji\u017e b\u011bhem v\u00fdrobn\u00edho procesu p\u0159ed vyp\u00e1len\u00edm, \u010d\u00edm\u017e je zaru\u010den jej\u00ed trval\u00fd \u00fa\u010dinek. Extraglaze&reg; Antibacterial dod\u00e1v\u00e1 keramice dokonale hladk\u00fd povrch, vysok\u00fd lesk, antibakteri\u00e1ln\u00ed \u00fa\u010dinek a ochranu proti v\u00e1penn\u00fdm usazenin\u00e1m. Povrch Extraglaze&reg; Antibacterial je standardn\u011b aplikov\u00e1n na v\u0161echny v\u00fdrobky spole\u010dnosti GSI.<\/p>\n<div style=\"float: left; width: 30%; text-align: center;\">B\u011b\u017en\u00e1 glazura<\/div>\n<div style=\"float: left; width: 30%; text-align: center;\">Extraglaze&reg; Antibacterial<\/div>\n<div style=\"clear: both;\"><\/div>\n<\/div>\n<p><b>Video ke shl\u00e9dnut\u00ed<\/b><video width=\"640\" height=\"480\" controls><source src=\"https:\/\/ubc.k2.cz\/K2FTPdata\/UBC\/video\/produkt_ostatne\/gsi-extraglaze.mp4\" type=\"video\/mp4\">V\u00e1\u0161 prohl\u00ed\u017ee\u010d nepodporuje video tag.<\/video><b>Video ke shl\u00e9dnut\u00ed<\/b><video width=\"640\" height=\"480\" controls><source src=\"https:\/\/ubc.k2.cz\/K2FTPdata\/UBC\/video\/produkt_ostatne\/gsi-zatezovy-test-umyvadlo.mp4\" type=\"video\/mp4\">V\u00e1\u0161 prohl\u00ed\u017ee\u010d nepodporuje video tag.<\/video>                            <\/div>\n<div class=\"extended-description\">\n<h3>Dopl\u0148kov\u00e9 parametry<\/h3>\n<table class=\"detail-parameters\">\n<tbody>\n<tr>\n<th>        <span class=\"row-header-label\">            Kategorie<span class=\"row-header-label-colon\">:<\/span>        <\/span>    <\/th>\n<td>            <\/td>\n<\/tr>\n<tr>\n<th>            <span class=\"row-header-label\">                Z\u00e1ruka<span class=\"row-header-label-colon\">:<\/span>            <\/span>        <\/th>\n<td>            24        <\/td>\n<\/tr>\n<tr>\n<th>            <span class=\"row-header-label\">                Hmotnost<span class=\"row-header-label-colon\">:<\/span>            <\/span>        <\/th>\n<td>            15.5 kg        <\/td>\n<\/tr>\n<tr class=\"productEan\">\n<th>          <span class=\"row-header-label productEan__label\">              EAN<span class=\"row-header-label-colon\">:<\/span>          <\/span>      <\/th>\n<td>          <span class=\"productEan__value\">8052015162640<\/span>      <\/td>\n<\/tr>\n<tr>\n<th>                <span class=\"row-header-label\">                                            3D model<span class=\"row-header-label-colon\">:<\/span>                                    <\/span>            <\/th>\n<td>                                                            ANO                                                <\/td>\n<\/tr>\n<tr>\n<th>                <span class=\"row-header-label\">                                            Balen\u00ed<span class=\"row-header-label-colon\">:<\/span>                                    <\/span>            <\/th>\n<td>                                                            1 ks                                                <\/td>\n<\/tr>\n<tr>\n<th>                <span class=\"row-header-label\">                                            Barva<span class=\"row-header-label-colon\">:<\/span>                                    <\/span>            <\/th>\n<td>                                                            B\u00edl\u00e1                                                <\/td>\n<\/tr>\n<tr>\n<th>                <span class=\"row-header-label\">                                            Dostupnost<span class=\"row-header-label-colon\">:<\/span>                                    <\/span>            <\/th>\n<td>                                                            Dod\u00e1n\u00ed do 8 t\u00fddn\u016f                                                <\/td>\n<\/tr>\n<tr>\n<th>                <span class=\"row-header-label\">                                            Hloubka<span class=\"row-header-label-colon\">:<\/span>                                    <\/span>            <\/th>\n<td>                                                            460 mm                                                <\/td>\n<\/tr>\n<tr>\n<th>                <span class=\"row-header-label\">                                            Instalace<span class=\"row-header-label-colon\">:<\/span>                                    <\/span>            <\/th>\n<td>                                                            N\u00e1st\u011bnn\u00e1-\u0161rouby                                                <\/td>\n<\/tr>\n<tr>\n<th>                <span class=\"row-header-label\">                                            Materi\u00e1l<span class=\"row-header-label-colon\">:<\/span>                                    <\/span>            <\/th>\n<td>                                                            Keramika                                                <\/td>\n<\/tr>\n<tr>\n<th>                <span class=\"row-header-label\">                                            Ostatn\u00ed<span class=\"row-header-label-colon\">:<\/span>                                    <\/span>            <\/th>\n<td>                                                            ExtraGlaze                                                <\/td>\n<\/tr>\n<tr>\n<th>                <span class=\"row-header-label\">                                            Otvor pro baterii<span class=\"row-header-label-colon\">:<\/span>                                    <\/span>            <\/th>\n<td>                                                            1 otvor                                                <\/td>\n<\/tr>\n<tr>\n<th>                <span class=\"row-header-label\">                                            P\u0159epad<span class=\"row-header-label-colon\">:<\/span>                                    <\/span>            <\/th>\n<td>                                                            Ano                                                <\/td>\n<\/tr>\n<tr>\n<th>                <span class=\"row-header-label\">                                            Rozm\u011br<span class=\"row-header-label-colon\">:<\/span>                                    <\/span>            <\/th>\n<td>                                                            62,6&#215;17,5&#215;46 cm                                                <\/td>\n<\/tr>\n<tr>\n<th>                <span class=\"row-header-label\">                                            \u0160\u00ed\u0159ka<span class=\"row-header-label-colon\">:<\/span>                                    <\/span>            <\/th>\n<td>                                                            626 mm                                                <\/td>\n<\/tr>\n<tr>\n<th>                <span class=\"row-header-label\">                                            Tvar<span class=\"row-header-label-colon\">:<\/span>                                    <\/span>            <\/th>\n<td>                                                            Obd\u00e9ln\u00edk                                                <\/td>\n<\/tr>\n<tr>\n<th>                <span class=\"row-header-label\">                                            Typ umyvadla<span class=\"row-header-label-colon\">:<\/span>                                    <\/span>            <\/th>\n<td>                                                            Klasick\u00e9 umyvadlo                                                <\/td>\n<\/tr>\n<tr>\n<th>                <span class=\"row-header-label\">                                            V\u00fd\u0161ka<span class=\"row-header-label-colon\">:<\/span>                                    <\/span>            <\/th>\n<td>                                                            175 mm                                                <\/td>\n<\/tr>\n<tr>\n<th>                <span class=\"row-header-label\">                                            Z\u00e1ruka<span class=\"row-header-label-colon\">:<\/span>                                    <\/span>            <\/th>\n<td>                                                            2 roky                                                <\/td>\n<\/tr>\n<\/tbody>\n<\/table><\/div>\n<\/p><\/div>\n<\/p><\/div>\n","protected":false},"excerpt":{"rendered":"<p>Detailn\u00ed popis produktu S\u00e9rie PURA se vyzna\u010duje racion\u00e1ln\u00edm designem a stylovou eleganc\u00ed. Konzervativn\u00ed tvary, kter\u00e9 obratn\u011b vyva\u017euj\u00ed rovn\u00e9 linie a m\u011bkk\u00e9 zaoblen\u00ed, jsou v\u00fdsledkem dlouh\u00e9ho procesu navrhov\u00e1n\u00ed a v\u00fdvoje. Nen\u00e1padn\u00e1 \u010distota lini\u00ed dod\u00e1v\u00e1 v\u00fdrobk\u016fm t\u00e9to \u0159ady eleganci a n\u00e1dech luxusu a kultivovanosti, kter\u00fd se hod\u00ed k jednoduch\u00e9mu, ale vkusn\u00e9mu stylu GSI. Keramick\u00e1 glazura ExtraGlaze&reg; Antibacterial [&hellip;]<\/p>\n","protected":false},"featured_media":19394,"comment_status":"open","ping_status":"open","template":"","meta":[],"product_brand":[],"product_cat":[69],"product_tag":[],"class_list":{"0":"post-19294","1":"product","2":"type-product","3":"status-publish","4":"has-post-thumbnail","6":"product_cat-umyvadla","8":"first","9":"instock","10":"sale","11":"shipping-taxable","12":"purchasable","13":"product-type-simple"},"yoast_head":"<!-- This site is optimized with the Yoast SEO plugin v26.8 - https:\/\/yoast.com\/product\/yoast-seo-wordpress\/ -->\n<title>Zna\u010dkov\u00fd PURA keramick\u00e9 umyvadlo Slim 62x46cm, b\u00edl\u00e1 ExtraGlaze -<\/title>\n<meta name=\"robots\" content=\"index, follow, max-snippet:-1, max-image-preview:large, max-video-preview:-1\" \/>\n<link rel=\"canonical\" href=\"https:\/\/www.domkraftpro.com\/index.php\/produkt\/znackovy-pura-keramicke-umyvadlo-slim-62x46cm-bila-extraglaze-19294\/\" \/>\n<meta property=\"og:locale\" content=\"cs_CZ\" \/>\n<meta property=\"og:type\" content=\"article\" \/>\n<meta property=\"og:title\" content=\"Zna\u010dkov\u00fd PURA keramick\u00e9 umyvadlo Slim 62x46cm, b\u00edl\u00e1 ExtraGlaze -\" \/>\n<meta property=\"og:description\" content=\"Detailn\u00ed popis produktu S\u00e9rie PURA se vyzna\u010duje racion\u00e1ln\u00edm designem a stylovou eleganc\u00ed. Konzervativn\u00ed tvary, kter\u00e9 obratn\u011b vyva\u017euj\u00ed rovn\u00e9 linie a m\u011bkk\u00e9 zaoblen\u00ed, jsou v\u00fdsledkem dlouh\u00e9ho procesu navrhov\u00e1n\u00ed a v\u00fdvoje. Nen\u00e1padn\u00e1 \u010distota lini\u00ed dod\u00e1v\u00e1 v\u00fdrobk\u016fm t\u00e9to \u0159ady eleganci a n\u00e1dech luxusu a kultivovanosti, kter\u00fd se hod\u00ed k jednoduch\u00e9mu, ale vkusn\u00e9mu stylu GSI. Keramick\u00e1 glazura ExtraGlaze&reg; Antibacterial [&hellip;]\" \/>\n<meta property=\"og:url\" content=\"https:\/\/www.domkraftpro.com\/index.php\/produkt\/znackovy-pura-keramicke-umyvadlo-slim-62x46cm-bila-extraglaze-19294\/\" \/>\n<meta property=\"og:image\" content=\"https:\/\/www.domkraftpro.com\/wp-content\/uploads\/2026\/SK0008213-CZ20260425-092556-0-1777080363-811386-3_pura-keramicke-umyvadlo-slim-62x46cm--bila-extragl.webp\" \/>\n\t<meta property=\"og:image:width\" content=\"1000\" \/>\n\t<meta property=\"og:image:height\" content=\"750\" \/>\n\t<meta property=\"og:image:type\" content=\"image\/webp\" \/>\n<meta name=\"twitter:card\" content=\"summary_large_image\" \/>\n<meta name=\"twitter:label1\" content=\"Odhadovan\u00e1 doba \u010dten\u00ed\" \/>\n\t<meta name=\"twitter:data1\" content=\"1 minuta\" \/>\n<script type=\"application\/ld+json\" class=\"yoast-schema-graph\">{\"@context\":\"https:\/\/schema.org\",\"@graph\":[{\"@type\":\"WebPage\",\"@id\":\"https:\/\/www.domkraftpro.com\/index.php\/produkt\/znackovy-pura-keramicke-umyvadlo-slim-62x46cm-bila-extraglaze-19294\/\",\"url\":\"https:\/\/www.domkraftpro.com\/index.php\/produkt\/znackovy-pura-keramicke-umyvadlo-slim-62x46cm-bila-extraglaze-19294\/\",\"name\":\"Zna\u010dkov\u00fd PURA keramick\u00e9 umyvadlo Slim 62x46cm, b\u00edl\u00e1 ExtraGlaze -\",\"isPartOf\":{\"@id\":\"https:\/\/www.domkraftpro.com\/#website\"},\"primaryImageOfPage\":{\"@id\":\"https:\/\/www.domkraftpro.com\/index.php\/produkt\/znackovy-pura-keramicke-umyvadlo-slim-62x46cm-bila-extraglaze-19294\/#primaryimage\"},\"image\":{\"@id\":\"https:\/\/www.domkraftpro.com\/index.php\/produkt\/znackovy-pura-keramicke-umyvadlo-slim-62x46cm-bila-extraglaze-19294\/#primaryimage\"},\"thumbnailUrl\":\"https:\/\/www.domkraftpro.com\/wp-content\/uploads\/2026\/SK0008213-CZ20260425-092556-0-1777080363-811386-3_pura-keramicke-umyvadlo-slim-62x46cm--bila-extragl.webp\",\"datePublished\":\"2026-04-27T04:41:11+00:00\",\"breadcrumb\":{\"@id\":\"https:\/\/www.domkraftpro.com\/index.php\/produkt\/znackovy-pura-keramicke-umyvadlo-slim-62x46cm-bila-extraglaze-19294\/#breadcrumb\"},\"inLanguage\":\"cs\",\"potentialAction\":[{\"@type\":\"ReadAction\",\"target\":[\"https:\/\/www.domkraftpro.com\/index.php\/produkt\/znackovy-pura-keramicke-umyvadlo-slim-62x46cm-bila-extraglaze-19294\/\"]}]},{\"@type\":\"ImageObject\",\"inLanguage\":\"cs\",\"@id\":\"https:\/\/www.domkraftpro.com\/index.php\/produkt\/znackovy-pura-keramicke-umyvadlo-slim-62x46cm-bila-extraglaze-19294\/#primaryimage\",\"url\":\"https:\/\/www.domkraftpro.com\/wp-content\/uploads\/2026\/SK0008213-CZ20260425-092556-0-1777080363-811386-3_pura-keramicke-umyvadlo-slim-62x46cm--bila-extragl.webp\",\"contentUrl\":\"https:\/\/www.domkraftpro.com\/wp-content\/uploads\/2026\/SK0008213-CZ20260425-092556-0-1777080363-811386-3_pura-keramicke-umyvadlo-slim-62x46cm--bila-extragl.webp\",\"width\":1000,\"height\":750},{\"@type\":\"BreadcrumbList\",\"@id\":\"https:\/\/www.domkraftpro.com\/index.php\/produkt\/znackovy-pura-keramicke-umyvadlo-slim-62x46cm-bila-extraglaze-19294\/#breadcrumb\",\"itemListElement\":[{\"@type\":\"ListItem\",\"position\":1,\"name\":\"Home\",\"item\":\"https:\/\/www.domkraftpro.com\/\"},{\"@type\":\"ListItem\",\"position\":2,\"name\":\"Products\",\"item\":\"https:\/\/www.domkraftpro.com\/index.php\/products\/\"},{\"@type\":\"ListItem\",\"position\":3,\"name\":\"Zna\u010dkov\u00fd PURA keramick\u00e9 umyvadlo Slim 62x46cm, b\u00edl\u00e1 ExtraGlaze\"}]},{\"@type\":\"WebSite\",\"@id\":\"https:\/\/www.domkraftpro.com\/#website\",\"url\":\"https:\/\/www.domkraftpro.com\/\",\"name\":\"\",\"description\":\"\",\"potentialAction\":[{\"@type\":\"SearchAction\",\"target\":{\"@type\":\"EntryPoint\",\"urlTemplate\":\"https:\/\/www.domkraftpro.com\/?s={search_term_string}\"},\"query-input\":{\"@type\":\"PropertyValueSpecification\",\"valueRequired\":true,\"valueName\":\"search_term_string\"}}],\"inLanguage\":\"cs\"}]}<\/script>\n<!-- \/ Yoast SEO plugin. -->","yoast_head_json":{"title":"Zna\u010dkov\u00fd PURA keramick\u00e9 umyvadlo Slim 62x46cm, b\u00edl\u00e1 ExtraGlaze -","robots":{"index":"index","follow":"follow","max-snippet":"max-snippet:-1","max-image-preview":"max-image-preview:large","max-video-preview":"max-video-preview:-1"},"canonical":"https:\/\/www.domkraftpro.com\/index.php\/produkt\/znackovy-pura-keramicke-umyvadlo-slim-62x46cm-bila-extraglaze-19294\/","og_locale":"cs_CZ","og_type":"article","og_title":"Zna\u010dkov\u00fd PURA keramick\u00e9 umyvadlo Slim 62x46cm, b\u00edl\u00e1 ExtraGlaze -","og_description":"Detailn\u00ed popis produktu S\u00e9rie PURA se vyzna\u010duje racion\u00e1ln\u00edm designem a stylovou eleganc\u00ed. Konzervativn\u00ed tvary, kter\u00e9 obratn\u011b vyva\u017euj\u00ed rovn\u00e9 linie a m\u011bkk\u00e9 zaoblen\u00ed, jsou v\u00fdsledkem dlouh\u00e9ho procesu navrhov\u00e1n\u00ed a v\u00fdvoje. Nen\u00e1padn\u00e1 \u010distota lini\u00ed dod\u00e1v\u00e1 v\u00fdrobk\u016fm t\u00e9to \u0159ady eleganci a n\u00e1dech luxusu a kultivovanosti, kter\u00fd se hod\u00ed k jednoduch\u00e9mu, ale vkusn\u00e9mu stylu GSI. Keramick\u00e1 glazura ExtraGlaze&reg; Antibacterial [&hellip;]","og_url":"https:\/\/www.domkraftpro.com\/index.php\/produkt\/znackovy-pura-keramicke-umyvadlo-slim-62x46cm-bila-extraglaze-19294\/","og_image":[{"width":1000,"height":750,"url":"https:\/\/www.domkraftpro.com\/wp-content\/uploads\/2026\/SK0008213-CZ20260425-092556-0-1777080363-811386-3_pura-keramicke-umyvadlo-slim-62x46cm--bila-extragl.webp","type":"image\/webp"}],"twitter_card":"summary_large_image","twitter_misc":{"Odhadovan\u00e1 doba \u010dten\u00ed":"1 minuta"},"schema":{"@context":"https:\/\/schema.org","@graph":[{"@type":"WebPage","@id":"https:\/\/www.domkraftpro.com\/index.php\/produkt\/znackovy-pura-keramicke-umyvadlo-slim-62x46cm-bila-extraglaze-19294\/","url":"https:\/\/www.domkraftpro.com\/index.php\/produkt\/znackovy-pura-keramicke-umyvadlo-slim-62x46cm-bila-extraglaze-19294\/","name":"Zna\u010dkov\u00fd PURA keramick\u00e9 umyvadlo Slim 62x46cm, b\u00edl\u00e1 ExtraGlaze -","isPartOf":{"@id":"https:\/\/www.domkraftpro.com\/#website"},"primaryImageOfPage":{"@id":"https:\/\/www.domkraftpro.com\/index.php\/produkt\/znackovy-pura-keramicke-umyvadlo-slim-62x46cm-bila-extraglaze-19294\/#primaryimage"},"image":{"@id":"https:\/\/www.domkraftpro.com\/index.php\/produkt\/znackovy-pura-keramicke-umyvadlo-slim-62x46cm-bila-extraglaze-19294\/#primaryimage"},"thumbnailUrl":"https:\/\/www.domkraftpro.com\/wp-content\/uploads\/2026\/SK0008213-CZ20260425-092556-0-1777080363-811386-3_pura-keramicke-umyvadlo-slim-62x46cm--bila-extragl.webp","datePublished":"2026-04-27T04:41:11+00:00","breadcrumb":{"@id":"https:\/\/www.domkraftpro.com\/index.php\/produkt\/znackovy-pura-keramicke-umyvadlo-slim-62x46cm-bila-extraglaze-19294\/#breadcrumb"},"inLanguage":"cs","potentialAction":[{"@type":"ReadAction","target":["https:\/\/www.domkraftpro.com\/index.php\/produkt\/znackovy-pura-keramicke-umyvadlo-slim-62x46cm-bila-extraglaze-19294\/"]}]},{"@type":"ImageObject","inLanguage":"cs","@id":"https:\/\/www.domkraftpro.com\/index.php\/produkt\/znackovy-pura-keramicke-umyvadlo-slim-62x46cm-bila-extraglaze-19294\/#primaryimage","url":"https:\/\/www.domkraftpro.com\/wp-content\/uploads\/2026\/SK0008213-CZ20260425-092556-0-1777080363-811386-3_pura-keramicke-umyvadlo-slim-62x46cm--bila-extragl.webp","contentUrl":"https:\/\/www.domkraftpro.com\/wp-content\/uploads\/2026\/SK0008213-CZ20260425-092556-0-1777080363-811386-3_pura-keramicke-umyvadlo-slim-62x46cm--bila-extragl.webp","width":1000,"height":750},{"@type":"BreadcrumbList","@id":"https:\/\/www.domkraftpro.com\/index.php\/produkt\/znackovy-pura-keramicke-umyvadlo-slim-62x46cm-bila-extraglaze-19294\/#breadcrumb","itemListElement":[{"@type":"ListItem","position":1,"name":"Home","item":"https:\/\/www.domkraftpro.com\/"},{"@type":"ListItem","position":2,"name":"Products","item":"https:\/\/www.domkraftpro.com\/index.php\/products\/"},{"@type":"ListItem","position":3,"name":"Zna\u010dkov\u00fd PURA keramick\u00e9 umyvadlo Slim 62x46cm, b\u00edl\u00e1 ExtraGlaze"}]},{"@type":"WebSite","@id":"https:\/\/www.domkraftpro.com\/#website","url":"https:\/\/www.domkraftpro.com\/","name":"","description":"","potentialAction":[{"@type":"SearchAction","target":{"@type":"EntryPoint","urlTemplate":"https:\/\/www.domkraftpro.com\/?s={search_term_string}"},"query-input":{"@type":"PropertyValueSpecification","valueRequired":true,"valueName":"search_term_string"}}],"inLanguage":"cs"}]}},"_links":{"self":[{"href":"https:\/\/www.domkraftpro.com\/index.php\/wp-json\/wp\/v2\/product\/19294","targetHints":{"allow":["GET"]}}],"collection":[{"href":"https:\/\/www.domkraftpro.com\/index.php\/wp-json\/wp\/v2\/product"}],"about":[{"href":"https:\/\/www.domkraftpro.com\/index.php\/wp-json\/wp\/v2\/types\/product"}],"replies":[{"embeddable":true,"href":"https:\/\/www.domkraftpro.com\/index.php\/wp-json\/wp\/v2\/comments?post=19294"}],"wp:featuredmedia":[{"embeddable":true,"href":"https:\/\/www.domkraftpro.com\/index.php\/wp-json\/wp\/v2\/media\/19394"}],"wp:attachment":[{"href":"https:\/\/www.domkraftpro.com\/index.php\/wp-json\/wp\/v2\/media?parent=19294"}],"wp:term":[{"taxonomy":"product_brand","embeddable":true,"href":"https:\/\/www.domkraftpro.com\/index.php\/wp-json\/wp\/v2\/product_brand?post=19294"},{"taxonomy":"product_cat","embeddable":true,"href":"https:\/\/www.domkraftpro.com\/index.php\/wp-json\/wp\/v2\/product_cat?post=19294"},{"taxonomy":"product_tag","embeddable":true,"href":"https:\/\/www.domkraftpro.com\/index.php\/wp-json\/wp\/v2\/product_tag?post=19294"}],"curies":[{"name":"wp","href":"https:\/\/api.w.org\/{rel}","templated":true}]}}