{"id":1910,"date":"2026-04-27T04:40:34","date_gmt":"2026-04-27T04:40:34","guid":{"rendered":""},"modified":"2026-04-27T04:40:34","modified_gmt":"2026-04-27T04:40:34","slug":"bezpecna-platba-chudej-pv-300-110-1910","status":"publish","type":"product","link":"https:\/\/www.domkraftpro.com\/index.php\/produkt\/bezpecna-platba-chudej-pv-300-110-1910\/","title":{"rendered":"Bezpe\u010dn\u00e1 Platba Chud\u011bj PV 300 110"},"content":{"rendered":"<div class=\"detail-description__right\">\n<div class=\"parameters\">\n<div class=\"table\">\n<table>\n<tbody>\n<tr class=\"parameters-switch-tr\">\n<td colspan=\"2\" class=\"parameters-switch\">\n<h4>Instalace<\/h4>\n<\/td>\n<\/tr>\n<tr>\n<th>\t\t\t\t\t\t\tKotven\u00ed \t\t\t\t\t\t<\/th>\n<td>\t\t\t\t\t\t\t\t\tbeton\u00e1\u017e\t\t\t\t\t\t<\/td>\n<\/tr>\n<tr>\n<th>\t\t\t\t\t\t\tP\u0159ipojen\u00ed spodn\u00ed \t\t\t\t\t\t<\/th>\n<td>\t\t\t\t\t\t\t\t\tD110\t\t\t\t\t\t<\/td>\n<\/tr>\n<tr>\n<th>\t\t\t\t\t\t\tP\u0159ipojen\u00ed bo\u010dn\u00ed \t\t\t\t\t\t<\/th>\n<td>\t\t\t\t\t\t\t\t\tne\t\t\t\t\t\t<\/td>\n<\/tr>\n<tr class=\"parameters-switch-tr\">\n<td colspan=\"2\" class=\"parameters-switch\">\n<h4>Parametry<\/h4>\n<\/td>\n<\/tr>\n<tr>\n<th>\t\t\t\t\t\t\tModel \t\t\t\t\t\t<\/th>\n<td>\t\t\t\t\t\t\t\t\tPV 300\u00a0110\t\t\t\t\t\t<\/td>\n<\/tr>\n<tr>\n<th>\t\t\t\t\t\t\tVyrobeno \t\t\t\t\t\t<\/th>\n<td>\t\t\t\t\t\t\t\t\t\u010cesk\u00e1 republika\t\t\t\t\t\t<\/td>\n<\/tr>\n<tr>\n<th>\t\t\t\t\t\t\tZ\u00e1ruka \t\t\t\t\t\t<\/th>\n<td>\t\t\t\t\t\t\t\t\t2\u00a0roky\t\t\t\t\t\t<\/td>\n<\/tr>\n<tr>\n<th>\t\t\t\t\t\t\tZna\u010dka \t\t\t\t\t\t<\/th>\n<td>\t\t\t\t\t\t\t\t\tChud\u011bj\t\t\t\t\t\t<\/td>\n<\/tr>\n<tr>\n<th>\t\t\t\t\t\t\tUr\u010den\u00ed \t\t\t\t\t\t<\/th>\n<td>\t\t\t\t\t\t\t\t\tinteri\u00e9r, exteri\u00e9r\t\t\t\t\t\t<\/td>\n<\/tr>\n<tr class=\"parameters-switch-tr\">\n<td colspan=\"2\" class=\"parameters-switch\">\n<h4>Zat\u00ed\u017een\u00ed<\/h4>\n<\/td>\n<\/tr>\n<tr>\n<th>\t\t\t\t\t\t\tT\u0159\u00edda zat\u00ed\u017een\u00ed \t\t\t\t\t\t<\/th>\n<td>\t\t\t\t\t\t\t\t\tL15\t\t\t\t\t\t<\/td>\n<\/tr>\n<tr>\n<th>\t\t\t\t\t\t\tNosnost \t\t\t\t\t\t<\/th>\n<td>\t\t\t\t\t\t\t\t\t1,5\u00a0t\t\t\t\t\t\t<\/td>\n<\/tr>\n<tr>\n<th>\t\t\t\t\t\t\tNorma \t\t\t\t\t\t<\/th>\n<td>\t\t\t\t\t\t\t\t\tEN 1253\t\t\t\t\t\t<\/td>\n<\/tr>\n<tr class=\"parameters-switch-tr\">\n<td colspan=\"2\" class=\"parameters-switch\">\n<h4>Ro\u0161t<\/h4>\n<\/td>\n<\/tr>\n<tr>\n<th>\t\t\t\t\t\t\tOtvory \t\t\t\t\t\t<\/th>\n<td>\t\t\t\t\t\t\t\t\tano\t\t\t\t\t\t<\/td>\n<\/tr>\n<tr>\n<th>\t\t\t\t\t\t\tUchycen\u00ed \t\t\t\t\t\t<\/th>\n<td>\t\t\t\t\t\t\t\t\t\u0161roubov\u00e9\t\t\t\t\t\t<\/td>\n<\/tr>\n<tr>\n<th>\t\t\t\t\t\t\tAntikorozn\u00ed ochrana \t\t\t\t\t\t<\/th>\n<td>\t\t\t\t\t\t\t\t\t\u2013\t\t\t\t\t\t<\/td>\n<\/tr>\n<tr>\n<th>\t\t\t\t\t\t\tMateri\u00e1l ro\u0161tu \t\t\t\t\t\t<\/th>\n<td>\t\t\t\t\t\t\t\t\tpolypropylen\t\t\t\t\t\t<\/td>\n<\/tr>\n<tr>\n<th>\t\t\t\t\t\t\tBarva \t\t\t\t\t\t<\/th>\n<td>\t\t\t\t\t\t\t\t\tb\u00edl\u00e1\t\t\t\t\t\t<\/td>\n<\/tr>\n<tr>\n<th>\t\t\t\t\t\t\tTvar \t\t\t\t\t\t<\/th>\n<td>\t\t\t\t\t\t\t\t\thranat\u00fd\t\t\t\t\t\t<\/td>\n<\/tr>\n<tr>\n<th>\t\t\t\t\t\t\tRozm\u011bry \t\t\t\t\t\t<\/th>\n<td>\t\t\t\t\t\t\t\t\t300\u00a0\u00d7\u00a0300 mm\t\t\t\t\t\t<\/td>\n<\/tr>\n<tr class=\"parameters-switch-tr\">\n<td colspan=\"2\" class=\"parameters-switch\">\n<h4>Vpus\u0165<\/h4>\n<\/td>\n<\/tr>\n<tr>\n<th>\t\t\t\t\t\t\tMateri\u00e1l vpusti \t\t\t\t\t\t<\/th>\n<td>\t\t\t\t\t\t\t\t\tpolypropylen\t\t\t\t\t\t<\/td>\n<\/tr>\n<tr>\n<th>\t\t\t\t\t\t\tBarva \t\t\t\t\t\t<\/th>\n<td>\t\t\t\t\t\t\t\t\tb\u00edl\u00e1\t\t\t\t\t\t<\/td>\n<\/tr>\n<tr>\n<th>\t\t\t\t\t\t\tTvar \t\t\t\t\t\t<\/th>\n<td>\t\t\t\t\t\t\t\t\tkruhov\u00fd\t\t\t\t\t\t<\/td>\n<\/tr>\n<tr>\n<th>\t\t\t\t\t\t\tV\u00fd\u0161ka \t\t\t\t\t\t<\/th>\n<td>\t\t\t\t\t\t\t\t\t98\u00a0mm\t\t\t\t\t\t<\/td>\n<\/tr>\n<tr class=\"parameters-switch-tr\">\n<td colspan=\"2\" class=\"parameters-switch\">\n<h4>Parametry<\/h4>\n<\/td>\n<\/tr>\n<tr>\n<th>P\u016fvod<\/th>\n<td>Vyrobeno v \u010cR<\/td>\n<\/tr>\n<tr>\n<th>Z\u00e1ruka<\/th>\n<td>2 roky<\/td>\n<\/tr>\n<tr>\n<th>Zna\u010dka<\/th>\n<td>Chud\u011bj<\/td>\n<\/tr>\n<tr class=\"parameters-switch-tr-last\">\n<th colspan=\"2\"><\/th>\n<\/tr>\n<\/tbody>\n<thead>\n<tr>\n<th colspan=\"2\">Parametry produktu:<\/th>\n<\/tr>\n<\/thead>\n<\/table><\/div>\n<\/div><\/div>\n<div class=\"detail-description__top\">\t\t\t\t<\/div>\n<div class=\"detail-description__left\">\n<div class=\"detail-description__left__overflow\">\n<div class=\"detail-description__left__head\">\t\t\t\t\t\tPopis:\t\t\t\t\t<\/div>\n<div class=\"ul-style ul-style--check\">\n<p>Chud\u011bj PV 300 110 je spodn\u00ed podlahov\u00e1 vpus\u0165 ur\u010den\u00e1 pro\u00a0<strong>vnit\u0159n\u00ed a venkovn\u00ed pou\u017eit\u00ed<\/strong>\u00a0jako jsou nap\u0159. technick\u00e9 prostory, gar\u00e1\u017ee, zahrady, dvorky nebo sklady s maxim\u00e1ln\u00ed nosnost\u00ed 1500 kg. T\u0159\u00edda zat\u00ed\u017een\u00ed L15, tepeln\u00e1 odolnost do 90 \u00b0C, zkou\u0161eno dle normy EN 1253. Lze zabudovat do potrub\u00ed D 110.<\/p>\n<ul class=\"plusminus\">\n<li><i class=\"fas fa-check\"><\/i><span>Nosnost a\u017e 1500 kg<\/span><\/li>\n<li><i class=\"fas fa-check\"><\/i><span>Lze napojit potrub\u00ed HT i KG<\/span><\/li>\n<li><i class=\"fas fa-check\"><\/i><span>Proveden\u00ed pr\u016ftoku 171 l \/ min<\/span><\/li>\n<\/ul>\n<p>M\u0159\u00ed\u017eka 300 x 300 mm je vyroben\u00e1 z polypropylenu s UV stabilizac\u00ed zaru\u010duj\u00edc\u00ed\u00a0<strong>odolnost v\u016f\u010di korozi<\/strong>, okoln\u00edmu nam\u00e1h\u00e1n\u00ed a rozd\u00edln\u00fdm teplot\u00e1m vody. Obsahuje proveden\u00ed pr\u016ftoku vodn\u00ed hladina (171 l \/ min), kter\u00fd\u00a0<strong>zabra\u0148uje zp\u011btn\u00e9mu \u0161\u00ed\u0159en\u00ed z\u00e1pachu<\/strong>\u00a0z kanalizace.<\/p>\n<\/div>\n<div class=\"detail-description__left__more\">\t\t\t\t\t\t<span> <\/span><span> <\/span>\t\t\t\t\t<\/div>\n<\/p><\/div>\n<\/p><\/div>\n<div class=\"detail-description__more\"><span> <\/span><span> <\/span><\/div>\n<\/p><\/div>\n<\/p><\/div>\n","protected":false},"excerpt":{"rendered":"<p>Instalace Kotven\u00ed beton\u00e1\u017e P\u0159ipojen\u00ed spodn\u00ed D110 P\u0159ipojen\u00ed bo\u010dn\u00ed ne Parametry Model PV 300\u00a0110 Vyrobeno \u010cesk\u00e1 republika Z\u00e1ruka 2\u00a0roky Zna\u010dka Chud\u011bj Ur\u010den\u00ed interi\u00e9r, exteri\u00e9r Zat\u00ed\u017een\u00ed T\u0159\u00edda zat\u00ed\u017een\u00ed L15 Nosnost 1,5\u00a0t Norma EN 1253 Ro\u0161t Otvory ano Uchycen\u00ed \u0161roubov\u00e9 Antikorozn\u00ed ochrana \u2013 Materi\u00e1l ro\u0161tu polypropylen Barva b\u00edl\u00e1 Tvar hranat\u00fd Rozm\u011bry 300\u00a0\u00d7\u00a0300 mm Vpus\u0165 Materi\u00e1l vpusti polypropylen Barva [&hellip;]<\/p>\n","protected":false},"featured_media":2010,"comment_status":"open","ping_status":"open","template":"","meta":[],"product_brand":[],"product_cat":[46],"product_tag":[],"class_list":{"0":"post-1910","1":"product","2":"type-product","3":"status-publish","4":"has-post-thumbnail","6":"product_cat-odvodneni","8":"first","9":"instock","10":"sale","11":"shipping-taxable","12":"purchasable","13":"product-type-simple"},"yoast_head":"<!-- This site is optimized with the Yoast SEO plugin v26.8 - https:\/\/yoast.com\/product\/yoast-seo-wordpress\/ -->\n<title>Bezpe\u010dn\u00e1 Platba Chud\u011bj PV 300 110 -<\/title>\n<meta name=\"robots\" content=\"index, follow, max-snippet:-1, max-image-preview:large, max-video-preview:-1\" \/>\n<link rel=\"canonical\" href=\"https:\/\/www.domkraftpro.com\/index.php\/produkt\/bezpecna-platba-chudej-pv-300-110-1910\/\" \/>\n<meta property=\"og:locale\" content=\"cs_CZ\" \/>\n<meta property=\"og:type\" content=\"article\" \/>\n<meta property=\"og:title\" content=\"Bezpe\u010dn\u00e1 Platba Chud\u011bj PV 300 110 -\" \/>\n<meta property=\"og:description\" content=\"Instalace Kotven\u00ed beton\u00e1\u017e P\u0159ipojen\u00ed spodn\u00ed D110 P\u0159ipojen\u00ed bo\u010dn\u00ed ne Parametry Model PV 300\u00a0110 Vyrobeno \u010cesk\u00e1 republika Z\u00e1ruka 2\u00a0roky Zna\u010dka Chud\u011bj Ur\u010den\u00ed interi\u00e9r, exteri\u00e9r Zat\u00ed\u017een\u00ed T\u0159\u00edda zat\u00ed\u017een\u00ed L15 Nosnost 1,5\u00a0t Norma EN 1253 Ro\u0161t Otvory ano Uchycen\u00ed \u0161roubov\u00e9 Antikorozn\u00ed ochrana \u2013 Materi\u00e1l ro\u0161tu polypropylen Barva b\u00edl\u00e1 Tvar hranat\u00fd Rozm\u011bry 300\u00a0\u00d7\u00a0300 mm Vpus\u0165 Materi\u00e1l vpusti polypropylen Barva [&hellip;]\" \/>\n<meta property=\"og:url\" content=\"https:\/\/www.domkraftpro.com\/index.php\/produkt\/bezpecna-platba-chudej-pv-300-110-1910\/\" \/>\n<meta property=\"og:image\" content=\"https:\/\/www.domkraftpro.com\/wp-content\/uploads\/2026\/SK0008897-CZ20260425-091936-0-1777079982-vpust-chudej-pv-300-110-w1200-h628-f8-e7d4e6cf416c0be102b13.webp\" \/>\n\t<meta property=\"og:image:width\" content=\"1000\" \/>\n\t<meta property=\"og:image:height\" content=\"523\" \/>\n\t<meta property=\"og:image:type\" content=\"image\/webp\" \/>\n<meta name=\"twitter:card\" content=\"summary_large_image\" \/>\n<meta name=\"twitter:label1\" content=\"Odhadovan\u00e1 doba \u010dten\u00ed\" \/>\n\t<meta name=\"twitter:data1\" content=\"1 minuta\" \/>\n<script type=\"application\/ld+json\" class=\"yoast-schema-graph\">{\"@context\":\"https:\/\/schema.org\",\"@graph\":[{\"@type\":\"WebPage\",\"@id\":\"https:\/\/www.domkraftpro.com\/index.php\/produkt\/bezpecna-platba-chudej-pv-300-110-1910\/\",\"url\":\"https:\/\/www.domkraftpro.com\/index.php\/produkt\/bezpecna-platba-chudej-pv-300-110-1910\/\",\"name\":\"Bezpe\u010dn\u00e1 Platba Chud\u011bj PV 300 110 -\",\"isPartOf\":{\"@id\":\"https:\/\/www.domkraftpro.com\/#website\"},\"primaryImageOfPage\":{\"@id\":\"https:\/\/www.domkraftpro.com\/index.php\/produkt\/bezpecna-platba-chudej-pv-300-110-1910\/#primaryimage\"},\"image\":{\"@id\":\"https:\/\/www.domkraftpro.com\/index.php\/produkt\/bezpecna-platba-chudej-pv-300-110-1910\/#primaryimage\"},\"thumbnailUrl\":\"https:\/\/www.domkraftpro.com\/wp-content\/uploads\/2026\/SK0008897-CZ20260425-091936-0-1777079982-vpust-chudej-pv-300-110-w1200-h628-f8-e7d4e6cf416c0be102b13.webp\",\"datePublished\":\"2026-04-27T04:40:34+00:00\",\"breadcrumb\":{\"@id\":\"https:\/\/www.domkraftpro.com\/index.php\/produkt\/bezpecna-platba-chudej-pv-300-110-1910\/#breadcrumb\"},\"inLanguage\":\"cs\",\"potentialAction\":[{\"@type\":\"ReadAction\",\"target\":[\"https:\/\/www.domkraftpro.com\/index.php\/produkt\/bezpecna-platba-chudej-pv-300-110-1910\/\"]}]},{\"@type\":\"ImageObject\",\"inLanguage\":\"cs\",\"@id\":\"https:\/\/www.domkraftpro.com\/index.php\/produkt\/bezpecna-platba-chudej-pv-300-110-1910\/#primaryimage\",\"url\":\"https:\/\/www.domkraftpro.com\/wp-content\/uploads\/2026\/SK0008897-CZ20260425-091936-0-1777079982-vpust-chudej-pv-300-110-w1200-h628-f8-e7d4e6cf416c0be102b13.webp\",\"contentUrl\":\"https:\/\/www.domkraftpro.com\/wp-content\/uploads\/2026\/SK0008897-CZ20260425-091936-0-1777079982-vpust-chudej-pv-300-110-w1200-h628-f8-e7d4e6cf416c0be102b13.webp\",\"width\":1000,\"height\":523},{\"@type\":\"BreadcrumbList\",\"@id\":\"https:\/\/www.domkraftpro.com\/index.php\/produkt\/bezpecna-platba-chudej-pv-300-110-1910\/#breadcrumb\",\"itemListElement\":[{\"@type\":\"ListItem\",\"position\":1,\"name\":\"Home\",\"item\":\"https:\/\/www.domkraftpro.com\/\"},{\"@type\":\"ListItem\",\"position\":2,\"name\":\"Products\",\"item\":\"https:\/\/www.domkraftpro.com\/index.php\/products\/\"},{\"@type\":\"ListItem\",\"position\":3,\"name\":\"Bezpe\u010dn\u00e1 Platba Chud\u011bj PV 300 110\"}]},{\"@type\":\"WebSite\",\"@id\":\"https:\/\/www.domkraftpro.com\/#website\",\"url\":\"https:\/\/www.domkraftpro.com\/\",\"name\":\"\",\"description\":\"\",\"potentialAction\":[{\"@type\":\"SearchAction\",\"target\":{\"@type\":\"EntryPoint\",\"urlTemplate\":\"https:\/\/www.domkraftpro.com\/?s={search_term_string}\"},\"query-input\":{\"@type\":\"PropertyValueSpecification\",\"valueRequired\":true,\"valueName\":\"search_term_string\"}}],\"inLanguage\":\"cs\"}]}<\/script>\n<!-- \/ Yoast SEO plugin. -->","yoast_head_json":{"title":"Bezpe\u010dn\u00e1 Platba Chud\u011bj PV 300 110 -","robots":{"index":"index","follow":"follow","max-snippet":"max-snippet:-1","max-image-preview":"max-image-preview:large","max-video-preview":"max-video-preview:-1"},"canonical":"https:\/\/www.domkraftpro.com\/index.php\/produkt\/bezpecna-platba-chudej-pv-300-110-1910\/","og_locale":"cs_CZ","og_type":"article","og_title":"Bezpe\u010dn\u00e1 Platba Chud\u011bj PV 300 110 -","og_description":"Instalace Kotven\u00ed beton\u00e1\u017e P\u0159ipojen\u00ed spodn\u00ed D110 P\u0159ipojen\u00ed bo\u010dn\u00ed ne Parametry Model PV 300\u00a0110 Vyrobeno \u010cesk\u00e1 republika Z\u00e1ruka 2\u00a0roky Zna\u010dka Chud\u011bj Ur\u010den\u00ed interi\u00e9r, exteri\u00e9r Zat\u00ed\u017een\u00ed T\u0159\u00edda zat\u00ed\u017een\u00ed L15 Nosnost 1,5\u00a0t Norma EN 1253 Ro\u0161t Otvory ano Uchycen\u00ed \u0161roubov\u00e9 Antikorozn\u00ed ochrana \u2013 Materi\u00e1l ro\u0161tu polypropylen Barva b\u00edl\u00e1 Tvar hranat\u00fd Rozm\u011bry 300\u00a0\u00d7\u00a0300 mm Vpus\u0165 Materi\u00e1l vpusti polypropylen Barva [&hellip;]","og_url":"https:\/\/www.domkraftpro.com\/index.php\/produkt\/bezpecna-platba-chudej-pv-300-110-1910\/","og_image":[{"width":1000,"height":523,"url":"https:\/\/www.domkraftpro.com\/wp-content\/uploads\/2026\/SK0008897-CZ20260425-091936-0-1777079982-vpust-chudej-pv-300-110-w1200-h628-f8-e7d4e6cf416c0be102b13.webp","type":"image\/webp"}],"twitter_card":"summary_large_image","twitter_misc":{"Odhadovan\u00e1 doba \u010dten\u00ed":"1 minuta"},"schema":{"@context":"https:\/\/schema.org","@graph":[{"@type":"WebPage","@id":"https:\/\/www.domkraftpro.com\/index.php\/produkt\/bezpecna-platba-chudej-pv-300-110-1910\/","url":"https:\/\/www.domkraftpro.com\/index.php\/produkt\/bezpecna-platba-chudej-pv-300-110-1910\/","name":"Bezpe\u010dn\u00e1 Platba Chud\u011bj PV 300 110 -","isPartOf":{"@id":"https:\/\/www.domkraftpro.com\/#website"},"primaryImageOfPage":{"@id":"https:\/\/www.domkraftpro.com\/index.php\/produkt\/bezpecna-platba-chudej-pv-300-110-1910\/#primaryimage"},"image":{"@id":"https:\/\/www.domkraftpro.com\/index.php\/produkt\/bezpecna-platba-chudej-pv-300-110-1910\/#primaryimage"},"thumbnailUrl":"https:\/\/www.domkraftpro.com\/wp-content\/uploads\/2026\/SK0008897-CZ20260425-091936-0-1777079982-vpust-chudej-pv-300-110-w1200-h628-f8-e7d4e6cf416c0be102b13.webp","datePublished":"2026-04-27T04:40:34+00:00","breadcrumb":{"@id":"https:\/\/www.domkraftpro.com\/index.php\/produkt\/bezpecna-platba-chudej-pv-300-110-1910\/#breadcrumb"},"inLanguage":"cs","potentialAction":[{"@type":"ReadAction","target":["https:\/\/www.domkraftpro.com\/index.php\/produkt\/bezpecna-platba-chudej-pv-300-110-1910\/"]}]},{"@type":"ImageObject","inLanguage":"cs","@id":"https:\/\/www.domkraftpro.com\/index.php\/produkt\/bezpecna-platba-chudej-pv-300-110-1910\/#primaryimage","url":"https:\/\/www.domkraftpro.com\/wp-content\/uploads\/2026\/SK0008897-CZ20260425-091936-0-1777079982-vpust-chudej-pv-300-110-w1200-h628-f8-e7d4e6cf416c0be102b13.webp","contentUrl":"https:\/\/www.domkraftpro.com\/wp-content\/uploads\/2026\/SK0008897-CZ20260425-091936-0-1777079982-vpust-chudej-pv-300-110-w1200-h628-f8-e7d4e6cf416c0be102b13.webp","width":1000,"height":523},{"@type":"BreadcrumbList","@id":"https:\/\/www.domkraftpro.com\/index.php\/produkt\/bezpecna-platba-chudej-pv-300-110-1910\/#breadcrumb","itemListElement":[{"@type":"ListItem","position":1,"name":"Home","item":"https:\/\/www.domkraftpro.com\/"},{"@type":"ListItem","position":2,"name":"Products","item":"https:\/\/www.domkraftpro.com\/index.php\/products\/"},{"@type":"ListItem","position":3,"name":"Bezpe\u010dn\u00e1 Platba Chud\u011bj PV 300 110"}]},{"@type":"WebSite","@id":"https:\/\/www.domkraftpro.com\/#website","url":"https:\/\/www.domkraftpro.com\/","name":"","description":"","potentialAction":[{"@type":"SearchAction","target":{"@type":"EntryPoint","urlTemplate":"https:\/\/www.domkraftpro.com\/?s={search_term_string}"},"query-input":{"@type":"PropertyValueSpecification","valueRequired":true,"valueName":"search_term_string"}}],"inLanguage":"cs"}]}},"_links":{"self":[{"href":"https:\/\/www.domkraftpro.com\/index.php\/wp-json\/wp\/v2\/product\/1910","targetHints":{"allow":["GET"]}}],"collection":[{"href":"https:\/\/www.domkraftpro.com\/index.php\/wp-json\/wp\/v2\/product"}],"about":[{"href":"https:\/\/www.domkraftpro.com\/index.php\/wp-json\/wp\/v2\/types\/product"}],"replies":[{"embeddable":true,"href":"https:\/\/www.domkraftpro.com\/index.php\/wp-json\/wp\/v2\/comments?post=1910"}],"wp:featuredmedia":[{"embeddable":true,"href":"https:\/\/www.domkraftpro.com\/index.php\/wp-json\/wp\/v2\/media\/2010"}],"wp:attachment":[{"href":"https:\/\/www.domkraftpro.com\/index.php\/wp-json\/wp\/v2\/media?parent=1910"}],"wp:term":[{"taxonomy":"product_brand","embeddable":true,"href":"https:\/\/www.domkraftpro.com\/index.php\/wp-json\/wp\/v2\/product_brand?post=1910"},{"taxonomy":"product_cat","embeddable":true,"href":"https:\/\/www.domkraftpro.com\/index.php\/wp-json\/wp\/v2\/product_cat?post=1910"},{"taxonomy":"product_tag","embeddable":true,"href":"https:\/\/www.domkraftpro.com\/index.php\/wp-json\/wp\/v2\/product_tag?post=1910"}],"curies":[{"name":"wp","href":"https:\/\/api.w.org\/{rel}","templated":true}]}}