{"id":1901,"date":"2026-04-27T04:40:34","date_gmt":"2026-04-27T04:40:34","guid":{"rendered":""},"modified":"2026-04-27T04:40:34","modified_gmt":"2026-04-27T04:40:34","slug":"casove-omezene-chudej-nd-mrizka-nerez-pro-nastavec-100-x-100-mm-face-1901","status":"publish","type":"product","link":"https:\/\/www.domkraftpro.com\/index.php\/produkt\/casove-omezene-chudej-nd-mrizka-nerez-pro-nastavec-100-x-100-mm-face-1901\/","title":{"rendered":"\u010casov\u011b Omezen\u00e9 Chud\u011bj ND-M\u0159\u00ed\u017eka nerez pro n\u00e1stavec 100 \u00d7 100 mm Face"},"content":{"rendered":"<div class=\"detail-description__right\">\n<div class=\"parameters\">\n<div class=\"table table--simple\">\n<table>\n<tbody>\n<tr>\n<td colspan=\"2\">\n<h4>Vlastnosti<\/h4>\n<\/td>\n<\/tr>\n<tr>\n<td>Materi\u00e1l<\/td>\n<td>ocel<\/td>\n<\/tr>\n<tr>\n<td>Antikorozn\u00ed ochrana<\/td>\n<td>nerez<\/td>\n<\/tr>\n<tr>\n<td>Barva<\/td>\n<td>st\u0159\u00edbrn\u00e1<\/td>\n<\/tr>\n<tr>\n<td>Rozm\u011bry<\/td>\n<td>96\u00a0\u00d7\u00a096 mm<\/td>\n<\/tr>\n<tr>\n<td>Tlou\u0161\u0165ka<\/td>\n<td>5 mm<\/td>\n<\/tr>\n<tr>\n<td colspan=\"2\">\n<h4>Parametry<\/h4>\n<\/td>\n<\/tr>\n<tr>\n<td>P\u016fvod<\/td>\n<td>Vyrobeno v\u00a0\u010cR<\/td>\n<\/tr>\n<tr>\n<td>Z\u00e1ruka<\/td>\n<td>2 roky<\/td>\n<\/tr>\n<tr>\n<td>Zna\u010dka<\/td>\n<td>Chud\u011bj<\/td>\n<\/tr>\n<\/tbody>\n<\/table><\/div>\n<\/div><\/div>\n<div class=\"detail-description__top\">\t\t\t\t<\/div>\n<div class=\"detail-description__left\">\n<div class=\"detail-description__left__overflow\">\n<div class=\"detail-description__left__head\">\t\t\t\t\t\tPopis:\t\t\t\t\t<\/div>\n<div class=\"ul-style ul-style--check\">\n<p><strong>Robustn\u00ed alternativa<\/strong>\u00a0pro zv\u00fd\u0161enou odolnost podlahov\u00fdch vpust\u00ed Chud\u011bj. Umo\u017e\u0148uje <strong>volbu ze t\u0159\u00ed r\u016fzn\u00fdch proveden\u00ed designu<\/strong> a je vyrobena z nerezov\u00e9 oceli DIN 1.4301 o s\u00edle 5 mm. Zaru\u010duje odolnost v\u016f\u010di korozi, okoln\u00edmu nam\u00e1h\u00e1n\u00ed a rozd\u00edln\u00fdm teplot\u00e1m vody.<\/p>\n<\/div>\n<div class=\"detail-description__left__more\">\t\t\t\t\t\t<span> <\/span><span> <\/span>\t\t\t\t\t<\/div>\n<\/p><\/div>\n<\/p><\/div>\n<div class=\"detail-description__more\"><span> <\/span><span> <\/span><\/div>\n<\/p><\/div>\n<\/p><\/div>\n","protected":false},"excerpt":{"rendered":"<p>Vlastnosti Materi\u00e1l ocel Antikorozn\u00ed ochrana nerez Barva st\u0159\u00edbrn\u00e1 Rozm\u011bry 96\u00a0\u00d7\u00a096 mm Tlou\u0161\u0165ka 5 mm Parametry P\u016fvod Vyrobeno v\u00a0\u010cR Z\u00e1ruka 2 roky Zna\u010dka Chud\u011bj Popis: Robustn\u00ed alternativa\u00a0pro zv\u00fd\u0161enou odolnost podlahov\u00fdch vpust\u00ed Chud\u011bj. Umo\u017e\u0148uje volbu ze t\u0159\u00ed r\u016fzn\u00fdch proveden\u00ed designu a je vyrobena z nerezov\u00e9 oceli DIN 1.4301 o s\u00edle 5 mm. Zaru\u010duje odolnost v\u016f\u010di korozi, okoln\u00edmu [&hellip;]<\/p>\n","protected":false},"featured_media":2001,"comment_status":"open","ping_status":"open","template":"","meta":[],"product_brand":[],"product_cat":[46],"product_tag":[],"class_list":{"0":"post-1901","1":"product","2":"type-product","3":"status-publish","4":"has-post-thumbnail","6":"product_cat-odvodneni","8":"first","9":"instock","10":"sale","11":"shipping-taxable","12":"purchasable","13":"product-type-simple"},"yoast_head":"<!-- This site is optimized with the Yoast SEO plugin v26.8 - https:\/\/yoast.com\/product\/yoast-seo-wordpress\/ -->\n<title>\u010casov\u011b Omezen\u00e9 Chud\u011bj ND-M\u0159\u00ed\u017eka nerez pro n\u00e1stavec 100 \u00d7 100 mm Face -<\/title>\n<meta name=\"robots\" content=\"index, follow, max-snippet:-1, max-image-preview:large, max-video-preview:-1\" \/>\n<link rel=\"canonical\" href=\"https:\/\/www.domkraftpro.com\/index.php\/produkt\/casove-omezene-chudej-nd-mrizka-nerez-pro-nastavec-100-x-100-mm-face-1901\/\" \/>\n<meta property=\"og:locale\" content=\"cs_CZ\" \/>\n<meta property=\"og:type\" content=\"article\" \/>\n<meta property=\"og:title\" content=\"\u010casov\u011b Omezen\u00e9 Chud\u011bj ND-M\u0159\u00ed\u017eka nerez pro n\u00e1stavec 100 \u00d7 100 mm Face -\" \/>\n<meta property=\"og:description\" content=\"Vlastnosti Materi\u00e1l ocel Antikorozn\u00ed ochrana nerez Barva st\u0159\u00edbrn\u00e1 Rozm\u011bry 96\u00a0\u00d7\u00a096 mm Tlou\u0161\u0165ka 5 mm Parametry P\u016fvod Vyrobeno v\u00a0\u010cR Z\u00e1ruka 2 roky Zna\u010dka Chud\u011bj Popis: Robustn\u00ed alternativa\u00a0pro zv\u00fd\u0161enou odolnost podlahov\u00fdch vpust\u00ed Chud\u011bj. Umo\u017e\u0148uje volbu ze t\u0159\u00ed r\u016fzn\u00fdch proveden\u00ed designu a je vyrobena z nerezov\u00e9 oceli DIN 1.4301 o s\u00edle 5 mm. Zaru\u010duje odolnost v\u016f\u010di korozi, okoln\u00edmu [&hellip;]\" \/>\n<meta property=\"og:url\" content=\"https:\/\/www.domkraftpro.com\/index.php\/produkt\/casove-omezene-chudej-nd-mrizka-nerez-pro-nastavec-100-x-100-mm-face-1901\/\" \/>\n<meta property=\"og:image\" content=\"https:\/\/www.domkraftpro.com\/wp-content\/uploads\/2026\/SK0008888-CZ20260425-091936-0-1777079982-chudej-nd-mrizka-nerez-pro-nastavec-100-100-mm-w1200-h628-f.webp\" \/>\n\t<meta property=\"og:image:width\" content=\"1000\" \/>\n\t<meta property=\"og:image:height\" content=\"523\" \/>\n\t<meta property=\"og:image:type\" content=\"image\/webp\" \/>\n<meta name=\"twitter:card\" content=\"summary_large_image\" \/>\n<script type=\"application\/ld+json\" class=\"yoast-schema-graph\">{\"@context\":\"https:\/\/schema.org\",\"@graph\":[{\"@type\":\"WebPage\",\"@id\":\"https:\/\/www.domkraftpro.com\/index.php\/produkt\/casove-omezene-chudej-nd-mrizka-nerez-pro-nastavec-100-x-100-mm-face-1901\/\",\"url\":\"https:\/\/www.domkraftpro.com\/index.php\/produkt\/casove-omezene-chudej-nd-mrizka-nerez-pro-nastavec-100-x-100-mm-face-1901\/\",\"name\":\"\u010casov\u011b Omezen\u00e9 Chud\u011bj ND-M\u0159\u00ed\u017eka nerez pro n\u00e1stavec 100 \u00d7 100 mm Face -\",\"isPartOf\":{\"@id\":\"https:\/\/www.domkraftpro.com\/#website\"},\"primaryImageOfPage\":{\"@id\":\"https:\/\/www.domkraftpro.com\/index.php\/produkt\/casove-omezene-chudej-nd-mrizka-nerez-pro-nastavec-100-x-100-mm-face-1901\/#primaryimage\"},\"image\":{\"@id\":\"https:\/\/www.domkraftpro.com\/index.php\/produkt\/casove-omezene-chudej-nd-mrizka-nerez-pro-nastavec-100-x-100-mm-face-1901\/#primaryimage\"},\"thumbnailUrl\":\"https:\/\/www.domkraftpro.com\/wp-content\/uploads\/2026\/SK0008888-CZ20260425-091936-0-1777079982-chudej-nd-mrizka-nerez-pro-nastavec-100-100-mm-w1200-h628-f.webp\",\"datePublished\":\"2026-04-27T04:40:34+00:00\",\"breadcrumb\":{\"@id\":\"https:\/\/www.domkraftpro.com\/index.php\/produkt\/casove-omezene-chudej-nd-mrizka-nerez-pro-nastavec-100-x-100-mm-face-1901\/#breadcrumb\"},\"inLanguage\":\"cs\",\"potentialAction\":[{\"@type\":\"ReadAction\",\"target\":[\"https:\/\/www.domkraftpro.com\/index.php\/produkt\/casove-omezene-chudej-nd-mrizka-nerez-pro-nastavec-100-x-100-mm-face-1901\/\"]}]},{\"@type\":\"ImageObject\",\"inLanguage\":\"cs\",\"@id\":\"https:\/\/www.domkraftpro.com\/index.php\/produkt\/casove-omezene-chudej-nd-mrizka-nerez-pro-nastavec-100-x-100-mm-face-1901\/#primaryimage\",\"url\":\"https:\/\/www.domkraftpro.com\/wp-content\/uploads\/2026\/SK0008888-CZ20260425-091936-0-1777079982-chudej-nd-mrizka-nerez-pro-nastavec-100-100-mm-w1200-h628-f.webp\",\"contentUrl\":\"https:\/\/www.domkraftpro.com\/wp-content\/uploads\/2026\/SK0008888-CZ20260425-091936-0-1777079982-chudej-nd-mrizka-nerez-pro-nastavec-100-100-mm-w1200-h628-f.webp\",\"width\":1000,\"height\":523},{\"@type\":\"BreadcrumbList\",\"@id\":\"https:\/\/www.domkraftpro.com\/index.php\/produkt\/casove-omezene-chudej-nd-mrizka-nerez-pro-nastavec-100-x-100-mm-face-1901\/#breadcrumb\",\"itemListElement\":[{\"@type\":\"ListItem\",\"position\":1,\"name\":\"Home\",\"item\":\"https:\/\/www.domkraftpro.com\/\"},{\"@type\":\"ListItem\",\"position\":2,\"name\":\"Products\",\"item\":\"https:\/\/www.domkraftpro.com\/index.php\/products\/\"},{\"@type\":\"ListItem\",\"position\":3,\"name\":\"\u010casov\u011b Omezen\u00e9 Chud\u011bj ND-M\u0159\u00ed\u017eka nerez pro n\u00e1stavec 100 \u00d7 100 mm Face\"}]},{\"@type\":\"WebSite\",\"@id\":\"https:\/\/www.domkraftpro.com\/#website\",\"url\":\"https:\/\/www.domkraftpro.com\/\",\"name\":\"\",\"description\":\"\",\"potentialAction\":[{\"@type\":\"SearchAction\",\"target\":{\"@type\":\"EntryPoint\",\"urlTemplate\":\"https:\/\/www.domkraftpro.com\/?s={search_term_string}\"},\"query-input\":{\"@type\":\"PropertyValueSpecification\",\"valueRequired\":true,\"valueName\":\"search_term_string\"}}],\"inLanguage\":\"cs\"}]}<\/script>\n<!-- \/ Yoast SEO plugin. -->","yoast_head_json":{"title":"\u010casov\u011b Omezen\u00e9 Chud\u011bj ND-M\u0159\u00ed\u017eka nerez pro n\u00e1stavec 100 \u00d7 100 mm Face -","robots":{"index":"index","follow":"follow","max-snippet":"max-snippet:-1","max-image-preview":"max-image-preview:large","max-video-preview":"max-video-preview:-1"},"canonical":"https:\/\/www.domkraftpro.com\/index.php\/produkt\/casove-omezene-chudej-nd-mrizka-nerez-pro-nastavec-100-x-100-mm-face-1901\/","og_locale":"cs_CZ","og_type":"article","og_title":"\u010casov\u011b Omezen\u00e9 Chud\u011bj ND-M\u0159\u00ed\u017eka nerez pro n\u00e1stavec 100 \u00d7 100 mm Face -","og_description":"Vlastnosti Materi\u00e1l ocel Antikorozn\u00ed ochrana nerez Barva st\u0159\u00edbrn\u00e1 Rozm\u011bry 96\u00a0\u00d7\u00a096 mm Tlou\u0161\u0165ka 5 mm Parametry P\u016fvod Vyrobeno v\u00a0\u010cR Z\u00e1ruka 2 roky Zna\u010dka Chud\u011bj Popis: Robustn\u00ed alternativa\u00a0pro zv\u00fd\u0161enou odolnost podlahov\u00fdch vpust\u00ed Chud\u011bj. Umo\u017e\u0148uje volbu ze t\u0159\u00ed r\u016fzn\u00fdch proveden\u00ed designu a je vyrobena z nerezov\u00e9 oceli DIN 1.4301 o s\u00edle 5 mm. Zaru\u010duje odolnost v\u016f\u010di korozi, okoln\u00edmu [&hellip;]","og_url":"https:\/\/www.domkraftpro.com\/index.php\/produkt\/casove-omezene-chudej-nd-mrizka-nerez-pro-nastavec-100-x-100-mm-face-1901\/","og_image":[{"width":1000,"height":523,"url":"https:\/\/www.domkraftpro.com\/wp-content\/uploads\/2026\/SK0008888-CZ20260425-091936-0-1777079982-chudej-nd-mrizka-nerez-pro-nastavec-100-100-mm-w1200-h628-f.webp","type":"image\/webp"}],"twitter_card":"summary_large_image","schema":{"@context":"https:\/\/schema.org","@graph":[{"@type":"WebPage","@id":"https:\/\/www.domkraftpro.com\/index.php\/produkt\/casove-omezene-chudej-nd-mrizka-nerez-pro-nastavec-100-x-100-mm-face-1901\/","url":"https:\/\/www.domkraftpro.com\/index.php\/produkt\/casove-omezene-chudej-nd-mrizka-nerez-pro-nastavec-100-x-100-mm-face-1901\/","name":"\u010casov\u011b Omezen\u00e9 Chud\u011bj ND-M\u0159\u00ed\u017eka nerez pro n\u00e1stavec 100 \u00d7 100 mm Face -","isPartOf":{"@id":"https:\/\/www.domkraftpro.com\/#website"},"primaryImageOfPage":{"@id":"https:\/\/www.domkraftpro.com\/index.php\/produkt\/casove-omezene-chudej-nd-mrizka-nerez-pro-nastavec-100-x-100-mm-face-1901\/#primaryimage"},"image":{"@id":"https:\/\/www.domkraftpro.com\/index.php\/produkt\/casove-omezene-chudej-nd-mrizka-nerez-pro-nastavec-100-x-100-mm-face-1901\/#primaryimage"},"thumbnailUrl":"https:\/\/www.domkraftpro.com\/wp-content\/uploads\/2026\/SK0008888-CZ20260425-091936-0-1777079982-chudej-nd-mrizka-nerez-pro-nastavec-100-100-mm-w1200-h628-f.webp","datePublished":"2026-04-27T04:40:34+00:00","breadcrumb":{"@id":"https:\/\/www.domkraftpro.com\/index.php\/produkt\/casove-omezene-chudej-nd-mrizka-nerez-pro-nastavec-100-x-100-mm-face-1901\/#breadcrumb"},"inLanguage":"cs","potentialAction":[{"@type":"ReadAction","target":["https:\/\/www.domkraftpro.com\/index.php\/produkt\/casove-omezene-chudej-nd-mrizka-nerez-pro-nastavec-100-x-100-mm-face-1901\/"]}]},{"@type":"ImageObject","inLanguage":"cs","@id":"https:\/\/www.domkraftpro.com\/index.php\/produkt\/casove-omezene-chudej-nd-mrizka-nerez-pro-nastavec-100-x-100-mm-face-1901\/#primaryimage","url":"https:\/\/www.domkraftpro.com\/wp-content\/uploads\/2026\/SK0008888-CZ20260425-091936-0-1777079982-chudej-nd-mrizka-nerez-pro-nastavec-100-100-mm-w1200-h628-f.webp","contentUrl":"https:\/\/www.domkraftpro.com\/wp-content\/uploads\/2026\/SK0008888-CZ20260425-091936-0-1777079982-chudej-nd-mrizka-nerez-pro-nastavec-100-100-mm-w1200-h628-f.webp","width":1000,"height":523},{"@type":"BreadcrumbList","@id":"https:\/\/www.domkraftpro.com\/index.php\/produkt\/casove-omezene-chudej-nd-mrizka-nerez-pro-nastavec-100-x-100-mm-face-1901\/#breadcrumb","itemListElement":[{"@type":"ListItem","position":1,"name":"Home","item":"https:\/\/www.domkraftpro.com\/"},{"@type":"ListItem","position":2,"name":"Products","item":"https:\/\/www.domkraftpro.com\/index.php\/products\/"},{"@type":"ListItem","position":3,"name":"\u010casov\u011b Omezen\u00e9 Chud\u011bj ND-M\u0159\u00ed\u017eka nerez pro n\u00e1stavec 100 \u00d7 100 mm Face"}]},{"@type":"WebSite","@id":"https:\/\/www.domkraftpro.com\/#website","url":"https:\/\/www.domkraftpro.com\/","name":"","description":"","potentialAction":[{"@type":"SearchAction","target":{"@type":"EntryPoint","urlTemplate":"https:\/\/www.domkraftpro.com\/?s={search_term_string}"},"query-input":{"@type":"PropertyValueSpecification","valueRequired":true,"valueName":"search_term_string"}}],"inLanguage":"cs"}]}},"_links":{"self":[{"href":"https:\/\/www.domkraftpro.com\/index.php\/wp-json\/wp\/v2\/product\/1901","targetHints":{"allow":["GET"]}}],"collection":[{"href":"https:\/\/www.domkraftpro.com\/index.php\/wp-json\/wp\/v2\/product"}],"about":[{"href":"https:\/\/www.domkraftpro.com\/index.php\/wp-json\/wp\/v2\/types\/product"}],"replies":[{"embeddable":true,"href":"https:\/\/www.domkraftpro.com\/index.php\/wp-json\/wp\/v2\/comments?post=1901"}],"wp:featuredmedia":[{"embeddable":true,"href":"https:\/\/www.domkraftpro.com\/index.php\/wp-json\/wp\/v2\/media\/2001"}],"wp:attachment":[{"href":"https:\/\/www.domkraftpro.com\/index.php\/wp-json\/wp\/v2\/media?parent=1901"}],"wp:term":[{"taxonomy":"product_brand","embeddable":true,"href":"https:\/\/www.domkraftpro.com\/index.php\/wp-json\/wp\/v2\/product_brand?post=1901"},{"taxonomy":"product_cat","embeddable":true,"href":"https:\/\/www.domkraftpro.com\/index.php\/wp-json\/wp\/v2\/product_cat?post=1901"},{"taxonomy":"product_tag","embeddable":true,"href":"https:\/\/www.domkraftpro.com\/index.php\/wp-json\/wp\/v2\/product_tag?post=1901"}],"curies":[{"name":"wp","href":"https:\/\/api.w.org\/{rel}","templated":true}]}}