{"id":18934,"date":"2026-04-27T04:41:10","date_gmt":"2026-04-27T04:41:10","guid":{"rendered":""},"modified":"2026-04-27T04:41:10","modified_gmt":"2026-04-27T04:41:10","slug":"aqualine-35-nastenna-baterie-roztec-100mm-raminko-s-chrom-sleva-18934","status":"publish","type":"product","link":"https:\/\/www.domkraftpro.com\/index.php\/produkt\/aqualine-35-nastenna-baterie-roztec-100mm-raminko-s-chrom-sleva-18934\/","title":{"rendered":"AQUALINE 35 n\u00e1st\u011bnn\u00e1 baterie, rozte\u010d 100mm, ram\u00ednko S, chrom Sleva"},"content":{"rendered":"<div class=\"basic-description\">\n<h3>Detailn\u00ed popis produktu<\/h3>\n<p style=\"text-align: justify;\">S\u00e9rie vodovodn\u00edch p\u00e1kov\u00fdch bateri\u00ed AQUALINE 35 p\u0159edstavuje kombinaci tradi\u010dn\u00edho jednoduch\u00e9ho designu a kvality proveden\u00ed za p\u0159\u00edznivou cenu.&nbsp;<\/p>\n<\/p><\/div>\n<div class=\"extended-description\">\n<h3>Dopl\u0148kov\u00e9 parametry<\/h3>\n<table class=\"detail-parameters\">\n<tbody>\n<tr>\n<th>        <span class=\"row-header-label\">            Kategorie<span class=\"row-header-label-colon\">:<\/span>        <\/span>    <\/th>\n<td>            <\/td>\n<\/tr>\n<tr>\n<th>            <span class=\"row-header-label\">                Z\u00e1ruka<span class=\"row-header-label-colon\">:<\/span>            <\/span>        <\/th>\n<td>            72        <\/td>\n<\/tr>\n<tr>\n<th>            <span class=\"row-header-label\">                Hmotnost<span class=\"row-header-label-colon\">:<\/span>            <\/span>        <\/th>\n<td>            1.95 kg        <\/td>\n<\/tr>\n<tr class=\"productEan\">\n<th>          <span class=\"row-header-label productEan__label\">              EAN<span class=\"row-header-label-colon\">:<\/span>          <\/span>      <\/th>\n<td>          <span class=\"productEan__value\">8590913921964<\/span>      <\/td>\n<\/tr>\n<tr>\n<th>                <span class=\"row-header-label\">                                            Balen\u00ed<span class=\"row-header-label-colon\">:<\/span>                                    <\/span>            <\/th>\n<td>                                                            2 ks                                                <\/td>\n<\/tr>\n<tr>\n<th>                <span class=\"row-header-label\">                                            Barva<span class=\"row-header-label-colon\">:<\/span>                                    <\/span>            <\/th>\n<td>                                                            Chrom                                                <\/td>\n<\/tr>\n<tr>\n<th>                <span class=\"row-header-label\">                                            Dostupnost<span class=\"row-header-label-colon\">:<\/span>                                    <\/span>            <\/th>\n<td>                                                            Skladem                                                <\/td>\n<\/tr>\n<tr>\n<th>                <span class=\"row-header-label\">                                            Druh ovl\u00e1d\u00e1n\u00ed<span class=\"row-header-label-colon\">:<\/span>                                    <\/span>            <\/th>\n<td>                                                            P\u00e1ka                                                <\/td>\n<\/tr>\n<tr>\n<th>                <span class=\"row-header-label\">                                            Hloubka<span class=\"row-header-label-colon\">:<\/span>                                    <\/span>            <\/th>\n<td>                                                            232 mm                                                <\/td>\n<\/tr>\n<tr>\n<th>                <span class=\"row-header-label\">                                            Instalace<span class=\"row-header-label-colon\">:<\/span>                                    <\/span>            <\/th>\n<td>                                                            N\u00e1st\u011bnn\u00e1 100 mm                                                <\/td>\n<\/tr>\n<tr>\n<th>                <span class=\"row-header-label\">                                            Materi\u00e1l<span class=\"row-header-label-colon\">:<\/span>                                    <\/span>            <\/th>\n<td>                                                            Mosaz                                                <\/td>\n<\/tr>\n<tr>\n<th>                <span class=\"row-header-label\">                                            Ostatn\u00ed<span class=\"row-header-label-colon\">:<\/span>                                    <\/span>            <\/th>\n<td>                                                            Oto\u010dn\u00e9 ram\u00ednko                                                <\/td>\n<\/tr>\n<tr>\n<th>                <span class=\"row-header-label\">                                            Pr\u016fm\u011br kartu\u0161e<span class=\"row-header-label-colon\">:<\/span>                                    <\/span>            <\/th>\n<td>                                                            35 mm                                                <\/td>\n<\/tr>\n<tr>\n<th>                <span class=\"row-header-label\">                                            Pr\u016ftok (3 bar)<span class=\"row-header-label-colon\">:<\/span>                                    <\/span>            <\/th>\n<td>                                                            18.4 l\/min                                                <\/td>\n<\/tr>\n<tr>\n<th>                <span class=\"row-header-label\">                                            Tvar<span class=\"row-header-label-colon\">:<\/span>                                    <\/span>            <\/th>\n<td>                                                            Kruhov\u00e9                                                <\/td>\n<\/tr>\n<tr>\n<th>                <span class=\"row-header-label\">                                            Z\u00e1ruka<span class=\"row-header-label-colon\">:<\/span>                                    <\/span>            <\/th>\n<td>                                                            6 let                                                <\/td>\n<\/tr>\n<\/tbody>\n<\/table><\/div>\n<\/p><\/div>\n<\/p><\/div>\n","protected":false},"excerpt":{"rendered":"<p>Detailn\u00ed popis produktu S\u00e9rie vodovodn\u00edch p\u00e1kov\u00fdch bateri\u00ed AQUALINE 35 p\u0159edstavuje kombinaci tradi\u010dn\u00edho jednoduch\u00e9ho designu a kvality proveden\u00ed za p\u0159\u00edznivou cenu.&nbsp; Dopl\u0148kov\u00e9 parametry Kategorie: Z\u00e1ruka: 72 Hmotnost: 1.95 kg EAN: 8590913921964 Balen\u00ed: 2 ks Barva: Chrom Dostupnost: Skladem Druh ovl\u00e1d\u00e1n\u00ed: P\u00e1ka Hloubka: 232 mm Instalace: N\u00e1st\u011bnn\u00e1 100 mm Materi\u00e1l: Mosaz Ostatn\u00ed: Oto\u010dn\u00e9 ram\u00ednko Pr\u016fm\u011br kartu\u0161e: 35 [&hellip;]<\/p>\n","protected":false},"featured_media":19034,"comment_status":"open","ping_status":"open","template":"","meta":[],"product_brand":[],"product_cat":[75],"product_tag":[],"class_list":{"0":"post-18934","1":"product","2":"type-product","3":"status-publish","4":"has-post-thumbnail","6":"product_cat-vodovodni-baterie","8":"first","9":"instock","10":"sale","11":"shipping-taxable","12":"purchasable","13":"product-type-simple"},"yoast_head":"<!-- This site is optimized with the Yoast SEO plugin v26.8 - https:\/\/yoast.com\/product\/yoast-seo-wordpress\/ -->\n<title>AQUALINE 35 n\u00e1st\u011bnn\u00e1 baterie, rozte\u010d 100mm, ram\u00ednko S, chrom Sleva -<\/title>\n<meta name=\"robots\" content=\"index, follow, max-snippet:-1, max-image-preview:large, max-video-preview:-1\" \/>\n<link rel=\"canonical\" href=\"https:\/\/www.domkraftpro.com\/index.php\/produkt\/aqualine-35-nastenna-baterie-roztec-100mm-raminko-s-chrom-sleva-18934\/\" \/>\n<meta property=\"og:locale\" content=\"cs_CZ\" \/>\n<meta property=\"og:type\" content=\"article\" \/>\n<meta property=\"og:title\" content=\"AQUALINE 35 n\u00e1st\u011bnn\u00e1 baterie, rozte\u010d 100mm, ram\u00ednko S, chrom Sleva -\" \/>\n<meta property=\"og:description\" content=\"Detailn\u00ed popis produktu S\u00e9rie vodovodn\u00edch p\u00e1kov\u00fdch bateri\u00ed AQUALINE 35 p\u0159edstavuje kombinaci tradi\u010dn\u00edho jednoduch\u00e9ho designu a kvality proveden\u00ed za p\u0159\u00edznivou cenu.&nbsp; Dopl\u0148kov\u00e9 parametry Kategorie: Z\u00e1ruka: 72 Hmotnost: 1.95 kg EAN: 8590913921964 Balen\u00ed: 2 ks Barva: Chrom Dostupnost: Skladem Druh ovl\u00e1d\u00e1n\u00ed: P\u00e1ka Hloubka: 232 mm Instalace: N\u00e1st\u011bnn\u00e1 100 mm Materi\u00e1l: Mosaz Ostatn\u00ed: Oto\u010dn\u00e9 ram\u00ednko Pr\u016fm\u011br kartu\u0161e: 35 [&hellip;]\" \/>\n<meta property=\"og:url\" content=\"https:\/\/www.domkraftpro.com\/index.php\/produkt\/aqualine-35-nastenna-baterie-roztec-100mm-raminko-s-chrom-sleva-18934\/\" \/>\n<meta property=\"og:image\" content=\"https:\/\/www.domkraftpro.com\/wp-content\/uploads\/2026\/SK0008047-CZ20260425-092556-0-1777080363-789975_aqualine-35-nastenna-baterie--roztec-100mm--raminko-.webp\" \/>\n\t<meta property=\"og:image:width\" content=\"1000\" \/>\n\t<meta property=\"og:image:height\" content=\"750\" \/>\n\t<meta property=\"og:image:type\" content=\"image\/webp\" \/>\n<meta name=\"twitter:card\" content=\"summary_large_image\" \/>\n<script type=\"application\/ld+json\" class=\"yoast-schema-graph\">{\"@context\":\"https:\/\/schema.org\",\"@graph\":[{\"@type\":\"WebPage\",\"@id\":\"https:\/\/www.domkraftpro.com\/index.php\/produkt\/aqualine-35-nastenna-baterie-roztec-100mm-raminko-s-chrom-sleva-18934\/\",\"url\":\"https:\/\/www.domkraftpro.com\/index.php\/produkt\/aqualine-35-nastenna-baterie-roztec-100mm-raminko-s-chrom-sleva-18934\/\",\"name\":\"AQUALINE 35 n\u00e1st\u011bnn\u00e1 baterie, rozte\u010d 100mm, ram\u00ednko S, chrom Sleva -\",\"isPartOf\":{\"@id\":\"https:\/\/www.domkraftpro.com\/#website\"},\"primaryImageOfPage\":{\"@id\":\"https:\/\/www.domkraftpro.com\/index.php\/produkt\/aqualine-35-nastenna-baterie-roztec-100mm-raminko-s-chrom-sleva-18934\/#primaryimage\"},\"image\":{\"@id\":\"https:\/\/www.domkraftpro.com\/index.php\/produkt\/aqualine-35-nastenna-baterie-roztec-100mm-raminko-s-chrom-sleva-18934\/#primaryimage\"},\"thumbnailUrl\":\"https:\/\/www.domkraftpro.com\/wp-content\/uploads\/2026\/SK0008047-CZ20260425-092556-0-1777080363-789975_aqualine-35-nastenna-baterie--roztec-100mm--raminko-.webp\",\"datePublished\":\"2026-04-27T04:41:10+00:00\",\"breadcrumb\":{\"@id\":\"https:\/\/www.domkraftpro.com\/index.php\/produkt\/aqualine-35-nastenna-baterie-roztec-100mm-raminko-s-chrom-sleva-18934\/#breadcrumb\"},\"inLanguage\":\"cs\",\"potentialAction\":[{\"@type\":\"ReadAction\",\"target\":[\"https:\/\/www.domkraftpro.com\/index.php\/produkt\/aqualine-35-nastenna-baterie-roztec-100mm-raminko-s-chrom-sleva-18934\/\"]}]},{\"@type\":\"ImageObject\",\"inLanguage\":\"cs\",\"@id\":\"https:\/\/www.domkraftpro.com\/index.php\/produkt\/aqualine-35-nastenna-baterie-roztec-100mm-raminko-s-chrom-sleva-18934\/#primaryimage\",\"url\":\"https:\/\/www.domkraftpro.com\/wp-content\/uploads\/2026\/SK0008047-CZ20260425-092556-0-1777080363-789975_aqualine-35-nastenna-baterie--roztec-100mm--raminko-.webp\",\"contentUrl\":\"https:\/\/www.domkraftpro.com\/wp-content\/uploads\/2026\/SK0008047-CZ20260425-092556-0-1777080363-789975_aqualine-35-nastenna-baterie--roztec-100mm--raminko-.webp\",\"width\":1000,\"height\":750},{\"@type\":\"BreadcrumbList\",\"@id\":\"https:\/\/www.domkraftpro.com\/index.php\/produkt\/aqualine-35-nastenna-baterie-roztec-100mm-raminko-s-chrom-sleva-18934\/#breadcrumb\",\"itemListElement\":[{\"@type\":\"ListItem\",\"position\":1,\"name\":\"Home\",\"item\":\"https:\/\/www.domkraftpro.com\/\"},{\"@type\":\"ListItem\",\"position\":2,\"name\":\"Products\",\"item\":\"https:\/\/www.domkraftpro.com\/index.php\/products\/\"},{\"@type\":\"ListItem\",\"position\":3,\"name\":\"AQUALINE 35 n\u00e1st\u011bnn\u00e1 baterie, rozte\u010d 100mm, ram\u00ednko S, chrom Sleva\"}]},{\"@type\":\"WebSite\",\"@id\":\"https:\/\/www.domkraftpro.com\/#website\",\"url\":\"https:\/\/www.domkraftpro.com\/\",\"name\":\"\",\"description\":\"\",\"potentialAction\":[{\"@type\":\"SearchAction\",\"target\":{\"@type\":\"EntryPoint\",\"urlTemplate\":\"https:\/\/www.domkraftpro.com\/?s={search_term_string}\"},\"query-input\":{\"@type\":\"PropertyValueSpecification\",\"valueRequired\":true,\"valueName\":\"search_term_string\"}}],\"inLanguage\":\"cs\"}]}<\/script>\n<!-- \/ Yoast SEO plugin. -->","yoast_head_json":{"title":"AQUALINE 35 n\u00e1st\u011bnn\u00e1 baterie, rozte\u010d 100mm, ram\u00ednko S, chrom Sleva -","robots":{"index":"index","follow":"follow","max-snippet":"max-snippet:-1","max-image-preview":"max-image-preview:large","max-video-preview":"max-video-preview:-1"},"canonical":"https:\/\/www.domkraftpro.com\/index.php\/produkt\/aqualine-35-nastenna-baterie-roztec-100mm-raminko-s-chrom-sleva-18934\/","og_locale":"cs_CZ","og_type":"article","og_title":"AQUALINE 35 n\u00e1st\u011bnn\u00e1 baterie, rozte\u010d 100mm, ram\u00ednko S, chrom Sleva -","og_description":"Detailn\u00ed popis produktu S\u00e9rie vodovodn\u00edch p\u00e1kov\u00fdch bateri\u00ed AQUALINE 35 p\u0159edstavuje kombinaci tradi\u010dn\u00edho jednoduch\u00e9ho designu a kvality proveden\u00ed za p\u0159\u00edznivou cenu.&nbsp; Dopl\u0148kov\u00e9 parametry Kategorie: Z\u00e1ruka: 72 Hmotnost: 1.95 kg EAN: 8590913921964 Balen\u00ed: 2 ks Barva: Chrom Dostupnost: Skladem Druh ovl\u00e1d\u00e1n\u00ed: P\u00e1ka Hloubka: 232 mm Instalace: N\u00e1st\u011bnn\u00e1 100 mm Materi\u00e1l: Mosaz Ostatn\u00ed: Oto\u010dn\u00e9 ram\u00ednko Pr\u016fm\u011br kartu\u0161e: 35 [&hellip;]","og_url":"https:\/\/www.domkraftpro.com\/index.php\/produkt\/aqualine-35-nastenna-baterie-roztec-100mm-raminko-s-chrom-sleva-18934\/","og_image":[{"width":1000,"height":750,"url":"https:\/\/www.domkraftpro.com\/wp-content\/uploads\/2026\/SK0008047-CZ20260425-092556-0-1777080363-789975_aqualine-35-nastenna-baterie--roztec-100mm--raminko-.webp","type":"image\/webp"}],"twitter_card":"summary_large_image","schema":{"@context":"https:\/\/schema.org","@graph":[{"@type":"WebPage","@id":"https:\/\/www.domkraftpro.com\/index.php\/produkt\/aqualine-35-nastenna-baterie-roztec-100mm-raminko-s-chrom-sleva-18934\/","url":"https:\/\/www.domkraftpro.com\/index.php\/produkt\/aqualine-35-nastenna-baterie-roztec-100mm-raminko-s-chrom-sleva-18934\/","name":"AQUALINE 35 n\u00e1st\u011bnn\u00e1 baterie, rozte\u010d 100mm, ram\u00ednko S, chrom Sleva -","isPartOf":{"@id":"https:\/\/www.domkraftpro.com\/#website"},"primaryImageOfPage":{"@id":"https:\/\/www.domkraftpro.com\/index.php\/produkt\/aqualine-35-nastenna-baterie-roztec-100mm-raminko-s-chrom-sleva-18934\/#primaryimage"},"image":{"@id":"https:\/\/www.domkraftpro.com\/index.php\/produkt\/aqualine-35-nastenna-baterie-roztec-100mm-raminko-s-chrom-sleva-18934\/#primaryimage"},"thumbnailUrl":"https:\/\/www.domkraftpro.com\/wp-content\/uploads\/2026\/SK0008047-CZ20260425-092556-0-1777080363-789975_aqualine-35-nastenna-baterie--roztec-100mm--raminko-.webp","datePublished":"2026-04-27T04:41:10+00:00","breadcrumb":{"@id":"https:\/\/www.domkraftpro.com\/index.php\/produkt\/aqualine-35-nastenna-baterie-roztec-100mm-raminko-s-chrom-sleva-18934\/#breadcrumb"},"inLanguage":"cs","potentialAction":[{"@type":"ReadAction","target":["https:\/\/www.domkraftpro.com\/index.php\/produkt\/aqualine-35-nastenna-baterie-roztec-100mm-raminko-s-chrom-sleva-18934\/"]}]},{"@type":"ImageObject","inLanguage":"cs","@id":"https:\/\/www.domkraftpro.com\/index.php\/produkt\/aqualine-35-nastenna-baterie-roztec-100mm-raminko-s-chrom-sleva-18934\/#primaryimage","url":"https:\/\/www.domkraftpro.com\/wp-content\/uploads\/2026\/SK0008047-CZ20260425-092556-0-1777080363-789975_aqualine-35-nastenna-baterie--roztec-100mm--raminko-.webp","contentUrl":"https:\/\/www.domkraftpro.com\/wp-content\/uploads\/2026\/SK0008047-CZ20260425-092556-0-1777080363-789975_aqualine-35-nastenna-baterie--roztec-100mm--raminko-.webp","width":1000,"height":750},{"@type":"BreadcrumbList","@id":"https:\/\/www.domkraftpro.com\/index.php\/produkt\/aqualine-35-nastenna-baterie-roztec-100mm-raminko-s-chrom-sleva-18934\/#breadcrumb","itemListElement":[{"@type":"ListItem","position":1,"name":"Home","item":"https:\/\/www.domkraftpro.com\/"},{"@type":"ListItem","position":2,"name":"Products","item":"https:\/\/www.domkraftpro.com\/index.php\/products\/"},{"@type":"ListItem","position":3,"name":"AQUALINE 35 n\u00e1st\u011bnn\u00e1 baterie, rozte\u010d 100mm, ram\u00ednko S, chrom Sleva"}]},{"@type":"WebSite","@id":"https:\/\/www.domkraftpro.com\/#website","url":"https:\/\/www.domkraftpro.com\/","name":"","description":"","potentialAction":[{"@type":"SearchAction","target":{"@type":"EntryPoint","urlTemplate":"https:\/\/www.domkraftpro.com\/?s={search_term_string}"},"query-input":{"@type":"PropertyValueSpecification","valueRequired":true,"valueName":"search_term_string"}}],"inLanguage":"cs"}]}},"_links":{"self":[{"href":"https:\/\/www.domkraftpro.com\/index.php\/wp-json\/wp\/v2\/product\/18934","targetHints":{"allow":["GET"]}}],"collection":[{"href":"https:\/\/www.domkraftpro.com\/index.php\/wp-json\/wp\/v2\/product"}],"about":[{"href":"https:\/\/www.domkraftpro.com\/index.php\/wp-json\/wp\/v2\/types\/product"}],"replies":[{"embeddable":true,"href":"https:\/\/www.domkraftpro.com\/index.php\/wp-json\/wp\/v2\/comments?post=18934"}],"wp:featuredmedia":[{"embeddable":true,"href":"https:\/\/www.domkraftpro.com\/index.php\/wp-json\/wp\/v2\/media\/19034"}],"wp:attachment":[{"href":"https:\/\/www.domkraftpro.com\/index.php\/wp-json\/wp\/v2\/media?parent=18934"}],"wp:term":[{"taxonomy":"product_brand","embeddable":true,"href":"https:\/\/www.domkraftpro.com\/index.php\/wp-json\/wp\/v2\/product_brand?post=18934"},{"taxonomy":"product_cat","embeddable":true,"href":"https:\/\/www.domkraftpro.com\/index.php\/wp-json\/wp\/v2\/product_cat?post=18934"},{"taxonomy":"product_tag","embeddable":true,"href":"https:\/\/www.domkraftpro.com\/index.php\/wp-json\/wp\/v2\/product_tag?post=18934"}],"curies":[{"name":"wp","href":"https:\/\/api.w.org\/{rel}","templated":true}]}}