{"id":18931,"date":"2026-04-27T04:41:10","date_gmt":"2026-04-27T04:41:10","guid":{"rendered":""},"modified":"2026-04-27T04:41:10","modified_gmt":"2026-04-27T04:41:10","slug":"sapho-minor-betonove-umyvadlo-na-desku-26-cm-ruzova-mat-koupelny-sanita-cz-tovarni-cena-18931","status":"publish","type":"product","link":"https:\/\/www.domkraftpro.com\/index.php\/produkt\/sapho-minor-betonove-umyvadlo-na-desku-26-cm-ruzova-mat-koupelny-sanita-cz-tovarni-cena-18931\/","title":{"rendered":"Sapho Minor betonov\u00e9 umyvadlo na desku 26 cm r\u016f\u017eov\u00e1 mat | Koupelny-Sanita.cz Tov\u00e1rn\u00ed Cena"},"content":{"rendered":"<div class=\"basic-description\">\n<h3>Detailn\u00ed popis produktu<\/h3>\n<p>Vyrobeno z p\u0159\u00edrodn\u00edho materi\u00e1lu, jednotliv\u00e9 kusy se mohou nepatrn\u011b odli\u0161ovat v barevnosti a velikosti. Beton o\u0161et\u0159en\u00fd vod\u011b odoln\u00fdm n\u00e1t\u011brem.<\/p>\n<p>Betonov\u00e1 umyvadla MINOR jsou jedine\u010dn\u00e1 nejen pou\u017eit\u00fdm materi\u00e1lem, ale p\u0159edev\u0161\u00edm ru\u010dn\u00ed v\u00fdrobou. Ka\u017ed\u00fd kus je origin\u00e1lem, kter\u00fd nese otisk umu zru\u010dn\u00e9ho \u0159emesln\u00edka. Jsou vyrobena lit\u00edm speci\u00e1ln\u00ed odleh\u010den\u00e9 sm\u011bsi betonu do formy a naimpregnov\u00e1na proti nas\u00e1k\u00e1v\u00e1n\u00ed tekutin. P\u0159iznan\u00e1 p\u00f3rovit\u00e1 struktura betonu na vn\u011bj\u0161\u00ed stran\u011b dod\u00e1v\u00e1 umyvadl\u016fm syrov\u00fd a jedine\u010dn\u00fd vzhled.<\/p>\n<p style=\"text-align: justify;\">Jak n\u00e1zev napov\u00edd\u00e1, s\u00e9rie SMALL nab\u00edz\u00ed pestrou \u0161k\u00e1lu na prostor nen\u00e1ro\u010dn\u00fdch keramick\u00fdch um\u00fdv\u00e1tek. D\u00edky sv\u00fdm mal\u00fdm rozm\u011br\u016fm, vysok\u00e9 funk\u010dnosti a jemn\u00e9mu designu se stanou elegantn\u00ed sou\u010d\u00e1st\u00ed koupelny nebo m\u00edstnosti s&nbsp;WC. A\u0165 preferujete ostr\u00e9 hrany \u010di obl\u00e9 k\u0159ivky, SMALL nab\u00edz\u00ed to, co hled\u00e1te. Za pozornost stoj\u00ed rohov\u00e9 um\u00fdv\u00e1tko, kter\u00e9 m\u016f\u017ee v&nbsp;mnoha p\u0159\u00edpadech p\u0159edstavovat dokonal\u00e9 \u0159e\u0161en\u00ed prostorov\u00e9ho uspo\u0159\u00e1d\u00e1n\u00ed mal\u00e9 koupelny.<\/p>\n<\/p><\/div>\n<div class=\"extended-description\">\n<h3>Dopl\u0148kov\u00e9 parametry<\/h3>\n<table class=\"detail-parameters\">\n<tbody>\n<tr>\n<th>        <span class=\"row-header-label\">            Kategorie<span class=\"row-header-label-colon\">:<\/span>        <\/span>    <\/th>\n<td>            <\/td>\n<\/tr>\n<tr>\n<th>            <span class=\"row-header-label\">                Z\u00e1ruka<span class=\"row-header-label-colon\">:<\/span>            <\/span>        <\/th>\n<td>            24        <\/td>\n<\/tr>\n<tr>\n<th>            <span class=\"row-header-label\">                Hmotnost<span class=\"row-header-label-colon\">:<\/span>            <\/span>        <\/th>\n<td>            2.423 kg        <\/td>\n<\/tr>\n<tr class=\"productEan\">\n<th>          <span class=\"row-header-label productEan__label\">              EAN<span class=\"row-header-label-colon\">:<\/span>          <\/span>      <\/th>\n<td>          <span class=\"productEan__value\">8590913970627<\/span>      <\/td>\n<\/tr>\n<tr>\n<th>                <span class=\"row-header-label\">                                            3D model<span class=\"row-header-label-colon\">:<\/span>                                    <\/span>            <\/th>\n<td>                                                            ANO                                                <\/td>\n<\/tr>\n<tr>\n<th>                <span class=\"row-header-label\">                                            Balen\u00ed<span class=\"row-header-label-colon\">:<\/span>                                    <\/span>            <\/th>\n<td>                                                            1 ks                                                <\/td>\n<\/tr>\n<tr>\n<th>                <span class=\"row-header-label\">                                            Balen\u00ed neobsahuje<span class=\"row-header-label-colon\">:<\/span>                                    <\/span>            <\/th>\n<td>                                                            V\u00fdpust                                                <\/td>\n<\/tr>\n<tr>\n<th>                <span class=\"row-header-label\">                                            Barva<span class=\"row-header-label-colon\">:<\/span>                                    <\/span>            <\/th>\n<td>                                                            \u010cerven\u00e1\/R\u016f\u017eov\u00e1                                                <\/td>\n<\/tr>\n<tr>\n<th>                <span class=\"row-header-label\">                                            Dostupnost<span class=\"row-header-label-colon\">:<\/span>                                    <\/span>            <\/th>\n<td>                                                            Skladem                                                <\/td>\n<\/tr>\n<tr>\n<th>                <span class=\"row-header-label\">                                            Hloubka<span class=\"row-header-label-colon\">:<\/span>                                    <\/span>            <\/th>\n<td>                                                            260 mm                                                <\/td>\n<\/tr>\n<tr>\n<th>                <span class=\"row-header-label\">                                            Instalace<span class=\"row-header-label-colon\">:<\/span>                                    <\/span>            <\/th>\n<td>                                                            K postaven\u00ed                                                <\/td>\n<\/tr>\n<tr>\n<th>                <span class=\"row-header-label\">                                            Materi\u00e1l<span class=\"row-header-label-colon\">:<\/span>                                    <\/span>            <\/th>\n<td>                                                            Beton                                                <\/td>\n<\/tr>\n<tr>\n<th>                <span class=\"row-header-label\">                                            Otvor pro baterii<span class=\"row-header-label-colon\">:<\/span>                                    <\/span>            <\/th>\n<td>                                                            Bez otvoru                                                <\/td>\n<\/tr>\n<tr>\n<th>                <span class=\"row-header-label\">                                            Pr\u016fm\u011br<span class=\"row-header-label-colon\">:<\/span>                                    <\/span>            <\/th>\n<td>                                                            260 mm                                                <\/td>\n<\/tr>\n<tr>\n<th>                <span class=\"row-header-label\">                                            P\u0159epad<span class=\"row-header-label-colon\">:<\/span>                                    <\/span>            <\/th>\n<td>                                                            Ne                                                <\/td>\n<\/tr>\n<tr>\n<th>                <span class=\"row-header-label\">                                            Rozm\u011br<span class=\"row-header-label-colon\">:<\/span>                                    <\/span>            <\/th>\n<td>                                                            26&#215;11 cm                                                <\/td>\n<\/tr>\n<tr>\n<th>                <span class=\"row-header-label\">                                            \u0160\u00ed\u0159ka<span class=\"row-header-label-colon\">:<\/span>                                    <\/span>            <\/th>\n<td>                                                            260 mm                                                <\/td>\n<\/tr>\n<tr>\n<th>                <span class=\"row-header-label\">                                            Tvar<span class=\"row-header-label-colon\">:<\/span>                                    <\/span>            <\/th>\n<td>                                                            Kruh                                                <\/td>\n<\/tr>\n<tr>\n<th>                <span class=\"row-header-label\">                                            Typ umyvadla<span class=\"row-header-label-colon\">:<\/span>                                    <\/span>            <\/th>\n<td>                                                            Um\u00fdv\u00e1tko (mal\u00e9)                                                <\/td>\n<\/tr>\n<tr>\n<th>                <span class=\"row-header-label\">                                            V\u00fd\u0161ka<span class=\"row-header-label-colon\">:<\/span>                                    <\/span>            <\/th>\n<td>                                                            110 mm                                                <\/td>\n<\/tr>\n<tr>\n<th>                <span class=\"row-header-label\">                                            Z\u00e1ruka<span class=\"row-header-label-colon\">:<\/span>                                    <\/span>            <\/th>\n<td>                                                            2 roky                                                <\/td>\n<\/tr>\n<\/tbody>\n<\/table><\/div>\n<\/p><\/div>\n<\/p><\/div>\n","protected":false},"excerpt":{"rendered":"<p>Detailn\u00ed popis produktu Vyrobeno z p\u0159\u00edrodn\u00edho materi\u00e1lu, jednotliv\u00e9 kusy se mohou nepatrn\u011b odli\u0161ovat v barevnosti a velikosti. Beton o\u0161et\u0159en\u00fd vod\u011b odoln\u00fdm n\u00e1t\u011brem. Betonov\u00e1 umyvadla MINOR jsou jedine\u010dn\u00e1 nejen pou\u017eit\u00fdm materi\u00e1lem, ale p\u0159edev\u0161\u00edm ru\u010dn\u00ed v\u00fdrobou. Ka\u017ed\u00fd kus je origin\u00e1lem, kter\u00fd nese otisk umu zru\u010dn\u00e9ho \u0159emesln\u00edka. Jsou vyrobena lit\u00edm speci\u00e1ln\u00ed odleh\u010den\u00e9 sm\u011bsi betonu do formy a naimpregnov\u00e1na [&hellip;]<\/p>\n","protected":false},"featured_media":19031,"comment_status":"open","ping_status":"open","template":"","meta":[],"product_brand":[],"product_cat":[70],"product_tag":[],"class_list":{"0":"post-18931","1":"product","2":"type-product","3":"status-publish","4":"has-post-thumbnail","6":"product_cat-umyvatka","8":"first","9":"instock","10":"sale","11":"shipping-taxable","12":"purchasable","13":"product-type-simple"},"yoast_head":"<!-- This site is optimized with the Yoast SEO plugin v26.8 - https:\/\/yoast.com\/product\/yoast-seo-wordpress\/ -->\n<title>Sapho Minor betonov\u00e9 umyvadlo na desku 26 cm r\u016f\u017eov\u00e1 mat | Koupelny-Sanita.cz Tov\u00e1rn\u00ed Cena -<\/title>\n<meta name=\"robots\" content=\"index, follow, max-snippet:-1, max-image-preview:large, max-video-preview:-1\" \/>\n<link rel=\"canonical\" href=\"https:\/\/www.domkraftpro.com\/index.php\/produkt\/sapho-minor-betonove-umyvadlo-na-desku-26-cm-ruzova-mat-koupelny-sanita-cz-tovarni-cena-18931\/\" \/>\n<meta property=\"og:locale\" content=\"cs_CZ\" \/>\n<meta property=\"og:type\" content=\"article\" \/>\n<meta property=\"og:title\" content=\"Sapho Minor betonov\u00e9 umyvadlo na desku 26 cm r\u016f\u017eov\u00e1 mat | Koupelny-Sanita.cz Tov\u00e1rn\u00ed Cena -\" \/>\n<meta property=\"og:description\" content=\"Detailn\u00ed popis produktu Vyrobeno z p\u0159\u00edrodn\u00edho materi\u00e1lu, jednotliv\u00e9 kusy se mohou nepatrn\u011b odli\u0161ovat v barevnosti a velikosti. Beton o\u0161et\u0159en\u00fd vod\u011b odoln\u00fdm n\u00e1t\u011brem. Betonov\u00e1 umyvadla MINOR jsou jedine\u010dn\u00e1 nejen pou\u017eit\u00fdm materi\u00e1lem, ale p\u0159edev\u0161\u00edm ru\u010dn\u00ed v\u00fdrobou. Ka\u017ed\u00fd kus je origin\u00e1lem, kter\u00fd nese otisk umu zru\u010dn\u00e9ho \u0159emesln\u00edka. Jsou vyrobena lit\u00edm speci\u00e1ln\u00ed odleh\u010den\u00e9 sm\u011bsi betonu do formy a naimpregnov\u00e1na [&hellip;]\" \/>\n<meta property=\"og:url\" content=\"https:\/\/www.domkraftpro.com\/index.php\/produkt\/sapho-minor-betonove-umyvadlo-na-desku-26-cm-ruzova-mat-koupelny-sanita-cz-tovarni-cena-18931\/\" \/>\n<meta property=\"og:image\" content=\"https:\/\/www.domkraftpro.com\/wp-content\/uploads\/2026\/SK0008044-CZ20260425-092556-0-1777080363-782937_mr26021-228264626895123.webp\" \/>\n\t<meta property=\"og:image:width\" content=\"1000\" \/>\n\t<meta property=\"og:image:height\" content=\"750\" \/>\n\t<meta property=\"og:image:type\" content=\"image\/webp\" \/>\n<meta name=\"twitter:card\" content=\"summary_large_image\" \/>\n<meta name=\"twitter:label1\" content=\"Odhadovan\u00e1 doba \u010dten\u00ed\" \/>\n\t<meta name=\"twitter:data1\" content=\"1 minuta\" \/>\n<script type=\"application\/ld+json\" class=\"yoast-schema-graph\">{\"@context\":\"https:\/\/schema.org\",\"@graph\":[{\"@type\":\"WebPage\",\"@id\":\"https:\/\/www.domkraftpro.com\/index.php\/produkt\/sapho-minor-betonove-umyvadlo-na-desku-26-cm-ruzova-mat-koupelny-sanita-cz-tovarni-cena-18931\/\",\"url\":\"https:\/\/www.domkraftpro.com\/index.php\/produkt\/sapho-minor-betonove-umyvadlo-na-desku-26-cm-ruzova-mat-koupelny-sanita-cz-tovarni-cena-18931\/\",\"name\":\"Sapho Minor betonov\u00e9 umyvadlo na desku 26 cm r\u016f\u017eov\u00e1 mat | Koupelny-Sanita.cz Tov\u00e1rn\u00ed Cena -\",\"isPartOf\":{\"@id\":\"https:\/\/www.domkraftpro.com\/#website\"},\"primaryImageOfPage\":{\"@id\":\"https:\/\/www.domkraftpro.com\/index.php\/produkt\/sapho-minor-betonove-umyvadlo-na-desku-26-cm-ruzova-mat-koupelny-sanita-cz-tovarni-cena-18931\/#primaryimage\"},\"image\":{\"@id\":\"https:\/\/www.domkraftpro.com\/index.php\/produkt\/sapho-minor-betonove-umyvadlo-na-desku-26-cm-ruzova-mat-koupelny-sanita-cz-tovarni-cena-18931\/#primaryimage\"},\"thumbnailUrl\":\"https:\/\/www.domkraftpro.com\/wp-content\/uploads\/2026\/SK0008044-CZ20260425-092556-0-1777080363-782937_mr26021-228264626895123.webp\",\"datePublished\":\"2026-04-27T04:41:10+00:00\",\"breadcrumb\":{\"@id\":\"https:\/\/www.domkraftpro.com\/index.php\/produkt\/sapho-minor-betonove-umyvadlo-na-desku-26-cm-ruzova-mat-koupelny-sanita-cz-tovarni-cena-18931\/#breadcrumb\"},\"inLanguage\":\"cs\",\"potentialAction\":[{\"@type\":\"ReadAction\",\"target\":[\"https:\/\/www.domkraftpro.com\/index.php\/produkt\/sapho-minor-betonove-umyvadlo-na-desku-26-cm-ruzova-mat-koupelny-sanita-cz-tovarni-cena-18931\/\"]}]},{\"@type\":\"ImageObject\",\"inLanguage\":\"cs\",\"@id\":\"https:\/\/www.domkraftpro.com\/index.php\/produkt\/sapho-minor-betonove-umyvadlo-na-desku-26-cm-ruzova-mat-koupelny-sanita-cz-tovarni-cena-18931\/#primaryimage\",\"url\":\"https:\/\/www.domkraftpro.com\/wp-content\/uploads\/2026\/SK0008044-CZ20260425-092556-0-1777080363-782937_mr26021-228264626895123.webp\",\"contentUrl\":\"https:\/\/www.domkraftpro.com\/wp-content\/uploads\/2026\/SK0008044-CZ20260425-092556-0-1777080363-782937_mr26021-228264626895123.webp\",\"width\":1000,\"height\":750},{\"@type\":\"BreadcrumbList\",\"@id\":\"https:\/\/www.domkraftpro.com\/index.php\/produkt\/sapho-minor-betonove-umyvadlo-na-desku-26-cm-ruzova-mat-koupelny-sanita-cz-tovarni-cena-18931\/#breadcrumb\",\"itemListElement\":[{\"@type\":\"ListItem\",\"position\":1,\"name\":\"Home\",\"item\":\"https:\/\/www.domkraftpro.com\/\"},{\"@type\":\"ListItem\",\"position\":2,\"name\":\"Products\",\"item\":\"https:\/\/www.domkraftpro.com\/index.php\/products\/\"},{\"@type\":\"ListItem\",\"position\":3,\"name\":\"Sapho Minor betonov\u00e9 umyvadlo na desku 26 cm r\u016f\u017eov\u00e1 mat | Koupelny-Sanita.cz Tov\u00e1rn\u00ed Cena\"}]},{\"@type\":\"WebSite\",\"@id\":\"https:\/\/www.domkraftpro.com\/#website\",\"url\":\"https:\/\/www.domkraftpro.com\/\",\"name\":\"\",\"description\":\"\",\"potentialAction\":[{\"@type\":\"SearchAction\",\"target\":{\"@type\":\"EntryPoint\",\"urlTemplate\":\"https:\/\/www.domkraftpro.com\/?s={search_term_string}\"},\"query-input\":{\"@type\":\"PropertyValueSpecification\",\"valueRequired\":true,\"valueName\":\"search_term_string\"}}],\"inLanguage\":\"cs\"}]}<\/script>\n<!-- \/ Yoast SEO plugin. -->","yoast_head_json":{"title":"Sapho Minor betonov\u00e9 umyvadlo na desku 26 cm r\u016f\u017eov\u00e1 mat | Koupelny-Sanita.cz Tov\u00e1rn\u00ed Cena -","robots":{"index":"index","follow":"follow","max-snippet":"max-snippet:-1","max-image-preview":"max-image-preview:large","max-video-preview":"max-video-preview:-1"},"canonical":"https:\/\/www.domkraftpro.com\/index.php\/produkt\/sapho-minor-betonove-umyvadlo-na-desku-26-cm-ruzova-mat-koupelny-sanita-cz-tovarni-cena-18931\/","og_locale":"cs_CZ","og_type":"article","og_title":"Sapho Minor betonov\u00e9 umyvadlo na desku 26 cm r\u016f\u017eov\u00e1 mat | Koupelny-Sanita.cz Tov\u00e1rn\u00ed Cena -","og_description":"Detailn\u00ed popis produktu Vyrobeno z p\u0159\u00edrodn\u00edho materi\u00e1lu, jednotliv\u00e9 kusy se mohou nepatrn\u011b odli\u0161ovat v barevnosti a velikosti. Beton o\u0161et\u0159en\u00fd vod\u011b odoln\u00fdm n\u00e1t\u011brem. Betonov\u00e1 umyvadla MINOR jsou jedine\u010dn\u00e1 nejen pou\u017eit\u00fdm materi\u00e1lem, ale p\u0159edev\u0161\u00edm ru\u010dn\u00ed v\u00fdrobou. Ka\u017ed\u00fd kus je origin\u00e1lem, kter\u00fd nese otisk umu zru\u010dn\u00e9ho \u0159emesln\u00edka. Jsou vyrobena lit\u00edm speci\u00e1ln\u00ed odleh\u010den\u00e9 sm\u011bsi betonu do formy a naimpregnov\u00e1na [&hellip;]","og_url":"https:\/\/www.domkraftpro.com\/index.php\/produkt\/sapho-minor-betonove-umyvadlo-na-desku-26-cm-ruzova-mat-koupelny-sanita-cz-tovarni-cena-18931\/","og_image":[{"width":1000,"height":750,"url":"https:\/\/www.domkraftpro.com\/wp-content\/uploads\/2026\/SK0008044-CZ20260425-092556-0-1777080363-782937_mr26021-228264626895123.webp","type":"image\/webp"}],"twitter_card":"summary_large_image","twitter_misc":{"Odhadovan\u00e1 doba \u010dten\u00ed":"1 minuta"},"schema":{"@context":"https:\/\/schema.org","@graph":[{"@type":"WebPage","@id":"https:\/\/www.domkraftpro.com\/index.php\/produkt\/sapho-minor-betonove-umyvadlo-na-desku-26-cm-ruzova-mat-koupelny-sanita-cz-tovarni-cena-18931\/","url":"https:\/\/www.domkraftpro.com\/index.php\/produkt\/sapho-minor-betonove-umyvadlo-na-desku-26-cm-ruzova-mat-koupelny-sanita-cz-tovarni-cena-18931\/","name":"Sapho Minor betonov\u00e9 umyvadlo na desku 26 cm r\u016f\u017eov\u00e1 mat | Koupelny-Sanita.cz Tov\u00e1rn\u00ed Cena -","isPartOf":{"@id":"https:\/\/www.domkraftpro.com\/#website"},"primaryImageOfPage":{"@id":"https:\/\/www.domkraftpro.com\/index.php\/produkt\/sapho-minor-betonove-umyvadlo-na-desku-26-cm-ruzova-mat-koupelny-sanita-cz-tovarni-cena-18931\/#primaryimage"},"image":{"@id":"https:\/\/www.domkraftpro.com\/index.php\/produkt\/sapho-minor-betonove-umyvadlo-na-desku-26-cm-ruzova-mat-koupelny-sanita-cz-tovarni-cena-18931\/#primaryimage"},"thumbnailUrl":"https:\/\/www.domkraftpro.com\/wp-content\/uploads\/2026\/SK0008044-CZ20260425-092556-0-1777080363-782937_mr26021-228264626895123.webp","datePublished":"2026-04-27T04:41:10+00:00","breadcrumb":{"@id":"https:\/\/www.domkraftpro.com\/index.php\/produkt\/sapho-minor-betonove-umyvadlo-na-desku-26-cm-ruzova-mat-koupelny-sanita-cz-tovarni-cena-18931\/#breadcrumb"},"inLanguage":"cs","potentialAction":[{"@type":"ReadAction","target":["https:\/\/www.domkraftpro.com\/index.php\/produkt\/sapho-minor-betonove-umyvadlo-na-desku-26-cm-ruzova-mat-koupelny-sanita-cz-tovarni-cena-18931\/"]}]},{"@type":"ImageObject","inLanguage":"cs","@id":"https:\/\/www.domkraftpro.com\/index.php\/produkt\/sapho-minor-betonove-umyvadlo-na-desku-26-cm-ruzova-mat-koupelny-sanita-cz-tovarni-cena-18931\/#primaryimage","url":"https:\/\/www.domkraftpro.com\/wp-content\/uploads\/2026\/SK0008044-CZ20260425-092556-0-1777080363-782937_mr26021-228264626895123.webp","contentUrl":"https:\/\/www.domkraftpro.com\/wp-content\/uploads\/2026\/SK0008044-CZ20260425-092556-0-1777080363-782937_mr26021-228264626895123.webp","width":1000,"height":750},{"@type":"BreadcrumbList","@id":"https:\/\/www.domkraftpro.com\/index.php\/produkt\/sapho-minor-betonove-umyvadlo-na-desku-26-cm-ruzova-mat-koupelny-sanita-cz-tovarni-cena-18931\/#breadcrumb","itemListElement":[{"@type":"ListItem","position":1,"name":"Home","item":"https:\/\/www.domkraftpro.com\/"},{"@type":"ListItem","position":2,"name":"Products","item":"https:\/\/www.domkraftpro.com\/index.php\/products\/"},{"@type":"ListItem","position":3,"name":"Sapho Minor betonov\u00e9 umyvadlo na desku 26 cm r\u016f\u017eov\u00e1 mat | Koupelny-Sanita.cz Tov\u00e1rn\u00ed Cena"}]},{"@type":"WebSite","@id":"https:\/\/www.domkraftpro.com\/#website","url":"https:\/\/www.domkraftpro.com\/","name":"","description":"","potentialAction":[{"@type":"SearchAction","target":{"@type":"EntryPoint","urlTemplate":"https:\/\/www.domkraftpro.com\/?s={search_term_string}"},"query-input":{"@type":"PropertyValueSpecification","valueRequired":true,"valueName":"search_term_string"}}],"inLanguage":"cs"}]}},"_links":{"self":[{"href":"https:\/\/www.domkraftpro.com\/index.php\/wp-json\/wp\/v2\/product\/18931","targetHints":{"allow":["GET"]}}],"collection":[{"href":"https:\/\/www.domkraftpro.com\/index.php\/wp-json\/wp\/v2\/product"}],"about":[{"href":"https:\/\/www.domkraftpro.com\/index.php\/wp-json\/wp\/v2\/types\/product"}],"replies":[{"embeddable":true,"href":"https:\/\/www.domkraftpro.com\/index.php\/wp-json\/wp\/v2\/comments?post=18931"}],"wp:featuredmedia":[{"embeddable":true,"href":"https:\/\/www.domkraftpro.com\/index.php\/wp-json\/wp\/v2\/media\/19031"}],"wp:attachment":[{"href":"https:\/\/www.domkraftpro.com\/index.php\/wp-json\/wp\/v2\/media?parent=18931"}],"wp:term":[{"taxonomy":"product_brand","embeddable":true,"href":"https:\/\/www.domkraftpro.com\/index.php\/wp-json\/wp\/v2\/product_brand?post=18931"},{"taxonomy":"product_cat","embeddable":true,"href":"https:\/\/www.domkraftpro.com\/index.php\/wp-json\/wp\/v2\/product_cat?post=18931"},{"taxonomy":"product_tag","embeddable":true,"href":"https:\/\/www.domkraftpro.com\/index.php\/wp-json\/wp\/v2\/product_tag?post=18931"}],"curies":[{"name":"wp","href":"https:\/\/api.w.org\/{rel}","templated":true}]}}