{"id":18755,"date":"2026-04-27T04:41:09","date_gmt":"2026-04-27T04:41:09","guid":{"rendered":""},"modified":"2026-04-27T04:41:09","modified_gmt":"2026-04-27T04:41:09","slug":"cenovy-hit-community-urinal-se-zakrytym-privodem-vody-s-otvory-pro-viko-31x54-5cm-cerna-mat-18755","status":"publish","type":"product","link":"https:\/\/www.domkraftpro.com\/index.php\/produkt\/cenovy-hit-community-urinal-se-zakrytym-privodem-vody-s-otvory-pro-viko-31x54-5cm-cerna-mat-18755\/","title":{"rendered":"Cenov\u00fd Hit COMMUNITY urin\u00e1l se zakryt\u00fdm p\u0159\u00edvodem vody s otvory pro v\u00edko 31&#215;54,5cm, \u010dern\u00e1 mat"},"content":{"rendered":"<div class=\"basic-description\">\n<h3>Detailn\u00ed popis produktu<\/h3>\n<li><strong>Dod\u00e1v\u00e1n bez v\u00edka<\/strong> (v keramice jsou otvory pro mont\u00e1\u017e v\u00edka), v\u00edko k dokoupen\u00ed.<\/li>\n<p style=\"text-align: justify;\">Sanit\u00e1rn\u00ed keramika ze s\u00e9rie Community je ur\u010dena pro ve\u0159ejn\u00e9 a hromadn\u00e9 toalety. S\u00e9rie zahrnuje \u0159adu produkt\u016f pro u\u017eivatele se sn\u00ed\u017eenou pohyblivost\u00ed.Je dopln\u011bna o n\u00e1st\u011bnn\u00e9 bidety a toalety se splachovac\u00edm syst\u00e9mem SwirlFlush&reg; a r\u016fzn\u00e9 modely piso\u00e1r\u016f. V\u00fdrobky jsou povrchov\u011b upraveny antibakteri\u00e1ln\u00ed glazurou Extraglaze&reg;, kter\u00e1 je obohacena o ionty st\u0159\u00edbra a titanu, kter\u00e9 sni\u017euj\u00ed bakteri\u00e1ln\u00ed z\u00e1t\u011b\u017e o 99,99 %.<\/p>\n<\/p><\/div>\n<div class=\"extended-description\">\n<h3>Dopl\u0148kov\u00e9 parametry<\/h3>\n<table class=\"detail-parameters\">\n<tbody>\n<tr>\n<th>        <span class=\"row-header-label\">            Kategorie<span class=\"row-header-label-colon\">:<\/span>        <\/span>    <\/th>\n<td>            <\/td>\n<\/tr>\n<tr>\n<th>            <span class=\"row-header-label\">                Z\u00e1ruka<span class=\"row-header-label-colon\">:<\/span>            <\/span>        <\/th>\n<td>            24        <\/td>\n<\/tr>\n<tr>\n<th>            <span class=\"row-header-label\">                Hmotnost<span class=\"row-header-label-colon\">:<\/span>            <\/span>        <\/th>\n<td>            13.1 kg        <\/td>\n<\/tr>\n<tr class=\"productEan\">\n<th>          <span class=\"row-header-label productEan__label\">              EAN<span class=\"row-header-label-colon\">:<\/span>          <\/span>      <\/th>\n<td>          <span class=\"productEan__value\">8056590015858<\/span>      <\/td>\n<\/tr>\n<tr>\n<th>                <span class=\"row-header-label\">                                            3D model<span class=\"row-header-label-colon\">:<\/span>                                    <\/span>            <\/th>\n<td>                                                            ANO                                                <\/td>\n<\/tr>\n<tr>\n<th>                <span class=\"row-header-label\">                                            Balen\u00ed<span class=\"row-header-label-colon\">:<\/span>                                    <\/span>            <\/th>\n<td>                                                            1 ks                                                <\/td>\n<\/tr>\n<tr>\n<th>                <span class=\"row-header-label\">                                            Balen\u00ed neobsahuje<span class=\"row-header-label-colon\">:<\/span>                                    <\/span>            <\/th>\n<td>                                                            V\u00edko urin\u00e1lu                                                <\/td>\n<\/tr>\n<tr>\n<th>                <span class=\"row-header-label\">                                            Balen\u00ed obsahuje<span class=\"row-header-label-colon\">:<\/span>                                    <\/span>            <\/th>\n<td>                                                            Mont\u00e1\u017en\u00ed sada                                                <\/td>\n<\/tr>\n<tr>\n<th>                <span class=\"row-header-label\">                                            Barva<span class=\"row-header-label-colon\">:<\/span>                                    <\/span>            <\/th>\n<td>                                                            \u010cern\u00e1                                                <\/td>\n<\/tr>\n<tr>\n<th>                <span class=\"row-header-label\">                                            Dostupnost<span class=\"row-header-label-colon\">:<\/span>                                    <\/span>            <\/th>\n<td>                                                            Dod\u00e1n\u00ed do 8 t\u00fddn\u016f                                                <\/td>\n<\/tr>\n<tr>\n<th>                <span class=\"row-header-label\">                                            Hloubka<span class=\"row-header-label-colon\">:<\/span>                                    <\/span>            <\/th>\n<td>                                                            310 mm                                                <\/td>\n<\/tr>\n<tr>\n<th>                <span class=\"row-header-label\">                                            Materi\u00e1l<span class=\"row-header-label-colon\">:<\/span>                                    <\/span>            <\/th>\n<td>                                                            Keramika                                                <\/td>\n<\/tr>\n<tr>\n<th>                <span class=\"row-header-label\">                                            Ostatn\u00ed<span class=\"row-header-label-colon\">:<\/span>                                    <\/span>            <\/th>\n<td>                                                            Urin\u00e1l s poklopem                                                <\/td>\n<\/tr>\n<tr>\n<th>                <span class=\"row-header-label\">                                            P\u0159\u00edvod vody<span class=\"row-header-label-colon\">:<\/span>                                    <\/span>            <\/th>\n<td>                                                            Zakryt\u00fd                                                <\/td>\n<\/tr>\n<tr>\n<th>                <span class=\"row-header-label\">                                            Rozm\u011br<span class=\"row-header-label-colon\">:<\/span>                                    <\/span>            <\/th>\n<td>                                                            30,5&#215;54,5&#215;31 cm                                                <\/td>\n<\/tr>\n<tr>\n<th>                <span class=\"row-header-label\">                                            \u0160\u00ed\u0159ka<span class=\"row-header-label-colon\">:<\/span>                                    <\/span>            <\/th>\n<td>                                                            305 mm                                                <\/td>\n<\/tr>\n<tr>\n<th>                <span class=\"row-header-label\">                                            V\u00fd\u0161ka<span class=\"row-header-label-colon\">:<\/span>                                    <\/span>            <\/th>\n<td>                                                            545 mm                                                <\/td>\n<\/tr>\n<tr>\n<th>                <span class=\"row-header-label\">                                            Z\u00e1ruka<span class=\"row-header-label-colon\">:<\/span>                                    <\/span>            <\/th>\n<td>                                                            2 roky                                                <\/td>\n<\/tr>\n<\/tbody>\n<\/table><\/div>\n<\/p><\/div>\n<\/p><\/div>\n","protected":false},"excerpt":{"rendered":"<p>Detailn\u00ed popis produktu Dod\u00e1v\u00e1n bez v\u00edka (v keramice jsou otvory pro mont\u00e1\u017e v\u00edka), v\u00edko k dokoupen\u00ed. Sanit\u00e1rn\u00ed keramika ze s\u00e9rie Community je ur\u010dena pro ve\u0159ejn\u00e9 a hromadn\u00e9 toalety. S\u00e9rie zahrnuje \u0159adu produkt\u016f pro u\u017eivatele se sn\u00ed\u017eenou pohyblivost\u00ed.Je dopln\u011bna o n\u00e1st\u011bnn\u00e9 bidety a toalety se splachovac\u00edm syst\u00e9mem SwirlFlush&reg; a r\u016fzn\u00e9 modely piso\u00e1r\u016f. V\u00fdrobky jsou povrchov\u011b upraveny [&hellip;]<\/p>\n","protected":false},"featured_media":18855,"comment_status":"open","ping_status":"open","template":"","meta":[],"product_brand":[],"product_cat":[83],"product_tag":[],"class_list":{"0":"post-18755","1":"product","2":"type-product","3":"status-publish","4":"has-post-thumbnail","6":"product_cat-pisoary","8":"first","9":"instock","10":"sale","11":"shipping-taxable","12":"purchasable","13":"product-type-simple"},"yoast_head":"<!-- This site is optimized with the Yoast SEO plugin v26.8 - https:\/\/yoast.com\/product\/yoast-seo-wordpress\/ -->\n<title>Cenov\u00fd Hit COMMUNITY urin\u00e1l se zakryt\u00fdm p\u0159\u00edvodem vody s otvory pro v\u00edko 31x54,5cm, \u010dern\u00e1 mat -<\/title>\n<meta name=\"robots\" content=\"index, follow, max-snippet:-1, max-image-preview:large, max-video-preview:-1\" \/>\n<link rel=\"canonical\" href=\"https:\/\/www.domkraftpro.com\/index.php\/produkt\/cenovy-hit-community-urinal-se-zakrytym-privodem-vody-s-otvory-pro-viko-31x54-5cm-cerna-mat-18755\/\" \/>\n<meta property=\"og:locale\" content=\"cs_CZ\" \/>\n<meta property=\"og:type\" content=\"article\" \/>\n<meta property=\"og:title\" content=\"Cenov\u00fd Hit COMMUNITY urin\u00e1l se zakryt\u00fdm p\u0159\u00edvodem vody s otvory pro v\u00edko 31x54,5cm, \u010dern\u00e1 mat -\" \/>\n<meta property=\"og:description\" content=\"Detailn\u00ed popis produktu Dod\u00e1v\u00e1n bez v\u00edka (v keramice jsou otvory pro mont\u00e1\u017e v\u00edka), v\u00edko k dokoupen\u00ed. Sanit\u00e1rn\u00ed keramika ze s\u00e9rie Community je ur\u010dena pro ve\u0159ejn\u00e9 a hromadn\u00e9 toalety. S\u00e9rie zahrnuje \u0159adu produkt\u016f pro u\u017eivatele se sn\u00ed\u017eenou pohyblivost\u00ed.Je dopln\u011bna o n\u00e1st\u011bnn\u00e9 bidety a toalety se splachovac\u00edm syst\u00e9mem SwirlFlush&reg; a r\u016fzn\u00e9 modely piso\u00e1r\u016f. V\u00fdrobky jsou povrchov\u011b upraveny [&hellip;]\" \/>\n<meta property=\"og:url\" content=\"https:\/\/www.domkraftpro.com\/index.php\/produkt\/cenovy-hit-community-urinal-se-zakrytym-privodem-vody-s-otvory-pro-viko-31x54-5cm-cerna-mat-18755\/\" \/>\n<meta property=\"og:image\" content=\"https:\/\/www.domkraftpro.com\/wp-content\/uploads\/2026\/SK0007968-CZ20260425-092556-0-1777080363-775647_community-urinal-se-zakrytym-privodem-vody-s-otvory-.webp\" \/>\n\t<meta property=\"og:image:width\" content=\"1000\" \/>\n\t<meta property=\"og:image:height\" content=\"750\" \/>\n\t<meta property=\"og:image:type\" content=\"image\/webp\" \/>\n<meta name=\"twitter:card\" content=\"summary_large_image\" \/>\n<meta name=\"twitter:label1\" content=\"Odhadovan\u00e1 doba \u010dten\u00ed\" \/>\n\t<meta name=\"twitter:data1\" content=\"1 minuta\" \/>\n<script type=\"application\/ld+json\" class=\"yoast-schema-graph\">{\"@context\":\"https:\/\/schema.org\",\"@graph\":[{\"@type\":\"WebPage\",\"@id\":\"https:\/\/www.domkraftpro.com\/index.php\/produkt\/cenovy-hit-community-urinal-se-zakrytym-privodem-vody-s-otvory-pro-viko-31x54-5cm-cerna-mat-18755\/\",\"url\":\"https:\/\/www.domkraftpro.com\/index.php\/produkt\/cenovy-hit-community-urinal-se-zakrytym-privodem-vody-s-otvory-pro-viko-31x54-5cm-cerna-mat-18755\/\",\"name\":\"Cenov\u00fd Hit COMMUNITY urin\u00e1l se zakryt\u00fdm p\u0159\u00edvodem vody s otvory pro v\u00edko 31x54,5cm, \u010dern\u00e1 mat -\",\"isPartOf\":{\"@id\":\"https:\/\/www.domkraftpro.com\/#website\"},\"primaryImageOfPage\":{\"@id\":\"https:\/\/www.domkraftpro.com\/index.php\/produkt\/cenovy-hit-community-urinal-se-zakrytym-privodem-vody-s-otvory-pro-viko-31x54-5cm-cerna-mat-18755\/#primaryimage\"},\"image\":{\"@id\":\"https:\/\/www.domkraftpro.com\/index.php\/produkt\/cenovy-hit-community-urinal-se-zakrytym-privodem-vody-s-otvory-pro-viko-31x54-5cm-cerna-mat-18755\/#primaryimage\"},\"thumbnailUrl\":\"https:\/\/www.domkraftpro.com\/wp-content\/uploads\/2026\/SK0007968-CZ20260425-092556-0-1777080363-775647_community-urinal-se-zakrytym-privodem-vody-s-otvory-.webp\",\"datePublished\":\"2026-04-27T04:41:09+00:00\",\"breadcrumb\":{\"@id\":\"https:\/\/www.domkraftpro.com\/index.php\/produkt\/cenovy-hit-community-urinal-se-zakrytym-privodem-vody-s-otvory-pro-viko-31x54-5cm-cerna-mat-18755\/#breadcrumb\"},\"inLanguage\":\"cs\",\"potentialAction\":[{\"@type\":\"ReadAction\",\"target\":[\"https:\/\/www.domkraftpro.com\/index.php\/produkt\/cenovy-hit-community-urinal-se-zakrytym-privodem-vody-s-otvory-pro-viko-31x54-5cm-cerna-mat-18755\/\"]}]},{\"@type\":\"ImageObject\",\"inLanguage\":\"cs\",\"@id\":\"https:\/\/www.domkraftpro.com\/index.php\/produkt\/cenovy-hit-community-urinal-se-zakrytym-privodem-vody-s-otvory-pro-viko-31x54-5cm-cerna-mat-18755\/#primaryimage\",\"url\":\"https:\/\/www.domkraftpro.com\/wp-content\/uploads\/2026\/SK0007968-CZ20260425-092556-0-1777080363-775647_community-urinal-se-zakrytym-privodem-vody-s-otvory-.webp\",\"contentUrl\":\"https:\/\/www.domkraftpro.com\/wp-content\/uploads\/2026\/SK0007968-CZ20260425-092556-0-1777080363-775647_community-urinal-se-zakrytym-privodem-vody-s-otvory-.webp\",\"width\":1000,\"height\":750},{\"@type\":\"BreadcrumbList\",\"@id\":\"https:\/\/www.domkraftpro.com\/index.php\/produkt\/cenovy-hit-community-urinal-se-zakrytym-privodem-vody-s-otvory-pro-viko-31x54-5cm-cerna-mat-18755\/#breadcrumb\",\"itemListElement\":[{\"@type\":\"ListItem\",\"position\":1,\"name\":\"Home\",\"item\":\"https:\/\/www.domkraftpro.com\/\"},{\"@type\":\"ListItem\",\"position\":2,\"name\":\"Products\",\"item\":\"https:\/\/www.domkraftpro.com\/index.php\/products\/\"},{\"@type\":\"ListItem\",\"position\":3,\"name\":\"Cenov\u00fd Hit COMMUNITY urin\u00e1l se zakryt\u00fdm p\u0159\u00edvodem vody s otvory pro v\u00edko 31&#215;54,5cm, \u010dern\u00e1 mat\"}]},{\"@type\":\"WebSite\",\"@id\":\"https:\/\/www.domkraftpro.com\/#website\",\"url\":\"https:\/\/www.domkraftpro.com\/\",\"name\":\"\",\"description\":\"\",\"potentialAction\":[{\"@type\":\"SearchAction\",\"target\":{\"@type\":\"EntryPoint\",\"urlTemplate\":\"https:\/\/www.domkraftpro.com\/?s={search_term_string}\"},\"query-input\":{\"@type\":\"PropertyValueSpecification\",\"valueRequired\":true,\"valueName\":\"search_term_string\"}}],\"inLanguage\":\"cs\"}]}<\/script>\n<!-- \/ Yoast SEO plugin. -->","yoast_head_json":{"title":"Cenov\u00fd Hit COMMUNITY urin\u00e1l se zakryt\u00fdm p\u0159\u00edvodem vody s otvory pro v\u00edko 31x54,5cm, \u010dern\u00e1 mat -","robots":{"index":"index","follow":"follow","max-snippet":"max-snippet:-1","max-image-preview":"max-image-preview:large","max-video-preview":"max-video-preview:-1"},"canonical":"https:\/\/www.domkraftpro.com\/index.php\/produkt\/cenovy-hit-community-urinal-se-zakrytym-privodem-vody-s-otvory-pro-viko-31x54-5cm-cerna-mat-18755\/","og_locale":"cs_CZ","og_type":"article","og_title":"Cenov\u00fd Hit COMMUNITY urin\u00e1l se zakryt\u00fdm p\u0159\u00edvodem vody s otvory pro v\u00edko 31x54,5cm, \u010dern\u00e1 mat -","og_description":"Detailn\u00ed popis produktu Dod\u00e1v\u00e1n bez v\u00edka (v keramice jsou otvory pro mont\u00e1\u017e v\u00edka), v\u00edko k dokoupen\u00ed. Sanit\u00e1rn\u00ed keramika ze s\u00e9rie Community je ur\u010dena pro ve\u0159ejn\u00e9 a hromadn\u00e9 toalety. S\u00e9rie zahrnuje \u0159adu produkt\u016f pro u\u017eivatele se sn\u00ed\u017eenou pohyblivost\u00ed.Je dopln\u011bna o n\u00e1st\u011bnn\u00e9 bidety a toalety se splachovac\u00edm syst\u00e9mem SwirlFlush&reg; a r\u016fzn\u00e9 modely piso\u00e1r\u016f. V\u00fdrobky jsou povrchov\u011b upraveny [&hellip;]","og_url":"https:\/\/www.domkraftpro.com\/index.php\/produkt\/cenovy-hit-community-urinal-se-zakrytym-privodem-vody-s-otvory-pro-viko-31x54-5cm-cerna-mat-18755\/","og_image":[{"width":1000,"height":750,"url":"https:\/\/www.domkraftpro.com\/wp-content\/uploads\/2026\/SK0007968-CZ20260425-092556-0-1777080363-775647_community-urinal-se-zakrytym-privodem-vody-s-otvory-.webp","type":"image\/webp"}],"twitter_card":"summary_large_image","twitter_misc":{"Odhadovan\u00e1 doba \u010dten\u00ed":"1 minuta"},"schema":{"@context":"https:\/\/schema.org","@graph":[{"@type":"WebPage","@id":"https:\/\/www.domkraftpro.com\/index.php\/produkt\/cenovy-hit-community-urinal-se-zakrytym-privodem-vody-s-otvory-pro-viko-31x54-5cm-cerna-mat-18755\/","url":"https:\/\/www.domkraftpro.com\/index.php\/produkt\/cenovy-hit-community-urinal-se-zakrytym-privodem-vody-s-otvory-pro-viko-31x54-5cm-cerna-mat-18755\/","name":"Cenov\u00fd Hit COMMUNITY urin\u00e1l se zakryt\u00fdm p\u0159\u00edvodem vody s otvory pro v\u00edko 31x54,5cm, \u010dern\u00e1 mat -","isPartOf":{"@id":"https:\/\/www.domkraftpro.com\/#website"},"primaryImageOfPage":{"@id":"https:\/\/www.domkraftpro.com\/index.php\/produkt\/cenovy-hit-community-urinal-se-zakrytym-privodem-vody-s-otvory-pro-viko-31x54-5cm-cerna-mat-18755\/#primaryimage"},"image":{"@id":"https:\/\/www.domkraftpro.com\/index.php\/produkt\/cenovy-hit-community-urinal-se-zakrytym-privodem-vody-s-otvory-pro-viko-31x54-5cm-cerna-mat-18755\/#primaryimage"},"thumbnailUrl":"https:\/\/www.domkraftpro.com\/wp-content\/uploads\/2026\/SK0007968-CZ20260425-092556-0-1777080363-775647_community-urinal-se-zakrytym-privodem-vody-s-otvory-.webp","datePublished":"2026-04-27T04:41:09+00:00","breadcrumb":{"@id":"https:\/\/www.domkraftpro.com\/index.php\/produkt\/cenovy-hit-community-urinal-se-zakrytym-privodem-vody-s-otvory-pro-viko-31x54-5cm-cerna-mat-18755\/#breadcrumb"},"inLanguage":"cs","potentialAction":[{"@type":"ReadAction","target":["https:\/\/www.domkraftpro.com\/index.php\/produkt\/cenovy-hit-community-urinal-se-zakrytym-privodem-vody-s-otvory-pro-viko-31x54-5cm-cerna-mat-18755\/"]}]},{"@type":"ImageObject","inLanguage":"cs","@id":"https:\/\/www.domkraftpro.com\/index.php\/produkt\/cenovy-hit-community-urinal-se-zakrytym-privodem-vody-s-otvory-pro-viko-31x54-5cm-cerna-mat-18755\/#primaryimage","url":"https:\/\/www.domkraftpro.com\/wp-content\/uploads\/2026\/SK0007968-CZ20260425-092556-0-1777080363-775647_community-urinal-se-zakrytym-privodem-vody-s-otvory-.webp","contentUrl":"https:\/\/www.domkraftpro.com\/wp-content\/uploads\/2026\/SK0007968-CZ20260425-092556-0-1777080363-775647_community-urinal-se-zakrytym-privodem-vody-s-otvory-.webp","width":1000,"height":750},{"@type":"BreadcrumbList","@id":"https:\/\/www.domkraftpro.com\/index.php\/produkt\/cenovy-hit-community-urinal-se-zakrytym-privodem-vody-s-otvory-pro-viko-31x54-5cm-cerna-mat-18755\/#breadcrumb","itemListElement":[{"@type":"ListItem","position":1,"name":"Home","item":"https:\/\/www.domkraftpro.com\/"},{"@type":"ListItem","position":2,"name":"Products","item":"https:\/\/www.domkraftpro.com\/index.php\/products\/"},{"@type":"ListItem","position":3,"name":"Cenov\u00fd Hit COMMUNITY urin\u00e1l se zakryt\u00fdm p\u0159\u00edvodem vody s otvory pro v\u00edko 31&#215;54,5cm, \u010dern\u00e1 mat"}]},{"@type":"WebSite","@id":"https:\/\/www.domkraftpro.com\/#website","url":"https:\/\/www.domkraftpro.com\/","name":"","description":"","potentialAction":[{"@type":"SearchAction","target":{"@type":"EntryPoint","urlTemplate":"https:\/\/www.domkraftpro.com\/?s={search_term_string}"},"query-input":{"@type":"PropertyValueSpecification","valueRequired":true,"valueName":"search_term_string"}}],"inLanguage":"cs"}]}},"_links":{"self":[{"href":"https:\/\/www.domkraftpro.com\/index.php\/wp-json\/wp\/v2\/product\/18755","targetHints":{"allow":["GET"]}}],"collection":[{"href":"https:\/\/www.domkraftpro.com\/index.php\/wp-json\/wp\/v2\/product"}],"about":[{"href":"https:\/\/www.domkraftpro.com\/index.php\/wp-json\/wp\/v2\/types\/product"}],"replies":[{"embeddable":true,"href":"https:\/\/www.domkraftpro.com\/index.php\/wp-json\/wp\/v2\/comments?post=18755"}],"wp:featuredmedia":[{"embeddable":true,"href":"https:\/\/www.domkraftpro.com\/index.php\/wp-json\/wp\/v2\/media\/18855"}],"wp:attachment":[{"href":"https:\/\/www.domkraftpro.com\/index.php\/wp-json\/wp\/v2\/media?parent=18755"}],"wp:term":[{"taxonomy":"product_brand","embeddable":true,"href":"https:\/\/www.domkraftpro.com\/index.php\/wp-json\/wp\/v2\/product_brand?post=18755"},{"taxonomy":"product_cat","embeddable":true,"href":"https:\/\/www.domkraftpro.com\/index.php\/wp-json\/wp\/v2\/product_cat?post=18755"},{"taxonomy":"product_tag","embeddable":true,"href":"https:\/\/www.domkraftpro.com\/index.php\/wp-json\/wp\/v2\/product_tag?post=18755"}],"curies":[{"name":"wp","href":"https:\/\/api.w.org\/{rel}","templated":true}]}}