{"id":18752,"date":"2026-04-27T04:41:09","date_gmt":"2026-04-27T04:41:09","guid":{"rendered":""},"modified":"2026-04-27T04:41:09","modified_gmt":"2026-04-27T04:41:09","slug":"nova-kolekce-kube-x-keramicke-umyvatko-40x23cm-bez-otvoru-prave-leve-bila-mat-18752","status":"publish","type":"product","link":"https:\/\/www.domkraftpro.com\/index.php\/produkt\/nova-kolekce-kube-x-keramicke-umyvatko-40x23cm-bez-otvoru-prave-leve-bila-mat-18752\/","title":{"rendered":"Nov\u00e1 Kolekce KUBE X keramick\u00e9 um\u00fdv\u00e1tko 40x23cm, bez otvoru, prav\u00e9\/lev\u00e9, b\u00edl\u00e1 mat"},"content":{"rendered":"<div class=\"basic-description\">\n<h3>Detailn\u00ed popis produktu<\/h3>\n<ul>\n<li>Pravo\/lev\u00e1 instalace &#8211; otvory pro uchycen\u00ed jsou p\u0159edp\u0159ipraven\u00e9. Dle v\u00fdb\u011bru   strany uchycen\u00ed je nutn\u00e9 je prorazit.<\/li>\n<li>Standardn\u011b dod\u00e1v\u00e1no bez otvoru pro baterii. Otvor je p\u0159edp\u0159ipraven a v   p\u0159\u00edpad\u011b pot\u0159eby sta\u010d\u00ed vyklepnout glazuru.<\/li>\n<\/ul>\n<p>Sanit\u00e1rn\u00ed keramika KUBE X COLOR:<\/p>\n<ul>\n<li>masivn\u00ed hranat\u00e1 umyvadla s praktick\u00fdmi&nbsp;odkl\u00e1dac\u00edmi plochami<\/li>\n<li>v\u011bt\u0161inu umyvadel lze doplnit o dr\u017e\u00e1ky ru\u010dn\u00edk\u016f, kter\u00e9 lze instalovat i dodate\u010dn\u011b, po mont\u00e1\u017ei umyvadla<\/li>\n<li>umyvadla lze dodat i v retifikovan\u00e9 verzi (se zabrou\u0161enou spodn\u00ed plochou) pro pou\u017eit\u00ed na desku, s p\u0159\u00edplatkem dle platn\u00e9ho cen\u00edku&nbsp;<\/li>\n<\/ul>\n<p>S\u00e9rie KUBE X COLOR zahrnuje keramick\u00e1 umyvadla na desku v 8 barevn\u00fdch variac\u00edch, vybran\u00e1 umyvadla na zav\u011b\u0161en\u00ed, WC m\u00edsy a bidety v proveden\u00ed b\u00edl\u00e1 mat a \u010dern\u00e1 mat.N\u00e1hled barevn\u00fdch variac\u00ed n\u00ed\u017ee. Re\u00e1ln\u00e9 proveden\u00ed barev se m\u016f\u017ee li\u0161it v n\u00e1vaznosti na nastaven\u00ed Va\u0161eho monitoru.<\/p>\n<p>Charakteristika s\u00e9rie:<\/p>\n<ul>\n<li><span>Hranat\u00e1 umyvadla s&nbsp;decentn\u011b zaoblen\u00fdmi rohy a \u0161t\u00edhlou hranou<\/span><\/li>\n<li><span>Ov\u00e1ln\u00e1 a kulat\u00e1 umyvadla se \u0161t\u00edhlou hranou<\/span><\/li>\n<li><span>Umyvadla lze doplnit v\u00fdpust\u00ed s keramickou z\u00e1tkou ve stejn\u00e9 barv\u011b<\/span><\/li>\n<li><span>WC m\u00edsy se splachovac\u00edm syst\u00e9mem SwirlFlush&reg;<\/span><span>&nbsp;nebo GeniusFlush&reg; a SAVE WATER, kter\u00fd umo\u017e\u0148uje splachovat&nbsp;pouze 4,5 litry vody<\/span><\/li>\n<li>Sed\u00e1tka k z\u00e1v\u011bsn\u00fdm WC opat\u0159ena syst\u00e9mem&nbsp;SOFT CLOSE (pomal\u00e9 skl\u00e1p\u011bn\u00ed) a QUICK RELEASE (odn\u00edmateln\u00e9 sed\u00e1tko)<\/li>\n<\/ul>\n<p><b>Video ke shl\u00e9dnut\u00ed<\/b><video width=\"640\" height=\"480\" controls><source src=\"https:\/\/ubc.k2.cz\/K2FTPdata\/UBC\/video\/produkt_ostatne\/gsi-navod-umyvadlo-kube-x.mp4\" type=\"video\/mp4\">V\u00e1\u0161 prohl\u00ed\u017ee\u010d nepodporuje video tag.<\/video>                            <\/div>\n<div class=\"extended-description\">\n<h3>Dopl\u0148kov\u00e9 parametry<\/h3>\n<table class=\"detail-parameters\">\n<tbody>\n<tr>\n<th>        <span class=\"row-header-label\">            Kategorie<span class=\"row-header-label-colon\">:<\/span>        <\/span>    <\/th>\n<td>            <\/td>\n<\/tr>\n<tr>\n<th>            <span class=\"row-header-label\">                Z\u00e1ruka<span class=\"row-header-label-colon\">:<\/span>            <\/span>        <\/th>\n<td>            24        <\/td>\n<\/tr>\n<tr>\n<th>            <span class=\"row-header-label\">                Hmotnost<span class=\"row-header-label-colon\">:<\/span>            <\/span>        <\/th>\n<td>            7.95 kg        <\/td>\n<\/tr>\n<tr class=\"productEan\">\n<th>          <span class=\"row-header-label productEan__label\">              EAN<span class=\"row-header-label-colon\">:<\/span>          <\/span>      <\/th>\n<td>          <span class=\"productEan__value\">8032937829944<\/span>      <\/td>\n<\/tr>\n<tr>\n<th>                <span class=\"row-header-label\">                                            3D model<span class=\"row-header-label-colon\">:<\/span>                                    <\/span>            <\/th>\n<td>                                                            ANO                                                <\/td>\n<\/tr>\n<tr>\n<th>                <span class=\"row-header-label\">                                            Balen\u00ed<span class=\"row-header-label-colon\">:<\/span>                                    <\/span>            <\/th>\n<td>                                                            1 ks                                                <\/td>\n<\/tr>\n<tr>\n<th>                <span class=\"row-header-label\">                                            Barva<span class=\"row-header-label-colon\">:<\/span>                                    <\/span>            <\/th>\n<td>                                                            B\u00edl\u00e1 mat                                                <\/td>\n<\/tr>\n<tr>\n<th>                <span class=\"row-header-label\">                                            Dostupnost<span class=\"row-header-label-colon\">:<\/span>                                    <\/span>            <\/th>\n<td>                                                            Dod\u00e1n\u00ed do 8 t\u00fddn\u016f                                                <\/td>\n<\/tr>\n<tr>\n<th>                <span class=\"row-header-label\">                                            Hloubka<span class=\"row-header-label-colon\">:<\/span>                                    <\/span>            <\/th>\n<td>                                                            230 mm                                                <\/td>\n<\/tr>\n<tr>\n<th>                <span class=\"row-header-label\">                                            Instalace<span class=\"row-header-label-colon\">:<\/span>                                    <\/span>            <\/th>\n<td>                                                            N\u00e1st\u011bnn\u00e1-\u0161rouby;K postaven\u00ed                                                <\/td>\n<\/tr>\n<tr>\n<th>                <span class=\"row-header-label\">                                            Materi\u00e1l<span class=\"row-header-label-colon\">:<\/span>                                    <\/span>            <\/th>\n<td>                                                            Keramika                                                <\/td>\n<\/tr>\n<tr>\n<th>                <span class=\"row-header-label\">                                            Otvor pro baterii<span class=\"row-header-label-colon\">:<\/span>                                    <\/span>            <\/th>\n<td>                                                            Bez otvoru                                                <\/td>\n<\/tr>\n<tr>\n<th>                <span class=\"row-header-label\">                                            P\u0159epad<span class=\"row-header-label-colon\">:<\/span>                                    <\/span>            <\/th>\n<td>                                                            Ne                                                <\/td>\n<\/tr>\n<tr>\n<th>                <span class=\"row-header-label\">                                            Rozm\u011br<span class=\"row-header-label-colon\">:<\/span>                                    <\/span>            <\/th>\n<td>                                                            40x12x23 cm                                                <\/td>\n<\/tr>\n<tr>\n<th>                <span class=\"row-header-label\">                                            \u0160\u00ed\u0159ka<span class=\"row-header-label-colon\">:<\/span>                                    <\/span>            <\/th>\n<td>                                                            400 mm                                                <\/td>\n<\/tr>\n<tr>\n<th>                <span class=\"row-header-label\">                                            Tvar<span class=\"row-header-label-colon\">:<\/span>                                    <\/span>            <\/th>\n<td>                                                            Obd\u00e9ln\u00edk                                                <\/td>\n<\/tr>\n<tr>\n<th>                <span class=\"row-header-label\">                                            Typ umyvadla<span class=\"row-header-label-colon\">:<\/span>                                    <\/span>            <\/th>\n<td>                                                            Um\u00fdv\u00e1tko (mal\u00e9)                                                <\/td>\n<\/tr>\n<tr>\n<th>                <span class=\"row-header-label\">                                            V\u00fd\u0161ka<span class=\"row-header-label-colon\">:<\/span>                                    <\/span>            <\/th>\n<td>                                                            120 mm                                                <\/td>\n<\/tr>\n<tr>\n<th>                <span class=\"row-header-label\">                                            Z\u00e1ruka<span class=\"row-header-label-colon\">:<\/span>                                    <\/span>            <\/th>\n<td>                                                            2 roky                                                <\/td>\n<\/tr>\n<\/tbody>\n<\/table><\/div>\n<\/p><\/div>\n<\/p><\/div>\n","protected":false},"excerpt":{"rendered":"<p>Detailn\u00ed popis produktu Pravo\/lev\u00e1 instalace &#8211; otvory pro uchycen\u00ed jsou p\u0159edp\u0159ipraven\u00e9. Dle v\u00fdb\u011bru strany uchycen\u00ed je nutn\u00e9 je prorazit. Standardn\u011b dod\u00e1v\u00e1no bez otvoru pro baterii. Otvor je p\u0159edp\u0159ipraven a v p\u0159\u00edpad\u011b pot\u0159eby sta\u010d\u00ed vyklepnout glazuru. Sanit\u00e1rn\u00ed keramika KUBE X COLOR: masivn\u00ed hranat\u00e1 umyvadla s praktick\u00fdmi&nbsp;odkl\u00e1dac\u00edmi plochami v\u011bt\u0161inu umyvadel lze doplnit o dr\u017e\u00e1ky ru\u010dn\u00edk\u016f, kter\u00e9 lze [&hellip;]<\/p>\n","protected":false},"featured_media":18852,"comment_status":"open","ping_status":"open","template":"","meta":[],"product_brand":[],"product_cat":[70],"product_tag":[],"class_list":{"0":"post-18752","1":"product","2":"type-product","3":"status-publish","4":"has-post-thumbnail","6":"product_cat-umyvatka","8":"first","9":"instock","10":"sale","11":"shipping-taxable","12":"purchasable","13":"product-type-simple"},"yoast_head":"<!-- This site is optimized with the Yoast SEO plugin v26.8 - https:\/\/yoast.com\/product\/yoast-seo-wordpress\/ -->\n<title>Nov\u00e1 Kolekce KUBE X keramick\u00e9 um\u00fdv\u00e1tko 40x23cm, bez otvoru, prav\u00e9\/lev\u00e9, b\u00edl\u00e1 mat -<\/title>\n<meta name=\"robots\" content=\"index, follow, max-snippet:-1, max-image-preview:large, max-video-preview:-1\" \/>\n<link rel=\"canonical\" href=\"https:\/\/www.domkraftpro.com\/index.php\/produkt\/nova-kolekce-kube-x-keramicke-umyvatko-40x23cm-bez-otvoru-prave-leve-bila-mat-18752\/\" \/>\n<meta property=\"og:locale\" content=\"cs_CZ\" \/>\n<meta property=\"og:type\" content=\"article\" \/>\n<meta property=\"og:title\" content=\"Nov\u00e1 Kolekce KUBE X keramick\u00e9 um\u00fdv\u00e1tko 40x23cm, bez otvoru, prav\u00e9\/lev\u00e9, b\u00edl\u00e1 mat -\" \/>\n<meta property=\"og:description\" content=\"Detailn\u00ed popis produktu Pravo\/lev\u00e1 instalace &#8211; otvory pro uchycen\u00ed jsou p\u0159edp\u0159ipraven\u00e9. Dle v\u00fdb\u011bru strany uchycen\u00ed je nutn\u00e9 je prorazit. Standardn\u011b dod\u00e1v\u00e1no bez otvoru pro baterii. Otvor je p\u0159edp\u0159ipraven a v p\u0159\u00edpad\u011b pot\u0159eby sta\u010d\u00ed vyklepnout glazuru. Sanit\u00e1rn\u00ed keramika KUBE X COLOR: masivn\u00ed hranat\u00e1 umyvadla s praktick\u00fdmi&nbsp;odkl\u00e1dac\u00edmi plochami v\u011bt\u0161inu umyvadel lze doplnit o dr\u017e\u00e1ky ru\u010dn\u00edk\u016f, kter\u00e9 lze [&hellip;]\" \/>\n<meta property=\"og:url\" content=\"https:\/\/www.domkraftpro.com\/index.php\/produkt\/nova-kolekce-kube-x-keramicke-umyvatko-40x23cm-bez-otvoru-prave-leve-bila-mat-18752\/\" \/>\n<meta property=\"og:image\" content=\"https:\/\/www.domkraftpro.com\/wp-content\/uploads\/2026\/SK0007965-CZ20260425-092556-0-1777080363-775620-4_kube-x-keramicke-umyvatko-40x23cm--bez-otvoru--pra.webp\" \/>\n\t<meta property=\"og:image:width\" content=\"1000\" \/>\n\t<meta property=\"og:image:height\" content=\"750\" \/>\n\t<meta property=\"og:image:type\" content=\"image\/webp\" \/>\n<meta name=\"twitter:card\" content=\"summary_large_image\" \/>\n<meta name=\"twitter:label1\" content=\"Odhadovan\u00e1 doba \u010dten\u00ed\" \/>\n\t<meta name=\"twitter:data1\" content=\"2 minuty\" \/>\n<script type=\"application\/ld+json\" class=\"yoast-schema-graph\">{\"@context\":\"https:\/\/schema.org\",\"@graph\":[{\"@type\":\"WebPage\",\"@id\":\"https:\/\/www.domkraftpro.com\/index.php\/produkt\/nova-kolekce-kube-x-keramicke-umyvatko-40x23cm-bez-otvoru-prave-leve-bila-mat-18752\/\",\"url\":\"https:\/\/www.domkraftpro.com\/index.php\/produkt\/nova-kolekce-kube-x-keramicke-umyvatko-40x23cm-bez-otvoru-prave-leve-bila-mat-18752\/\",\"name\":\"Nov\u00e1 Kolekce KUBE X keramick\u00e9 um\u00fdv\u00e1tko 40x23cm, bez otvoru, prav\u00e9\/lev\u00e9, b\u00edl\u00e1 mat -\",\"isPartOf\":{\"@id\":\"https:\/\/www.domkraftpro.com\/#website\"},\"primaryImageOfPage\":{\"@id\":\"https:\/\/www.domkraftpro.com\/index.php\/produkt\/nova-kolekce-kube-x-keramicke-umyvatko-40x23cm-bez-otvoru-prave-leve-bila-mat-18752\/#primaryimage\"},\"image\":{\"@id\":\"https:\/\/www.domkraftpro.com\/index.php\/produkt\/nova-kolekce-kube-x-keramicke-umyvatko-40x23cm-bez-otvoru-prave-leve-bila-mat-18752\/#primaryimage\"},\"thumbnailUrl\":\"https:\/\/www.domkraftpro.com\/wp-content\/uploads\/2026\/SK0007965-CZ20260425-092556-0-1777080363-775620-4_kube-x-keramicke-umyvatko-40x23cm--bez-otvoru--pra.webp\",\"datePublished\":\"2026-04-27T04:41:09+00:00\",\"breadcrumb\":{\"@id\":\"https:\/\/www.domkraftpro.com\/index.php\/produkt\/nova-kolekce-kube-x-keramicke-umyvatko-40x23cm-bez-otvoru-prave-leve-bila-mat-18752\/#breadcrumb\"},\"inLanguage\":\"cs\",\"potentialAction\":[{\"@type\":\"ReadAction\",\"target\":[\"https:\/\/www.domkraftpro.com\/index.php\/produkt\/nova-kolekce-kube-x-keramicke-umyvatko-40x23cm-bez-otvoru-prave-leve-bila-mat-18752\/\"]}]},{\"@type\":\"ImageObject\",\"inLanguage\":\"cs\",\"@id\":\"https:\/\/www.domkraftpro.com\/index.php\/produkt\/nova-kolekce-kube-x-keramicke-umyvatko-40x23cm-bez-otvoru-prave-leve-bila-mat-18752\/#primaryimage\",\"url\":\"https:\/\/www.domkraftpro.com\/wp-content\/uploads\/2026\/SK0007965-CZ20260425-092556-0-1777080363-775620-4_kube-x-keramicke-umyvatko-40x23cm--bez-otvoru--pra.webp\",\"contentUrl\":\"https:\/\/www.domkraftpro.com\/wp-content\/uploads\/2026\/SK0007965-CZ20260425-092556-0-1777080363-775620-4_kube-x-keramicke-umyvatko-40x23cm--bez-otvoru--pra.webp\",\"width\":1000,\"height\":750},{\"@type\":\"BreadcrumbList\",\"@id\":\"https:\/\/www.domkraftpro.com\/index.php\/produkt\/nova-kolekce-kube-x-keramicke-umyvatko-40x23cm-bez-otvoru-prave-leve-bila-mat-18752\/#breadcrumb\",\"itemListElement\":[{\"@type\":\"ListItem\",\"position\":1,\"name\":\"Home\",\"item\":\"https:\/\/www.domkraftpro.com\/\"},{\"@type\":\"ListItem\",\"position\":2,\"name\":\"Products\",\"item\":\"https:\/\/www.domkraftpro.com\/index.php\/products\/\"},{\"@type\":\"ListItem\",\"position\":3,\"name\":\"Nov\u00e1 Kolekce KUBE X keramick\u00e9 um\u00fdv\u00e1tko 40x23cm, bez otvoru, prav\u00e9\/lev\u00e9, b\u00edl\u00e1 mat\"}]},{\"@type\":\"WebSite\",\"@id\":\"https:\/\/www.domkraftpro.com\/#website\",\"url\":\"https:\/\/www.domkraftpro.com\/\",\"name\":\"\",\"description\":\"\",\"potentialAction\":[{\"@type\":\"SearchAction\",\"target\":{\"@type\":\"EntryPoint\",\"urlTemplate\":\"https:\/\/www.domkraftpro.com\/?s={search_term_string}\"},\"query-input\":{\"@type\":\"PropertyValueSpecification\",\"valueRequired\":true,\"valueName\":\"search_term_string\"}}],\"inLanguage\":\"cs\"}]}<\/script>\n<!-- \/ Yoast SEO plugin. -->","yoast_head_json":{"title":"Nov\u00e1 Kolekce KUBE X keramick\u00e9 um\u00fdv\u00e1tko 40x23cm, bez otvoru, prav\u00e9\/lev\u00e9, b\u00edl\u00e1 mat -","robots":{"index":"index","follow":"follow","max-snippet":"max-snippet:-1","max-image-preview":"max-image-preview:large","max-video-preview":"max-video-preview:-1"},"canonical":"https:\/\/www.domkraftpro.com\/index.php\/produkt\/nova-kolekce-kube-x-keramicke-umyvatko-40x23cm-bez-otvoru-prave-leve-bila-mat-18752\/","og_locale":"cs_CZ","og_type":"article","og_title":"Nov\u00e1 Kolekce KUBE X keramick\u00e9 um\u00fdv\u00e1tko 40x23cm, bez otvoru, prav\u00e9\/lev\u00e9, b\u00edl\u00e1 mat -","og_description":"Detailn\u00ed popis produktu Pravo\/lev\u00e1 instalace &#8211; otvory pro uchycen\u00ed jsou p\u0159edp\u0159ipraven\u00e9. Dle v\u00fdb\u011bru strany uchycen\u00ed je nutn\u00e9 je prorazit. Standardn\u011b dod\u00e1v\u00e1no bez otvoru pro baterii. Otvor je p\u0159edp\u0159ipraven a v p\u0159\u00edpad\u011b pot\u0159eby sta\u010d\u00ed vyklepnout glazuru. Sanit\u00e1rn\u00ed keramika KUBE X COLOR: masivn\u00ed hranat\u00e1 umyvadla s praktick\u00fdmi&nbsp;odkl\u00e1dac\u00edmi plochami v\u011bt\u0161inu umyvadel lze doplnit o dr\u017e\u00e1ky ru\u010dn\u00edk\u016f, kter\u00e9 lze [&hellip;]","og_url":"https:\/\/www.domkraftpro.com\/index.php\/produkt\/nova-kolekce-kube-x-keramicke-umyvatko-40x23cm-bez-otvoru-prave-leve-bila-mat-18752\/","og_image":[{"width":1000,"height":750,"url":"https:\/\/www.domkraftpro.com\/wp-content\/uploads\/2026\/SK0007965-CZ20260425-092556-0-1777080363-775620-4_kube-x-keramicke-umyvatko-40x23cm--bez-otvoru--pra.webp","type":"image\/webp"}],"twitter_card":"summary_large_image","twitter_misc":{"Odhadovan\u00e1 doba \u010dten\u00ed":"2 minuty"},"schema":{"@context":"https:\/\/schema.org","@graph":[{"@type":"WebPage","@id":"https:\/\/www.domkraftpro.com\/index.php\/produkt\/nova-kolekce-kube-x-keramicke-umyvatko-40x23cm-bez-otvoru-prave-leve-bila-mat-18752\/","url":"https:\/\/www.domkraftpro.com\/index.php\/produkt\/nova-kolekce-kube-x-keramicke-umyvatko-40x23cm-bez-otvoru-prave-leve-bila-mat-18752\/","name":"Nov\u00e1 Kolekce KUBE X keramick\u00e9 um\u00fdv\u00e1tko 40x23cm, bez otvoru, prav\u00e9\/lev\u00e9, b\u00edl\u00e1 mat -","isPartOf":{"@id":"https:\/\/www.domkraftpro.com\/#website"},"primaryImageOfPage":{"@id":"https:\/\/www.domkraftpro.com\/index.php\/produkt\/nova-kolekce-kube-x-keramicke-umyvatko-40x23cm-bez-otvoru-prave-leve-bila-mat-18752\/#primaryimage"},"image":{"@id":"https:\/\/www.domkraftpro.com\/index.php\/produkt\/nova-kolekce-kube-x-keramicke-umyvatko-40x23cm-bez-otvoru-prave-leve-bila-mat-18752\/#primaryimage"},"thumbnailUrl":"https:\/\/www.domkraftpro.com\/wp-content\/uploads\/2026\/SK0007965-CZ20260425-092556-0-1777080363-775620-4_kube-x-keramicke-umyvatko-40x23cm--bez-otvoru--pra.webp","datePublished":"2026-04-27T04:41:09+00:00","breadcrumb":{"@id":"https:\/\/www.domkraftpro.com\/index.php\/produkt\/nova-kolekce-kube-x-keramicke-umyvatko-40x23cm-bez-otvoru-prave-leve-bila-mat-18752\/#breadcrumb"},"inLanguage":"cs","potentialAction":[{"@type":"ReadAction","target":["https:\/\/www.domkraftpro.com\/index.php\/produkt\/nova-kolekce-kube-x-keramicke-umyvatko-40x23cm-bez-otvoru-prave-leve-bila-mat-18752\/"]}]},{"@type":"ImageObject","inLanguage":"cs","@id":"https:\/\/www.domkraftpro.com\/index.php\/produkt\/nova-kolekce-kube-x-keramicke-umyvatko-40x23cm-bez-otvoru-prave-leve-bila-mat-18752\/#primaryimage","url":"https:\/\/www.domkraftpro.com\/wp-content\/uploads\/2026\/SK0007965-CZ20260425-092556-0-1777080363-775620-4_kube-x-keramicke-umyvatko-40x23cm--bez-otvoru--pra.webp","contentUrl":"https:\/\/www.domkraftpro.com\/wp-content\/uploads\/2026\/SK0007965-CZ20260425-092556-0-1777080363-775620-4_kube-x-keramicke-umyvatko-40x23cm--bez-otvoru--pra.webp","width":1000,"height":750},{"@type":"BreadcrumbList","@id":"https:\/\/www.domkraftpro.com\/index.php\/produkt\/nova-kolekce-kube-x-keramicke-umyvatko-40x23cm-bez-otvoru-prave-leve-bila-mat-18752\/#breadcrumb","itemListElement":[{"@type":"ListItem","position":1,"name":"Home","item":"https:\/\/www.domkraftpro.com\/"},{"@type":"ListItem","position":2,"name":"Products","item":"https:\/\/www.domkraftpro.com\/index.php\/products\/"},{"@type":"ListItem","position":3,"name":"Nov\u00e1 Kolekce KUBE X keramick\u00e9 um\u00fdv\u00e1tko 40x23cm, bez otvoru, prav\u00e9\/lev\u00e9, b\u00edl\u00e1 mat"}]},{"@type":"WebSite","@id":"https:\/\/www.domkraftpro.com\/#website","url":"https:\/\/www.domkraftpro.com\/","name":"","description":"","potentialAction":[{"@type":"SearchAction","target":{"@type":"EntryPoint","urlTemplate":"https:\/\/www.domkraftpro.com\/?s={search_term_string}"},"query-input":{"@type":"PropertyValueSpecification","valueRequired":true,"valueName":"search_term_string"}}],"inLanguage":"cs"}]}},"_links":{"self":[{"href":"https:\/\/www.domkraftpro.com\/index.php\/wp-json\/wp\/v2\/product\/18752","targetHints":{"allow":["GET"]}}],"collection":[{"href":"https:\/\/www.domkraftpro.com\/index.php\/wp-json\/wp\/v2\/product"}],"about":[{"href":"https:\/\/www.domkraftpro.com\/index.php\/wp-json\/wp\/v2\/types\/product"}],"replies":[{"embeddable":true,"href":"https:\/\/www.domkraftpro.com\/index.php\/wp-json\/wp\/v2\/comments?post=18752"}],"wp:featuredmedia":[{"embeddable":true,"href":"https:\/\/www.domkraftpro.com\/index.php\/wp-json\/wp\/v2\/media\/18852"}],"wp:attachment":[{"href":"https:\/\/www.domkraftpro.com\/index.php\/wp-json\/wp\/v2\/media?parent=18752"}],"wp:term":[{"taxonomy":"product_brand","embeddable":true,"href":"https:\/\/www.domkraftpro.com\/index.php\/wp-json\/wp\/v2\/product_brand?post=18752"},{"taxonomy":"product_cat","embeddable":true,"href":"https:\/\/www.domkraftpro.com\/index.php\/wp-json\/wp\/v2\/product_cat?post=18752"},{"taxonomy":"product_tag","embeddable":true,"href":"https:\/\/www.domkraftpro.com\/index.php\/wp-json\/wp\/v2\/product_tag?post=18752"}],"curies":[{"name":"wp","href":"https:\/\/api.w.org\/{rel}","templated":true}]}}