{"id":18584,"date":"2026-04-27T04:41:09","date_gmt":"2026-04-27T04:41:09","guid":{"rendered":""},"modified":"2026-04-27T04:41:09","modified_gmt":"2026-04-27T04:41:09","slug":"filena-dvojumyvadlova-skrinka-118x51-5x43cm-bila-mat-vraceni-zdarma-18584","status":"publish","type":"product","link":"https:\/\/www.domkraftpro.com\/index.php\/produkt\/filena-dvojumyvadlova-skrinka-118x51-5x43cm-bila-mat-vraceni-zdarma-18584\/","title":{"rendered":"FILENA dvojumyvadlov\u00e1 sk\u0159\u00ed\u0148ka 118&#215;51,5x43cm, b\u00edl\u00e1 mat Vr\u00e1cen\u00ed Zdarma"},"content":{"rendered":"<div class=\"basic-description\">\n<h3>Detailn\u00ed popis produktu<\/h3>\n<ul>\n<li>Horn\u00ed z\u00e1suvky bez v\u00fd\u0159ezu pro sifon.   <\/li>\n<li>Lze pou\u017e\u00edt pouze doporu\u010den\u00fd sifon URBINO.   <\/li>\n<li>Mo\u017enost instalace s n\u00e1bytkov\u00fdm umyvadlem nebo s Rockstone deskou a   umyvadlem na desku.<\/li>\n<\/ul>\n<p style=\"text-align: justify;\">Dokonale decentn\u00ed s\u00e9rie koupelnov\u00e9ho n\u00e1bytku FILENA nab\u00edz\u00ed sk\u0159\u00ed\u0148ky z dubov\u00e9 d\u00fdhy v p\u0159\u00edrodn\u00edm proveden\u00ed dekoru d\u0159eva o\u0161et\u0159en\u00e9m transparentn\u00edm lakem, v b\u00edl\u00e9m matn\u00e9m lakov\u00e1n\u00ed a v \u010dern\u011b matn\u00e9m lakovan\u00e9m dr\u00e1\u017ekovan\u00e9m designu.&nbsp;Ostr\u00e9 zkosen\u00e9 hrany pod \u00fahlem 45\u00b0 \u010del z\u00e1suvek a dv\u00ed\u0159ek vytv\u00e1\u0159\u00ed tenkou linii, kter\u00e1 je pro s\u00e9rii charakteristick\u00e1.&nbsp;\u010cist\u00fd design nen\u00ed ru\u0161en \u00fachytkou, pohodln\u00e9 otev\u00edr\u00e1n\u00ed umo\u017e\u0148uje zkosen\u00e1 hrana a otvor mezi z\u00e1suvkami.Z\u00e1suvky jsou vybaveny zna\u010dkov\u00fdmi pojezdy BLUM<sup>&reg;<\/sup> s do\u017eivotn\u00ed z\u00e1rukou, dv\u00ed\u0159ka jsou vybavena panty s tlumen\u00fdm dov\u0159en\u00edm.<\/p>\n<p style=\"text-align: justify;\">Pro umyvadlov\u00e9 sk\u0159\u00ed\u0148ky lze vyb\u00edrat mezi t\u0159emi druhy umyvadel: keramick\u00fdm umyvadlem KARE, umyvadlem z lit\u00e9ho mramoru GODIVA a betonov\u00fdm umyvadlem QUADRADO. Mimoto lze umyvadlov\u00e9 sk\u0159\u00ed\u0148ky doplnit deskou z um\u011bl\u00e9ho kamene (rockstone) a doplnit umyvadlem na desku.<\/p>\n<div class=\"product-explanation-item\">\n<h3>Tich\u00e9 a plynul\u00e9 zav\u00edr\u00e1n\u00ed<\/h3>\n<div style=\"float: left;\"><\/div>\n<p style=\"text-align: justify;\">N\u00e1bytek je vybaven pojezdy z\u00e1suvek s pomal\u00fdm dojezdem a syst\u00e9mem automatick\u00e9ho dov\u0159en\u00ed z\u00e1suvek. Ji\u017e \u017e\u00e1dn\u00e9 hlu\u010dn\u00e9 dov\u00edr\u00e1n\u00ed.<\/p>\n<\/div>\n<p><b>Video ke shl\u00e9dnut\u00ed<\/b><video width=\"640\" height=\"480\" controls><source src=\"https:\/\/ubc.k2.cz\/K2FTPdata\/UBC\/video\/produkt_ostatne\/nabytek-filena.mp4\" type=\"video\/mp4\">V\u00e1\u0161 prohl\u00ed\u017ee\u010d nepodporuje video tag.<\/video>                            <\/div>\n<div class=\"extended-description\">\n<h3>Dopl\u0148kov\u00e9 parametry<\/h3>\n<table class=\"detail-parameters\">\n<tbody>\n<tr>\n<th>        <span class=\"row-header-label\">            Kategorie<span class=\"row-header-label-colon\">:<\/span>        <\/span>    <\/th>\n<td>            <\/td>\n<\/tr>\n<tr>\n<th>            <span class=\"row-header-label\">                Z\u00e1ruka<span class=\"row-header-label-colon\">:<\/span>            <\/span>        <\/th>\n<td>            24        <\/td>\n<\/tr>\n<tr>\n<th>            <span class=\"row-header-label\">                Hmotnost<span class=\"row-header-label-colon\">:<\/span>            <\/span>        <\/th>\n<td>            27 kg        <\/td>\n<\/tr>\n<tr class=\"productEan\">\n<th>          <span class=\"row-header-label productEan__label\">              EAN<span class=\"row-header-label-colon\">:<\/span>          <\/span>      <\/th>\n<td>          <span class=\"productEan__value\">8590913955860<\/span>      <\/td>\n<\/tr>\n<tr>\n<th>                <span class=\"row-header-label\">                                            3D model<span class=\"row-header-label-colon\">:<\/span>                                    <\/span>            <\/th>\n<td>                                                            ANO                                                <\/td>\n<\/tr>\n<tr>\n<th>                <span class=\"row-header-label\">                                            Balen\u00ed<span class=\"row-header-label-colon\">:<\/span>                                    <\/span>            <\/th>\n<td>                                                            1 ks                                                <\/td>\n<\/tr>\n<tr>\n<th>                <span class=\"row-header-label\">                                            Balen\u00ed neobsahuje<span class=\"row-header-label-colon\">:<\/span>                                    <\/span>            <\/th>\n<td>                                                            Umyvadlo                                                <\/td>\n<\/tr>\n<tr>\n<th>                <span class=\"row-header-label\">                                            Barva<span class=\"row-header-label-colon\">:<\/span>                                    <\/span>            <\/th>\n<td>                                                            B\u00edl\u00e1 mat                                                <\/td>\n<\/tr>\n<tr>\n<th>                <span class=\"row-header-label\">                                            Dostupnost<span class=\"row-header-label-colon\">:<\/span>                                    <\/span>            <\/th>\n<td>                                                            Dod\u00e1n\u00ed do 6ti t\u00fddn\u016f                                                <\/td>\n<\/tr>\n<tr>\n<th>                <span class=\"row-header-label\">                                            Hloubka<span class=\"row-header-label-colon\">:<\/span>                                    <\/span>            <\/th>\n<td>                                                            430 mm                                                <\/td>\n<\/tr>\n<tr>\n<th>                <span class=\"row-header-label\">                                            Instalace<span class=\"row-header-label-colon\">:<\/span>                                    <\/span>            <\/th>\n<td>                                                            Z\u00e1v\u011bsn\u00e9 na st\u011bnu                                                <\/td>\n<\/tr>\n<tr>\n<th>                <span class=\"row-header-label\">                                            Materi\u00e1l<span class=\"row-header-label-colon\">:<\/span>                                    <\/span>            <\/th>\n<td>                                                            MDF\/d\u00fdha                                                <\/td>\n<\/tr>\n<tr>\n<th>                <span class=\"row-header-label\">                                            Rozm\u011br<span class=\"row-header-label-colon\">:<\/span>                                    <\/span>            <\/th>\n<td>                                                            118&#215;51,5&#215;43 cm                                                <\/td>\n<\/tr>\n<tr>\n<th>                <span class=\"row-header-label\">                                            \u0160\u00ed\u0159ka<span class=\"row-header-label-colon\">:<\/span>                                    <\/span>            <\/th>\n<td>                                                            1180 mm                                                <\/td>\n<\/tr>\n<tr>\n<th>                <span class=\"row-header-label\">                                            Typ sk\u0159\u00ed\u0148ky<span class=\"row-header-label-colon\">:<\/span>                                    <\/span>            <\/th>\n<td>                                                            Z\u00e1suvky                                                <\/td>\n<\/tr>\n<tr>\n<th>                <span class=\"row-header-label\">                                            Typ umyvadla<span class=\"row-header-label-colon\">:<\/span>                                    <\/span>            <\/th>\n<td>                                                            Dvojumyvadlo                                                <\/td>\n<\/tr>\n<tr>\n<th>                <span class=\"row-header-label\">                                            V\u00fdbava<span class=\"row-header-label-colon\">:<\/span>                                    <\/span>            <\/th>\n<td>                                                            Tich\u00e9 a plynul\u00e9 zav\u00edr\u00e1n\u00ed                                                <\/td>\n<\/tr>\n<tr>\n<th>                <span class=\"row-header-label\">                                            V\u00fd\u0161ka<span class=\"row-header-label-colon\">:<\/span>                                    <\/span>            <\/th>\n<td>                                                            515 mm                                                <\/td>\n<\/tr>\n<tr>\n<th>                <span class=\"row-header-label\">                                            Z\u00e1ruka<span class=\"row-header-label-colon\">:<\/span>                                    <\/span>            <\/th>\n<td>                                                            2 roky                                                <\/td>\n<\/tr>\n<\/tbody>\n<\/table><\/div>\n<\/p><\/div>\n<\/p><\/div>\n","protected":false},"excerpt":{"rendered":"<p>Detailn\u00ed popis produktu Horn\u00ed z\u00e1suvky bez v\u00fd\u0159ezu pro sifon. Lze pou\u017e\u00edt pouze doporu\u010den\u00fd sifon URBINO. Mo\u017enost instalace s n\u00e1bytkov\u00fdm umyvadlem nebo s Rockstone deskou a umyvadlem na desku. Dokonale decentn\u00ed s\u00e9rie koupelnov\u00e9ho n\u00e1bytku FILENA nab\u00edz\u00ed sk\u0159\u00ed\u0148ky z dubov\u00e9 d\u00fdhy v p\u0159\u00edrodn\u00edm proveden\u00ed dekoru d\u0159eva o\u0161et\u0159en\u00e9m transparentn\u00edm lakem, v b\u00edl\u00e9m matn\u00e9m lakov\u00e1n\u00ed a v \u010dern\u011b matn\u00e9m [&hellip;]<\/p>\n","protected":false},"featured_media":18684,"comment_status":"open","ping_status":"open","template":"","meta":[],"product_brand":[],"product_cat":[68],"product_tag":[],"class_list":{"0":"post-18584","1":"product","2":"type-product","3":"status-publish","4":"has-post-thumbnail","6":"product_cat-umyvadlove-skrinky","8":"first","9":"instock","10":"sale","11":"shipping-taxable","12":"purchasable","13":"product-type-simple"},"yoast_head":"<!-- This site is optimized with the Yoast SEO plugin v26.8 - https:\/\/yoast.com\/product\/yoast-seo-wordpress\/ -->\n<title>FILENA dvojumyvadlov\u00e1 sk\u0159\u00ed\u0148ka 118x51,5x43cm, b\u00edl\u00e1 mat Vr\u00e1cen\u00ed Zdarma -<\/title>\n<meta name=\"robots\" content=\"index, follow, max-snippet:-1, max-image-preview:large, max-video-preview:-1\" \/>\n<link rel=\"canonical\" href=\"https:\/\/www.domkraftpro.com\/index.php\/produkt\/filena-dvojumyvadlova-skrinka-118x51-5x43cm-bila-mat-vraceni-zdarma-18584\/\" \/>\n<meta property=\"og:locale\" content=\"cs_CZ\" \/>\n<meta property=\"og:type\" content=\"article\" \/>\n<meta property=\"og:title\" content=\"FILENA dvojumyvadlov\u00e1 sk\u0159\u00ed\u0148ka 118x51,5x43cm, b\u00edl\u00e1 mat Vr\u00e1cen\u00ed Zdarma -\" \/>\n<meta property=\"og:description\" content=\"Detailn\u00ed popis produktu Horn\u00ed z\u00e1suvky bez v\u00fd\u0159ezu pro sifon. Lze pou\u017e\u00edt pouze doporu\u010den\u00fd sifon URBINO. Mo\u017enost instalace s n\u00e1bytkov\u00fdm umyvadlem nebo s Rockstone deskou a umyvadlem na desku. Dokonale decentn\u00ed s\u00e9rie koupelnov\u00e9ho n\u00e1bytku FILENA nab\u00edz\u00ed sk\u0159\u00ed\u0148ky z dubov\u00e9 d\u00fdhy v p\u0159\u00edrodn\u00edm proveden\u00ed dekoru d\u0159eva o\u0161et\u0159en\u00e9m transparentn\u00edm lakem, v b\u00edl\u00e9m matn\u00e9m lakov\u00e1n\u00ed a v \u010dern\u011b matn\u00e9m [&hellip;]\" \/>\n<meta property=\"og:url\" content=\"https:\/\/www.domkraftpro.com\/index.php\/produkt\/filena-dvojumyvadlova-skrinka-118x51-5x43cm-bila-mat-vraceni-zdarma-18584\/\" \/>\n<meta property=\"og:image\" content=\"https:\/\/www.domkraftpro.com\/wp-content\/uploads\/2026\/SK0007895-CZ20260425-092556-0-1777080363-748554_fid1212w-228651173938397.webp\" \/>\n\t<meta property=\"og:image:width\" content=\"1000\" \/>\n\t<meta property=\"og:image:height\" content=\"750\" \/>\n\t<meta property=\"og:image:type\" content=\"image\/webp\" \/>\n<meta name=\"twitter:card\" content=\"summary_large_image\" \/>\n<meta name=\"twitter:label1\" content=\"Odhadovan\u00e1 doba \u010dten\u00ed\" \/>\n\t<meta name=\"twitter:data1\" content=\"2 minuty\" \/>\n<script type=\"application\/ld+json\" class=\"yoast-schema-graph\">{\"@context\":\"https:\/\/schema.org\",\"@graph\":[{\"@type\":\"WebPage\",\"@id\":\"https:\/\/www.domkraftpro.com\/index.php\/produkt\/filena-dvojumyvadlova-skrinka-118x51-5x43cm-bila-mat-vraceni-zdarma-18584\/\",\"url\":\"https:\/\/www.domkraftpro.com\/index.php\/produkt\/filena-dvojumyvadlova-skrinka-118x51-5x43cm-bila-mat-vraceni-zdarma-18584\/\",\"name\":\"FILENA dvojumyvadlov\u00e1 sk\u0159\u00ed\u0148ka 118x51,5x43cm, b\u00edl\u00e1 mat Vr\u00e1cen\u00ed Zdarma -\",\"isPartOf\":{\"@id\":\"https:\/\/www.domkraftpro.com\/#website\"},\"primaryImageOfPage\":{\"@id\":\"https:\/\/www.domkraftpro.com\/index.php\/produkt\/filena-dvojumyvadlova-skrinka-118x51-5x43cm-bila-mat-vraceni-zdarma-18584\/#primaryimage\"},\"image\":{\"@id\":\"https:\/\/www.domkraftpro.com\/index.php\/produkt\/filena-dvojumyvadlova-skrinka-118x51-5x43cm-bila-mat-vraceni-zdarma-18584\/#primaryimage\"},\"thumbnailUrl\":\"https:\/\/www.domkraftpro.com\/wp-content\/uploads\/2026\/SK0007895-CZ20260425-092556-0-1777080363-748554_fid1212w-228651173938397.webp\",\"datePublished\":\"2026-04-27T04:41:09+00:00\",\"breadcrumb\":{\"@id\":\"https:\/\/www.domkraftpro.com\/index.php\/produkt\/filena-dvojumyvadlova-skrinka-118x51-5x43cm-bila-mat-vraceni-zdarma-18584\/#breadcrumb\"},\"inLanguage\":\"cs\",\"potentialAction\":[{\"@type\":\"ReadAction\",\"target\":[\"https:\/\/www.domkraftpro.com\/index.php\/produkt\/filena-dvojumyvadlova-skrinka-118x51-5x43cm-bila-mat-vraceni-zdarma-18584\/\"]}]},{\"@type\":\"ImageObject\",\"inLanguage\":\"cs\",\"@id\":\"https:\/\/www.domkraftpro.com\/index.php\/produkt\/filena-dvojumyvadlova-skrinka-118x51-5x43cm-bila-mat-vraceni-zdarma-18584\/#primaryimage\",\"url\":\"https:\/\/www.domkraftpro.com\/wp-content\/uploads\/2026\/SK0007895-CZ20260425-092556-0-1777080363-748554_fid1212w-228651173938397.webp\",\"contentUrl\":\"https:\/\/www.domkraftpro.com\/wp-content\/uploads\/2026\/SK0007895-CZ20260425-092556-0-1777080363-748554_fid1212w-228651173938397.webp\",\"width\":1000,\"height\":750},{\"@type\":\"BreadcrumbList\",\"@id\":\"https:\/\/www.domkraftpro.com\/index.php\/produkt\/filena-dvojumyvadlova-skrinka-118x51-5x43cm-bila-mat-vraceni-zdarma-18584\/#breadcrumb\",\"itemListElement\":[{\"@type\":\"ListItem\",\"position\":1,\"name\":\"Home\",\"item\":\"https:\/\/www.domkraftpro.com\/\"},{\"@type\":\"ListItem\",\"position\":2,\"name\":\"Products\",\"item\":\"https:\/\/www.domkraftpro.com\/index.php\/products\/\"},{\"@type\":\"ListItem\",\"position\":3,\"name\":\"FILENA dvojumyvadlov\u00e1 sk\u0159\u00ed\u0148ka 118&#215;51,5x43cm, b\u00edl\u00e1 mat Vr\u00e1cen\u00ed Zdarma\"}]},{\"@type\":\"WebSite\",\"@id\":\"https:\/\/www.domkraftpro.com\/#website\",\"url\":\"https:\/\/www.domkraftpro.com\/\",\"name\":\"\",\"description\":\"\",\"potentialAction\":[{\"@type\":\"SearchAction\",\"target\":{\"@type\":\"EntryPoint\",\"urlTemplate\":\"https:\/\/www.domkraftpro.com\/?s={search_term_string}\"},\"query-input\":{\"@type\":\"PropertyValueSpecification\",\"valueRequired\":true,\"valueName\":\"search_term_string\"}}],\"inLanguage\":\"cs\"}]}<\/script>\n<!-- \/ Yoast SEO plugin. -->","yoast_head_json":{"title":"FILENA dvojumyvadlov\u00e1 sk\u0159\u00ed\u0148ka 118x51,5x43cm, b\u00edl\u00e1 mat Vr\u00e1cen\u00ed Zdarma -","robots":{"index":"index","follow":"follow","max-snippet":"max-snippet:-1","max-image-preview":"max-image-preview:large","max-video-preview":"max-video-preview:-1"},"canonical":"https:\/\/www.domkraftpro.com\/index.php\/produkt\/filena-dvojumyvadlova-skrinka-118x51-5x43cm-bila-mat-vraceni-zdarma-18584\/","og_locale":"cs_CZ","og_type":"article","og_title":"FILENA dvojumyvadlov\u00e1 sk\u0159\u00ed\u0148ka 118x51,5x43cm, b\u00edl\u00e1 mat Vr\u00e1cen\u00ed Zdarma -","og_description":"Detailn\u00ed popis produktu Horn\u00ed z\u00e1suvky bez v\u00fd\u0159ezu pro sifon. Lze pou\u017e\u00edt pouze doporu\u010den\u00fd sifon URBINO. Mo\u017enost instalace s n\u00e1bytkov\u00fdm umyvadlem nebo s Rockstone deskou a umyvadlem na desku. Dokonale decentn\u00ed s\u00e9rie koupelnov\u00e9ho n\u00e1bytku FILENA nab\u00edz\u00ed sk\u0159\u00ed\u0148ky z dubov\u00e9 d\u00fdhy v p\u0159\u00edrodn\u00edm proveden\u00ed dekoru d\u0159eva o\u0161et\u0159en\u00e9m transparentn\u00edm lakem, v b\u00edl\u00e9m matn\u00e9m lakov\u00e1n\u00ed a v \u010dern\u011b matn\u00e9m [&hellip;]","og_url":"https:\/\/www.domkraftpro.com\/index.php\/produkt\/filena-dvojumyvadlova-skrinka-118x51-5x43cm-bila-mat-vraceni-zdarma-18584\/","og_image":[{"width":1000,"height":750,"url":"https:\/\/www.domkraftpro.com\/wp-content\/uploads\/2026\/SK0007895-CZ20260425-092556-0-1777080363-748554_fid1212w-228651173938397.webp","type":"image\/webp"}],"twitter_card":"summary_large_image","twitter_misc":{"Odhadovan\u00e1 doba \u010dten\u00ed":"2 minuty"},"schema":{"@context":"https:\/\/schema.org","@graph":[{"@type":"WebPage","@id":"https:\/\/www.domkraftpro.com\/index.php\/produkt\/filena-dvojumyvadlova-skrinka-118x51-5x43cm-bila-mat-vraceni-zdarma-18584\/","url":"https:\/\/www.domkraftpro.com\/index.php\/produkt\/filena-dvojumyvadlova-skrinka-118x51-5x43cm-bila-mat-vraceni-zdarma-18584\/","name":"FILENA dvojumyvadlov\u00e1 sk\u0159\u00ed\u0148ka 118x51,5x43cm, b\u00edl\u00e1 mat Vr\u00e1cen\u00ed Zdarma -","isPartOf":{"@id":"https:\/\/www.domkraftpro.com\/#website"},"primaryImageOfPage":{"@id":"https:\/\/www.domkraftpro.com\/index.php\/produkt\/filena-dvojumyvadlova-skrinka-118x51-5x43cm-bila-mat-vraceni-zdarma-18584\/#primaryimage"},"image":{"@id":"https:\/\/www.domkraftpro.com\/index.php\/produkt\/filena-dvojumyvadlova-skrinka-118x51-5x43cm-bila-mat-vraceni-zdarma-18584\/#primaryimage"},"thumbnailUrl":"https:\/\/www.domkraftpro.com\/wp-content\/uploads\/2026\/SK0007895-CZ20260425-092556-0-1777080363-748554_fid1212w-228651173938397.webp","datePublished":"2026-04-27T04:41:09+00:00","breadcrumb":{"@id":"https:\/\/www.domkraftpro.com\/index.php\/produkt\/filena-dvojumyvadlova-skrinka-118x51-5x43cm-bila-mat-vraceni-zdarma-18584\/#breadcrumb"},"inLanguage":"cs","potentialAction":[{"@type":"ReadAction","target":["https:\/\/www.domkraftpro.com\/index.php\/produkt\/filena-dvojumyvadlova-skrinka-118x51-5x43cm-bila-mat-vraceni-zdarma-18584\/"]}]},{"@type":"ImageObject","inLanguage":"cs","@id":"https:\/\/www.domkraftpro.com\/index.php\/produkt\/filena-dvojumyvadlova-skrinka-118x51-5x43cm-bila-mat-vraceni-zdarma-18584\/#primaryimage","url":"https:\/\/www.domkraftpro.com\/wp-content\/uploads\/2026\/SK0007895-CZ20260425-092556-0-1777080363-748554_fid1212w-228651173938397.webp","contentUrl":"https:\/\/www.domkraftpro.com\/wp-content\/uploads\/2026\/SK0007895-CZ20260425-092556-0-1777080363-748554_fid1212w-228651173938397.webp","width":1000,"height":750},{"@type":"BreadcrumbList","@id":"https:\/\/www.domkraftpro.com\/index.php\/produkt\/filena-dvojumyvadlova-skrinka-118x51-5x43cm-bila-mat-vraceni-zdarma-18584\/#breadcrumb","itemListElement":[{"@type":"ListItem","position":1,"name":"Home","item":"https:\/\/www.domkraftpro.com\/"},{"@type":"ListItem","position":2,"name":"Products","item":"https:\/\/www.domkraftpro.com\/index.php\/products\/"},{"@type":"ListItem","position":3,"name":"FILENA dvojumyvadlov\u00e1 sk\u0159\u00ed\u0148ka 118&#215;51,5x43cm, b\u00edl\u00e1 mat Vr\u00e1cen\u00ed Zdarma"}]},{"@type":"WebSite","@id":"https:\/\/www.domkraftpro.com\/#website","url":"https:\/\/www.domkraftpro.com\/","name":"","description":"","potentialAction":[{"@type":"SearchAction","target":{"@type":"EntryPoint","urlTemplate":"https:\/\/www.domkraftpro.com\/?s={search_term_string}"},"query-input":{"@type":"PropertyValueSpecification","valueRequired":true,"valueName":"search_term_string"}}],"inLanguage":"cs"}]}},"_links":{"self":[{"href":"https:\/\/www.domkraftpro.com\/index.php\/wp-json\/wp\/v2\/product\/18584","targetHints":{"allow":["GET"]}}],"collection":[{"href":"https:\/\/www.domkraftpro.com\/index.php\/wp-json\/wp\/v2\/product"}],"about":[{"href":"https:\/\/www.domkraftpro.com\/index.php\/wp-json\/wp\/v2\/types\/product"}],"replies":[{"embeddable":true,"href":"https:\/\/www.domkraftpro.com\/index.php\/wp-json\/wp\/v2\/comments?post=18584"}],"wp:featuredmedia":[{"embeddable":true,"href":"https:\/\/www.domkraftpro.com\/index.php\/wp-json\/wp\/v2\/media\/18684"}],"wp:attachment":[{"href":"https:\/\/www.domkraftpro.com\/index.php\/wp-json\/wp\/v2\/media?parent=18584"}],"wp:term":[{"taxonomy":"product_brand","embeddable":true,"href":"https:\/\/www.domkraftpro.com\/index.php\/wp-json\/wp\/v2\/product_brand?post=18584"},{"taxonomy":"product_cat","embeddable":true,"href":"https:\/\/www.domkraftpro.com\/index.php\/wp-json\/wp\/v2\/product_cat?post=18584"},{"taxonomy":"product_tag","embeddable":true,"href":"https:\/\/www.domkraftpro.com\/index.php\/wp-json\/wp\/v2\/product_tag?post=18584"}],"curies":[{"name":"wp","href":"https:\/\/api.w.org\/{rel}","templated":true}]}}