{"id":18095,"date":"2026-04-27T04:41:08","date_gmt":"2026-04-27T04:41:08","guid":{"rendered":""},"modified":"2026-04-27T04:41:08","modified_gmt":"2026-04-27T04:41:08","slug":"duopasso-elektricky-susak-rucniku-s-casovacem-122x1700mm-45-w-zlato-mat-pouze-dnes-18095","status":"publish","type":"product","link":"https:\/\/www.domkraftpro.com\/index.php\/produkt\/duopasso-elektricky-susak-rucniku-s-casovacem-122x1700mm-45-w-zlato-mat-pouze-dnes-18095\/","title":{"rendered":"DUOPASSO elektrick\u00fd su\u0161\u00e1k ru\u010dn\u00edk\u016f s \u010dasova\u010dem, 122x1700mm, 45 W, zlato mat Pouze Dnes"},"content":{"rendered":"<div class=\"basic-description\">\n<h3>Detailn\u00ed popis produktu<\/h3>\n<p style=\"text-align: justify;\">Otopn\u00e9 t\u011bleso DUOPASSO lze zapojit p\u0159\u00edmo do elektrick\u00e9 z\u00e1suvky d\u00edky kroucen\u00e9mu kabelu zakon\u010den\u00e9mu vidlic\u00ed nebo s pou\u017eit\u00edm doporu\u010den\u00e9ho adapt\u00e9ru m\u016f\u017eete kabel skr\u00fdt a napojit ho p\u0159\u00edmo do svorkovnice schovan\u00e9 ve st\u011bn\u011b pro \u010dist\u00fd vzhled koupelny. Su\u0161\u00e1k je ur\u010den k nah\u0159\u00edv\u00e1n\u00ed a su\u0161en\u00ed ru\u010dn\u00edk\u016f, kter\u00e9 ocen\u00edte p\u0159edev\u0161\u00edm v zimn\u00edm obdob\u00ed.<\/p>\n<ul>\n<li>Po nah\u0159\u00e1t\u00ed se teplota pohybuje mezi 45 a\u017e 55 \u00b0C dle teploty okol\u00ed<\/li>\n<li>D\u00e9lka kroucen\u00e9ho kabelu po rozta\u017een\u00ed: 150 cm<\/li>\n<li>Provozn\u00ed nap\u011bt\u00ed: 230 V<\/li>\n<\/ul><\/div>\n<div class=\"extended-description\">\n<h3>Dopl\u0148kov\u00e9 parametry<\/h3>\n<table class=\"detail-parameters\">\n<tbody>\n<tr>\n<th>        <span class=\"row-header-label\">            Kategorie<span class=\"row-header-label-colon\">:<\/span>        <\/span>    <\/th>\n<td>            <\/td>\n<\/tr>\n<tr>\n<th>            <span class=\"row-header-label\">                Z\u00e1ruka<span class=\"row-header-label-colon\">:<\/span>            <\/span>        <\/th>\n<td>            24        <\/td>\n<\/tr>\n<tr>\n<th>            <span class=\"row-header-label\">                Hmotnost<span class=\"row-header-label-colon\">:<\/span>            <\/span>        <\/th>\n<td>            4.6 kg        <\/td>\n<\/tr>\n<tr class=\"productEan\">\n<th>          <span class=\"row-header-label productEan__label\">              EAN<span class=\"row-header-label-colon\">:<\/span>          <\/span>      <\/th>\n<td>          <span class=\"productEan__value\">8590913964343<\/span>      <\/td>\n<\/tr>\n<tr>\n<th>                <span class=\"row-header-label\">                                            3D model<span class=\"row-header-label-colon\">:<\/span>                                    <\/span>            <\/th>\n<td>                                                            ANO                                                <\/td>\n<\/tr>\n<tr>\n<th>                <span class=\"row-header-label\">                                            Balen\u00ed<span class=\"row-header-label-colon\">:<\/span>                                    <\/span>            <\/th>\n<td>                                                            1 ks                                                <\/td>\n<\/tr>\n<tr>\n<th>                <span class=\"row-header-label\">                                            Barva<span class=\"row-header-label-colon\">:<\/span>                                    <\/span>            <\/th>\n<td>                                                            Zlato mat                                                <\/td>\n<\/tr>\n<tr>\n<th>                <span class=\"row-header-label\">                                            Dostupnost<span class=\"row-header-label-colon\">:<\/span>                                    <\/span>            <\/th>\n<td>                                                            Skladem                                                <\/td>\n<\/tr>\n<tr>\n<th>                <span class=\"row-header-label\">                                            Materi\u00e1l<span class=\"row-header-label-colon\">:<\/span>                                    <\/span>            <\/th>\n<td>                                                            Nerez                                                <\/td>\n<\/tr>\n<tr>\n<th>                <span class=\"row-header-label\">                                            Mo\u017enost vyt\u00e1p\u011bn\u00ed<span class=\"row-header-label-colon\">:<\/span>                                    <\/span>            <\/th>\n<td>                                                            Elektrick\u00e9 vyt\u00e1p\u011bn\u00ed integrovan\u00e9 v t\u011blese                                                <\/td>\n<\/tr>\n<tr>\n<th>                <span class=\"row-header-label\">                                            P\u0159\u00edkon<span class=\"row-header-label-colon\">:<\/span>                                    <\/span>            <\/th>\n<td>                                                            45 W                                                <\/td>\n<\/tr>\n<tr>\n<th>                <span class=\"row-header-label\">                                            Rozm\u011br<span class=\"row-header-label-colon\">:<\/span>                                    <\/span>            <\/th>\n<td>                                                            122&#215;1700 mm                                                <\/td>\n<\/tr>\n<tr>\n<th>                <span class=\"row-header-label\">                                            \u0160\u00ed\u0159ka<span class=\"row-header-label-colon\">:<\/span>                                    <\/span>            <\/th>\n<td>                                                            122 mm                                                <\/td>\n<\/tr>\n<tr>\n<th>                <span class=\"row-header-label\">                                            Tvar<span class=\"row-header-label-colon\">:<\/span>                                    <\/span>            <\/th>\n<td>                                                            Tvar I                                                <\/td>\n<\/tr>\n<tr>\n<th>                <span class=\"row-header-label\">                                            V\u00fdbava<span class=\"row-header-label-colon\">:<\/span>                                    <\/span>            <\/th>\n<td>                                                            \u010casova\u010d                                                <\/td>\n<\/tr>\n<tr>\n<th>                <span class=\"row-header-label\">                                            V\u00fd\u0161ka<span class=\"row-header-label-colon\">:<\/span>                                    <\/span>            <\/th>\n<td>                                                            1700 mm                                                <\/td>\n<\/tr>\n<tr>\n<th>                <span class=\"row-header-label\">                                            Z\u00e1ruka<span class=\"row-header-label-colon\">:<\/span>                                    <\/span>            <\/th>\n<td>                                                            2 roky                                                <\/td>\n<\/tr>\n<\/tbody>\n<\/table><\/div>\n<\/p><\/div>\n<\/p><\/div>\n","protected":false},"excerpt":{"rendered":"<p>Detailn\u00ed popis produktu Otopn\u00e9 t\u011bleso DUOPASSO lze zapojit p\u0159\u00edmo do elektrick\u00e9 z\u00e1suvky d\u00edky kroucen\u00e9mu kabelu zakon\u010den\u00e9mu vidlic\u00ed nebo s pou\u017eit\u00edm doporu\u010den\u00e9ho adapt\u00e9ru m\u016f\u017eete kabel skr\u00fdt a napojit ho p\u0159\u00edmo do svorkovnice schovan\u00e9 ve st\u011bn\u011b pro \u010dist\u00fd vzhled koupelny. Su\u0161\u00e1k je ur\u010den k nah\u0159\u00edv\u00e1n\u00ed a su\u0161en\u00ed ru\u010dn\u00edk\u016f, kter\u00e9 ocen\u00edte p\u0159edev\u0161\u00edm v zimn\u00edm obdob\u00ed. Po nah\u0159\u00e1t\u00ed se [&hellip;]<\/p>\n","protected":false},"featured_media":18195,"comment_status":"open","ping_status":"open","template":"","meta":[],"product_brand":[],"product_cat":[66],"product_tag":[],"class_list":{"0":"post-18095","1":"product","2":"type-product","3":"status-publish","4":"has-post-thumbnail","6":"product_cat-koupelnove-radiatory","8":"first","9":"instock","10":"sale","11":"shipping-taxable","12":"purchasable","13":"product-type-simple"},"yoast_head":"<!-- This site is optimized with the Yoast SEO plugin v26.8 - https:\/\/yoast.com\/product\/yoast-seo-wordpress\/ -->\n<title>DUOPASSO elektrick\u00fd su\u0161\u00e1k ru\u010dn\u00edk\u016f s \u010dasova\u010dem, 122x1700mm, 45 W, zlato mat Pouze Dnes -<\/title>\n<meta name=\"robots\" content=\"index, follow, max-snippet:-1, max-image-preview:large, max-video-preview:-1\" \/>\n<link rel=\"canonical\" href=\"https:\/\/www.domkraftpro.com\/index.php\/produkt\/duopasso-elektricky-susak-rucniku-s-casovacem-122x1700mm-45-w-zlato-mat-pouze-dnes-18095\/\" \/>\n<meta property=\"og:locale\" content=\"cs_CZ\" \/>\n<meta property=\"og:type\" content=\"article\" \/>\n<meta property=\"og:title\" content=\"DUOPASSO elektrick\u00fd su\u0161\u00e1k ru\u010dn\u00edk\u016f s \u010dasova\u010dem, 122x1700mm, 45 W, zlato mat Pouze Dnes -\" \/>\n<meta property=\"og:description\" content=\"Detailn\u00ed popis produktu Otopn\u00e9 t\u011bleso DUOPASSO lze zapojit p\u0159\u00edmo do elektrick\u00e9 z\u00e1suvky d\u00edky kroucen\u00e9mu kabelu zakon\u010den\u00e9mu vidlic\u00ed nebo s pou\u017eit\u00edm doporu\u010den\u00e9ho adapt\u00e9ru m\u016f\u017eete kabel skr\u00fdt a napojit ho p\u0159\u00edmo do svorkovnice schovan\u00e9 ve st\u011bn\u011b pro \u010dist\u00fd vzhled koupelny. Su\u0161\u00e1k je ur\u010den k nah\u0159\u00edv\u00e1n\u00ed a su\u0161en\u00ed ru\u010dn\u00edk\u016f, kter\u00e9 ocen\u00edte p\u0159edev\u0161\u00edm v zimn\u00edm obdob\u00ed. Po nah\u0159\u00e1t\u00ed se [&hellip;]\" \/>\n<meta property=\"og:url\" content=\"https:\/\/www.domkraftpro.com\/index.php\/produkt\/duopasso-elektricky-susak-rucniku-s-casovacem-122x1700mm-45-w-zlato-mat-pouze-dnes-18095\/\" \/>\n<meta property=\"og:image\" content=\"https:\/\/www.domkraftpro.com\/wp-content\/uploads\/2026\/SK0007590-CZ20260425-092556-0-1777080363-691470_er830-224940322194004.webp\" \/>\n\t<meta property=\"og:image:width\" content=\"1000\" \/>\n\t<meta property=\"og:image:height\" content=\"750\" \/>\n\t<meta property=\"og:image:type\" content=\"image\/webp\" \/>\n<meta name=\"twitter:card\" content=\"summary_large_image\" \/>\n<meta name=\"twitter:label1\" content=\"Odhadovan\u00e1 doba \u010dten\u00ed\" \/>\n\t<meta name=\"twitter:data1\" content=\"1 minuta\" \/>\n<script type=\"application\/ld+json\" class=\"yoast-schema-graph\">{\"@context\":\"https:\/\/schema.org\",\"@graph\":[{\"@type\":\"WebPage\",\"@id\":\"https:\/\/www.domkraftpro.com\/index.php\/produkt\/duopasso-elektricky-susak-rucniku-s-casovacem-122x1700mm-45-w-zlato-mat-pouze-dnes-18095\/\",\"url\":\"https:\/\/www.domkraftpro.com\/index.php\/produkt\/duopasso-elektricky-susak-rucniku-s-casovacem-122x1700mm-45-w-zlato-mat-pouze-dnes-18095\/\",\"name\":\"DUOPASSO elektrick\u00fd su\u0161\u00e1k ru\u010dn\u00edk\u016f s \u010dasova\u010dem, 122x1700mm, 45 W, zlato mat Pouze Dnes -\",\"isPartOf\":{\"@id\":\"https:\/\/www.domkraftpro.com\/#website\"},\"primaryImageOfPage\":{\"@id\":\"https:\/\/www.domkraftpro.com\/index.php\/produkt\/duopasso-elektricky-susak-rucniku-s-casovacem-122x1700mm-45-w-zlato-mat-pouze-dnes-18095\/#primaryimage\"},\"image\":{\"@id\":\"https:\/\/www.domkraftpro.com\/index.php\/produkt\/duopasso-elektricky-susak-rucniku-s-casovacem-122x1700mm-45-w-zlato-mat-pouze-dnes-18095\/#primaryimage\"},\"thumbnailUrl\":\"https:\/\/www.domkraftpro.com\/wp-content\/uploads\/2026\/SK0007590-CZ20260425-092556-0-1777080363-691470_er830-224940322194004.webp\",\"datePublished\":\"2026-04-27T04:41:08+00:00\",\"breadcrumb\":{\"@id\":\"https:\/\/www.domkraftpro.com\/index.php\/produkt\/duopasso-elektricky-susak-rucniku-s-casovacem-122x1700mm-45-w-zlato-mat-pouze-dnes-18095\/#breadcrumb\"},\"inLanguage\":\"cs\",\"potentialAction\":[{\"@type\":\"ReadAction\",\"target\":[\"https:\/\/www.domkraftpro.com\/index.php\/produkt\/duopasso-elektricky-susak-rucniku-s-casovacem-122x1700mm-45-w-zlato-mat-pouze-dnes-18095\/\"]}]},{\"@type\":\"ImageObject\",\"inLanguage\":\"cs\",\"@id\":\"https:\/\/www.domkraftpro.com\/index.php\/produkt\/duopasso-elektricky-susak-rucniku-s-casovacem-122x1700mm-45-w-zlato-mat-pouze-dnes-18095\/#primaryimage\",\"url\":\"https:\/\/www.domkraftpro.com\/wp-content\/uploads\/2026\/SK0007590-CZ20260425-092556-0-1777080363-691470_er830-224940322194004.webp\",\"contentUrl\":\"https:\/\/www.domkraftpro.com\/wp-content\/uploads\/2026\/SK0007590-CZ20260425-092556-0-1777080363-691470_er830-224940322194004.webp\",\"width\":1000,\"height\":750},{\"@type\":\"BreadcrumbList\",\"@id\":\"https:\/\/www.domkraftpro.com\/index.php\/produkt\/duopasso-elektricky-susak-rucniku-s-casovacem-122x1700mm-45-w-zlato-mat-pouze-dnes-18095\/#breadcrumb\",\"itemListElement\":[{\"@type\":\"ListItem\",\"position\":1,\"name\":\"Home\",\"item\":\"https:\/\/www.domkraftpro.com\/\"},{\"@type\":\"ListItem\",\"position\":2,\"name\":\"Products\",\"item\":\"https:\/\/www.domkraftpro.com\/index.php\/products\/\"},{\"@type\":\"ListItem\",\"position\":3,\"name\":\"DUOPASSO elektrick\u00fd su\u0161\u00e1k ru\u010dn\u00edk\u016f s \u010dasova\u010dem, 122x1700mm, 45 W, zlato mat Pouze Dnes\"}]},{\"@type\":\"WebSite\",\"@id\":\"https:\/\/www.domkraftpro.com\/#website\",\"url\":\"https:\/\/www.domkraftpro.com\/\",\"name\":\"\",\"description\":\"\",\"potentialAction\":[{\"@type\":\"SearchAction\",\"target\":{\"@type\":\"EntryPoint\",\"urlTemplate\":\"https:\/\/www.domkraftpro.com\/?s={search_term_string}\"},\"query-input\":{\"@type\":\"PropertyValueSpecification\",\"valueRequired\":true,\"valueName\":\"search_term_string\"}}],\"inLanguage\":\"cs\"}]}<\/script>\n<!-- \/ Yoast SEO plugin. -->","yoast_head_json":{"title":"DUOPASSO elektrick\u00fd su\u0161\u00e1k ru\u010dn\u00edk\u016f s \u010dasova\u010dem, 122x1700mm, 45 W, zlato mat Pouze Dnes -","robots":{"index":"index","follow":"follow","max-snippet":"max-snippet:-1","max-image-preview":"max-image-preview:large","max-video-preview":"max-video-preview:-1"},"canonical":"https:\/\/www.domkraftpro.com\/index.php\/produkt\/duopasso-elektricky-susak-rucniku-s-casovacem-122x1700mm-45-w-zlato-mat-pouze-dnes-18095\/","og_locale":"cs_CZ","og_type":"article","og_title":"DUOPASSO elektrick\u00fd su\u0161\u00e1k ru\u010dn\u00edk\u016f s \u010dasova\u010dem, 122x1700mm, 45 W, zlato mat Pouze Dnes -","og_description":"Detailn\u00ed popis produktu Otopn\u00e9 t\u011bleso DUOPASSO lze zapojit p\u0159\u00edmo do elektrick\u00e9 z\u00e1suvky d\u00edky kroucen\u00e9mu kabelu zakon\u010den\u00e9mu vidlic\u00ed nebo s pou\u017eit\u00edm doporu\u010den\u00e9ho adapt\u00e9ru m\u016f\u017eete kabel skr\u00fdt a napojit ho p\u0159\u00edmo do svorkovnice schovan\u00e9 ve st\u011bn\u011b pro \u010dist\u00fd vzhled koupelny. Su\u0161\u00e1k je ur\u010den k nah\u0159\u00edv\u00e1n\u00ed a su\u0161en\u00ed ru\u010dn\u00edk\u016f, kter\u00e9 ocen\u00edte p\u0159edev\u0161\u00edm v zimn\u00edm obdob\u00ed. Po nah\u0159\u00e1t\u00ed se [&hellip;]","og_url":"https:\/\/www.domkraftpro.com\/index.php\/produkt\/duopasso-elektricky-susak-rucniku-s-casovacem-122x1700mm-45-w-zlato-mat-pouze-dnes-18095\/","og_image":[{"width":1000,"height":750,"url":"https:\/\/www.domkraftpro.com\/wp-content\/uploads\/2026\/SK0007590-CZ20260425-092556-0-1777080363-691470_er830-224940322194004.webp","type":"image\/webp"}],"twitter_card":"summary_large_image","twitter_misc":{"Odhadovan\u00e1 doba \u010dten\u00ed":"1 minuta"},"schema":{"@context":"https:\/\/schema.org","@graph":[{"@type":"WebPage","@id":"https:\/\/www.domkraftpro.com\/index.php\/produkt\/duopasso-elektricky-susak-rucniku-s-casovacem-122x1700mm-45-w-zlato-mat-pouze-dnes-18095\/","url":"https:\/\/www.domkraftpro.com\/index.php\/produkt\/duopasso-elektricky-susak-rucniku-s-casovacem-122x1700mm-45-w-zlato-mat-pouze-dnes-18095\/","name":"DUOPASSO elektrick\u00fd su\u0161\u00e1k ru\u010dn\u00edk\u016f s \u010dasova\u010dem, 122x1700mm, 45 W, zlato mat Pouze Dnes -","isPartOf":{"@id":"https:\/\/www.domkraftpro.com\/#website"},"primaryImageOfPage":{"@id":"https:\/\/www.domkraftpro.com\/index.php\/produkt\/duopasso-elektricky-susak-rucniku-s-casovacem-122x1700mm-45-w-zlato-mat-pouze-dnes-18095\/#primaryimage"},"image":{"@id":"https:\/\/www.domkraftpro.com\/index.php\/produkt\/duopasso-elektricky-susak-rucniku-s-casovacem-122x1700mm-45-w-zlato-mat-pouze-dnes-18095\/#primaryimage"},"thumbnailUrl":"https:\/\/www.domkraftpro.com\/wp-content\/uploads\/2026\/SK0007590-CZ20260425-092556-0-1777080363-691470_er830-224940322194004.webp","datePublished":"2026-04-27T04:41:08+00:00","breadcrumb":{"@id":"https:\/\/www.domkraftpro.com\/index.php\/produkt\/duopasso-elektricky-susak-rucniku-s-casovacem-122x1700mm-45-w-zlato-mat-pouze-dnes-18095\/#breadcrumb"},"inLanguage":"cs","potentialAction":[{"@type":"ReadAction","target":["https:\/\/www.domkraftpro.com\/index.php\/produkt\/duopasso-elektricky-susak-rucniku-s-casovacem-122x1700mm-45-w-zlato-mat-pouze-dnes-18095\/"]}]},{"@type":"ImageObject","inLanguage":"cs","@id":"https:\/\/www.domkraftpro.com\/index.php\/produkt\/duopasso-elektricky-susak-rucniku-s-casovacem-122x1700mm-45-w-zlato-mat-pouze-dnes-18095\/#primaryimage","url":"https:\/\/www.domkraftpro.com\/wp-content\/uploads\/2026\/SK0007590-CZ20260425-092556-0-1777080363-691470_er830-224940322194004.webp","contentUrl":"https:\/\/www.domkraftpro.com\/wp-content\/uploads\/2026\/SK0007590-CZ20260425-092556-0-1777080363-691470_er830-224940322194004.webp","width":1000,"height":750},{"@type":"BreadcrumbList","@id":"https:\/\/www.domkraftpro.com\/index.php\/produkt\/duopasso-elektricky-susak-rucniku-s-casovacem-122x1700mm-45-w-zlato-mat-pouze-dnes-18095\/#breadcrumb","itemListElement":[{"@type":"ListItem","position":1,"name":"Home","item":"https:\/\/www.domkraftpro.com\/"},{"@type":"ListItem","position":2,"name":"Products","item":"https:\/\/www.domkraftpro.com\/index.php\/products\/"},{"@type":"ListItem","position":3,"name":"DUOPASSO elektrick\u00fd su\u0161\u00e1k ru\u010dn\u00edk\u016f s \u010dasova\u010dem, 122x1700mm, 45 W, zlato mat Pouze Dnes"}]},{"@type":"WebSite","@id":"https:\/\/www.domkraftpro.com\/#website","url":"https:\/\/www.domkraftpro.com\/","name":"","description":"","potentialAction":[{"@type":"SearchAction","target":{"@type":"EntryPoint","urlTemplate":"https:\/\/www.domkraftpro.com\/?s={search_term_string}"},"query-input":{"@type":"PropertyValueSpecification","valueRequired":true,"valueName":"search_term_string"}}],"inLanguage":"cs"}]}},"_links":{"self":[{"href":"https:\/\/www.domkraftpro.com\/index.php\/wp-json\/wp\/v2\/product\/18095","targetHints":{"allow":["GET"]}}],"collection":[{"href":"https:\/\/www.domkraftpro.com\/index.php\/wp-json\/wp\/v2\/product"}],"about":[{"href":"https:\/\/www.domkraftpro.com\/index.php\/wp-json\/wp\/v2\/types\/product"}],"replies":[{"embeddable":true,"href":"https:\/\/www.domkraftpro.com\/index.php\/wp-json\/wp\/v2\/comments?post=18095"}],"wp:featuredmedia":[{"embeddable":true,"href":"https:\/\/www.domkraftpro.com\/index.php\/wp-json\/wp\/v2\/media\/18195"}],"wp:attachment":[{"href":"https:\/\/www.domkraftpro.com\/index.php\/wp-json\/wp\/v2\/media?parent=18095"}],"wp:term":[{"taxonomy":"product_brand","embeddable":true,"href":"https:\/\/www.domkraftpro.com\/index.php\/wp-json\/wp\/v2\/product_brand?post=18095"},{"taxonomy":"product_cat","embeddable":true,"href":"https:\/\/www.domkraftpro.com\/index.php\/wp-json\/wp\/v2\/product_cat?post=18095"},{"taxonomy":"product_tag","embeddable":true,"href":"https:\/\/www.domkraftpro.com\/index.php\/wp-json\/wp\/v2\/product_tag?post=18095"}],"curies":[{"name":"wp","href":"https:\/\/api.w.org\/{rel}","templated":true}]}}