{"id":17980,"date":"2026-04-27T04:41:07","date_gmt":"2026-04-27T04:41:07","guid":{"rendered":""},"modified":"2026-04-27T04:41:07","modified_gmt":"2026-04-27T04:41:07","slug":"kazuko-sprchova-vanicka-z-liteho-mramoru-obdelnik-150x90cm-bila-casove-omezene-17980","status":"publish","type":"product","link":"https:\/\/www.domkraftpro.com\/index.php\/produkt\/kazuko-sprchova-vanicka-z-liteho-mramoru-obdelnik-150x90cm-bila-casove-omezene-17980\/","title":{"rendered":"KAZUKO sprchov\u00e1 vani\u010dka z lit\u00e9ho mramoru, obd\u00e9ln\u00edk 150x90cm, b\u00edl\u00e1 \u010casov\u011b Omezen\u00e9"},"content":{"rendered":"<div class=\"basic-description\">\n<h3>Detailn\u00ed popis produktu<\/h3>\n<p style=\"text-align: justify;\">Vani\u010dky KAZUKO vynikaj\u00ed \u010dist\u00fdm designem, dokonale hladk\u00fdm povrchem a elegantn\u00edmi liniemi bez zbyte\u010dn\u00fdch ru\u0161iv\u00fdch element\u016f. Velk\u00fd d\u016fraz jsme krom\u011b designu kladli na funk\u010dnost odtokov\u00e9 \u010d\u00e1sti, kde je pou\u017eit velkopr\u016ftokov\u00fd sifon s p\u0159\u00edrubou v kombinaci s estetick\u00fdm nerezov\u00fdm z\u00e1klopem dostupn\u00fdm v n\u011bkolika barevn\u00fdch proveden\u00edch.<\/p>\n<ul>\n<li>Standardn\u00ed proveden\u00ed v&nbsp;b\u00edl\u00e9 barv\u011b, mo\u017eno objednat i&nbsp;barevn\u00e9 proveden\u00ed dle vzorn\u00edku RAL za p\u0159\u00edplatek 30 % k&nbsp;z\u00e1kladn\u00ed cen\u011b<\/li>\n<\/ul>\n<div class=\"product-explanation-item\">\n<h3><strong>Lit\u00fd mramor &#8211; materi\u00e1l s tepeln\u011b-izola\u010dn\u00edmi vlastnostmi, kter\u00e9 ocen\u00edte p\u0159i ka\u017ed\u00e9m doteku<\/strong><\/h3>\n<p style=\"text-align: justify;\">Pou\u017e\u00edv\u00e1 se pro v\u00fdrobu sprchov\u00fdch vani\u010dek, van, umyvadel i dal\u0161\u00edch produkt\u016f. Vyr\u00e1b\u00ed se ze sm\u011bsi mlet\u00e9ho v\u00e1pence, skl\u00e1\u0159sk\u00e9ho p\u00edsku, polyesterov\u00e9 prysky\u0159ice a barviv. V\u00fdrobky z lit\u00e9ho mramoru se vyzna\u010duj\u00ed vysokou pevnost\u00ed, nulov\u00fdm pr\u016fhybem, stabilitou a elegantn\u00edm designem.<\/p>\n<\/div><\/div>\n<div class=\"extended-description\">\n<h3>Dopl\u0148kov\u00e9 parametry<\/h3>\n<table class=\"detail-parameters\">\n<tbody>\n<tr>\n<th>        <span class=\"row-header-label\">            Kategorie<span class=\"row-header-label-colon\">:<\/span>        <\/span>    <\/th>\n<td>            <\/td>\n<\/tr>\n<tr>\n<th>            <span class=\"row-header-label\">                Z\u00e1ruka<span class=\"row-header-label-colon\">:<\/span>            <\/span>        <\/th>\n<td>            24        <\/td>\n<\/tr>\n<tr>\n<th>            <span class=\"row-header-label\">                Hmotnost<span class=\"row-header-label-colon\">:<\/span>            <\/span>        <\/th>\n<td>            77 kg        <\/td>\n<\/tr>\n<tr class=\"productEan\">\n<th>          <span class=\"row-header-label productEan__label\">              EAN<span class=\"row-header-label-colon\">:<\/span>          <\/span>      <\/th>\n<td>          <span class=\"productEan__value\">8590729015185<\/span>      <\/td>\n<\/tr>\n<tr>\n<th>                <span class=\"row-header-label\">                                            Balen\u00ed<span class=\"row-header-label-colon\">:<\/span>                                    <\/span>            <\/th>\n<td>                                                            1 ks                                                <\/td>\n<\/tr>\n<tr>\n<th>                <span class=\"row-header-label\">                                            Barva<span class=\"row-header-label-colon\">:<\/span>                                    <\/span>            <\/th>\n<td>                                                            B\u00edl\u00e1                                                <\/td>\n<\/tr>\n<tr>\n<th>                <span class=\"row-header-label\">                                            D\u00e9lka<span class=\"row-header-label-colon\">:<\/span>                                    <\/span>            <\/th>\n<td>                                                            1500 mm                                                <\/td>\n<\/tr>\n<tr>\n<th>                <span class=\"row-header-label\">                                            Dostupnost<span class=\"row-header-label-colon\">:<\/span>                                    <\/span>            <\/th>\n<td>                                                            Skladem                                                <\/td>\n<\/tr>\n<tr>\n<th>                <span class=\"row-header-label\">                                            Materi\u00e1l<span class=\"row-header-label-colon\">:<\/span>                                    <\/span>            <\/th>\n<td>                                                            Lit\u00fd mramor                                                <\/td>\n<\/tr>\n<tr>\n<th>                <span class=\"row-header-label\">                                            Reli\u00e9f (povrch) dna<span class=\"row-header-label-colon\">:<\/span>                                    <\/span>            <\/th>\n<td>                                                            Hladk\u00fd                                                <\/td>\n<\/tr>\n<tr>\n<th>                <span class=\"row-header-label\">                                            Rozm\u011br<span class=\"row-header-label-colon\">:<\/span>                                    <\/span>            <\/th>\n<td>                                                            150x90x3 cm                                                <\/td>\n<\/tr>\n<tr>\n<th>                <span class=\"row-header-label\">                                            \u0160\u00ed\u0159ka<span class=\"row-header-label-colon\">:<\/span>                                    <\/span>            <\/th>\n<td>                                                            900 mm                                                <\/td>\n<\/tr>\n<tr>\n<th>                <span class=\"row-header-label\">                                            Tvar<span class=\"row-header-label-colon\">:<\/span>                                    <\/span>            <\/th>\n<td>                                                            Obd\u00e9ln\u00edkov\u00e9                                                <\/td>\n<\/tr>\n<tr>\n<th>                <span class=\"row-header-label\">                                            V\u00fd\u0161ka<span class=\"row-header-label-colon\">:<\/span>                                    <\/span>            <\/th>\n<td>                                                            30 mm                                                <\/td>\n<\/tr>\n<tr>\n<th>                <span class=\"row-header-label\">                                            Z\u00e1ruka<span class=\"row-header-label-colon\">:<\/span>                                    <\/span>            <\/th>\n<td>                                                            2 roky                                                <\/td>\n<\/tr>\n<\/tbody>\n<\/table><\/div>\n<\/p><\/div>\n<\/p><\/div>\n","protected":false},"excerpt":{"rendered":"<p>Detailn\u00ed popis produktu Vani\u010dky KAZUKO vynikaj\u00ed \u010dist\u00fdm designem, dokonale hladk\u00fdm povrchem a elegantn\u00edmi liniemi bez zbyte\u010dn\u00fdch ru\u0161iv\u00fdch element\u016f. Velk\u00fd d\u016fraz jsme krom\u011b designu kladli na funk\u010dnost odtokov\u00e9 \u010d\u00e1sti, kde je pou\u017eit velkopr\u016ftokov\u00fd sifon s p\u0159\u00edrubou v kombinaci s estetick\u00fdm nerezov\u00fdm z\u00e1klopem dostupn\u00fdm v n\u011bkolika barevn\u00fdch proveden\u00edch. Standardn\u00ed proveden\u00ed v&nbsp;b\u00edl\u00e9 barv\u011b, mo\u017eno objednat i&nbsp;barevn\u00e9 proveden\u00ed dle [&hellip;]<\/p>\n","protected":false},"featured_media":18080,"comment_status":"open","ping_status":"open","template":"","meta":[],"product_brand":[],"product_cat":[79],"product_tag":[],"class_list":{"0":"post-17980","1":"product","2":"type-product","3":"status-publish","4":"has-post-thumbnail","6":"product_cat-sprchove-vanicky","8":"first","9":"instock","10":"sale","11":"shipping-taxable","12":"purchasable","13":"product-type-simple"},"yoast_head":"<!-- This site is optimized with the Yoast SEO plugin v26.8 - https:\/\/yoast.com\/product\/yoast-seo-wordpress\/ -->\n<title>KAZUKO sprchov\u00e1 vani\u010dka z lit\u00e9ho mramoru, obd\u00e9ln\u00edk 150x90cm, b\u00edl\u00e1 \u010casov\u011b Omezen\u00e9 -<\/title>\n<meta name=\"robots\" content=\"index, follow, max-snippet:-1, max-image-preview:large, max-video-preview:-1\" \/>\n<link rel=\"canonical\" href=\"https:\/\/www.domkraftpro.com\/index.php\/produkt\/kazuko-sprchova-vanicka-z-liteho-mramoru-obdelnik-150x90cm-bila-casove-omezene-17980\/\" \/>\n<meta property=\"og:locale\" content=\"cs_CZ\" \/>\n<meta property=\"og:type\" content=\"article\" \/>\n<meta property=\"og:title\" content=\"KAZUKO sprchov\u00e1 vani\u010dka z lit\u00e9ho mramoru, obd\u00e9ln\u00edk 150x90cm, b\u00edl\u00e1 \u010casov\u011b Omezen\u00e9 -\" \/>\n<meta property=\"og:description\" content=\"Detailn\u00ed popis produktu Vani\u010dky KAZUKO vynikaj\u00ed \u010dist\u00fdm designem, dokonale hladk\u00fdm povrchem a elegantn\u00edmi liniemi bez zbyte\u010dn\u00fdch ru\u0161iv\u00fdch element\u016f. Velk\u00fd d\u016fraz jsme krom\u011b designu kladli na funk\u010dnost odtokov\u00e9 \u010d\u00e1sti, kde je pou\u017eit velkopr\u016ftokov\u00fd sifon s p\u0159\u00edrubou v kombinaci s estetick\u00fdm nerezov\u00fdm z\u00e1klopem dostupn\u00fdm v n\u011bkolika barevn\u00fdch proveden\u00edch. Standardn\u00ed proveden\u00ed v&nbsp;b\u00edl\u00e9 barv\u011b, mo\u017eno objednat i&nbsp;barevn\u00e9 proveden\u00ed dle [&hellip;]\" \/>\n<meta property=\"og:url\" content=\"https:\/\/www.domkraftpro.com\/index.php\/produkt\/kazuko-sprchova-vanicka-z-liteho-mramoru-obdelnik-150x90cm-bila-casove-omezene-17980\/\" \/>\n<meta property=\"og:image\" content=\"https:\/\/www.domkraftpro.com\/wp-content\/uploads\/2026\/SK0007575-CZ20260425-092556-0-1777080363-687048_kazuko-sprchova-vanicka-z-liteho-mramoru--obdelnik-1.webp\" \/>\n\t<meta property=\"og:image:width\" content=\"1000\" \/>\n\t<meta property=\"og:image:height\" content=\"750\" \/>\n\t<meta property=\"og:image:type\" content=\"image\/webp\" \/>\n<meta name=\"twitter:card\" content=\"summary_large_image\" \/>\n<meta name=\"twitter:label1\" content=\"Odhadovan\u00e1 doba \u010dten\u00ed\" \/>\n\t<meta name=\"twitter:data1\" content=\"1 minuta\" \/>\n<script type=\"application\/ld+json\" class=\"yoast-schema-graph\">{\"@context\":\"https:\/\/schema.org\",\"@graph\":[{\"@type\":\"WebPage\",\"@id\":\"https:\/\/www.domkraftpro.com\/index.php\/produkt\/kazuko-sprchova-vanicka-z-liteho-mramoru-obdelnik-150x90cm-bila-casove-omezene-17980\/\",\"url\":\"https:\/\/www.domkraftpro.com\/index.php\/produkt\/kazuko-sprchova-vanicka-z-liteho-mramoru-obdelnik-150x90cm-bila-casove-omezene-17980\/\",\"name\":\"KAZUKO sprchov\u00e1 vani\u010dka z lit\u00e9ho mramoru, obd\u00e9ln\u00edk 150x90cm, b\u00edl\u00e1 \u010casov\u011b Omezen\u00e9 -\",\"isPartOf\":{\"@id\":\"https:\/\/www.domkraftpro.com\/#website\"},\"primaryImageOfPage\":{\"@id\":\"https:\/\/www.domkraftpro.com\/index.php\/produkt\/kazuko-sprchova-vanicka-z-liteho-mramoru-obdelnik-150x90cm-bila-casove-omezene-17980\/#primaryimage\"},\"image\":{\"@id\":\"https:\/\/www.domkraftpro.com\/index.php\/produkt\/kazuko-sprchova-vanicka-z-liteho-mramoru-obdelnik-150x90cm-bila-casove-omezene-17980\/#primaryimage\"},\"thumbnailUrl\":\"https:\/\/www.domkraftpro.com\/wp-content\/uploads\/2026\/SK0007575-CZ20260425-092556-0-1777080363-687048_kazuko-sprchova-vanicka-z-liteho-mramoru--obdelnik-1.webp\",\"datePublished\":\"2026-04-27T04:41:07+00:00\",\"breadcrumb\":{\"@id\":\"https:\/\/www.domkraftpro.com\/index.php\/produkt\/kazuko-sprchova-vanicka-z-liteho-mramoru-obdelnik-150x90cm-bila-casove-omezene-17980\/#breadcrumb\"},\"inLanguage\":\"cs\",\"potentialAction\":[{\"@type\":\"ReadAction\",\"target\":[\"https:\/\/www.domkraftpro.com\/index.php\/produkt\/kazuko-sprchova-vanicka-z-liteho-mramoru-obdelnik-150x90cm-bila-casove-omezene-17980\/\"]}]},{\"@type\":\"ImageObject\",\"inLanguage\":\"cs\",\"@id\":\"https:\/\/www.domkraftpro.com\/index.php\/produkt\/kazuko-sprchova-vanicka-z-liteho-mramoru-obdelnik-150x90cm-bila-casove-omezene-17980\/#primaryimage\",\"url\":\"https:\/\/www.domkraftpro.com\/wp-content\/uploads\/2026\/SK0007575-CZ20260425-092556-0-1777080363-687048_kazuko-sprchova-vanicka-z-liteho-mramoru--obdelnik-1.webp\",\"contentUrl\":\"https:\/\/www.domkraftpro.com\/wp-content\/uploads\/2026\/SK0007575-CZ20260425-092556-0-1777080363-687048_kazuko-sprchova-vanicka-z-liteho-mramoru--obdelnik-1.webp\",\"width\":1000,\"height\":750},{\"@type\":\"BreadcrumbList\",\"@id\":\"https:\/\/www.domkraftpro.com\/index.php\/produkt\/kazuko-sprchova-vanicka-z-liteho-mramoru-obdelnik-150x90cm-bila-casove-omezene-17980\/#breadcrumb\",\"itemListElement\":[{\"@type\":\"ListItem\",\"position\":1,\"name\":\"Home\",\"item\":\"https:\/\/www.domkraftpro.com\/\"},{\"@type\":\"ListItem\",\"position\":2,\"name\":\"Products\",\"item\":\"https:\/\/www.domkraftpro.com\/index.php\/products\/\"},{\"@type\":\"ListItem\",\"position\":3,\"name\":\"KAZUKO sprchov\u00e1 vani\u010dka z lit\u00e9ho mramoru, obd\u00e9ln\u00edk 150x90cm, b\u00edl\u00e1 \u010casov\u011b Omezen\u00e9\"}]},{\"@type\":\"WebSite\",\"@id\":\"https:\/\/www.domkraftpro.com\/#website\",\"url\":\"https:\/\/www.domkraftpro.com\/\",\"name\":\"\",\"description\":\"\",\"potentialAction\":[{\"@type\":\"SearchAction\",\"target\":{\"@type\":\"EntryPoint\",\"urlTemplate\":\"https:\/\/www.domkraftpro.com\/?s={search_term_string}\"},\"query-input\":{\"@type\":\"PropertyValueSpecification\",\"valueRequired\":true,\"valueName\":\"search_term_string\"}}],\"inLanguage\":\"cs\"}]}<\/script>\n<!-- \/ Yoast SEO plugin. -->","yoast_head_json":{"title":"KAZUKO sprchov\u00e1 vani\u010dka z lit\u00e9ho mramoru, obd\u00e9ln\u00edk 150x90cm, b\u00edl\u00e1 \u010casov\u011b Omezen\u00e9 -","robots":{"index":"index","follow":"follow","max-snippet":"max-snippet:-1","max-image-preview":"max-image-preview:large","max-video-preview":"max-video-preview:-1"},"canonical":"https:\/\/www.domkraftpro.com\/index.php\/produkt\/kazuko-sprchova-vanicka-z-liteho-mramoru-obdelnik-150x90cm-bila-casove-omezene-17980\/","og_locale":"cs_CZ","og_type":"article","og_title":"KAZUKO sprchov\u00e1 vani\u010dka z lit\u00e9ho mramoru, obd\u00e9ln\u00edk 150x90cm, b\u00edl\u00e1 \u010casov\u011b Omezen\u00e9 -","og_description":"Detailn\u00ed popis produktu Vani\u010dky KAZUKO vynikaj\u00ed \u010dist\u00fdm designem, dokonale hladk\u00fdm povrchem a elegantn\u00edmi liniemi bez zbyte\u010dn\u00fdch ru\u0161iv\u00fdch element\u016f. Velk\u00fd d\u016fraz jsme krom\u011b designu kladli na funk\u010dnost odtokov\u00e9 \u010d\u00e1sti, kde je pou\u017eit velkopr\u016ftokov\u00fd sifon s p\u0159\u00edrubou v kombinaci s estetick\u00fdm nerezov\u00fdm z\u00e1klopem dostupn\u00fdm v n\u011bkolika barevn\u00fdch proveden\u00edch. Standardn\u00ed proveden\u00ed v&nbsp;b\u00edl\u00e9 barv\u011b, mo\u017eno objednat i&nbsp;barevn\u00e9 proveden\u00ed dle [&hellip;]","og_url":"https:\/\/www.domkraftpro.com\/index.php\/produkt\/kazuko-sprchova-vanicka-z-liteho-mramoru-obdelnik-150x90cm-bila-casove-omezene-17980\/","og_image":[{"width":1000,"height":750,"url":"https:\/\/www.domkraftpro.com\/wp-content\/uploads\/2026\/SK0007575-CZ20260425-092556-0-1777080363-687048_kazuko-sprchova-vanicka-z-liteho-mramoru--obdelnik-1.webp","type":"image\/webp"}],"twitter_card":"summary_large_image","twitter_misc":{"Odhadovan\u00e1 doba \u010dten\u00ed":"1 minuta"},"schema":{"@context":"https:\/\/schema.org","@graph":[{"@type":"WebPage","@id":"https:\/\/www.domkraftpro.com\/index.php\/produkt\/kazuko-sprchova-vanicka-z-liteho-mramoru-obdelnik-150x90cm-bila-casove-omezene-17980\/","url":"https:\/\/www.domkraftpro.com\/index.php\/produkt\/kazuko-sprchova-vanicka-z-liteho-mramoru-obdelnik-150x90cm-bila-casove-omezene-17980\/","name":"KAZUKO sprchov\u00e1 vani\u010dka z lit\u00e9ho mramoru, obd\u00e9ln\u00edk 150x90cm, b\u00edl\u00e1 \u010casov\u011b Omezen\u00e9 -","isPartOf":{"@id":"https:\/\/www.domkraftpro.com\/#website"},"primaryImageOfPage":{"@id":"https:\/\/www.domkraftpro.com\/index.php\/produkt\/kazuko-sprchova-vanicka-z-liteho-mramoru-obdelnik-150x90cm-bila-casove-omezene-17980\/#primaryimage"},"image":{"@id":"https:\/\/www.domkraftpro.com\/index.php\/produkt\/kazuko-sprchova-vanicka-z-liteho-mramoru-obdelnik-150x90cm-bila-casove-omezene-17980\/#primaryimage"},"thumbnailUrl":"https:\/\/www.domkraftpro.com\/wp-content\/uploads\/2026\/SK0007575-CZ20260425-092556-0-1777080363-687048_kazuko-sprchova-vanicka-z-liteho-mramoru--obdelnik-1.webp","datePublished":"2026-04-27T04:41:07+00:00","breadcrumb":{"@id":"https:\/\/www.domkraftpro.com\/index.php\/produkt\/kazuko-sprchova-vanicka-z-liteho-mramoru-obdelnik-150x90cm-bila-casove-omezene-17980\/#breadcrumb"},"inLanguage":"cs","potentialAction":[{"@type":"ReadAction","target":["https:\/\/www.domkraftpro.com\/index.php\/produkt\/kazuko-sprchova-vanicka-z-liteho-mramoru-obdelnik-150x90cm-bila-casove-omezene-17980\/"]}]},{"@type":"ImageObject","inLanguage":"cs","@id":"https:\/\/www.domkraftpro.com\/index.php\/produkt\/kazuko-sprchova-vanicka-z-liteho-mramoru-obdelnik-150x90cm-bila-casove-omezene-17980\/#primaryimage","url":"https:\/\/www.domkraftpro.com\/wp-content\/uploads\/2026\/SK0007575-CZ20260425-092556-0-1777080363-687048_kazuko-sprchova-vanicka-z-liteho-mramoru--obdelnik-1.webp","contentUrl":"https:\/\/www.domkraftpro.com\/wp-content\/uploads\/2026\/SK0007575-CZ20260425-092556-0-1777080363-687048_kazuko-sprchova-vanicka-z-liteho-mramoru--obdelnik-1.webp","width":1000,"height":750},{"@type":"BreadcrumbList","@id":"https:\/\/www.domkraftpro.com\/index.php\/produkt\/kazuko-sprchova-vanicka-z-liteho-mramoru-obdelnik-150x90cm-bila-casove-omezene-17980\/#breadcrumb","itemListElement":[{"@type":"ListItem","position":1,"name":"Home","item":"https:\/\/www.domkraftpro.com\/"},{"@type":"ListItem","position":2,"name":"Products","item":"https:\/\/www.domkraftpro.com\/index.php\/products\/"},{"@type":"ListItem","position":3,"name":"KAZUKO sprchov\u00e1 vani\u010dka z lit\u00e9ho mramoru, obd\u00e9ln\u00edk 150x90cm, b\u00edl\u00e1 \u010casov\u011b Omezen\u00e9"}]},{"@type":"WebSite","@id":"https:\/\/www.domkraftpro.com\/#website","url":"https:\/\/www.domkraftpro.com\/","name":"","description":"","potentialAction":[{"@type":"SearchAction","target":{"@type":"EntryPoint","urlTemplate":"https:\/\/www.domkraftpro.com\/?s={search_term_string}"},"query-input":{"@type":"PropertyValueSpecification","valueRequired":true,"valueName":"search_term_string"}}],"inLanguage":"cs"}]}},"_links":{"self":[{"href":"https:\/\/www.domkraftpro.com\/index.php\/wp-json\/wp\/v2\/product\/17980","targetHints":{"allow":["GET"]}}],"collection":[{"href":"https:\/\/www.domkraftpro.com\/index.php\/wp-json\/wp\/v2\/product"}],"about":[{"href":"https:\/\/www.domkraftpro.com\/index.php\/wp-json\/wp\/v2\/types\/product"}],"replies":[{"embeddable":true,"href":"https:\/\/www.domkraftpro.com\/index.php\/wp-json\/wp\/v2\/comments?post=17980"}],"wp:featuredmedia":[{"embeddable":true,"href":"https:\/\/www.domkraftpro.com\/index.php\/wp-json\/wp\/v2\/media\/18080"}],"wp:attachment":[{"href":"https:\/\/www.domkraftpro.com\/index.php\/wp-json\/wp\/v2\/media?parent=17980"}],"wp:term":[{"taxonomy":"product_brand","embeddable":true,"href":"https:\/\/www.domkraftpro.com\/index.php\/wp-json\/wp\/v2\/product_brand?post=17980"},{"taxonomy":"product_cat","embeddable":true,"href":"https:\/\/www.domkraftpro.com\/index.php\/wp-json\/wp\/v2\/product_cat?post=17980"},{"taxonomy":"product_tag","embeddable":true,"href":"https:\/\/www.domkraftpro.com\/index.php\/wp-json\/wp\/v2\/product_tag?post=17980"}],"curies":[{"name":"wp","href":"https:\/\/api.w.org\/{rel}","templated":true}]}}