{"id":17977,"date":"2026-04-27T04:41:07","date_gmt":"2026-04-27T04:41:07","guid":{"rendered":""},"modified":"2026-04-27T04:41:07","modified_gmt":"2026-04-27T04:41:07","slug":"vyprodej-drezova-baterie-eisl-miami-cerna-leskly-chrom-17977","status":"publish","type":"product","link":"https:\/\/www.domkraftpro.com\/index.php\/produkt\/vyprodej-drezova-baterie-eisl-miami-cerna-leskly-chrom-17977\/","title":{"rendered":"V\u00fdprodej D\u0159ezov\u00e1 baterie Eisl Miami \u010dern\u00e1 \/ leskl\u00fd chrom"},"content":{"rendered":"<div class=\"basic-description\">\n<h3>Detailn\u00ed popis produktu<\/h3>\n<div class=\"rowNewText\">\n<p><b>Kuchy\u0148sk\u00e1 baterie Eisl Miami<\/b> v elegantn\u00edm barevn\u00e9 kombinaci chromu ve vysok\u00e9m lesku a matn\u00e9 \u010dern\u00e9. Kvalitn\u00ed kuchy\u0148sk\u00e1 baterie v vysok\u00fdm klenut\u00fdm v\u00fdtokem &#8211; upout\u00e1 pozornost v kuchyni. Baterie bude skv\u011ble vypadat i jako tzv. ostr\u016fvkov\u00e1 baterie, kde bude hlavn\u00edm bodem pozornosti.<\/p>\n<\/div>\n<div class=\"rowNewText\">\n<p>Baterie Miami p\u0159edstavuje <b>\u00fasp\u011b\u0161n\u00e9 spojen\u00ed designu a funkce<\/b>. Vysoce kvalitn\u00ed v\u00fdtok se spir\u00e1lovou pru\u017einou z nerezov\u00e9 oceli s rozpra\u0161ova\u010dem na n\u00e1dob\u00ed.&nbsp;\u010cern\u00e1 kuchy\u0148sk\u00e1 baterie s v\u00fdsuvn\u00fdm, dvoucestn\u011b nastaviteln\u00fdm sprejem na n\u00e1dob\u00ed pro flexibiln\u00ed pou\u017eit\u00ed. Baterie je vybavena inovativn\u00edm magnetick\u00fdm upevn\u011bn\u00edm pro v\u00fdtok a dr\u017e\u00ed jej ve sv\u00e9 poloze.<\/p>\n<\/div>\n<div class=\"rowNewText\">\n<p>Energeticky \u00fasporn\u00e1 d\u0159ezov\u00e1 baterie d\u00edky <b>technologii Cold Start <\/b>&#8211; kdy\u017e je p\u00e1\u010dka ve st\u0159edn\u00ed poloze, te\u010de pouze studen\u00e1 voda.&nbsp;Snadn\u00e1 instalace d\u00edky sad\u011b pro rychl\u00e9 upevn\u011bn\u00ed a snadno srozumiteln\u00fdm mont\u00e1\u017en\u00edm pokyn\u016fm.<\/p>\n<\/div>\n<div class=\"rowNewText\">\n<p><b>Tuto baterii nab\u00edz\u00edme ve dvou barevn\u00fdch variant\u00e1ch:<\/b><\/p>\n<\/div>\n<div class=\"rowNewText\">\n<ul>\n<li>leskl\u00fd chrom ve vysok\u00e9m lesku a matn\u00e9 \u010dern\u00e9<\/li>\n<li>matn\u00e1 \u010dern\u00e1<\/li>\n<\/ul>\n<\/div>\n<div class=\"rowNewText\">\n<p><b>Kl\u00ed\u010dov\u00e9 vlastnosti d\u0159ezov\u00e9 baterie Eisl Miami<\/b><\/p>\n<\/div>\n<div class=\"rowNewText\">\n<ul>\n<li>atraktivn\u00ed vzhled a perfektn\u00ed d\u00edlensk\u00e9 zpracov\u00e1n\u00ed<\/li>\n<li>p\u0159ep\u00edn\u00e1n\u00ed proud \/ sprcha p\u0159\u00edmo na hlavici baterie<\/li>\n<li>kuchy\u0148sk\u00e1 baterie s oto\u010dn\u00fdm v\u00fdtokem o 360\u00b0C, ide\u00e1ln\u00ed pro dvoj d\u0159ezy<\/li>\n<li>keramick\u00e1 kartu\u0161<\/li>\n<li>n\u011bmeck\u00e1 kvalita<\/li>\n<\/ul>\n<\/div>\n<div class=\"rowNewText\">\n<p><i>JEDNODUCH\u00c1 MONT\u00c1\u017d<\/i>&nbsp;d\u00edky dod\u00e1van\u00e9 mont\u00e1\u017en\u00ed sad\u011b se v\u0161emi pot\u0159ebn\u00fdmi sou\u010d\u00e1stmi a mont\u00e1\u017en\u00edmu n\u00e1vodu je instalace hra\u010dkou.&nbsp;&nbsp;<\/p>\n<\/div>\n<p>Sou\u010d\u00e1st\u00ed je :- N\u00e1vod                            <\/p><\/div>\n<div class=\"extended-description\">\n<h3>Dopl\u0148kov\u00e9 parametry<\/h3>\n<table class=\"detail-parameters\">\n<tbody>\n<tr>\n<th>        <span class=\"row-header-label\">            Kategorie<span class=\"row-header-label-colon\">:<\/span>        <\/span>    <\/th>\n<td>            <\/td>\n<\/tr>\n<tr>\n<th>            <span class=\"row-header-label\">                Z\u00e1ruka<span class=\"row-header-label-colon\">:<\/span>            <\/span>        <\/th>\n<td>            24        <\/td>\n<\/tr>\n<tr>\n<th>            <span class=\"row-header-label\">                Hmotnost<span class=\"row-header-label-colon\">:<\/span>            <\/span>        <\/th>\n<td>            1.6 kg        <\/td>\n<\/tr>\n<tr class=\"productEan\">\n<th>          <span class=\"row-header-label productEan__label\">              EAN<span class=\"row-header-label-colon\">:<\/span>          <\/span>      <\/th>\n<td>          <span class=\"productEan__value\">4008431791463<\/span>      <\/td>\n<\/tr>\n<tr>\n<th>                <span class=\"row-header-label\">                                            Baterie pro &quot;dv\u011b vody&quot; (na filtrovanou vodu)<span class=\"row-header-label-colon\">:<\/span>                                    <\/span>            <\/th>\n<td>                                                            Ne                                                <\/td>\n<\/tr>\n<tr>\n<th>                <span class=\"row-header-label\">                                            D\u00e9lka spojovac\u00edch hadic (cm)<span class=\"row-header-label-colon\">:<\/span>                                    <\/span>            <\/th>\n<td>                                                            cca 45,5                                                <\/td>\n<\/tr>\n<tr>\n<th>                <span class=\"row-header-label\">                                            Dostupnost<span class=\"row-header-label-colon\">:<\/span>                                    <\/span>            <\/th>\n<td>                                                            Skladem                                                <\/td>\n<\/tr>\n<tr>\n<th>                <span class=\"row-header-label\">                                            Hloubka obalu<span class=\"row-header-label-colon\">:<\/span>                                    <\/span>            <\/th>\n<td>                                                            51                                                <\/td>\n<\/tr>\n<tr>\n<th>                <span class=\"row-header-label\">                                            K\u00f3d zbo\u017e\u00ed TARIC<span class=\"row-header-label-colon\">:<\/span>                                    <\/span>            <\/th>\n<td>                                                            84818011                                                <\/td>\n<\/tr>\n<tr>\n<th>                <span class=\"row-header-label\">                                            Oto\u010dn\u00e1 hlavice<span class=\"row-header-label-colon\">:<\/span>                                    <\/span>            <\/th>\n<td>                                                            o 360 stup\u0148\u016f                                                <\/td>\n<\/tr>\n<tr>\n<th>                <span class=\"row-header-label\">                                            Ovl\u00e1d\u00e1n\u00ed baterie<span class=\"row-header-label-colon\">:<\/span>                                    <\/span>            <\/th>\n<td>                                                            P\u00e1kov\u00e9                                                <\/td>\n<\/tr>\n<tr>\n<th>                <span class=\"row-header-label\">                                            P\u0159ep\u00edn\u00e1n\u00ed perl\u00e1tor \/ sprcha<span class=\"row-header-label-colon\">:<\/span>                                    <\/span>            <\/th>\n<td>                                                            Ano                                                <\/td>\n<\/tr>\n<tr>\n<th>                <span class=\"row-header-label\">                                            \u0160\u00ed\u0159ka obalu<span class=\"row-header-label-colon\">:<\/span>                                    <\/span>            <\/th>\n<td>                                                            26                                                <\/td>\n<\/tr>\n<tr>\n<th>                <span class=\"row-header-label\">                                            \u0160rouben\u00ed hadic<span class=\"row-header-label-colon\">:<\/span>                                    <\/span>            <\/th>\n<td>                                                            &quot;0&quot; &#8211; p\u0159ipojen\u00ed flexi hadic 3\/8&quot;                                                <\/td>\n<\/tr>\n<tr>\n<th>                <span class=\"row-header-label\">                                            Tvar baterie<span class=\"row-header-label-colon\">:<\/span>                                    <\/span>            <\/th>\n<td>                                                            Obloukov\u00e1                                                <\/td>\n<\/tr>\n<tr>\n<th>                <span class=\"row-header-label\">                                            Typ kartu\u0161e<span class=\"row-header-label-colon\">:<\/span>                                    <\/span>            <\/th>\n<td>                                                            Keramick\u00e1                                                <\/td>\n<\/tr>\n<tr>\n<th>                <span class=\"row-header-label\">                                            V\u00e1ha v\u010d. obalu (kg)<span class=\"row-header-label-colon\">:<\/span>                                    <\/span>            <\/th>\n<td>                                                            1,6                                                <\/td>\n<\/tr>\n<tr>\n<th>                <span class=\"row-header-label\">                                            V\u00fdsuvn\u00e1 hlavice<span class=\"row-header-label-colon\">:<\/span>                                    <\/span>            <\/th>\n<td>                                                            Ne                                                <\/td>\n<\/tr>\n<tr>\n<th>                <span class=\"row-header-label\">                                            V\u00fd\u0161ka baterie (cm)<span class=\"row-header-label-colon\">:<\/span>                                    <\/span>            <\/th>\n<td>                                                            48,6                                                <\/td>\n<\/tr>\n<tr>\n<th>                <span class=\"row-header-label\">                                            V\u00fd\u0161ka obalu<span class=\"row-header-label-colon\">:<\/span>                                    <\/span>            <\/th>\n<td>                                                            7                                                <\/td>\n<\/tr>\n<tr>\n<th>                <span class=\"row-header-label\">                                            Z\u00e1ruka<span class=\"row-header-label-colon\">:<\/span>                                    <\/span>            <\/th>\n<td>                                                            2                                                <\/td>\n<\/tr>\n<\/tbody>\n<\/table><\/div>\n<\/p><\/div>\n<\/p><\/div>\n","protected":false},"excerpt":{"rendered":"<p>Detailn\u00ed popis produktu Kuchy\u0148sk\u00e1 baterie Eisl Miami v elegantn\u00edm barevn\u00e9 kombinaci chromu ve vysok\u00e9m lesku a matn\u00e9 \u010dern\u00e9. Kvalitn\u00ed kuchy\u0148sk\u00e1 baterie v vysok\u00fdm klenut\u00fdm v\u00fdtokem &#8211; upout\u00e1 pozornost v kuchyni. Baterie bude skv\u011ble vypadat i jako tzv. ostr\u016fvkov\u00e1 baterie, kde bude hlavn\u00edm bodem pozornosti. Baterie Miami p\u0159edstavuje \u00fasp\u011b\u0161n\u00e9 spojen\u00ed designu a funkce. Vysoce kvalitn\u00ed v\u00fdtok [&hellip;]<\/p>\n","protected":false},"featured_media":18077,"comment_status":"open","ping_status":"open","template":"","meta":[],"product_brand":[],"product_cat":[75],"product_tag":[],"class_list":{"0":"post-17977","1":"product","2":"type-product","3":"status-publish","4":"has-post-thumbnail","6":"product_cat-vodovodni-baterie","8":"first","9":"instock","10":"sale","11":"shipping-taxable","12":"purchasable","13":"product-type-simple"},"yoast_head":"<!-- This site is optimized with the Yoast SEO plugin v26.8 - https:\/\/yoast.com\/product\/yoast-seo-wordpress\/ -->\n<title>V\u00fdprodej D\u0159ezov\u00e1 baterie Eisl Miami \u010dern\u00e1 \/ leskl\u00fd chrom -<\/title>\n<meta name=\"robots\" content=\"index, follow, max-snippet:-1, max-image-preview:large, max-video-preview:-1\" \/>\n<link rel=\"canonical\" href=\"https:\/\/www.domkraftpro.com\/index.php\/produkt\/vyprodej-drezova-baterie-eisl-miami-cerna-leskly-chrom-17977\/\" \/>\n<meta property=\"og:locale\" content=\"cs_CZ\" \/>\n<meta property=\"og:type\" content=\"article\" \/>\n<meta property=\"og:title\" content=\"V\u00fdprodej D\u0159ezov\u00e1 baterie Eisl Miami \u010dern\u00e1 \/ leskl\u00fd chrom -\" \/>\n<meta property=\"og:description\" content=\"Detailn\u00ed popis produktu Kuchy\u0148sk\u00e1 baterie Eisl Miami v elegantn\u00edm barevn\u00e9 kombinaci chromu ve vysok\u00e9m lesku a matn\u00e9 \u010dern\u00e9. Kvalitn\u00ed kuchy\u0148sk\u00e1 baterie v vysok\u00fdm klenut\u00fdm v\u00fdtokem &#8211; upout\u00e1 pozornost v kuchyni. Baterie bude skv\u011ble vypadat i jako tzv. ostr\u016fvkov\u00e1 baterie, kde bude hlavn\u00edm bodem pozornosti. Baterie Miami p\u0159edstavuje \u00fasp\u011b\u0161n\u00e9 spojen\u00ed designu a funkce. Vysoce kvalitn\u00ed v\u00fdtok [&hellip;]\" \/>\n<meta property=\"og:url\" content=\"https:\/\/www.domkraftpro.com\/index.php\/produkt\/vyprodej-drezova-baterie-eisl-miami-cerna-leskly-chrom-17977\/\" \/>\n<meta property=\"og:image\" content=\"https:\/\/www.domkraftpro.com\/wp-content\/uploads\/2026\/SK0007572-CZ20260425-092556-0-1777080363-686016_miami-cerna-matna-chrom-8.webp\" \/>\n\t<meta property=\"og:image:width\" content=\"1000\" \/>\n\t<meta property=\"og:image:height\" content=\"750\" \/>\n\t<meta property=\"og:image:type\" content=\"image\/webp\" \/>\n<meta name=\"twitter:card\" content=\"summary_large_image\" \/>\n<meta name=\"twitter:label1\" content=\"Odhadovan\u00e1 doba \u010dten\u00ed\" \/>\n\t<meta name=\"twitter:data1\" content=\"2 minuty\" \/>\n<script type=\"application\/ld+json\" class=\"yoast-schema-graph\">{\"@context\":\"https:\/\/schema.org\",\"@graph\":[{\"@type\":\"WebPage\",\"@id\":\"https:\/\/www.domkraftpro.com\/index.php\/produkt\/vyprodej-drezova-baterie-eisl-miami-cerna-leskly-chrom-17977\/\",\"url\":\"https:\/\/www.domkraftpro.com\/index.php\/produkt\/vyprodej-drezova-baterie-eisl-miami-cerna-leskly-chrom-17977\/\",\"name\":\"V\u00fdprodej D\u0159ezov\u00e1 baterie Eisl Miami \u010dern\u00e1 \/ leskl\u00fd chrom -\",\"isPartOf\":{\"@id\":\"https:\/\/www.domkraftpro.com\/#website\"},\"primaryImageOfPage\":{\"@id\":\"https:\/\/www.domkraftpro.com\/index.php\/produkt\/vyprodej-drezova-baterie-eisl-miami-cerna-leskly-chrom-17977\/#primaryimage\"},\"image\":{\"@id\":\"https:\/\/www.domkraftpro.com\/index.php\/produkt\/vyprodej-drezova-baterie-eisl-miami-cerna-leskly-chrom-17977\/#primaryimage\"},\"thumbnailUrl\":\"https:\/\/www.domkraftpro.com\/wp-content\/uploads\/2026\/SK0007572-CZ20260425-092556-0-1777080363-686016_miami-cerna-matna-chrom-8.webp\",\"datePublished\":\"2026-04-27T04:41:07+00:00\",\"breadcrumb\":{\"@id\":\"https:\/\/www.domkraftpro.com\/index.php\/produkt\/vyprodej-drezova-baterie-eisl-miami-cerna-leskly-chrom-17977\/#breadcrumb\"},\"inLanguage\":\"cs\",\"potentialAction\":[{\"@type\":\"ReadAction\",\"target\":[\"https:\/\/www.domkraftpro.com\/index.php\/produkt\/vyprodej-drezova-baterie-eisl-miami-cerna-leskly-chrom-17977\/\"]}]},{\"@type\":\"ImageObject\",\"inLanguage\":\"cs\",\"@id\":\"https:\/\/www.domkraftpro.com\/index.php\/produkt\/vyprodej-drezova-baterie-eisl-miami-cerna-leskly-chrom-17977\/#primaryimage\",\"url\":\"https:\/\/www.domkraftpro.com\/wp-content\/uploads\/2026\/SK0007572-CZ20260425-092556-0-1777080363-686016_miami-cerna-matna-chrom-8.webp\",\"contentUrl\":\"https:\/\/www.domkraftpro.com\/wp-content\/uploads\/2026\/SK0007572-CZ20260425-092556-0-1777080363-686016_miami-cerna-matna-chrom-8.webp\",\"width\":1000,\"height\":750},{\"@type\":\"BreadcrumbList\",\"@id\":\"https:\/\/www.domkraftpro.com\/index.php\/produkt\/vyprodej-drezova-baterie-eisl-miami-cerna-leskly-chrom-17977\/#breadcrumb\",\"itemListElement\":[{\"@type\":\"ListItem\",\"position\":1,\"name\":\"Home\",\"item\":\"https:\/\/www.domkraftpro.com\/\"},{\"@type\":\"ListItem\",\"position\":2,\"name\":\"Products\",\"item\":\"https:\/\/www.domkraftpro.com\/index.php\/products\/\"},{\"@type\":\"ListItem\",\"position\":3,\"name\":\"V\u00fdprodej D\u0159ezov\u00e1 baterie Eisl Miami \u010dern\u00e1 \/ leskl\u00fd chrom\"}]},{\"@type\":\"WebSite\",\"@id\":\"https:\/\/www.domkraftpro.com\/#website\",\"url\":\"https:\/\/www.domkraftpro.com\/\",\"name\":\"\",\"description\":\"\",\"potentialAction\":[{\"@type\":\"SearchAction\",\"target\":{\"@type\":\"EntryPoint\",\"urlTemplate\":\"https:\/\/www.domkraftpro.com\/?s={search_term_string}\"},\"query-input\":{\"@type\":\"PropertyValueSpecification\",\"valueRequired\":true,\"valueName\":\"search_term_string\"}}],\"inLanguage\":\"cs\"}]}<\/script>\n<!-- \/ Yoast SEO plugin. -->","yoast_head_json":{"title":"V\u00fdprodej D\u0159ezov\u00e1 baterie Eisl Miami \u010dern\u00e1 \/ leskl\u00fd chrom -","robots":{"index":"index","follow":"follow","max-snippet":"max-snippet:-1","max-image-preview":"max-image-preview:large","max-video-preview":"max-video-preview:-1"},"canonical":"https:\/\/www.domkraftpro.com\/index.php\/produkt\/vyprodej-drezova-baterie-eisl-miami-cerna-leskly-chrom-17977\/","og_locale":"cs_CZ","og_type":"article","og_title":"V\u00fdprodej D\u0159ezov\u00e1 baterie Eisl Miami \u010dern\u00e1 \/ leskl\u00fd chrom -","og_description":"Detailn\u00ed popis produktu Kuchy\u0148sk\u00e1 baterie Eisl Miami v elegantn\u00edm barevn\u00e9 kombinaci chromu ve vysok\u00e9m lesku a matn\u00e9 \u010dern\u00e9. Kvalitn\u00ed kuchy\u0148sk\u00e1 baterie v vysok\u00fdm klenut\u00fdm v\u00fdtokem &#8211; upout\u00e1 pozornost v kuchyni. Baterie bude skv\u011ble vypadat i jako tzv. ostr\u016fvkov\u00e1 baterie, kde bude hlavn\u00edm bodem pozornosti. Baterie Miami p\u0159edstavuje \u00fasp\u011b\u0161n\u00e9 spojen\u00ed designu a funkce. Vysoce kvalitn\u00ed v\u00fdtok [&hellip;]","og_url":"https:\/\/www.domkraftpro.com\/index.php\/produkt\/vyprodej-drezova-baterie-eisl-miami-cerna-leskly-chrom-17977\/","og_image":[{"width":1000,"height":750,"url":"https:\/\/www.domkraftpro.com\/wp-content\/uploads\/2026\/SK0007572-CZ20260425-092556-0-1777080363-686016_miami-cerna-matna-chrom-8.webp","type":"image\/webp"}],"twitter_card":"summary_large_image","twitter_misc":{"Odhadovan\u00e1 doba \u010dten\u00ed":"2 minuty"},"schema":{"@context":"https:\/\/schema.org","@graph":[{"@type":"WebPage","@id":"https:\/\/www.domkraftpro.com\/index.php\/produkt\/vyprodej-drezova-baterie-eisl-miami-cerna-leskly-chrom-17977\/","url":"https:\/\/www.domkraftpro.com\/index.php\/produkt\/vyprodej-drezova-baterie-eisl-miami-cerna-leskly-chrom-17977\/","name":"V\u00fdprodej D\u0159ezov\u00e1 baterie Eisl Miami \u010dern\u00e1 \/ leskl\u00fd chrom -","isPartOf":{"@id":"https:\/\/www.domkraftpro.com\/#website"},"primaryImageOfPage":{"@id":"https:\/\/www.domkraftpro.com\/index.php\/produkt\/vyprodej-drezova-baterie-eisl-miami-cerna-leskly-chrom-17977\/#primaryimage"},"image":{"@id":"https:\/\/www.domkraftpro.com\/index.php\/produkt\/vyprodej-drezova-baterie-eisl-miami-cerna-leskly-chrom-17977\/#primaryimage"},"thumbnailUrl":"https:\/\/www.domkraftpro.com\/wp-content\/uploads\/2026\/SK0007572-CZ20260425-092556-0-1777080363-686016_miami-cerna-matna-chrom-8.webp","datePublished":"2026-04-27T04:41:07+00:00","breadcrumb":{"@id":"https:\/\/www.domkraftpro.com\/index.php\/produkt\/vyprodej-drezova-baterie-eisl-miami-cerna-leskly-chrom-17977\/#breadcrumb"},"inLanguage":"cs","potentialAction":[{"@type":"ReadAction","target":["https:\/\/www.domkraftpro.com\/index.php\/produkt\/vyprodej-drezova-baterie-eisl-miami-cerna-leskly-chrom-17977\/"]}]},{"@type":"ImageObject","inLanguage":"cs","@id":"https:\/\/www.domkraftpro.com\/index.php\/produkt\/vyprodej-drezova-baterie-eisl-miami-cerna-leskly-chrom-17977\/#primaryimage","url":"https:\/\/www.domkraftpro.com\/wp-content\/uploads\/2026\/SK0007572-CZ20260425-092556-0-1777080363-686016_miami-cerna-matna-chrom-8.webp","contentUrl":"https:\/\/www.domkraftpro.com\/wp-content\/uploads\/2026\/SK0007572-CZ20260425-092556-0-1777080363-686016_miami-cerna-matna-chrom-8.webp","width":1000,"height":750},{"@type":"BreadcrumbList","@id":"https:\/\/www.domkraftpro.com\/index.php\/produkt\/vyprodej-drezova-baterie-eisl-miami-cerna-leskly-chrom-17977\/#breadcrumb","itemListElement":[{"@type":"ListItem","position":1,"name":"Home","item":"https:\/\/www.domkraftpro.com\/"},{"@type":"ListItem","position":2,"name":"Products","item":"https:\/\/www.domkraftpro.com\/index.php\/products\/"},{"@type":"ListItem","position":3,"name":"V\u00fdprodej D\u0159ezov\u00e1 baterie Eisl Miami \u010dern\u00e1 \/ leskl\u00fd chrom"}]},{"@type":"WebSite","@id":"https:\/\/www.domkraftpro.com\/#website","url":"https:\/\/www.domkraftpro.com\/","name":"","description":"","potentialAction":[{"@type":"SearchAction","target":{"@type":"EntryPoint","urlTemplate":"https:\/\/www.domkraftpro.com\/?s={search_term_string}"},"query-input":{"@type":"PropertyValueSpecification","valueRequired":true,"valueName":"search_term_string"}}],"inLanguage":"cs"}]}},"_links":{"self":[{"href":"https:\/\/www.domkraftpro.com\/index.php\/wp-json\/wp\/v2\/product\/17977","targetHints":{"allow":["GET"]}}],"collection":[{"href":"https:\/\/www.domkraftpro.com\/index.php\/wp-json\/wp\/v2\/product"}],"about":[{"href":"https:\/\/www.domkraftpro.com\/index.php\/wp-json\/wp\/v2\/types\/product"}],"replies":[{"embeddable":true,"href":"https:\/\/www.domkraftpro.com\/index.php\/wp-json\/wp\/v2\/comments?post=17977"}],"wp:featuredmedia":[{"embeddable":true,"href":"https:\/\/www.domkraftpro.com\/index.php\/wp-json\/wp\/v2\/media\/18077"}],"wp:attachment":[{"href":"https:\/\/www.domkraftpro.com\/index.php\/wp-json\/wp\/v2\/media?parent=17977"}],"wp:term":[{"taxonomy":"product_brand","embeddable":true,"href":"https:\/\/www.domkraftpro.com\/index.php\/wp-json\/wp\/v2\/product_brand?post=17977"},{"taxonomy":"product_cat","embeddable":true,"href":"https:\/\/www.domkraftpro.com\/index.php\/wp-json\/wp\/v2\/product_cat?post=17977"},{"taxonomy":"product_tag","embeddable":true,"href":"https:\/\/www.domkraftpro.com\/index.php\/wp-json\/wp\/v2\/product_tag?post=17977"}],"curies":[{"name":"wp","href":"https:\/\/api.w.org\/{rel}","templated":true}]}}