{"id":17972,"date":"2026-04-27T04:41:07","date_gmt":"2026-04-27T04:41:07","guid":{"rendered":""},"modified":"2026-04-27T04:41:07","modified_gmt":"2026-04-27T04:41:07","slug":"drezova-baterie-eisl-london-leskly-chrom-expresni-doruceni-17972","status":"publish","type":"product","link":"https:\/\/www.domkraftpro.com\/index.php\/produkt\/drezova-baterie-eisl-london-leskly-chrom-expresni-doruceni-17972\/","title":{"rendered":"D\u0159ezov\u00e1 baterie Eisl London leskl\u00fd chrom Expresn\u00ed Doru\u010den\u00ed"},"content":{"rendered":"<div class=\"basic-description\">\n<h3>Detailn\u00ed popis produktu<\/h3>\n<div class=\"rowNewText\">\n<p>Elegantn\u00ed stoj\u00e1nkov\u00e1 <b>kuchy\u0148sk\u00e1 baterie Eisl London<\/b> povznese vzhled va\u0161\u00ed kuchyn\u011b na \u00farove\u0148 luxusu.&nbsp;<\/p>\n<\/div>\n<div class=\"rowNewText\">\n<p>Baterie Eisl London bude skv\u011ble vypadat nejen v klasick\u00e9m proveden\u00ed kuchyn\u011b, ale bude se vyj\u00edmat i jako ostr\u016fvkov\u00e1 baterie. <b>Jednop\u00e1kov\u00e1 baterie<\/b> s energetickou \u00faspornou funkc\u00ed studen\u00e9ho startu &#8211; to znamen\u00e1, kdy\u017e je p\u00e1ka ve st\u0159edn\u00ed poloze, p\u0159it\u00e9k\u00e1 pouze studen\u00e1 voda.&nbsp;Kuchy\u0148sk\u00e1 baterie s v\u00fdtokem oto\u010dn\u00fdm o 360\u00b0 &#8211; ide\u00e1ln\u00ed tak\u00e9 pro dvojit\u00e9 d\u0159ezy.&nbsp;Prodlou\u017eiteln\u00e1 sprchov\u00e1 hadice (150 cm) pro pohodln\u00e9 ovl\u00e1d\u00e1n\u00ed.<\/p>\n<\/div>\n<div class=\"rowNewText\">\n<p>Baterie disponuje velmi kvalitn\u00ed <b>keramickou kartu\u0161\u00ed<\/b> s nastaviteln\u00fdm teplotn\u00edm limitem. Minimalizuje riziko opa\u0159en\u00ed a t\u00edm nab\u00edz\u00ed bezpe\u010dn\u011bj\u0161\u00ed dom\u00e1cnost pro celou rodinu.<\/p>\n<\/div>\n<div class=\"rowNewText\">\n<p>Snadn\u00e1 mont\u00e1\u017e d\u00edky sad\u011b pro rychlou mont\u00e1\u017e (centr\u00e1ln\u00ed \u0161rouben\u00ed) a v\u00edcejazy\u010dn\u00e9mu ilustrovan\u00e9mu mont\u00e1\u017en\u00edmu n\u00e1vodu.<\/p>\n<\/div>\n<div class=\"rowNewText\">\n<p><b>Tuto baterii nab\u00edz\u00edme v barevn\u00fdch variant\u00e1ch:<\/b><\/p>\n<\/div>\n<div class=\"rowNewText\">\n<ul>\n<li>matn\u00e1 \u010dern\u00e1<\/li>\n<li>matn\u00e1 zlat\u00e1<\/li>\n<li>nerezov\u00e1<\/li>\n<li>leskl\u00fd chrom<\/li>\n<\/ul>\n<\/div>\n<div class=\"rowNewText\">\n<p><b>Kl\u00ed\u010dov\u00e9 vlastnosti d\u0159ezov\u00e9 baterie Eisl London<\/b><\/p>\n<\/div>\n<div class=\"rowNewText\">\n<ul>\n<li>atraktivn\u00ed vzhled a perfektn\u00ed d\u00edlensk\u00e9 zpracov\u00e1n\u00ed<\/li>\n<li>kartu\u0161 s nastaviteln\u00fdm teplotn\u00edm limitem minimalizuje riziko opa\u0159en\u00ed<\/li>\n<li>kvalitn\u00ed chromovan\u00fd povrch<\/li>\n<li>kuchy\u0148sk\u00e1 baterie s oto\u010dn\u00fdm v\u00fdtokem o 360\u00b0C, ide\u00e1ln\u00ed pro dvoj d\u0159ezy<\/li>\n<li>v\u00fdsuvn\u00e1 spr\u0161ka, flexibiln\u00ed hadice<\/li>\n<li>p\u0159ep\u00edn\u00e1n\u00ed proud \/ sprcha p\u0159\u00edmo na hlavici baterie<\/li>\n<li>keramick\u00e1 kartu\u0161<\/li>\n<li>n\u011bmeck\u00e1 kvalita<\/li>\n<\/ul>\n<\/div>\n<div class=\"rowNewText\">\n<p><i>JEDNODUCH\u00c1 MONT\u00c1\u017d<\/i>&nbsp;d\u00edky dod\u00e1van\u00e9 mont\u00e1\u017en\u00ed sad\u011b se v\u0161emi pot\u0159ebn\u00fdmi sou\u010d\u00e1stmi a mont\u00e1\u017en\u00edmu n\u00e1vodu je instalace hra\u010dkou.<\/p>\n<\/div>\n<p>Sou\u010d\u00e1st\u00ed je :- N\u00e1vod                            <\/p><\/div>\n<div class=\"extended-description\">\n<h3>Dopl\u0148kov\u00e9 parametry<\/h3>\n<table class=\"detail-parameters\">\n<tbody>\n<tr>\n<th>        <span class=\"row-header-label\">            Kategorie<span class=\"row-header-label-colon\">:<\/span>        <\/span>    <\/th>\n<td>            <\/td>\n<\/tr>\n<tr>\n<th>            <span class=\"row-header-label\">                Z\u00e1ruka<span class=\"row-header-label-colon\">:<\/span>            <\/span>        <\/th>\n<td>            24        <\/td>\n<\/tr>\n<tr>\n<th>            <span class=\"row-header-label\">                Hmotnost<span class=\"row-header-label-colon\">:<\/span>            <\/span>        <\/th>\n<td>            1.3 kg        <\/td>\n<\/tr>\n<tr class=\"productEan\">\n<th>          <span class=\"row-header-label productEan__label\">              EAN<span class=\"row-header-label-colon\">:<\/span>          <\/span>      <\/th>\n<td>          <span class=\"productEan__value\">4008431797007<\/span>      <\/td>\n<\/tr>\n<tr>\n<th>                <span class=\"row-header-label\">                                            Baterie pro &quot;dv\u011b vody&quot; (na filtrovanou vodu)<span class=\"row-header-label-colon\">:<\/span>                                    <\/span>            <\/th>\n<td>                                                            Ne                                                <\/td>\n<\/tr>\n<tr>\n<th>                <span class=\"row-header-label\">                                            D\u00e9lka spojovac\u00edch hadic (cm)<span class=\"row-header-label-colon\">:<\/span>                                    <\/span>            <\/th>\n<td>                                                            cca 50 cm                                                <\/td>\n<\/tr>\n<tr>\n<th>                <span class=\"row-header-label\">                                            Dostupnost<span class=\"row-header-label-colon\">:<\/span>                                    <\/span>            <\/th>\n<td>                                                            Skladem                                                <\/td>\n<\/tr>\n<tr>\n<th>                <span class=\"row-header-label\">                                            Hloubka obalu<span class=\"row-header-label-colon\">:<\/span>                                    <\/span>            <\/th>\n<td>                                                            51                                                <\/td>\n<\/tr>\n<tr>\n<th>                <span class=\"row-header-label\">                                            K\u00f3d zbo\u017e\u00ed TARIC<span class=\"row-header-label-colon\">:<\/span>                                    <\/span>            <\/th>\n<td>                                                            84818011                                                <\/td>\n<\/tr>\n<tr>\n<th>                <span class=\"row-header-label\">                                            Oto\u010dn\u00e1 hlavice<span class=\"row-header-label-colon\">:<\/span>                                    <\/span>            <\/th>\n<td>                                                            o 360 stup\u0148\u016f                                                <\/td>\n<\/tr>\n<tr>\n<th>                <span class=\"row-header-label\">                                            Ovl\u00e1d\u00e1n\u00ed baterie<span class=\"row-header-label-colon\">:<\/span>                                    <\/span>            <\/th>\n<td>                                                            P\u00e1kov\u00e9                                                <\/td>\n<\/tr>\n<tr>\n<th>                <span class=\"row-header-label\">                                            Povrchov\u00e1 \u00faprava<span class=\"row-header-label-colon\">:<\/span>                                    <\/span>            <\/th>\n<td>                                                            Leskl\u00fd chrom                                                <\/td>\n<\/tr>\n<tr>\n<th>                <span class=\"row-header-label\">                                            Pr\u016fm\u011br kartu\u0161e<span class=\"row-header-label-colon\">:<\/span>                                    <\/span>            <\/th>\n<td>                                                            35 mm                                                <\/td>\n<\/tr>\n<tr>\n<th>                <span class=\"row-header-label\">                                            P\u0159ep\u00edn\u00e1n\u00ed perl\u00e1tor \/ sprcha<span class=\"row-header-label-colon\">:<\/span>                                    <\/span>            <\/th>\n<td>                                                            Ne                                                <\/td>\n<\/tr>\n<tr>\n<th>                <span class=\"row-header-label\">                                            \u0160\u00ed\u0159ka obalu<span class=\"row-header-label-colon\">:<\/span>                                    <\/span>            <\/th>\n<td>                                                            17                                                <\/td>\n<\/tr>\n<tr>\n<th>                <span class=\"row-header-label\">                                            \u0160rouben\u00ed hadic<span class=\"row-header-label-colon\">:<\/span>                                    <\/span>            <\/th>\n<td>                                                            &quot;0&quot; &#8211; p\u0159ipojen\u00ed flexi hadic 3\/8&quot;                                                <\/td>\n<\/tr>\n<tr>\n<th>                <span class=\"row-header-label\">                                            Tvar baterie<span class=\"row-header-label-colon\">:<\/span>                                    <\/span>            <\/th>\n<td>                                                            Obloukov\u00e1                                                <\/td>\n<\/tr>\n<tr>\n<th>                <span class=\"row-header-label\">                                            Typ kartu\u0161e<span class=\"row-header-label-colon\">:<\/span>                                    <\/span>            <\/th>\n<td>                                                            Keramick\u00e1                                                <\/td>\n<\/tr>\n<tr>\n<th>                <span class=\"row-header-label\">                                            V\u00e1ha v\u010d. obalu (kg)<span class=\"row-header-label-colon\">:<\/span>                                    <\/span>            <\/th>\n<td>                                                            1,3                                                <\/td>\n<\/tr>\n<tr>\n<th>                <span class=\"row-header-label\">                                            V\u00fdsuvn\u00e1 hlavice<span class=\"row-header-label-colon\">:<\/span>                                    <\/span>            <\/th>\n<td>                                                            Ano                                                <\/td>\n<\/tr>\n<tr>\n<th>                <span class=\"row-header-label\">                                            V\u00fd\u0161ka baterie (cm)<span class=\"row-header-label-colon\">:<\/span>                                    <\/span>            <\/th>\n<td>                                                            30                                                <\/td>\n<\/tr>\n<tr>\n<th>                <span class=\"row-header-label\">                                            V\u00fd\u0161ka obalu<span class=\"row-header-label-colon\">:<\/span>                                    <\/span>            <\/th>\n<td>                                                            6                                                <\/td>\n<\/tr>\n<tr>\n<th>                <span class=\"row-header-label\">                                            Z\u00e1ruka<span class=\"row-header-label-colon\">:<\/span>                                    <\/span>            <\/th>\n<td>                                                            2                                                <\/td>\n<\/tr>\n<\/tbody>\n<\/table><\/div>\n<\/p><\/div>\n<\/p><\/div>\n","protected":false},"excerpt":{"rendered":"<p>Detailn\u00ed popis produktu Elegantn\u00ed stoj\u00e1nkov\u00e1 kuchy\u0148sk\u00e1 baterie Eisl London povznese vzhled va\u0161\u00ed kuchyn\u011b na \u00farove\u0148 luxusu.&nbsp; Baterie Eisl London bude skv\u011ble vypadat nejen v klasick\u00e9m proveden\u00ed kuchyn\u011b, ale bude se vyj\u00edmat i jako ostr\u016fvkov\u00e1 baterie. Jednop\u00e1kov\u00e1 baterie s energetickou \u00faspornou funkc\u00ed studen\u00e9ho startu &#8211; to znamen\u00e1, kdy\u017e je p\u00e1ka ve st\u0159edn\u00ed poloze, p\u0159it\u00e9k\u00e1 pouze studen\u00e1 [&hellip;]<\/p>\n","protected":false},"featured_media":18072,"comment_status":"open","ping_status":"open","template":"","meta":[],"product_brand":[],"product_cat":[75],"product_tag":[],"class_list":{"0":"post-17972","1":"product","2":"type-product","3":"status-publish","4":"has-post-thumbnail","6":"product_cat-vodovodni-baterie","8":"first","9":"instock","10":"sale","11":"shipping-taxable","12":"purchasable","13":"product-type-simple"},"yoast_head":"<!-- This site is optimized with the Yoast SEO plugin v26.8 - https:\/\/yoast.com\/product\/yoast-seo-wordpress\/ -->\n<title>D\u0159ezov\u00e1 baterie Eisl London leskl\u00fd chrom Expresn\u00ed Doru\u010den\u00ed -<\/title>\n<meta name=\"robots\" content=\"index, follow, max-snippet:-1, max-image-preview:large, max-video-preview:-1\" \/>\n<link rel=\"canonical\" href=\"https:\/\/www.domkraftpro.com\/index.php\/produkt\/drezova-baterie-eisl-london-leskly-chrom-expresni-doruceni-17972\/\" \/>\n<meta property=\"og:locale\" content=\"cs_CZ\" \/>\n<meta property=\"og:type\" content=\"article\" \/>\n<meta property=\"og:title\" content=\"D\u0159ezov\u00e1 baterie Eisl London leskl\u00fd chrom Expresn\u00ed Doru\u010den\u00ed -\" \/>\n<meta property=\"og:description\" content=\"Detailn\u00ed popis produktu Elegantn\u00ed stoj\u00e1nkov\u00e1 kuchy\u0148sk\u00e1 baterie Eisl London povznese vzhled va\u0161\u00ed kuchyn\u011b na \u00farove\u0148 luxusu.&nbsp; Baterie Eisl London bude skv\u011ble vypadat nejen v klasick\u00e9m proveden\u00ed kuchyn\u011b, ale bude se vyj\u00edmat i jako ostr\u016fvkov\u00e1 baterie. Jednop\u00e1kov\u00e1 baterie s energetickou \u00faspornou funkc\u00ed studen\u00e9ho startu &#8211; to znamen\u00e1, kdy\u017e je p\u00e1ka ve st\u0159edn\u00ed poloze, p\u0159it\u00e9k\u00e1 pouze studen\u00e1 [&hellip;]\" \/>\n<meta property=\"og:url\" content=\"https:\/\/www.domkraftpro.com\/index.php\/produkt\/drezova-baterie-eisl-london-leskly-chrom-expresni-doruceni-17972\/\" \/>\n<meta property=\"og:image\" content=\"https:\/\/www.domkraftpro.com\/wp-content\/uploads\/2026\/SK0007567-CZ20260425-092556-0-1777080363-686001_london-leskly-chrom-2.webp\" \/>\n\t<meta property=\"og:image:width\" content=\"1000\" \/>\n\t<meta property=\"og:image:height\" content=\"750\" \/>\n\t<meta property=\"og:image:type\" content=\"image\/webp\" \/>\n<meta name=\"twitter:card\" content=\"summary_large_image\" \/>\n<meta name=\"twitter:label1\" content=\"Odhadovan\u00e1 doba \u010dten\u00ed\" \/>\n\t<meta name=\"twitter:data1\" content=\"2 minuty\" \/>\n<script type=\"application\/ld+json\" class=\"yoast-schema-graph\">{\"@context\":\"https:\/\/schema.org\",\"@graph\":[{\"@type\":\"WebPage\",\"@id\":\"https:\/\/www.domkraftpro.com\/index.php\/produkt\/drezova-baterie-eisl-london-leskly-chrom-expresni-doruceni-17972\/\",\"url\":\"https:\/\/www.domkraftpro.com\/index.php\/produkt\/drezova-baterie-eisl-london-leskly-chrom-expresni-doruceni-17972\/\",\"name\":\"D\u0159ezov\u00e1 baterie Eisl London leskl\u00fd chrom Expresn\u00ed Doru\u010den\u00ed -\",\"isPartOf\":{\"@id\":\"https:\/\/www.domkraftpro.com\/#website\"},\"primaryImageOfPage\":{\"@id\":\"https:\/\/www.domkraftpro.com\/index.php\/produkt\/drezova-baterie-eisl-london-leskly-chrom-expresni-doruceni-17972\/#primaryimage\"},\"image\":{\"@id\":\"https:\/\/www.domkraftpro.com\/index.php\/produkt\/drezova-baterie-eisl-london-leskly-chrom-expresni-doruceni-17972\/#primaryimage\"},\"thumbnailUrl\":\"https:\/\/www.domkraftpro.com\/wp-content\/uploads\/2026\/SK0007567-CZ20260425-092556-0-1777080363-686001_london-leskly-chrom-2.webp\",\"datePublished\":\"2026-04-27T04:41:07+00:00\",\"breadcrumb\":{\"@id\":\"https:\/\/www.domkraftpro.com\/index.php\/produkt\/drezova-baterie-eisl-london-leskly-chrom-expresni-doruceni-17972\/#breadcrumb\"},\"inLanguage\":\"cs\",\"potentialAction\":[{\"@type\":\"ReadAction\",\"target\":[\"https:\/\/www.domkraftpro.com\/index.php\/produkt\/drezova-baterie-eisl-london-leskly-chrom-expresni-doruceni-17972\/\"]}]},{\"@type\":\"ImageObject\",\"inLanguage\":\"cs\",\"@id\":\"https:\/\/www.domkraftpro.com\/index.php\/produkt\/drezova-baterie-eisl-london-leskly-chrom-expresni-doruceni-17972\/#primaryimage\",\"url\":\"https:\/\/www.domkraftpro.com\/wp-content\/uploads\/2026\/SK0007567-CZ20260425-092556-0-1777080363-686001_london-leskly-chrom-2.webp\",\"contentUrl\":\"https:\/\/www.domkraftpro.com\/wp-content\/uploads\/2026\/SK0007567-CZ20260425-092556-0-1777080363-686001_london-leskly-chrom-2.webp\",\"width\":1000,\"height\":750},{\"@type\":\"BreadcrumbList\",\"@id\":\"https:\/\/www.domkraftpro.com\/index.php\/produkt\/drezova-baterie-eisl-london-leskly-chrom-expresni-doruceni-17972\/#breadcrumb\",\"itemListElement\":[{\"@type\":\"ListItem\",\"position\":1,\"name\":\"Home\",\"item\":\"https:\/\/www.domkraftpro.com\/\"},{\"@type\":\"ListItem\",\"position\":2,\"name\":\"Products\",\"item\":\"https:\/\/www.domkraftpro.com\/index.php\/products\/\"},{\"@type\":\"ListItem\",\"position\":3,\"name\":\"D\u0159ezov\u00e1 baterie Eisl London leskl\u00fd chrom Expresn\u00ed Doru\u010den\u00ed\"}]},{\"@type\":\"WebSite\",\"@id\":\"https:\/\/www.domkraftpro.com\/#website\",\"url\":\"https:\/\/www.domkraftpro.com\/\",\"name\":\"\",\"description\":\"\",\"potentialAction\":[{\"@type\":\"SearchAction\",\"target\":{\"@type\":\"EntryPoint\",\"urlTemplate\":\"https:\/\/www.domkraftpro.com\/?s={search_term_string}\"},\"query-input\":{\"@type\":\"PropertyValueSpecification\",\"valueRequired\":true,\"valueName\":\"search_term_string\"}}],\"inLanguage\":\"cs\"}]}<\/script>\n<!-- \/ Yoast SEO plugin. -->","yoast_head_json":{"title":"D\u0159ezov\u00e1 baterie Eisl London leskl\u00fd chrom Expresn\u00ed Doru\u010den\u00ed -","robots":{"index":"index","follow":"follow","max-snippet":"max-snippet:-1","max-image-preview":"max-image-preview:large","max-video-preview":"max-video-preview:-1"},"canonical":"https:\/\/www.domkraftpro.com\/index.php\/produkt\/drezova-baterie-eisl-london-leskly-chrom-expresni-doruceni-17972\/","og_locale":"cs_CZ","og_type":"article","og_title":"D\u0159ezov\u00e1 baterie Eisl London leskl\u00fd chrom Expresn\u00ed Doru\u010den\u00ed -","og_description":"Detailn\u00ed popis produktu Elegantn\u00ed stoj\u00e1nkov\u00e1 kuchy\u0148sk\u00e1 baterie Eisl London povznese vzhled va\u0161\u00ed kuchyn\u011b na \u00farove\u0148 luxusu.&nbsp; Baterie Eisl London bude skv\u011ble vypadat nejen v klasick\u00e9m proveden\u00ed kuchyn\u011b, ale bude se vyj\u00edmat i jako ostr\u016fvkov\u00e1 baterie. Jednop\u00e1kov\u00e1 baterie s energetickou \u00faspornou funkc\u00ed studen\u00e9ho startu &#8211; to znamen\u00e1, kdy\u017e je p\u00e1ka ve st\u0159edn\u00ed poloze, p\u0159it\u00e9k\u00e1 pouze studen\u00e1 [&hellip;]","og_url":"https:\/\/www.domkraftpro.com\/index.php\/produkt\/drezova-baterie-eisl-london-leskly-chrom-expresni-doruceni-17972\/","og_image":[{"width":1000,"height":750,"url":"https:\/\/www.domkraftpro.com\/wp-content\/uploads\/2026\/SK0007567-CZ20260425-092556-0-1777080363-686001_london-leskly-chrom-2.webp","type":"image\/webp"}],"twitter_card":"summary_large_image","twitter_misc":{"Odhadovan\u00e1 doba \u010dten\u00ed":"2 minuty"},"schema":{"@context":"https:\/\/schema.org","@graph":[{"@type":"WebPage","@id":"https:\/\/www.domkraftpro.com\/index.php\/produkt\/drezova-baterie-eisl-london-leskly-chrom-expresni-doruceni-17972\/","url":"https:\/\/www.domkraftpro.com\/index.php\/produkt\/drezova-baterie-eisl-london-leskly-chrom-expresni-doruceni-17972\/","name":"D\u0159ezov\u00e1 baterie Eisl London leskl\u00fd chrom Expresn\u00ed Doru\u010den\u00ed -","isPartOf":{"@id":"https:\/\/www.domkraftpro.com\/#website"},"primaryImageOfPage":{"@id":"https:\/\/www.domkraftpro.com\/index.php\/produkt\/drezova-baterie-eisl-london-leskly-chrom-expresni-doruceni-17972\/#primaryimage"},"image":{"@id":"https:\/\/www.domkraftpro.com\/index.php\/produkt\/drezova-baterie-eisl-london-leskly-chrom-expresni-doruceni-17972\/#primaryimage"},"thumbnailUrl":"https:\/\/www.domkraftpro.com\/wp-content\/uploads\/2026\/SK0007567-CZ20260425-092556-0-1777080363-686001_london-leskly-chrom-2.webp","datePublished":"2026-04-27T04:41:07+00:00","breadcrumb":{"@id":"https:\/\/www.domkraftpro.com\/index.php\/produkt\/drezova-baterie-eisl-london-leskly-chrom-expresni-doruceni-17972\/#breadcrumb"},"inLanguage":"cs","potentialAction":[{"@type":"ReadAction","target":["https:\/\/www.domkraftpro.com\/index.php\/produkt\/drezova-baterie-eisl-london-leskly-chrom-expresni-doruceni-17972\/"]}]},{"@type":"ImageObject","inLanguage":"cs","@id":"https:\/\/www.domkraftpro.com\/index.php\/produkt\/drezova-baterie-eisl-london-leskly-chrom-expresni-doruceni-17972\/#primaryimage","url":"https:\/\/www.domkraftpro.com\/wp-content\/uploads\/2026\/SK0007567-CZ20260425-092556-0-1777080363-686001_london-leskly-chrom-2.webp","contentUrl":"https:\/\/www.domkraftpro.com\/wp-content\/uploads\/2026\/SK0007567-CZ20260425-092556-0-1777080363-686001_london-leskly-chrom-2.webp","width":1000,"height":750},{"@type":"BreadcrumbList","@id":"https:\/\/www.domkraftpro.com\/index.php\/produkt\/drezova-baterie-eisl-london-leskly-chrom-expresni-doruceni-17972\/#breadcrumb","itemListElement":[{"@type":"ListItem","position":1,"name":"Home","item":"https:\/\/www.domkraftpro.com\/"},{"@type":"ListItem","position":2,"name":"Products","item":"https:\/\/www.domkraftpro.com\/index.php\/products\/"},{"@type":"ListItem","position":3,"name":"D\u0159ezov\u00e1 baterie Eisl London leskl\u00fd chrom Expresn\u00ed Doru\u010den\u00ed"}]},{"@type":"WebSite","@id":"https:\/\/www.domkraftpro.com\/#website","url":"https:\/\/www.domkraftpro.com\/","name":"","description":"","potentialAction":[{"@type":"SearchAction","target":{"@type":"EntryPoint","urlTemplate":"https:\/\/www.domkraftpro.com\/?s={search_term_string}"},"query-input":{"@type":"PropertyValueSpecification","valueRequired":true,"valueName":"search_term_string"}}],"inLanguage":"cs"}]}},"_links":{"self":[{"href":"https:\/\/www.domkraftpro.com\/index.php\/wp-json\/wp\/v2\/product\/17972","targetHints":{"allow":["GET"]}}],"collection":[{"href":"https:\/\/www.domkraftpro.com\/index.php\/wp-json\/wp\/v2\/product"}],"about":[{"href":"https:\/\/www.domkraftpro.com\/index.php\/wp-json\/wp\/v2\/types\/product"}],"replies":[{"embeddable":true,"href":"https:\/\/www.domkraftpro.com\/index.php\/wp-json\/wp\/v2\/comments?post=17972"}],"wp:featuredmedia":[{"embeddable":true,"href":"https:\/\/www.domkraftpro.com\/index.php\/wp-json\/wp\/v2\/media\/18072"}],"wp:attachment":[{"href":"https:\/\/www.domkraftpro.com\/index.php\/wp-json\/wp\/v2\/media?parent=17972"}],"wp:term":[{"taxonomy":"product_brand","embeddable":true,"href":"https:\/\/www.domkraftpro.com\/index.php\/wp-json\/wp\/v2\/product_brand?post=17972"},{"taxonomy":"product_cat","embeddable":true,"href":"https:\/\/www.domkraftpro.com\/index.php\/wp-json\/wp\/v2\/product_cat?post=17972"},{"taxonomy":"product_tag","embeddable":true,"href":"https:\/\/www.domkraftpro.com\/index.php\/wp-json\/wp\/v2\/product_tag?post=17972"}],"curies":[{"name":"wp","href":"https:\/\/api.w.org\/{rel}","templated":true}]}}