{"id":17295,"date":"2026-04-27T04:41:06","date_gmt":"2026-04-27T04:41:06","guid":{"rendered":""},"modified":"2026-04-27T04:41:06","modified_gmt":"2026-04-27T04:41:06","slug":"nejlepsi-cena-esca-chrome-jednodilna-sprchova-zastena-do-prostoru-cire-sklo-1400-mm-17295","status":"publish","type":"product","link":"https:\/\/www.domkraftpro.com\/index.php\/produkt\/nejlepsi-cena-esca-chrome-jednodilna-sprchova-zastena-do-prostoru-cire-sklo-1400-mm-17295\/","title":{"rendered":"Nejlep\u0161\u00ed Cena ESCA CHROME jednod\u00edln\u00e1 sprchov\u00e1 z\u00e1st\u011bna do prostoru, \u010dir\u00e9 sklo, 1400 mm"},"content":{"rendered":"<div class=\"basic-description\">\n<h3>Detailn\u00ed popis produktu<\/h3>\n<p style=\"text-align: justify;\">Kolekce walk-in z\u00e1st\u011bn ESCA umo\u017e\u0148uje kombinovat r\u016fzn\u00e1 skla s profily a vzp\u011brami v n\u011bkolika barevn\u00fdch proveden\u00edch, a\u0165 se jedn\u00e1 o instalaci ke st\u011bn\u011b nebo do prostoru. Walk-in z\u00e1st\u011bny ESCA d\u00edky stavebnicov\u00e9mu syst\u00e9mu poskytuj\u00ed dokonal\u00e9 \u0159e\u0161en\u00ed sprchov\u00e9ho koutu pro ka\u017edou koupelnu.<\/p>\n<p><strong>Charakteristika sprchov\u00fdch walk-in z\u00e1st\u011bn s\u00e9rie ESCA<\/strong><\/p>\n<ul>\n<li>Z\u00e1st\u011bny v&nbsp;\u0161\u00ed\u0159k\u00e1ch 700 a\u017e 1500 mm<\/li>\n<li>Bezpe\u010dnostn\u00ed sklo o&nbsp;s\u00edle 8 mm na v\u00fdb\u011br v&nbsp;proveden\u00ed \u010dir\u00e9 \/ kou\u0159ov\u00e9 \/ kou\u0159ov\u00e9 matn\u00e9 \/ matn\u00e9 \/ Flute \/ Marron<\/li>\n<li>P\u0159\u00eddavn\u00e9 \u010dir\u00e9 sklo (lze instalovat i samostatn\u011b) v \u0161\u00ed\u0159k\u00e1ch 300 a\u017e 600 mm<\/li>\n<li>Povrchov\u00e1 \u00faprava Antidrop zabra\u0148uje usazov\u00e1n\u00ed vodn\u00edho kamene a usnad\u0148uje \u010di\u0161t\u011bn\u00ed<\/li>\n<li>St\u011bnov\u00e9 profily s toleranc\u00ed 15 mm usnad\u0148uj\u00ed stabiln\u00ed mont\u00e1\u017e z\u00e1st\u011bn, instalace je mo\u017en\u00e1 na dla\u017ebu nebo sprchovou vani\u010dku<\/li>\n<li>St\u011bnov\u00fd profil z\u00e1st\u011bn na v\u00fdb\u011br z proveden\u00ed: chrom \/ \u010dern\u00e1 mat \/ b\u00edl\u00e1 mat \/ zlat\u00e1 mat&nbsp;\/ m\u011b\u010f mat&nbsp;\/ gun metal<\/li>\n<li>St\u011bnov\u00fd profil z\u00e1st\u011bn s dr\u00e1\u017ekou pro vlo\u017een\u00ed poli\u010dky na v\u00fdb\u011br z proveden\u00ed: chrom \/ \u010dern\u00e1 mat<\/li>\n<li>Rohov\u00fd profil pro spojen\u00ed dvou skel na v\u00fdb\u011br v proveden\u00ed:&nbsp;chrom \/ \u010dern\u00e1 mat \/ b\u00edl\u00e1 mat \/ zlat\u00e1 mat<\/li>\n<li>Rohov\u00e1 vzp\u011bra o&nbsp;d\u00e9lce 900 mm na v\u00fdb\u011br v&nbsp;proveden\u00ed chrom \/ \u010dern\u00e1 mat \/&nbsp;b\u00edl\u00e1 mat \/ zlat\u00e1 mat&nbsp;\/ m\u011b\u010f mat&nbsp;\/ gun metal<\/li>\n<li>Kolm\u00e1 vzp\u011bra o&nbsp;d\u00e9lce 1200 mm na v\u00fdb\u011br v&nbsp;proveden\u00ed chrom \/ \u010dern\u00e1 mat \/ b\u00edl\u00e1 mat \/ zlat\u00e1 mat&nbsp;\/ m\u011b\u010f mat&nbsp;\/ gun metal<\/li>\n<li>Univerz\u00e1ln\u00ed vzp\u011bra o d\u00e9lce 2000 mm umo\u017e\u0148uje kombinaci dvou skel, na v\u00fdb\u011br v&nbsp;proveden\u00ed chrom \/ \u010dern\u00e1 mat \/ b\u00edl\u00e1 mat \/ zlat\u00e1 mat<\/li>\n<li>P\u0159etokov\u00e1 li\u0161ta o d\u00e9lce 1200 mm&nbsp;na v\u00fdb\u011br v&nbsp;proveden\u00ed chrom \/ \u010dern\u00e1 mat \/ b\u00edl\u00e1 mat \/ zlat\u00e1 mat<\/li>\n<li>Vzp\u011bry i p\u0159etokov\u00e9 li\u0161ty lze zkr\u00e1tit na po\u017eadovan\u00fd rozm\u011br<\/li>\n<li>T-spojka umo\u017e\u0148uje kombinaci dvou skel dohromady, na v\u00fdb\u011br&nbsp;v&nbsp;proveden\u00ed chrom \/ \u010dern\u00e1 mat \/ b\u00edl\u00e1 mat \/ zlat\u00e1 mat<\/li>\n<li>Variabiln\u00ed proveden\u00ed L\/R<\/li>\n<li>V\u00fd\u0161ka 2100 mm<\/li>\n<\/ul>\n<h4>Kombinace sestaven\u00ed sprchov\u00e9ho koutu:<\/h4>\n<div style=\"float: left; text-align: justify; width: 23%; padding-right: 10px;\">S rohovou vzp\u011brou a st\u011bnov\u00fdm profilem Z\u00e1st\u011bny do \u0161\u00ed\u0159ky 1200 mm<\/div>\n<div style=\"float: left; text-align: justify; width: 23%; padding-right: 10px;\">S kolmou vzp\u011brou a st\u011bnov\u00fdm profilem<\/div>\n<div style=\"float: left; text-align: justify; width: 23%; padding-right: 10px;\">Z\u00e1st\u011bna v prostoru s dv\u011bma kolm\u00fdmi vzp\u011brami<\/div>\n<div style=\"clear: both;\"><\/div>\n<div style=\"float: left; text-align: justify; width: 23%; padding-right: 10px;\">Dv\u011b z\u00e1st\u011bny se st\u011bnov\u00fdm profilem&nbsp;spojen\u00e9&nbsp;kolm\u00fdmi vzp\u011brami&nbsp;a T-spojkou<\/div>\n<div style=\"float: left; text-align: justify; width: 23%; padding-right: 10px;\">Dv\u011b z\u00e1st\u011bny se st\u011bnov\u00fdmprofilem spojen\u00e9 univerz\u00e1ln\u00edvzp\u011brou<\/div>\n<div style=\"float: left; text-align: justify; width: 23%; padding-right: 10px;\">Z\u00e1st\u011bna a p\u0159\u00eddavn\u00e9 sklo se st\u011bnov\u00fdm&nbsp;a rohov\u00fdmprofilem&nbsp;a univerz\u00e1ln\u00ed vzp\u011brou<\/div>\n<div style=\"clear: both;\"><\/div>\n<p><!-- --><\/p>\n<div class=\"product-explanation-item\">\n<h3>Antidrop<\/h3>\n<p style=\"text-align: justify;\">Antidrop je povrchov\u00e1 \u00faprava skla pro jeho snadnou \u00fadr\u017ebu. P\u0159i v\u00fdrob\u011b skla je nan\u00e1\u0161ena na jeho povrch s pou\u017eit\u00edm nanotechnologie a je obsa\u017eena v cen\u011b z\u00e1st\u011bn.<\/p>\n<\/div>\n<p><b>Video ke shl\u00e9dnut\u00ed<\/b><video width=\"640\" height=\"480\" controls><source src=\"https:\/\/ubc.k2.cz\/K2FTPdata\/UBC\/video\/produkt_ostatne\/polysan-sprchove-zasteny-esca-navod.mp4\" type=\"video\/mp4\">V\u00e1\u0161 prohl\u00ed\u017ee\u010d nepodporuje video tag.<\/video>                            <\/div>\n<div class=\"extended-description\">\n<h3>Dopl\u0148kov\u00e9 parametry<\/h3>\n<table class=\"detail-parameters\">\n<tbody>\n<tr>\n<th>        <span class=\"row-header-label\">            Kategorie<span class=\"row-header-label-colon\">:<\/span>        <\/span>    <\/th>\n<td>            <\/td>\n<\/tr>\n<tr>\n<th>            <span class=\"row-header-label\">                Z\u00e1ruka<span class=\"row-header-label-colon\">:<\/span>            <\/span>        <\/th>\n<td>            36        <\/td>\n<\/tr>\n<tr>\n<th>            <span class=\"row-header-label\">                Hmotnost<span class=\"row-header-label-colon\">:<\/span>            <\/span>        <\/th>\n<td>            76 kg        <\/td>\n<\/tr>\n<tr class=\"productEan\">\n<th>          <span class=\"row-header-label productEan__label\">              EAN<span class=\"row-header-label-colon\">:<\/span>          <\/span>      <\/th>\n<td>          <span class=\"productEan__value\">8590913967542<\/span>      <\/td>\n<\/tr>\n<tr>\n<th>                <span class=\"row-header-label\">                                            Balen\u00ed<span class=\"row-header-label-colon\">:<\/span>                                    <\/span>            <\/th>\n<td>                                                            3 ks                                                <\/td>\n<\/tr>\n<tr>\n<th>                <span class=\"row-header-label\">                                            Barva profilu<span class=\"row-header-label-colon\">:<\/span>                                    <\/span>            <\/th>\n<td>                                                            Chrom &#8211; Le\u0161t\u011bn\u00fd hlin\u00edk                                                <\/td>\n<\/tr>\n<tr>\n<th>                <span class=\"row-header-label\">                                            Dostupnost<span class=\"row-header-label-colon\">:<\/span>                                    <\/span>            <\/th>\n<td>                                                            Skladem                                                <\/td>\n<\/tr>\n<tr>\n<th>                <span class=\"row-header-label\">                                            \u0160\u00ed\u0159ka<span class=\"row-header-label-colon\">:<\/span>                                    <\/span>            <\/th>\n<td>                                                            1400 mm                                                <\/td>\n<\/tr>\n<tr>\n<th>                <span class=\"row-header-label\">                                            Tlou\u0161\u0165ka skla<span class=\"row-header-label-colon\">:<\/span>                                    <\/span>            <\/th>\n<td>                                                            8 mm                                                <\/td>\n<\/tr>\n<tr>\n<th>                <span class=\"row-header-label\">                                            Tvar<span class=\"row-header-label-colon\">:<\/span>                                    <\/span>            <\/th>\n<td>                                                            Jednost\u011bnn\u00e1 Walk                                                <\/td>\n<\/tr>\n<tr>\n<th>                <span class=\"row-header-label\">                                            Typ v\u00fdpln\u011b<span class=\"row-header-label-colon\">:<\/span>                                    <\/span>            <\/th>\n<td>                                                            \u010cIR\u00c9 sklo                                                <\/td>\n<\/tr>\n<tr>\n<th>                <span class=\"row-header-label\">                                            \u00daprava skla<span class=\"row-header-label-colon\">:<\/span>                                    <\/span>            <\/th>\n<td>                                                            Antidrop                                                <\/td>\n<\/tr>\n<tr>\n<th>                <span class=\"row-header-label\">                                            V\u00fd\u0161ka<span class=\"row-header-label-colon\">:<\/span>                                    <\/span>            <\/th>\n<td>                                                            2100 mm                                                <\/td>\n<\/tr>\n<tr>\n<th>                <span class=\"row-header-label\">                                            Z\u00e1ruka<span class=\"row-header-label-colon\">:<\/span>                                    <\/span>            <\/th>\n<td>                                                            3 roky                                                <\/td>\n<\/tr>\n<\/tbody>\n<\/table><\/div>\n<\/p><\/div>\n<\/p><\/div>\n","protected":false},"excerpt":{"rendered":"<p>Detailn\u00ed popis produktu Kolekce walk-in z\u00e1st\u011bn ESCA umo\u017e\u0148uje kombinovat r\u016fzn\u00e1 skla s profily a vzp\u011brami v n\u011bkolika barevn\u00fdch proveden\u00edch, a\u0165 se jedn\u00e1 o instalaci ke st\u011bn\u011b nebo do prostoru. Walk-in z\u00e1st\u011bny ESCA d\u00edky stavebnicov\u00e9mu syst\u00e9mu poskytuj\u00ed dokonal\u00e9 \u0159e\u0161en\u00ed sprchov\u00e9ho koutu pro ka\u017edou koupelnu. Charakteristika sprchov\u00fdch walk-in z\u00e1st\u011bn s\u00e9rie ESCA Z\u00e1st\u011bny v&nbsp;\u0161\u00ed\u0159k\u00e1ch 700 a\u017e 1500 mm [&hellip;]<\/p>\n","protected":false},"featured_media":17395,"comment_status":"open","ping_status":"open","template":"","meta":[],"product_brand":[],"product_cat":[67],"product_tag":[],"class_list":{"0":"post-17295","1":"product","2":"type-product","3":"status-publish","4":"has-post-thumbnail","6":"product_cat-sprchove-kouty","8":"first","9":"instock","10":"sale","11":"shipping-taxable","12":"purchasable","13":"product-type-simple"},"yoast_head":"<!-- This site is optimized with the Yoast SEO plugin v26.8 - https:\/\/yoast.com\/product\/yoast-seo-wordpress\/ -->\n<title>Nejlep\u0161\u00ed Cena ESCA CHROME jednod\u00edln\u00e1 sprchov\u00e1 z\u00e1st\u011bna do prostoru, \u010dir\u00e9 sklo, 1400 mm -<\/title>\n<meta name=\"robots\" content=\"index, follow, max-snippet:-1, max-image-preview:large, max-video-preview:-1\" \/>\n<link rel=\"canonical\" href=\"https:\/\/www.domkraftpro.com\/index.php\/produkt\/nejlepsi-cena-esca-chrome-jednodilna-sprchova-zastena-do-prostoru-cire-sklo-1400-mm-17295\/\" \/>\n<meta property=\"og:locale\" content=\"cs_CZ\" \/>\n<meta property=\"og:type\" content=\"article\" \/>\n<meta property=\"og:title\" content=\"Nejlep\u0161\u00ed Cena ESCA CHROME jednod\u00edln\u00e1 sprchov\u00e1 z\u00e1st\u011bna do prostoru, \u010dir\u00e9 sklo, 1400 mm -\" \/>\n<meta property=\"og:description\" content=\"Detailn\u00ed popis produktu Kolekce walk-in z\u00e1st\u011bn ESCA umo\u017e\u0148uje kombinovat r\u016fzn\u00e1 skla s profily a vzp\u011brami v n\u011bkolika barevn\u00fdch proveden\u00edch, a\u0165 se jedn\u00e1 o instalaci ke st\u011bn\u011b nebo do prostoru. Walk-in z\u00e1st\u011bny ESCA d\u00edky stavebnicov\u00e9mu syst\u00e9mu poskytuj\u00ed dokonal\u00e9 \u0159e\u0161en\u00ed sprchov\u00e9ho koutu pro ka\u017edou koupelnu. Charakteristika sprchov\u00fdch walk-in z\u00e1st\u011bn s\u00e9rie ESCA Z\u00e1st\u011bny v&nbsp;\u0161\u00ed\u0159k\u00e1ch 700 a\u017e 1500 mm [&hellip;]\" \/>\n<meta property=\"og:url\" content=\"https:\/\/www.domkraftpro.com\/index.php\/produkt\/nejlepsi-cena-esca-chrome-jednodilna-sprchova-zastena-do-prostoru-cire-sklo-1400-mm-17295\/\" \/>\n<meta property=\"og:image\" content=\"https:\/\/www.domkraftpro.com\/wp-content\/uploads\/2026\/SK0007182-CZ20260425-092556-0-1777080363-654063_es1014-05-224940322194992.webp\" \/>\n\t<meta property=\"og:image:width\" content=\"1000\" \/>\n\t<meta property=\"og:image:height\" content=\"750\" \/>\n\t<meta property=\"og:image:type\" content=\"image\/webp\" \/>\n<meta name=\"twitter:card\" content=\"summary_large_image\" \/>\n<meta name=\"twitter:label1\" content=\"Odhadovan\u00e1 doba \u010dten\u00ed\" \/>\n\t<meta name=\"twitter:data1\" content=\"3 minuty\" \/>\n<script type=\"application\/ld+json\" class=\"yoast-schema-graph\">{\"@context\":\"https:\/\/schema.org\",\"@graph\":[{\"@type\":\"WebPage\",\"@id\":\"https:\/\/www.domkraftpro.com\/index.php\/produkt\/nejlepsi-cena-esca-chrome-jednodilna-sprchova-zastena-do-prostoru-cire-sklo-1400-mm-17295\/\",\"url\":\"https:\/\/www.domkraftpro.com\/index.php\/produkt\/nejlepsi-cena-esca-chrome-jednodilna-sprchova-zastena-do-prostoru-cire-sklo-1400-mm-17295\/\",\"name\":\"Nejlep\u0161\u00ed Cena ESCA CHROME jednod\u00edln\u00e1 sprchov\u00e1 z\u00e1st\u011bna do prostoru, \u010dir\u00e9 sklo, 1400 mm -\",\"isPartOf\":{\"@id\":\"https:\/\/www.domkraftpro.com\/#website\"},\"primaryImageOfPage\":{\"@id\":\"https:\/\/www.domkraftpro.com\/index.php\/produkt\/nejlepsi-cena-esca-chrome-jednodilna-sprchova-zastena-do-prostoru-cire-sklo-1400-mm-17295\/#primaryimage\"},\"image\":{\"@id\":\"https:\/\/www.domkraftpro.com\/index.php\/produkt\/nejlepsi-cena-esca-chrome-jednodilna-sprchova-zastena-do-prostoru-cire-sklo-1400-mm-17295\/#primaryimage\"},\"thumbnailUrl\":\"https:\/\/www.domkraftpro.com\/wp-content\/uploads\/2026\/SK0007182-CZ20260425-092556-0-1777080363-654063_es1014-05-224940322194992.webp\",\"datePublished\":\"2026-04-27T04:41:06+00:00\",\"breadcrumb\":{\"@id\":\"https:\/\/www.domkraftpro.com\/index.php\/produkt\/nejlepsi-cena-esca-chrome-jednodilna-sprchova-zastena-do-prostoru-cire-sklo-1400-mm-17295\/#breadcrumb\"},\"inLanguage\":\"cs\",\"potentialAction\":[{\"@type\":\"ReadAction\",\"target\":[\"https:\/\/www.domkraftpro.com\/index.php\/produkt\/nejlepsi-cena-esca-chrome-jednodilna-sprchova-zastena-do-prostoru-cire-sklo-1400-mm-17295\/\"]}]},{\"@type\":\"ImageObject\",\"inLanguage\":\"cs\",\"@id\":\"https:\/\/www.domkraftpro.com\/index.php\/produkt\/nejlepsi-cena-esca-chrome-jednodilna-sprchova-zastena-do-prostoru-cire-sklo-1400-mm-17295\/#primaryimage\",\"url\":\"https:\/\/www.domkraftpro.com\/wp-content\/uploads\/2026\/SK0007182-CZ20260425-092556-0-1777080363-654063_es1014-05-224940322194992.webp\",\"contentUrl\":\"https:\/\/www.domkraftpro.com\/wp-content\/uploads\/2026\/SK0007182-CZ20260425-092556-0-1777080363-654063_es1014-05-224940322194992.webp\",\"width\":1000,\"height\":750},{\"@type\":\"BreadcrumbList\",\"@id\":\"https:\/\/www.domkraftpro.com\/index.php\/produkt\/nejlepsi-cena-esca-chrome-jednodilna-sprchova-zastena-do-prostoru-cire-sklo-1400-mm-17295\/#breadcrumb\",\"itemListElement\":[{\"@type\":\"ListItem\",\"position\":1,\"name\":\"Home\",\"item\":\"https:\/\/www.domkraftpro.com\/\"},{\"@type\":\"ListItem\",\"position\":2,\"name\":\"Products\",\"item\":\"https:\/\/www.domkraftpro.com\/index.php\/products\/\"},{\"@type\":\"ListItem\",\"position\":3,\"name\":\"Nejlep\u0161\u00ed Cena ESCA CHROME jednod\u00edln\u00e1 sprchov\u00e1 z\u00e1st\u011bna do prostoru, \u010dir\u00e9 sklo, 1400 mm\"}]},{\"@type\":\"WebSite\",\"@id\":\"https:\/\/www.domkraftpro.com\/#website\",\"url\":\"https:\/\/www.domkraftpro.com\/\",\"name\":\"\",\"description\":\"\",\"potentialAction\":[{\"@type\":\"SearchAction\",\"target\":{\"@type\":\"EntryPoint\",\"urlTemplate\":\"https:\/\/www.domkraftpro.com\/?s={search_term_string}\"},\"query-input\":{\"@type\":\"PropertyValueSpecification\",\"valueRequired\":true,\"valueName\":\"search_term_string\"}}],\"inLanguage\":\"cs\"}]}<\/script>\n<!-- \/ Yoast SEO plugin. -->","yoast_head_json":{"title":"Nejlep\u0161\u00ed Cena ESCA CHROME jednod\u00edln\u00e1 sprchov\u00e1 z\u00e1st\u011bna do prostoru, \u010dir\u00e9 sklo, 1400 mm -","robots":{"index":"index","follow":"follow","max-snippet":"max-snippet:-1","max-image-preview":"max-image-preview:large","max-video-preview":"max-video-preview:-1"},"canonical":"https:\/\/www.domkraftpro.com\/index.php\/produkt\/nejlepsi-cena-esca-chrome-jednodilna-sprchova-zastena-do-prostoru-cire-sklo-1400-mm-17295\/","og_locale":"cs_CZ","og_type":"article","og_title":"Nejlep\u0161\u00ed Cena ESCA CHROME jednod\u00edln\u00e1 sprchov\u00e1 z\u00e1st\u011bna do prostoru, \u010dir\u00e9 sklo, 1400 mm -","og_description":"Detailn\u00ed popis produktu Kolekce walk-in z\u00e1st\u011bn ESCA umo\u017e\u0148uje kombinovat r\u016fzn\u00e1 skla s profily a vzp\u011brami v n\u011bkolika barevn\u00fdch proveden\u00edch, a\u0165 se jedn\u00e1 o instalaci ke st\u011bn\u011b nebo do prostoru. Walk-in z\u00e1st\u011bny ESCA d\u00edky stavebnicov\u00e9mu syst\u00e9mu poskytuj\u00ed dokonal\u00e9 \u0159e\u0161en\u00ed sprchov\u00e9ho koutu pro ka\u017edou koupelnu. Charakteristika sprchov\u00fdch walk-in z\u00e1st\u011bn s\u00e9rie ESCA Z\u00e1st\u011bny v&nbsp;\u0161\u00ed\u0159k\u00e1ch 700 a\u017e 1500 mm [&hellip;]","og_url":"https:\/\/www.domkraftpro.com\/index.php\/produkt\/nejlepsi-cena-esca-chrome-jednodilna-sprchova-zastena-do-prostoru-cire-sklo-1400-mm-17295\/","og_image":[{"width":1000,"height":750,"url":"https:\/\/www.domkraftpro.com\/wp-content\/uploads\/2026\/SK0007182-CZ20260425-092556-0-1777080363-654063_es1014-05-224940322194992.webp","type":"image\/webp"}],"twitter_card":"summary_large_image","twitter_misc":{"Odhadovan\u00e1 doba \u010dten\u00ed":"3 minuty"},"schema":{"@context":"https:\/\/schema.org","@graph":[{"@type":"WebPage","@id":"https:\/\/www.domkraftpro.com\/index.php\/produkt\/nejlepsi-cena-esca-chrome-jednodilna-sprchova-zastena-do-prostoru-cire-sklo-1400-mm-17295\/","url":"https:\/\/www.domkraftpro.com\/index.php\/produkt\/nejlepsi-cena-esca-chrome-jednodilna-sprchova-zastena-do-prostoru-cire-sklo-1400-mm-17295\/","name":"Nejlep\u0161\u00ed Cena ESCA CHROME jednod\u00edln\u00e1 sprchov\u00e1 z\u00e1st\u011bna do prostoru, \u010dir\u00e9 sklo, 1400 mm -","isPartOf":{"@id":"https:\/\/www.domkraftpro.com\/#website"},"primaryImageOfPage":{"@id":"https:\/\/www.domkraftpro.com\/index.php\/produkt\/nejlepsi-cena-esca-chrome-jednodilna-sprchova-zastena-do-prostoru-cire-sklo-1400-mm-17295\/#primaryimage"},"image":{"@id":"https:\/\/www.domkraftpro.com\/index.php\/produkt\/nejlepsi-cena-esca-chrome-jednodilna-sprchova-zastena-do-prostoru-cire-sklo-1400-mm-17295\/#primaryimage"},"thumbnailUrl":"https:\/\/www.domkraftpro.com\/wp-content\/uploads\/2026\/SK0007182-CZ20260425-092556-0-1777080363-654063_es1014-05-224940322194992.webp","datePublished":"2026-04-27T04:41:06+00:00","breadcrumb":{"@id":"https:\/\/www.domkraftpro.com\/index.php\/produkt\/nejlepsi-cena-esca-chrome-jednodilna-sprchova-zastena-do-prostoru-cire-sklo-1400-mm-17295\/#breadcrumb"},"inLanguage":"cs","potentialAction":[{"@type":"ReadAction","target":["https:\/\/www.domkraftpro.com\/index.php\/produkt\/nejlepsi-cena-esca-chrome-jednodilna-sprchova-zastena-do-prostoru-cire-sklo-1400-mm-17295\/"]}]},{"@type":"ImageObject","inLanguage":"cs","@id":"https:\/\/www.domkraftpro.com\/index.php\/produkt\/nejlepsi-cena-esca-chrome-jednodilna-sprchova-zastena-do-prostoru-cire-sklo-1400-mm-17295\/#primaryimage","url":"https:\/\/www.domkraftpro.com\/wp-content\/uploads\/2026\/SK0007182-CZ20260425-092556-0-1777080363-654063_es1014-05-224940322194992.webp","contentUrl":"https:\/\/www.domkraftpro.com\/wp-content\/uploads\/2026\/SK0007182-CZ20260425-092556-0-1777080363-654063_es1014-05-224940322194992.webp","width":1000,"height":750},{"@type":"BreadcrumbList","@id":"https:\/\/www.domkraftpro.com\/index.php\/produkt\/nejlepsi-cena-esca-chrome-jednodilna-sprchova-zastena-do-prostoru-cire-sklo-1400-mm-17295\/#breadcrumb","itemListElement":[{"@type":"ListItem","position":1,"name":"Home","item":"https:\/\/www.domkraftpro.com\/"},{"@type":"ListItem","position":2,"name":"Products","item":"https:\/\/www.domkraftpro.com\/index.php\/products\/"},{"@type":"ListItem","position":3,"name":"Nejlep\u0161\u00ed Cena ESCA CHROME jednod\u00edln\u00e1 sprchov\u00e1 z\u00e1st\u011bna do prostoru, \u010dir\u00e9 sklo, 1400 mm"}]},{"@type":"WebSite","@id":"https:\/\/www.domkraftpro.com\/#website","url":"https:\/\/www.domkraftpro.com\/","name":"","description":"","potentialAction":[{"@type":"SearchAction","target":{"@type":"EntryPoint","urlTemplate":"https:\/\/www.domkraftpro.com\/?s={search_term_string}"},"query-input":{"@type":"PropertyValueSpecification","valueRequired":true,"valueName":"search_term_string"}}],"inLanguage":"cs"}]}},"_links":{"self":[{"href":"https:\/\/www.domkraftpro.com\/index.php\/wp-json\/wp\/v2\/product\/17295","targetHints":{"allow":["GET"]}}],"collection":[{"href":"https:\/\/www.domkraftpro.com\/index.php\/wp-json\/wp\/v2\/product"}],"about":[{"href":"https:\/\/www.domkraftpro.com\/index.php\/wp-json\/wp\/v2\/types\/product"}],"replies":[{"embeddable":true,"href":"https:\/\/www.domkraftpro.com\/index.php\/wp-json\/wp\/v2\/comments?post=17295"}],"wp:featuredmedia":[{"embeddable":true,"href":"https:\/\/www.domkraftpro.com\/index.php\/wp-json\/wp\/v2\/media\/17395"}],"wp:attachment":[{"href":"https:\/\/www.domkraftpro.com\/index.php\/wp-json\/wp\/v2\/media?parent=17295"}],"wp:term":[{"taxonomy":"product_brand","embeddable":true,"href":"https:\/\/www.domkraftpro.com\/index.php\/wp-json\/wp\/v2\/product_brand?post=17295"},{"taxonomy":"product_cat","embeddable":true,"href":"https:\/\/www.domkraftpro.com\/index.php\/wp-json\/wp\/v2\/product_cat?post=17295"},{"taxonomy":"product_tag","embeddable":true,"href":"https:\/\/www.domkraftpro.com\/index.php\/wp-json\/wp\/v2\/product_tag?post=17295"}],"curies":[{"name":"wp","href":"https:\/\/api.w.org\/{rel}","templated":true}]}}