{"id":17171,"date":"2026-04-27T04:41:05","date_gmt":"2026-04-27T04:41:05","guid":{"rendered":""},"modified":"2026-04-27T04:41:05","modified_gmt":"2026-04-27T04:41:05","slug":"vysoce-kvalitni-retro-keramicke-umyvadlo-73x54cm-3-otvory-cerna-mat-17171","status":"publish","type":"product","link":"https:\/\/www.domkraftpro.com\/index.php\/produkt\/vysoce-kvalitni-retro-keramicke-umyvadlo-73x54cm-3-otvory-cerna-mat-17171\/","title":{"rendered":"Vysoce Kvalitn\u00ed RETRO keramick\u00e9 umyvadlo 73x54cm, 3 otvory, \u010dern\u00e1 mat"},"content":{"rendered":"<div class=\"basic-description\">\n<h3>Detailn\u00ed popis produktu<\/h3>\n<p style=\"text-align: justify;\">Sanit\u00e1rn\u00ed keramika RETRO vr\u00e1t\u00ed do neusp\u011bchan\u00e9 doby let minul\u00fdch a navod\u00ed pocit pohody na star\u0161\u00ed chalup\u011b, \u010di vzne\u0161en\u00e9ho \u017eivota ze z\u00e1meck\u00e9ho prost\u0159ed\u00ed. A\u0165 tak \u010di onak, je pot\u0159eba s&nbsp;keramikou sladit i&nbsp;ostatn\u00ed vybaven\u00ed koupelny. Vhodn\u00fdm \u0159e\u0161en\u00edm jsou vodovodn\u00ed baterie ANTEA a SASSARI. Ob\u011b s\u00e9rie obsahuj\u00ed t\u0159\u00edprvkov\u00e9 baterie, proto jsme schopni keramiku na zak\u00e1zku nab\u00eddnout se t\u0159emi otvory. D\u00e1le k&nbsp;s\u00e9rii doporu\u010dujeme koupelnov\u00e9 dopl\u0148ky Diamond, n\u00e1bytek Retro, Galanta a vany Retro, Foxtrot nebo Charleston od firmy Polysan.<\/p>\n<\/p><\/div>\n<div class=\"extended-description\">\n<h3>Dopl\u0148kov\u00e9 parametry<\/h3>\n<table class=\"detail-parameters\">\n<tbody>\n<tr>\n<th>        <span class=\"row-header-label\">            Kategorie<span class=\"row-header-label-colon\">:<\/span>        <\/span>    <\/th>\n<td>            <\/td>\n<\/tr>\n<tr>\n<th>            <span class=\"row-header-label\">                Z\u00e1ruka<span class=\"row-header-label-colon\">:<\/span>            <\/span>        <\/th>\n<td>            24        <\/td>\n<\/tr>\n<tr>\n<th>            <span class=\"row-header-label\">                Hmotnost<span class=\"row-header-label-colon\">:<\/span>            <\/span>        <\/th>\n<td>            25.46 kg        <\/td>\n<\/tr>\n<tr class=\"productEan\">\n<th>          <span class=\"row-header-label productEan__label\">              EAN<span class=\"row-header-label-colon\">:<\/span>          <\/span>      <\/th>\n<td>          <span class=\"productEan__value\">8388777318934<\/span>      <\/td>\n<\/tr>\n<tr>\n<th>                <span class=\"row-header-label\">                                            3D model<span class=\"row-header-label-colon\">:<\/span>                                    <\/span>            <\/th>\n<td>                                                            ANO                                                <\/td>\n<\/tr>\n<tr>\n<th>                <span class=\"row-header-label\">                                            Balen\u00ed<span class=\"row-header-label-colon\">:<\/span>                                    <\/span>            <\/th>\n<td>                                                            1 ks                                                <\/td>\n<\/tr>\n<tr>\n<th>                <span class=\"row-header-label\">                                            Barva<span class=\"row-header-label-colon\">:<\/span>                                    <\/span>            <\/th>\n<td>                                                            \u010cern\u00e1                                                <\/td>\n<\/tr>\n<tr>\n<th>                <span class=\"row-header-label\">                                            Dostupnost<span class=\"row-header-label-colon\">:<\/span>                                    <\/span>            <\/th>\n<td>                                                            Dod\u00e1n\u00ed do 8 t\u00fddn\u016f                                                <\/td>\n<\/tr>\n<tr>\n<th>                <span class=\"row-header-label\">                                            Hloubka<span class=\"row-header-label-colon\">:<\/span>                                    <\/span>            <\/th>\n<td>                                                            540 mm                                                <\/td>\n<\/tr>\n<tr>\n<th>                <span class=\"row-header-label\">                                            Instalace<span class=\"row-header-label-colon\">:<\/span>                                    <\/span>            <\/th>\n<td>                                                            N\u00e1st\u011bnn\u00e1-\u0161rouby                                                <\/td>\n<\/tr>\n<tr>\n<th>                <span class=\"row-header-label\">                                            Materi\u00e1l<span class=\"row-header-label-colon\">:<\/span>                                    <\/span>            <\/th>\n<td>                                                            Keramika                                                <\/td>\n<\/tr>\n<tr>\n<th>                <span class=\"row-header-label\">                                            Otvor pro baterii<span class=\"row-header-label-colon\">:<\/span>                                    <\/span>            <\/th>\n<td>                                                            3 otvory                                                <\/td>\n<\/tr>\n<tr>\n<th>                <span class=\"row-header-label\">                                            P\u0159epad<span class=\"row-header-label-colon\">:<\/span>                                    <\/span>            <\/th>\n<td>                                                            Ano                                                <\/td>\n<\/tr>\n<tr>\n<th>                <span class=\"row-header-label\">                                            Rozm\u011br<span class=\"row-header-label-colon\">:<\/span>                                    <\/span>            <\/th>\n<td>                                                            73&#215;54 cm                                                <\/td>\n<\/tr>\n<tr>\n<th>                <span class=\"row-header-label\">                                            \u0160\u00ed\u0159ka<span class=\"row-header-label-colon\">:<\/span>                                    <\/span>            <\/th>\n<td>                                                            730 mm                                                <\/td>\n<\/tr>\n<tr>\n<th>                <span class=\"row-header-label\">                                            Tvar<span class=\"row-header-label-colon\">:<\/span>                                    <\/span>            <\/th>\n<td>                                                            Retro                                                <\/td>\n<\/tr>\n<tr>\n<th>                <span class=\"row-header-label\">                                            Typ umyvadla<span class=\"row-header-label-colon\">:<\/span>                                    <\/span>            <\/th>\n<td>                                                            Klasick\u00e9 umyvadlo                                                <\/td>\n<\/tr>\n<tr>\n<th>                <span class=\"row-header-label\">                                            Z\u00e1ruka<span class=\"row-header-label-colon\">:<\/span>                                    <\/span>            <\/th>\n<td>                                                            2 roky                                                <\/td>\n<\/tr>\n<\/tbody>\n<\/table><\/div>\n<\/p><\/div>\n<\/p><\/div>\n","protected":false},"excerpt":{"rendered":"<p>Detailn\u00ed popis produktu Sanit\u00e1rn\u00ed keramika RETRO vr\u00e1t\u00ed do neusp\u011bchan\u00e9 doby let minul\u00fdch a navod\u00ed pocit pohody na star\u0161\u00ed chalup\u011b, \u010di vzne\u0161en\u00e9ho \u017eivota ze z\u00e1meck\u00e9ho prost\u0159ed\u00ed. A\u0165 tak \u010di onak, je pot\u0159eba s&nbsp;keramikou sladit i&nbsp;ostatn\u00ed vybaven\u00ed koupelny. Vhodn\u00fdm \u0159e\u0161en\u00edm jsou vodovodn\u00ed baterie ANTEA a SASSARI. Ob\u011b s\u00e9rie obsahuj\u00ed t\u0159\u00edprvkov\u00e9 baterie, proto jsme schopni keramiku na zak\u00e1zku [&hellip;]<\/p>\n","protected":false},"featured_media":17271,"comment_status":"open","ping_status":"open","template":"","meta":[],"product_brand":[],"product_cat":[69],"product_tag":[],"class_list":{"0":"post-17171","1":"product","2":"type-product","3":"status-publish","4":"has-post-thumbnail","6":"product_cat-umyvadla","8":"first","9":"instock","10":"sale","11":"shipping-taxable","12":"purchasable","13":"product-type-simple"},"yoast_head":"<!-- This site is optimized with the Yoast SEO plugin v26.8 - https:\/\/yoast.com\/product\/yoast-seo-wordpress\/ -->\n<title>Vysoce Kvalitn\u00ed RETRO keramick\u00e9 umyvadlo 73x54cm, 3 otvory, \u010dern\u00e1 mat -<\/title>\n<meta name=\"robots\" content=\"index, follow, max-snippet:-1, max-image-preview:large, max-video-preview:-1\" \/>\n<link rel=\"canonical\" href=\"https:\/\/www.domkraftpro.com\/index.php\/produkt\/vysoce-kvalitni-retro-keramicke-umyvadlo-73x54cm-3-otvory-cerna-mat-17171\/\" \/>\n<meta property=\"og:locale\" content=\"cs_CZ\" \/>\n<meta property=\"og:type\" content=\"article\" \/>\n<meta property=\"og:title\" content=\"Vysoce Kvalitn\u00ed RETRO keramick\u00e9 umyvadlo 73x54cm, 3 otvory, \u010dern\u00e1 mat -\" \/>\n<meta property=\"og:description\" content=\"Detailn\u00ed popis produktu Sanit\u00e1rn\u00ed keramika RETRO vr\u00e1t\u00ed do neusp\u011bchan\u00e9 doby let minul\u00fdch a navod\u00ed pocit pohody na star\u0161\u00ed chalup\u011b, \u010di vzne\u0161en\u00e9ho \u017eivota ze z\u00e1meck\u00e9ho prost\u0159ed\u00ed. A\u0165 tak \u010di onak, je pot\u0159eba s&nbsp;keramikou sladit i&nbsp;ostatn\u00ed vybaven\u00ed koupelny. Vhodn\u00fdm \u0159e\u0161en\u00edm jsou vodovodn\u00ed baterie ANTEA a SASSARI. Ob\u011b s\u00e9rie obsahuj\u00ed t\u0159\u00edprvkov\u00e9 baterie, proto jsme schopni keramiku na zak\u00e1zku [&hellip;]\" \/>\n<meta property=\"og:url\" content=\"https:\/\/www.domkraftpro.com\/index.php\/produkt\/vysoce-kvalitni-retro-keramicke-umyvadlo-73x54cm-3-otvory-cerna-mat-17171\/\" \/>\n<meta property=\"og:image\" content=\"https:\/\/www.domkraftpro.com\/wp-content\/uploads\/2026\/SK0007154-CZ20260425-092556-0-1777080363-651975_retro-keramicke-umyvadlo-73x54cm--3-otvory--cerna-ma.webp\" \/>\n\t<meta property=\"og:image:width\" content=\"1000\" \/>\n\t<meta property=\"og:image:height\" content=\"750\" \/>\n\t<meta property=\"og:image:type\" content=\"image\/webp\" \/>\n<meta name=\"twitter:card\" content=\"summary_large_image\" \/>\n<meta name=\"twitter:label1\" content=\"Odhadovan\u00e1 doba \u010dten\u00ed\" \/>\n\t<meta name=\"twitter:data1\" content=\"1 minuta\" \/>\n<script type=\"application\/ld+json\" class=\"yoast-schema-graph\">{\"@context\":\"https:\/\/schema.org\",\"@graph\":[{\"@type\":\"WebPage\",\"@id\":\"https:\/\/www.domkraftpro.com\/index.php\/produkt\/vysoce-kvalitni-retro-keramicke-umyvadlo-73x54cm-3-otvory-cerna-mat-17171\/\",\"url\":\"https:\/\/www.domkraftpro.com\/index.php\/produkt\/vysoce-kvalitni-retro-keramicke-umyvadlo-73x54cm-3-otvory-cerna-mat-17171\/\",\"name\":\"Vysoce Kvalitn\u00ed RETRO keramick\u00e9 umyvadlo 73x54cm, 3 otvory, \u010dern\u00e1 mat -\",\"isPartOf\":{\"@id\":\"https:\/\/www.domkraftpro.com\/#website\"},\"primaryImageOfPage\":{\"@id\":\"https:\/\/www.domkraftpro.com\/index.php\/produkt\/vysoce-kvalitni-retro-keramicke-umyvadlo-73x54cm-3-otvory-cerna-mat-17171\/#primaryimage\"},\"image\":{\"@id\":\"https:\/\/www.domkraftpro.com\/index.php\/produkt\/vysoce-kvalitni-retro-keramicke-umyvadlo-73x54cm-3-otvory-cerna-mat-17171\/#primaryimage\"},\"thumbnailUrl\":\"https:\/\/www.domkraftpro.com\/wp-content\/uploads\/2026\/SK0007154-CZ20260425-092556-0-1777080363-651975_retro-keramicke-umyvadlo-73x54cm--3-otvory--cerna-ma.webp\",\"datePublished\":\"2026-04-27T04:41:05+00:00\",\"breadcrumb\":{\"@id\":\"https:\/\/www.domkraftpro.com\/index.php\/produkt\/vysoce-kvalitni-retro-keramicke-umyvadlo-73x54cm-3-otvory-cerna-mat-17171\/#breadcrumb\"},\"inLanguage\":\"cs\",\"potentialAction\":[{\"@type\":\"ReadAction\",\"target\":[\"https:\/\/www.domkraftpro.com\/index.php\/produkt\/vysoce-kvalitni-retro-keramicke-umyvadlo-73x54cm-3-otvory-cerna-mat-17171\/\"]}]},{\"@type\":\"ImageObject\",\"inLanguage\":\"cs\",\"@id\":\"https:\/\/www.domkraftpro.com\/index.php\/produkt\/vysoce-kvalitni-retro-keramicke-umyvadlo-73x54cm-3-otvory-cerna-mat-17171\/#primaryimage\",\"url\":\"https:\/\/www.domkraftpro.com\/wp-content\/uploads\/2026\/SK0007154-CZ20260425-092556-0-1777080363-651975_retro-keramicke-umyvadlo-73x54cm--3-otvory--cerna-ma.webp\",\"contentUrl\":\"https:\/\/www.domkraftpro.com\/wp-content\/uploads\/2026\/SK0007154-CZ20260425-092556-0-1777080363-651975_retro-keramicke-umyvadlo-73x54cm--3-otvory--cerna-ma.webp\",\"width\":1000,\"height\":750},{\"@type\":\"BreadcrumbList\",\"@id\":\"https:\/\/www.domkraftpro.com\/index.php\/produkt\/vysoce-kvalitni-retro-keramicke-umyvadlo-73x54cm-3-otvory-cerna-mat-17171\/#breadcrumb\",\"itemListElement\":[{\"@type\":\"ListItem\",\"position\":1,\"name\":\"Home\",\"item\":\"https:\/\/www.domkraftpro.com\/\"},{\"@type\":\"ListItem\",\"position\":2,\"name\":\"Products\",\"item\":\"https:\/\/www.domkraftpro.com\/index.php\/products\/\"},{\"@type\":\"ListItem\",\"position\":3,\"name\":\"Vysoce Kvalitn\u00ed RETRO keramick\u00e9 umyvadlo 73x54cm, 3 otvory, \u010dern\u00e1 mat\"}]},{\"@type\":\"WebSite\",\"@id\":\"https:\/\/www.domkraftpro.com\/#website\",\"url\":\"https:\/\/www.domkraftpro.com\/\",\"name\":\"\",\"description\":\"\",\"potentialAction\":[{\"@type\":\"SearchAction\",\"target\":{\"@type\":\"EntryPoint\",\"urlTemplate\":\"https:\/\/www.domkraftpro.com\/?s={search_term_string}\"},\"query-input\":{\"@type\":\"PropertyValueSpecification\",\"valueRequired\":true,\"valueName\":\"search_term_string\"}}],\"inLanguage\":\"cs\"}]}<\/script>\n<!-- \/ Yoast SEO plugin. -->","yoast_head_json":{"title":"Vysoce Kvalitn\u00ed RETRO keramick\u00e9 umyvadlo 73x54cm, 3 otvory, \u010dern\u00e1 mat -","robots":{"index":"index","follow":"follow","max-snippet":"max-snippet:-1","max-image-preview":"max-image-preview:large","max-video-preview":"max-video-preview:-1"},"canonical":"https:\/\/www.domkraftpro.com\/index.php\/produkt\/vysoce-kvalitni-retro-keramicke-umyvadlo-73x54cm-3-otvory-cerna-mat-17171\/","og_locale":"cs_CZ","og_type":"article","og_title":"Vysoce Kvalitn\u00ed RETRO keramick\u00e9 umyvadlo 73x54cm, 3 otvory, \u010dern\u00e1 mat -","og_description":"Detailn\u00ed popis produktu Sanit\u00e1rn\u00ed keramika RETRO vr\u00e1t\u00ed do neusp\u011bchan\u00e9 doby let minul\u00fdch a navod\u00ed pocit pohody na star\u0161\u00ed chalup\u011b, \u010di vzne\u0161en\u00e9ho \u017eivota ze z\u00e1meck\u00e9ho prost\u0159ed\u00ed. A\u0165 tak \u010di onak, je pot\u0159eba s&nbsp;keramikou sladit i&nbsp;ostatn\u00ed vybaven\u00ed koupelny. Vhodn\u00fdm \u0159e\u0161en\u00edm jsou vodovodn\u00ed baterie ANTEA a SASSARI. Ob\u011b s\u00e9rie obsahuj\u00ed t\u0159\u00edprvkov\u00e9 baterie, proto jsme schopni keramiku na zak\u00e1zku [&hellip;]","og_url":"https:\/\/www.domkraftpro.com\/index.php\/produkt\/vysoce-kvalitni-retro-keramicke-umyvadlo-73x54cm-3-otvory-cerna-mat-17171\/","og_image":[{"width":1000,"height":750,"url":"https:\/\/www.domkraftpro.com\/wp-content\/uploads\/2026\/SK0007154-CZ20260425-092556-0-1777080363-651975_retro-keramicke-umyvadlo-73x54cm--3-otvory--cerna-ma.webp","type":"image\/webp"}],"twitter_card":"summary_large_image","twitter_misc":{"Odhadovan\u00e1 doba \u010dten\u00ed":"1 minuta"},"schema":{"@context":"https:\/\/schema.org","@graph":[{"@type":"WebPage","@id":"https:\/\/www.domkraftpro.com\/index.php\/produkt\/vysoce-kvalitni-retro-keramicke-umyvadlo-73x54cm-3-otvory-cerna-mat-17171\/","url":"https:\/\/www.domkraftpro.com\/index.php\/produkt\/vysoce-kvalitni-retro-keramicke-umyvadlo-73x54cm-3-otvory-cerna-mat-17171\/","name":"Vysoce Kvalitn\u00ed RETRO keramick\u00e9 umyvadlo 73x54cm, 3 otvory, \u010dern\u00e1 mat -","isPartOf":{"@id":"https:\/\/www.domkraftpro.com\/#website"},"primaryImageOfPage":{"@id":"https:\/\/www.domkraftpro.com\/index.php\/produkt\/vysoce-kvalitni-retro-keramicke-umyvadlo-73x54cm-3-otvory-cerna-mat-17171\/#primaryimage"},"image":{"@id":"https:\/\/www.domkraftpro.com\/index.php\/produkt\/vysoce-kvalitni-retro-keramicke-umyvadlo-73x54cm-3-otvory-cerna-mat-17171\/#primaryimage"},"thumbnailUrl":"https:\/\/www.domkraftpro.com\/wp-content\/uploads\/2026\/SK0007154-CZ20260425-092556-0-1777080363-651975_retro-keramicke-umyvadlo-73x54cm--3-otvory--cerna-ma.webp","datePublished":"2026-04-27T04:41:05+00:00","breadcrumb":{"@id":"https:\/\/www.domkraftpro.com\/index.php\/produkt\/vysoce-kvalitni-retro-keramicke-umyvadlo-73x54cm-3-otvory-cerna-mat-17171\/#breadcrumb"},"inLanguage":"cs","potentialAction":[{"@type":"ReadAction","target":["https:\/\/www.domkraftpro.com\/index.php\/produkt\/vysoce-kvalitni-retro-keramicke-umyvadlo-73x54cm-3-otvory-cerna-mat-17171\/"]}]},{"@type":"ImageObject","inLanguage":"cs","@id":"https:\/\/www.domkraftpro.com\/index.php\/produkt\/vysoce-kvalitni-retro-keramicke-umyvadlo-73x54cm-3-otvory-cerna-mat-17171\/#primaryimage","url":"https:\/\/www.domkraftpro.com\/wp-content\/uploads\/2026\/SK0007154-CZ20260425-092556-0-1777080363-651975_retro-keramicke-umyvadlo-73x54cm--3-otvory--cerna-ma.webp","contentUrl":"https:\/\/www.domkraftpro.com\/wp-content\/uploads\/2026\/SK0007154-CZ20260425-092556-0-1777080363-651975_retro-keramicke-umyvadlo-73x54cm--3-otvory--cerna-ma.webp","width":1000,"height":750},{"@type":"BreadcrumbList","@id":"https:\/\/www.domkraftpro.com\/index.php\/produkt\/vysoce-kvalitni-retro-keramicke-umyvadlo-73x54cm-3-otvory-cerna-mat-17171\/#breadcrumb","itemListElement":[{"@type":"ListItem","position":1,"name":"Home","item":"https:\/\/www.domkraftpro.com\/"},{"@type":"ListItem","position":2,"name":"Products","item":"https:\/\/www.domkraftpro.com\/index.php\/products\/"},{"@type":"ListItem","position":3,"name":"Vysoce Kvalitn\u00ed RETRO keramick\u00e9 umyvadlo 73x54cm, 3 otvory, \u010dern\u00e1 mat"}]},{"@type":"WebSite","@id":"https:\/\/www.domkraftpro.com\/#website","url":"https:\/\/www.domkraftpro.com\/","name":"","description":"","potentialAction":[{"@type":"SearchAction","target":{"@type":"EntryPoint","urlTemplate":"https:\/\/www.domkraftpro.com\/?s={search_term_string}"},"query-input":{"@type":"PropertyValueSpecification","valueRequired":true,"valueName":"search_term_string"}}],"inLanguage":"cs"}]}},"_links":{"self":[{"href":"https:\/\/www.domkraftpro.com\/index.php\/wp-json\/wp\/v2\/product\/17171","targetHints":{"allow":["GET"]}}],"collection":[{"href":"https:\/\/www.domkraftpro.com\/index.php\/wp-json\/wp\/v2\/product"}],"about":[{"href":"https:\/\/www.domkraftpro.com\/index.php\/wp-json\/wp\/v2\/types\/product"}],"replies":[{"embeddable":true,"href":"https:\/\/www.domkraftpro.com\/index.php\/wp-json\/wp\/v2\/comments?post=17171"}],"wp:featuredmedia":[{"embeddable":true,"href":"https:\/\/www.domkraftpro.com\/index.php\/wp-json\/wp\/v2\/media\/17271"}],"wp:attachment":[{"href":"https:\/\/www.domkraftpro.com\/index.php\/wp-json\/wp\/v2\/media?parent=17171"}],"wp:term":[{"taxonomy":"product_brand","embeddable":true,"href":"https:\/\/www.domkraftpro.com\/index.php\/wp-json\/wp\/v2\/product_brand?post=17171"},{"taxonomy":"product_cat","embeddable":true,"href":"https:\/\/www.domkraftpro.com\/index.php\/wp-json\/wp\/v2\/product_cat?post=17171"},{"taxonomy":"product_tag","embeddable":true,"href":"https:\/\/www.domkraftpro.com\/index.php\/wp-json\/wp\/v2\/product_tag?post=17171"}],"curies":[{"name":"wp","href":"https:\/\/api.w.org\/{rel}","templated":true}]}}