{"id":17168,"date":"2026-04-27T04:41:05","date_gmt":"2026-04-27T04:41:05","guid":{"rendered":""},"modified":"2026-04-27T04:41:05","modified_gmt":"2026-04-27T04:41:05","slug":"aurum-nerezove-umyvatko-36-5x18cm-vcetne-vypusti-leve-prave-zlato-mat-vyprodej-17168","status":"publish","type":"product","link":"https:\/\/www.domkraftpro.com\/index.php\/produkt\/aurum-nerezove-umyvatko-36-5x18cm-vcetne-vypusti-leve-prave-zlato-mat-vyprodej-17168\/","title":{"rendered":"AURUM nerezov\u00e9 um\u00fdv\u00e1tko 36,5x18cm, v\u010detn\u011b v\u00fdpusti, lev\u00e9\/prav\u00e9, zlato mat V\u00fdprodej"},"content":{"rendered":"<div class=\"basic-description\">\n<h3>Detailn\u00ed popis produktu<\/h3>\n<li>Sou\u010d\u00e1st\u00ed balen\u00ed je podp\u011brn\u00e1 konzole<\/li>\n<div class=\"product-explanation-item\">\n<h3>PVD povrchov\u00e1 \u00faprava<\/h3>\n<p style=\"text-align: justify;\">Technologie nan\u00e1\u0161en\u00ed tenk\u00fdch vrstev napa\u0159ov\u00e1n\u00edm ve vakuov\u00e9 komo\u0159e. Nan\u00e1\u0161en\u00fd materi\u00e1l se spojuje s podkladem na molekul\u00e1rn\u00ed b\u00e1zi. D\u00edky tomu se povrch stane tvrd\u00fdm, odoln\u00fdm korozi, kyselin\u00e1m, ot\u011bru a vysok\u00fdm teplot\u00e1m. Tato technologie je nav\u00edc \u0161etrn\u00e1 k \u017eivotn\u00edmu prost\u0159ed\u00ed.<\/p>\n<\/div><\/div>\n<div class=\"extended-description\">\n<h3>Dopl\u0148kov\u00e9 parametry<\/h3>\n<table class=\"detail-parameters\">\n<tbody>\n<tr>\n<th>        <span class=\"row-header-label\">            Kategorie<span class=\"row-header-label-colon\">:<\/span>        <\/span>    <\/th>\n<td>            <\/td>\n<\/tr>\n<tr>\n<th>            <span class=\"row-header-label\">                Z\u00e1ruka<span class=\"row-header-label-colon\">:<\/span>            <\/span>        <\/th>\n<td>            72        <\/td>\n<\/tr>\n<tr>\n<th>            <span class=\"row-header-label\">                Hmotnost<span class=\"row-header-label-colon\">:<\/span>            <\/span>        <\/th>\n<td>            5.9 kg        <\/td>\n<\/tr>\n<tr class=\"productEan\">\n<th>          <span class=\"row-header-label productEan__label\">              EAN<span class=\"row-header-label-colon\">:<\/span>          <\/span>      <\/th>\n<td>          <span class=\"productEan__value\">8590913964428<\/span>      <\/td>\n<\/tr>\n<tr>\n<th>                <span class=\"row-header-label\">                                            3D model<span class=\"row-header-label-colon\">:<\/span>                                    <\/span>            <\/th>\n<td>                                                            ANO                                                <\/td>\n<\/tr>\n<tr>\n<th>                <span class=\"row-header-label\">                                            Barva<span class=\"row-header-label-colon\">:<\/span>                                    <\/span>            <\/th>\n<td>                                                            Zlato                                                <\/td>\n<\/tr>\n<tr>\n<th>                <span class=\"row-header-label\">                                            Dostupnost<span class=\"row-header-label-colon\">:<\/span>                                    <\/span>            <\/th>\n<td>                                                            Skladem                                                <\/td>\n<\/tr>\n<tr>\n<th>                <span class=\"row-header-label\">                                            Hloubka<span class=\"row-header-label-colon\">:<\/span>                                    <\/span>            <\/th>\n<td>                                                            180 mm                                                <\/td>\n<\/tr>\n<tr>\n<th>                <span class=\"row-header-label\">                                            Instalace<span class=\"row-header-label-colon\">:<\/span>                                    <\/span>            <\/th>\n<td>                                                            N\u00e1st\u011bnn\u00e1-\u0161rouby;K postaven\u00ed                                                <\/td>\n<\/tr>\n<tr>\n<th>                <span class=\"row-header-label\">                                            Materi\u00e1l<span class=\"row-header-label-colon\">:<\/span>                                    <\/span>            <\/th>\n<td>                                                            Nerez                                                <\/td>\n<\/tr>\n<tr>\n<th>                <span class=\"row-header-label\">                                            Ostatn\u00ed<span class=\"row-header-label-colon\">:<\/span>                                    <\/span>            <\/th>\n<td>                                                            PVD povrchov\u00e1 \u00faprava                                                <\/td>\n<\/tr>\n<tr>\n<th>                <span class=\"row-header-label\">                                            Otvor pro baterii<span class=\"row-header-label-colon\">:<\/span>                                    <\/span>            <\/th>\n<td>                                                            1 otvor                                                <\/td>\n<\/tr>\n<tr>\n<th>                <span class=\"row-header-label\">                                            P\u0159epad<span class=\"row-header-label-colon\">:<\/span>                                    <\/span>            <\/th>\n<td>                                                            Ne                                                <\/td>\n<\/tr>\n<tr>\n<th>                <span class=\"row-header-label\">                                            Rozm\u011br<span class=\"row-header-label-colon\">:<\/span>                                    <\/span>            <\/th>\n<td>                                                            36,5x9x18 cm                                                <\/td>\n<\/tr>\n<tr>\n<th>                <span class=\"row-header-label\">                                            \u0160\u00ed\u0159ka<span class=\"row-header-label-colon\">:<\/span>                                    <\/span>            <\/th>\n<td>                                                            365 mm                                                <\/td>\n<\/tr>\n<tr>\n<th>                <span class=\"row-header-label\">                                            Tvar<span class=\"row-header-label-colon\">:<\/span>                                    <\/span>            <\/th>\n<td>                                                            Obd\u00e9ln\u00edk                                                <\/td>\n<\/tr>\n<tr>\n<th>                <span class=\"row-header-label\">                                            Typ umyvadla<span class=\"row-header-label-colon\">:<\/span>                                    <\/span>            <\/th>\n<td>                                                            Um\u00fdv\u00e1tko (mal\u00e9)                                                <\/td>\n<\/tr>\n<tr>\n<th>                <span class=\"row-header-label\">                                            V\u00fd\u0161ka<span class=\"row-header-label-colon\">:<\/span>                                    <\/span>            <\/th>\n<td>                                                            90 mm                                                <\/td>\n<\/tr>\n<tr>\n<th>                <span class=\"row-header-label\">                                            Z\u00e1ruka<span class=\"row-header-label-colon\">:<\/span>                                    <\/span>            <\/th>\n<td>                                                            6 let                                                <\/td>\n<\/tr>\n<\/tbody>\n<\/table><\/div>\n<\/p><\/div>\n<\/p><\/div>\n","protected":false},"excerpt":{"rendered":"<p>Detailn\u00ed popis produktu Sou\u010d\u00e1st\u00ed balen\u00ed je podp\u011brn\u00e1 konzole PVD povrchov\u00e1 \u00faprava Technologie nan\u00e1\u0161en\u00ed tenk\u00fdch vrstev napa\u0159ov\u00e1n\u00edm ve vakuov\u00e9 komo\u0159e. Nan\u00e1\u0161en\u00fd materi\u00e1l se spojuje s podkladem na molekul\u00e1rn\u00ed b\u00e1zi. D\u00edky tomu se povrch stane tvrd\u00fdm, odoln\u00fdm korozi, kyselin\u00e1m, ot\u011bru a vysok\u00fdm teplot\u00e1m. Tato technologie je nav\u00edc \u0161etrn\u00e1 k \u017eivotn\u00edmu prost\u0159ed\u00ed. Dopl\u0148kov\u00e9 parametry Kategorie: Z\u00e1ruka: 72 Hmotnost: [&hellip;]<\/p>\n","protected":false},"featured_media":17268,"comment_status":"open","ping_status":"open","template":"","meta":[],"product_brand":[],"product_cat":[70],"product_tag":[],"class_list":{"0":"post-17168","1":"product","2":"type-product","3":"status-publish","4":"has-post-thumbnail","6":"product_cat-umyvatka","8":"first","9":"instock","10":"sale","11":"shipping-taxable","12":"purchasable","13":"product-type-simple"},"yoast_head":"<!-- This site is optimized with the Yoast SEO plugin v26.8 - https:\/\/yoast.com\/product\/yoast-seo-wordpress\/ -->\n<title>AURUM nerezov\u00e9 um\u00fdv\u00e1tko 36,5x18cm, v\u010detn\u011b v\u00fdpusti, lev\u00e9\/prav\u00e9, zlato mat V\u00fdprodej -<\/title>\n<meta name=\"robots\" content=\"index, follow, max-snippet:-1, max-image-preview:large, max-video-preview:-1\" \/>\n<link rel=\"canonical\" href=\"https:\/\/www.domkraftpro.com\/index.php\/produkt\/aurum-nerezove-umyvatko-36-5x18cm-vcetne-vypusti-leve-prave-zlato-mat-vyprodej-17168\/\" \/>\n<meta property=\"og:locale\" content=\"cs_CZ\" \/>\n<meta property=\"og:type\" content=\"article\" \/>\n<meta property=\"og:title\" content=\"AURUM nerezov\u00e9 um\u00fdv\u00e1tko 36,5x18cm, v\u010detn\u011b v\u00fdpusti, lev\u00e9\/prav\u00e9, zlato mat V\u00fdprodej -\" \/>\n<meta property=\"og:description\" content=\"Detailn\u00ed popis produktu Sou\u010d\u00e1st\u00ed balen\u00ed je podp\u011brn\u00e1 konzole PVD povrchov\u00e1 \u00faprava Technologie nan\u00e1\u0161en\u00ed tenk\u00fdch vrstev napa\u0159ov\u00e1n\u00edm ve vakuov\u00e9 komo\u0159e. Nan\u00e1\u0161en\u00fd materi\u00e1l se spojuje s podkladem na molekul\u00e1rn\u00ed b\u00e1zi. D\u00edky tomu se povrch stane tvrd\u00fdm, odoln\u00fdm korozi, kyselin\u00e1m, ot\u011bru a vysok\u00fdm teplot\u00e1m. Tato technologie je nav\u00edc \u0161etrn\u00e1 k \u017eivotn\u00edmu prost\u0159ed\u00ed. Dopl\u0148kov\u00e9 parametry Kategorie: Z\u00e1ruka: 72 Hmotnost: [&hellip;]\" \/>\n<meta property=\"og:url\" content=\"https:\/\/www.domkraftpro.com\/index.php\/produkt\/aurum-nerezove-umyvatko-36-5x18cm-vcetne-vypusti-leve-prave-zlato-mat-vyprodej-17168\/\" \/>\n<meta property=\"og:image\" content=\"https:\/\/www.domkraftpro.com\/wp-content\/uploads\/2026\/SK0007149-CZ20260425-092556-0-1777080363-651624_au204-223338299395381.webp\" \/>\n\t<meta property=\"og:image:width\" content=\"1000\" \/>\n\t<meta property=\"og:image:height\" content=\"750\" \/>\n\t<meta property=\"og:image:type\" content=\"image\/webp\" \/>\n<meta name=\"twitter:card\" content=\"summary_large_image\" \/>\n<meta name=\"twitter:label1\" content=\"Odhadovan\u00e1 doba \u010dten\u00ed\" \/>\n\t<meta name=\"twitter:data1\" content=\"1 minuta\" \/>\n<script type=\"application\/ld+json\" class=\"yoast-schema-graph\">{\"@context\":\"https:\/\/schema.org\",\"@graph\":[{\"@type\":\"WebPage\",\"@id\":\"https:\/\/www.domkraftpro.com\/index.php\/produkt\/aurum-nerezove-umyvatko-36-5x18cm-vcetne-vypusti-leve-prave-zlato-mat-vyprodej-17168\/\",\"url\":\"https:\/\/www.domkraftpro.com\/index.php\/produkt\/aurum-nerezove-umyvatko-36-5x18cm-vcetne-vypusti-leve-prave-zlato-mat-vyprodej-17168\/\",\"name\":\"AURUM nerezov\u00e9 um\u00fdv\u00e1tko 36,5x18cm, v\u010detn\u011b v\u00fdpusti, lev\u00e9\/prav\u00e9, zlato mat V\u00fdprodej -\",\"isPartOf\":{\"@id\":\"https:\/\/www.domkraftpro.com\/#website\"},\"primaryImageOfPage\":{\"@id\":\"https:\/\/www.domkraftpro.com\/index.php\/produkt\/aurum-nerezove-umyvatko-36-5x18cm-vcetne-vypusti-leve-prave-zlato-mat-vyprodej-17168\/#primaryimage\"},\"image\":{\"@id\":\"https:\/\/www.domkraftpro.com\/index.php\/produkt\/aurum-nerezove-umyvatko-36-5x18cm-vcetne-vypusti-leve-prave-zlato-mat-vyprodej-17168\/#primaryimage\"},\"thumbnailUrl\":\"https:\/\/www.domkraftpro.com\/wp-content\/uploads\/2026\/SK0007149-CZ20260425-092556-0-1777080363-651624_au204-223338299395381.webp\",\"datePublished\":\"2026-04-27T04:41:05+00:00\",\"breadcrumb\":{\"@id\":\"https:\/\/www.domkraftpro.com\/index.php\/produkt\/aurum-nerezove-umyvatko-36-5x18cm-vcetne-vypusti-leve-prave-zlato-mat-vyprodej-17168\/#breadcrumb\"},\"inLanguage\":\"cs\",\"potentialAction\":[{\"@type\":\"ReadAction\",\"target\":[\"https:\/\/www.domkraftpro.com\/index.php\/produkt\/aurum-nerezove-umyvatko-36-5x18cm-vcetne-vypusti-leve-prave-zlato-mat-vyprodej-17168\/\"]}]},{\"@type\":\"ImageObject\",\"inLanguage\":\"cs\",\"@id\":\"https:\/\/www.domkraftpro.com\/index.php\/produkt\/aurum-nerezove-umyvatko-36-5x18cm-vcetne-vypusti-leve-prave-zlato-mat-vyprodej-17168\/#primaryimage\",\"url\":\"https:\/\/www.domkraftpro.com\/wp-content\/uploads\/2026\/SK0007149-CZ20260425-092556-0-1777080363-651624_au204-223338299395381.webp\",\"contentUrl\":\"https:\/\/www.domkraftpro.com\/wp-content\/uploads\/2026\/SK0007149-CZ20260425-092556-0-1777080363-651624_au204-223338299395381.webp\",\"width\":1000,\"height\":750},{\"@type\":\"BreadcrumbList\",\"@id\":\"https:\/\/www.domkraftpro.com\/index.php\/produkt\/aurum-nerezove-umyvatko-36-5x18cm-vcetne-vypusti-leve-prave-zlato-mat-vyprodej-17168\/#breadcrumb\",\"itemListElement\":[{\"@type\":\"ListItem\",\"position\":1,\"name\":\"Home\",\"item\":\"https:\/\/www.domkraftpro.com\/\"},{\"@type\":\"ListItem\",\"position\":2,\"name\":\"Products\",\"item\":\"https:\/\/www.domkraftpro.com\/index.php\/products\/\"},{\"@type\":\"ListItem\",\"position\":3,\"name\":\"AURUM nerezov\u00e9 um\u00fdv\u00e1tko 36,5x18cm, v\u010detn\u011b v\u00fdpusti, lev\u00e9\/prav\u00e9, zlato mat V\u00fdprodej\"}]},{\"@type\":\"WebSite\",\"@id\":\"https:\/\/www.domkraftpro.com\/#website\",\"url\":\"https:\/\/www.domkraftpro.com\/\",\"name\":\"\",\"description\":\"\",\"potentialAction\":[{\"@type\":\"SearchAction\",\"target\":{\"@type\":\"EntryPoint\",\"urlTemplate\":\"https:\/\/www.domkraftpro.com\/?s={search_term_string}\"},\"query-input\":{\"@type\":\"PropertyValueSpecification\",\"valueRequired\":true,\"valueName\":\"search_term_string\"}}],\"inLanguage\":\"cs\"}]}<\/script>\n<!-- \/ Yoast SEO plugin. -->","yoast_head_json":{"title":"AURUM nerezov\u00e9 um\u00fdv\u00e1tko 36,5x18cm, v\u010detn\u011b v\u00fdpusti, lev\u00e9\/prav\u00e9, zlato mat V\u00fdprodej -","robots":{"index":"index","follow":"follow","max-snippet":"max-snippet:-1","max-image-preview":"max-image-preview:large","max-video-preview":"max-video-preview:-1"},"canonical":"https:\/\/www.domkraftpro.com\/index.php\/produkt\/aurum-nerezove-umyvatko-36-5x18cm-vcetne-vypusti-leve-prave-zlato-mat-vyprodej-17168\/","og_locale":"cs_CZ","og_type":"article","og_title":"AURUM nerezov\u00e9 um\u00fdv\u00e1tko 36,5x18cm, v\u010detn\u011b v\u00fdpusti, lev\u00e9\/prav\u00e9, zlato mat V\u00fdprodej -","og_description":"Detailn\u00ed popis produktu Sou\u010d\u00e1st\u00ed balen\u00ed je podp\u011brn\u00e1 konzole PVD povrchov\u00e1 \u00faprava Technologie nan\u00e1\u0161en\u00ed tenk\u00fdch vrstev napa\u0159ov\u00e1n\u00edm ve vakuov\u00e9 komo\u0159e. Nan\u00e1\u0161en\u00fd materi\u00e1l se spojuje s podkladem na molekul\u00e1rn\u00ed b\u00e1zi. D\u00edky tomu se povrch stane tvrd\u00fdm, odoln\u00fdm korozi, kyselin\u00e1m, ot\u011bru a vysok\u00fdm teplot\u00e1m. Tato technologie je nav\u00edc \u0161etrn\u00e1 k \u017eivotn\u00edmu prost\u0159ed\u00ed. Dopl\u0148kov\u00e9 parametry Kategorie: Z\u00e1ruka: 72 Hmotnost: [&hellip;]","og_url":"https:\/\/www.domkraftpro.com\/index.php\/produkt\/aurum-nerezove-umyvatko-36-5x18cm-vcetne-vypusti-leve-prave-zlato-mat-vyprodej-17168\/","og_image":[{"width":1000,"height":750,"url":"https:\/\/www.domkraftpro.com\/wp-content\/uploads\/2026\/SK0007149-CZ20260425-092556-0-1777080363-651624_au204-223338299395381.webp","type":"image\/webp"}],"twitter_card":"summary_large_image","twitter_misc":{"Odhadovan\u00e1 doba \u010dten\u00ed":"1 minuta"},"schema":{"@context":"https:\/\/schema.org","@graph":[{"@type":"WebPage","@id":"https:\/\/www.domkraftpro.com\/index.php\/produkt\/aurum-nerezove-umyvatko-36-5x18cm-vcetne-vypusti-leve-prave-zlato-mat-vyprodej-17168\/","url":"https:\/\/www.domkraftpro.com\/index.php\/produkt\/aurum-nerezove-umyvatko-36-5x18cm-vcetne-vypusti-leve-prave-zlato-mat-vyprodej-17168\/","name":"AURUM nerezov\u00e9 um\u00fdv\u00e1tko 36,5x18cm, v\u010detn\u011b v\u00fdpusti, lev\u00e9\/prav\u00e9, zlato mat V\u00fdprodej -","isPartOf":{"@id":"https:\/\/www.domkraftpro.com\/#website"},"primaryImageOfPage":{"@id":"https:\/\/www.domkraftpro.com\/index.php\/produkt\/aurum-nerezove-umyvatko-36-5x18cm-vcetne-vypusti-leve-prave-zlato-mat-vyprodej-17168\/#primaryimage"},"image":{"@id":"https:\/\/www.domkraftpro.com\/index.php\/produkt\/aurum-nerezove-umyvatko-36-5x18cm-vcetne-vypusti-leve-prave-zlato-mat-vyprodej-17168\/#primaryimage"},"thumbnailUrl":"https:\/\/www.domkraftpro.com\/wp-content\/uploads\/2026\/SK0007149-CZ20260425-092556-0-1777080363-651624_au204-223338299395381.webp","datePublished":"2026-04-27T04:41:05+00:00","breadcrumb":{"@id":"https:\/\/www.domkraftpro.com\/index.php\/produkt\/aurum-nerezove-umyvatko-36-5x18cm-vcetne-vypusti-leve-prave-zlato-mat-vyprodej-17168\/#breadcrumb"},"inLanguage":"cs","potentialAction":[{"@type":"ReadAction","target":["https:\/\/www.domkraftpro.com\/index.php\/produkt\/aurum-nerezove-umyvatko-36-5x18cm-vcetne-vypusti-leve-prave-zlato-mat-vyprodej-17168\/"]}]},{"@type":"ImageObject","inLanguage":"cs","@id":"https:\/\/www.domkraftpro.com\/index.php\/produkt\/aurum-nerezove-umyvatko-36-5x18cm-vcetne-vypusti-leve-prave-zlato-mat-vyprodej-17168\/#primaryimage","url":"https:\/\/www.domkraftpro.com\/wp-content\/uploads\/2026\/SK0007149-CZ20260425-092556-0-1777080363-651624_au204-223338299395381.webp","contentUrl":"https:\/\/www.domkraftpro.com\/wp-content\/uploads\/2026\/SK0007149-CZ20260425-092556-0-1777080363-651624_au204-223338299395381.webp","width":1000,"height":750},{"@type":"BreadcrumbList","@id":"https:\/\/www.domkraftpro.com\/index.php\/produkt\/aurum-nerezove-umyvatko-36-5x18cm-vcetne-vypusti-leve-prave-zlato-mat-vyprodej-17168\/#breadcrumb","itemListElement":[{"@type":"ListItem","position":1,"name":"Home","item":"https:\/\/www.domkraftpro.com\/"},{"@type":"ListItem","position":2,"name":"Products","item":"https:\/\/www.domkraftpro.com\/index.php\/products\/"},{"@type":"ListItem","position":3,"name":"AURUM nerezov\u00e9 um\u00fdv\u00e1tko 36,5x18cm, v\u010detn\u011b v\u00fdpusti, lev\u00e9\/prav\u00e9, zlato mat V\u00fdprodej"}]},{"@type":"WebSite","@id":"https:\/\/www.domkraftpro.com\/#website","url":"https:\/\/www.domkraftpro.com\/","name":"","description":"","potentialAction":[{"@type":"SearchAction","target":{"@type":"EntryPoint","urlTemplate":"https:\/\/www.domkraftpro.com\/?s={search_term_string}"},"query-input":{"@type":"PropertyValueSpecification","valueRequired":true,"valueName":"search_term_string"}}],"inLanguage":"cs"}]}},"_links":{"self":[{"href":"https:\/\/www.domkraftpro.com\/index.php\/wp-json\/wp\/v2\/product\/17168","targetHints":{"allow":["GET"]}}],"collection":[{"href":"https:\/\/www.domkraftpro.com\/index.php\/wp-json\/wp\/v2\/product"}],"about":[{"href":"https:\/\/www.domkraftpro.com\/index.php\/wp-json\/wp\/v2\/types\/product"}],"replies":[{"embeddable":true,"href":"https:\/\/www.domkraftpro.com\/index.php\/wp-json\/wp\/v2\/comments?post=17168"}],"wp:featuredmedia":[{"embeddable":true,"href":"https:\/\/www.domkraftpro.com\/index.php\/wp-json\/wp\/v2\/media\/17268"}],"wp:attachment":[{"href":"https:\/\/www.domkraftpro.com\/index.php\/wp-json\/wp\/v2\/media?parent=17168"}],"wp:term":[{"taxonomy":"product_brand","embeddable":true,"href":"https:\/\/www.domkraftpro.com\/index.php\/wp-json\/wp\/v2\/product_brand?post=17168"},{"taxonomy":"product_cat","embeddable":true,"href":"https:\/\/www.domkraftpro.com\/index.php\/wp-json\/wp\/v2\/product_cat?post=17168"},{"taxonomy":"product_tag","embeddable":true,"href":"https:\/\/www.domkraftpro.com\/index.php\/wp-json\/wp\/v2\/product_tag?post=17168"}],"curies":[{"name":"wp","href":"https:\/\/api.w.org\/{rel}","templated":true}]}}