{"id":17166,"date":"2026-04-27T04:41:05","date_gmt":"2026-04-27T04:41:05","guid":{"rendered":""},"modified":"2026-04-27T04:41:05","modified_gmt":"2026-04-27T04:41:05","slug":"neasa-keramicke-umyvadlo-52x42cm-bila-ihned-k-objednani-17166","status":"publish","type":"product","link":"https:\/\/www.domkraftpro.com\/index.php\/produkt\/neasa-keramicke-umyvadlo-52x42cm-bila-ihned-k-objednani-17166\/","title":{"rendered":"NEASA keramick\u00e9 umyvadlo 52x42cm, b\u00edl\u00e1 Ihned K Objedn\u00e1n\u00ed"},"content":{"rendered":"<div class=\"basic-description\">\n<h3>Detailn\u00ed popis produktu<\/h3>\n<\/p><\/div>\n<div class=\"extended-description\">\n<h3>Dopl\u0148kov\u00e9 parametry<\/h3>\n<table class=\"detail-parameters\">\n<tbody>\n<tr>\n<th>        <span class=\"row-header-label\">            Kategorie<span class=\"row-header-label-colon\">:<\/span>        <\/span>    <\/th>\n<td>            <\/td>\n<\/tr>\n<tr>\n<th>            <span class=\"row-header-label\">                Z\u00e1ruka<span class=\"row-header-label-colon\">:<\/span>            <\/span>        <\/th>\n<td>            24        <\/td>\n<\/tr>\n<tr>\n<th>            <span class=\"row-header-label\">                Hmotnost<span class=\"row-header-label-colon\">:<\/span>            <\/span>        <\/th>\n<td>            19 kg        <\/td>\n<\/tr>\n<tr class=\"productEan\">\n<th>          <span class=\"row-header-label productEan__label\">              EAN<span class=\"row-header-label-colon\">:<\/span>          <\/span>      <\/th>\n<td>          <span class=\"productEan__value\">8590913967443<\/span>      <\/td>\n<\/tr>\n<tr>\n<th>                <span class=\"row-header-label\">                                            Balen\u00ed<span class=\"row-header-label-colon\">:<\/span>                                    <\/span>            <\/th>\n<td>                                                            1 ks                                                <\/td>\n<\/tr>\n<tr>\n<th>                <span class=\"row-header-label\">                                            Barva<span class=\"row-header-label-colon\">:<\/span>                                    <\/span>            <\/th>\n<td>                                                            B\u00edl\u00e1                                                <\/td>\n<\/tr>\n<tr>\n<th>                <span class=\"row-header-label\">                                            Dostupnost<span class=\"row-header-label-colon\">:<\/span>                                    <\/span>            <\/th>\n<td>                                                            Skladem                                                <\/td>\n<\/tr>\n<tr>\n<th>                <span class=\"row-header-label\">                                            Hloubka<span class=\"row-header-label-colon\">:<\/span>                                    <\/span>            <\/th>\n<td>                                                            420 mm                                                <\/td>\n<\/tr>\n<tr>\n<th>                <span class=\"row-header-label\">                                            Instalace<span class=\"row-header-label-colon\">:<\/span>                                    <\/span>            <\/th>\n<td>                                                            N\u00e1st\u011bnn\u00e1-\u0161rouby;K postaven\u00ed                                                <\/td>\n<\/tr>\n<tr>\n<th>                <span class=\"row-header-label\">                                            Materi\u00e1l<span class=\"row-header-label-colon\">:<\/span>                                    <\/span>            <\/th>\n<td>                                                            Keramika                                                <\/td>\n<\/tr>\n<tr>\n<th>                <span class=\"row-header-label\">                                            Otvor pro baterii<span class=\"row-header-label-colon\">:<\/span>                                    <\/span>            <\/th>\n<td>                                                            1 otvor                                                <\/td>\n<\/tr>\n<tr>\n<th>                <span class=\"row-header-label\">                                            P\u0159epad<span class=\"row-header-label-colon\">:<\/span>                                    <\/span>            <\/th>\n<td>                                                            Ano                                                <\/td>\n<\/tr>\n<tr>\n<th>                <span class=\"row-header-label\">                                            Rozm\u011br<span class=\"row-header-label-colon\">:<\/span>                                    <\/span>            <\/th>\n<td>                                                            52x16x42 cm                                                <\/td>\n<\/tr>\n<tr>\n<th>                <span class=\"row-header-label\">                                            \u0160\u00ed\u0159ka<span class=\"row-header-label-colon\">:<\/span>                                    <\/span>            <\/th>\n<td>                                                            520 mm                                                <\/td>\n<\/tr>\n<tr>\n<th>                <span class=\"row-header-label\">                                            Tvar<span class=\"row-header-label-colon\">:<\/span>                                    <\/span>            <\/th>\n<td>                                                            Obd\u00e9ln\u00edk                                                <\/td>\n<\/tr>\n<tr>\n<th>                <span class=\"row-header-label\">                                            Typ umyvadla<span class=\"row-header-label-colon\">:<\/span>                                    <\/span>            <\/th>\n<td>                                                            Klasick\u00e9 umyvadlo                                                <\/td>\n<\/tr>\n<tr>\n<th>                <span class=\"row-header-label\">                                            V\u00fd\u0161ka<span class=\"row-header-label-colon\">:<\/span>                                    <\/span>            <\/th>\n<td>                                                            160 mm                                                <\/td>\n<\/tr>\n<tr>\n<th>                <span class=\"row-header-label\">                                            Z\u00e1ruka<span class=\"row-header-label-colon\">:<\/span>                                    <\/span>            <\/th>\n<td>                                                            2 roky                                                <\/td>\n<\/tr>\n<\/tbody>\n<\/table><\/div>\n<\/p><\/div>\n<\/p><\/div>\n","protected":false},"excerpt":{"rendered":"<p>Detailn\u00ed popis produktu Dopl\u0148kov\u00e9 parametry Kategorie: Z\u00e1ruka: 24 Hmotnost: 19 kg EAN: 8590913967443 Balen\u00ed: 1 ks Barva: B\u00edl\u00e1 Dostupnost: Skladem Hloubka: 420 mm Instalace: N\u00e1st\u011bnn\u00e1-\u0161rouby;K postaven\u00ed Materi\u00e1l: Keramika Otvor pro baterii: 1 otvor P\u0159epad: Ano Rozm\u011br: 52x16x42 cm \u0160\u00ed\u0159ka: 520 mm Tvar: Obd\u00e9ln\u00edk Typ umyvadla: Klasick\u00e9 umyvadlo V\u00fd\u0161ka: 160 mm Z\u00e1ruka: 2 roky<\/p>\n","protected":false},"featured_media":17266,"comment_status":"open","ping_status":"open","template":"","meta":[],"product_brand":[],"product_cat":[69],"product_tag":[],"class_list":{"0":"post-17166","1":"product","2":"type-product","3":"status-publish","4":"has-post-thumbnail","6":"product_cat-umyvadla","8":"first","9":"instock","10":"sale","11":"shipping-taxable","12":"purchasable","13":"product-type-simple"},"yoast_head":"<!-- This site is optimized with the Yoast SEO plugin v26.8 - https:\/\/yoast.com\/product\/yoast-seo-wordpress\/ -->\n<title>NEASA keramick\u00e9 umyvadlo 52x42cm, b\u00edl\u00e1 Ihned K Objedn\u00e1n\u00ed -<\/title>\n<meta name=\"robots\" content=\"index, follow, max-snippet:-1, max-image-preview:large, max-video-preview:-1\" \/>\n<link rel=\"canonical\" href=\"https:\/\/www.domkraftpro.com\/index.php\/produkt\/neasa-keramicke-umyvadlo-52x42cm-bila-ihned-k-objednani-17166\/\" \/>\n<meta property=\"og:locale\" content=\"cs_CZ\" \/>\n<meta property=\"og:type\" content=\"article\" \/>\n<meta property=\"og:title\" content=\"NEASA keramick\u00e9 umyvadlo 52x42cm, b\u00edl\u00e1 Ihned K Objedn\u00e1n\u00ed -\" \/>\n<meta property=\"og:description\" content=\"Detailn\u00ed popis produktu Dopl\u0148kov\u00e9 parametry Kategorie: Z\u00e1ruka: 24 Hmotnost: 19 kg EAN: 8590913967443 Balen\u00ed: 1 ks Barva: B\u00edl\u00e1 Dostupnost: Skladem Hloubka: 420 mm Instalace: N\u00e1st\u011bnn\u00e1-\u0161rouby;K postaven\u00ed Materi\u00e1l: Keramika Otvor pro baterii: 1 otvor P\u0159epad: Ano Rozm\u011br: 52x16x42 cm \u0160\u00ed\u0159ka: 520 mm Tvar: Obd\u00e9ln\u00edk Typ umyvadla: Klasick\u00e9 umyvadlo V\u00fd\u0161ka: 160 mm Z\u00e1ruka: 2 roky\" \/>\n<meta property=\"og:url\" content=\"https:\/\/www.domkraftpro.com\/index.php\/produkt\/neasa-keramicke-umyvadlo-52x42cm-bila-ihned-k-objednani-17166\/\" \/>\n<meta property=\"og:image\" content=\"https:\/\/www.domkraftpro.com\/wp-content\/uploads\/2026\/SK0007147-CZ20260425-092556-0-1777080363-647193_neasa-keramicke-umyvadlo-52x42cm--bila.webp\" \/>\n\t<meta property=\"og:image:width\" content=\"1000\" \/>\n\t<meta property=\"og:image:height\" content=\"750\" \/>\n\t<meta property=\"og:image:type\" content=\"image\/webp\" \/>\n<meta name=\"twitter:card\" content=\"summary_large_image\" \/>\n<script type=\"application\/ld+json\" class=\"yoast-schema-graph\">{\"@context\":\"https:\/\/schema.org\",\"@graph\":[{\"@type\":\"WebPage\",\"@id\":\"https:\/\/www.domkraftpro.com\/index.php\/produkt\/neasa-keramicke-umyvadlo-52x42cm-bila-ihned-k-objednani-17166\/\",\"url\":\"https:\/\/www.domkraftpro.com\/index.php\/produkt\/neasa-keramicke-umyvadlo-52x42cm-bila-ihned-k-objednani-17166\/\",\"name\":\"NEASA keramick\u00e9 umyvadlo 52x42cm, b\u00edl\u00e1 Ihned K Objedn\u00e1n\u00ed -\",\"isPartOf\":{\"@id\":\"https:\/\/www.domkraftpro.com\/#website\"},\"primaryImageOfPage\":{\"@id\":\"https:\/\/www.domkraftpro.com\/index.php\/produkt\/neasa-keramicke-umyvadlo-52x42cm-bila-ihned-k-objednani-17166\/#primaryimage\"},\"image\":{\"@id\":\"https:\/\/www.domkraftpro.com\/index.php\/produkt\/neasa-keramicke-umyvadlo-52x42cm-bila-ihned-k-objednani-17166\/#primaryimage\"},\"thumbnailUrl\":\"https:\/\/www.domkraftpro.com\/wp-content\/uploads\/2026\/SK0007147-CZ20260425-092556-0-1777080363-647193_neasa-keramicke-umyvadlo-52x42cm--bila.webp\",\"datePublished\":\"2026-04-27T04:41:05+00:00\",\"breadcrumb\":{\"@id\":\"https:\/\/www.domkraftpro.com\/index.php\/produkt\/neasa-keramicke-umyvadlo-52x42cm-bila-ihned-k-objednani-17166\/#breadcrumb\"},\"inLanguage\":\"cs\",\"potentialAction\":[{\"@type\":\"ReadAction\",\"target\":[\"https:\/\/www.domkraftpro.com\/index.php\/produkt\/neasa-keramicke-umyvadlo-52x42cm-bila-ihned-k-objednani-17166\/\"]}]},{\"@type\":\"ImageObject\",\"inLanguage\":\"cs\",\"@id\":\"https:\/\/www.domkraftpro.com\/index.php\/produkt\/neasa-keramicke-umyvadlo-52x42cm-bila-ihned-k-objednani-17166\/#primaryimage\",\"url\":\"https:\/\/www.domkraftpro.com\/wp-content\/uploads\/2026\/SK0007147-CZ20260425-092556-0-1777080363-647193_neasa-keramicke-umyvadlo-52x42cm--bila.webp\",\"contentUrl\":\"https:\/\/www.domkraftpro.com\/wp-content\/uploads\/2026\/SK0007147-CZ20260425-092556-0-1777080363-647193_neasa-keramicke-umyvadlo-52x42cm--bila.webp\",\"width\":1000,\"height\":750},{\"@type\":\"BreadcrumbList\",\"@id\":\"https:\/\/www.domkraftpro.com\/index.php\/produkt\/neasa-keramicke-umyvadlo-52x42cm-bila-ihned-k-objednani-17166\/#breadcrumb\",\"itemListElement\":[{\"@type\":\"ListItem\",\"position\":1,\"name\":\"Home\",\"item\":\"https:\/\/www.domkraftpro.com\/\"},{\"@type\":\"ListItem\",\"position\":2,\"name\":\"Products\",\"item\":\"https:\/\/www.domkraftpro.com\/index.php\/products\/\"},{\"@type\":\"ListItem\",\"position\":3,\"name\":\"NEASA keramick\u00e9 umyvadlo 52x42cm, b\u00edl\u00e1 Ihned K Objedn\u00e1n\u00ed\"}]},{\"@type\":\"WebSite\",\"@id\":\"https:\/\/www.domkraftpro.com\/#website\",\"url\":\"https:\/\/www.domkraftpro.com\/\",\"name\":\"\",\"description\":\"\",\"potentialAction\":[{\"@type\":\"SearchAction\",\"target\":{\"@type\":\"EntryPoint\",\"urlTemplate\":\"https:\/\/www.domkraftpro.com\/?s={search_term_string}\"},\"query-input\":{\"@type\":\"PropertyValueSpecification\",\"valueRequired\":true,\"valueName\":\"search_term_string\"}}],\"inLanguage\":\"cs\"}]}<\/script>\n<!-- \/ Yoast SEO plugin. -->","yoast_head_json":{"title":"NEASA keramick\u00e9 umyvadlo 52x42cm, b\u00edl\u00e1 Ihned K Objedn\u00e1n\u00ed -","robots":{"index":"index","follow":"follow","max-snippet":"max-snippet:-1","max-image-preview":"max-image-preview:large","max-video-preview":"max-video-preview:-1"},"canonical":"https:\/\/www.domkraftpro.com\/index.php\/produkt\/neasa-keramicke-umyvadlo-52x42cm-bila-ihned-k-objednani-17166\/","og_locale":"cs_CZ","og_type":"article","og_title":"NEASA keramick\u00e9 umyvadlo 52x42cm, b\u00edl\u00e1 Ihned K Objedn\u00e1n\u00ed -","og_description":"Detailn\u00ed popis produktu Dopl\u0148kov\u00e9 parametry Kategorie: Z\u00e1ruka: 24 Hmotnost: 19 kg EAN: 8590913967443 Balen\u00ed: 1 ks Barva: B\u00edl\u00e1 Dostupnost: Skladem Hloubka: 420 mm Instalace: N\u00e1st\u011bnn\u00e1-\u0161rouby;K postaven\u00ed Materi\u00e1l: Keramika Otvor pro baterii: 1 otvor P\u0159epad: Ano Rozm\u011br: 52x16x42 cm \u0160\u00ed\u0159ka: 520 mm Tvar: Obd\u00e9ln\u00edk Typ umyvadla: Klasick\u00e9 umyvadlo V\u00fd\u0161ka: 160 mm Z\u00e1ruka: 2 roky","og_url":"https:\/\/www.domkraftpro.com\/index.php\/produkt\/neasa-keramicke-umyvadlo-52x42cm-bila-ihned-k-objednani-17166\/","og_image":[{"width":1000,"height":750,"url":"https:\/\/www.domkraftpro.com\/wp-content\/uploads\/2026\/SK0007147-CZ20260425-092556-0-1777080363-647193_neasa-keramicke-umyvadlo-52x42cm--bila.webp","type":"image\/webp"}],"twitter_card":"summary_large_image","schema":{"@context":"https:\/\/schema.org","@graph":[{"@type":"WebPage","@id":"https:\/\/www.domkraftpro.com\/index.php\/produkt\/neasa-keramicke-umyvadlo-52x42cm-bila-ihned-k-objednani-17166\/","url":"https:\/\/www.domkraftpro.com\/index.php\/produkt\/neasa-keramicke-umyvadlo-52x42cm-bila-ihned-k-objednani-17166\/","name":"NEASA keramick\u00e9 umyvadlo 52x42cm, b\u00edl\u00e1 Ihned K Objedn\u00e1n\u00ed -","isPartOf":{"@id":"https:\/\/www.domkraftpro.com\/#website"},"primaryImageOfPage":{"@id":"https:\/\/www.domkraftpro.com\/index.php\/produkt\/neasa-keramicke-umyvadlo-52x42cm-bila-ihned-k-objednani-17166\/#primaryimage"},"image":{"@id":"https:\/\/www.domkraftpro.com\/index.php\/produkt\/neasa-keramicke-umyvadlo-52x42cm-bila-ihned-k-objednani-17166\/#primaryimage"},"thumbnailUrl":"https:\/\/www.domkraftpro.com\/wp-content\/uploads\/2026\/SK0007147-CZ20260425-092556-0-1777080363-647193_neasa-keramicke-umyvadlo-52x42cm--bila.webp","datePublished":"2026-04-27T04:41:05+00:00","breadcrumb":{"@id":"https:\/\/www.domkraftpro.com\/index.php\/produkt\/neasa-keramicke-umyvadlo-52x42cm-bila-ihned-k-objednani-17166\/#breadcrumb"},"inLanguage":"cs","potentialAction":[{"@type":"ReadAction","target":["https:\/\/www.domkraftpro.com\/index.php\/produkt\/neasa-keramicke-umyvadlo-52x42cm-bila-ihned-k-objednani-17166\/"]}]},{"@type":"ImageObject","inLanguage":"cs","@id":"https:\/\/www.domkraftpro.com\/index.php\/produkt\/neasa-keramicke-umyvadlo-52x42cm-bila-ihned-k-objednani-17166\/#primaryimage","url":"https:\/\/www.domkraftpro.com\/wp-content\/uploads\/2026\/SK0007147-CZ20260425-092556-0-1777080363-647193_neasa-keramicke-umyvadlo-52x42cm--bila.webp","contentUrl":"https:\/\/www.domkraftpro.com\/wp-content\/uploads\/2026\/SK0007147-CZ20260425-092556-0-1777080363-647193_neasa-keramicke-umyvadlo-52x42cm--bila.webp","width":1000,"height":750},{"@type":"BreadcrumbList","@id":"https:\/\/www.domkraftpro.com\/index.php\/produkt\/neasa-keramicke-umyvadlo-52x42cm-bila-ihned-k-objednani-17166\/#breadcrumb","itemListElement":[{"@type":"ListItem","position":1,"name":"Home","item":"https:\/\/www.domkraftpro.com\/"},{"@type":"ListItem","position":2,"name":"Products","item":"https:\/\/www.domkraftpro.com\/index.php\/products\/"},{"@type":"ListItem","position":3,"name":"NEASA keramick\u00e9 umyvadlo 52x42cm, b\u00edl\u00e1 Ihned K Objedn\u00e1n\u00ed"}]},{"@type":"WebSite","@id":"https:\/\/www.domkraftpro.com\/#website","url":"https:\/\/www.domkraftpro.com\/","name":"","description":"","potentialAction":[{"@type":"SearchAction","target":{"@type":"EntryPoint","urlTemplate":"https:\/\/www.domkraftpro.com\/?s={search_term_string}"},"query-input":{"@type":"PropertyValueSpecification","valueRequired":true,"valueName":"search_term_string"}}],"inLanguage":"cs"}]}},"_links":{"self":[{"href":"https:\/\/www.domkraftpro.com\/index.php\/wp-json\/wp\/v2\/product\/17166","targetHints":{"allow":["GET"]}}],"collection":[{"href":"https:\/\/www.domkraftpro.com\/index.php\/wp-json\/wp\/v2\/product"}],"about":[{"href":"https:\/\/www.domkraftpro.com\/index.php\/wp-json\/wp\/v2\/types\/product"}],"replies":[{"embeddable":true,"href":"https:\/\/www.domkraftpro.com\/index.php\/wp-json\/wp\/v2\/comments?post=17166"}],"wp:featuredmedia":[{"embeddable":true,"href":"https:\/\/www.domkraftpro.com\/index.php\/wp-json\/wp\/v2\/media\/17266"}],"wp:attachment":[{"href":"https:\/\/www.domkraftpro.com\/index.php\/wp-json\/wp\/v2\/media?parent=17166"}],"wp:term":[{"taxonomy":"product_brand","embeddable":true,"href":"https:\/\/www.domkraftpro.com\/index.php\/wp-json\/wp\/v2\/product_brand?post=17166"},{"taxonomy":"product_cat","embeddable":true,"href":"https:\/\/www.domkraftpro.com\/index.php\/wp-json\/wp\/v2\/product_cat?post=17166"},{"taxonomy":"product_tag","embeddable":true,"href":"https:\/\/www.domkraftpro.com\/index.php\/wp-json\/wp\/v2\/product_tag?post=17166"}],"curies":[{"name":"wp","href":"https:\/\/api.w.org\/{rel}","templated":true}]}}