{"id":17155,"date":"2026-04-27T04:41:05","date_gmt":"2026-04-27T04:41:05","guid":{"rendered":""},"modified":"2026-04-27T04:41:05","modified_gmt":"2026-04-27T04:41:05","slug":"skin-zasobnik-na-papirove-rucniky-32x41x14cm-abs-cerna-mat-bezpecna-platba-17155","status":"publish","type":"product","link":"https:\/\/www.domkraftpro.com\/index.php\/produkt\/skin-zasobnik-na-papirove-rucniky-32x41x14cm-abs-cerna-mat-bezpecna-platba-17155\/","title":{"rendered":"SKIN z\u00e1sobn\u00edk na pap\u00edrov\u00e9 ru\u010dn\u00edky, 32x41x14cm, ABS, \u010dern\u00e1 mat Bezpe\u010dn\u00e1 Platba"},"content":{"rendered":"<div class=\"basic-description\">\n<h3>Detailn\u00ed popis produktu<\/h3>\n<li>Ok\u00e9nko pro kontrolu mno\u017estv\u00ed pap\u00edrov\u00fdch ru\u010dn\u00edk\u016f<\/li>\n<p style=\"text-align: justify;\">Kolekce SKIN pro ve\u0159ejn\u00e9 prostory zahrnuje kompletn\u00ed v\u00fdb\u011br&nbsp;koupelnov\u00fdch dopl\u0148k\u016f, kter\u00e9 se vyzna\u010duj\u00ed modern\u00edm designem. Dopl\u0148ky v barevn\u00e9m proveden\u00ed \u010dern\u00e1 a p\u00edskov\u00e1 jsou vyrobeny z recyklovan\u00e9ho plastu.<\/p>\n<\/p><\/div>\n<div class=\"extended-description\">\n<h3>Dopl\u0148kov\u00e9 parametry<\/h3>\n<table class=\"detail-parameters\">\n<tbody>\n<tr>\n<th>        <span class=\"row-header-label\">            Kategorie<span class=\"row-header-label-colon\">:<\/span>        <\/span>    <\/th>\n<td>            <\/td>\n<\/tr>\n<tr>\n<th>            <span class=\"row-header-label\">                Z\u00e1ruka<span class=\"row-header-label-colon\">:<\/span>            <\/span>        <\/th>\n<td>            24        <\/td>\n<\/tr>\n<tr>\n<th>            <span class=\"row-header-label\">                Hmotnost<span class=\"row-header-label-colon\">:<\/span>            <\/span>        <\/th>\n<td>            1.517 kg        <\/td>\n<\/tr>\n<tr class=\"productEan\">\n<th>          <span class=\"row-header-label productEan__label\">              EAN<span class=\"row-header-label-colon\">:<\/span>          <\/span>      <\/th>\n<td>          <span class=\"productEan__value\">8020090111655<\/span>      <\/td>\n<\/tr>\n<tr>\n<th>                <span class=\"row-header-label\">                                            Balen\u00ed<span class=\"row-header-label-colon\">:<\/span>                                    <\/span>            <\/th>\n<td>                                                            1 ks                                                <\/td>\n<\/tr>\n<tr>\n<th>                <span class=\"row-header-label\">                                            Barva<span class=\"row-header-label-colon\">:<\/span>                                    <\/span>            <\/th>\n<td>                                                            \u010cern\u00e1                                                <\/td>\n<\/tr>\n<tr>\n<th>                <span class=\"row-header-label\">                                            Dostupnost<span class=\"row-header-label-colon\">:<\/span>                                    <\/span>            <\/th>\n<td>                                                            Skladem                                                <\/td>\n<\/tr>\n<tr>\n<th>                <span class=\"row-header-label\">                                            Hloubka<span class=\"row-header-label-colon\">:<\/span>                                    <\/span>            <\/th>\n<td>                                                            141 mm                                                <\/td>\n<\/tr>\n<tr>\n<th>                <span class=\"row-header-label\">                                            Instalace<span class=\"row-header-label-colon\">:<\/span>                                    <\/span>            <\/th>\n<td>                                                            Vrt\u00e1n\u00ed                                                <\/td>\n<\/tr>\n<tr>\n<th>                <span class=\"row-header-label\">                                            Materi\u00e1l<span class=\"row-header-label-colon\">:<\/span>                                    <\/span>            <\/th>\n<td>                                                            Plast                                                <\/td>\n<\/tr>\n<tr>\n<th>                <span class=\"row-header-label\">                                            Rozm\u011br<span class=\"row-header-label-colon\">:<\/span>                                    <\/span>            <\/th>\n<td>                                                            320x410x141 mm                                                <\/td>\n<\/tr>\n<tr>\n<th>                <span class=\"row-header-label\">                                            \u0160\u00ed\u0159ka<span class=\"row-header-label-colon\">:<\/span>                                    <\/span>            <\/th>\n<td>                                                            320 mm                                                <\/td>\n<\/tr>\n<tr>\n<th>                <span class=\"row-header-label\">                                            Tvar<span class=\"row-header-label-colon\">:<\/span>                                    <\/span>            <\/th>\n<td>                                                            Hranat\u00e9                                                <\/td>\n<\/tr>\n<tr>\n<th>                <span class=\"row-header-label\">                                            V\u00fd\u0161ka<span class=\"row-header-label-colon\">:<\/span>                                    <\/span>            <\/th>\n<td>                                                            410 mm                                                <\/td>\n<\/tr>\n<tr>\n<th>                <span class=\"row-header-label\">                                            Z\u00e1ruka<span class=\"row-header-label-colon\">:<\/span>                                    <\/span>            <\/th>\n<td>                                                            2 roky                                                <\/td>\n<\/tr>\n<\/tbody>\n<\/table><\/div>\n<\/p><\/div>\n<\/p><\/div>\n","protected":false},"excerpt":{"rendered":"<p>Detailn\u00ed popis produktu Ok\u00e9nko pro kontrolu mno\u017estv\u00ed pap\u00edrov\u00fdch ru\u010dn\u00edk\u016f Kolekce SKIN pro ve\u0159ejn\u00e9 prostory zahrnuje kompletn\u00ed v\u00fdb\u011br&nbsp;koupelnov\u00fdch dopl\u0148k\u016f, kter\u00e9 se vyzna\u010duj\u00ed modern\u00edm designem. Dopl\u0148ky v barevn\u00e9m proveden\u00ed \u010dern\u00e1 a p\u00edskov\u00e1 jsou vyrobeny z recyklovan\u00e9ho plastu. Dopl\u0148kov\u00e9 parametry Kategorie: Z\u00e1ruka: 24 Hmotnost: 1.517 kg EAN: 8020090111655 Balen\u00ed: 1 ks Barva: \u010cern\u00e1 Dostupnost: Skladem Hloubka: 141 mm [&hellip;]<\/p>\n","protected":false},"featured_media":17255,"comment_status":"open","ping_status":"open","template":"","meta":[],"product_brand":[],"product_cat":[73],"product_tag":[],"class_list":{"0":"post-17155","1":"product","2":"type-product","3":"status-publish","4":"has-post-thumbnail","6":"product_cat-koupelnove-doplnky","8":"first","9":"instock","10":"sale","11":"shipping-taxable","12":"purchasable","13":"product-type-simple"},"yoast_head":"<!-- This site is optimized with the Yoast SEO plugin v26.8 - https:\/\/yoast.com\/product\/yoast-seo-wordpress\/ -->\n<title>SKIN z\u00e1sobn\u00edk na pap\u00edrov\u00e9 ru\u010dn\u00edky, 32x41x14cm, ABS, \u010dern\u00e1 mat Bezpe\u010dn\u00e1 Platba -<\/title>\n<meta name=\"robots\" content=\"index, follow, max-snippet:-1, max-image-preview:large, max-video-preview:-1\" \/>\n<link rel=\"canonical\" href=\"https:\/\/www.domkraftpro.com\/index.php\/produkt\/skin-zasobnik-na-papirove-rucniky-32x41x14cm-abs-cerna-mat-bezpecna-platba-17155\/\" \/>\n<meta property=\"og:locale\" content=\"cs_CZ\" \/>\n<meta property=\"og:type\" content=\"article\" \/>\n<meta property=\"og:title\" content=\"SKIN z\u00e1sobn\u00edk na pap\u00edrov\u00e9 ru\u010dn\u00edky, 32x41x14cm, ABS, \u010dern\u00e1 mat Bezpe\u010dn\u00e1 Platba -\" \/>\n<meta property=\"og:description\" content=\"Detailn\u00ed popis produktu Ok\u00e9nko pro kontrolu mno\u017estv\u00ed pap\u00edrov\u00fdch ru\u010dn\u00edk\u016f Kolekce SKIN pro ve\u0159ejn\u00e9 prostory zahrnuje kompletn\u00ed v\u00fdb\u011br&nbsp;koupelnov\u00fdch dopl\u0148k\u016f, kter\u00e9 se vyzna\u010duj\u00ed modern\u00edm designem. Dopl\u0148ky v barevn\u00e9m proveden\u00ed \u010dern\u00e1 a p\u00edskov\u00e1 jsou vyrobeny z recyklovan\u00e9ho plastu. Dopl\u0148kov\u00e9 parametry Kategorie: Z\u00e1ruka: 24 Hmotnost: 1.517 kg EAN: 8020090111655 Balen\u00ed: 1 ks Barva: \u010cern\u00e1 Dostupnost: Skladem Hloubka: 141 mm [&hellip;]\" \/>\n<meta property=\"og:url\" content=\"https:\/\/www.domkraftpro.com\/index.php\/produkt\/skin-zasobnik-na-papirove-rucniky-32x41x14cm-abs-cerna-mat-bezpecna-platba-17155\/\" \/>\n<meta property=\"og:image\" content=\"https:\/\/www.domkraftpro.com\/wp-content\/uploads\/2026\/SK0007136-CZ20260425-092556-0-1777080363-647151-2_a90323bm-225026221540521.webp\" \/>\n\t<meta property=\"og:image:width\" content=\"1000\" \/>\n\t<meta property=\"og:image:height\" content=\"750\" \/>\n\t<meta property=\"og:image:type\" content=\"image\/webp\" \/>\n<meta name=\"twitter:card\" content=\"summary_large_image\" \/>\n<script type=\"application\/ld+json\" class=\"yoast-schema-graph\">{\"@context\":\"https:\/\/schema.org\",\"@graph\":[{\"@type\":\"WebPage\",\"@id\":\"https:\/\/www.domkraftpro.com\/index.php\/produkt\/skin-zasobnik-na-papirove-rucniky-32x41x14cm-abs-cerna-mat-bezpecna-platba-17155\/\",\"url\":\"https:\/\/www.domkraftpro.com\/index.php\/produkt\/skin-zasobnik-na-papirove-rucniky-32x41x14cm-abs-cerna-mat-bezpecna-platba-17155\/\",\"name\":\"SKIN z\u00e1sobn\u00edk na pap\u00edrov\u00e9 ru\u010dn\u00edky, 32x41x14cm, ABS, \u010dern\u00e1 mat Bezpe\u010dn\u00e1 Platba -\",\"isPartOf\":{\"@id\":\"https:\/\/www.domkraftpro.com\/#website\"},\"primaryImageOfPage\":{\"@id\":\"https:\/\/www.domkraftpro.com\/index.php\/produkt\/skin-zasobnik-na-papirove-rucniky-32x41x14cm-abs-cerna-mat-bezpecna-platba-17155\/#primaryimage\"},\"image\":{\"@id\":\"https:\/\/www.domkraftpro.com\/index.php\/produkt\/skin-zasobnik-na-papirove-rucniky-32x41x14cm-abs-cerna-mat-bezpecna-platba-17155\/#primaryimage\"},\"thumbnailUrl\":\"https:\/\/www.domkraftpro.com\/wp-content\/uploads\/2026\/SK0007136-CZ20260425-092556-0-1777080363-647151-2_a90323bm-225026221540521.webp\",\"datePublished\":\"2026-04-27T04:41:05+00:00\",\"breadcrumb\":{\"@id\":\"https:\/\/www.domkraftpro.com\/index.php\/produkt\/skin-zasobnik-na-papirove-rucniky-32x41x14cm-abs-cerna-mat-bezpecna-platba-17155\/#breadcrumb\"},\"inLanguage\":\"cs\",\"potentialAction\":[{\"@type\":\"ReadAction\",\"target\":[\"https:\/\/www.domkraftpro.com\/index.php\/produkt\/skin-zasobnik-na-papirove-rucniky-32x41x14cm-abs-cerna-mat-bezpecna-platba-17155\/\"]}]},{\"@type\":\"ImageObject\",\"inLanguage\":\"cs\",\"@id\":\"https:\/\/www.domkraftpro.com\/index.php\/produkt\/skin-zasobnik-na-papirove-rucniky-32x41x14cm-abs-cerna-mat-bezpecna-platba-17155\/#primaryimage\",\"url\":\"https:\/\/www.domkraftpro.com\/wp-content\/uploads\/2026\/SK0007136-CZ20260425-092556-0-1777080363-647151-2_a90323bm-225026221540521.webp\",\"contentUrl\":\"https:\/\/www.domkraftpro.com\/wp-content\/uploads\/2026\/SK0007136-CZ20260425-092556-0-1777080363-647151-2_a90323bm-225026221540521.webp\",\"width\":1000,\"height\":750},{\"@type\":\"BreadcrumbList\",\"@id\":\"https:\/\/www.domkraftpro.com\/index.php\/produkt\/skin-zasobnik-na-papirove-rucniky-32x41x14cm-abs-cerna-mat-bezpecna-platba-17155\/#breadcrumb\",\"itemListElement\":[{\"@type\":\"ListItem\",\"position\":1,\"name\":\"Home\",\"item\":\"https:\/\/www.domkraftpro.com\/\"},{\"@type\":\"ListItem\",\"position\":2,\"name\":\"Products\",\"item\":\"https:\/\/www.domkraftpro.com\/index.php\/products\/\"},{\"@type\":\"ListItem\",\"position\":3,\"name\":\"SKIN z\u00e1sobn\u00edk na pap\u00edrov\u00e9 ru\u010dn\u00edky, 32x41x14cm, ABS, \u010dern\u00e1 mat Bezpe\u010dn\u00e1 Platba\"}]},{\"@type\":\"WebSite\",\"@id\":\"https:\/\/www.domkraftpro.com\/#website\",\"url\":\"https:\/\/www.domkraftpro.com\/\",\"name\":\"\",\"description\":\"\",\"potentialAction\":[{\"@type\":\"SearchAction\",\"target\":{\"@type\":\"EntryPoint\",\"urlTemplate\":\"https:\/\/www.domkraftpro.com\/?s={search_term_string}\"},\"query-input\":{\"@type\":\"PropertyValueSpecification\",\"valueRequired\":true,\"valueName\":\"search_term_string\"}}],\"inLanguage\":\"cs\"}]}<\/script>\n<!-- \/ Yoast SEO plugin. -->","yoast_head_json":{"title":"SKIN z\u00e1sobn\u00edk na pap\u00edrov\u00e9 ru\u010dn\u00edky, 32x41x14cm, ABS, \u010dern\u00e1 mat Bezpe\u010dn\u00e1 Platba -","robots":{"index":"index","follow":"follow","max-snippet":"max-snippet:-1","max-image-preview":"max-image-preview:large","max-video-preview":"max-video-preview:-1"},"canonical":"https:\/\/www.domkraftpro.com\/index.php\/produkt\/skin-zasobnik-na-papirove-rucniky-32x41x14cm-abs-cerna-mat-bezpecna-platba-17155\/","og_locale":"cs_CZ","og_type":"article","og_title":"SKIN z\u00e1sobn\u00edk na pap\u00edrov\u00e9 ru\u010dn\u00edky, 32x41x14cm, ABS, \u010dern\u00e1 mat Bezpe\u010dn\u00e1 Platba -","og_description":"Detailn\u00ed popis produktu Ok\u00e9nko pro kontrolu mno\u017estv\u00ed pap\u00edrov\u00fdch ru\u010dn\u00edk\u016f Kolekce SKIN pro ve\u0159ejn\u00e9 prostory zahrnuje kompletn\u00ed v\u00fdb\u011br&nbsp;koupelnov\u00fdch dopl\u0148k\u016f, kter\u00e9 se vyzna\u010duj\u00ed modern\u00edm designem. Dopl\u0148ky v barevn\u00e9m proveden\u00ed \u010dern\u00e1 a p\u00edskov\u00e1 jsou vyrobeny z recyklovan\u00e9ho plastu. Dopl\u0148kov\u00e9 parametry Kategorie: Z\u00e1ruka: 24 Hmotnost: 1.517 kg EAN: 8020090111655 Balen\u00ed: 1 ks Barva: \u010cern\u00e1 Dostupnost: Skladem Hloubka: 141 mm [&hellip;]","og_url":"https:\/\/www.domkraftpro.com\/index.php\/produkt\/skin-zasobnik-na-papirove-rucniky-32x41x14cm-abs-cerna-mat-bezpecna-platba-17155\/","og_image":[{"width":1000,"height":750,"url":"https:\/\/www.domkraftpro.com\/wp-content\/uploads\/2026\/SK0007136-CZ20260425-092556-0-1777080363-647151-2_a90323bm-225026221540521.webp","type":"image\/webp"}],"twitter_card":"summary_large_image","schema":{"@context":"https:\/\/schema.org","@graph":[{"@type":"WebPage","@id":"https:\/\/www.domkraftpro.com\/index.php\/produkt\/skin-zasobnik-na-papirove-rucniky-32x41x14cm-abs-cerna-mat-bezpecna-platba-17155\/","url":"https:\/\/www.domkraftpro.com\/index.php\/produkt\/skin-zasobnik-na-papirove-rucniky-32x41x14cm-abs-cerna-mat-bezpecna-platba-17155\/","name":"SKIN z\u00e1sobn\u00edk na pap\u00edrov\u00e9 ru\u010dn\u00edky, 32x41x14cm, ABS, \u010dern\u00e1 mat Bezpe\u010dn\u00e1 Platba -","isPartOf":{"@id":"https:\/\/www.domkraftpro.com\/#website"},"primaryImageOfPage":{"@id":"https:\/\/www.domkraftpro.com\/index.php\/produkt\/skin-zasobnik-na-papirove-rucniky-32x41x14cm-abs-cerna-mat-bezpecna-platba-17155\/#primaryimage"},"image":{"@id":"https:\/\/www.domkraftpro.com\/index.php\/produkt\/skin-zasobnik-na-papirove-rucniky-32x41x14cm-abs-cerna-mat-bezpecna-platba-17155\/#primaryimage"},"thumbnailUrl":"https:\/\/www.domkraftpro.com\/wp-content\/uploads\/2026\/SK0007136-CZ20260425-092556-0-1777080363-647151-2_a90323bm-225026221540521.webp","datePublished":"2026-04-27T04:41:05+00:00","breadcrumb":{"@id":"https:\/\/www.domkraftpro.com\/index.php\/produkt\/skin-zasobnik-na-papirove-rucniky-32x41x14cm-abs-cerna-mat-bezpecna-platba-17155\/#breadcrumb"},"inLanguage":"cs","potentialAction":[{"@type":"ReadAction","target":["https:\/\/www.domkraftpro.com\/index.php\/produkt\/skin-zasobnik-na-papirove-rucniky-32x41x14cm-abs-cerna-mat-bezpecna-platba-17155\/"]}]},{"@type":"ImageObject","inLanguage":"cs","@id":"https:\/\/www.domkraftpro.com\/index.php\/produkt\/skin-zasobnik-na-papirove-rucniky-32x41x14cm-abs-cerna-mat-bezpecna-platba-17155\/#primaryimage","url":"https:\/\/www.domkraftpro.com\/wp-content\/uploads\/2026\/SK0007136-CZ20260425-092556-0-1777080363-647151-2_a90323bm-225026221540521.webp","contentUrl":"https:\/\/www.domkraftpro.com\/wp-content\/uploads\/2026\/SK0007136-CZ20260425-092556-0-1777080363-647151-2_a90323bm-225026221540521.webp","width":1000,"height":750},{"@type":"BreadcrumbList","@id":"https:\/\/www.domkraftpro.com\/index.php\/produkt\/skin-zasobnik-na-papirove-rucniky-32x41x14cm-abs-cerna-mat-bezpecna-platba-17155\/#breadcrumb","itemListElement":[{"@type":"ListItem","position":1,"name":"Home","item":"https:\/\/www.domkraftpro.com\/"},{"@type":"ListItem","position":2,"name":"Products","item":"https:\/\/www.domkraftpro.com\/index.php\/products\/"},{"@type":"ListItem","position":3,"name":"SKIN z\u00e1sobn\u00edk na pap\u00edrov\u00e9 ru\u010dn\u00edky, 32x41x14cm, ABS, \u010dern\u00e1 mat Bezpe\u010dn\u00e1 Platba"}]},{"@type":"WebSite","@id":"https:\/\/www.domkraftpro.com\/#website","url":"https:\/\/www.domkraftpro.com\/","name":"","description":"","potentialAction":[{"@type":"SearchAction","target":{"@type":"EntryPoint","urlTemplate":"https:\/\/www.domkraftpro.com\/?s={search_term_string}"},"query-input":{"@type":"PropertyValueSpecification","valueRequired":true,"valueName":"search_term_string"}}],"inLanguage":"cs"}]}},"_links":{"self":[{"href":"https:\/\/www.domkraftpro.com\/index.php\/wp-json\/wp\/v2\/product\/17155","targetHints":{"allow":["GET"]}}],"collection":[{"href":"https:\/\/www.domkraftpro.com\/index.php\/wp-json\/wp\/v2\/product"}],"about":[{"href":"https:\/\/www.domkraftpro.com\/index.php\/wp-json\/wp\/v2\/types\/product"}],"replies":[{"embeddable":true,"href":"https:\/\/www.domkraftpro.com\/index.php\/wp-json\/wp\/v2\/comments?post=17155"}],"wp:featuredmedia":[{"embeddable":true,"href":"https:\/\/www.domkraftpro.com\/index.php\/wp-json\/wp\/v2\/media\/17255"}],"wp:attachment":[{"href":"https:\/\/www.domkraftpro.com\/index.php\/wp-json\/wp\/v2\/media?parent=17155"}],"wp:term":[{"taxonomy":"product_brand","embeddable":true,"href":"https:\/\/www.domkraftpro.com\/index.php\/wp-json\/wp\/v2\/product_brand?post=17155"},{"taxonomy":"product_cat","embeddable":true,"href":"https:\/\/www.domkraftpro.com\/index.php\/wp-json\/wp\/v2\/product_cat?post=17155"},{"taxonomy":"product_tag","embeddable":true,"href":"https:\/\/www.domkraftpro.com\/index.php\/wp-json\/wp\/v2\/product_tag?post=17155"}],"curies":[{"name":"wp","href":"https:\/\/api.w.org\/{rel}","templated":true}]}}