{"id":17147,"date":"2026-04-27T04:41:05","date_gmt":"2026-04-27T04:41:05","guid":{"rendered":""},"modified":"2026-04-27T04:41:05","modified_gmt":"2026-04-27T04:41:05","slug":"akcni-nabidka-skin-davkovac-tekuteho-mydla-500ml-abs-bila-koupelny-sanita-cz-17147","status":"publish","type":"product","link":"https:\/\/www.domkraftpro.com\/index.php\/produkt\/akcni-nabidka-skin-davkovac-tekuteho-mydla-500ml-abs-bila-koupelny-sanita-cz-17147\/","title":{"rendered":"Ak\u010dn\u00ed Nab\u00eddka SKIN d\u00e1vkova\u010d tekut\u00e9ho m\u00fddla 500ml, ABS, b\u00edl\u00e1 &#8211; koupelny-sanita.cz"},"content":{"rendered":"<div class=\"basic-description\">\n<h3>Detailn\u00ed popis produktu<\/h3>\n<li>Ok\u00e9nko pro kontrolu objemu m\u00fddla <\/li>\n<p style=\"text-align: justify;\">Kolekce SKIN pro ve\u0159ejn\u00e9 prostory zahrnuje kompletn\u00ed v\u00fdb\u011br&nbsp;koupelnov\u00fdch dopl\u0148k\u016f, kter\u00e9 se vyzna\u010duj\u00ed modern\u00edm designem. Dopl\u0148ky v barevn\u00e9m proveden\u00ed \u010dern\u00e1 a p\u00edskov\u00e1 jsou vyrobeny z recyklovan\u00e9ho plastu.<\/p>\n<\/p><\/div>\n<div class=\"extended-description\">\n<h3>Dopl\u0148kov\u00e9 parametry<\/h3>\n<table class=\"detail-parameters\">\n<tbody>\n<tr>\n<th>        <span class=\"row-header-label\">            Kategorie<span class=\"row-header-label-colon\">:<\/span>        <\/span>    <\/th>\n<td>            <\/td>\n<\/tr>\n<tr>\n<th>            <span class=\"row-header-label\">                Z\u00e1ruka<span class=\"row-header-label-colon\">:<\/span>            <\/span>        <\/th>\n<td>            24        <\/td>\n<\/tr>\n<tr>\n<th>            <span class=\"row-header-label\">                Hmotnost<span class=\"row-header-label-colon\">:<\/span>            <\/span>        <\/th>\n<td>            0.481 kg        <\/td>\n<\/tr>\n<tr class=\"productEan\">\n<th>          <span class=\"row-header-label productEan__label\">              EAN<span class=\"row-header-label-colon\">:<\/span>          <\/span>      <\/th>\n<td>          <span class=\"productEan__value\">8020090097423<\/span>      <\/td>\n<\/tr>\n<tr>\n<th>                <span class=\"row-header-label\">                                            Balen\u00ed<span class=\"row-header-label-colon\">:<\/span>                                    <\/span>            <\/th>\n<td>                                                            1 ks                                                <\/td>\n<\/tr>\n<tr>\n<th>                <span class=\"row-header-label\">                                            Barva<span class=\"row-header-label-colon\">:<\/span>                                    <\/span>            <\/th>\n<td>                                                            B\u00edl\u00e1                                                <\/td>\n<\/tr>\n<tr>\n<th>                <span class=\"row-header-label\">                                            Dostupnost<span class=\"row-header-label-colon\">:<\/span>                                    <\/span>            <\/th>\n<td>                                                            Dod\u00e1n\u00ed do m\u011bs\u00edce                                                <\/td>\n<\/tr>\n<tr>\n<th>                <span class=\"row-header-label\">                                            Druh<span class=\"row-header-label-colon\">:<\/span>                                    <\/span>            <\/th>\n<td>                                                            D\u00e1vkova\u010d m\u00fddla                                                <\/td>\n<\/tr>\n<tr>\n<th>                <span class=\"row-header-label\">                                            Hloubka<span class=\"row-header-label-colon\">:<\/span>                                    <\/span>            <\/th>\n<td>                                                            114 mm                                                <\/td>\n<\/tr>\n<tr>\n<th>                <span class=\"row-header-label\">                                            Instalace<span class=\"row-header-label-colon\">:<\/span>                                    <\/span>            <\/th>\n<td>                                                            Vrt\u00e1n\u00ed                                                <\/td>\n<\/tr>\n<tr>\n<th>                <span class=\"row-header-label\">                                            Materi\u00e1l<span class=\"row-header-label-colon\">:<\/span>                                    <\/span>            <\/th>\n<td>                                                            Plast                                                <\/td>\n<\/tr>\n<tr>\n<th>                <span class=\"row-header-label\">                                            Objem d\u00e1vkova\u010de<span class=\"row-header-label-colon\">:<\/span>                                    <\/span>            <\/th>\n<td>                                                            500 ml                                                <\/td>\n<\/tr>\n<tr>\n<th>                <span class=\"row-header-label\">                                            Rozm\u011br<span class=\"row-header-label-colon\">:<\/span>                                    <\/span>            <\/th>\n<td>                                                            124x232x114 mm                                                <\/td>\n<\/tr>\n<tr>\n<th>                <span class=\"row-header-label\">                                            \u0160\u00ed\u0159ka<span class=\"row-header-label-colon\">:<\/span>                                    <\/span>            <\/th>\n<td>                                                            124 mm                                                <\/td>\n<\/tr>\n<tr>\n<th>                <span class=\"row-header-label\">                                            Tvar<span class=\"row-header-label-colon\">:<\/span>                                    <\/span>            <\/th>\n<td>                                                            Hranat\u00e9                                                <\/td>\n<\/tr>\n<tr>\n<th>                <span class=\"row-header-label\">                                            V\u00fd\u0161ka<span class=\"row-header-label-colon\">:<\/span>                                    <\/span>            <\/th>\n<td>                                                            232 mm                                                <\/td>\n<\/tr>\n<tr>\n<th>                <span class=\"row-header-label\">                                            Z\u00e1ruka<span class=\"row-header-label-colon\">:<\/span>                                    <\/span>            <\/th>\n<td>                                                            2 roky                                                <\/td>\n<\/tr>\n<\/tbody>\n<\/table><\/div>\n<\/p><\/div>\n<\/p><\/div>\n","protected":false},"excerpt":{"rendered":"<p>Detailn\u00ed popis produktu Ok\u00e9nko pro kontrolu objemu m\u00fddla Kolekce SKIN pro ve\u0159ejn\u00e9 prostory zahrnuje kompletn\u00ed v\u00fdb\u011br&nbsp;koupelnov\u00fdch dopl\u0148k\u016f, kter\u00e9 se vyzna\u010duj\u00ed modern\u00edm designem. Dopl\u0148ky v barevn\u00e9m proveden\u00ed \u010dern\u00e1 a p\u00edskov\u00e1 jsou vyrobeny z recyklovan\u00e9ho plastu. Dopl\u0148kov\u00e9 parametry Kategorie: Z\u00e1ruka: 24 Hmotnost: 0.481 kg EAN: 8020090097423 Balen\u00ed: 1 ks Barva: B\u00edl\u00e1 Dostupnost: Dod\u00e1n\u00ed do m\u011bs\u00edce Druh: D\u00e1vkova\u010d [&hellip;]<\/p>\n","protected":false},"featured_media":17247,"comment_status":"open","ping_status":"open","template":"","meta":[],"product_brand":[],"product_cat":[73],"product_tag":[],"class_list":{"0":"post-17147","1":"product","2":"type-product","3":"status-publish","4":"has-post-thumbnail","6":"product_cat-koupelnove-doplnky","8":"first","9":"instock","10":"sale","11":"shipping-taxable","12":"purchasable","13":"product-type-simple"},"yoast_head":"<!-- This site is optimized with the Yoast SEO plugin v26.8 - https:\/\/yoast.com\/product\/yoast-seo-wordpress\/ -->\n<title>Ak\u010dn\u00ed Nab\u00eddka SKIN d\u00e1vkova\u010d tekut\u00e9ho m\u00fddla 500ml, ABS, b\u00edl\u00e1 - koupelny-sanita.cz -<\/title>\n<meta name=\"robots\" content=\"index, follow, max-snippet:-1, max-image-preview:large, max-video-preview:-1\" \/>\n<link rel=\"canonical\" href=\"https:\/\/www.domkraftpro.com\/index.php\/produkt\/akcni-nabidka-skin-davkovac-tekuteho-mydla-500ml-abs-bila-koupelny-sanita-cz-17147\/\" \/>\n<meta property=\"og:locale\" content=\"cs_CZ\" \/>\n<meta property=\"og:type\" content=\"article\" \/>\n<meta property=\"og:title\" content=\"Ak\u010dn\u00ed Nab\u00eddka SKIN d\u00e1vkova\u010d tekut\u00e9ho m\u00fddla 500ml, ABS, b\u00edl\u00e1 - koupelny-sanita.cz -\" \/>\n<meta property=\"og:description\" content=\"Detailn\u00ed popis produktu Ok\u00e9nko pro kontrolu objemu m\u00fddla Kolekce SKIN pro ve\u0159ejn\u00e9 prostory zahrnuje kompletn\u00ed v\u00fdb\u011br&nbsp;koupelnov\u00fdch dopl\u0148k\u016f, kter\u00e9 se vyzna\u010duj\u00ed modern\u00edm designem. Dopl\u0148ky v barevn\u00e9m proveden\u00ed \u010dern\u00e1 a p\u00edskov\u00e1 jsou vyrobeny z recyklovan\u00e9ho plastu. Dopl\u0148kov\u00e9 parametry Kategorie: Z\u00e1ruka: 24 Hmotnost: 0.481 kg EAN: 8020090097423 Balen\u00ed: 1 ks Barva: B\u00edl\u00e1 Dostupnost: Dod\u00e1n\u00ed do m\u011bs\u00edce Druh: D\u00e1vkova\u010d [&hellip;]\" \/>\n<meta property=\"og:url\" content=\"https:\/\/www.domkraftpro.com\/index.php\/produkt\/akcni-nabidka-skin-davkovac-tekuteho-mydla-500ml-abs-bila-koupelny-sanita-cz-17147\/\" \/>\n<meta property=\"og:image\" content=\"https:\/\/www.domkraftpro.com\/wp-content\/uploads\/2026\/SK0007128-CZ20260425-092556-0-1777080363-647127-1_a91201-238336325199454.webp\" \/>\n\t<meta property=\"og:image:width\" content=\"1000\" \/>\n\t<meta property=\"og:image:height\" content=\"750\" \/>\n\t<meta property=\"og:image:type\" content=\"image\/webp\" \/>\n<meta name=\"twitter:card\" content=\"summary_large_image\" \/>\n<meta name=\"twitter:label1\" content=\"Odhadovan\u00e1 doba \u010dten\u00ed\" \/>\n\t<meta name=\"twitter:data1\" content=\"1 minuta\" \/>\n<script type=\"application\/ld+json\" class=\"yoast-schema-graph\">{\"@context\":\"https:\/\/schema.org\",\"@graph\":[{\"@type\":\"WebPage\",\"@id\":\"https:\/\/www.domkraftpro.com\/index.php\/produkt\/akcni-nabidka-skin-davkovac-tekuteho-mydla-500ml-abs-bila-koupelny-sanita-cz-17147\/\",\"url\":\"https:\/\/www.domkraftpro.com\/index.php\/produkt\/akcni-nabidka-skin-davkovac-tekuteho-mydla-500ml-abs-bila-koupelny-sanita-cz-17147\/\",\"name\":\"Ak\u010dn\u00ed Nab\u00eddka SKIN d\u00e1vkova\u010d tekut\u00e9ho m\u00fddla 500ml, ABS, b\u00edl\u00e1 - koupelny-sanita.cz -\",\"isPartOf\":{\"@id\":\"https:\/\/www.domkraftpro.com\/#website\"},\"primaryImageOfPage\":{\"@id\":\"https:\/\/www.domkraftpro.com\/index.php\/produkt\/akcni-nabidka-skin-davkovac-tekuteho-mydla-500ml-abs-bila-koupelny-sanita-cz-17147\/#primaryimage\"},\"image\":{\"@id\":\"https:\/\/www.domkraftpro.com\/index.php\/produkt\/akcni-nabidka-skin-davkovac-tekuteho-mydla-500ml-abs-bila-koupelny-sanita-cz-17147\/#primaryimage\"},\"thumbnailUrl\":\"https:\/\/www.domkraftpro.com\/wp-content\/uploads\/2026\/SK0007128-CZ20260425-092556-0-1777080363-647127-1_a91201-238336325199454.webp\",\"datePublished\":\"2026-04-27T04:41:05+00:00\",\"breadcrumb\":{\"@id\":\"https:\/\/www.domkraftpro.com\/index.php\/produkt\/akcni-nabidka-skin-davkovac-tekuteho-mydla-500ml-abs-bila-koupelny-sanita-cz-17147\/#breadcrumb\"},\"inLanguage\":\"cs\",\"potentialAction\":[{\"@type\":\"ReadAction\",\"target\":[\"https:\/\/www.domkraftpro.com\/index.php\/produkt\/akcni-nabidka-skin-davkovac-tekuteho-mydla-500ml-abs-bila-koupelny-sanita-cz-17147\/\"]}]},{\"@type\":\"ImageObject\",\"inLanguage\":\"cs\",\"@id\":\"https:\/\/www.domkraftpro.com\/index.php\/produkt\/akcni-nabidka-skin-davkovac-tekuteho-mydla-500ml-abs-bila-koupelny-sanita-cz-17147\/#primaryimage\",\"url\":\"https:\/\/www.domkraftpro.com\/wp-content\/uploads\/2026\/SK0007128-CZ20260425-092556-0-1777080363-647127-1_a91201-238336325199454.webp\",\"contentUrl\":\"https:\/\/www.domkraftpro.com\/wp-content\/uploads\/2026\/SK0007128-CZ20260425-092556-0-1777080363-647127-1_a91201-238336325199454.webp\",\"width\":1000,\"height\":750},{\"@type\":\"BreadcrumbList\",\"@id\":\"https:\/\/www.domkraftpro.com\/index.php\/produkt\/akcni-nabidka-skin-davkovac-tekuteho-mydla-500ml-abs-bila-koupelny-sanita-cz-17147\/#breadcrumb\",\"itemListElement\":[{\"@type\":\"ListItem\",\"position\":1,\"name\":\"Home\",\"item\":\"https:\/\/www.domkraftpro.com\/\"},{\"@type\":\"ListItem\",\"position\":2,\"name\":\"Products\",\"item\":\"https:\/\/www.domkraftpro.com\/index.php\/products\/\"},{\"@type\":\"ListItem\",\"position\":3,\"name\":\"Ak\u010dn\u00ed Nab\u00eddka SKIN d\u00e1vkova\u010d tekut\u00e9ho m\u00fddla 500ml, ABS, b\u00edl\u00e1 &#8211; koupelny-sanita.cz\"}]},{\"@type\":\"WebSite\",\"@id\":\"https:\/\/www.domkraftpro.com\/#website\",\"url\":\"https:\/\/www.domkraftpro.com\/\",\"name\":\"\",\"description\":\"\",\"potentialAction\":[{\"@type\":\"SearchAction\",\"target\":{\"@type\":\"EntryPoint\",\"urlTemplate\":\"https:\/\/www.domkraftpro.com\/?s={search_term_string}\"},\"query-input\":{\"@type\":\"PropertyValueSpecification\",\"valueRequired\":true,\"valueName\":\"search_term_string\"}}],\"inLanguage\":\"cs\"}]}<\/script>\n<!-- \/ Yoast SEO plugin. -->","yoast_head_json":{"title":"Ak\u010dn\u00ed Nab\u00eddka SKIN d\u00e1vkova\u010d tekut\u00e9ho m\u00fddla 500ml, ABS, b\u00edl\u00e1 - koupelny-sanita.cz -","robots":{"index":"index","follow":"follow","max-snippet":"max-snippet:-1","max-image-preview":"max-image-preview:large","max-video-preview":"max-video-preview:-1"},"canonical":"https:\/\/www.domkraftpro.com\/index.php\/produkt\/akcni-nabidka-skin-davkovac-tekuteho-mydla-500ml-abs-bila-koupelny-sanita-cz-17147\/","og_locale":"cs_CZ","og_type":"article","og_title":"Ak\u010dn\u00ed Nab\u00eddka SKIN d\u00e1vkova\u010d tekut\u00e9ho m\u00fddla 500ml, ABS, b\u00edl\u00e1 - koupelny-sanita.cz -","og_description":"Detailn\u00ed popis produktu Ok\u00e9nko pro kontrolu objemu m\u00fddla Kolekce SKIN pro ve\u0159ejn\u00e9 prostory zahrnuje kompletn\u00ed v\u00fdb\u011br&nbsp;koupelnov\u00fdch dopl\u0148k\u016f, kter\u00e9 se vyzna\u010duj\u00ed modern\u00edm designem. Dopl\u0148ky v barevn\u00e9m proveden\u00ed \u010dern\u00e1 a p\u00edskov\u00e1 jsou vyrobeny z recyklovan\u00e9ho plastu. Dopl\u0148kov\u00e9 parametry Kategorie: Z\u00e1ruka: 24 Hmotnost: 0.481 kg EAN: 8020090097423 Balen\u00ed: 1 ks Barva: B\u00edl\u00e1 Dostupnost: Dod\u00e1n\u00ed do m\u011bs\u00edce Druh: D\u00e1vkova\u010d [&hellip;]","og_url":"https:\/\/www.domkraftpro.com\/index.php\/produkt\/akcni-nabidka-skin-davkovac-tekuteho-mydla-500ml-abs-bila-koupelny-sanita-cz-17147\/","og_image":[{"width":1000,"height":750,"url":"https:\/\/www.domkraftpro.com\/wp-content\/uploads\/2026\/SK0007128-CZ20260425-092556-0-1777080363-647127-1_a91201-238336325199454.webp","type":"image\/webp"}],"twitter_card":"summary_large_image","twitter_misc":{"Odhadovan\u00e1 doba \u010dten\u00ed":"1 minuta"},"schema":{"@context":"https:\/\/schema.org","@graph":[{"@type":"WebPage","@id":"https:\/\/www.domkraftpro.com\/index.php\/produkt\/akcni-nabidka-skin-davkovac-tekuteho-mydla-500ml-abs-bila-koupelny-sanita-cz-17147\/","url":"https:\/\/www.domkraftpro.com\/index.php\/produkt\/akcni-nabidka-skin-davkovac-tekuteho-mydla-500ml-abs-bila-koupelny-sanita-cz-17147\/","name":"Ak\u010dn\u00ed Nab\u00eddka SKIN d\u00e1vkova\u010d tekut\u00e9ho m\u00fddla 500ml, ABS, b\u00edl\u00e1 - koupelny-sanita.cz -","isPartOf":{"@id":"https:\/\/www.domkraftpro.com\/#website"},"primaryImageOfPage":{"@id":"https:\/\/www.domkraftpro.com\/index.php\/produkt\/akcni-nabidka-skin-davkovac-tekuteho-mydla-500ml-abs-bila-koupelny-sanita-cz-17147\/#primaryimage"},"image":{"@id":"https:\/\/www.domkraftpro.com\/index.php\/produkt\/akcni-nabidka-skin-davkovac-tekuteho-mydla-500ml-abs-bila-koupelny-sanita-cz-17147\/#primaryimage"},"thumbnailUrl":"https:\/\/www.domkraftpro.com\/wp-content\/uploads\/2026\/SK0007128-CZ20260425-092556-0-1777080363-647127-1_a91201-238336325199454.webp","datePublished":"2026-04-27T04:41:05+00:00","breadcrumb":{"@id":"https:\/\/www.domkraftpro.com\/index.php\/produkt\/akcni-nabidka-skin-davkovac-tekuteho-mydla-500ml-abs-bila-koupelny-sanita-cz-17147\/#breadcrumb"},"inLanguage":"cs","potentialAction":[{"@type":"ReadAction","target":["https:\/\/www.domkraftpro.com\/index.php\/produkt\/akcni-nabidka-skin-davkovac-tekuteho-mydla-500ml-abs-bila-koupelny-sanita-cz-17147\/"]}]},{"@type":"ImageObject","inLanguage":"cs","@id":"https:\/\/www.domkraftpro.com\/index.php\/produkt\/akcni-nabidka-skin-davkovac-tekuteho-mydla-500ml-abs-bila-koupelny-sanita-cz-17147\/#primaryimage","url":"https:\/\/www.domkraftpro.com\/wp-content\/uploads\/2026\/SK0007128-CZ20260425-092556-0-1777080363-647127-1_a91201-238336325199454.webp","contentUrl":"https:\/\/www.domkraftpro.com\/wp-content\/uploads\/2026\/SK0007128-CZ20260425-092556-0-1777080363-647127-1_a91201-238336325199454.webp","width":1000,"height":750},{"@type":"BreadcrumbList","@id":"https:\/\/www.domkraftpro.com\/index.php\/produkt\/akcni-nabidka-skin-davkovac-tekuteho-mydla-500ml-abs-bila-koupelny-sanita-cz-17147\/#breadcrumb","itemListElement":[{"@type":"ListItem","position":1,"name":"Home","item":"https:\/\/www.domkraftpro.com\/"},{"@type":"ListItem","position":2,"name":"Products","item":"https:\/\/www.domkraftpro.com\/index.php\/products\/"},{"@type":"ListItem","position":3,"name":"Ak\u010dn\u00ed Nab\u00eddka SKIN d\u00e1vkova\u010d tekut\u00e9ho m\u00fddla 500ml, ABS, b\u00edl\u00e1 &#8211; koupelny-sanita.cz"}]},{"@type":"WebSite","@id":"https:\/\/www.domkraftpro.com\/#website","url":"https:\/\/www.domkraftpro.com\/","name":"","description":"","potentialAction":[{"@type":"SearchAction","target":{"@type":"EntryPoint","urlTemplate":"https:\/\/www.domkraftpro.com\/?s={search_term_string}"},"query-input":{"@type":"PropertyValueSpecification","valueRequired":true,"valueName":"search_term_string"}}],"inLanguage":"cs"}]}},"_links":{"self":[{"href":"https:\/\/www.domkraftpro.com\/index.php\/wp-json\/wp\/v2\/product\/17147","targetHints":{"allow":["GET"]}}],"collection":[{"href":"https:\/\/www.domkraftpro.com\/index.php\/wp-json\/wp\/v2\/product"}],"about":[{"href":"https:\/\/www.domkraftpro.com\/index.php\/wp-json\/wp\/v2\/types\/product"}],"replies":[{"embeddable":true,"href":"https:\/\/www.domkraftpro.com\/index.php\/wp-json\/wp\/v2\/comments?post=17147"}],"wp:featuredmedia":[{"embeddable":true,"href":"https:\/\/www.domkraftpro.com\/index.php\/wp-json\/wp\/v2\/media\/17247"}],"wp:attachment":[{"href":"https:\/\/www.domkraftpro.com\/index.php\/wp-json\/wp\/v2\/media?parent=17147"}],"wp:term":[{"taxonomy":"product_brand","embeddable":true,"href":"https:\/\/www.domkraftpro.com\/index.php\/wp-json\/wp\/v2\/product_brand?post=17147"},{"taxonomy":"product_cat","embeddable":true,"href":"https:\/\/www.domkraftpro.com\/index.php\/wp-json\/wp\/v2\/product_cat?post=17147"},{"taxonomy":"product_tag","embeddable":true,"href":"https:\/\/www.domkraftpro.com\/index.php\/wp-json\/wp\/v2\/product_tag?post=17147"}],"curies":[{"name":"wp","href":"https:\/\/api.w.org\/{rel}","templated":true}]}}