{"id":17137,"date":"2026-04-27T04:41:05","date_gmt":"2026-04-27T04:41:05","guid":{"rendered":""},"modified":"2026-04-27T04:41:05","modified_gmt":"2026-04-27T04:41:05","slug":"marplast-davkovac-tekuteho-mydla-1200ml-bila-koupelny-sanita-cz-primo-od-vyrobce-17137","status":"publish","type":"product","link":"https:\/\/www.domkraftpro.com\/index.php\/produkt\/marplast-davkovac-tekuteho-mydla-1200ml-bila-koupelny-sanita-cz-primo-od-vyrobce-17137\/","title":{"rendered":"MARPLAST d\u00e1vkova\u010d tekut\u00e9ho m\u00fddla 1200ml, b\u00edl\u00e1 &#8211; koupelny-sanita.cz P\u0159\u00edmo Od V\u00fdrobce"},"content":{"rendered":"<div class=\"basic-description\">\n<h3>Detailn\u00ed popis produktu<\/h3>\n<li>Ok\u00e9nko pro kontrolu objemu m\u00fddla <\/li><\/div>\n<div class=\"extended-description\">\n<h3>Dopl\u0148kov\u00e9 parametry<\/h3>\n<table class=\"detail-parameters\">\n<tbody>\n<tr>\n<th>        <span class=\"row-header-label\">            Kategorie<span class=\"row-header-label-colon\">:<\/span>        <\/span>    <\/th>\n<td>            <\/td>\n<\/tr>\n<tr>\n<th>            <span class=\"row-header-label\">                Z\u00e1ruka<span class=\"row-header-label-colon\">:<\/span>            <\/span>        <\/th>\n<td>            24        <\/td>\n<\/tr>\n<tr>\n<th>            <span class=\"row-header-label\">                Hmotnost<span class=\"row-header-label-colon\">:<\/span>            <\/span>        <\/th>\n<td>            0.917 kg        <\/td>\n<\/tr>\n<tr class=\"productEan\">\n<th>          <span class=\"row-header-label productEan__label\">              EAN<span class=\"row-header-label-colon\">:<\/span>          <\/span>      <\/th>\n<td>          <span class=\"productEan__value\">8020090035593<\/span>      <\/td>\n<\/tr>\n<tr>\n<th>                <span class=\"row-header-label\">                                            Balen\u00ed<span class=\"row-header-label-colon\">:<\/span>                                    <\/span>            <\/th>\n<td>                                                            1 ks                                                <\/td>\n<\/tr>\n<tr>\n<th>                <span class=\"row-header-label\">                                            Barva<span class=\"row-header-label-colon\">:<\/span>                                    <\/span>            <\/th>\n<td>                                                            B\u00edl\u00e1                                                <\/td>\n<\/tr>\n<tr>\n<th>                <span class=\"row-header-label\">                                            Dostupnost<span class=\"row-header-label-colon\">:<\/span>                                    <\/span>            <\/th>\n<td>                                                            Skladem                                                <\/td>\n<\/tr>\n<tr>\n<th>                <span class=\"row-header-label\">                                            Druh<span class=\"row-header-label-colon\">:<\/span>                                    <\/span>            <\/th>\n<td>                                                            D\u00e1vkova\u010d m\u00fddla                                                <\/td>\n<\/tr>\n<tr>\n<th>                <span class=\"row-header-label\">                                            Hloubka<span class=\"row-header-label-colon\">:<\/span>                                    <\/span>            <\/th>\n<td>                                                            105 mm                                                <\/td>\n<\/tr>\n<tr>\n<th>                <span class=\"row-header-label\">                                            Instalace<span class=\"row-header-label-colon\">:<\/span>                                    <\/span>            <\/th>\n<td>                                                            Vrt\u00e1n\u00ed                                                <\/td>\n<\/tr>\n<tr>\n<th>                <span class=\"row-header-label\">                                            Materi\u00e1l<span class=\"row-header-label-colon\">:<\/span>                                    <\/span>            <\/th>\n<td>                                                            Nerez                                                <\/td>\n<\/tr>\n<tr>\n<th>                <span class=\"row-header-label\">                                            Objem d\u00e1vkova\u010de<span class=\"row-header-label-colon\">:<\/span>                                    <\/span>            <\/th>\n<td>                                                            1200 ml                                                <\/td>\n<\/tr>\n<tr>\n<th>                <span class=\"row-header-label\">                                            Rozm\u011br<span class=\"row-header-label-colon\">:<\/span>                                    <\/span>            <\/th>\n<td>                                                            110x320x105 mm                                                <\/td>\n<\/tr>\n<tr>\n<th>                <span class=\"row-header-label\">                                            \u0160\u00ed\u0159ka<span class=\"row-header-label-colon\">:<\/span>                                    <\/span>            <\/th>\n<td>                                                            110 mm                                                <\/td>\n<\/tr>\n<tr>\n<th>                <span class=\"row-header-label\">                                            Tvar<span class=\"row-header-label-colon\">:<\/span>                                    <\/span>            <\/th>\n<td>                                                            Hranat\u00e9                                                <\/td>\n<\/tr>\n<tr>\n<th>                <span class=\"row-header-label\">                                            V\u00fd\u0161ka<span class=\"row-header-label-colon\">:<\/span>                                    <\/span>            <\/th>\n<td>                                                            320 mm                                                <\/td>\n<\/tr>\n<tr>\n<th>                <span class=\"row-header-label\">                                            Z\u00e1ruka<span class=\"row-header-label-colon\">:<\/span>                                    <\/span>            <\/th>\n<td>                                                            2 roky                                                <\/td>\n<\/tr>\n<\/tbody>\n<\/table><\/div>\n<\/p><\/div>\n<\/p><\/div>\n","protected":false},"excerpt":{"rendered":"<p>Detailn\u00ed popis produktu Ok\u00e9nko pro kontrolu objemu m\u00fddla Dopl\u0148kov\u00e9 parametry Kategorie: Z\u00e1ruka: 24 Hmotnost: 0.917 kg EAN: 8020090035593 Balen\u00ed: 1 ks Barva: B\u00edl\u00e1 Dostupnost: Skladem Druh: D\u00e1vkova\u010d m\u00fddla Hloubka: 105 mm Instalace: Vrt\u00e1n\u00ed Materi\u00e1l: Nerez Objem d\u00e1vkova\u010de: 1200 ml Rozm\u011br: 110x320x105 mm \u0160\u00ed\u0159ka: 110 mm Tvar: Hranat\u00e9 V\u00fd\u0161ka: 320 mm Z\u00e1ruka: 2 roky<\/p>\n","protected":false},"featured_media":17237,"comment_status":"open","ping_status":"open","template":"","meta":[],"product_brand":[],"product_cat":[73],"product_tag":[],"class_list":{"0":"post-17137","1":"product","2":"type-product","3":"status-publish","4":"has-post-thumbnail","6":"product_cat-koupelnove-doplnky","8":"first","9":"instock","10":"sale","11":"shipping-taxable","12":"purchasable","13":"product-type-simple"},"yoast_head":"<!-- This site is optimized with the Yoast SEO plugin v26.8 - https:\/\/yoast.com\/product\/yoast-seo-wordpress\/ -->\n<title>MARPLAST d\u00e1vkova\u010d tekut\u00e9ho m\u00fddla 1200ml, b\u00edl\u00e1 - koupelny-sanita.cz P\u0159\u00edmo Od V\u00fdrobce -<\/title>\n<meta name=\"robots\" content=\"index, follow, max-snippet:-1, max-image-preview:large, max-video-preview:-1\" \/>\n<link rel=\"canonical\" href=\"https:\/\/www.domkraftpro.com\/index.php\/produkt\/marplast-davkovac-tekuteho-mydla-1200ml-bila-koupelny-sanita-cz-primo-od-vyrobce-17137\/\" \/>\n<meta property=\"og:locale\" content=\"cs_CZ\" \/>\n<meta property=\"og:type\" content=\"article\" \/>\n<meta property=\"og:title\" content=\"MARPLAST d\u00e1vkova\u010d tekut\u00e9ho m\u00fddla 1200ml, b\u00edl\u00e1 - koupelny-sanita.cz P\u0159\u00edmo Od V\u00fdrobce -\" \/>\n<meta property=\"og:description\" content=\"Detailn\u00ed popis produktu Ok\u00e9nko pro kontrolu objemu m\u00fddla Dopl\u0148kov\u00e9 parametry Kategorie: Z\u00e1ruka: 24 Hmotnost: 0.917 kg EAN: 8020090035593 Balen\u00ed: 1 ks Barva: B\u00edl\u00e1 Dostupnost: Skladem Druh: D\u00e1vkova\u010d m\u00fddla Hloubka: 105 mm Instalace: Vrt\u00e1n\u00ed Materi\u00e1l: Nerez Objem d\u00e1vkova\u010de: 1200 ml Rozm\u011br: 110x320x105 mm \u0160\u00ed\u0159ka: 110 mm Tvar: Hranat\u00e9 V\u00fd\u0161ka: 320 mm Z\u00e1ruka: 2 roky\" \/>\n<meta property=\"og:url\" content=\"https:\/\/www.domkraftpro.com\/index.php\/produkt\/marplast-davkovac-tekuteho-mydla-1200ml-bila-koupelny-sanita-cz-primo-od-vyrobce-17137\/\" \/>\n<meta property=\"og:image\" content=\"https:\/\/www.domkraftpro.com\/wp-content\/uploads\/2026\/SK0007118-CZ20260425-092556-0-1777080363-646458-1_a54201sp-238336325199443.webp\" \/>\n\t<meta property=\"og:image:width\" content=\"1000\" \/>\n\t<meta property=\"og:image:height\" content=\"750\" \/>\n\t<meta property=\"og:image:type\" content=\"image\/webp\" \/>\n<meta name=\"twitter:card\" content=\"summary_large_image\" \/>\n<script type=\"application\/ld+json\" class=\"yoast-schema-graph\">{\"@context\":\"https:\/\/schema.org\",\"@graph\":[{\"@type\":\"WebPage\",\"@id\":\"https:\/\/www.domkraftpro.com\/index.php\/produkt\/marplast-davkovac-tekuteho-mydla-1200ml-bila-koupelny-sanita-cz-primo-od-vyrobce-17137\/\",\"url\":\"https:\/\/www.domkraftpro.com\/index.php\/produkt\/marplast-davkovac-tekuteho-mydla-1200ml-bila-koupelny-sanita-cz-primo-od-vyrobce-17137\/\",\"name\":\"MARPLAST d\u00e1vkova\u010d tekut\u00e9ho m\u00fddla 1200ml, b\u00edl\u00e1 - koupelny-sanita.cz P\u0159\u00edmo Od V\u00fdrobce -\",\"isPartOf\":{\"@id\":\"https:\/\/www.domkraftpro.com\/#website\"},\"primaryImageOfPage\":{\"@id\":\"https:\/\/www.domkraftpro.com\/index.php\/produkt\/marplast-davkovac-tekuteho-mydla-1200ml-bila-koupelny-sanita-cz-primo-od-vyrobce-17137\/#primaryimage\"},\"image\":{\"@id\":\"https:\/\/www.domkraftpro.com\/index.php\/produkt\/marplast-davkovac-tekuteho-mydla-1200ml-bila-koupelny-sanita-cz-primo-od-vyrobce-17137\/#primaryimage\"},\"thumbnailUrl\":\"https:\/\/www.domkraftpro.com\/wp-content\/uploads\/2026\/SK0007118-CZ20260425-092556-0-1777080363-646458-1_a54201sp-238336325199443.webp\",\"datePublished\":\"2026-04-27T04:41:05+00:00\",\"breadcrumb\":{\"@id\":\"https:\/\/www.domkraftpro.com\/index.php\/produkt\/marplast-davkovac-tekuteho-mydla-1200ml-bila-koupelny-sanita-cz-primo-od-vyrobce-17137\/#breadcrumb\"},\"inLanguage\":\"cs\",\"potentialAction\":[{\"@type\":\"ReadAction\",\"target\":[\"https:\/\/www.domkraftpro.com\/index.php\/produkt\/marplast-davkovac-tekuteho-mydla-1200ml-bila-koupelny-sanita-cz-primo-od-vyrobce-17137\/\"]}]},{\"@type\":\"ImageObject\",\"inLanguage\":\"cs\",\"@id\":\"https:\/\/www.domkraftpro.com\/index.php\/produkt\/marplast-davkovac-tekuteho-mydla-1200ml-bila-koupelny-sanita-cz-primo-od-vyrobce-17137\/#primaryimage\",\"url\":\"https:\/\/www.domkraftpro.com\/wp-content\/uploads\/2026\/SK0007118-CZ20260425-092556-0-1777080363-646458-1_a54201sp-238336325199443.webp\",\"contentUrl\":\"https:\/\/www.domkraftpro.com\/wp-content\/uploads\/2026\/SK0007118-CZ20260425-092556-0-1777080363-646458-1_a54201sp-238336325199443.webp\",\"width\":1000,\"height\":750},{\"@type\":\"BreadcrumbList\",\"@id\":\"https:\/\/www.domkraftpro.com\/index.php\/produkt\/marplast-davkovac-tekuteho-mydla-1200ml-bila-koupelny-sanita-cz-primo-od-vyrobce-17137\/#breadcrumb\",\"itemListElement\":[{\"@type\":\"ListItem\",\"position\":1,\"name\":\"Home\",\"item\":\"https:\/\/www.domkraftpro.com\/\"},{\"@type\":\"ListItem\",\"position\":2,\"name\":\"Products\",\"item\":\"https:\/\/www.domkraftpro.com\/index.php\/products\/\"},{\"@type\":\"ListItem\",\"position\":3,\"name\":\"MARPLAST d\u00e1vkova\u010d tekut\u00e9ho m\u00fddla 1200ml, b\u00edl\u00e1 &#8211; koupelny-sanita.cz P\u0159\u00edmo Od V\u00fdrobce\"}]},{\"@type\":\"WebSite\",\"@id\":\"https:\/\/www.domkraftpro.com\/#website\",\"url\":\"https:\/\/www.domkraftpro.com\/\",\"name\":\"\",\"description\":\"\",\"potentialAction\":[{\"@type\":\"SearchAction\",\"target\":{\"@type\":\"EntryPoint\",\"urlTemplate\":\"https:\/\/www.domkraftpro.com\/?s={search_term_string}\"},\"query-input\":{\"@type\":\"PropertyValueSpecification\",\"valueRequired\":true,\"valueName\":\"search_term_string\"}}],\"inLanguage\":\"cs\"}]}<\/script>\n<!-- \/ Yoast SEO plugin. -->","yoast_head_json":{"title":"MARPLAST d\u00e1vkova\u010d tekut\u00e9ho m\u00fddla 1200ml, b\u00edl\u00e1 - koupelny-sanita.cz P\u0159\u00edmo Od V\u00fdrobce -","robots":{"index":"index","follow":"follow","max-snippet":"max-snippet:-1","max-image-preview":"max-image-preview:large","max-video-preview":"max-video-preview:-1"},"canonical":"https:\/\/www.domkraftpro.com\/index.php\/produkt\/marplast-davkovac-tekuteho-mydla-1200ml-bila-koupelny-sanita-cz-primo-od-vyrobce-17137\/","og_locale":"cs_CZ","og_type":"article","og_title":"MARPLAST d\u00e1vkova\u010d tekut\u00e9ho m\u00fddla 1200ml, b\u00edl\u00e1 - koupelny-sanita.cz P\u0159\u00edmo Od V\u00fdrobce -","og_description":"Detailn\u00ed popis produktu Ok\u00e9nko pro kontrolu objemu m\u00fddla Dopl\u0148kov\u00e9 parametry Kategorie: Z\u00e1ruka: 24 Hmotnost: 0.917 kg EAN: 8020090035593 Balen\u00ed: 1 ks Barva: B\u00edl\u00e1 Dostupnost: Skladem Druh: D\u00e1vkova\u010d m\u00fddla Hloubka: 105 mm Instalace: Vrt\u00e1n\u00ed Materi\u00e1l: Nerez Objem d\u00e1vkova\u010de: 1200 ml Rozm\u011br: 110x320x105 mm \u0160\u00ed\u0159ka: 110 mm Tvar: Hranat\u00e9 V\u00fd\u0161ka: 320 mm Z\u00e1ruka: 2 roky","og_url":"https:\/\/www.domkraftpro.com\/index.php\/produkt\/marplast-davkovac-tekuteho-mydla-1200ml-bila-koupelny-sanita-cz-primo-od-vyrobce-17137\/","og_image":[{"width":1000,"height":750,"url":"https:\/\/www.domkraftpro.com\/wp-content\/uploads\/2026\/SK0007118-CZ20260425-092556-0-1777080363-646458-1_a54201sp-238336325199443.webp","type":"image\/webp"}],"twitter_card":"summary_large_image","schema":{"@context":"https:\/\/schema.org","@graph":[{"@type":"WebPage","@id":"https:\/\/www.domkraftpro.com\/index.php\/produkt\/marplast-davkovac-tekuteho-mydla-1200ml-bila-koupelny-sanita-cz-primo-od-vyrobce-17137\/","url":"https:\/\/www.domkraftpro.com\/index.php\/produkt\/marplast-davkovac-tekuteho-mydla-1200ml-bila-koupelny-sanita-cz-primo-od-vyrobce-17137\/","name":"MARPLAST d\u00e1vkova\u010d tekut\u00e9ho m\u00fddla 1200ml, b\u00edl\u00e1 - koupelny-sanita.cz P\u0159\u00edmo Od V\u00fdrobce -","isPartOf":{"@id":"https:\/\/www.domkraftpro.com\/#website"},"primaryImageOfPage":{"@id":"https:\/\/www.domkraftpro.com\/index.php\/produkt\/marplast-davkovac-tekuteho-mydla-1200ml-bila-koupelny-sanita-cz-primo-od-vyrobce-17137\/#primaryimage"},"image":{"@id":"https:\/\/www.domkraftpro.com\/index.php\/produkt\/marplast-davkovac-tekuteho-mydla-1200ml-bila-koupelny-sanita-cz-primo-od-vyrobce-17137\/#primaryimage"},"thumbnailUrl":"https:\/\/www.domkraftpro.com\/wp-content\/uploads\/2026\/SK0007118-CZ20260425-092556-0-1777080363-646458-1_a54201sp-238336325199443.webp","datePublished":"2026-04-27T04:41:05+00:00","breadcrumb":{"@id":"https:\/\/www.domkraftpro.com\/index.php\/produkt\/marplast-davkovac-tekuteho-mydla-1200ml-bila-koupelny-sanita-cz-primo-od-vyrobce-17137\/#breadcrumb"},"inLanguage":"cs","potentialAction":[{"@type":"ReadAction","target":["https:\/\/www.domkraftpro.com\/index.php\/produkt\/marplast-davkovac-tekuteho-mydla-1200ml-bila-koupelny-sanita-cz-primo-od-vyrobce-17137\/"]}]},{"@type":"ImageObject","inLanguage":"cs","@id":"https:\/\/www.domkraftpro.com\/index.php\/produkt\/marplast-davkovac-tekuteho-mydla-1200ml-bila-koupelny-sanita-cz-primo-od-vyrobce-17137\/#primaryimage","url":"https:\/\/www.domkraftpro.com\/wp-content\/uploads\/2026\/SK0007118-CZ20260425-092556-0-1777080363-646458-1_a54201sp-238336325199443.webp","contentUrl":"https:\/\/www.domkraftpro.com\/wp-content\/uploads\/2026\/SK0007118-CZ20260425-092556-0-1777080363-646458-1_a54201sp-238336325199443.webp","width":1000,"height":750},{"@type":"BreadcrumbList","@id":"https:\/\/www.domkraftpro.com\/index.php\/produkt\/marplast-davkovac-tekuteho-mydla-1200ml-bila-koupelny-sanita-cz-primo-od-vyrobce-17137\/#breadcrumb","itemListElement":[{"@type":"ListItem","position":1,"name":"Home","item":"https:\/\/www.domkraftpro.com\/"},{"@type":"ListItem","position":2,"name":"Products","item":"https:\/\/www.domkraftpro.com\/index.php\/products\/"},{"@type":"ListItem","position":3,"name":"MARPLAST d\u00e1vkova\u010d tekut\u00e9ho m\u00fddla 1200ml, b\u00edl\u00e1 &#8211; koupelny-sanita.cz P\u0159\u00edmo Od V\u00fdrobce"}]},{"@type":"WebSite","@id":"https:\/\/www.domkraftpro.com\/#website","url":"https:\/\/www.domkraftpro.com\/","name":"","description":"","potentialAction":[{"@type":"SearchAction","target":{"@type":"EntryPoint","urlTemplate":"https:\/\/www.domkraftpro.com\/?s={search_term_string}"},"query-input":{"@type":"PropertyValueSpecification","valueRequired":true,"valueName":"search_term_string"}}],"inLanguage":"cs"}]}},"_links":{"self":[{"href":"https:\/\/www.domkraftpro.com\/index.php\/wp-json\/wp\/v2\/product\/17137","targetHints":{"allow":["GET"]}}],"collection":[{"href":"https:\/\/www.domkraftpro.com\/index.php\/wp-json\/wp\/v2\/product"}],"about":[{"href":"https:\/\/www.domkraftpro.com\/index.php\/wp-json\/wp\/v2\/types\/product"}],"replies":[{"embeddable":true,"href":"https:\/\/www.domkraftpro.com\/index.php\/wp-json\/wp\/v2\/comments?post=17137"}],"wp:featuredmedia":[{"embeddable":true,"href":"https:\/\/www.domkraftpro.com\/index.php\/wp-json\/wp\/v2\/media\/17237"}],"wp:attachment":[{"href":"https:\/\/www.domkraftpro.com\/index.php\/wp-json\/wp\/v2\/media?parent=17137"}],"wp:term":[{"taxonomy":"product_brand","embeddable":true,"href":"https:\/\/www.domkraftpro.com\/index.php\/wp-json\/wp\/v2\/product_brand?post=17137"},{"taxonomy":"product_cat","embeddable":true,"href":"https:\/\/www.domkraftpro.com\/index.php\/wp-json\/wp\/v2\/product_cat?post=17137"},{"taxonomy":"product_tag","embeddable":true,"href":"https:\/\/www.domkraftpro.com\/index.php\/wp-json\/wp\/v2\/product_tag?post=17137"}],"curies":[{"name":"wp","href":"https:\/\/api.w.org\/{rel}","templated":true}]}}