{"id":1707,"date":"2026-04-27T04:40:34","date_gmt":"2026-04-27T04:40:34","guid":{"rendered":""},"modified":"2026-04-27T04:40:34","modified_gmt":"2026-04-27T04:40:34","slug":"koelner-throughbolt-r-hpt-ii-a4-100-mm-12-mm-dokud-zasoby-vydrzi-1707","status":"publish","type":"product","link":"https:\/\/www.domkraftpro.com\/index.php\/produkt\/koelner-throughbolt-r-hpt-ii-a4-100-mm-12-mm-dokud-zasoby-vydrzi-1707\/","title":{"rendered":"Koelner Throughbolt R-HPT II-A4 100 mm 12 mm Dokud Z\u00e1soby Vydr\u017e\u00ed"},"content":{"rendered":"<div class=\"detail-description__right\">\n<div class=\"parameters\">\n<div class=\"table table--simple\">\n<table>\n<tbody>\n<tr>\n<td colspan=\"2\">\n<h4>Vlastnosti<\/h4>\n<\/td>\n<\/tr>\n<tr>\n<td>Materi\u00e1l<\/td>\n<td>nerezov\u00e1 ocel<\/td>\n<\/tr>\n<tr data-perex=\"1\">\n<td>Pr\u016fm\u011br<\/td>\n<td>8\u00a0\u2013 16\u00a0mm<\/td>\n<\/tr>\n<tr data-perex=\"1\">\n<td>D\u00e9lka<\/td>\n<td>60\u00a0\u2013 180\u00a0mm<\/td>\n<\/tr>\n<tr>\n<td>Povrchov\u00e1 \u00faprava<\/td>\n<td>pozinkov\u00e1n\u00ed<\/td>\n<\/tr>\n<tr>\n<td>T\u0159\u00edda pevnosti<\/td>\n<td>8,8<\/td>\n<\/tr>\n<tr>\n<td>Barva<\/td>\n<td>st\u0159\u00edbrn\u00e1<\/td>\n<\/tr>\n<tr>\n<td>Balen\u00ed<\/td>\n<td>25\u00a0\u2013 100\u00a0ks<\/td>\n<\/tr>\n<tr>\n<td colspan=\"2\">\n<h4>Parametry<\/h4>\n<\/td>\n<\/tr>\n<tr>\n<td>P\u016fvod<\/td>\n<td>Vyrobeno v\u00a0PL<\/td>\n<\/tr>\n<tr>\n<td>Z\u00e1ruka<\/td>\n<td>2 roky<\/td>\n<\/tr>\n<tr>\n<td>Zna\u010dka<\/td>\n<td>Koelner<\/td>\n<\/tr>\n<\/tbody>\n<\/table><\/div>\n<\/div><\/div>\n<div class=\"detail-description__top\">\t\t\t\t<\/div>\n<div class=\"detail-description__left\">\n<div class=\"detail-description__left__overflow\">\n<div class=\"detail-description__left__head\">\t\t\t\t\t\tPopis:\t\t\t\t\t<\/div>\n<div class=\"ul-style ul-style--check\">\n<p>Kotva Throughbolt R-HPT II je <strong>mechanick\u00e1 kotva z nerezov\u00e9 oceli<\/strong> t\u0159\u00eddy A4 ur\u010dena pro univerz\u00e1ln\u00ed upev\u0148ov\u00e1n\u00ed s \u0161irokou \u0161k\u00e1lou po\u017eit\u00ed do betonu, a to trhlinov\u00e9ho i netrhlinov\u00e9ho. Nerezov\u00e1 ocel t\u0159\u00eddy A4 se vyzna\u010duje zv\u00fd\u0161enou odolnost\u00ed proti korozi a kyselin\u00e1m.<\/p>\n<ul class=\"plusminus\">\n<li><i class=\"fas fa-check\"><\/i><span>Univerz\u00e1ln\u00ed pou\u017eit\u00ed<\/span><\/li>\n<li><i class=\"fas fa-check\"><\/i><span>Nerezov\u00e1<\/span><\/li>\n<li><i class=\"fas fa-check\"><\/i><span>St\u00e1l\u00e1 rozm\u011brov\u00e1 p\u0159esnost<\/span><\/li>\n<li><i class=\"fas fa-check\"><\/i><span>Vysok\u00e1 kvalita s n\u00e1kladovou efektivitou<\/span><\/li>\n<\/ul>\n<p>Ozna\u010den\u00ed hloubky osazen\u00ed\u00a0<strong>umo\u017e\u0148uje prov\u00e1d\u011bt spr\u00e1vn\u011b mont\u00e1\u017e<\/strong>.\u00a0Korpus tvarovan\u00fd za studena\u00a0<strong>z<\/strong>aji\u0161\u0165uje st\u00e1lou rozm\u011brovou p\u0159esnost.\u00a0Optim\u00e1ln\u00ed \u00fahel ku\u017eele umo\u017e\u0148uj\u00edc\u00ed kontrolu expanze.\u00a0Prov\u011b\u0159en\u00fd produkt, schv\u00e1len\u00fd nez\u00e1visl\u00fdmi britsk\u00fdmi a mezin\u00e1rodn\u00edmi certifikuj\u00edc\u00edmi institucemi.\u00a0Zmen\u0161en\u00e1 hloubka osazen\u00ed umo\u017e\u0148uje se vyhnout probl\u00e9mu n\u00e1razu na armovac\u00ed pruty p\u0159i instalac\u00edch na stavb\u00e1ch.<\/p>\n<\/div>\n<div class=\"detail-description__left__more\">\t\t\t\t\t\t<span> <\/span><span> <\/span>\t\t\t\t\t<\/div>\n<\/p><\/div>\n<\/p><\/div>\n<div class=\"detail-description__more\"><span> <\/span><span> <\/span><\/div>\n<\/p><\/div>\n<\/p><\/div>\n","protected":false},"excerpt":{"rendered":"<p>Vlastnosti Materi\u00e1l nerezov\u00e1 ocel Pr\u016fm\u011br 8\u00a0\u2013 16\u00a0mm D\u00e9lka 60\u00a0\u2013 180\u00a0mm Povrchov\u00e1 \u00faprava pozinkov\u00e1n\u00ed T\u0159\u00edda pevnosti 8,8 Barva st\u0159\u00edbrn\u00e1 Balen\u00ed 25\u00a0\u2013 100\u00a0ks Parametry P\u016fvod Vyrobeno v\u00a0PL Z\u00e1ruka 2 roky Zna\u010dka Koelner Popis: Kotva Throughbolt R-HPT II je mechanick\u00e1 kotva z nerezov\u00e9 oceli t\u0159\u00eddy A4 ur\u010dena pro univerz\u00e1ln\u00ed upev\u0148ov\u00e1n\u00ed s \u0161irokou \u0161k\u00e1lou po\u017eit\u00ed do betonu, a to [&hellip;]<\/p>\n","protected":false},"featured_media":1807,"comment_status":"open","ping_status":"open","template":"","meta":[],"product_brand":[],"product_cat":[44],"product_tag":[],"class_list":{"0":"post-1707","1":"product","2":"type-product","3":"status-publish","4":"has-post-thumbnail","6":"product_cat-stavba","8":"first","9":"instock","10":"sale","11":"shipping-taxable","12":"purchasable","13":"product-type-simple"},"yoast_head":"<!-- This site is optimized with the Yoast SEO plugin v26.8 - https:\/\/yoast.com\/product\/yoast-seo-wordpress\/ -->\n<title>Koelner Throughbolt R-HPT II-A4 100 mm 12 mm Dokud Z\u00e1soby Vydr\u017e\u00ed -<\/title>\n<meta name=\"robots\" content=\"index, follow, max-snippet:-1, max-image-preview:large, max-video-preview:-1\" \/>\n<link rel=\"canonical\" href=\"https:\/\/www.domkraftpro.com\/index.php\/produkt\/koelner-throughbolt-r-hpt-ii-a4-100-mm-12-mm-dokud-zasoby-vydrzi-1707\/\" \/>\n<meta property=\"og:locale\" content=\"cs_CZ\" \/>\n<meta property=\"og:type\" content=\"article\" \/>\n<meta property=\"og:title\" content=\"Koelner Throughbolt R-HPT II-A4 100 mm 12 mm Dokud Z\u00e1soby Vydr\u017e\u00ed -\" \/>\n<meta property=\"og:description\" content=\"Vlastnosti Materi\u00e1l nerezov\u00e1 ocel Pr\u016fm\u011br 8\u00a0\u2013 16\u00a0mm D\u00e9lka 60\u00a0\u2013 180\u00a0mm Povrchov\u00e1 \u00faprava pozinkov\u00e1n\u00ed T\u0159\u00edda pevnosti 8,8 Barva st\u0159\u00edbrn\u00e1 Balen\u00ed 25\u00a0\u2013 100\u00a0ks Parametry P\u016fvod Vyrobeno v\u00a0PL Z\u00e1ruka 2 roky Zna\u010dka Koelner Popis: Kotva Throughbolt R-HPT II je mechanick\u00e1 kotva z nerezov\u00e9 oceli t\u0159\u00eddy A4 ur\u010dena pro univerz\u00e1ln\u00ed upev\u0148ov\u00e1n\u00ed s \u0161irokou \u0161k\u00e1lou po\u017eit\u00ed do betonu, a to [&hellip;]\" \/>\n<meta property=\"og:url\" content=\"https:\/\/www.domkraftpro.com\/index.php\/produkt\/koelner-throughbolt-r-hpt-ii-a4-100-mm-12-mm-dokud-zasoby-vydrzi-1707\/\" \/>\n<meta property=\"og:image\" content=\"https:\/\/www.domkraftpro.com\/wp-content\/uploads\/2026\/SK0009097-CZ20260425-091936-0-1777079982-mechanicka-kotva-koelner-throughbolt-r-hpt-ii-a4-100-mm-12-.webp\" \/>\n\t<meta property=\"og:image:width\" content=\"1000\" \/>\n\t<meta property=\"og:image:height\" content=\"523\" \/>\n\t<meta property=\"og:image:type\" content=\"image\/webp\" \/>\n<meta name=\"twitter:card\" content=\"summary_large_image\" \/>\n<meta name=\"twitter:label1\" content=\"Odhadovan\u00e1 doba \u010dten\u00ed\" \/>\n\t<meta name=\"twitter:data1\" content=\"1 minuta\" \/>\n<script type=\"application\/ld+json\" class=\"yoast-schema-graph\">{\"@context\":\"https:\/\/schema.org\",\"@graph\":[{\"@type\":\"WebPage\",\"@id\":\"https:\/\/www.domkraftpro.com\/index.php\/produkt\/koelner-throughbolt-r-hpt-ii-a4-100-mm-12-mm-dokud-zasoby-vydrzi-1707\/\",\"url\":\"https:\/\/www.domkraftpro.com\/index.php\/produkt\/koelner-throughbolt-r-hpt-ii-a4-100-mm-12-mm-dokud-zasoby-vydrzi-1707\/\",\"name\":\"Koelner Throughbolt R-HPT II-A4 100 mm 12 mm Dokud Z\u00e1soby Vydr\u017e\u00ed -\",\"isPartOf\":{\"@id\":\"https:\/\/www.domkraftpro.com\/#website\"},\"primaryImageOfPage\":{\"@id\":\"https:\/\/www.domkraftpro.com\/index.php\/produkt\/koelner-throughbolt-r-hpt-ii-a4-100-mm-12-mm-dokud-zasoby-vydrzi-1707\/#primaryimage\"},\"image\":{\"@id\":\"https:\/\/www.domkraftpro.com\/index.php\/produkt\/koelner-throughbolt-r-hpt-ii-a4-100-mm-12-mm-dokud-zasoby-vydrzi-1707\/#primaryimage\"},\"thumbnailUrl\":\"https:\/\/www.domkraftpro.com\/wp-content\/uploads\/2026\/SK0009097-CZ20260425-091936-0-1777079982-mechanicka-kotva-koelner-throughbolt-r-hpt-ii-a4-100-mm-12-.webp\",\"datePublished\":\"2026-04-27T04:40:34+00:00\",\"breadcrumb\":{\"@id\":\"https:\/\/www.domkraftpro.com\/index.php\/produkt\/koelner-throughbolt-r-hpt-ii-a4-100-mm-12-mm-dokud-zasoby-vydrzi-1707\/#breadcrumb\"},\"inLanguage\":\"cs\",\"potentialAction\":[{\"@type\":\"ReadAction\",\"target\":[\"https:\/\/www.domkraftpro.com\/index.php\/produkt\/koelner-throughbolt-r-hpt-ii-a4-100-mm-12-mm-dokud-zasoby-vydrzi-1707\/\"]}]},{\"@type\":\"ImageObject\",\"inLanguage\":\"cs\",\"@id\":\"https:\/\/www.domkraftpro.com\/index.php\/produkt\/koelner-throughbolt-r-hpt-ii-a4-100-mm-12-mm-dokud-zasoby-vydrzi-1707\/#primaryimage\",\"url\":\"https:\/\/www.domkraftpro.com\/wp-content\/uploads\/2026\/SK0009097-CZ20260425-091936-0-1777079982-mechanicka-kotva-koelner-throughbolt-r-hpt-ii-a4-100-mm-12-.webp\",\"contentUrl\":\"https:\/\/www.domkraftpro.com\/wp-content\/uploads\/2026\/SK0009097-CZ20260425-091936-0-1777079982-mechanicka-kotva-koelner-throughbolt-r-hpt-ii-a4-100-mm-12-.webp\",\"width\":1000,\"height\":523},{\"@type\":\"BreadcrumbList\",\"@id\":\"https:\/\/www.domkraftpro.com\/index.php\/produkt\/koelner-throughbolt-r-hpt-ii-a4-100-mm-12-mm-dokud-zasoby-vydrzi-1707\/#breadcrumb\",\"itemListElement\":[{\"@type\":\"ListItem\",\"position\":1,\"name\":\"Home\",\"item\":\"https:\/\/www.domkraftpro.com\/\"},{\"@type\":\"ListItem\",\"position\":2,\"name\":\"Products\",\"item\":\"https:\/\/www.domkraftpro.com\/index.php\/products\/\"},{\"@type\":\"ListItem\",\"position\":3,\"name\":\"Koelner Throughbolt R-HPT II-A4 100 mm 12 mm Dokud Z\u00e1soby Vydr\u017e\u00ed\"}]},{\"@type\":\"WebSite\",\"@id\":\"https:\/\/www.domkraftpro.com\/#website\",\"url\":\"https:\/\/www.domkraftpro.com\/\",\"name\":\"\",\"description\":\"\",\"potentialAction\":[{\"@type\":\"SearchAction\",\"target\":{\"@type\":\"EntryPoint\",\"urlTemplate\":\"https:\/\/www.domkraftpro.com\/?s={search_term_string}\"},\"query-input\":{\"@type\":\"PropertyValueSpecification\",\"valueRequired\":true,\"valueName\":\"search_term_string\"}}],\"inLanguage\":\"cs\"}]}<\/script>\n<!-- \/ Yoast SEO plugin. -->","yoast_head_json":{"title":"Koelner Throughbolt R-HPT II-A4 100 mm 12 mm Dokud Z\u00e1soby Vydr\u017e\u00ed -","robots":{"index":"index","follow":"follow","max-snippet":"max-snippet:-1","max-image-preview":"max-image-preview:large","max-video-preview":"max-video-preview:-1"},"canonical":"https:\/\/www.domkraftpro.com\/index.php\/produkt\/koelner-throughbolt-r-hpt-ii-a4-100-mm-12-mm-dokud-zasoby-vydrzi-1707\/","og_locale":"cs_CZ","og_type":"article","og_title":"Koelner Throughbolt R-HPT II-A4 100 mm 12 mm Dokud Z\u00e1soby Vydr\u017e\u00ed -","og_description":"Vlastnosti Materi\u00e1l nerezov\u00e1 ocel Pr\u016fm\u011br 8\u00a0\u2013 16\u00a0mm D\u00e9lka 60\u00a0\u2013 180\u00a0mm Povrchov\u00e1 \u00faprava pozinkov\u00e1n\u00ed T\u0159\u00edda pevnosti 8,8 Barva st\u0159\u00edbrn\u00e1 Balen\u00ed 25\u00a0\u2013 100\u00a0ks Parametry P\u016fvod Vyrobeno v\u00a0PL Z\u00e1ruka 2 roky Zna\u010dka Koelner Popis: Kotva Throughbolt R-HPT II je mechanick\u00e1 kotva z nerezov\u00e9 oceli t\u0159\u00eddy A4 ur\u010dena pro univerz\u00e1ln\u00ed upev\u0148ov\u00e1n\u00ed s \u0161irokou \u0161k\u00e1lou po\u017eit\u00ed do betonu, a to [&hellip;]","og_url":"https:\/\/www.domkraftpro.com\/index.php\/produkt\/koelner-throughbolt-r-hpt-ii-a4-100-mm-12-mm-dokud-zasoby-vydrzi-1707\/","og_image":[{"width":1000,"height":523,"url":"https:\/\/www.domkraftpro.com\/wp-content\/uploads\/2026\/SK0009097-CZ20260425-091936-0-1777079982-mechanicka-kotva-koelner-throughbolt-r-hpt-ii-a4-100-mm-12-.webp","type":"image\/webp"}],"twitter_card":"summary_large_image","twitter_misc":{"Odhadovan\u00e1 doba \u010dten\u00ed":"1 minuta"},"schema":{"@context":"https:\/\/schema.org","@graph":[{"@type":"WebPage","@id":"https:\/\/www.domkraftpro.com\/index.php\/produkt\/koelner-throughbolt-r-hpt-ii-a4-100-mm-12-mm-dokud-zasoby-vydrzi-1707\/","url":"https:\/\/www.domkraftpro.com\/index.php\/produkt\/koelner-throughbolt-r-hpt-ii-a4-100-mm-12-mm-dokud-zasoby-vydrzi-1707\/","name":"Koelner Throughbolt R-HPT II-A4 100 mm 12 mm Dokud Z\u00e1soby Vydr\u017e\u00ed -","isPartOf":{"@id":"https:\/\/www.domkraftpro.com\/#website"},"primaryImageOfPage":{"@id":"https:\/\/www.domkraftpro.com\/index.php\/produkt\/koelner-throughbolt-r-hpt-ii-a4-100-mm-12-mm-dokud-zasoby-vydrzi-1707\/#primaryimage"},"image":{"@id":"https:\/\/www.domkraftpro.com\/index.php\/produkt\/koelner-throughbolt-r-hpt-ii-a4-100-mm-12-mm-dokud-zasoby-vydrzi-1707\/#primaryimage"},"thumbnailUrl":"https:\/\/www.domkraftpro.com\/wp-content\/uploads\/2026\/SK0009097-CZ20260425-091936-0-1777079982-mechanicka-kotva-koelner-throughbolt-r-hpt-ii-a4-100-mm-12-.webp","datePublished":"2026-04-27T04:40:34+00:00","breadcrumb":{"@id":"https:\/\/www.domkraftpro.com\/index.php\/produkt\/koelner-throughbolt-r-hpt-ii-a4-100-mm-12-mm-dokud-zasoby-vydrzi-1707\/#breadcrumb"},"inLanguage":"cs","potentialAction":[{"@type":"ReadAction","target":["https:\/\/www.domkraftpro.com\/index.php\/produkt\/koelner-throughbolt-r-hpt-ii-a4-100-mm-12-mm-dokud-zasoby-vydrzi-1707\/"]}]},{"@type":"ImageObject","inLanguage":"cs","@id":"https:\/\/www.domkraftpro.com\/index.php\/produkt\/koelner-throughbolt-r-hpt-ii-a4-100-mm-12-mm-dokud-zasoby-vydrzi-1707\/#primaryimage","url":"https:\/\/www.domkraftpro.com\/wp-content\/uploads\/2026\/SK0009097-CZ20260425-091936-0-1777079982-mechanicka-kotva-koelner-throughbolt-r-hpt-ii-a4-100-mm-12-.webp","contentUrl":"https:\/\/www.domkraftpro.com\/wp-content\/uploads\/2026\/SK0009097-CZ20260425-091936-0-1777079982-mechanicka-kotva-koelner-throughbolt-r-hpt-ii-a4-100-mm-12-.webp","width":1000,"height":523},{"@type":"BreadcrumbList","@id":"https:\/\/www.domkraftpro.com\/index.php\/produkt\/koelner-throughbolt-r-hpt-ii-a4-100-mm-12-mm-dokud-zasoby-vydrzi-1707\/#breadcrumb","itemListElement":[{"@type":"ListItem","position":1,"name":"Home","item":"https:\/\/www.domkraftpro.com\/"},{"@type":"ListItem","position":2,"name":"Products","item":"https:\/\/www.domkraftpro.com\/index.php\/products\/"},{"@type":"ListItem","position":3,"name":"Koelner Throughbolt R-HPT II-A4 100 mm 12 mm Dokud Z\u00e1soby Vydr\u017e\u00ed"}]},{"@type":"WebSite","@id":"https:\/\/www.domkraftpro.com\/#website","url":"https:\/\/www.domkraftpro.com\/","name":"","description":"","potentialAction":[{"@type":"SearchAction","target":{"@type":"EntryPoint","urlTemplate":"https:\/\/www.domkraftpro.com\/?s={search_term_string}"},"query-input":{"@type":"PropertyValueSpecification","valueRequired":true,"valueName":"search_term_string"}}],"inLanguage":"cs"}]}},"_links":{"self":[{"href":"https:\/\/www.domkraftpro.com\/index.php\/wp-json\/wp\/v2\/product\/1707","targetHints":{"allow":["GET"]}}],"collection":[{"href":"https:\/\/www.domkraftpro.com\/index.php\/wp-json\/wp\/v2\/product"}],"about":[{"href":"https:\/\/www.domkraftpro.com\/index.php\/wp-json\/wp\/v2\/types\/product"}],"replies":[{"embeddable":true,"href":"https:\/\/www.domkraftpro.com\/index.php\/wp-json\/wp\/v2\/comments?post=1707"}],"wp:featuredmedia":[{"embeddable":true,"href":"https:\/\/www.domkraftpro.com\/index.php\/wp-json\/wp\/v2\/media\/1807"}],"wp:attachment":[{"href":"https:\/\/www.domkraftpro.com\/index.php\/wp-json\/wp\/v2\/media?parent=1707"}],"wp:term":[{"taxonomy":"product_brand","embeddable":true,"href":"https:\/\/www.domkraftpro.com\/index.php\/wp-json\/wp\/v2\/product_brand?post=1707"},{"taxonomy":"product_cat","embeddable":true,"href":"https:\/\/www.domkraftpro.com\/index.php\/wp-json\/wp\/v2\/product_cat?post=1707"},{"taxonomy":"product_tag","embeddable":true,"href":"https:\/\/www.domkraftpro.com\/index.php\/wp-json\/wp\/v2\/product_tag?post=1707"}],"curies":[{"name":"wp","href":"https:\/\/api.w.org\/{rel}","templated":true}]}}