{"id":16973,"date":"2026-04-27T04:41:05","date_gmt":"2026-04-27T04:41:05","guid":{"rendered":""},"modified":"2026-04-27T04:41:05","modified_gmt":"2026-04-27T04:41:05","slug":"znackovy-metr-svinovaci-5m-x-19mm-astra-element-shop-cz-16973","status":"publish","type":"product","link":"https:\/\/www.domkraftpro.com\/index.php\/produkt\/znackovy-metr-svinovaci-5m-x-19mm-astra-element-shop-cz-16973\/","title":{"rendered":"Zna\u010dkov\u00fd Metr svinovac\u00ed, 5m x 19mm, ASTRA | element-shop.cz"},"content":{"rendered":"<div class=\"basic-description\">\n<h3>Detailn\u00ed popis produktu<\/h3>\n<p>                                    Profesion\u00e1ln\u00ed svinovac\u00ed <span class=\"show-tooltip\" title=\"Metr je z\u00e1kladn\u00ed jednotka d\u00e9lky v soustav\u011b SI (Syst\u00e8me International d&#039;Unit\u00e9s) a je mezin\u00e1rodn\u011b uzn\u00e1van\u00e1 jednotka m\u011b\u0159en\u00ed d\u00e9lky. Zna\u010dka jednotky d\u00e9lky metru je &quot;m&quot;.Metr byl definov\u00e1n jako d\u00e9lka dr\u00e1hy, kterou sv\u011btlo ve vakuu uraz\u00ed za \u010dasov\u00fd interval&amp;hellip;\">metr<\/span> 5 m \u00d7 19 mm \u2013 p\u0159esnost, kter\u00e1 vydr\u017e\u00edSpolehliv\u00fd a odoln\u00fd svinovac\u00ed metr s <span class=\"show-tooltip\" title=\"D\u00e9lka&amp;nbsp;je jedna ze z\u00e1kladn\u00edch&amp;nbsp;fyzik\u00e1ln\u00edch veli\u010din. Pomoc\u00ed d\u00e9lky se vyjad\u0159uje vz\u00e1jemn\u00e1 poloha a rozprostran\u011bnost objekt\u016f v prostoru. D\u00e9lka jako fyzik\u00e1ln\u00ed veli\u010dina vych\u00e1z\u00ed z geometrick\u00e9ho pojmu&amp;nbsp;d\u00e9lky&amp;nbsp;jako&amp;nbsp;m\u00edry&amp;nbsp;ohrani\u010den\u00e9&amp;hellip;\">d\u00e9lkou<\/span> 5 metr\u016f a \u0161irokou p\u00e1skou 19 mm, navr\u017een\u00fd pro ka\u017edodenn\u00ed pou\u017eit\u00ed v n\u00e1ro\u010dn\u00fdch podm\u00ednk\u00e1ch. D\u00edky t\u0159\u00edd\u011b p\u0159esnosti II je ide\u00e1ln\u00ed pro profesion\u00e1ln\u00ed \u0159emesln\u00edky, stavebn\u00edky i n\u00e1ro\u010dn\u00e9 kutily, kte\u0159\u00ed kladou d\u016fraz na preciznost.P\u00e1ska s matnou antireflexn\u00ed \u00fapravou zaji\u0161\u0165uje vynikaj\u00edc\u00ed \u010ditelnost stupnice i na p\u0159\u00edm\u00e9m <span class=\"show-tooltip\" title=\"Slunce je centr\u00e1ln\u00ed hv\u011bzda slune\u010dn\u00ed soustavy, kter\u00e1 poskytuje energii prost\u0159ednictv\u00edm jadern\u00fdch reakc\u00ed termojadern\u00e9 f\u00faze. Jeho vlastnosti, velikost, st\u00e1\u0159\u00ed a v\u00fdznam jsou kl\u00ed\u010dov\u00e9 pro ch\u00e1p\u00e1n\u00ed \u017eivota na Zemi a v na\u0161\u00ed slune\u010dn\u00ed soustav\u011b.&amp;nbsp;Slunce je&amp;hellip;\">slunci<\/span>. T\u011blo metru je vyrobeno z kombinace odoln\u00e9ho <span class=\"show-tooltip\" title=\"Plastyn\u011bkdy tak\u00e9 naz\u00fdvan\u00e9 plastick\u00e9 \u010di um\u011bl\u00e9 hmoty, p\u0159edstavuj\u00ed \u0161irokou \u0161k\u00e1lu syntetick\u00fdch nebo \u010d\u00e1ste\u010dn\u011b syntetick\u00fdch organick\u00fdch slou\u010denin a polymern\u00edch materi\u00e1l\u016f. \u010casto obsahuj\u00ed p\u0159\u00edsady zlep\u0161uj\u00edc\u00ed jejich funk\u010dn\u00ed vlastnosti, nap\u0159\u00edklad&amp;hellip;\">plastu<\/span> a pogumovan\u00e9ho povrchu, kter\u00fd zvy\u0161uje n\u00e1razuvzdornost a jistotu \u00fachopu v ka\u017ed\u00e9 situaci. Nechyb\u00ed praktick\u00e1 zar\u00e1\u017eka pro vn\u011bj\u0161\u00ed i vnit\u0159n\u00ed m\u011b\u0159en\u00ed, jednoduch\u00e1 brzda pro rychl\u00e9 zastaven\u00ed p\u00e1sky, klip na opasek a poutko pro zav\u011b\u0161en\u00ed.Kl\u00ed\u010dov\u00e9 vlastnosti:&#10003; 5 metr\u016f d\u00e9lky, 19 mm \u0161irok\u00e1 p\u00e1ska &#10003; T\u0159\u00edda p\u0159esnosti II \u2013 spolehliv\u00e9 a p\u0159esn\u00e9 m\u011b\u0159en\u00ed&#10003; Antireflexn\u00ed povrch p\u00e1sky \u2013 \u017e\u00e1dn\u00e9 odlesky, snadn\u00e1 \u010ditelnost&#10003; Odoln\u00fd plast s <span class=\"show-tooltip\" title=\"Pry\u017e, zn\u00e1m\u00e1 t\u00e9\u017e jako guma, je elastick\u00fd polymern\u00ed materi\u00e1l, kter\u00fd se z\u00edsk\u00e1v\u00e1 z latexu n\u011bkter\u00fdch rostlin nebo synteticky vyr\u00e1b\u011bn\u00fd.&amp;nbsp;Latexov\u00e1 pry\u017e je p\u0159irozen\u00fd materi\u00e1l z\u00edsk\u00e1van\u00fd z latexu strom\u016f, zejm\u00e9na kau\u010dukovn\u00edk\u016f. Syntetick\u00e1 pry\u017e je vytv\u00e1\u0159ena&amp;hellip;\">gumov\u00fdm<\/span> povrchem \u2013 ochrana proti n\u00e1raz\u016fm&#10003; Brzda, zar\u00e1\u017eka, poutko a klip \u2013 v\u0161e pro pohodln\u00e9 pou\u017e\u00edv\u00e1n\u00ed&#10003; barevn\u00e9 varianty prod\u00e1v\u00e1me dle skladov\u00fdch z\u00e1sobRobustn\u00ed, p\u0159esn\u00fd a praktick\u00fd \u2013 svinovac\u00ed metr, na kter\u00fd se m\u016f\u017eete spolehnout.                            <\/div>\n","protected":false},"excerpt":{"rendered":"<p>Detailn\u00ed popis produktu Profesion\u00e1ln\u00ed svinovac\u00ed metr 5 m \u00d7 19 mm \u2013 p\u0159esnost, kter\u00e1 vydr\u017e\u00edSpolehliv\u00fd a odoln\u00fd svinovac\u00ed metr s d\u00e9lkou 5 metr\u016f a \u0161irokou p\u00e1skou 19 mm, navr\u017een\u00fd pro ka\u017edodenn\u00ed pou\u017eit\u00ed v n\u00e1ro\u010dn\u00fdch podm\u00ednk\u00e1ch. D\u00edky t\u0159\u00edd\u011b p\u0159esnosti II je ide\u00e1ln\u00ed pro profesion\u00e1ln\u00ed \u0159emesln\u00edky, stavebn\u00edky i n\u00e1ro\u010dn\u00e9 kutily, kte\u0159\u00ed kladou d\u016fraz na preciznost.P\u00e1ska s matnou [&hellip;]<\/p>\n","protected":false},"featured_media":17073,"comment_status":"open","ping_status":"open","template":"","meta":[],"product_brand":[],"product_cat":[52],"product_tag":[],"class_list":{"0":"post-16973","1":"product","2":"type-product","3":"status-publish","4":"has-post-thumbnail","6":"product_cat-naradi","8":"first","9":"instock","10":"sale","11":"shipping-taxable","12":"purchasable","13":"product-type-simple"},"yoast_head":"<!-- This site is optimized with the Yoast SEO plugin v26.8 - https:\/\/yoast.com\/product\/yoast-seo-wordpress\/ -->\n<title>Zna\u010dkov\u00fd Metr svinovac\u00ed, 5m x 19mm, ASTRA | element-shop.cz -<\/title>\n<meta name=\"robots\" content=\"index, follow, max-snippet:-1, max-image-preview:large, max-video-preview:-1\" \/>\n<link rel=\"canonical\" href=\"https:\/\/www.domkraftpro.com\/index.php\/produkt\/znackovy-metr-svinovaci-5m-x-19mm-astra-element-shop-cz-16973\/\" \/>\n<meta property=\"og:locale\" content=\"cs_CZ\" \/>\n<meta property=\"og:type\" content=\"article\" \/>\n<meta property=\"og:title\" content=\"Zna\u010dkov\u00fd Metr svinovac\u00ed, 5m x 19mm, ASTRA | element-shop.cz -\" \/>\n<meta property=\"og:description\" content=\"Detailn\u00ed popis produktu Profesion\u00e1ln\u00ed svinovac\u00ed metr 5 m \u00d7 19 mm \u2013 p\u0159esnost, kter\u00e1 vydr\u017e\u00edSpolehliv\u00fd a odoln\u00fd svinovac\u00ed metr s d\u00e9lkou 5 metr\u016f a \u0161irokou p\u00e1skou 19 mm, navr\u017een\u00fd pro ka\u017edodenn\u00ed pou\u017eit\u00ed v n\u00e1ro\u010dn\u00fdch podm\u00ednk\u00e1ch. D\u00edky t\u0159\u00edd\u011b p\u0159esnosti II je ide\u00e1ln\u00ed pro profesion\u00e1ln\u00ed \u0159emesln\u00edky, stavebn\u00edky i n\u00e1ro\u010dn\u00e9 kutily, kte\u0159\u00ed kladou d\u016fraz na preciznost.P\u00e1ska s matnou [&hellip;]\" \/>\n<meta property=\"og:url\" content=\"https:\/\/www.domkraftpro.com\/index.php\/produkt\/znackovy-metr-svinovaci-5m-x-19mm-astra-element-shop-cz-16973\/\" \/>\n<meta property=\"og:image\" content=\"https:\/\/www.domkraftpro.com\/wp-content\/uploads\/2026\/SK0007980-CZ20260425-092522-0-1777080324-121348_rewrite-241790-11207.webp\" \/>\n\t<meta property=\"og:image:width\" content=\"1000\" \/>\n\t<meta property=\"og:image:height\" content=\"750\" \/>\n\t<meta property=\"og:image:type\" content=\"image\/webp\" \/>\n<meta name=\"twitter:card\" content=\"summary_large_image\" \/>\n<meta name=\"twitter:label1\" content=\"Odhadovan\u00e1 doba \u010dten\u00ed\" \/>\n\t<meta name=\"twitter:data1\" content=\"1 minuta\" \/>\n<script type=\"application\/ld+json\" class=\"yoast-schema-graph\">{\"@context\":\"https:\/\/schema.org\",\"@graph\":[{\"@type\":\"WebPage\",\"@id\":\"https:\/\/www.domkraftpro.com\/index.php\/produkt\/znackovy-metr-svinovaci-5m-x-19mm-astra-element-shop-cz-16973\/\",\"url\":\"https:\/\/www.domkraftpro.com\/index.php\/produkt\/znackovy-metr-svinovaci-5m-x-19mm-astra-element-shop-cz-16973\/\",\"name\":\"Zna\u010dkov\u00fd Metr svinovac\u00ed, 5m x 19mm, ASTRA | element-shop.cz -\",\"isPartOf\":{\"@id\":\"https:\/\/www.domkraftpro.com\/#website\"},\"primaryImageOfPage\":{\"@id\":\"https:\/\/www.domkraftpro.com\/index.php\/produkt\/znackovy-metr-svinovaci-5m-x-19mm-astra-element-shop-cz-16973\/#primaryimage\"},\"image\":{\"@id\":\"https:\/\/www.domkraftpro.com\/index.php\/produkt\/znackovy-metr-svinovaci-5m-x-19mm-astra-element-shop-cz-16973\/#primaryimage\"},\"thumbnailUrl\":\"https:\/\/www.domkraftpro.com\/wp-content\/uploads\/2026\/SK0007980-CZ20260425-092522-0-1777080324-121348_rewrite-241790-11207.webp\",\"datePublished\":\"2026-04-27T04:41:05+00:00\",\"breadcrumb\":{\"@id\":\"https:\/\/www.domkraftpro.com\/index.php\/produkt\/znackovy-metr-svinovaci-5m-x-19mm-astra-element-shop-cz-16973\/#breadcrumb\"},\"inLanguage\":\"cs\",\"potentialAction\":[{\"@type\":\"ReadAction\",\"target\":[\"https:\/\/www.domkraftpro.com\/index.php\/produkt\/znackovy-metr-svinovaci-5m-x-19mm-astra-element-shop-cz-16973\/\"]}]},{\"@type\":\"ImageObject\",\"inLanguage\":\"cs\",\"@id\":\"https:\/\/www.domkraftpro.com\/index.php\/produkt\/znackovy-metr-svinovaci-5m-x-19mm-astra-element-shop-cz-16973\/#primaryimage\",\"url\":\"https:\/\/www.domkraftpro.com\/wp-content\/uploads\/2026\/SK0007980-CZ20260425-092522-0-1777080324-121348_rewrite-241790-11207.webp\",\"contentUrl\":\"https:\/\/www.domkraftpro.com\/wp-content\/uploads\/2026\/SK0007980-CZ20260425-092522-0-1777080324-121348_rewrite-241790-11207.webp\",\"width\":1000,\"height\":750},{\"@type\":\"BreadcrumbList\",\"@id\":\"https:\/\/www.domkraftpro.com\/index.php\/produkt\/znackovy-metr-svinovaci-5m-x-19mm-astra-element-shop-cz-16973\/#breadcrumb\",\"itemListElement\":[{\"@type\":\"ListItem\",\"position\":1,\"name\":\"Home\",\"item\":\"https:\/\/www.domkraftpro.com\/\"},{\"@type\":\"ListItem\",\"position\":2,\"name\":\"Products\",\"item\":\"https:\/\/www.domkraftpro.com\/index.php\/products\/\"},{\"@type\":\"ListItem\",\"position\":3,\"name\":\"Zna\u010dkov\u00fd Metr svinovac\u00ed, 5m x 19mm, ASTRA | element-shop.cz\"}]},{\"@type\":\"WebSite\",\"@id\":\"https:\/\/www.domkraftpro.com\/#website\",\"url\":\"https:\/\/www.domkraftpro.com\/\",\"name\":\"\",\"description\":\"\",\"potentialAction\":[{\"@type\":\"SearchAction\",\"target\":{\"@type\":\"EntryPoint\",\"urlTemplate\":\"https:\/\/www.domkraftpro.com\/?s={search_term_string}\"},\"query-input\":{\"@type\":\"PropertyValueSpecification\",\"valueRequired\":true,\"valueName\":\"search_term_string\"}}],\"inLanguage\":\"cs\"}]}<\/script>\n<!-- \/ Yoast SEO plugin. -->","yoast_head_json":{"title":"Zna\u010dkov\u00fd Metr svinovac\u00ed, 5m x 19mm, ASTRA | element-shop.cz -","robots":{"index":"index","follow":"follow","max-snippet":"max-snippet:-1","max-image-preview":"max-image-preview:large","max-video-preview":"max-video-preview:-1"},"canonical":"https:\/\/www.domkraftpro.com\/index.php\/produkt\/znackovy-metr-svinovaci-5m-x-19mm-astra-element-shop-cz-16973\/","og_locale":"cs_CZ","og_type":"article","og_title":"Zna\u010dkov\u00fd Metr svinovac\u00ed, 5m x 19mm, ASTRA | element-shop.cz -","og_description":"Detailn\u00ed popis produktu Profesion\u00e1ln\u00ed svinovac\u00ed metr 5 m \u00d7 19 mm \u2013 p\u0159esnost, kter\u00e1 vydr\u017e\u00edSpolehliv\u00fd a odoln\u00fd svinovac\u00ed metr s d\u00e9lkou 5 metr\u016f a \u0161irokou p\u00e1skou 19 mm, navr\u017een\u00fd pro ka\u017edodenn\u00ed pou\u017eit\u00ed v n\u00e1ro\u010dn\u00fdch podm\u00ednk\u00e1ch. D\u00edky t\u0159\u00edd\u011b p\u0159esnosti II je ide\u00e1ln\u00ed pro profesion\u00e1ln\u00ed \u0159emesln\u00edky, stavebn\u00edky i n\u00e1ro\u010dn\u00e9 kutily, kte\u0159\u00ed kladou d\u016fraz na preciznost.P\u00e1ska s matnou [&hellip;]","og_url":"https:\/\/www.domkraftpro.com\/index.php\/produkt\/znackovy-metr-svinovaci-5m-x-19mm-astra-element-shop-cz-16973\/","og_image":[{"width":1000,"height":750,"url":"https:\/\/www.domkraftpro.com\/wp-content\/uploads\/2026\/SK0007980-CZ20260425-092522-0-1777080324-121348_rewrite-241790-11207.webp","type":"image\/webp"}],"twitter_card":"summary_large_image","twitter_misc":{"Odhadovan\u00e1 doba \u010dten\u00ed":"1 minuta"},"schema":{"@context":"https:\/\/schema.org","@graph":[{"@type":"WebPage","@id":"https:\/\/www.domkraftpro.com\/index.php\/produkt\/znackovy-metr-svinovaci-5m-x-19mm-astra-element-shop-cz-16973\/","url":"https:\/\/www.domkraftpro.com\/index.php\/produkt\/znackovy-metr-svinovaci-5m-x-19mm-astra-element-shop-cz-16973\/","name":"Zna\u010dkov\u00fd Metr svinovac\u00ed, 5m x 19mm, ASTRA | element-shop.cz -","isPartOf":{"@id":"https:\/\/www.domkraftpro.com\/#website"},"primaryImageOfPage":{"@id":"https:\/\/www.domkraftpro.com\/index.php\/produkt\/znackovy-metr-svinovaci-5m-x-19mm-astra-element-shop-cz-16973\/#primaryimage"},"image":{"@id":"https:\/\/www.domkraftpro.com\/index.php\/produkt\/znackovy-metr-svinovaci-5m-x-19mm-astra-element-shop-cz-16973\/#primaryimage"},"thumbnailUrl":"https:\/\/www.domkraftpro.com\/wp-content\/uploads\/2026\/SK0007980-CZ20260425-092522-0-1777080324-121348_rewrite-241790-11207.webp","datePublished":"2026-04-27T04:41:05+00:00","breadcrumb":{"@id":"https:\/\/www.domkraftpro.com\/index.php\/produkt\/znackovy-metr-svinovaci-5m-x-19mm-astra-element-shop-cz-16973\/#breadcrumb"},"inLanguage":"cs","potentialAction":[{"@type":"ReadAction","target":["https:\/\/www.domkraftpro.com\/index.php\/produkt\/znackovy-metr-svinovaci-5m-x-19mm-astra-element-shop-cz-16973\/"]}]},{"@type":"ImageObject","inLanguage":"cs","@id":"https:\/\/www.domkraftpro.com\/index.php\/produkt\/znackovy-metr-svinovaci-5m-x-19mm-astra-element-shop-cz-16973\/#primaryimage","url":"https:\/\/www.domkraftpro.com\/wp-content\/uploads\/2026\/SK0007980-CZ20260425-092522-0-1777080324-121348_rewrite-241790-11207.webp","contentUrl":"https:\/\/www.domkraftpro.com\/wp-content\/uploads\/2026\/SK0007980-CZ20260425-092522-0-1777080324-121348_rewrite-241790-11207.webp","width":1000,"height":750},{"@type":"BreadcrumbList","@id":"https:\/\/www.domkraftpro.com\/index.php\/produkt\/znackovy-metr-svinovaci-5m-x-19mm-astra-element-shop-cz-16973\/#breadcrumb","itemListElement":[{"@type":"ListItem","position":1,"name":"Home","item":"https:\/\/www.domkraftpro.com\/"},{"@type":"ListItem","position":2,"name":"Products","item":"https:\/\/www.domkraftpro.com\/index.php\/products\/"},{"@type":"ListItem","position":3,"name":"Zna\u010dkov\u00fd Metr svinovac\u00ed, 5m x 19mm, ASTRA | element-shop.cz"}]},{"@type":"WebSite","@id":"https:\/\/www.domkraftpro.com\/#website","url":"https:\/\/www.domkraftpro.com\/","name":"","description":"","potentialAction":[{"@type":"SearchAction","target":{"@type":"EntryPoint","urlTemplate":"https:\/\/www.domkraftpro.com\/?s={search_term_string}"},"query-input":{"@type":"PropertyValueSpecification","valueRequired":true,"valueName":"search_term_string"}}],"inLanguage":"cs"}]}},"_links":{"self":[{"href":"https:\/\/www.domkraftpro.com\/index.php\/wp-json\/wp\/v2\/product\/16973","targetHints":{"allow":["GET"]}}],"collection":[{"href":"https:\/\/www.domkraftpro.com\/index.php\/wp-json\/wp\/v2\/product"}],"about":[{"href":"https:\/\/www.domkraftpro.com\/index.php\/wp-json\/wp\/v2\/types\/product"}],"replies":[{"embeddable":true,"href":"https:\/\/www.domkraftpro.com\/index.php\/wp-json\/wp\/v2\/comments?post=16973"}],"wp:featuredmedia":[{"embeddable":true,"href":"https:\/\/www.domkraftpro.com\/index.php\/wp-json\/wp\/v2\/media\/17073"}],"wp:attachment":[{"href":"https:\/\/www.domkraftpro.com\/index.php\/wp-json\/wp\/v2\/media?parent=16973"}],"wp:term":[{"taxonomy":"product_brand","embeddable":true,"href":"https:\/\/www.domkraftpro.com\/index.php\/wp-json\/wp\/v2\/product_brand?post=16973"},{"taxonomy":"product_cat","embeddable":true,"href":"https:\/\/www.domkraftpro.com\/index.php\/wp-json\/wp\/v2\/product_cat?post=16973"},{"taxonomy":"product_tag","embeddable":true,"href":"https:\/\/www.domkraftpro.com\/index.php\/wp-json\/wp\/v2\/product_tag?post=16973"}],"curies":[{"name":"wp","href":"https:\/\/api.w.org\/{rel}","templated":true}]}}