{"id":16960,"date":"2026-04-27T04:41:05","date_gmt":"2026-04-27T04:41:05","guid":{"rendered":""},"modified":"2026-04-27T04:41:05","modified_gmt":"2026-04-27T04:41:05","slug":"akce-colson-r-kolecko-pojezdove-pr-performa-pevne-seda-guma-pr-100-mm-nosnost-150-kg-element-shop-cz-16960","status":"publish","type":"product","link":"https:\/\/www.domkraftpro.com\/index.php\/produkt\/akce-colson-r-kolecko-pojezdove-pr-performa-pevne-seda-guma-pr-100-mm-nosnost-150-kg-element-shop-cz-16960\/","title":{"rendered":"Akce COLSON\u00ae Kole\u010dko pojezdov\u00e9 PR PERFORMA, pevn\u00e9, \u0161ed\u00e1 guma, pr. 100 mm, nosnost 150 kg | element-shop.cz"},"content":{"rendered":"<div class=\"basic-description\">\n<h3>Detailn\u00ed popis produktu<\/h3>\n<ul>\n<li><span style=\"font-size: 12pt; font-family: inherit;\"><strong>Kolo pro p\u0159epravn\u00ed voz\u00edky s elastick\u00fdm b\u011bhounem Performa\u00ae <span class=\"show-tooltip\" title=\"Modr\u00e1 je barva s vlnovou d\u00e9lkou v rozmez\u00ed p\u0159ibli\u017en\u011b 450\u2013495 nm. V barevn\u00e9m spektru se nach\u00e1z\u00ed mezi zelenou a fialovou. Modr\u00e1 je chladn\u00e1 a uklid\u0148uj\u00edc\u00ed barva, kter\u00e1 symbolizuje oblohu, vodu a nekone\u010dnost. Pat\u0159\u00ed mezi z\u00e1kladn\u00ed barvy a je \u0161iroce pou\u017e\u00edv\u00e1na&amp;hellip;\">modr\u00fd<\/span>.&nbsp;<\/strong><\/span><\/li>\n<li><span style=\"font-size: 12pt; font-family: inherit;\"><strong><span class=\"show-tooltip\" title=\"\u0160ed\u00e1 je neutr\u00e1ln\u00ed barva, kter\u00e1 vznik\u00e1 kombinac\u00ed \u010dern\u00e9 a b\u00edl\u00e9. Je to barva, kter\u00e1 se nach\u00e1z\u00ed mezi \u010dernou a b\u00edlou na spektru viditeln\u00e9ho sv\u011btla, co\u017e j\u00ed d\u00e1v\u00e1 vlastnost tlumenosti a vyv\u00e1\u017eenosti. \u0160ed\u00e1 je zn\u00e1m\u00e1 svou eleganc\u00ed, neutr\u00e1lnost\u00ed a schopnost\u00ed&amp;hellip;\">\u0160ed\u00e9<\/span> <span class=\"show-tooltip\" title=\"Plastyn\u011bkdy tak\u00e9 naz\u00fdvan\u00e9 plastick\u00e9 \u010di um\u011bl\u00e9 hmoty, p\u0159edstavuj\u00ed \u0161irokou \u0161k\u00e1lu syntetick\u00fdch nebo \u010d\u00e1ste\u010dn\u011b syntetick\u00fdch organick\u00fdch slou\u010denin a polymern\u00edch materi\u00e1l\u016f. \u010casto obsahuj\u00ed p\u0159\u00edsady zlep\u0161uj\u00edc\u00ed jejich funk\u010dn\u00ed vlastnosti, nap\u0159\u00edklad&amp;hellip;\">plastov\u00e9<\/span> kolo&nbsp;s b\u011bhounem z modr\u00e9 <span class=\"show-tooltip\" title=\"Pry\u017e, zn\u00e1m\u00e1 t\u00e9\u017e jako guma, je elastick\u00fd polymern\u00ed materi\u00e1l, kter\u00fd se z\u00edsk\u00e1v\u00e1 z latexu n\u011bkter\u00fdch rostlin nebo synteticky vyr\u00e1b\u011bn\u00fd.&amp;nbsp;Latexov\u00e1 pry\u017e je p\u0159irozen\u00fd materi\u00e1l z\u00edsk\u00e1van\u00fd z latexu strom\u016f, zejm\u00e9na kau\u010dukovn\u00edk\u016f. Syntetick\u00e1 pry\u017e je vytv\u00e1\u0159ena&amp;hellip;\">gumy<\/span> &#8211; b\u011bhoun Performa\u00ae&nbsp;PR s jednoduch\u00fdm dvojit\u00fdm <span class=\"show-tooltip\" title=\"T\u011bsn\u011bn\u00ed je proces nebo sou\u010d\u00e1stka, kter\u00e1 m\u00e1 za c\u00edl uzav\u0159\u00edt nebo odd\u011blit dv\u011b \u010d\u00e1sti nebo prost\u0159ed\u00ed tak, aby nedoch\u00e1zelo k ne\u017e\u00e1douc\u00edmu pronik\u00e1n\u00ed tekutin, plyn\u016f, \u010d\u00e1stic nebo tepla.\u058d T\u011bsn\u011bn\u00ed m\u016f\u017ee b\u00fdt aplikov\u00e1no v r\u016fzn\u00fdch kontextech a oblastech.\u058d&amp;hellip;\">t\u011bsn\u011bn\u00edm<\/span> s p\u0159esn\u00fdm kuli\u010dkov\u00fdm lo\u017eiskem.&nbsp;<\/strong><\/span><\/li>\n<li><span style=\"font-size: 12pt; font-family: inherit;\"><strong>B\u011bhoun Performa je b\u011bhoun vynalezen\u00fd a patentovan\u00fd spole\u010dnost\u00ed Colson&nbsp;, kter\u00fd se \u00fasp\u011b\u0161n\u011b pou\u017e\u00edv\u00e1 v r\u016fzn\u00fdch segmentech trhu.&nbsp;<\/strong><\/span><\/li>\n<li><span style=\"font-size: 12pt; font-family: inherit;\"><strong>Kombinuje v\u0161echny v\u00fdhody b\u011bhounu z p\u0159\u00edrodn\u00edho kau\u010duku a b\u011bhounu ze syntetick\u00e9ho kau\u010duku.&nbsp;V\u00fdhodou b\u011bhounu Performa jsou jeho fyzik\u00e1ln\u00ed a chemick\u00e9 vlastnosti.<\/strong><\/span><\/li>\n<li><span style=\"font-size: 12pt; font-family: inherit;\"><strong>V<span style=\"letter-spacing: 0.02rem;\">ysok\u00e1 odolnost proti <span class=\"show-tooltip\" title=\"Mechanika je v\u011bdn\u00ed obor, kter\u00fd se zab\u00fdv\u00e1 studiem pohybu a rovnov\u00e1hy t\u011bles, a to jak v klidu, tak v pohybu. Tento obor se rozd\u011bluje do n\u011bkolika hlavn\u00edch oblast\u00ed, kter\u00e9 se li\u0161\u00ed podle typ\u016f sil, pohybov\u00fdch vzorc\u016f a aplikac\u00ed.&amp;nbsp;Mechanika je&amp;hellip;\">mechanick\u00e9mu<\/span> po\u0161kozen\u00ed b\u011bhounu.&nbsp;<\/span><\/strong><\/span><\/li>\n<li><span style=\"font-size: 12pt; font-family: inherit;\"><strong><span style=\"letter-spacing: 0.02rem;\">Odoln\u00e9 v\u016f\u010di <span class=\"show-tooltip\" title=\"Oleje jsou obvykle visk\u00f3zn\u00ed tekutiny, kter\u00e9 jsou tvo\u0159eny hlavn\u011b tuky, a jsou vyu\u017e\u00edv\u00e1ny v r\u016fzn\u00fdch oblastech lidsk\u00e9 \u010dinnosti.&amp;nbsp;N\u011bkter\u00e9 druhy olej\u016f a jejich vyu\u017eit\u00ed:&amp;nbsp;Rostlinn\u00e9 oleje:&amp;nbsp;Rostlinn\u00e9 oleje, jako je \u0159epkov\u00fd,&amp;hellip;\">olej\u016fm<\/span>, tuk\u016fm a louh\u016fm &#8211; eliminovali jsme slab\u00e1 m\u00edsta b\u011bhounu z p\u0159\u00edrodn\u00edho kau\u010duku &#8211; m<\/span><\/strong><\/span><span style=\"font-size: 12pt; font-family: inherit;\"><strong><span style=\"letter-spacing: 0.02rem;\">imo jin\u00e9 velmi d\u016fle\u017eit\u00e9<\/span><span style=\"letter-spacing: 0.02rem;\">&nbsp;<\/span><span style=\"letter-spacing: 0.02rem;\">v potravin\u00e1\u0159sk\u00e9m pr\u016fmyslu, pek\u00e1rn\u00e1ch, hotelech, restaurac\u00edch.&nbsp;<\/span><\/strong><\/span><\/li>\n<li><span style=\"font-size: 12pt; font-family: inherit;\"><strong><span style=\"letter-spacing: 0.02rem;\">B\u011bhoun nezanech\u00e1v\u00e1 na <span class=\"show-tooltip\" title=\"Zem\u011b je t\u0159et\u00ed planetou od Slunce ve slune\u010dn\u00ed soustav\u011b a je jedinou planetou, na kter\u00e9 je dosud zn\u00e1m \u017eivot.&amp;nbsp;Zem\u011b je p\u0159ibli\u017en\u011b 4,5 miliardy let star\u00e1, co\u017e z n\u00ed \u010din\u00ed jednu z nejstar\u0161\u00edch planet ve slune\u010dn\u00ed soustav\u011b.&amp;nbsp;Velikost: Pr\u016fm\u011br Zem\u011b&amp;hellip;\">zemi<\/span> \u017e\u00e1dn\u00e9 stopy, nezanech\u00e1v\u00e1 skvrny, nepo\u0161kr\u00e1be se &#8211; to znamen\u00e1 minimalizuje provozn\u00ed n\u00e1klady.&nbsp;<\/span><\/strong><\/span><\/li>\n<li><span style=\"font-size: 12pt; font-family: inherit;\"><strong><span style=\"letter-spacing: 0.02rem;\">Vysok\u00e1 <span class=\"show-tooltip\" title=\"Pru\u017enost je vlastnost materi\u00e1l\u016f, kter\u00e1 se projevuje jejich schopnost\u00ed vracet se do p\u016fvodn\u00edho tvaru po odstran\u011bn\u00ed vn\u011bj\u0161\u00edch sil, kter\u00e9 na n\u011b p\u016fsobily. Pru\u017en\u00e9 materi\u00e1ly se deformuj\u00ed, kdy\u017e jsou vystaveny zat\u00ed\u017een\u00ed, a po odstran\u011bn\u00ed tohoto zat\u00ed\u017een\u00ed se op\u011bt&amp;hellip;\">flexibilita<\/span> b\u011bhounu: Shore 65 \u00b0 A.<\/span><\/strong><\/span><\/li>\n<\/ul>\n<div><span style=\"font-size: 12pt;\"><strong><span style=\"font-family: inherit;\"><span>+ snadn\u00e1 j\u00edzda po nerovn\u00e9m povrchu <\/span><\/span><\/strong><\/span><\/div>\n<div><span style=\"font-size: 12pt;\"><strong><span style=\"font-family: inherit;\"><span>+ tich\u00fd chod <\/span><\/span><\/strong><\/span><\/div>\n<div><span style=\"font-size: 12pt;\"><strong><span style=\"font-family: inherit;\"><span>+ n\u00edzk\u00fd valiv\u00fd odpor <\/span><\/span><\/strong><\/span><\/div>\n<div><span style=\"font-size: 12pt;\"><strong><span style=\"font-family: inherit;\"><span>+ odoln\u00fd v\u016f\u010di olej\u016fm, tuk\u016fm, \u010distic\u00edm prost\u0159edk\u016fm atd. <\/span><\/span><\/strong><\/span><\/div>\n<div><span style=\"font-size: 12pt;\"><strong><span style=\"font-family: inherit;\"><span>&#8211; nen\u00ed vhodn\u00fd pro trval\u00e9 statick\u00e9 pou\u017eit\u00ed <\/span><\/span><\/strong><\/span><\/div>\n<div><span style=\"font-size: 12pt;\"><strong><span style=\"font-family: inherit;\"><span>&#8211; omezen\u00e1 <span class=\"show-tooltip\" title=\"Nosnost&amp;nbsp;resp.&amp;nbsp;\u00fanosnost&amp;nbsp;je obecn\u00e1 charakteristika, kter\u00e1 vyjad\u0159uje vzdor (kapacitu) dan\u00e9ho&amp;nbsp;objektu&amp;nbsp;nebo&amp;nbsp;p\u0159edm\u011btu&amp;nbsp;(nap\u0159. stavebn\u00ed konstrukce, z\u00e1kladov\u00e9 p\u016fdy,&amp;nbsp;dopravn\u00edho prost\u0159edku, apod.) v\u016f\u010di p\u016fsoben\u00ed n\u011bjak\u00fdch&amp;hellip;\">nosnost<\/span><\/span><\/span><\/strong><\/span><\/div>\n<div>&nbsp;<\/div>\n<div><span style=\"font-size: 12pt;\"><strong><span style=\"font-family: inherit;\"><span>Rozm\u011br kola:&nbsp;<\/span><span>100 x 32 mm<\/span><\/span><\/strong><\/span><\/div>\n<div><span style=\"font-size: 12pt;\"><strong><span style=\"font-family: inherit;\"><span>Celkov\u00e1 v\u00fd\u0161ka: 128 mm<\/span><\/span><\/strong><\/span><\/div>\n<div><span style=\"font-size: 12pt;\"><strong><span style=\"font-family: inherit;\"><span>Rozm\u011br z\u00e1kladny: 105 x 85 mm<\/span><\/span><\/strong><\/span><\/div>\n<div><span style=\"font-size: 12pt;\"><strong><span style=\"font-family: inherit;\"><span>Rozte\u010d d\u011br: 80 x 60 mm<\/span><\/span><\/strong><\/span><\/div>\n<div><span style=\"font-size: 12pt;\"><strong><span style=\"font-family: inherit;\"><span><span class=\"show-tooltip\" title=\"Pr\u016fm\u011br kruhu a kru\u017enice je d\u00e9lka \u00fase\u010dky, kter\u00e1 proch\u00e1z\u00ed st\u0159edem kruhu a spojuje dva body na jeho obvodu. Zkr\u00e1cen\u011b se pr\u016fm\u011br kruhu ozna\u010duje symbolem &quot;d&quot;.Vztah mezi pr\u016fm\u011brem kruhu a jeho polom\u011brem &quot;r&quot; je n\u00e1sleduj\u00edc\u00ed: d = 2 * rKde &quot;d&quot; je&amp;hellip;\">Pr\u016fm\u011br<\/span> d\u011br: 9,6 mm<\/span><\/span><\/strong><\/span><\/div>\n<div><span style=\"font-size: 12pt;\"><strong><span style=\"font-family: inherit;\"><span>Materi\u00e1l kola:&nbsp;plast \/&nbsp;<\/span><span>modr\u00e1 <span class=\"show-tooltip\" title=\"Kau\u010duk&amp;nbsp;je&amp;nbsp;polymern\u00ed materi\u00e1l&amp;nbsp;p\u0159\u00edrodn\u00edho nebo syntetick\u00e9ho p\u016fvodu, vyzna\u010duj\u00edc\u00ed se velkou&amp;nbsp;pru\u017enost\u00ed, tedy schopnost\u00ed se \u00fa\u010dinkem vn\u011bj\u0161\u00ed s\u00edly v\u00fdrazn\u011b deformovat a pot\u00e9 op\u011bt zaujmout p\u016fvodn\u00ed tvar. Je to tedy tzv.&amp;nbsp;elastomer.&amp;hellip;\">pry\u017e<\/span> Performa\u00ae<\/span><\/span><\/strong><\/span><\/div>\n<div><span style=\"font-size: 12pt;\"><strong><span style=\"font-family: inherit;\"><span>Nosnost: 15<\/span><span>0 kg<\/span><\/span><\/strong><\/span><\/div>\n<div><span style=\"font-size: 12pt;\"><strong><span style=\"font-family: inherit;\"><span>Pracovn\u00ed <span class=\"show-tooltip\" title=\"Teplota&amp;nbsp;je charakteristika tepeln\u00e9ho&amp;nbsp;stavu&amp;nbsp;hmoty. Je to jedna z nejd\u016fle\u017eit\u011bj\u0161\u00edch fyzik\u00e1ln\u00edch veli\u010din. Teplota ovliv\u0148uje aktivitu (energii) ve\u0161ker\u00fdch \u010d\u00e1stic ve vesm\u00edru a zp\u016fsobuje zm\u011bnu rozm\u011br\u016f, tvaru&amp;hellip;\">teplota<\/span>: -20 \u00b0C \/ +80 \u00b0C<\/span><\/span><\/strong><\/span><\/div>\n<div><span style=\"font-size: 12pt;\"><strong><span style=\"font-family: inherit;\"><span><span class=\"show-tooltip\" title=\"Hmotnost&amp;nbsp;je d\u016fle\u017eit\u00e1 fyzik\u00e1ln\u00ed veli\u010dina, aditivn\u00ed vlastnost&amp;nbsp;hmoty&amp;nbsp;(tedy vlastnost jednotliv\u00fdch hmotn\u00fdch&amp;nbsp;t\u011bles), kter\u00e1 vyjad\u0159uje m\u00edru&amp;nbsp;setrva\u010dn\u00fdch&amp;nbsp;\u00fa\u010dink\u016f \u010di m\u00edru&amp;nbsp;gravita\u010dn\u00edch&amp;nbsp;\u00fa\u010dink\u016f hmoty. Ekvivalence setrva\u010dn\u00fdch&amp;hellip;\">Hmotnost<\/span>: 504 g<\/span><\/span><\/strong><\/span><\/div>\n<div>&nbsp;<\/div>\n<\/p><\/div>\n","protected":false},"excerpt":{"rendered":"<p>Detailn\u00ed popis produktu Kolo pro p\u0159epravn\u00ed voz\u00edky s elastick\u00fdm b\u011bhounem Performa\u00ae modr\u00fd.&nbsp; \u0160ed\u00e9 plastov\u00e9 kolo&nbsp;s b\u011bhounem z modr\u00e9 gumy &#8211; b\u011bhoun Performa\u00ae&nbsp;PR s jednoduch\u00fdm dvojit\u00fdm t\u011bsn\u011bn\u00edm s p\u0159esn\u00fdm kuli\u010dkov\u00fdm lo\u017eiskem.&nbsp; B\u011bhoun Performa je b\u011bhoun vynalezen\u00fd a patentovan\u00fd spole\u010dnost\u00ed Colson&nbsp;, kter\u00fd se \u00fasp\u011b\u0161n\u011b pou\u017e\u00edv\u00e1 v r\u016fzn\u00fdch segmentech trhu.&nbsp; Kombinuje v\u0161echny v\u00fdhody b\u011bhounu z p\u0159\u00edrodn\u00edho kau\u010duku a [&hellip;]<\/p>\n","protected":false},"featured_media":17060,"comment_status":"open","ping_status":"open","template":"","meta":[],"product_brand":[],"product_cat":[52],"product_tag":[],"class_list":{"0":"post-16960","1":"product","2":"type-product","3":"status-publish","4":"has-post-thumbnail","6":"product_cat-naradi","8":"first","9":"instock","10":"sale","11":"shipping-taxable","12":"purchasable","13":"product-type-simple"},"yoast_head":"<!-- This site is optimized with the Yoast SEO plugin v26.8 - https:\/\/yoast.com\/product\/yoast-seo-wordpress\/ -->\n<title>Akce COLSON\u00ae Kole\u010dko pojezdov\u00e9 PR PERFORMA, pevn\u00e9, \u0161ed\u00e1 guma, pr. 100 mm, nosnost 150 kg | element-shop.cz -<\/title>\n<meta name=\"robots\" content=\"index, follow, max-snippet:-1, max-image-preview:large, max-video-preview:-1\" \/>\n<link rel=\"canonical\" href=\"https:\/\/www.domkraftpro.com\/index.php\/produkt\/akce-colson-r-kolecko-pojezdove-pr-performa-pevne-seda-guma-pr-100-mm-nosnost-150-kg-element-shop-cz-16960\/\" \/>\n<meta property=\"og:locale\" content=\"cs_CZ\" \/>\n<meta property=\"og:type\" content=\"article\" \/>\n<meta property=\"og:title\" content=\"Akce COLSON\u00ae Kole\u010dko pojezdov\u00e9 PR PERFORMA, pevn\u00e9, \u0161ed\u00e1 guma, pr. 100 mm, nosnost 150 kg | element-shop.cz -\" \/>\n<meta property=\"og:description\" content=\"Detailn\u00ed popis produktu Kolo pro p\u0159epravn\u00ed voz\u00edky s elastick\u00fdm b\u011bhounem Performa\u00ae modr\u00fd.&nbsp; \u0160ed\u00e9 plastov\u00e9 kolo&nbsp;s b\u011bhounem z modr\u00e9 gumy &#8211; b\u011bhoun Performa\u00ae&nbsp;PR s jednoduch\u00fdm dvojit\u00fdm t\u011bsn\u011bn\u00edm s p\u0159esn\u00fdm kuli\u010dkov\u00fdm lo\u017eiskem.&nbsp; B\u011bhoun Performa je b\u011bhoun vynalezen\u00fd a patentovan\u00fd spole\u010dnost\u00ed Colson&nbsp;, kter\u00fd se \u00fasp\u011b\u0161n\u011b pou\u017e\u00edv\u00e1 v r\u016fzn\u00fdch segmentech trhu.&nbsp; Kombinuje v\u0161echny v\u00fdhody b\u011bhounu z p\u0159\u00edrodn\u00edho kau\u010duku a [&hellip;]\" \/>\n<meta property=\"og:url\" content=\"https:\/\/www.domkraftpro.com\/index.php\/produkt\/akce-colson-r-kolecko-pojezdove-pr-performa-pevne-seda-guma-pr-100-mm-nosnost-150-kg-element-shop-cz-16960\/\" \/>\n<meta property=\"og:image\" content=\"https:\/\/www.domkraftpro.com\/wp-content\/uploads\/2026\/SK0007967-CZ20260425-092522-0-1777080324-121309_fppf-1001-5000.webp\" \/>\n\t<meta property=\"og:image:width\" content=\"1000\" \/>\n\t<meta property=\"og:image:height\" content=\"750\" \/>\n\t<meta property=\"og:image:type\" content=\"image\/webp\" \/>\n<meta name=\"twitter:card\" content=\"summary_large_image\" \/>\n<meta name=\"twitter:label1\" content=\"Odhadovan\u00e1 doba \u010dten\u00ed\" \/>\n\t<meta name=\"twitter:data1\" content=\"1 minuta\" \/>\n<script type=\"application\/ld+json\" class=\"yoast-schema-graph\">{\"@context\":\"https:\/\/schema.org\",\"@graph\":[{\"@type\":\"WebPage\",\"@id\":\"https:\/\/www.domkraftpro.com\/index.php\/produkt\/akce-colson-r-kolecko-pojezdove-pr-performa-pevne-seda-guma-pr-100-mm-nosnost-150-kg-element-shop-cz-16960\/\",\"url\":\"https:\/\/www.domkraftpro.com\/index.php\/produkt\/akce-colson-r-kolecko-pojezdove-pr-performa-pevne-seda-guma-pr-100-mm-nosnost-150-kg-element-shop-cz-16960\/\",\"name\":\"Akce COLSON\u00ae Kole\u010dko pojezdov\u00e9 PR PERFORMA, pevn\u00e9, \u0161ed\u00e1 guma, pr. 100 mm, nosnost 150 kg | element-shop.cz -\",\"isPartOf\":{\"@id\":\"https:\/\/www.domkraftpro.com\/#website\"},\"primaryImageOfPage\":{\"@id\":\"https:\/\/www.domkraftpro.com\/index.php\/produkt\/akce-colson-r-kolecko-pojezdove-pr-performa-pevne-seda-guma-pr-100-mm-nosnost-150-kg-element-shop-cz-16960\/#primaryimage\"},\"image\":{\"@id\":\"https:\/\/www.domkraftpro.com\/index.php\/produkt\/akce-colson-r-kolecko-pojezdove-pr-performa-pevne-seda-guma-pr-100-mm-nosnost-150-kg-element-shop-cz-16960\/#primaryimage\"},\"thumbnailUrl\":\"https:\/\/www.domkraftpro.com\/wp-content\/uploads\/2026\/SK0007967-CZ20260425-092522-0-1777080324-121309_fppf-1001-5000.webp\",\"datePublished\":\"2026-04-27T04:41:05+00:00\",\"breadcrumb\":{\"@id\":\"https:\/\/www.domkraftpro.com\/index.php\/produkt\/akce-colson-r-kolecko-pojezdove-pr-performa-pevne-seda-guma-pr-100-mm-nosnost-150-kg-element-shop-cz-16960\/#breadcrumb\"},\"inLanguage\":\"cs\",\"potentialAction\":[{\"@type\":\"ReadAction\",\"target\":[\"https:\/\/www.domkraftpro.com\/index.php\/produkt\/akce-colson-r-kolecko-pojezdove-pr-performa-pevne-seda-guma-pr-100-mm-nosnost-150-kg-element-shop-cz-16960\/\"]}]},{\"@type\":\"ImageObject\",\"inLanguage\":\"cs\",\"@id\":\"https:\/\/www.domkraftpro.com\/index.php\/produkt\/akce-colson-r-kolecko-pojezdove-pr-performa-pevne-seda-guma-pr-100-mm-nosnost-150-kg-element-shop-cz-16960\/#primaryimage\",\"url\":\"https:\/\/www.domkraftpro.com\/wp-content\/uploads\/2026\/SK0007967-CZ20260425-092522-0-1777080324-121309_fppf-1001-5000.webp\",\"contentUrl\":\"https:\/\/www.domkraftpro.com\/wp-content\/uploads\/2026\/SK0007967-CZ20260425-092522-0-1777080324-121309_fppf-1001-5000.webp\",\"width\":1000,\"height\":750},{\"@type\":\"BreadcrumbList\",\"@id\":\"https:\/\/www.domkraftpro.com\/index.php\/produkt\/akce-colson-r-kolecko-pojezdove-pr-performa-pevne-seda-guma-pr-100-mm-nosnost-150-kg-element-shop-cz-16960\/#breadcrumb\",\"itemListElement\":[{\"@type\":\"ListItem\",\"position\":1,\"name\":\"Home\",\"item\":\"https:\/\/www.domkraftpro.com\/\"},{\"@type\":\"ListItem\",\"position\":2,\"name\":\"Products\",\"item\":\"https:\/\/www.domkraftpro.com\/index.php\/products\/\"},{\"@type\":\"ListItem\",\"position\":3,\"name\":\"Akce COLSON\u00ae Kole\u010dko pojezdov\u00e9 PR PERFORMA, pevn\u00e9, \u0161ed\u00e1 guma, pr. 100 mm, nosnost 150 kg | element-shop.cz\"}]},{\"@type\":\"WebSite\",\"@id\":\"https:\/\/www.domkraftpro.com\/#website\",\"url\":\"https:\/\/www.domkraftpro.com\/\",\"name\":\"\",\"description\":\"\",\"potentialAction\":[{\"@type\":\"SearchAction\",\"target\":{\"@type\":\"EntryPoint\",\"urlTemplate\":\"https:\/\/www.domkraftpro.com\/?s={search_term_string}\"},\"query-input\":{\"@type\":\"PropertyValueSpecification\",\"valueRequired\":true,\"valueName\":\"search_term_string\"}}],\"inLanguage\":\"cs\"}]}<\/script>\n<!-- \/ Yoast SEO plugin. -->","yoast_head_json":{"title":"Akce COLSON\u00ae Kole\u010dko pojezdov\u00e9 PR PERFORMA, pevn\u00e9, \u0161ed\u00e1 guma, pr. 100 mm, nosnost 150 kg | element-shop.cz -","robots":{"index":"index","follow":"follow","max-snippet":"max-snippet:-1","max-image-preview":"max-image-preview:large","max-video-preview":"max-video-preview:-1"},"canonical":"https:\/\/www.domkraftpro.com\/index.php\/produkt\/akce-colson-r-kolecko-pojezdove-pr-performa-pevne-seda-guma-pr-100-mm-nosnost-150-kg-element-shop-cz-16960\/","og_locale":"cs_CZ","og_type":"article","og_title":"Akce COLSON\u00ae Kole\u010dko pojezdov\u00e9 PR PERFORMA, pevn\u00e9, \u0161ed\u00e1 guma, pr. 100 mm, nosnost 150 kg | element-shop.cz -","og_description":"Detailn\u00ed popis produktu Kolo pro p\u0159epravn\u00ed voz\u00edky s elastick\u00fdm b\u011bhounem Performa\u00ae modr\u00fd.&nbsp; \u0160ed\u00e9 plastov\u00e9 kolo&nbsp;s b\u011bhounem z modr\u00e9 gumy &#8211; b\u011bhoun Performa\u00ae&nbsp;PR s jednoduch\u00fdm dvojit\u00fdm t\u011bsn\u011bn\u00edm s p\u0159esn\u00fdm kuli\u010dkov\u00fdm lo\u017eiskem.&nbsp; B\u011bhoun Performa je b\u011bhoun vynalezen\u00fd a patentovan\u00fd spole\u010dnost\u00ed Colson&nbsp;, kter\u00fd se \u00fasp\u011b\u0161n\u011b pou\u017e\u00edv\u00e1 v r\u016fzn\u00fdch segmentech trhu.&nbsp; Kombinuje v\u0161echny v\u00fdhody b\u011bhounu z p\u0159\u00edrodn\u00edho kau\u010duku a [&hellip;]","og_url":"https:\/\/www.domkraftpro.com\/index.php\/produkt\/akce-colson-r-kolecko-pojezdove-pr-performa-pevne-seda-guma-pr-100-mm-nosnost-150-kg-element-shop-cz-16960\/","og_image":[{"width":1000,"height":750,"url":"https:\/\/www.domkraftpro.com\/wp-content\/uploads\/2026\/SK0007967-CZ20260425-092522-0-1777080324-121309_fppf-1001-5000.webp","type":"image\/webp"}],"twitter_card":"summary_large_image","twitter_misc":{"Odhadovan\u00e1 doba \u010dten\u00ed":"1 minuta"},"schema":{"@context":"https:\/\/schema.org","@graph":[{"@type":"WebPage","@id":"https:\/\/www.domkraftpro.com\/index.php\/produkt\/akce-colson-r-kolecko-pojezdove-pr-performa-pevne-seda-guma-pr-100-mm-nosnost-150-kg-element-shop-cz-16960\/","url":"https:\/\/www.domkraftpro.com\/index.php\/produkt\/akce-colson-r-kolecko-pojezdove-pr-performa-pevne-seda-guma-pr-100-mm-nosnost-150-kg-element-shop-cz-16960\/","name":"Akce COLSON\u00ae Kole\u010dko pojezdov\u00e9 PR PERFORMA, pevn\u00e9, \u0161ed\u00e1 guma, pr. 100 mm, nosnost 150 kg | element-shop.cz -","isPartOf":{"@id":"https:\/\/www.domkraftpro.com\/#website"},"primaryImageOfPage":{"@id":"https:\/\/www.domkraftpro.com\/index.php\/produkt\/akce-colson-r-kolecko-pojezdove-pr-performa-pevne-seda-guma-pr-100-mm-nosnost-150-kg-element-shop-cz-16960\/#primaryimage"},"image":{"@id":"https:\/\/www.domkraftpro.com\/index.php\/produkt\/akce-colson-r-kolecko-pojezdove-pr-performa-pevne-seda-guma-pr-100-mm-nosnost-150-kg-element-shop-cz-16960\/#primaryimage"},"thumbnailUrl":"https:\/\/www.domkraftpro.com\/wp-content\/uploads\/2026\/SK0007967-CZ20260425-092522-0-1777080324-121309_fppf-1001-5000.webp","datePublished":"2026-04-27T04:41:05+00:00","breadcrumb":{"@id":"https:\/\/www.domkraftpro.com\/index.php\/produkt\/akce-colson-r-kolecko-pojezdove-pr-performa-pevne-seda-guma-pr-100-mm-nosnost-150-kg-element-shop-cz-16960\/#breadcrumb"},"inLanguage":"cs","potentialAction":[{"@type":"ReadAction","target":["https:\/\/www.domkraftpro.com\/index.php\/produkt\/akce-colson-r-kolecko-pojezdove-pr-performa-pevne-seda-guma-pr-100-mm-nosnost-150-kg-element-shop-cz-16960\/"]}]},{"@type":"ImageObject","inLanguage":"cs","@id":"https:\/\/www.domkraftpro.com\/index.php\/produkt\/akce-colson-r-kolecko-pojezdove-pr-performa-pevne-seda-guma-pr-100-mm-nosnost-150-kg-element-shop-cz-16960\/#primaryimage","url":"https:\/\/www.domkraftpro.com\/wp-content\/uploads\/2026\/SK0007967-CZ20260425-092522-0-1777080324-121309_fppf-1001-5000.webp","contentUrl":"https:\/\/www.domkraftpro.com\/wp-content\/uploads\/2026\/SK0007967-CZ20260425-092522-0-1777080324-121309_fppf-1001-5000.webp","width":1000,"height":750},{"@type":"BreadcrumbList","@id":"https:\/\/www.domkraftpro.com\/index.php\/produkt\/akce-colson-r-kolecko-pojezdove-pr-performa-pevne-seda-guma-pr-100-mm-nosnost-150-kg-element-shop-cz-16960\/#breadcrumb","itemListElement":[{"@type":"ListItem","position":1,"name":"Home","item":"https:\/\/www.domkraftpro.com\/"},{"@type":"ListItem","position":2,"name":"Products","item":"https:\/\/www.domkraftpro.com\/index.php\/products\/"},{"@type":"ListItem","position":3,"name":"Akce COLSON\u00ae Kole\u010dko pojezdov\u00e9 PR PERFORMA, pevn\u00e9, \u0161ed\u00e1 guma, pr. 100 mm, nosnost 150 kg | element-shop.cz"}]},{"@type":"WebSite","@id":"https:\/\/www.domkraftpro.com\/#website","url":"https:\/\/www.domkraftpro.com\/","name":"","description":"","potentialAction":[{"@type":"SearchAction","target":{"@type":"EntryPoint","urlTemplate":"https:\/\/www.domkraftpro.com\/?s={search_term_string}"},"query-input":{"@type":"PropertyValueSpecification","valueRequired":true,"valueName":"search_term_string"}}],"inLanguage":"cs"}]}},"_links":{"self":[{"href":"https:\/\/www.domkraftpro.com\/index.php\/wp-json\/wp\/v2\/product\/16960","targetHints":{"allow":["GET"]}}],"collection":[{"href":"https:\/\/www.domkraftpro.com\/index.php\/wp-json\/wp\/v2\/product"}],"about":[{"href":"https:\/\/www.domkraftpro.com\/index.php\/wp-json\/wp\/v2\/types\/product"}],"replies":[{"embeddable":true,"href":"https:\/\/www.domkraftpro.com\/index.php\/wp-json\/wp\/v2\/comments?post=16960"}],"wp:featuredmedia":[{"embeddable":true,"href":"https:\/\/www.domkraftpro.com\/index.php\/wp-json\/wp\/v2\/media\/17060"}],"wp:attachment":[{"href":"https:\/\/www.domkraftpro.com\/index.php\/wp-json\/wp\/v2\/media?parent=16960"}],"wp:term":[{"taxonomy":"product_brand","embeddable":true,"href":"https:\/\/www.domkraftpro.com\/index.php\/wp-json\/wp\/v2\/product_brand?post=16960"},{"taxonomy":"product_cat","embeddable":true,"href":"https:\/\/www.domkraftpro.com\/index.php\/wp-json\/wp\/v2\/product_cat?post=16960"},{"taxonomy":"product_tag","embeddable":true,"href":"https:\/\/www.domkraftpro.com\/index.php\/wp-json\/wp\/v2\/product_tag?post=16960"}],"curies":[{"name":"wp","href":"https:\/\/api.w.org\/{rel}","templated":true}]}}