{"id":1691,"date":"2026-04-27T04:40:34","date_gmt":"2026-04-27T04:40:34","guid":{"rendered":""},"modified":"2026-04-27T04:40:34","modified_gmt":"2026-04-27T04:40:34","slug":"autenticky-koelner-throughbolt-r-xpt-a4-200-mm-20-mm-1691","status":"publish","type":"product","link":"https:\/\/www.domkraftpro.com\/index.php\/produkt\/autenticky-koelner-throughbolt-r-xpt-a4-200-mm-20-mm-1691\/","title":{"rendered":"Autentick\u00fd Koelner Throughbolt R-XPT-A4 200 mm 20 mm"},"content":{"rendered":"<div class=\"detail-description__right\">\n<div class=\"parameters\">\n<div class=\"table table--simple\">\n<table>\n<tbody>\n<tr>\n<td colspan=\"2\">\n<h4>Vlastnosti<\/h4>\n<\/td>\n<\/tr>\n<tr>\n<td>Materi\u00e1l<\/td>\n<td>ocel<\/td>\n<\/tr>\n<tr data-perex=\"1\">\n<td>Pr\u016fm\u011br<\/td>\n<td>6\u00a0\u2013 24\u00a0mm<\/td>\n<\/tr>\n<tr data-perex=\"1\">\n<td>D\u00e9lka<\/td>\n<td>50\u00a0\u2013 300\u00a0mm<\/td>\n<\/tr>\n<tr>\n<td>Povrchov\u00e1 \u00faprava<\/td>\n<td>pozinkov\u00e1n\u00ed<\/td>\n<\/tr>\n<tr>\n<td>T\u0159\u00edda pevnosti<\/td>\n<td>8,8<\/td>\n<\/tr>\n<tr>\n<td>Barva<\/td>\n<td>st\u0159\u00edbrn\u00e1<\/td>\n<\/tr>\n<tr>\n<td>Balen\u00ed<\/td>\n<td>10\u00a0\u2013 100\u00a0ks<\/td>\n<\/tr>\n<tr>\n<td colspan=\"2\">\n<h4>Parametry<\/h4>\n<\/td>\n<\/tr>\n<tr>\n<td>P\u016fvod<\/td>\n<td>Vyrobeno v\u00a0PL<\/td>\n<\/tr>\n<tr>\n<td>Z\u00e1ruka<\/td>\n<td>2 roky<\/td>\n<\/tr>\n<tr>\n<td>Zna\u010dka<\/td>\n<td>Koelner<\/td>\n<\/tr>\n<\/tbody>\n<\/table><\/div>\n<\/div><\/div>\n<div class=\"detail-description__top\">\n<div class=\"rating-promo\">\n<div class=\"raty raty--big\" data-score=\"4.5\" data-read-only=\"true\" title=\"4.5\"><\/div>\n<div class=\"rating-promo__number\">\t\t\t<strong>2<\/strong><small>recenze<\/small>\t\t<\/div>\n<div class=\"rating-promo__number\">\t\t\t<strong>2<\/strong><small>z\u00e1kazn\u00edci doporu\u010duj\u00ed<\/small>\t\t<\/div>\n<p>\t\tV\u0161echny recenze\t<\/p><\/div>\n<\/p><\/div>\n<div class=\"detail-description__left\">\n<div class=\"detail-description__left__overflow\">\n<div class=\"detail-description__left__head\">\t\t\t\t\t\tPopis:\t\t\t\t\t<\/div>\n<div class=\"ul-style ul-style--check\">\n<p>Kotva Throughbolt\u00a0je\u00a0<strong>univerz\u00e1ln\u00ed\u00a0nerezov\u00e1 ocelov\u00e1 kotva<\/strong>, kterou lze vyu\u017e\u00edt na\u00a0pev\u0148ov\u00e1n\u00ed fas\u00e1dn\u00edch obklad\u016f, fas\u00e1dn\u00ed st\u011bny, z\u00e1bradl\u00ed, bari\u00e9ry, madla, stojany, ocelov\u00e9 konstrukce. T\u0159i nez\u00e1visle uchycen\u00e9 segmenty spojen\u00e9 ocelovou\u00a0sponou se rozep\u00ednaj\u00ed voln\u011b co\u017e garantuje maxim\u00e1ln\u00ed\u00a0v\u00fdkon bez ohledu na kol\u00edsavou kvalitu \u010di rozm\u011br\u00a0v\u00fdvrtu.<\/p>\n<ul class=\"plusminus\">\n<li><i class=\"fas fa-check\"><\/i><span>Univerz\u00e1ln\u00ed pou\u017eit\u00ed<\/span><\/li>\n<li><i class=\"fas fa-check\"><\/i><span>Nerezov\u00e1<\/span><\/li>\n<li><i class=\"fas fa-check\"><\/i><span>St\u00e1l\u00e1 rozm\u011brov\u00e1 p\u0159esnost<\/span><\/li>\n<li><i class=\"fas fa-check\"><\/i><span>Vysok\u00e1 kvalita s n\u00e1kladovou efektivitou<\/span><\/li>\n<\/ul>\n<p>Ozna\u010den\u00ed hloubky osazen\u00ed\u00a0<strong>umo\u017e\u0148uje prov\u00e1d\u011bt spr\u00e1vn\u011b mont\u00e1\u017e<\/strong>.\u00a0Korpus tvarovan\u00fd za studena\u00a0<strong>z<\/strong>aji\u0161\u0165uje st\u00e1lou rozm\u011brovou p\u0159esnost.\u00a0Optim\u00e1ln\u00ed \u00fahel ku\u017eele umo\u017e\u0148uj\u00edc\u00ed kontrolu expanze.\u00a0Prov\u011b\u0159en\u00fd produkt, schv\u00e1len\u00fd nez\u00e1visl\u00fdmi britsk\u00fdmi a mezin\u00e1rodn\u00edmi certifikuj\u00edc\u00edmi institucemi.\u00a0Zmen\u0161en\u00e1 hloubka osazen\u00ed umo\u017e\u0148uje se vyhnout probl\u00e9mu n\u00e1razu na armovac\u00ed pruty p\u0159i instalac\u00edch na stavb\u00e1ch.<\/p>\n<\/div>\n<div class=\"detail-description__left__more\">\t\t\t\t\t\t<span> <\/span><span> <\/span>\t\t\t\t\t<\/div>\n<\/p><\/div>\n<\/p><\/div>\n<div class=\"detail-description__more\"><span> <\/span><span> <\/span><\/div>\n<\/p><\/div>\n<\/p><\/div>\n","protected":false},"excerpt":{"rendered":"<p>Vlastnosti Materi\u00e1l ocel Pr\u016fm\u011br 6\u00a0\u2013 24\u00a0mm D\u00e9lka 50\u00a0\u2013 300\u00a0mm Povrchov\u00e1 \u00faprava pozinkov\u00e1n\u00ed T\u0159\u00edda pevnosti 8,8 Barva st\u0159\u00edbrn\u00e1 Balen\u00ed 10\u00a0\u2013 100\u00a0ks Parametry P\u016fvod Vyrobeno v\u00a0PL Z\u00e1ruka 2 roky Zna\u010dka Koelner 2recenze 2z\u00e1kazn\u00edci doporu\u010duj\u00ed V\u0161echny recenze Popis: Kotva Throughbolt\u00a0je\u00a0univerz\u00e1ln\u00ed\u00a0nerezov\u00e1 ocelov\u00e1 kotva, kterou lze vyu\u017e\u00edt na\u00a0pev\u0148ov\u00e1n\u00ed fas\u00e1dn\u00edch obklad\u016f, fas\u00e1dn\u00ed st\u011bny, z\u00e1bradl\u00ed, bari\u00e9ry, madla, stojany, ocelov\u00e9 konstrukce. T\u0159i nez\u00e1visle [&hellip;]<\/p>\n","protected":false},"featured_media":1791,"comment_status":"open","ping_status":"open","template":"","meta":[],"product_brand":[],"product_cat":[44],"product_tag":[],"class_list":{"0":"post-1691","1":"product","2":"type-product","3":"status-publish","4":"has-post-thumbnail","6":"product_cat-stavba","8":"first","9":"instock","10":"sale","11":"shipping-taxable","12":"purchasable","13":"product-type-simple"},"yoast_head":"<!-- This site is optimized with the Yoast SEO plugin v26.8 - https:\/\/yoast.com\/product\/yoast-seo-wordpress\/ -->\n<title>Autentick\u00fd Koelner Throughbolt R-XPT-A4 200 mm 20 mm -<\/title>\n<meta name=\"robots\" content=\"index, follow, max-snippet:-1, max-image-preview:large, max-video-preview:-1\" \/>\n<link rel=\"canonical\" href=\"https:\/\/www.domkraftpro.com\/index.php\/produkt\/autenticky-koelner-throughbolt-r-xpt-a4-200-mm-20-mm-1691\/\" \/>\n<meta property=\"og:locale\" content=\"cs_CZ\" \/>\n<meta property=\"og:type\" content=\"article\" \/>\n<meta property=\"og:title\" content=\"Autentick\u00fd Koelner Throughbolt R-XPT-A4 200 mm 20 mm -\" \/>\n<meta property=\"og:description\" content=\"Vlastnosti Materi\u00e1l ocel Pr\u016fm\u011br 6\u00a0\u2013 24\u00a0mm D\u00e9lka 50\u00a0\u2013 300\u00a0mm Povrchov\u00e1 \u00faprava pozinkov\u00e1n\u00ed T\u0159\u00edda pevnosti 8,8 Barva st\u0159\u00edbrn\u00e1 Balen\u00ed 10\u00a0\u2013 100\u00a0ks Parametry P\u016fvod Vyrobeno v\u00a0PL Z\u00e1ruka 2 roky Zna\u010dka Koelner 2recenze 2z\u00e1kazn\u00edci doporu\u010duj\u00ed V\u0161echny recenze Popis: Kotva Throughbolt\u00a0je\u00a0univerz\u00e1ln\u00ed\u00a0nerezov\u00e1 ocelov\u00e1 kotva, kterou lze vyu\u017e\u00edt na\u00a0pev\u0148ov\u00e1n\u00ed fas\u00e1dn\u00edch obklad\u016f, fas\u00e1dn\u00ed st\u011bny, z\u00e1bradl\u00ed, bari\u00e9ry, madla, stojany, ocelov\u00e9 konstrukce. T\u0159i nez\u00e1visle [&hellip;]\" \/>\n<meta property=\"og:url\" content=\"https:\/\/www.domkraftpro.com\/index.php\/produkt\/autenticky-koelner-throughbolt-r-xpt-a4-200-mm-20-mm-1691\/\" \/>\n<meta property=\"og:image\" content=\"https:\/\/www.domkraftpro.com\/wp-content\/uploads\/2026\/SK0009080-CZ20260425-091936-0-1777079982-mechanicka-kotva-z-nerezove-oceli-koelner-throughbolt-r-xpt.webp\" \/>\n\t<meta property=\"og:image:width\" content=\"1000\" \/>\n\t<meta property=\"og:image:height\" content=\"523\" \/>\n\t<meta property=\"og:image:type\" content=\"image\/webp\" \/>\n<meta name=\"twitter:card\" content=\"summary_large_image\" \/>\n<meta name=\"twitter:label1\" content=\"Odhadovan\u00e1 doba \u010dten\u00ed\" \/>\n\t<meta name=\"twitter:data1\" content=\"1 minuta\" \/>\n<script type=\"application\/ld+json\" class=\"yoast-schema-graph\">{\"@context\":\"https:\/\/schema.org\",\"@graph\":[{\"@type\":\"WebPage\",\"@id\":\"https:\/\/www.domkraftpro.com\/index.php\/produkt\/autenticky-koelner-throughbolt-r-xpt-a4-200-mm-20-mm-1691\/\",\"url\":\"https:\/\/www.domkraftpro.com\/index.php\/produkt\/autenticky-koelner-throughbolt-r-xpt-a4-200-mm-20-mm-1691\/\",\"name\":\"Autentick\u00fd Koelner Throughbolt R-XPT-A4 200 mm 20 mm -\",\"isPartOf\":{\"@id\":\"https:\/\/www.domkraftpro.com\/#website\"},\"primaryImageOfPage\":{\"@id\":\"https:\/\/www.domkraftpro.com\/index.php\/produkt\/autenticky-koelner-throughbolt-r-xpt-a4-200-mm-20-mm-1691\/#primaryimage\"},\"image\":{\"@id\":\"https:\/\/www.domkraftpro.com\/index.php\/produkt\/autenticky-koelner-throughbolt-r-xpt-a4-200-mm-20-mm-1691\/#primaryimage\"},\"thumbnailUrl\":\"https:\/\/www.domkraftpro.com\/wp-content\/uploads\/2026\/SK0009080-CZ20260425-091936-0-1777079982-mechanicka-kotva-z-nerezove-oceli-koelner-throughbolt-r-xpt.webp\",\"datePublished\":\"2026-04-27T04:40:34+00:00\",\"breadcrumb\":{\"@id\":\"https:\/\/www.domkraftpro.com\/index.php\/produkt\/autenticky-koelner-throughbolt-r-xpt-a4-200-mm-20-mm-1691\/#breadcrumb\"},\"inLanguage\":\"cs\",\"potentialAction\":[{\"@type\":\"ReadAction\",\"target\":[\"https:\/\/www.domkraftpro.com\/index.php\/produkt\/autenticky-koelner-throughbolt-r-xpt-a4-200-mm-20-mm-1691\/\"]}]},{\"@type\":\"ImageObject\",\"inLanguage\":\"cs\",\"@id\":\"https:\/\/www.domkraftpro.com\/index.php\/produkt\/autenticky-koelner-throughbolt-r-xpt-a4-200-mm-20-mm-1691\/#primaryimage\",\"url\":\"https:\/\/www.domkraftpro.com\/wp-content\/uploads\/2026\/SK0009080-CZ20260425-091936-0-1777079982-mechanicka-kotva-z-nerezove-oceli-koelner-throughbolt-r-xpt.webp\",\"contentUrl\":\"https:\/\/www.domkraftpro.com\/wp-content\/uploads\/2026\/SK0009080-CZ20260425-091936-0-1777079982-mechanicka-kotva-z-nerezove-oceli-koelner-throughbolt-r-xpt.webp\",\"width\":1000,\"height\":523},{\"@type\":\"BreadcrumbList\",\"@id\":\"https:\/\/www.domkraftpro.com\/index.php\/produkt\/autenticky-koelner-throughbolt-r-xpt-a4-200-mm-20-mm-1691\/#breadcrumb\",\"itemListElement\":[{\"@type\":\"ListItem\",\"position\":1,\"name\":\"Home\",\"item\":\"https:\/\/www.domkraftpro.com\/\"},{\"@type\":\"ListItem\",\"position\":2,\"name\":\"Products\",\"item\":\"https:\/\/www.domkraftpro.com\/index.php\/products\/\"},{\"@type\":\"ListItem\",\"position\":3,\"name\":\"Autentick\u00fd Koelner Throughbolt R-XPT-A4 200 mm 20 mm\"}]},{\"@type\":\"WebSite\",\"@id\":\"https:\/\/www.domkraftpro.com\/#website\",\"url\":\"https:\/\/www.domkraftpro.com\/\",\"name\":\"\",\"description\":\"\",\"potentialAction\":[{\"@type\":\"SearchAction\",\"target\":{\"@type\":\"EntryPoint\",\"urlTemplate\":\"https:\/\/www.domkraftpro.com\/?s={search_term_string}\"},\"query-input\":{\"@type\":\"PropertyValueSpecification\",\"valueRequired\":true,\"valueName\":\"search_term_string\"}}],\"inLanguage\":\"cs\"}]}<\/script>\n<!-- \/ Yoast SEO plugin. -->","yoast_head_json":{"title":"Autentick\u00fd Koelner Throughbolt R-XPT-A4 200 mm 20 mm -","robots":{"index":"index","follow":"follow","max-snippet":"max-snippet:-1","max-image-preview":"max-image-preview:large","max-video-preview":"max-video-preview:-1"},"canonical":"https:\/\/www.domkraftpro.com\/index.php\/produkt\/autenticky-koelner-throughbolt-r-xpt-a4-200-mm-20-mm-1691\/","og_locale":"cs_CZ","og_type":"article","og_title":"Autentick\u00fd Koelner Throughbolt R-XPT-A4 200 mm 20 mm -","og_description":"Vlastnosti Materi\u00e1l ocel Pr\u016fm\u011br 6\u00a0\u2013 24\u00a0mm D\u00e9lka 50\u00a0\u2013 300\u00a0mm Povrchov\u00e1 \u00faprava pozinkov\u00e1n\u00ed T\u0159\u00edda pevnosti 8,8 Barva st\u0159\u00edbrn\u00e1 Balen\u00ed 10\u00a0\u2013 100\u00a0ks Parametry P\u016fvod Vyrobeno v\u00a0PL Z\u00e1ruka 2 roky Zna\u010dka Koelner 2recenze 2z\u00e1kazn\u00edci doporu\u010duj\u00ed V\u0161echny recenze Popis: Kotva Throughbolt\u00a0je\u00a0univerz\u00e1ln\u00ed\u00a0nerezov\u00e1 ocelov\u00e1 kotva, kterou lze vyu\u017e\u00edt na\u00a0pev\u0148ov\u00e1n\u00ed fas\u00e1dn\u00edch obklad\u016f, fas\u00e1dn\u00ed st\u011bny, z\u00e1bradl\u00ed, bari\u00e9ry, madla, stojany, ocelov\u00e9 konstrukce. T\u0159i nez\u00e1visle [&hellip;]","og_url":"https:\/\/www.domkraftpro.com\/index.php\/produkt\/autenticky-koelner-throughbolt-r-xpt-a4-200-mm-20-mm-1691\/","og_image":[{"width":1000,"height":523,"url":"https:\/\/www.domkraftpro.com\/wp-content\/uploads\/2026\/SK0009080-CZ20260425-091936-0-1777079982-mechanicka-kotva-z-nerezove-oceli-koelner-throughbolt-r-xpt.webp","type":"image\/webp"}],"twitter_card":"summary_large_image","twitter_misc":{"Odhadovan\u00e1 doba \u010dten\u00ed":"1 minuta"},"schema":{"@context":"https:\/\/schema.org","@graph":[{"@type":"WebPage","@id":"https:\/\/www.domkraftpro.com\/index.php\/produkt\/autenticky-koelner-throughbolt-r-xpt-a4-200-mm-20-mm-1691\/","url":"https:\/\/www.domkraftpro.com\/index.php\/produkt\/autenticky-koelner-throughbolt-r-xpt-a4-200-mm-20-mm-1691\/","name":"Autentick\u00fd Koelner Throughbolt R-XPT-A4 200 mm 20 mm -","isPartOf":{"@id":"https:\/\/www.domkraftpro.com\/#website"},"primaryImageOfPage":{"@id":"https:\/\/www.domkraftpro.com\/index.php\/produkt\/autenticky-koelner-throughbolt-r-xpt-a4-200-mm-20-mm-1691\/#primaryimage"},"image":{"@id":"https:\/\/www.domkraftpro.com\/index.php\/produkt\/autenticky-koelner-throughbolt-r-xpt-a4-200-mm-20-mm-1691\/#primaryimage"},"thumbnailUrl":"https:\/\/www.domkraftpro.com\/wp-content\/uploads\/2026\/SK0009080-CZ20260425-091936-0-1777079982-mechanicka-kotva-z-nerezove-oceli-koelner-throughbolt-r-xpt.webp","datePublished":"2026-04-27T04:40:34+00:00","breadcrumb":{"@id":"https:\/\/www.domkraftpro.com\/index.php\/produkt\/autenticky-koelner-throughbolt-r-xpt-a4-200-mm-20-mm-1691\/#breadcrumb"},"inLanguage":"cs","potentialAction":[{"@type":"ReadAction","target":["https:\/\/www.domkraftpro.com\/index.php\/produkt\/autenticky-koelner-throughbolt-r-xpt-a4-200-mm-20-mm-1691\/"]}]},{"@type":"ImageObject","inLanguage":"cs","@id":"https:\/\/www.domkraftpro.com\/index.php\/produkt\/autenticky-koelner-throughbolt-r-xpt-a4-200-mm-20-mm-1691\/#primaryimage","url":"https:\/\/www.domkraftpro.com\/wp-content\/uploads\/2026\/SK0009080-CZ20260425-091936-0-1777079982-mechanicka-kotva-z-nerezove-oceli-koelner-throughbolt-r-xpt.webp","contentUrl":"https:\/\/www.domkraftpro.com\/wp-content\/uploads\/2026\/SK0009080-CZ20260425-091936-0-1777079982-mechanicka-kotva-z-nerezove-oceli-koelner-throughbolt-r-xpt.webp","width":1000,"height":523},{"@type":"BreadcrumbList","@id":"https:\/\/www.domkraftpro.com\/index.php\/produkt\/autenticky-koelner-throughbolt-r-xpt-a4-200-mm-20-mm-1691\/#breadcrumb","itemListElement":[{"@type":"ListItem","position":1,"name":"Home","item":"https:\/\/www.domkraftpro.com\/"},{"@type":"ListItem","position":2,"name":"Products","item":"https:\/\/www.domkraftpro.com\/index.php\/products\/"},{"@type":"ListItem","position":3,"name":"Autentick\u00fd Koelner Throughbolt R-XPT-A4 200 mm 20 mm"}]},{"@type":"WebSite","@id":"https:\/\/www.domkraftpro.com\/#website","url":"https:\/\/www.domkraftpro.com\/","name":"","description":"","potentialAction":[{"@type":"SearchAction","target":{"@type":"EntryPoint","urlTemplate":"https:\/\/www.domkraftpro.com\/?s={search_term_string}"},"query-input":{"@type":"PropertyValueSpecification","valueRequired":true,"valueName":"search_term_string"}}],"inLanguage":"cs"}]}},"_links":{"self":[{"href":"https:\/\/www.domkraftpro.com\/index.php\/wp-json\/wp\/v2\/product\/1691","targetHints":{"allow":["GET"]}}],"collection":[{"href":"https:\/\/www.domkraftpro.com\/index.php\/wp-json\/wp\/v2\/product"}],"about":[{"href":"https:\/\/www.domkraftpro.com\/index.php\/wp-json\/wp\/v2\/types\/product"}],"replies":[{"embeddable":true,"href":"https:\/\/www.domkraftpro.com\/index.php\/wp-json\/wp\/v2\/comments?post=1691"}],"wp:featuredmedia":[{"embeddable":true,"href":"https:\/\/www.domkraftpro.com\/index.php\/wp-json\/wp\/v2\/media\/1791"}],"wp:attachment":[{"href":"https:\/\/www.domkraftpro.com\/index.php\/wp-json\/wp\/v2\/media?parent=1691"}],"wp:term":[{"taxonomy":"product_brand","embeddable":true,"href":"https:\/\/www.domkraftpro.com\/index.php\/wp-json\/wp\/v2\/product_brand?post=1691"},{"taxonomy":"product_cat","embeddable":true,"href":"https:\/\/www.domkraftpro.com\/index.php\/wp-json\/wp\/v2\/product_cat?post=1691"},{"taxonomy":"product_tag","embeddable":true,"href":"https:\/\/www.domkraftpro.com\/index.php\/wp-json\/wp\/v2\/product_tag?post=1691"}],"curies":[{"name":"wp","href":"https:\/\/api.w.org\/{rel}","templated":true}]}}