{"id":16777,"date":"2026-04-27T04:41:04","date_gmt":"2026-04-27T04:41:04","guid":{"rendered":""},"modified":"2026-04-27T04:41:04","modified_gmt":"2026-04-27T04:41:04","slug":"zlevneny-zvedak-retezovy-500kg-zdvih-3m-element-shop-cz-16777","status":"publish","type":"product","link":"https:\/\/www.domkraftpro.com\/index.php\/produkt\/zlevneny-zvedak-retezovy-500kg-zdvih-3m-element-shop-cz-16777\/","title":{"rendered":"Zlevn\u011bn\u00fd Zved\u00e1k \u0159et\u011bzov\u00fd, 500kg, zdvih 3m | element-shop.cz"},"content":{"rendered":"<div class=\"basic-description\">\n<h3>Detailn\u00ed popis produktu<\/h3>\n<p>                                    \u0158et\u011bzov\u00fd zved\u00e1k (kladkostroj) 500 kg \u2013 zdvih 3 m, 1 kladka, \u0159et\u011bz 6 mmKompaktn\u00ed a spolehliv\u00fd \u0159et\u011bzov\u00fd zved\u00e1k s nosnost\u00ed 500 kg je ide\u00e1ln\u00ed <span class=\"show-tooltip\" title=\"N\u00e1stroj&amp;nbsp;je pracovn\u00ed prost\u0159edek, pom\u016fcka k zpracov\u00e1n\u00ed n\u011b\u010deho (pracovn\u00ed n\u00e1stroj, \u0159emeslnick\u00fd n\u00e1stroj, chirurgick\u00fd n\u00e1stroj aj.), p\u0159\u00edp. v\u00fdrobn\u00ed pom\u016fcka slou\u017e\u00edc\u00ed p\u0159i ru\u010dn\u00edm nebo strojn\u00edm obr\u00e1b\u011bn\u00ed ke zm\u011bn\u011b velikosti nebo tvaru opracov\u00e1van\u00e9ho&amp;hellip;\">n\u00e1stroj<\/span> pro zved\u00e1n\u00ed men\u0161\u00edch b\u0159emen do v\u00fd\u0161ky a\u017e 3 metry. Uplatn\u00ed se p\u0159edev\u0161\u00edm v gar\u00e1\u017e\u00edch, autoservisech, d\u00edln\u00e1ch i na stavb\u011b \u2013 perfektn\u00ed nap\u0159\u00edklad pro manipulaci s <span class=\"show-tooltip\" title=\"Motor je za\u0159\u00edzen\u00ed, kter\u00e9 p\u0159em\u011b\u0148uje r\u016fzn\u00e9 formy energie (nap\u0159. elektrickou, mechanickou, tepelnou) na mechanickou pr\u00e1ci. Motor se pou\u017e\u00edv\u00e1 v mnoha aplikac\u00edch, od automobil\u016f po dom\u00e1c\u00ed spot\u0159ebi\u010de, a jeho princip fungov\u00e1n\u00ed se li\u0161\u00ed podle typu&amp;hellip;\">motory<\/span>, p\u0159evodovkami nebo jin\u00fdmi technick\u00fdmi d\u00edly.Zved\u00e1k je vybaven pevnostn\u00edm \u0159et\u011bzem o pr\u016fm\u011bru 6 mm a jednoduch\u00fdm kladkov\u00fdm syst\u00e9mem, kter\u00fd umo\u017e\u0148uje snadn\u00e9 a plynul\u00e9 ovl\u00e1d\u00e1n\u00ed i p\u0159i \u010dast\u00e9m pou\u017e\u00edv\u00e1n\u00ed. D\u00edky n\u00edzk\u00e9 <span class=\"show-tooltip\" title=\"Hmotnost&amp;nbsp;je d\u016fle\u017eit\u00e1 fyzik\u00e1ln\u00ed veli\u010dina, aditivn\u00ed vlastnost&amp;nbsp;hmoty&amp;nbsp;(tedy vlastnost jednotliv\u00fdch hmotn\u00fdch&amp;nbsp;t\u011bles), kter\u00e1 vyjad\u0159uje m\u00edru&amp;nbsp;setrva\u010dn\u00fdch&amp;nbsp;\u00fa\u010dink\u016f \u010di m\u00edru&amp;nbsp;gravita\u010dn\u00edch&amp;nbsp;\u00fa\u010dink\u016f hmoty. Ekvivalence setrva\u010dn\u00fdch&amp;hellip;\">hmotnosti<\/span> a kompaktn\u00ed konstrukci je manipulace se zved\u00e1kem velmi pohodln\u00e1.Technick\u00e9 parametry:&#8226; <span class=\"show-tooltip\" title=\"Nosnost&amp;nbsp;resp.&amp;nbsp;\u00fanosnost&amp;nbsp;je obecn\u00e1 charakteristika, kter\u00e1 vyjad\u0159uje vzdor (kapacitu) dan\u00e9ho&amp;nbsp;objektu&amp;nbsp;nebo&amp;nbsp;p\u0159edm\u011btu&amp;nbsp;(nap\u0159. stavebn\u00ed konstrukce, z\u00e1kladov\u00e9 p\u016fdy,&amp;nbsp;dopravn\u00edho prost\u0159edku, apod.) v\u016f\u010di p\u016fsoben\u00ed n\u011bjak\u00fdch&amp;hellip;\">Nosnost<\/span>: 500 kg&#8226; Zdvih: 3 m&#8226; Po\u010det kladek: 1&#8226; <span class=\"show-tooltip\" title=\"S\u00edla je fyzik\u00e1ln\u00ed veli\u010dina, kter\u00e1 popisuje interakci mezi t\u011blesy nebo objekty. Je to vektorov\u00e1 veli\u010dina, co\u017e znamen\u00e1, \u017ee krom\u011b velikosti m\u00e1 tak\u00e9 sm\u011br a smysl (sm\u011br, kter\u00fdm s\u00edla p\u016fsob\u00ed). Jednotkou s\u00edly v mezin\u00e1rodn\u00edm syst\u00e9mu jednotek (SI) je newton&amp;hellip;\">S\u00edla<\/span> \u0159et\u011bzu: 6 mmHlavn\u00ed v\u00fdhody:&#8226; Vhodn\u00fd pro svisl\u00e9 zved\u00e1n\u00ed t\u011b\u017ek\u00fdch a objemn\u00fdch b\u0159emen&#8226; Snadn\u00e9 ovl\u00e1d\u00e1n\u00ed d\u00edky kladce a lehk\u00e9 konstrukci&#8226; Siln\u00fd 6mm \u0159et\u011bz pro bezpe\u010dn\u00e9 p\u0159en\u00e1\u0161en\u00ed z\u00e1t\u011b\u017ee&#8226; Ide\u00e1ln\u00ed pro autoservisy, d\u00edlny, gar\u00e1\u017ee i mobiln\u00ed pou\u017eit\u00ed &#8226; Zn\u00e1m\u00fd tak\u00e9 jako \u0159et\u011bzov\u00e1 ko\u010dka nebo \u0159et\u011bzov\u00fd kladkostroj &#9888; Bezpe\u010dnostn\u00ed upozorn\u011bn\u00ed: P\u0159ed pou\u017eit\u00edm v\u017edy zkontrolujte stav a funk\u010dnost za\u0159\u00edzen\u00ed. B\u011bhem zved\u00e1n\u00ed se nesm\u00ed nikdo pohybovat pod b\u0159emenem.Kompaktn\u00ed \u0159e\u0161en\u00ed pro snadnou manipulaci s leh\u010d\u00edmi n\u00e1klady \u2013 zved\u00e1k s nosnost\u00ed 500 kg, kter\u00fd nezklame.                            <\/div>\n","protected":false},"excerpt":{"rendered":"<p>Detailn\u00ed popis produktu \u0158et\u011bzov\u00fd zved\u00e1k (kladkostroj) 500 kg \u2013 zdvih 3 m, 1 kladka, \u0159et\u011bz 6 mmKompaktn\u00ed a spolehliv\u00fd \u0159et\u011bzov\u00fd zved\u00e1k s nosnost\u00ed 500 kg je ide\u00e1ln\u00ed n\u00e1stroj pro zved\u00e1n\u00ed men\u0161\u00edch b\u0159emen do v\u00fd\u0161ky a\u017e 3 metry. Uplatn\u00ed se p\u0159edev\u0161\u00edm v gar\u00e1\u017e\u00edch, autoservisech, d\u00edln\u00e1ch i na stavb\u011b \u2013 perfektn\u00ed nap\u0159\u00edklad pro manipulaci s motory, p\u0159evodovkami [&hellip;]<\/p>\n","protected":false},"featured_media":16877,"comment_status":"open","ping_status":"open","template":"","meta":[],"product_brand":[],"product_cat":[63],"product_tag":[],"class_list":{"0":"post-16777","1":"product","2":"type-product","3":"status-publish","4":"has-post-thumbnail","6":"product_cat-automotive","8":"first","9":"instock","10":"sale","11":"shipping-taxable","12":"purchasable","13":"product-type-simple"},"yoast_head":"<!-- This site is optimized with the Yoast SEO plugin v26.8 - https:\/\/yoast.com\/product\/yoast-seo-wordpress\/ -->\n<title>Zlevn\u011bn\u00fd Zved\u00e1k \u0159et\u011bzov\u00fd, 500kg, zdvih 3m | element-shop.cz -<\/title>\n<meta name=\"robots\" content=\"index, follow, max-snippet:-1, max-image-preview:large, max-video-preview:-1\" \/>\n<link rel=\"canonical\" href=\"https:\/\/www.domkraftpro.com\/index.php\/produkt\/zlevneny-zvedak-retezovy-500kg-zdvih-3m-element-shop-cz-16777\/\" \/>\n<meta property=\"og:locale\" content=\"cs_CZ\" \/>\n<meta property=\"og:type\" content=\"article\" \/>\n<meta property=\"og:title\" content=\"Zlevn\u011bn\u00fd Zved\u00e1k \u0159et\u011bzov\u00fd, 500kg, zdvih 3m | element-shop.cz -\" \/>\n<meta property=\"og:description\" content=\"Detailn\u00ed popis produktu \u0158et\u011bzov\u00fd zved\u00e1k (kladkostroj) 500 kg \u2013 zdvih 3 m, 1 kladka, \u0159et\u011bz 6 mmKompaktn\u00ed a spolehliv\u00fd \u0159et\u011bzov\u00fd zved\u00e1k s nosnost\u00ed 500 kg je ide\u00e1ln\u00ed n\u00e1stroj pro zved\u00e1n\u00ed men\u0161\u00edch b\u0159emen do v\u00fd\u0161ky a\u017e 3 metry. Uplatn\u00ed se p\u0159edev\u0161\u00edm v gar\u00e1\u017e\u00edch, autoservisech, d\u00edln\u00e1ch i na stavb\u011b \u2013 perfektn\u00ed nap\u0159\u00edklad pro manipulaci s motory, p\u0159evodovkami [&hellip;]\" \/>\n<meta property=\"og:url\" content=\"https:\/\/www.domkraftpro.com\/index.php\/produkt\/zlevneny-zvedak-retezovy-500kg-zdvih-3m-element-shop-cz-16777\/\" \/>\n<meta property=\"og:image\" content=\"https:\/\/www.domkraftpro.com\/wp-content\/uploads\/2026\/SK0007884-CZ20260425-092522-0-1777080324-120979_rewrite-92237-26700.webp\" \/>\n\t<meta property=\"og:image:width\" content=\"1000\" \/>\n\t<meta property=\"og:image:height\" content=\"750\" \/>\n\t<meta property=\"og:image:type\" content=\"image\/webp\" \/>\n<meta name=\"twitter:card\" content=\"summary_large_image\" \/>\n<meta name=\"twitter:label1\" content=\"Odhadovan\u00e1 doba \u010dten\u00ed\" \/>\n\t<meta name=\"twitter:data1\" content=\"1 minuta\" \/>\n<script type=\"application\/ld+json\" class=\"yoast-schema-graph\">{\"@context\":\"https:\/\/schema.org\",\"@graph\":[{\"@type\":\"WebPage\",\"@id\":\"https:\/\/www.domkraftpro.com\/index.php\/produkt\/zlevneny-zvedak-retezovy-500kg-zdvih-3m-element-shop-cz-16777\/\",\"url\":\"https:\/\/www.domkraftpro.com\/index.php\/produkt\/zlevneny-zvedak-retezovy-500kg-zdvih-3m-element-shop-cz-16777\/\",\"name\":\"Zlevn\u011bn\u00fd Zved\u00e1k \u0159et\u011bzov\u00fd, 500kg, zdvih 3m | element-shop.cz -\",\"isPartOf\":{\"@id\":\"https:\/\/www.domkraftpro.com\/#website\"},\"primaryImageOfPage\":{\"@id\":\"https:\/\/www.domkraftpro.com\/index.php\/produkt\/zlevneny-zvedak-retezovy-500kg-zdvih-3m-element-shop-cz-16777\/#primaryimage\"},\"image\":{\"@id\":\"https:\/\/www.domkraftpro.com\/index.php\/produkt\/zlevneny-zvedak-retezovy-500kg-zdvih-3m-element-shop-cz-16777\/#primaryimage\"},\"thumbnailUrl\":\"https:\/\/www.domkraftpro.com\/wp-content\/uploads\/2026\/SK0007884-CZ20260425-092522-0-1777080324-120979_rewrite-92237-26700.webp\",\"datePublished\":\"2026-04-27T04:41:04+00:00\",\"breadcrumb\":{\"@id\":\"https:\/\/www.domkraftpro.com\/index.php\/produkt\/zlevneny-zvedak-retezovy-500kg-zdvih-3m-element-shop-cz-16777\/#breadcrumb\"},\"inLanguage\":\"cs\",\"potentialAction\":[{\"@type\":\"ReadAction\",\"target\":[\"https:\/\/www.domkraftpro.com\/index.php\/produkt\/zlevneny-zvedak-retezovy-500kg-zdvih-3m-element-shop-cz-16777\/\"]}]},{\"@type\":\"ImageObject\",\"inLanguage\":\"cs\",\"@id\":\"https:\/\/www.domkraftpro.com\/index.php\/produkt\/zlevneny-zvedak-retezovy-500kg-zdvih-3m-element-shop-cz-16777\/#primaryimage\",\"url\":\"https:\/\/www.domkraftpro.com\/wp-content\/uploads\/2026\/SK0007884-CZ20260425-092522-0-1777080324-120979_rewrite-92237-26700.webp\",\"contentUrl\":\"https:\/\/www.domkraftpro.com\/wp-content\/uploads\/2026\/SK0007884-CZ20260425-092522-0-1777080324-120979_rewrite-92237-26700.webp\",\"width\":1000,\"height\":750},{\"@type\":\"BreadcrumbList\",\"@id\":\"https:\/\/www.domkraftpro.com\/index.php\/produkt\/zlevneny-zvedak-retezovy-500kg-zdvih-3m-element-shop-cz-16777\/#breadcrumb\",\"itemListElement\":[{\"@type\":\"ListItem\",\"position\":1,\"name\":\"Home\",\"item\":\"https:\/\/www.domkraftpro.com\/\"},{\"@type\":\"ListItem\",\"position\":2,\"name\":\"Products\",\"item\":\"https:\/\/www.domkraftpro.com\/index.php\/products\/\"},{\"@type\":\"ListItem\",\"position\":3,\"name\":\"Zlevn\u011bn\u00fd Zved\u00e1k \u0159et\u011bzov\u00fd, 500kg, zdvih 3m | element-shop.cz\"}]},{\"@type\":\"WebSite\",\"@id\":\"https:\/\/www.domkraftpro.com\/#website\",\"url\":\"https:\/\/www.domkraftpro.com\/\",\"name\":\"\",\"description\":\"\",\"potentialAction\":[{\"@type\":\"SearchAction\",\"target\":{\"@type\":\"EntryPoint\",\"urlTemplate\":\"https:\/\/www.domkraftpro.com\/?s={search_term_string}\"},\"query-input\":{\"@type\":\"PropertyValueSpecification\",\"valueRequired\":true,\"valueName\":\"search_term_string\"}}],\"inLanguage\":\"cs\"}]}<\/script>\n<!-- \/ Yoast SEO plugin. -->","yoast_head_json":{"title":"Zlevn\u011bn\u00fd Zved\u00e1k \u0159et\u011bzov\u00fd, 500kg, zdvih 3m | element-shop.cz -","robots":{"index":"index","follow":"follow","max-snippet":"max-snippet:-1","max-image-preview":"max-image-preview:large","max-video-preview":"max-video-preview:-1"},"canonical":"https:\/\/www.domkraftpro.com\/index.php\/produkt\/zlevneny-zvedak-retezovy-500kg-zdvih-3m-element-shop-cz-16777\/","og_locale":"cs_CZ","og_type":"article","og_title":"Zlevn\u011bn\u00fd Zved\u00e1k \u0159et\u011bzov\u00fd, 500kg, zdvih 3m | element-shop.cz -","og_description":"Detailn\u00ed popis produktu \u0158et\u011bzov\u00fd zved\u00e1k (kladkostroj) 500 kg \u2013 zdvih 3 m, 1 kladka, \u0159et\u011bz 6 mmKompaktn\u00ed a spolehliv\u00fd \u0159et\u011bzov\u00fd zved\u00e1k s nosnost\u00ed 500 kg je ide\u00e1ln\u00ed n\u00e1stroj pro zved\u00e1n\u00ed men\u0161\u00edch b\u0159emen do v\u00fd\u0161ky a\u017e 3 metry. Uplatn\u00ed se p\u0159edev\u0161\u00edm v gar\u00e1\u017e\u00edch, autoservisech, d\u00edln\u00e1ch i na stavb\u011b \u2013 perfektn\u00ed nap\u0159\u00edklad pro manipulaci s motory, p\u0159evodovkami [&hellip;]","og_url":"https:\/\/www.domkraftpro.com\/index.php\/produkt\/zlevneny-zvedak-retezovy-500kg-zdvih-3m-element-shop-cz-16777\/","og_image":[{"width":1000,"height":750,"url":"https:\/\/www.domkraftpro.com\/wp-content\/uploads\/2026\/SK0007884-CZ20260425-092522-0-1777080324-120979_rewrite-92237-26700.webp","type":"image\/webp"}],"twitter_card":"summary_large_image","twitter_misc":{"Odhadovan\u00e1 doba \u010dten\u00ed":"1 minuta"},"schema":{"@context":"https:\/\/schema.org","@graph":[{"@type":"WebPage","@id":"https:\/\/www.domkraftpro.com\/index.php\/produkt\/zlevneny-zvedak-retezovy-500kg-zdvih-3m-element-shop-cz-16777\/","url":"https:\/\/www.domkraftpro.com\/index.php\/produkt\/zlevneny-zvedak-retezovy-500kg-zdvih-3m-element-shop-cz-16777\/","name":"Zlevn\u011bn\u00fd Zved\u00e1k \u0159et\u011bzov\u00fd, 500kg, zdvih 3m | element-shop.cz -","isPartOf":{"@id":"https:\/\/www.domkraftpro.com\/#website"},"primaryImageOfPage":{"@id":"https:\/\/www.domkraftpro.com\/index.php\/produkt\/zlevneny-zvedak-retezovy-500kg-zdvih-3m-element-shop-cz-16777\/#primaryimage"},"image":{"@id":"https:\/\/www.domkraftpro.com\/index.php\/produkt\/zlevneny-zvedak-retezovy-500kg-zdvih-3m-element-shop-cz-16777\/#primaryimage"},"thumbnailUrl":"https:\/\/www.domkraftpro.com\/wp-content\/uploads\/2026\/SK0007884-CZ20260425-092522-0-1777080324-120979_rewrite-92237-26700.webp","datePublished":"2026-04-27T04:41:04+00:00","breadcrumb":{"@id":"https:\/\/www.domkraftpro.com\/index.php\/produkt\/zlevneny-zvedak-retezovy-500kg-zdvih-3m-element-shop-cz-16777\/#breadcrumb"},"inLanguage":"cs","potentialAction":[{"@type":"ReadAction","target":["https:\/\/www.domkraftpro.com\/index.php\/produkt\/zlevneny-zvedak-retezovy-500kg-zdvih-3m-element-shop-cz-16777\/"]}]},{"@type":"ImageObject","inLanguage":"cs","@id":"https:\/\/www.domkraftpro.com\/index.php\/produkt\/zlevneny-zvedak-retezovy-500kg-zdvih-3m-element-shop-cz-16777\/#primaryimage","url":"https:\/\/www.domkraftpro.com\/wp-content\/uploads\/2026\/SK0007884-CZ20260425-092522-0-1777080324-120979_rewrite-92237-26700.webp","contentUrl":"https:\/\/www.domkraftpro.com\/wp-content\/uploads\/2026\/SK0007884-CZ20260425-092522-0-1777080324-120979_rewrite-92237-26700.webp","width":1000,"height":750},{"@type":"BreadcrumbList","@id":"https:\/\/www.domkraftpro.com\/index.php\/produkt\/zlevneny-zvedak-retezovy-500kg-zdvih-3m-element-shop-cz-16777\/#breadcrumb","itemListElement":[{"@type":"ListItem","position":1,"name":"Home","item":"https:\/\/www.domkraftpro.com\/"},{"@type":"ListItem","position":2,"name":"Products","item":"https:\/\/www.domkraftpro.com\/index.php\/products\/"},{"@type":"ListItem","position":3,"name":"Zlevn\u011bn\u00fd Zved\u00e1k \u0159et\u011bzov\u00fd, 500kg, zdvih 3m | element-shop.cz"}]},{"@type":"WebSite","@id":"https:\/\/www.domkraftpro.com\/#website","url":"https:\/\/www.domkraftpro.com\/","name":"","description":"","potentialAction":[{"@type":"SearchAction","target":{"@type":"EntryPoint","urlTemplate":"https:\/\/www.domkraftpro.com\/?s={search_term_string}"},"query-input":{"@type":"PropertyValueSpecification","valueRequired":true,"valueName":"search_term_string"}}],"inLanguage":"cs"}]}},"_links":{"self":[{"href":"https:\/\/www.domkraftpro.com\/index.php\/wp-json\/wp\/v2\/product\/16777","targetHints":{"allow":["GET"]}}],"collection":[{"href":"https:\/\/www.domkraftpro.com\/index.php\/wp-json\/wp\/v2\/product"}],"about":[{"href":"https:\/\/www.domkraftpro.com\/index.php\/wp-json\/wp\/v2\/types\/product"}],"replies":[{"embeddable":true,"href":"https:\/\/www.domkraftpro.com\/index.php\/wp-json\/wp\/v2\/comments?post=16777"}],"wp:featuredmedia":[{"embeddable":true,"href":"https:\/\/www.domkraftpro.com\/index.php\/wp-json\/wp\/v2\/media\/16877"}],"wp:attachment":[{"href":"https:\/\/www.domkraftpro.com\/index.php\/wp-json\/wp\/v2\/media?parent=16777"}],"wp:term":[{"taxonomy":"product_brand","embeddable":true,"href":"https:\/\/www.domkraftpro.com\/index.php\/wp-json\/wp\/v2\/product_brand?post=16777"},{"taxonomy":"product_cat","embeddable":true,"href":"https:\/\/www.domkraftpro.com\/index.php\/wp-json\/wp\/v2\/product_cat?post=16777"},{"taxonomy":"product_tag","embeddable":true,"href":"https:\/\/www.domkraftpro.com\/index.php\/wp-json\/wp\/v2\/product_tag?post=16777"}],"curies":[{"name":"wp","href":"https:\/\/api.w.org\/{rel}","templated":true}]}}