{"id":16582,"date":"2026-04-27T04:41:03","date_gmt":"2026-04-27T04:41:03","guid":{"rendered":""},"modified":"2026-04-27T04:41:03","modified_gmt":"2026-04-27T04:41:03","slug":"znackovy-sklonomer-digitalni-0deg-360deg-magnet-fortum-element-shop-cz-16582","status":"publish","type":"product","link":"https:\/\/www.domkraftpro.com\/index.php\/produkt\/znackovy-sklonomer-digitalni-0deg-360deg-magnet-fortum-element-shop-cz-16582\/","title":{"rendered":"Zna\u010dkov\u00fd Sklonom\u011br digit\u00e1ln\u00ed, 0\u00b0-360\u00b0, magnet, FORTUM | element-shop.cz"},"content":{"rendered":"<div class=\"basic-description\">\n<h3>Detailn\u00ed popis produktu<\/h3>\n<p>                                    Digit\u00e1ln\u00ed sklonom\u011br s magnetem \u2013 p\u0159esn\u00e9 m\u011b\u0159en\u00ed \u00fahl\u016f pro d\u0159evoobr\u00e1b\u011bc\u00ed a kovoobr\u00e1b\u011bc\u00ed strojeJe vhodn\u00fd pro truhl\u00e1\u0159e, kov\u00e1\u0159e, \u0159emesln\u00edky a dom\u00e1c\u00ed d\u00edlny. Perfektn\u00ed n\u00e1stroj pro p\u0159esn\u00e9 m\u011b\u0159en\u00ed \u00fahl\u016f p\u0159i pr\u00e1ci se d\u0159evem, kovem a dal\u0161\u00edmi materi\u00e1ly.> Rychl\u00e9 a p\u0159esn\u00e9 m\u011b\u0159en\u00ed \u00fahlu sklonu \u2013 ide\u00e1ln\u00ed pro nastaven\u00ed pracovn\u00edho n\u00e1stroje u d\u0159evoobr\u00e1b\u011bc\u00edch i kovoobr\u00e1b\u011bc\u00edch stroj\u016f.> Siln\u00e9 magnety na spodn\u00ed stran\u011b zaji\u0161\u0165uj\u00ed stabiln\u00ed uchycen\u00ed na kovov\u00fdch povr\u0161\u00edch.> Funkce HOLD \u2013 uchov\u00e1n\u00ed nam\u011b\u0159en\u00e9 hodnoty na displeji a vizu\u00e1ln\u00ed signalizace zm\u011bny polohy v\u016f\u010di nastaven\u00e9mu \u00fahlu.> Automatick\u00e9 vypnut\u00ed po 5 minut\u00e1ch \u0161et\u0159\u00ed baterii.> Ochrann\u00e9 l\u00e1tkov\u00e9 pouzdro chr\u00e1n\u00ed <span class=\"show-tooltip\" title=\"N\u00e1stroj&amp;nbsp;je pracovn\u00ed prost\u0159edek, pom\u016fcka k zpracov\u00e1n\u00ed n\u011b\u010deho (pracovn\u00ed n\u00e1stroj, \u0159emeslnick\u00fd n\u00e1stroj, chirurgick\u00fd n\u00e1stroj aj.), p\u0159\u00edp. v\u00fdrobn\u00ed pom\u016fcka slou\u017e\u00edc\u00ed p\u0159i ru\u010dn\u00edm nebo strojn\u00edm obr\u00e1b\u011bn\u00ed ke zm\u011bn\u011b velikosti nebo tvaru opracov\u00e1van\u00e9ho&amp;hellip;\">p\u0159\u00edstroj<\/span> p\u0159ed po\u0161kozen\u00edm.Rozsah m\u011b\u0159en\u00ed: 2 x 180\u00b0P\u0159esnost: +- 0,1 \u00b0Rozli\u0161en\u00ed: 0,1 \u00b0Rozm\u011br: 60 x 60 x 25 mmNap\u00e1jen\u00ed: baterie 3V typ CR2032                            <\/div>\n","protected":false},"excerpt":{"rendered":"<p>Detailn\u00ed popis produktu Digit\u00e1ln\u00ed sklonom\u011br s magnetem \u2013 p\u0159esn\u00e9 m\u011b\u0159en\u00ed \u00fahl\u016f pro d\u0159evoobr\u00e1b\u011bc\u00ed a kovoobr\u00e1b\u011bc\u00ed strojeJe vhodn\u00fd pro truhl\u00e1\u0159e, kov\u00e1\u0159e, \u0159emesln\u00edky a dom\u00e1c\u00ed d\u00edlny. Perfektn\u00ed n\u00e1stroj pro p\u0159esn\u00e9 m\u011b\u0159en\u00ed \u00fahl\u016f p\u0159i pr\u00e1ci se d\u0159evem, kovem a dal\u0161\u00edmi materi\u00e1ly.> Rychl\u00e9 a p\u0159esn\u00e9 m\u011b\u0159en\u00ed \u00fahlu sklonu \u2013 ide\u00e1ln\u00ed pro nastaven\u00ed pracovn\u00edho n\u00e1stroje u d\u0159evoobr\u00e1b\u011bc\u00edch i kovoobr\u00e1b\u011bc\u00edch stroj\u016f.> [&hellip;]<\/p>\n","protected":false},"featured_media":16682,"comment_status":"open","ping_status":"open","template":"","meta":[],"product_brand":[],"product_cat":[52],"product_tag":[],"class_list":{"0":"post-16582","1":"product","2":"type-product","3":"status-publish","4":"has-post-thumbnail","6":"product_cat-naradi","8":"first","9":"instock","10":"sale","11":"shipping-taxable","12":"purchasable","13":"product-type-simple"},"yoast_head":"<!-- This site is optimized with the Yoast SEO plugin v26.8 - https:\/\/yoast.com\/product\/yoast-seo-wordpress\/ -->\n<title>Zna\u010dkov\u00fd Sklonom\u011br digit\u00e1ln\u00ed, 0\u00b0-360\u00b0, magnet, FORTUM | element-shop.cz -<\/title>\n<meta name=\"robots\" content=\"index, follow, max-snippet:-1, max-image-preview:large, max-video-preview:-1\" \/>\n<link rel=\"canonical\" href=\"https:\/\/www.domkraftpro.com\/index.php\/produkt\/znackovy-sklonomer-digitalni-0deg-360deg-magnet-fortum-element-shop-cz-16582\/\" \/>\n<meta property=\"og:locale\" content=\"cs_CZ\" \/>\n<meta property=\"og:type\" content=\"article\" \/>\n<meta property=\"og:title\" content=\"Zna\u010dkov\u00fd Sklonom\u011br digit\u00e1ln\u00ed, 0\u00b0-360\u00b0, magnet, FORTUM | element-shop.cz -\" \/>\n<meta property=\"og:description\" content=\"Detailn\u00ed popis produktu Digit\u00e1ln\u00ed sklonom\u011br s magnetem \u2013 p\u0159esn\u00e9 m\u011b\u0159en\u00ed \u00fahl\u016f pro d\u0159evoobr\u00e1b\u011bc\u00ed a kovoobr\u00e1b\u011bc\u00ed strojeJe vhodn\u00fd pro truhl\u00e1\u0159e, kov\u00e1\u0159e, \u0159emesln\u00edky a dom\u00e1c\u00ed d\u00edlny. Perfektn\u00ed n\u00e1stroj pro p\u0159esn\u00e9 m\u011b\u0159en\u00ed \u00fahl\u016f p\u0159i pr\u00e1ci se d\u0159evem, kovem a dal\u0161\u00edmi materi\u00e1ly.&gt; Rychl\u00e9 a p\u0159esn\u00e9 m\u011b\u0159en\u00ed \u00fahlu sklonu \u2013 ide\u00e1ln\u00ed pro nastaven\u00ed pracovn\u00edho n\u00e1stroje u d\u0159evoobr\u00e1b\u011bc\u00edch i kovoobr\u00e1b\u011bc\u00edch stroj\u016f.&gt; [&hellip;]\" \/>\n<meta property=\"og:url\" content=\"https:\/\/www.domkraftpro.com\/index.php\/produkt\/znackovy-sklonomer-digitalni-0deg-360deg-magnet-fortum-element-shop-cz-16582\/\" \/>\n<meta property=\"og:image\" content=\"https:\/\/www.domkraftpro.com\/wp-content\/uploads\/2026\/SK0007789-CZ20260425-092522-0-1777080324-120535_rewrite-178717-4780200.webp\" \/>\n\t<meta property=\"og:image:width\" content=\"1000\" \/>\n\t<meta property=\"og:image:height\" content=\"750\" \/>\n\t<meta property=\"og:image:type\" content=\"image\/webp\" \/>\n<meta name=\"twitter:card\" content=\"summary_large_image\" \/>\n<meta name=\"twitter:label1\" content=\"Odhadovan\u00e1 doba \u010dten\u00ed\" \/>\n\t<meta name=\"twitter:data1\" content=\"1 minuta\" \/>\n<script type=\"application\/ld+json\" class=\"yoast-schema-graph\">{\"@context\":\"https:\/\/schema.org\",\"@graph\":[{\"@type\":\"WebPage\",\"@id\":\"https:\/\/www.domkraftpro.com\/index.php\/produkt\/znackovy-sklonomer-digitalni-0deg-360deg-magnet-fortum-element-shop-cz-16582\/\",\"url\":\"https:\/\/www.domkraftpro.com\/index.php\/produkt\/znackovy-sklonomer-digitalni-0deg-360deg-magnet-fortum-element-shop-cz-16582\/\",\"name\":\"Zna\u010dkov\u00fd Sklonom\u011br digit\u00e1ln\u00ed, 0\u00b0-360\u00b0, magnet, FORTUM | element-shop.cz -\",\"isPartOf\":{\"@id\":\"https:\/\/www.domkraftpro.com\/#website\"},\"primaryImageOfPage\":{\"@id\":\"https:\/\/www.domkraftpro.com\/index.php\/produkt\/znackovy-sklonomer-digitalni-0deg-360deg-magnet-fortum-element-shop-cz-16582\/#primaryimage\"},\"image\":{\"@id\":\"https:\/\/www.domkraftpro.com\/index.php\/produkt\/znackovy-sklonomer-digitalni-0deg-360deg-magnet-fortum-element-shop-cz-16582\/#primaryimage\"},\"thumbnailUrl\":\"https:\/\/www.domkraftpro.com\/wp-content\/uploads\/2026\/SK0007789-CZ20260425-092522-0-1777080324-120535_rewrite-178717-4780200.webp\",\"datePublished\":\"2026-04-27T04:41:03+00:00\",\"breadcrumb\":{\"@id\":\"https:\/\/www.domkraftpro.com\/index.php\/produkt\/znackovy-sklonomer-digitalni-0deg-360deg-magnet-fortum-element-shop-cz-16582\/#breadcrumb\"},\"inLanguage\":\"cs\",\"potentialAction\":[{\"@type\":\"ReadAction\",\"target\":[\"https:\/\/www.domkraftpro.com\/index.php\/produkt\/znackovy-sklonomer-digitalni-0deg-360deg-magnet-fortum-element-shop-cz-16582\/\"]}]},{\"@type\":\"ImageObject\",\"inLanguage\":\"cs\",\"@id\":\"https:\/\/www.domkraftpro.com\/index.php\/produkt\/znackovy-sklonomer-digitalni-0deg-360deg-magnet-fortum-element-shop-cz-16582\/#primaryimage\",\"url\":\"https:\/\/www.domkraftpro.com\/wp-content\/uploads\/2026\/SK0007789-CZ20260425-092522-0-1777080324-120535_rewrite-178717-4780200.webp\",\"contentUrl\":\"https:\/\/www.domkraftpro.com\/wp-content\/uploads\/2026\/SK0007789-CZ20260425-092522-0-1777080324-120535_rewrite-178717-4780200.webp\",\"width\":1000,\"height\":750},{\"@type\":\"BreadcrumbList\",\"@id\":\"https:\/\/www.domkraftpro.com\/index.php\/produkt\/znackovy-sklonomer-digitalni-0deg-360deg-magnet-fortum-element-shop-cz-16582\/#breadcrumb\",\"itemListElement\":[{\"@type\":\"ListItem\",\"position\":1,\"name\":\"Home\",\"item\":\"https:\/\/www.domkraftpro.com\/\"},{\"@type\":\"ListItem\",\"position\":2,\"name\":\"Products\",\"item\":\"https:\/\/www.domkraftpro.com\/index.php\/products\/\"},{\"@type\":\"ListItem\",\"position\":3,\"name\":\"Zna\u010dkov\u00fd Sklonom\u011br digit\u00e1ln\u00ed, 0\u00b0-360\u00b0, magnet, FORTUM | element-shop.cz\"}]},{\"@type\":\"WebSite\",\"@id\":\"https:\/\/www.domkraftpro.com\/#website\",\"url\":\"https:\/\/www.domkraftpro.com\/\",\"name\":\"\",\"description\":\"\",\"potentialAction\":[{\"@type\":\"SearchAction\",\"target\":{\"@type\":\"EntryPoint\",\"urlTemplate\":\"https:\/\/www.domkraftpro.com\/?s={search_term_string}\"},\"query-input\":{\"@type\":\"PropertyValueSpecification\",\"valueRequired\":true,\"valueName\":\"search_term_string\"}}],\"inLanguage\":\"cs\"}]}<\/script>\n<!-- \/ Yoast SEO plugin. -->","yoast_head_json":{"title":"Zna\u010dkov\u00fd Sklonom\u011br digit\u00e1ln\u00ed, 0\u00b0-360\u00b0, magnet, FORTUM | element-shop.cz -","robots":{"index":"index","follow":"follow","max-snippet":"max-snippet:-1","max-image-preview":"max-image-preview:large","max-video-preview":"max-video-preview:-1"},"canonical":"https:\/\/www.domkraftpro.com\/index.php\/produkt\/znackovy-sklonomer-digitalni-0deg-360deg-magnet-fortum-element-shop-cz-16582\/","og_locale":"cs_CZ","og_type":"article","og_title":"Zna\u010dkov\u00fd Sklonom\u011br digit\u00e1ln\u00ed, 0\u00b0-360\u00b0, magnet, FORTUM | element-shop.cz -","og_description":"Detailn\u00ed popis produktu Digit\u00e1ln\u00ed sklonom\u011br s magnetem \u2013 p\u0159esn\u00e9 m\u011b\u0159en\u00ed \u00fahl\u016f pro d\u0159evoobr\u00e1b\u011bc\u00ed a kovoobr\u00e1b\u011bc\u00ed strojeJe vhodn\u00fd pro truhl\u00e1\u0159e, kov\u00e1\u0159e, \u0159emesln\u00edky a dom\u00e1c\u00ed d\u00edlny. Perfektn\u00ed n\u00e1stroj pro p\u0159esn\u00e9 m\u011b\u0159en\u00ed \u00fahl\u016f p\u0159i pr\u00e1ci se d\u0159evem, kovem a dal\u0161\u00edmi materi\u00e1ly.> Rychl\u00e9 a p\u0159esn\u00e9 m\u011b\u0159en\u00ed \u00fahlu sklonu \u2013 ide\u00e1ln\u00ed pro nastaven\u00ed pracovn\u00edho n\u00e1stroje u d\u0159evoobr\u00e1b\u011bc\u00edch i kovoobr\u00e1b\u011bc\u00edch stroj\u016f.> [&hellip;]","og_url":"https:\/\/www.domkraftpro.com\/index.php\/produkt\/znackovy-sklonomer-digitalni-0deg-360deg-magnet-fortum-element-shop-cz-16582\/","og_image":[{"width":1000,"height":750,"url":"https:\/\/www.domkraftpro.com\/wp-content\/uploads\/2026\/SK0007789-CZ20260425-092522-0-1777080324-120535_rewrite-178717-4780200.webp","type":"image\/webp"}],"twitter_card":"summary_large_image","twitter_misc":{"Odhadovan\u00e1 doba \u010dten\u00ed":"1 minuta"},"schema":{"@context":"https:\/\/schema.org","@graph":[{"@type":"WebPage","@id":"https:\/\/www.domkraftpro.com\/index.php\/produkt\/znackovy-sklonomer-digitalni-0deg-360deg-magnet-fortum-element-shop-cz-16582\/","url":"https:\/\/www.domkraftpro.com\/index.php\/produkt\/znackovy-sklonomer-digitalni-0deg-360deg-magnet-fortum-element-shop-cz-16582\/","name":"Zna\u010dkov\u00fd Sklonom\u011br digit\u00e1ln\u00ed, 0\u00b0-360\u00b0, magnet, FORTUM | element-shop.cz -","isPartOf":{"@id":"https:\/\/www.domkraftpro.com\/#website"},"primaryImageOfPage":{"@id":"https:\/\/www.domkraftpro.com\/index.php\/produkt\/znackovy-sklonomer-digitalni-0deg-360deg-magnet-fortum-element-shop-cz-16582\/#primaryimage"},"image":{"@id":"https:\/\/www.domkraftpro.com\/index.php\/produkt\/znackovy-sklonomer-digitalni-0deg-360deg-magnet-fortum-element-shop-cz-16582\/#primaryimage"},"thumbnailUrl":"https:\/\/www.domkraftpro.com\/wp-content\/uploads\/2026\/SK0007789-CZ20260425-092522-0-1777080324-120535_rewrite-178717-4780200.webp","datePublished":"2026-04-27T04:41:03+00:00","breadcrumb":{"@id":"https:\/\/www.domkraftpro.com\/index.php\/produkt\/znackovy-sklonomer-digitalni-0deg-360deg-magnet-fortum-element-shop-cz-16582\/#breadcrumb"},"inLanguage":"cs","potentialAction":[{"@type":"ReadAction","target":["https:\/\/www.domkraftpro.com\/index.php\/produkt\/znackovy-sklonomer-digitalni-0deg-360deg-magnet-fortum-element-shop-cz-16582\/"]}]},{"@type":"ImageObject","inLanguage":"cs","@id":"https:\/\/www.domkraftpro.com\/index.php\/produkt\/znackovy-sklonomer-digitalni-0deg-360deg-magnet-fortum-element-shop-cz-16582\/#primaryimage","url":"https:\/\/www.domkraftpro.com\/wp-content\/uploads\/2026\/SK0007789-CZ20260425-092522-0-1777080324-120535_rewrite-178717-4780200.webp","contentUrl":"https:\/\/www.domkraftpro.com\/wp-content\/uploads\/2026\/SK0007789-CZ20260425-092522-0-1777080324-120535_rewrite-178717-4780200.webp","width":1000,"height":750},{"@type":"BreadcrumbList","@id":"https:\/\/www.domkraftpro.com\/index.php\/produkt\/znackovy-sklonomer-digitalni-0deg-360deg-magnet-fortum-element-shop-cz-16582\/#breadcrumb","itemListElement":[{"@type":"ListItem","position":1,"name":"Home","item":"https:\/\/www.domkraftpro.com\/"},{"@type":"ListItem","position":2,"name":"Products","item":"https:\/\/www.domkraftpro.com\/index.php\/products\/"},{"@type":"ListItem","position":3,"name":"Zna\u010dkov\u00fd Sklonom\u011br digit\u00e1ln\u00ed, 0\u00b0-360\u00b0, magnet, FORTUM | element-shop.cz"}]},{"@type":"WebSite","@id":"https:\/\/www.domkraftpro.com\/#website","url":"https:\/\/www.domkraftpro.com\/","name":"","description":"","potentialAction":[{"@type":"SearchAction","target":{"@type":"EntryPoint","urlTemplate":"https:\/\/www.domkraftpro.com\/?s={search_term_string}"},"query-input":{"@type":"PropertyValueSpecification","valueRequired":true,"valueName":"search_term_string"}}],"inLanguage":"cs"}]}},"_links":{"self":[{"href":"https:\/\/www.domkraftpro.com\/index.php\/wp-json\/wp\/v2\/product\/16582","targetHints":{"allow":["GET"]}}],"collection":[{"href":"https:\/\/www.domkraftpro.com\/index.php\/wp-json\/wp\/v2\/product"}],"about":[{"href":"https:\/\/www.domkraftpro.com\/index.php\/wp-json\/wp\/v2\/types\/product"}],"replies":[{"embeddable":true,"href":"https:\/\/www.domkraftpro.com\/index.php\/wp-json\/wp\/v2\/comments?post=16582"}],"wp:featuredmedia":[{"embeddable":true,"href":"https:\/\/www.domkraftpro.com\/index.php\/wp-json\/wp\/v2\/media\/16682"}],"wp:attachment":[{"href":"https:\/\/www.domkraftpro.com\/index.php\/wp-json\/wp\/v2\/media?parent=16582"}],"wp:term":[{"taxonomy":"product_brand","embeddable":true,"href":"https:\/\/www.domkraftpro.com\/index.php\/wp-json\/wp\/v2\/product_brand?post=16582"},{"taxonomy":"product_cat","embeddable":true,"href":"https:\/\/www.domkraftpro.com\/index.php\/wp-json\/wp\/v2\/product_cat?post=16582"},{"taxonomy":"product_tag","embeddable":true,"href":"https:\/\/www.domkraftpro.com\/index.php\/wp-json\/wp\/v2\/product_tag?post=16582"}],"curies":[{"name":"wp","href":"https:\/\/api.w.org\/{rel}","templated":true}]}}