{"id":16561,"date":"2026-04-27T04:41:03","date_gmt":"2026-04-27T04:41:03","guid":{"rendered":""},"modified":"2026-04-27T04:41:03","modified_gmt":"2026-04-27T04:41:03","slug":"znackovy-schneider-mini-1201-teplomer-pokojovy-180-x-35-mm-16561","status":"publish","type":"product","link":"https:\/\/www.domkraftpro.com\/index.php\/produkt\/znackovy-schneider-mini-1201-teplomer-pokojovy-180-x-35-mm-16561\/","title":{"rendered":"Zna\u010dkov\u00fd SCHNEIDER MINI 1201 Teplom\u011br pokojov\u00fd, 180 x 35 mm"},"content":{"rendered":"<div class=\"basic-description\">\n<h3>Detailn\u00ed popis produktu<\/h3>\n<ul>\n<li><span style=\"font-size: 12pt; font-family: inherit;\"><strong>Rtu\u0165ov\u00fd pokojov\u00fd <span class=\"show-tooltip\" title=\"&amp;nbsp;Teplom\u011br je za\u0159\u00edzen\u00ed nebo n\u00e1stroj, kter\u00fd slou\u017e\u00ed k m\u011b\u0159en\u00ed teploty. Je to jeden z nejz\u00e1kladn\u011bj\u0161\u00edch a nej\u010dast\u011bji pou\u017e\u00edvan\u00fdch p\u0159\u00edstroj\u016f pro m\u011b\u0159en\u00ed tepla v r\u016fzn\u00fdch prost\u0159ed\u00edch. Teplota je fyzik\u00e1ln\u00ed veli\u010dina, kter\u00e1 ud\u00e1v\u00e1 stupe\u0148 horkosti&amp;hellip;\">teplom\u011br<\/span>. <\/strong><\/span><\/li>\n<li><span style=\"font-size: 12pt; font-family: inherit;\"><strong><span class=\"show-tooltip\" title=\"D\u0159evo&amp;nbsp;je tvrd\u00e9 a p\u00f3rovit\u00e9&amp;nbsp;rostlinn\u00e9 pletivo&amp;nbsp;(tk\u00e1\u0148), je\u017e tvo\u0159\u00ed kmeny, ko\u0159eny a v\u011btve strom\u016f, ke\u0159\u016f a dal\u0161\u00edch&amp;nbsp;d\u0159evin. Skl\u00e1d\u00e1 se z&amp;nbsp;celul\u00f3zov\u00fdch&amp;nbsp;vl\u00e1ken s vysokou pevnost\u00ed v tahu a&amp;nbsp;ligninov\u00e9&amp;nbsp;v\u00fdpln\u011b, kter\u00e1&amp;hellip;\">D\u0159ev\u011bn\u00e9<\/span> lakovan\u00e9 t\u011bleso.<\/strong><\/span><\/li>\n<\/ul>\n<div>\n<ul class=\"params\">\n<li><span style=\"font-size: 12pt;\"><strong><span class=\"show-tooltip\" title=\"D\u00e9lka&amp;nbsp;je jedna ze z\u00e1kladn\u00edch&amp;nbsp;fyzik\u00e1ln\u00edch veli\u010din. Pomoc\u00ed d\u00e9lky se vyjad\u0159uje vz\u00e1jemn\u00e1 poloha a rozprostran\u011bnost objekt\u016f v prostoru. D\u00e9lka jako fyzik\u00e1ln\u00ed veli\u010dina vych\u00e1z\u00ed z geometrick\u00e9ho pojmu&amp;nbsp;d\u00e9lky&amp;nbsp;jako&amp;nbsp;m\u00edry&amp;nbsp;ohrani\u010den\u00e9&amp;hellip;\">d\u00e9lka<\/span>:<\/strong>&nbsp;18 cm<\/span><\/li>\n<li><span style=\"font-size: 12pt;\"><strong>materi\u00e1l:<\/strong>&nbsp;d\u0159evo<\/span><\/li>\n<li><span style=\"font-size: 12pt;\"><strong>\u0161\u00ed\u0159ka:<\/strong>&nbsp;3,5 cm<\/span><\/li>\n<li><span style=\"font-size: 12pt;\"><strong>v\u00fd\u0161ka:<\/strong>&nbsp;1,5 cm<\/span><\/li>\n<\/ul>\n<\/div>\n<div>&nbsp;<\/div>\n<div id=\"gtx-trans\" style=\"position: absolute; left: 221px; top: 118.859px;\">&nbsp;<\/div>\n<\/p><\/div>\n","protected":false},"excerpt":{"rendered":"<p>Detailn\u00ed popis produktu Rtu\u0165ov\u00fd pokojov\u00fd teplom\u011br. D\u0159ev\u011bn\u00e9 lakovan\u00e9 t\u011bleso. d\u00e9lka:&nbsp;18 cm materi\u00e1l:&nbsp;d\u0159evo \u0161\u00ed\u0159ka:&nbsp;3,5 cm v\u00fd\u0161ka:&nbsp;1,5 cm &nbsp; &nbsp;<\/p>\n","protected":false},"featured_media":16661,"comment_status":"open","ping_status":"open","template":"","meta":[],"product_brand":[],"product_cat":[58],"product_tag":[],"class_list":{"0":"post-16561","1":"product","2":"type-product","3":"status-publish","4":"has-post-thumbnail","6":"product_cat-dum-a-zahrada","8":"first","9":"instock","10":"sale","11":"shipping-taxable","12":"purchasable","13":"product-type-simple"},"yoast_head":"<!-- This site is optimized with the Yoast SEO plugin v26.8 - https:\/\/yoast.com\/product\/yoast-seo-wordpress\/ -->\n<title>Zna\u010dkov\u00fd SCHNEIDER MINI 1201 Teplom\u011br pokojov\u00fd, 180 x 35 mm -<\/title>\n<meta name=\"robots\" content=\"index, follow, max-snippet:-1, max-image-preview:large, max-video-preview:-1\" \/>\n<link rel=\"canonical\" href=\"https:\/\/www.domkraftpro.com\/index.php\/produkt\/znackovy-schneider-mini-1201-teplomer-pokojovy-180-x-35-mm-16561\/\" \/>\n<meta property=\"og:locale\" content=\"cs_CZ\" \/>\n<meta property=\"og:type\" content=\"article\" \/>\n<meta property=\"og:title\" content=\"Zna\u010dkov\u00fd SCHNEIDER MINI 1201 Teplom\u011br pokojov\u00fd, 180 x 35 mm -\" \/>\n<meta property=\"og:description\" content=\"Detailn\u00ed popis produktu Rtu\u0165ov\u00fd pokojov\u00fd teplom\u011br. D\u0159ev\u011bn\u00e9 lakovan\u00e9 t\u011bleso. d\u00e9lka:&nbsp;18 cm materi\u00e1l:&nbsp;d\u0159evo \u0161\u00ed\u0159ka:&nbsp;3,5 cm v\u00fd\u0161ka:&nbsp;1,5 cm &nbsp; &nbsp;\" \/>\n<meta property=\"og:url\" content=\"https:\/\/www.domkraftpro.com\/index.php\/produkt\/znackovy-schneider-mini-1201-teplomer-pokojovy-180-x-35-mm-16561\/\" \/>\n<meta property=\"og:image\" content=\"https:\/\/www.domkraftpro.com\/wp-content\/uploads\/2026\/SK0007768-CZ20260425-092522-0-1777080324-120463_teplomer-1201.webp\" \/>\n\t<meta property=\"og:image:width\" content=\"1000\" \/>\n\t<meta property=\"og:image:height\" content=\"750\" \/>\n\t<meta property=\"og:image:type\" content=\"image\/webp\" \/>\n<meta name=\"twitter:card\" content=\"summary_large_image\" \/>\n<script type=\"application\/ld+json\" class=\"yoast-schema-graph\">{\"@context\":\"https:\/\/schema.org\",\"@graph\":[{\"@type\":\"WebPage\",\"@id\":\"https:\/\/www.domkraftpro.com\/index.php\/produkt\/znackovy-schneider-mini-1201-teplomer-pokojovy-180-x-35-mm-16561\/\",\"url\":\"https:\/\/www.domkraftpro.com\/index.php\/produkt\/znackovy-schneider-mini-1201-teplomer-pokojovy-180-x-35-mm-16561\/\",\"name\":\"Zna\u010dkov\u00fd SCHNEIDER MINI 1201 Teplom\u011br pokojov\u00fd, 180 x 35 mm -\",\"isPartOf\":{\"@id\":\"https:\/\/www.domkraftpro.com\/#website\"},\"primaryImageOfPage\":{\"@id\":\"https:\/\/www.domkraftpro.com\/index.php\/produkt\/znackovy-schneider-mini-1201-teplomer-pokojovy-180-x-35-mm-16561\/#primaryimage\"},\"image\":{\"@id\":\"https:\/\/www.domkraftpro.com\/index.php\/produkt\/znackovy-schneider-mini-1201-teplomer-pokojovy-180-x-35-mm-16561\/#primaryimage\"},\"thumbnailUrl\":\"https:\/\/www.domkraftpro.com\/wp-content\/uploads\/2026\/SK0007768-CZ20260425-092522-0-1777080324-120463_teplomer-1201.webp\",\"datePublished\":\"2026-04-27T04:41:03+00:00\",\"breadcrumb\":{\"@id\":\"https:\/\/www.domkraftpro.com\/index.php\/produkt\/znackovy-schneider-mini-1201-teplomer-pokojovy-180-x-35-mm-16561\/#breadcrumb\"},\"inLanguage\":\"cs\",\"potentialAction\":[{\"@type\":\"ReadAction\",\"target\":[\"https:\/\/www.domkraftpro.com\/index.php\/produkt\/znackovy-schneider-mini-1201-teplomer-pokojovy-180-x-35-mm-16561\/\"]}]},{\"@type\":\"ImageObject\",\"inLanguage\":\"cs\",\"@id\":\"https:\/\/www.domkraftpro.com\/index.php\/produkt\/znackovy-schneider-mini-1201-teplomer-pokojovy-180-x-35-mm-16561\/#primaryimage\",\"url\":\"https:\/\/www.domkraftpro.com\/wp-content\/uploads\/2026\/SK0007768-CZ20260425-092522-0-1777080324-120463_teplomer-1201.webp\",\"contentUrl\":\"https:\/\/www.domkraftpro.com\/wp-content\/uploads\/2026\/SK0007768-CZ20260425-092522-0-1777080324-120463_teplomer-1201.webp\",\"width\":1000,\"height\":750},{\"@type\":\"BreadcrumbList\",\"@id\":\"https:\/\/www.domkraftpro.com\/index.php\/produkt\/znackovy-schneider-mini-1201-teplomer-pokojovy-180-x-35-mm-16561\/#breadcrumb\",\"itemListElement\":[{\"@type\":\"ListItem\",\"position\":1,\"name\":\"Home\",\"item\":\"https:\/\/www.domkraftpro.com\/\"},{\"@type\":\"ListItem\",\"position\":2,\"name\":\"Products\",\"item\":\"https:\/\/www.domkraftpro.com\/index.php\/products\/\"},{\"@type\":\"ListItem\",\"position\":3,\"name\":\"Zna\u010dkov\u00fd SCHNEIDER MINI 1201 Teplom\u011br pokojov\u00fd, 180 x 35 mm\"}]},{\"@type\":\"WebSite\",\"@id\":\"https:\/\/www.domkraftpro.com\/#website\",\"url\":\"https:\/\/www.domkraftpro.com\/\",\"name\":\"\",\"description\":\"\",\"potentialAction\":[{\"@type\":\"SearchAction\",\"target\":{\"@type\":\"EntryPoint\",\"urlTemplate\":\"https:\/\/www.domkraftpro.com\/?s={search_term_string}\"},\"query-input\":{\"@type\":\"PropertyValueSpecification\",\"valueRequired\":true,\"valueName\":\"search_term_string\"}}],\"inLanguage\":\"cs\"}]}<\/script>\n<!-- \/ Yoast SEO plugin. -->","yoast_head_json":{"title":"Zna\u010dkov\u00fd SCHNEIDER MINI 1201 Teplom\u011br pokojov\u00fd, 180 x 35 mm -","robots":{"index":"index","follow":"follow","max-snippet":"max-snippet:-1","max-image-preview":"max-image-preview:large","max-video-preview":"max-video-preview:-1"},"canonical":"https:\/\/www.domkraftpro.com\/index.php\/produkt\/znackovy-schneider-mini-1201-teplomer-pokojovy-180-x-35-mm-16561\/","og_locale":"cs_CZ","og_type":"article","og_title":"Zna\u010dkov\u00fd SCHNEIDER MINI 1201 Teplom\u011br pokojov\u00fd, 180 x 35 mm -","og_description":"Detailn\u00ed popis produktu Rtu\u0165ov\u00fd pokojov\u00fd teplom\u011br. D\u0159ev\u011bn\u00e9 lakovan\u00e9 t\u011bleso. d\u00e9lka:&nbsp;18 cm materi\u00e1l:&nbsp;d\u0159evo \u0161\u00ed\u0159ka:&nbsp;3,5 cm v\u00fd\u0161ka:&nbsp;1,5 cm &nbsp; &nbsp;","og_url":"https:\/\/www.domkraftpro.com\/index.php\/produkt\/znackovy-schneider-mini-1201-teplomer-pokojovy-180-x-35-mm-16561\/","og_image":[{"width":1000,"height":750,"url":"https:\/\/www.domkraftpro.com\/wp-content\/uploads\/2026\/SK0007768-CZ20260425-092522-0-1777080324-120463_teplomer-1201.webp","type":"image\/webp"}],"twitter_card":"summary_large_image","schema":{"@context":"https:\/\/schema.org","@graph":[{"@type":"WebPage","@id":"https:\/\/www.domkraftpro.com\/index.php\/produkt\/znackovy-schneider-mini-1201-teplomer-pokojovy-180-x-35-mm-16561\/","url":"https:\/\/www.domkraftpro.com\/index.php\/produkt\/znackovy-schneider-mini-1201-teplomer-pokojovy-180-x-35-mm-16561\/","name":"Zna\u010dkov\u00fd SCHNEIDER MINI 1201 Teplom\u011br pokojov\u00fd, 180 x 35 mm -","isPartOf":{"@id":"https:\/\/www.domkraftpro.com\/#website"},"primaryImageOfPage":{"@id":"https:\/\/www.domkraftpro.com\/index.php\/produkt\/znackovy-schneider-mini-1201-teplomer-pokojovy-180-x-35-mm-16561\/#primaryimage"},"image":{"@id":"https:\/\/www.domkraftpro.com\/index.php\/produkt\/znackovy-schneider-mini-1201-teplomer-pokojovy-180-x-35-mm-16561\/#primaryimage"},"thumbnailUrl":"https:\/\/www.domkraftpro.com\/wp-content\/uploads\/2026\/SK0007768-CZ20260425-092522-0-1777080324-120463_teplomer-1201.webp","datePublished":"2026-04-27T04:41:03+00:00","breadcrumb":{"@id":"https:\/\/www.domkraftpro.com\/index.php\/produkt\/znackovy-schneider-mini-1201-teplomer-pokojovy-180-x-35-mm-16561\/#breadcrumb"},"inLanguage":"cs","potentialAction":[{"@type":"ReadAction","target":["https:\/\/www.domkraftpro.com\/index.php\/produkt\/znackovy-schneider-mini-1201-teplomer-pokojovy-180-x-35-mm-16561\/"]}]},{"@type":"ImageObject","inLanguage":"cs","@id":"https:\/\/www.domkraftpro.com\/index.php\/produkt\/znackovy-schneider-mini-1201-teplomer-pokojovy-180-x-35-mm-16561\/#primaryimage","url":"https:\/\/www.domkraftpro.com\/wp-content\/uploads\/2026\/SK0007768-CZ20260425-092522-0-1777080324-120463_teplomer-1201.webp","contentUrl":"https:\/\/www.domkraftpro.com\/wp-content\/uploads\/2026\/SK0007768-CZ20260425-092522-0-1777080324-120463_teplomer-1201.webp","width":1000,"height":750},{"@type":"BreadcrumbList","@id":"https:\/\/www.domkraftpro.com\/index.php\/produkt\/znackovy-schneider-mini-1201-teplomer-pokojovy-180-x-35-mm-16561\/#breadcrumb","itemListElement":[{"@type":"ListItem","position":1,"name":"Home","item":"https:\/\/www.domkraftpro.com\/"},{"@type":"ListItem","position":2,"name":"Products","item":"https:\/\/www.domkraftpro.com\/index.php\/products\/"},{"@type":"ListItem","position":3,"name":"Zna\u010dkov\u00fd SCHNEIDER MINI 1201 Teplom\u011br pokojov\u00fd, 180 x 35 mm"}]},{"@type":"WebSite","@id":"https:\/\/www.domkraftpro.com\/#website","url":"https:\/\/www.domkraftpro.com\/","name":"","description":"","potentialAction":[{"@type":"SearchAction","target":{"@type":"EntryPoint","urlTemplate":"https:\/\/www.domkraftpro.com\/?s={search_term_string}"},"query-input":{"@type":"PropertyValueSpecification","valueRequired":true,"valueName":"search_term_string"}}],"inLanguage":"cs"}]}},"_links":{"self":[{"href":"https:\/\/www.domkraftpro.com\/index.php\/wp-json\/wp\/v2\/product\/16561","targetHints":{"allow":["GET"]}}],"collection":[{"href":"https:\/\/www.domkraftpro.com\/index.php\/wp-json\/wp\/v2\/product"}],"about":[{"href":"https:\/\/www.domkraftpro.com\/index.php\/wp-json\/wp\/v2\/types\/product"}],"replies":[{"embeddable":true,"href":"https:\/\/www.domkraftpro.com\/index.php\/wp-json\/wp\/v2\/comments?post=16561"}],"wp:featuredmedia":[{"embeddable":true,"href":"https:\/\/www.domkraftpro.com\/index.php\/wp-json\/wp\/v2\/media\/16661"}],"wp:attachment":[{"href":"https:\/\/www.domkraftpro.com\/index.php\/wp-json\/wp\/v2\/media?parent=16561"}],"wp:term":[{"taxonomy":"product_brand","embeddable":true,"href":"https:\/\/www.domkraftpro.com\/index.php\/wp-json\/wp\/v2\/product_brand?post=16561"},{"taxonomy":"product_cat","embeddable":true,"href":"https:\/\/www.domkraftpro.com\/index.php\/wp-json\/wp\/v2\/product_cat?post=16561"},{"taxonomy":"product_tag","embeddable":true,"href":"https:\/\/www.domkraftpro.com\/index.php\/wp-json\/wp\/v2\/product_tag?post=16561"}],"curies":[{"name":"wp","href":"https:\/\/api.w.org\/{rel}","templated":true}]}}