{"id":16510,"date":"2026-04-27T04:41:03","date_gmt":"2026-04-27T04:41:03","guid":{"rendered":""},"modified":"2026-04-27T04:41:03","modified_gmt":"2026-04-27T04:41:03","slug":"znackovy-stachema-r-sf220-likvidace-mechu-a-ras-bezchlorovy-koncentrat-16510","status":"publish","type":"product","link":"https:\/\/www.domkraftpro.com\/index.php\/produkt\/znackovy-stachema-r-sf220-likvidace-mechu-a-ras-bezchlorovy-koncentrat-16510\/","title":{"rendered":"Zna\u010dkov\u00fd STACHEMA\u00ae SF220 Likvidace mech\u016f a \u0159as &#8211; bezchl\u00f3rov\u00fd koncentr\u00e1t"},"content":{"rendered":"<div class=\"basic-description\">\n<h3>Detailn\u00ed popis produktu<\/h3>\n<p><span style=\"font-size: 14pt;\"><strong><span style=\"font-family: inherit;\">VLASTNOSTI A V\u00ddHODY<\/span><\/strong><\/span><\/p>\n<ul>\n<li><span style=\"font-size: 12pt;\"><strong><span style=\"font-family: Mulish, sans-serif;\">Odstra\u0148uje <span class=\"show-tooltip\" title=\"Zelen\u00e1 je barva, kter\u00e1 se nach\u00e1z\u00ed mezi modrou a \u017elutou v barevn\u00e9m spektru. Vlnov\u00e1 d\u00e9lka zelen\u00e9ho sv\u011btla se pohybuje mezi 520\u2013570 nm. Zelen\u00e1 je pova\u017eov\u00e1na za uklid\u0148uj\u00edc\u00ed a harmonizuj\u00edc\u00ed barvu, kter\u00e1 vyvol\u00e1v\u00e1 pocit rovnov\u00e1hy a sv\u011b\u017eesti.&amp;nbsp;Je to&amp;hellip;\">zelen\u00e9<\/span> povlaky, mechy a <span class=\"show-tooltip\" title=\"Pl\u00edse\u0148 (pl\u00edsn\u011b) je typ mikroskopick\u00fdch organism\u016f, kter\u00fd se vyskytuje ve form\u011b viditeln\u00fdch koloni\u00ed na povrchu organick\u00fdch materi\u00e1l\u016f, jako jsou potraviny, d\u0159evo, pap\u00edr, textilie, st\u011bny, koupelny a dal\u0161\u00ed vlhk\u00e1 m\u00edsta. Pl\u00edsn\u011b jsou&amp;hellip;\">pl\u00edsn\u011b<\/span><\/span><\/strong><\/span><\/li>\n<li><span style=\"font-family: inherit; font-size: 12pt;\"><strong>Neobsahuje chl\u00f3r, nem\u00e1 b\u011blic\u00ed \u00fa\u010dinky<\/strong><\/span><\/li>\n<li><span style=\"font-size: 12pt;\"><strong>O\u017eivuje vzhled podkladu<\/strong><\/span><\/li>\n<li><span style=\"font-size: 12pt;\"><strong>Zvy\u0161uje \u017eivotnost povrchu<\/strong><\/span><\/li>\n<li><span style=\"font-size: 12pt;\"><strong>Hloubkov\u00fd \u00fa\u010dinek<\/strong><\/span><\/li>\n<li><span style=\"font-size: 12pt;\"><strong><span style=\"font-family: inherit;\">Snadno aplikovateln\u00fd<\/span><\/strong><\/span><\/li>\n<\/ul>\n<p><span style=\"font-size: 14pt;\"><strong><span style=\"font-family: inherit;\">POU\u017dIT\u00cd<\/span><\/strong><\/span><\/p>\n<ul>\n<li><span style=\"font-size: 12pt;\"><strong><span style=\"font-family: inherit;\">Ur\u010den\u00fd&nbsp;k \u010di\u0161t\u011bn\u00ed a likvidaci \u0159as, pl\u00edsn\u00ed, mech\u016f a bakteri\u00ed ze&nbsp;stavebn\u00edch materi\u00e1l\u016f (<span class=\"show-tooltip\" title=\"Om\u00edtka je vrstva materi\u00e1lu, kter\u00e1 se nan\u00e1\u0161\u00ed na povrch st\u011bn nebo strop\u016f budov a slou\u017e\u00ed k vytvo\u0159en\u00ed hladk\u00e9, rovnom\u011brn\u00e9 a dekorativn\u00ed povrchov\u00e9 \u00fapravy. Om\u00edtka m\u016f\u017ee plnit r\u016fzn\u00e9 funkce, v\u010detn\u011b estetick\u00fdch, ochrann\u00fdch a tepeln\u011b izola\u010dn\u00edch.&amp;nbsp;Zakr\u00fdv\u00e1&amp;hellip;\">om\u00edtky<\/span>, <span class=\"show-tooltip\" title=\"Beton je stavebn\u00ed materi\u00e1l slo\u017een\u00fd z n\u011bkolika z\u00e1kladn\u00edch slo\u017eek, v\u010detn\u011b cementu, vody, p\u00edsku (nebo jemn\u00e9ho \u0161t\u011brku) a hrub\u00e9ho \u0161t\u011brku nebo kamene. Tato sm\u011bs se pe\u010dliv\u011b prom\u00edch\u00e1 a pot\u00e9 ztvrdne a z\u00edsk\u00e1 pevnou a odolnou strukturu. Beton je&amp;hellip;\">beton<\/span> apod.) a <span class=\"show-tooltip\" title=\"Konstrukce je proces tvorby a sestaven\u00ed r\u016fzn\u00fdch prvk\u016f nebo sou\u010d\u00e1st\u00ed do funk\u010dn\u00edho celku, kter\u00fd m\u016f\u017ee slou\u017eit k ur\u010dit\u00e9mu \u00fa\u010delu. V kontextu stavebnictv\u00ed a in\u017een\u00fdrstv\u00ed zahrnuje konstrukce tvorbu budov, most\u016f, silnic, pr\u016fmyslov\u00fdch za\u0159\u00edzen\u00ed,&amp;hellip;\">konstrukc\u00ed<\/span> (st\u011bny, st\u0159echy).<\/span><\/strong><\/span><\/li>\n<li><span style=\"font-size: 12pt;\"><strong><span style=\"font-family: inherit;\">P\u0159\u00edpravek je&nbsp;ur\u010den pro pou\u017eit\u00ed v exteri\u00e9ru.<\/span><\/strong><\/span><\/li>\n<\/ul>\n<p><span style=\"font-size: 14pt;\"><strong><span style=\"font-family: inherit;\">APLIKACE<\/span><\/strong><\/span><\/p>\n<p><span style=\"font-size: 12pt;\"><strong><span style=\"font-family: inherit;\">Pl\u00edsn\u011b a \u0159asy se p\u0159ed aplikac\u00ed neodstra\u0148uj\u00ed. Z\u0159ed\u011bn\u00fd p\u0159\u00edpravek (<span><span class=\"show-tooltip\" title=\"\u0158ed\u011bn\u00ed je proces, p\u0159i kter\u00e9m se jedna l\u00e1tka (obvykle tekutina) o ur\u010dit\u00e9 hustot\u011b nebo koncentraci \u0159ed\u00ed sm\u00edch\u00e1n\u00edm s jinou l\u00e1tkou ni\u017e\u0161\u00ed hustoty v takov\u00e9m mno\u017estv\u00ed, aby bylo dosa\u017eeno po\u017eadovan\u00e9 v\u00fdsledn\u00e9 sm\u011bsi - roztoku o ni\u017e\u0161\u00ed hustot\u011b.Tento term\u00edn se&amp;hellip;\">\u0159ed\u011bn\u00ed<\/span> 1 : 9 a\u017e 1 : 19<\/span>) se aplikuje&nbsp;rovnom\u011brn\u011b pomoc\u00ed <span class=\"show-tooltip\" title=\"\u0160t\u011btec je n\u00e1stroj pou\u017e\u00edvan\u00fd pro malov\u00e1n\u00ed, nan\u00e1\u0161en\u00ed laku, barvy, lepidel nebo jin\u00fdch podobn\u00fdch l\u00e1tek na povrchy. Skl\u00e1d\u00e1 se z h\u0159betu (t\u011bla) a chlup\u016f (vl\u00e1ken), kter\u00e9 jsou p\u0159ipevn\u011bny k h\u0159betu. Chlupy mohou b\u00fdt vyrobeny z r\u016fzn\u00fdch materi\u00e1l\u016f, jako&amp;hellip;\">\u0161t\u011btce<\/span>, v\u00e1le\u010dku nebo zahradn\u00edho post\u0159ikova\u010de na m\u00edrn\u011b zvlh\u010den\u00fd&nbsp;\u010di\u0161t\u011bn\u00fd povrch, ide\u00e1ln\u011b v rann\u00edch hodin\u00e1ch. P\u0159\u00edpravek lze tak\u00e9 nan\u00e1\u0161et p\u011bnovac\u00ed&nbsp;tryskou tlakov\u00fdch my\u010dek. O\u0161et\u0159ovan\u00fd povrch se nech\u00e1 d\u016fkladn\u011b <span class=\"show-tooltip\" title=\"Nas\u00e1kavost je m\u011b\u0159en\u00e1 schopnost\u00ed materi\u00e1lu absorbovat \u010di vst\u0159ebat a uchovat ur\u010dit\u00e9 mno\u017estv\u00ed tekutiny.M\u011b\u0159en\u00ed a kontrola nas\u00e1kavosti jsou d\u016fle\u017eit\u00e9 pro zaji\u0161t\u011bn\u00ed spr\u00e1vn\u00e9ho chov\u00e1n\u00ed materi\u00e1lu v dan\u00e9m prost\u0159ed\u00ed a aplikaci.&amp;nbsp;Zde jsou n\u011bkter\u00e9&amp;hellip;\">nas\u00e1knout<\/span>&nbsp;p\u0159\u00edpravkem. P\u0159\u00edpravek se nech\u00e1 minim\u00e1ln\u011b 24 hodin p\u016fsobit. N\u00e1sledn\u011b se za mokra&nbsp;mechanicky odstran\u00ed biologick\u00e9 ne\u010distoty (kart\u00e1\u010dem namo\u010den\u00fdm v p\u0159\u00edpravku nebo&nbsp;vysokotlak\u00fdm \u010disti\u010dem \u2013 WAP\/VAP). Po oschnut\u00ed povrchu se doporu\u010duje pou\u017e\u00edt&nbsp;protipl\u00eds\u0148ovou ochranu SF310 nebo sana\u010dn\u00ed barvu SILCOLOR RENOV. P\u0159\u00edpadnou<br \/>aplikaci ochrany proti graffiti (Barbakan) se doporu\u010duje konzultovat s v\u00fdrobcem.&nbsp;<\/span><\/strong><\/span><\/p>\n<p><span style=\"font-size: 14pt;\"><strong><span style=\"font-family: inherit;\">ZP\u016eSOB NAN\u00c1\u0160EN\u00cd<\/span><\/strong><\/span><\/p>\n<ul>\n<li><span style=\"font-size: 12pt;\"><strong><span style=\"font-family: inherit;\">\u0160t\u011btcem, v\u00e1le\u010dkem, post\u0159ikem. <\/span><\/strong><\/span><\/li>\n<\/ul>\n<p><span style=\"font-size: 18.6667px; font-family: inherit;\"><strong>VYDATNOST<\/strong><\/span><\/p>\n<ul>\n<li><span style=\"font-size: 12pt; font-family: inherit;\"><strong>a\u017e 100 m<sup>2<\/sup>\/l <span class=\"show-tooltip\" title=\"Koncentrace se v obecn\u00e9m smyslu vztahuje k mno\u017estv\u00ed jedn\u00e9 l\u00e1tky obsa\u017een\u00e9 v dan\u00e9m objemu nebo hmotnosti jin\u00e9 l\u00e1tky nebo sm\u011bsi.Tento term\u00edn se pou\u017e\u00edv\u00e1 v r\u016fzn\u00fdch kontextech v\u010detn\u011b chemie, fyziky, biologie, l\u00e9ka\u0159stv\u00ed, pr\u016fmyslu a dal\u0161\u00edch&amp;hellip;\">koncentr\u00e1tu<\/span> p\u0159i jedn\u00e9 aplikaci a \u0159ed\u011bn\u00ed 1:9<\/strong><\/span><\/li>\n<li><span style=\"font-size: 12pt; font-family: inherit;\"><strong>a\u017e 200 m<sup>2<\/sup>\/l koncentr\u00e1tu p\u0159i jedn\u00e9 aplikaci a \u0159ed\u011bn\u00ed 1:19<\/strong><\/span><\/li>\n<\/ul>\n<p><span style=\"font-size: 14pt;\"><strong><span style=\"font-family: inherit;\">VELIKOSTI BALEN\u00cd<\/span><\/strong><\/span><\/p>\n<ul>\n<li><span style=\"font-family: inherit; font-size: 12pt;\">1 l, 5 l<\/span><\/li>\n<\/ul>\n<p><span style=\"font-size: 14pt; font-family: inherit;\"><strong>UPOZORN\u011aN\u00cd<\/strong><\/span><\/p>\n<ul>\n<li><span style=\"font-size: 16px; font-family: inherit;\">Pou\u017e\u00edvejte biocidy bezpe\u010dn\u00fdm zp\u016fsobem. <\/span><\/li>\n<li><span style=\"font-size: 16px; font-family: inherit;\">P\u0159ed pou\u017eit\u00edm si v\u017edy p\u0159e\u010dt\u011bte ozna\u010den\u00ed a informace o p\u0159\u00edpravku!<\/span><\/li>\n<li><span style=\"font-size: 16px; font-family: inherit;\">Nejd\u0159\u00edve se doporu\u010duje na mal\u00e9 plo\u0161e vyzkou\u0161et funk\u010dnost p\u0159\u00edpravku na zne\u010di\u0161t\u011bn\u00fd povrch. <\/span><\/li>\n<li><span style=\"font-size: 16px; font-family: inherit;\">V\u0161echny v\u00fdpln\u011b otvor\u016f (r\u00e1my, <span class=\"show-tooltip\" title=\"Sklo&amp;nbsp;je homogenn\u00ed,&amp;nbsp;amorfn\u00ed&amp;nbsp;(tj. nekrystalick\u00e1) pevn\u00e1 l\u00e1tka, kter\u00e1 se vyzna\u010duje tvrdost\u00ed, k\u0159ehkost\u00ed a pr\u016fhlednost\u00ed. Hlavn\u00ed slo\u017ekou skla je&amp;nbsp;oxid k\u0159emi\u010dit\u00fd&amp;nbsp;(SiO2) a vyr\u00e1b\u00ed se taven\u00edm k\u0159emi\u010dit\u00e9ho&amp;nbsp;skl\u00e1\u0159sk\u00e9ho&amp;hellip;\">sklo<\/span>, parapety apod.) se&nbsp;doporu\u010duje chr\u00e1nit p\u0159ed post\u0159ikem a po skon\u010den\u00ed myt\u00ed opl\u00e1chnout \u010distou <span class=\"show-tooltip\" title=\"Voda,&amp;nbsp;chemick\u00fdm vzorcem&amp;nbsp;H2O,&amp;nbsp;systematick\u00fd n\u00e1zev&amp;nbsp;oxidan, je&amp;nbsp;chemick\u00e1 slou\u010denina&amp;nbsp;vod\u00edku&amp;nbsp;a&amp;nbsp;kysl\u00edku. Spolu se&amp;nbsp;vzduchem, resp.&amp;nbsp;zemskou atmosf\u00e9rou, tvo\u0159\u00ed z\u00e1kladn\u00ed podm\u00ednky pro&amp;hellip;\">vodou<\/span>.\n<p><\/span><\/li>\n<\/ul><\/div>\n","protected":false},"excerpt":{"rendered":"<p>Detailn\u00ed popis produktu VLASTNOSTI A V\u00ddHODY Odstra\u0148uje zelen\u00e9 povlaky, mechy a pl\u00edsn\u011b Neobsahuje chl\u00f3r, nem\u00e1 b\u011blic\u00ed \u00fa\u010dinky O\u017eivuje vzhled podkladu Zvy\u0161uje \u017eivotnost povrchu Hloubkov\u00fd \u00fa\u010dinek Snadno aplikovateln\u00fd POU\u017dIT\u00cd Ur\u010den\u00fd&nbsp;k \u010di\u0161t\u011bn\u00ed a likvidaci \u0159as, pl\u00edsn\u00ed, mech\u016f a bakteri\u00ed ze&nbsp;stavebn\u00edch materi\u00e1l\u016f (om\u00edtky, beton apod.) a konstrukc\u00ed (st\u011bny, st\u0159echy). P\u0159\u00edpravek je&nbsp;ur\u010den pro pou\u017eit\u00ed v exteri\u00e9ru. APLIKACE Pl\u00edsn\u011b a [&hellip;]<\/p>\n","protected":false},"featured_media":16610,"comment_status":"open","ping_status":"open","template":"","meta":[],"product_brand":[],"product_cat":[44],"product_tag":[],"class_list":{"0":"post-16510","1":"product","2":"type-product","3":"status-publish","4":"has-post-thumbnail","6":"product_cat-stavba","8":"first","9":"instock","10":"sale","11":"shipping-taxable","12":"purchasable","13":"product-type-simple"},"yoast_head":"<!-- This site is optimized with the Yoast SEO plugin v26.8 - https:\/\/yoast.com\/product\/yoast-seo-wordpress\/ -->\n<title>Zna\u010dkov\u00fd STACHEMA\u00ae SF220 Likvidace mech\u016f a \u0159as - bezchl\u00f3rov\u00fd koncentr\u00e1t -<\/title>\n<meta name=\"robots\" content=\"index, follow, max-snippet:-1, max-image-preview:large, max-video-preview:-1\" \/>\n<link rel=\"canonical\" href=\"https:\/\/www.domkraftpro.com\/index.php\/produkt\/znackovy-stachema-r-sf220-likvidace-mechu-a-ras-bezchlorovy-koncentrat-16510\/\" \/>\n<meta property=\"og:locale\" content=\"cs_CZ\" \/>\n<meta property=\"og:type\" content=\"article\" \/>\n<meta property=\"og:title\" content=\"Zna\u010dkov\u00fd STACHEMA\u00ae SF220 Likvidace mech\u016f a \u0159as - bezchl\u00f3rov\u00fd koncentr\u00e1t -\" \/>\n<meta property=\"og:description\" content=\"Detailn\u00ed popis produktu VLASTNOSTI A V\u00ddHODY Odstra\u0148uje zelen\u00e9 povlaky, mechy a pl\u00edsn\u011b Neobsahuje chl\u00f3r, nem\u00e1 b\u011blic\u00ed \u00fa\u010dinky O\u017eivuje vzhled podkladu Zvy\u0161uje \u017eivotnost povrchu Hloubkov\u00fd \u00fa\u010dinek Snadno aplikovateln\u00fd POU\u017dIT\u00cd Ur\u010den\u00fd&nbsp;k \u010di\u0161t\u011bn\u00ed a likvidaci \u0159as, pl\u00edsn\u00ed, mech\u016f a bakteri\u00ed ze&nbsp;stavebn\u00edch materi\u00e1l\u016f (om\u00edtky, beton apod.) a konstrukc\u00ed (st\u011bny, st\u0159echy). P\u0159\u00edpravek je&nbsp;ur\u010den pro pou\u017eit\u00ed v exteri\u00e9ru. APLIKACE Pl\u00edsn\u011b a [&hellip;]\" \/>\n<meta property=\"og:url\" content=\"https:\/\/www.domkraftpro.com\/index.php\/produkt\/znackovy-stachema-r-sf220-likvidace-mechu-a-ras-bezchlorovy-koncentrat-16510\/\" \/>\n<meta property=\"og:image\" content=\"https:\/\/www.domkraftpro.com\/wp-content\/uploads\/2026\/SK0007716-CZ20260425-092522-0-1777080324-120217-2_stachema-sf220-1l.webp\" \/>\n\t<meta property=\"og:image:width\" content=\"1000\" \/>\n\t<meta property=\"og:image:height\" content=\"750\" \/>\n\t<meta property=\"og:image:type\" content=\"image\/webp\" \/>\n<meta name=\"twitter:card\" content=\"summary_large_image\" \/>\n<meta name=\"twitter:label1\" content=\"Odhadovan\u00e1 doba \u010dten\u00ed\" \/>\n\t<meta name=\"twitter:data1\" content=\"2 minuty\" \/>\n<script type=\"application\/ld+json\" class=\"yoast-schema-graph\">{\"@context\":\"https:\/\/schema.org\",\"@graph\":[{\"@type\":\"WebPage\",\"@id\":\"https:\/\/www.domkraftpro.com\/index.php\/produkt\/znackovy-stachema-r-sf220-likvidace-mechu-a-ras-bezchlorovy-koncentrat-16510\/\",\"url\":\"https:\/\/www.domkraftpro.com\/index.php\/produkt\/znackovy-stachema-r-sf220-likvidace-mechu-a-ras-bezchlorovy-koncentrat-16510\/\",\"name\":\"Zna\u010dkov\u00fd STACHEMA\u00ae SF220 Likvidace mech\u016f a \u0159as - bezchl\u00f3rov\u00fd koncentr\u00e1t -\",\"isPartOf\":{\"@id\":\"https:\/\/www.domkraftpro.com\/#website\"},\"primaryImageOfPage\":{\"@id\":\"https:\/\/www.domkraftpro.com\/index.php\/produkt\/znackovy-stachema-r-sf220-likvidace-mechu-a-ras-bezchlorovy-koncentrat-16510\/#primaryimage\"},\"image\":{\"@id\":\"https:\/\/www.domkraftpro.com\/index.php\/produkt\/znackovy-stachema-r-sf220-likvidace-mechu-a-ras-bezchlorovy-koncentrat-16510\/#primaryimage\"},\"thumbnailUrl\":\"https:\/\/www.domkraftpro.com\/wp-content\/uploads\/2026\/SK0007716-CZ20260425-092522-0-1777080324-120217-2_stachema-sf220-1l.webp\",\"datePublished\":\"2026-04-27T04:41:03+00:00\",\"breadcrumb\":{\"@id\":\"https:\/\/www.domkraftpro.com\/index.php\/produkt\/znackovy-stachema-r-sf220-likvidace-mechu-a-ras-bezchlorovy-koncentrat-16510\/#breadcrumb\"},\"inLanguage\":\"cs\",\"potentialAction\":[{\"@type\":\"ReadAction\",\"target\":[\"https:\/\/www.domkraftpro.com\/index.php\/produkt\/znackovy-stachema-r-sf220-likvidace-mechu-a-ras-bezchlorovy-koncentrat-16510\/\"]}]},{\"@type\":\"ImageObject\",\"inLanguage\":\"cs\",\"@id\":\"https:\/\/www.domkraftpro.com\/index.php\/produkt\/znackovy-stachema-r-sf220-likvidace-mechu-a-ras-bezchlorovy-koncentrat-16510\/#primaryimage\",\"url\":\"https:\/\/www.domkraftpro.com\/wp-content\/uploads\/2026\/SK0007716-CZ20260425-092522-0-1777080324-120217-2_stachema-sf220-1l.webp\",\"contentUrl\":\"https:\/\/www.domkraftpro.com\/wp-content\/uploads\/2026\/SK0007716-CZ20260425-092522-0-1777080324-120217-2_stachema-sf220-1l.webp\",\"width\":1000,\"height\":750},{\"@type\":\"BreadcrumbList\",\"@id\":\"https:\/\/www.domkraftpro.com\/index.php\/produkt\/znackovy-stachema-r-sf220-likvidace-mechu-a-ras-bezchlorovy-koncentrat-16510\/#breadcrumb\",\"itemListElement\":[{\"@type\":\"ListItem\",\"position\":1,\"name\":\"Home\",\"item\":\"https:\/\/www.domkraftpro.com\/\"},{\"@type\":\"ListItem\",\"position\":2,\"name\":\"Products\",\"item\":\"https:\/\/www.domkraftpro.com\/index.php\/products\/\"},{\"@type\":\"ListItem\",\"position\":3,\"name\":\"Zna\u010dkov\u00fd STACHEMA\u00ae SF220 Likvidace mech\u016f a \u0159as &#8211; bezchl\u00f3rov\u00fd koncentr\u00e1t\"}]},{\"@type\":\"WebSite\",\"@id\":\"https:\/\/www.domkraftpro.com\/#website\",\"url\":\"https:\/\/www.domkraftpro.com\/\",\"name\":\"\",\"description\":\"\",\"potentialAction\":[{\"@type\":\"SearchAction\",\"target\":{\"@type\":\"EntryPoint\",\"urlTemplate\":\"https:\/\/www.domkraftpro.com\/?s={search_term_string}\"},\"query-input\":{\"@type\":\"PropertyValueSpecification\",\"valueRequired\":true,\"valueName\":\"search_term_string\"}}],\"inLanguage\":\"cs\"}]}<\/script>\n<!-- \/ Yoast SEO plugin. -->","yoast_head_json":{"title":"Zna\u010dkov\u00fd STACHEMA\u00ae SF220 Likvidace mech\u016f a \u0159as - bezchl\u00f3rov\u00fd koncentr\u00e1t -","robots":{"index":"index","follow":"follow","max-snippet":"max-snippet:-1","max-image-preview":"max-image-preview:large","max-video-preview":"max-video-preview:-1"},"canonical":"https:\/\/www.domkraftpro.com\/index.php\/produkt\/znackovy-stachema-r-sf220-likvidace-mechu-a-ras-bezchlorovy-koncentrat-16510\/","og_locale":"cs_CZ","og_type":"article","og_title":"Zna\u010dkov\u00fd STACHEMA\u00ae SF220 Likvidace mech\u016f a \u0159as - bezchl\u00f3rov\u00fd koncentr\u00e1t -","og_description":"Detailn\u00ed popis produktu VLASTNOSTI A V\u00ddHODY Odstra\u0148uje zelen\u00e9 povlaky, mechy a pl\u00edsn\u011b Neobsahuje chl\u00f3r, nem\u00e1 b\u011blic\u00ed \u00fa\u010dinky O\u017eivuje vzhled podkladu Zvy\u0161uje \u017eivotnost povrchu Hloubkov\u00fd \u00fa\u010dinek Snadno aplikovateln\u00fd POU\u017dIT\u00cd Ur\u010den\u00fd&nbsp;k \u010di\u0161t\u011bn\u00ed a likvidaci \u0159as, pl\u00edsn\u00ed, mech\u016f a bakteri\u00ed ze&nbsp;stavebn\u00edch materi\u00e1l\u016f (om\u00edtky, beton apod.) a konstrukc\u00ed (st\u011bny, st\u0159echy). P\u0159\u00edpravek je&nbsp;ur\u010den pro pou\u017eit\u00ed v exteri\u00e9ru. APLIKACE Pl\u00edsn\u011b a [&hellip;]","og_url":"https:\/\/www.domkraftpro.com\/index.php\/produkt\/znackovy-stachema-r-sf220-likvidace-mechu-a-ras-bezchlorovy-koncentrat-16510\/","og_image":[{"width":1000,"height":750,"url":"https:\/\/www.domkraftpro.com\/wp-content\/uploads\/2026\/SK0007716-CZ20260425-092522-0-1777080324-120217-2_stachema-sf220-1l.webp","type":"image\/webp"}],"twitter_card":"summary_large_image","twitter_misc":{"Odhadovan\u00e1 doba \u010dten\u00ed":"2 minuty"},"schema":{"@context":"https:\/\/schema.org","@graph":[{"@type":"WebPage","@id":"https:\/\/www.domkraftpro.com\/index.php\/produkt\/znackovy-stachema-r-sf220-likvidace-mechu-a-ras-bezchlorovy-koncentrat-16510\/","url":"https:\/\/www.domkraftpro.com\/index.php\/produkt\/znackovy-stachema-r-sf220-likvidace-mechu-a-ras-bezchlorovy-koncentrat-16510\/","name":"Zna\u010dkov\u00fd STACHEMA\u00ae SF220 Likvidace mech\u016f a \u0159as - bezchl\u00f3rov\u00fd koncentr\u00e1t -","isPartOf":{"@id":"https:\/\/www.domkraftpro.com\/#website"},"primaryImageOfPage":{"@id":"https:\/\/www.domkraftpro.com\/index.php\/produkt\/znackovy-stachema-r-sf220-likvidace-mechu-a-ras-bezchlorovy-koncentrat-16510\/#primaryimage"},"image":{"@id":"https:\/\/www.domkraftpro.com\/index.php\/produkt\/znackovy-stachema-r-sf220-likvidace-mechu-a-ras-bezchlorovy-koncentrat-16510\/#primaryimage"},"thumbnailUrl":"https:\/\/www.domkraftpro.com\/wp-content\/uploads\/2026\/SK0007716-CZ20260425-092522-0-1777080324-120217-2_stachema-sf220-1l.webp","datePublished":"2026-04-27T04:41:03+00:00","breadcrumb":{"@id":"https:\/\/www.domkraftpro.com\/index.php\/produkt\/znackovy-stachema-r-sf220-likvidace-mechu-a-ras-bezchlorovy-koncentrat-16510\/#breadcrumb"},"inLanguage":"cs","potentialAction":[{"@type":"ReadAction","target":["https:\/\/www.domkraftpro.com\/index.php\/produkt\/znackovy-stachema-r-sf220-likvidace-mechu-a-ras-bezchlorovy-koncentrat-16510\/"]}]},{"@type":"ImageObject","inLanguage":"cs","@id":"https:\/\/www.domkraftpro.com\/index.php\/produkt\/znackovy-stachema-r-sf220-likvidace-mechu-a-ras-bezchlorovy-koncentrat-16510\/#primaryimage","url":"https:\/\/www.domkraftpro.com\/wp-content\/uploads\/2026\/SK0007716-CZ20260425-092522-0-1777080324-120217-2_stachema-sf220-1l.webp","contentUrl":"https:\/\/www.domkraftpro.com\/wp-content\/uploads\/2026\/SK0007716-CZ20260425-092522-0-1777080324-120217-2_stachema-sf220-1l.webp","width":1000,"height":750},{"@type":"BreadcrumbList","@id":"https:\/\/www.domkraftpro.com\/index.php\/produkt\/znackovy-stachema-r-sf220-likvidace-mechu-a-ras-bezchlorovy-koncentrat-16510\/#breadcrumb","itemListElement":[{"@type":"ListItem","position":1,"name":"Home","item":"https:\/\/www.domkraftpro.com\/"},{"@type":"ListItem","position":2,"name":"Products","item":"https:\/\/www.domkraftpro.com\/index.php\/products\/"},{"@type":"ListItem","position":3,"name":"Zna\u010dkov\u00fd STACHEMA\u00ae SF220 Likvidace mech\u016f a \u0159as &#8211; bezchl\u00f3rov\u00fd koncentr\u00e1t"}]},{"@type":"WebSite","@id":"https:\/\/www.domkraftpro.com\/#website","url":"https:\/\/www.domkraftpro.com\/","name":"","description":"","potentialAction":[{"@type":"SearchAction","target":{"@type":"EntryPoint","urlTemplate":"https:\/\/www.domkraftpro.com\/?s={search_term_string}"},"query-input":{"@type":"PropertyValueSpecification","valueRequired":true,"valueName":"search_term_string"}}],"inLanguage":"cs"}]}},"_links":{"self":[{"href":"https:\/\/www.domkraftpro.com\/index.php\/wp-json\/wp\/v2\/product\/16510","targetHints":{"allow":["GET"]}}],"collection":[{"href":"https:\/\/www.domkraftpro.com\/index.php\/wp-json\/wp\/v2\/product"}],"about":[{"href":"https:\/\/www.domkraftpro.com\/index.php\/wp-json\/wp\/v2\/types\/product"}],"replies":[{"embeddable":true,"href":"https:\/\/www.domkraftpro.com\/index.php\/wp-json\/wp\/v2\/comments?post=16510"}],"wp:featuredmedia":[{"embeddable":true,"href":"https:\/\/www.domkraftpro.com\/index.php\/wp-json\/wp\/v2\/media\/16610"}],"wp:attachment":[{"href":"https:\/\/www.domkraftpro.com\/index.php\/wp-json\/wp\/v2\/media?parent=16510"}],"wp:term":[{"taxonomy":"product_brand","embeddable":true,"href":"https:\/\/www.domkraftpro.com\/index.php\/wp-json\/wp\/v2\/product_brand?post=16510"},{"taxonomy":"product_cat","embeddable":true,"href":"https:\/\/www.domkraftpro.com\/index.php\/wp-json\/wp\/v2\/product_cat?post=16510"},{"taxonomy":"product_tag","embeddable":true,"href":"https:\/\/www.domkraftpro.com\/index.php\/wp-json\/wp\/v2\/product_tag?post=16510"}],"curies":[{"name":"wp","href":"https:\/\/api.w.org\/{rel}","templated":true}]}}