{"id":16509,"date":"2026-04-27T04:41:03","date_gmt":"2026-04-27T04:41:03","guid":{"rendered":""},"modified":"2026-04-27T04:41:03","modified_gmt":"2026-04-27T04:41:03","slug":"bezpecna-platba-nalevka-na-kanystr-kov-plast-jerrycan-ld-s-element-shop-cz-16509","status":"publish","type":"product","link":"https:\/\/www.domkraftpro.com\/index.php\/produkt\/bezpecna-platba-nalevka-na-kanystr-kov-plast-jerrycan-ld-s-element-shop-cz-16509\/","title":{"rendered":"Bezpe\u010dn\u00e1 Platba N\u00e1levka na kanystr, kov + plast, JerryCan LD-S | element-shop.cz"},"content":{"rendered":"<div class=\"basic-description\">\n<h3>Detailn\u00ed popis produktu<\/h3>\n<p>                                    Kovov\u00e1 n\u00e1levka na kanystry s bajonetov\u00fdm uz\u00e1v\u011brem> Kompatibilita &#8211; ur\u010dena pro kovov\u00e9 kanystry s bajonetov\u00fdm uz\u00e1v\u011brem> Odoln\u00e1 konstrukce &#8211; kovov\u00fd bajonet a zahnut\u00e9 kovov\u00e9 t\u011blo pro dlouhou \u017eivotnost> T\u011bsn\u011bn\u00ed sou\u010d\u00e1st\u00ed balen\u00ed &#8211; zaji\u0161\u0165uje pevn\u00e9 a bezpe\u010dn\u00e9 spojen\u00ed> Barva &#8211; tmav\u011b zelen\u00e1> <span class=\"show-tooltip\" title=\"Pry\u017e, zn\u00e1m\u00e1 t\u00e9\u017e jako guma, je elastick\u00fd polymern\u00ed materi\u00e1l, kter\u00fd se z\u00edsk\u00e1v\u00e1 z latexu n\u011bkter\u00fdch rostlin nebo synteticky vyr\u00e1b\u011bn\u00fd.&amp;nbsp;Latexov\u00e1 pry\u017e je p\u0159irozen\u00fd materi\u00e1l z\u00edsk\u00e1van\u00fd z latexu strom\u016f, zejm\u00e9na kau\u010dukovn\u00edk\u016f. Syntetick\u00e1 pry\u017e je vytv\u00e1\u0159ena&amp;hellip;\">Gumov\u00e9<\/span> prodlou\u017een\u00ed- <span class=\"show-tooltip\" title=\"Ohyb je mechanick\u00fd jev, p\u0159i kter\u00e9m se materi\u00e1l deformuje pod vlivem s\u00edly nebo zat\u00ed\u017een\u00ed, kter\u00e9 p\u016fsob\u00ed kolmo na jeho osu. Tento proces je kl\u00ed\u010dov\u00fd v oblasti mechaniky a in\u017een\u00fdrstv\u00ed, a m\u016f\u017ee b\u00fdt zkoum\u00e1n z hlediska elasticity, pevnosti a stability&amp;hellip;\">ohebn\u00fd<\/span> n\u00e1stavec pro pohodln\u011bj\u0161\u00ed a bezpe\u010dn\u011bj\u0161\u00ed nal\u00e9v\u00e1n\u00edPraktick\u00fd dopln\u011bk pro snadn\u00e9 a bezpe\u010dn\u00e9 nal\u00e9v\u00e1n\u00ed paliva!<span class=\"show-tooltip\" title=\"D\u00e9lka&amp;nbsp;je jedna ze z\u00e1kladn\u00edch&amp;nbsp;fyzik\u00e1ln\u00edch veli\u010din. Pomoc\u00ed d\u00e9lky se vyjad\u0159uje vz\u00e1jemn\u00e1 poloha a rozprostran\u011bnost objekt\u016f v prostoru. D\u00e9lka jako fyzik\u00e1ln\u00ed veli\u010dina vych\u00e1z\u00ed z geometrick\u00e9ho pojmu&amp;nbsp;d\u00e9lky&amp;nbsp;jako&amp;nbsp;m\u00edry&amp;nbsp;ohrani\u010den\u00e9&amp;hellip;\">D\u00e9lka<\/span>: 20 cmMateri\u00e1l: <span class=\"show-tooltip\" title=\"Kovy&amp;nbsp;tvo\u0159\u00ed spole\u010dn\u011b s&amp;nbsp;polokovy&amp;nbsp;a&amp;nbsp;nekovy&amp;nbsp;t\u0159i hlavn\u00ed skupiny&amp;nbsp;chemick\u00fdch prvk\u016f. Rozd\u011blen\u00ed je prov\u00e1d\u011bno s ohledem na&amp;nbsp;vazebn\u00e9&amp;nbsp;a&amp;nbsp;ioniza\u010dn\u00ed&amp;nbsp;vlastnosti prvk\u016f. Kovy jsou charakterizovan\u00e9&amp;hellip;\">kov<\/span>Povrchov\u00e1 \u00faprava: pr\u00e1\u0161kov\u00e1 barva                            <\/div>\n","protected":false},"excerpt":{"rendered":"<p>Detailn\u00ed popis produktu Kovov\u00e1 n\u00e1levka na kanystry s bajonetov\u00fdm uz\u00e1v\u011brem> Kompatibilita &#8211; ur\u010dena pro kovov\u00e9 kanystry s bajonetov\u00fdm uz\u00e1v\u011brem> Odoln\u00e1 konstrukce &#8211; kovov\u00fd bajonet a zahnut\u00e9 kovov\u00e9 t\u011blo pro dlouhou \u017eivotnost> T\u011bsn\u011bn\u00ed sou\u010d\u00e1st\u00ed balen\u00ed &#8211; zaji\u0161\u0165uje pevn\u00e9 a bezpe\u010dn\u00e9 spojen\u00ed> Barva &#8211; tmav\u011b zelen\u00e1> Gumov\u00e9 prodlou\u017een\u00ed- ohebn\u00fd n\u00e1stavec pro pohodln\u011bj\u0161\u00ed a bezpe\u010dn\u011bj\u0161\u00ed nal\u00e9v\u00e1n\u00edPraktick\u00fd dopln\u011bk pro [&hellip;]<\/p>\n","protected":false},"featured_media":16609,"comment_status":"open","ping_status":"open","template":"","meta":[],"product_brand":[],"product_cat":[63],"product_tag":[],"class_list":{"0":"post-16509","1":"product","2":"type-product","3":"status-publish","4":"has-post-thumbnail","6":"product_cat-automotive","8":"first","9":"instock","10":"sale","11":"shipping-taxable","12":"purchasable","13":"product-type-simple"},"yoast_head":"<!-- This site is optimized with the Yoast SEO plugin v26.8 - https:\/\/yoast.com\/product\/yoast-seo-wordpress\/ -->\n<title>Bezpe\u010dn\u00e1 Platba N\u00e1levka na kanystr, kov + plast, JerryCan LD-S | element-shop.cz -<\/title>\n<meta name=\"robots\" content=\"index, follow, max-snippet:-1, max-image-preview:large, max-video-preview:-1\" \/>\n<link rel=\"canonical\" href=\"https:\/\/www.domkraftpro.com\/index.php\/produkt\/bezpecna-platba-nalevka-na-kanystr-kov-plast-jerrycan-ld-s-element-shop-cz-16509\/\" \/>\n<meta property=\"og:locale\" content=\"cs_CZ\" \/>\n<meta property=\"og:type\" content=\"article\" \/>\n<meta property=\"og:title\" content=\"Bezpe\u010dn\u00e1 Platba N\u00e1levka na kanystr, kov + plast, JerryCan LD-S | element-shop.cz -\" \/>\n<meta property=\"og:description\" content=\"Detailn\u00ed popis produktu Kovov\u00e1 n\u00e1levka na kanystry s bajonetov\u00fdm uz\u00e1v\u011brem&gt; Kompatibilita &#8211; ur\u010dena pro kovov\u00e9 kanystry s bajonetov\u00fdm uz\u00e1v\u011brem&gt; Odoln\u00e1 konstrukce &#8211; kovov\u00fd bajonet a zahnut\u00e9 kovov\u00e9 t\u011blo pro dlouhou \u017eivotnost&gt; T\u011bsn\u011bn\u00ed sou\u010d\u00e1st\u00ed balen\u00ed &#8211; zaji\u0161\u0165uje pevn\u00e9 a bezpe\u010dn\u00e9 spojen\u00ed&gt; Barva &#8211; tmav\u011b zelen\u00e1&gt; Gumov\u00e9 prodlou\u017een\u00ed- ohebn\u00fd n\u00e1stavec pro pohodln\u011bj\u0161\u00ed a bezpe\u010dn\u011bj\u0161\u00ed nal\u00e9v\u00e1n\u00edPraktick\u00fd dopln\u011bk pro [&hellip;]\" \/>\n<meta property=\"og:url\" content=\"https:\/\/www.domkraftpro.com\/index.php\/produkt\/bezpecna-platba-nalevka-na-kanystr-kov-plast-jerrycan-ld-s-element-shop-cz-16509\/\" \/>\n<meta property=\"og:image\" content=\"https:\/\/www.domkraftpro.com\/wp-content\/uploads\/2026\/SK0007715-CZ20260425-092522-0-1777080324-120214_rewrite-92016-2172223.webp\" \/>\n\t<meta property=\"og:image:width\" content=\"1000\" \/>\n\t<meta property=\"og:image:height\" content=\"750\" \/>\n\t<meta property=\"og:image:type\" content=\"image\/webp\" \/>\n<meta name=\"twitter:card\" content=\"summary_large_image\" \/>\n<script type=\"application\/ld+json\" class=\"yoast-schema-graph\">{\"@context\":\"https:\/\/schema.org\",\"@graph\":[{\"@type\":\"WebPage\",\"@id\":\"https:\/\/www.domkraftpro.com\/index.php\/produkt\/bezpecna-platba-nalevka-na-kanystr-kov-plast-jerrycan-ld-s-element-shop-cz-16509\/\",\"url\":\"https:\/\/www.domkraftpro.com\/index.php\/produkt\/bezpecna-platba-nalevka-na-kanystr-kov-plast-jerrycan-ld-s-element-shop-cz-16509\/\",\"name\":\"Bezpe\u010dn\u00e1 Platba N\u00e1levka na kanystr, kov + plast, JerryCan LD-S | element-shop.cz -\",\"isPartOf\":{\"@id\":\"https:\/\/www.domkraftpro.com\/#website\"},\"primaryImageOfPage\":{\"@id\":\"https:\/\/www.domkraftpro.com\/index.php\/produkt\/bezpecna-platba-nalevka-na-kanystr-kov-plast-jerrycan-ld-s-element-shop-cz-16509\/#primaryimage\"},\"image\":{\"@id\":\"https:\/\/www.domkraftpro.com\/index.php\/produkt\/bezpecna-platba-nalevka-na-kanystr-kov-plast-jerrycan-ld-s-element-shop-cz-16509\/#primaryimage\"},\"thumbnailUrl\":\"https:\/\/www.domkraftpro.com\/wp-content\/uploads\/2026\/SK0007715-CZ20260425-092522-0-1777080324-120214_rewrite-92016-2172223.webp\",\"datePublished\":\"2026-04-27T04:41:03+00:00\",\"breadcrumb\":{\"@id\":\"https:\/\/www.domkraftpro.com\/index.php\/produkt\/bezpecna-platba-nalevka-na-kanystr-kov-plast-jerrycan-ld-s-element-shop-cz-16509\/#breadcrumb\"},\"inLanguage\":\"cs\",\"potentialAction\":[{\"@type\":\"ReadAction\",\"target\":[\"https:\/\/www.domkraftpro.com\/index.php\/produkt\/bezpecna-platba-nalevka-na-kanystr-kov-plast-jerrycan-ld-s-element-shop-cz-16509\/\"]}]},{\"@type\":\"ImageObject\",\"inLanguage\":\"cs\",\"@id\":\"https:\/\/www.domkraftpro.com\/index.php\/produkt\/bezpecna-platba-nalevka-na-kanystr-kov-plast-jerrycan-ld-s-element-shop-cz-16509\/#primaryimage\",\"url\":\"https:\/\/www.domkraftpro.com\/wp-content\/uploads\/2026\/SK0007715-CZ20260425-092522-0-1777080324-120214_rewrite-92016-2172223.webp\",\"contentUrl\":\"https:\/\/www.domkraftpro.com\/wp-content\/uploads\/2026\/SK0007715-CZ20260425-092522-0-1777080324-120214_rewrite-92016-2172223.webp\",\"width\":1000,\"height\":750},{\"@type\":\"BreadcrumbList\",\"@id\":\"https:\/\/www.domkraftpro.com\/index.php\/produkt\/bezpecna-platba-nalevka-na-kanystr-kov-plast-jerrycan-ld-s-element-shop-cz-16509\/#breadcrumb\",\"itemListElement\":[{\"@type\":\"ListItem\",\"position\":1,\"name\":\"Home\",\"item\":\"https:\/\/www.domkraftpro.com\/\"},{\"@type\":\"ListItem\",\"position\":2,\"name\":\"Products\",\"item\":\"https:\/\/www.domkraftpro.com\/index.php\/products\/\"},{\"@type\":\"ListItem\",\"position\":3,\"name\":\"Bezpe\u010dn\u00e1 Platba N\u00e1levka na kanystr, kov + plast, JerryCan LD-S | element-shop.cz\"}]},{\"@type\":\"WebSite\",\"@id\":\"https:\/\/www.domkraftpro.com\/#website\",\"url\":\"https:\/\/www.domkraftpro.com\/\",\"name\":\"\",\"description\":\"\",\"potentialAction\":[{\"@type\":\"SearchAction\",\"target\":{\"@type\":\"EntryPoint\",\"urlTemplate\":\"https:\/\/www.domkraftpro.com\/?s={search_term_string}\"},\"query-input\":{\"@type\":\"PropertyValueSpecification\",\"valueRequired\":true,\"valueName\":\"search_term_string\"}}],\"inLanguage\":\"cs\"}]}<\/script>\n<!-- \/ Yoast SEO plugin. -->","yoast_head_json":{"title":"Bezpe\u010dn\u00e1 Platba N\u00e1levka na kanystr, kov + plast, JerryCan LD-S | element-shop.cz -","robots":{"index":"index","follow":"follow","max-snippet":"max-snippet:-1","max-image-preview":"max-image-preview:large","max-video-preview":"max-video-preview:-1"},"canonical":"https:\/\/www.domkraftpro.com\/index.php\/produkt\/bezpecna-platba-nalevka-na-kanystr-kov-plast-jerrycan-ld-s-element-shop-cz-16509\/","og_locale":"cs_CZ","og_type":"article","og_title":"Bezpe\u010dn\u00e1 Platba N\u00e1levka na kanystr, kov + plast, JerryCan LD-S | element-shop.cz -","og_description":"Detailn\u00ed popis produktu Kovov\u00e1 n\u00e1levka na kanystry s bajonetov\u00fdm uz\u00e1v\u011brem> Kompatibilita &#8211; ur\u010dena pro kovov\u00e9 kanystry s bajonetov\u00fdm uz\u00e1v\u011brem> Odoln\u00e1 konstrukce &#8211; kovov\u00fd bajonet a zahnut\u00e9 kovov\u00e9 t\u011blo pro dlouhou \u017eivotnost> T\u011bsn\u011bn\u00ed sou\u010d\u00e1st\u00ed balen\u00ed &#8211; zaji\u0161\u0165uje pevn\u00e9 a bezpe\u010dn\u00e9 spojen\u00ed> Barva &#8211; tmav\u011b zelen\u00e1> Gumov\u00e9 prodlou\u017een\u00ed- ohebn\u00fd n\u00e1stavec pro pohodln\u011bj\u0161\u00ed a bezpe\u010dn\u011bj\u0161\u00ed nal\u00e9v\u00e1n\u00edPraktick\u00fd dopln\u011bk pro [&hellip;]","og_url":"https:\/\/www.domkraftpro.com\/index.php\/produkt\/bezpecna-platba-nalevka-na-kanystr-kov-plast-jerrycan-ld-s-element-shop-cz-16509\/","og_image":[{"width":1000,"height":750,"url":"https:\/\/www.domkraftpro.com\/wp-content\/uploads\/2026\/SK0007715-CZ20260425-092522-0-1777080324-120214_rewrite-92016-2172223.webp","type":"image\/webp"}],"twitter_card":"summary_large_image","schema":{"@context":"https:\/\/schema.org","@graph":[{"@type":"WebPage","@id":"https:\/\/www.domkraftpro.com\/index.php\/produkt\/bezpecna-platba-nalevka-na-kanystr-kov-plast-jerrycan-ld-s-element-shop-cz-16509\/","url":"https:\/\/www.domkraftpro.com\/index.php\/produkt\/bezpecna-platba-nalevka-na-kanystr-kov-plast-jerrycan-ld-s-element-shop-cz-16509\/","name":"Bezpe\u010dn\u00e1 Platba N\u00e1levka na kanystr, kov + plast, JerryCan LD-S | element-shop.cz -","isPartOf":{"@id":"https:\/\/www.domkraftpro.com\/#website"},"primaryImageOfPage":{"@id":"https:\/\/www.domkraftpro.com\/index.php\/produkt\/bezpecna-platba-nalevka-na-kanystr-kov-plast-jerrycan-ld-s-element-shop-cz-16509\/#primaryimage"},"image":{"@id":"https:\/\/www.domkraftpro.com\/index.php\/produkt\/bezpecna-platba-nalevka-na-kanystr-kov-plast-jerrycan-ld-s-element-shop-cz-16509\/#primaryimage"},"thumbnailUrl":"https:\/\/www.domkraftpro.com\/wp-content\/uploads\/2026\/SK0007715-CZ20260425-092522-0-1777080324-120214_rewrite-92016-2172223.webp","datePublished":"2026-04-27T04:41:03+00:00","breadcrumb":{"@id":"https:\/\/www.domkraftpro.com\/index.php\/produkt\/bezpecna-platba-nalevka-na-kanystr-kov-plast-jerrycan-ld-s-element-shop-cz-16509\/#breadcrumb"},"inLanguage":"cs","potentialAction":[{"@type":"ReadAction","target":["https:\/\/www.domkraftpro.com\/index.php\/produkt\/bezpecna-platba-nalevka-na-kanystr-kov-plast-jerrycan-ld-s-element-shop-cz-16509\/"]}]},{"@type":"ImageObject","inLanguage":"cs","@id":"https:\/\/www.domkraftpro.com\/index.php\/produkt\/bezpecna-platba-nalevka-na-kanystr-kov-plast-jerrycan-ld-s-element-shop-cz-16509\/#primaryimage","url":"https:\/\/www.domkraftpro.com\/wp-content\/uploads\/2026\/SK0007715-CZ20260425-092522-0-1777080324-120214_rewrite-92016-2172223.webp","contentUrl":"https:\/\/www.domkraftpro.com\/wp-content\/uploads\/2026\/SK0007715-CZ20260425-092522-0-1777080324-120214_rewrite-92016-2172223.webp","width":1000,"height":750},{"@type":"BreadcrumbList","@id":"https:\/\/www.domkraftpro.com\/index.php\/produkt\/bezpecna-platba-nalevka-na-kanystr-kov-plast-jerrycan-ld-s-element-shop-cz-16509\/#breadcrumb","itemListElement":[{"@type":"ListItem","position":1,"name":"Home","item":"https:\/\/www.domkraftpro.com\/"},{"@type":"ListItem","position":2,"name":"Products","item":"https:\/\/www.domkraftpro.com\/index.php\/products\/"},{"@type":"ListItem","position":3,"name":"Bezpe\u010dn\u00e1 Platba N\u00e1levka na kanystr, kov + plast, JerryCan LD-S | element-shop.cz"}]},{"@type":"WebSite","@id":"https:\/\/www.domkraftpro.com\/#website","url":"https:\/\/www.domkraftpro.com\/","name":"","description":"","potentialAction":[{"@type":"SearchAction","target":{"@type":"EntryPoint","urlTemplate":"https:\/\/www.domkraftpro.com\/?s={search_term_string}"},"query-input":{"@type":"PropertyValueSpecification","valueRequired":true,"valueName":"search_term_string"}}],"inLanguage":"cs"}]}},"_links":{"self":[{"href":"https:\/\/www.domkraftpro.com\/index.php\/wp-json\/wp\/v2\/product\/16509","targetHints":{"allow":["GET"]}}],"collection":[{"href":"https:\/\/www.domkraftpro.com\/index.php\/wp-json\/wp\/v2\/product"}],"about":[{"href":"https:\/\/www.domkraftpro.com\/index.php\/wp-json\/wp\/v2\/types\/product"}],"replies":[{"embeddable":true,"href":"https:\/\/www.domkraftpro.com\/index.php\/wp-json\/wp\/v2\/comments?post=16509"}],"wp:featuredmedia":[{"embeddable":true,"href":"https:\/\/www.domkraftpro.com\/index.php\/wp-json\/wp\/v2\/media\/16609"}],"wp:attachment":[{"href":"https:\/\/www.domkraftpro.com\/index.php\/wp-json\/wp\/v2\/media?parent=16509"}],"wp:term":[{"taxonomy":"product_brand","embeddable":true,"href":"https:\/\/www.domkraftpro.com\/index.php\/wp-json\/wp\/v2\/product_brand?post=16509"},{"taxonomy":"product_cat","embeddable":true,"href":"https:\/\/www.domkraftpro.com\/index.php\/wp-json\/wp\/v2\/product_cat?post=16509"},{"taxonomy":"product_tag","embeddable":true,"href":"https:\/\/www.domkraftpro.com\/index.php\/wp-json\/wp\/v2\/product_tag?post=16509"}],"curies":[{"name":"wp","href":"https:\/\/api.w.org\/{rel}","templated":true}]}}