{"id":16368,"date":"2026-04-27T04:41:03","date_gmt":"2026-04-27T04:41:03","guid":{"rendered":""},"modified":"2026-04-27T04:41:03","modified_gmt":"2026-04-27T04:41:03","slug":"akce-napinaci-sroub-din-1480-m-5-x-70mm-oko-oko-element-shop-cz-16368","status":"publish","type":"product","link":"https:\/\/www.domkraftpro.com\/index.php\/produkt\/akce-napinaci-sroub-din-1480-m-5-x-70mm-oko-oko-element-shop-cz-16368\/","title":{"rendered":"Akce Nap\u00ednac\u00ed \u0161roub DIN 1480, M 5 x 70mm, oko-oko | element-shop.cz"},"content":{"rendered":"<div class=\"basic-description\">\n<h3>Detailn\u00ed popis produktu<\/h3>\n<p>                                    R\u00e1di bychom v\u00e1m p\u0159edstavili n\u00e1\u0161 vysoce kvalitn\u00ed nap\u00ednac\u00ed <span class=\"show-tooltip\" title=\"\u0160rouby jsou kovov\u00e9 prvky, kter\u00e9 maj\u00ed v podstat\u011b v\u00e1lcovit\u00fd tvar s dr\u00e1\u017ekou nebo \u017el\u00e1bkem na jejich povrchu a jsou ur\u010deny k upevn\u011bn\u00ed dvou nebo v\u00edce materi\u00e1l\u016f nebo sou\u010d\u00e1stek dohromady. Maj\u00ed hroty na jednom konci, kter\u00e9 umo\u017e\u0148uj\u00ed snadn\u00e9 zasunut\u00ed&amp;hellip;\">\u0161roub<\/span>, kter\u00fd je ide\u00e1ln\u00edm \u0159e\u0161en\u00edm pro upevn\u011bn\u00ed a nap\u00edn\u00e1n\u00ed r\u016fzn\u00fdch materi\u00e1l\u016f, jako jsou <span class=\"show-tooltip\" title=\"Dr\u00e1t je dlouh\u00e9, tenk\u00e9, pru\u017en\u00e9 kovov\u00e9 vl\u00e1kno vyr\u00e1b\u011bn\u00e9 ta\u017een\u00edm nebo v\u00e1lcov\u00e1n\u00edm. Dr\u00e1t je univerz\u00e1ln\u00ed materi\u00e1l s \u0161irok\u00fdm vyu\u017eit\u00edm. Pou\u017e\u00edv\u00e1 se v pr\u016fmyslu, stavebnictv\u00ed, elektronice, um\u011bn\u00ed a dal\u0161\u00edch oborech. Jeho vlastnosti z\u00e1vis\u00ed na materi\u00e1lu,&amp;hellip;\">dr\u00e1ty<\/span> \u010di <span class=\"show-tooltip\" title=\"Ocel je slitina \u017eeleza s mal\u00fdm obsahem uhl\u00edku a dal\u0161\u00edmi p\u0159\u00edm\u011bsemi. Je to jeden z nejb\u011b\u017en\u011bji pou\u017e\u00edvan\u00fdch materi\u00e1l\u016f v pr\u016fmyslu a&amp;nbsp;stavebnictv\u00ed d\u00edky sv\u00fdm vlastnostem, kter\u00e9 zahrnuj\u00ed pevnost, tv\u00e1rnost a odolnost.&amp;nbsp;Z\u00e1kladn\u00ed slo\u017ekou&amp;hellip;\">ocelov\u00e1<\/span> lanka. Tento <span class=\"show-tooltip\" title=\"\u0160roub je v\u00e1lcovit\u00fd nebo ku\u017eelovit\u00fd kovov\u00fd prvek s r\u016fzn\u00fdmi z\u00e1vity po cel\u00e9 d\u00e9lce, kter\u00fd slou\u017e\u00ed k upevn\u011bn\u00ed dvou \u010di v\u00edce sou\u010d\u00e1st\u00ed spolu. Jedna strana \u0161roubu m\u00e1 z\u00e1vit, kter\u00fd se za\u0161roubuje do z\u00e1vitu v p\u0159\u00edslu\u0161n\u00e9 mati\u010dce nebo do z\u00e1vitu ve st\u011bn\u011b d\u00edry.\u0160rouby&amp;hellip;\">\u0161roub<\/span> je navr\u017een tak, aby splnil po\u017eadavky i t\u011bch nejn\u00e1ro\u010dn\u011bj\u0161\u00edch u\u017eivatel\u016f a z\u00e1rove\u0148 byl snadno pou\u017eiteln\u00fd v \u0161irok\u00e9 \u0161k\u00e1le aplikac\u00ed.Jedn\u00edm z hlavn\u00edch p\u0159ednost\u00ed na\u0161eho nap\u00ednac\u00edho \u0161roubu je jeho unik\u00e1tn\u00ed <span class=\"show-tooltip\" title=\"Design je proces tvorby a uspo\u0159\u00e1d\u00e1n\u00ed prvk\u016f tak, aby vytvo\u0159ily n\u011bco s ur\u010dit\u00fdm \u00fa\u010delem nebo estetick\u00fdm dojmem. Term\u00edn &quot;design&quot; se pou\u017e\u00edv\u00e1 v r\u016fzn\u00fdch kontextech a odv\u011btv\u00edch, a m\u016f\u017ee se t\u00fdkat n\u00e1vrhu v\u00fdrobk\u016f, grafick\u00e9ho designu, interi\u00e9rov\u00e9ho designu,&amp;hellip;\">design<\/span>, kter\u00fd je ukon\u010den oky, co\u017e umo\u017e\u0148uje bezpe\u010dn\u00e9 a efektivn\u00ed uchycen\u00ed. Nap\u00edn\u00e1n\u00ed je zaji\u0161t\u011bno pomoc\u00ed dvou z\u00e1vit\u016f s opa\u010dn\u00fdm stoup\u00e1n\u00edm \u2013 prav\u00fd a lev\u00fd z\u00e1vit \u2013 co\u017e zaru\u010duje precizn\u00ed a stabiln\u00ed napnut\u00ed bez rizika uvoln\u011bn\u00ed. Tato <span class=\"show-tooltip\" title=\"Konstrukce je proces tvorby a sestaven\u00ed r\u016fzn\u00fdch prvk\u016f nebo sou\u010d\u00e1st\u00ed do funk\u010dn\u00edho celku, kter\u00fd m\u016f\u017ee slou\u017eit k ur\u010dit\u00e9mu \u00fa\u010delu. V kontextu stavebnictv\u00ed a in\u017een\u00fdrstv\u00ed zahrnuje konstrukce tvorbu budov, most\u016f, silnic, pr\u016fmyslov\u00fdch za\u0159\u00edzen\u00ed,&amp;hellip;\">konstrukce<\/span> tak\u00e9 poskytuje v\u011bt\u0161\u00ed flexibilitu p\u0159i nastavov\u00e1n\u00ed <span class=\"show-tooltip\" title=\"Nap\u011bt\u00ed, tak\u00e9 naz\u00fdvan\u00e9 elektrick\u00e9 nap\u011bt\u00ed, je fyzik\u00e1ln\u00ed veli\u010dina, kter\u00e1 vyjad\u0159uje potenci\u00e1ln\u00ed rozd\u00edl mezi dv\u011bma body v elektrick\u00e9m obvodu. Jedn\u00e1 se o skal\u00e1rn\u00ed veli\u010dinu, co\u017e znamen\u00e1, \u017ee m\u00e1 pouze velikost a nem\u00e1 sm\u011br.Nap\u011bt\u00ed je zp\u016fsobeno rozd\u00edlem&amp;hellip;\">nap\u011bt\u00ed<\/span> podle va\u0161ich pot\u0159eb.D\u016fle\u017eit\u00fdm faktorem, kter\u00fd p\u0159isp\u00edv\u00e1 k dlouh\u00e9 \u017eivotnosti na\u0161eho produktu, je materi\u00e1l, ze kter\u00e9ho je vyroben. Nap\u00ednac\u00ed \u0161roub je vyroben z vysoce kvalitn\u00ed konstruk\u010dn\u00ed oceli, kter\u00e1 zaru\u010duje <span class=\"show-tooltip\" title=\"Pevnost je materi\u00e1lov\u00e1 vlastnost charakterizuj\u00edc\u00ed schopnost materi\u00e1lu odol\u00e1vat vn\u011bj\u0161\u00edm sil\u00e1m, kter\u00e9 by mohly zp\u016fsobit jeho deformaci, roztr\u017een\u00ed nebo jin\u00e9 formy selh\u00e1n\u00ed.Pevnost je z\u00e1kladn\u00edm parametrem pro posouzen\u00ed odolnosti materi\u00e1l\u016f v konstrukci a&amp;hellip;\">pevnost<\/span> a odolnost v\u016f\u010di <span class=\"show-tooltip\" title=\"Mechanika je v\u011bdn\u00ed obor, kter\u00fd se zab\u00fdv\u00e1 studiem pohybu a rovnov\u00e1hy t\u011bles, a to jak v klidu, tak v pohybu. Tento obor se rozd\u011bluje do n\u011bkolika hlavn\u00edch oblast\u00ed, kter\u00e9 se li\u0161\u00ed podle typ\u016f sil, pohybov\u00fdch vzorc\u016f a aplikac\u00ed.&amp;nbsp;Mechanika je&amp;hellip;\">mechanick\u00fdm<\/span> vliv\u016fm. Nav\u00edc je \u0161roub \u017e\u00e1rov\u011b zinkov\u00e1n, co\u017e poskytuje vynikaj\u00edc\u00ed ochranu proti korozi a dal\u0161\u00edm vliv\u016fm prost\u0159ed\u00ed. Tento proces zinkov\u00e1n\u00ed zaji\u0161\u0165uje, \u017ee n\u00e1\u0161 nap\u00ednac\u00ed \u0161roub si zachov\u00e1 sv\u00e9 vlastnosti i p\u0159i dlouhodob\u00e9m pou\u017e\u00edv\u00e1n\u00ed v n\u00e1ro\u010dn\u00fdch podm\u00ednk\u00e1ch.Uveden\u00e1 <span class=\"show-tooltip\" title=\"Nosnost&amp;nbsp;resp.&amp;nbsp;\u00fanosnost&amp;nbsp;je obecn\u00e1 charakteristika, kter\u00e1 vyjad\u0159uje vzdor (kapacitu) dan\u00e9ho&amp;nbsp;objektu&amp;nbsp;nebo&amp;nbsp;p\u0159edm\u011btu&amp;nbsp;(nap\u0159. stavebn\u00ed konstrukce, z\u00e1kladov\u00e9 p\u016fdy,&amp;nbsp;dopravn\u00edho prost\u0159edku, apod.) v\u016f\u010di p\u016fsoben\u00ed n\u011bjak\u00fdch&amp;hellip;\">nosnost<\/span> je pouze orienta\u010dn\u00ed, v\u00fdrobek na tento parametr nen\u00ed zkou\u0161en\u00fd.Z\u00e1vit: M 5<span class=\"show-tooltip\" title=\"D\u00e9lka&amp;nbsp;je jedna ze z\u00e1kladn\u00edch&amp;nbsp;fyzik\u00e1ln\u00edch veli\u010din. Pomoc\u00ed d\u00e9lky se vyjad\u0159uje vz\u00e1jemn\u00e1 poloha a rozprostran\u011bnost objekt\u016f v prostoru. D\u00e9lka jako fyzik\u00e1ln\u00ed veli\u010dina vych\u00e1z\u00ed z geometrick\u00e9ho pojmu&amp;nbsp;d\u00e9lky&amp;nbsp;jako&amp;nbsp;m\u00edry&amp;nbsp;ohrani\u010den\u00e9&amp;hellip;\">D\u00e9lka<\/span> t\u011bla: 70 mmCelkov\u00e1 d\u00e9lka: 110 mm<span class=\"show-tooltip\" title=\"Pr\u016fm\u011br kruhu a kru\u017enice je d\u00e9lka \u00fase\u010dky, kter\u00e1 proch\u00e1z\u00ed st\u0159edem kruhu a spojuje dva body na jeho obvodu. Zkr\u00e1cen\u011b se pr\u016fm\u011br kruhu ozna\u010duje symbolem &quot;d&quot;.Vztah mezi pr\u016fm\u011brem kruhu a jeho polom\u011brem &quot;r&quot; je n\u00e1sleduj\u00edc\u00ed: d = 2 * rKde &quot;d&quot; je&amp;hellip;\">Pr\u016fm\u011br<\/span> otvoru ok: 8,5 mmVn\u011bj\u0161\u00ed pr\u016fm\u011br ok: 17 mmD\u00e9lka z\u00e1vitu: 35 mmNosnost: 80 kgMateri\u00e1l: kovan\u00e1 ocel S235JR, t\u0159. 4.6Povrchov\u00e1 \u00faprava: <span class=\"show-tooltip\" title=\"Galvanizace, nebo tak\u00e9 galvanick\u00e9 pokovov\u00e1n\u00ed, je proces nan\u00e1\u0161en\u00ed tenk\u00e9 vrstvy kovu na povrch jin\u00e9ho kovov\u00e9ho p\u0159edm\u011btu za pou\u017eit\u00ed elektrick\u00e9ho proudu. Tento proces se b\u011b\u017en\u011b pou\u017e\u00edv\u00e1 k ochran\u011b kov\u016f proti korozi, ke zv\u00fd\u0161en\u00ed jejich odolnosti a estetiky.&amp;hellip;\">galvanick\u00fd<\/span> zinkochrom\u00e1t                            <\/div>\n","protected":false},"excerpt":{"rendered":"<p>Detailn\u00ed popis produktu R\u00e1di bychom v\u00e1m p\u0159edstavili n\u00e1\u0161 vysoce kvalitn\u00ed nap\u00ednac\u00ed \u0161roub, kter\u00fd je ide\u00e1ln\u00edm \u0159e\u0161en\u00edm pro upevn\u011bn\u00ed a nap\u00edn\u00e1n\u00ed r\u016fzn\u00fdch materi\u00e1l\u016f, jako jsou dr\u00e1ty \u010di ocelov\u00e1 lanka. Tento \u0161roub je navr\u017een tak, aby splnil po\u017eadavky i t\u011bch nejn\u00e1ro\u010dn\u011bj\u0161\u00edch u\u017eivatel\u016f a z\u00e1rove\u0148 byl snadno pou\u017eiteln\u00fd v \u0161irok\u00e9 \u0161k\u00e1le aplikac\u00ed.Jedn\u00edm z hlavn\u00edch p\u0159ednost\u00ed na\u0161eho nap\u00ednac\u00edho \u0161roubu [&hellip;]<\/p>\n","protected":false},"featured_media":16468,"comment_status":"open","ping_status":"open","template":"","meta":[],"product_brand":[],"product_cat":[44],"product_tag":[],"class_list":{"0":"post-16368","1":"product","2":"type-product","3":"status-publish","4":"has-post-thumbnail","6":"product_cat-stavba","8":"first","9":"instock","10":"sale","11":"shipping-taxable","12":"purchasable","13":"product-type-simple"},"yoast_head":"<!-- This site is optimized with the Yoast SEO plugin v26.8 - https:\/\/yoast.com\/product\/yoast-seo-wordpress\/ -->\n<title>Akce Nap\u00ednac\u00ed \u0161roub DIN 1480, M 5 x 70mm, oko-oko | element-shop.cz -<\/title>\n<meta name=\"robots\" content=\"index, follow, max-snippet:-1, max-image-preview:large, max-video-preview:-1\" \/>\n<link rel=\"canonical\" href=\"https:\/\/www.domkraftpro.com\/index.php\/produkt\/akce-napinaci-sroub-din-1480-m-5-x-70mm-oko-oko-element-shop-cz-16368\/\" \/>\n<meta property=\"og:locale\" content=\"cs_CZ\" \/>\n<meta property=\"og:type\" content=\"article\" \/>\n<meta property=\"og:title\" content=\"Akce Nap\u00ednac\u00ed \u0161roub DIN 1480, M 5 x 70mm, oko-oko | element-shop.cz -\" \/>\n<meta property=\"og:description\" content=\"Detailn\u00ed popis produktu R\u00e1di bychom v\u00e1m p\u0159edstavili n\u00e1\u0161 vysoce kvalitn\u00ed nap\u00ednac\u00ed \u0161roub, kter\u00fd je ide\u00e1ln\u00edm \u0159e\u0161en\u00edm pro upevn\u011bn\u00ed a nap\u00edn\u00e1n\u00ed r\u016fzn\u00fdch materi\u00e1l\u016f, jako jsou dr\u00e1ty \u010di ocelov\u00e1 lanka. Tento \u0161roub je navr\u017een tak, aby splnil po\u017eadavky i t\u011bch nejn\u00e1ro\u010dn\u011bj\u0161\u00edch u\u017eivatel\u016f a z\u00e1rove\u0148 byl snadno pou\u017eiteln\u00fd v \u0161irok\u00e9 \u0161k\u00e1le aplikac\u00ed.Jedn\u00edm z hlavn\u00edch p\u0159ednost\u00ed na\u0161eho nap\u00ednac\u00edho \u0161roubu [&hellip;]\" \/>\n<meta property=\"og:url\" content=\"https:\/\/www.domkraftpro.com\/index.php\/produkt\/akce-napinaci-sroub-din-1480-m-5-x-70mm-oko-oko-element-shop-cz-16368\/\" \/>\n<meta property=\"og:image\" content=\"https:\/\/www.domkraftpro.com\/wp-content\/uploads\/2026\/SK0007674-CZ20260425-092522-0-1777080324-120067_rewrite-173334-4480b05.webp\" \/>\n\t<meta property=\"og:image:width\" content=\"1000\" \/>\n\t<meta property=\"og:image:height\" content=\"750\" \/>\n\t<meta property=\"og:image:type\" content=\"image\/webp\" \/>\n<meta name=\"twitter:card\" content=\"summary_large_image\" \/>\n<meta name=\"twitter:label1\" content=\"Odhadovan\u00e1 doba \u010dten\u00ed\" \/>\n\t<meta name=\"twitter:data1\" content=\"2 minuty\" \/>\n<script type=\"application\/ld+json\" class=\"yoast-schema-graph\">{\"@context\":\"https:\/\/schema.org\",\"@graph\":[{\"@type\":\"WebPage\",\"@id\":\"https:\/\/www.domkraftpro.com\/index.php\/produkt\/akce-napinaci-sroub-din-1480-m-5-x-70mm-oko-oko-element-shop-cz-16368\/\",\"url\":\"https:\/\/www.domkraftpro.com\/index.php\/produkt\/akce-napinaci-sroub-din-1480-m-5-x-70mm-oko-oko-element-shop-cz-16368\/\",\"name\":\"Akce Nap\u00ednac\u00ed \u0161roub DIN 1480, M 5 x 70mm, oko-oko | element-shop.cz -\",\"isPartOf\":{\"@id\":\"https:\/\/www.domkraftpro.com\/#website\"},\"primaryImageOfPage\":{\"@id\":\"https:\/\/www.domkraftpro.com\/index.php\/produkt\/akce-napinaci-sroub-din-1480-m-5-x-70mm-oko-oko-element-shop-cz-16368\/#primaryimage\"},\"image\":{\"@id\":\"https:\/\/www.domkraftpro.com\/index.php\/produkt\/akce-napinaci-sroub-din-1480-m-5-x-70mm-oko-oko-element-shop-cz-16368\/#primaryimage\"},\"thumbnailUrl\":\"https:\/\/www.domkraftpro.com\/wp-content\/uploads\/2026\/SK0007674-CZ20260425-092522-0-1777080324-120067_rewrite-173334-4480b05.webp\",\"datePublished\":\"2026-04-27T04:41:03+00:00\",\"breadcrumb\":{\"@id\":\"https:\/\/www.domkraftpro.com\/index.php\/produkt\/akce-napinaci-sroub-din-1480-m-5-x-70mm-oko-oko-element-shop-cz-16368\/#breadcrumb\"},\"inLanguage\":\"cs\",\"potentialAction\":[{\"@type\":\"ReadAction\",\"target\":[\"https:\/\/www.domkraftpro.com\/index.php\/produkt\/akce-napinaci-sroub-din-1480-m-5-x-70mm-oko-oko-element-shop-cz-16368\/\"]}]},{\"@type\":\"ImageObject\",\"inLanguage\":\"cs\",\"@id\":\"https:\/\/www.domkraftpro.com\/index.php\/produkt\/akce-napinaci-sroub-din-1480-m-5-x-70mm-oko-oko-element-shop-cz-16368\/#primaryimage\",\"url\":\"https:\/\/www.domkraftpro.com\/wp-content\/uploads\/2026\/SK0007674-CZ20260425-092522-0-1777080324-120067_rewrite-173334-4480b05.webp\",\"contentUrl\":\"https:\/\/www.domkraftpro.com\/wp-content\/uploads\/2026\/SK0007674-CZ20260425-092522-0-1777080324-120067_rewrite-173334-4480b05.webp\",\"width\":1000,\"height\":750},{\"@type\":\"BreadcrumbList\",\"@id\":\"https:\/\/www.domkraftpro.com\/index.php\/produkt\/akce-napinaci-sroub-din-1480-m-5-x-70mm-oko-oko-element-shop-cz-16368\/#breadcrumb\",\"itemListElement\":[{\"@type\":\"ListItem\",\"position\":1,\"name\":\"Home\",\"item\":\"https:\/\/www.domkraftpro.com\/\"},{\"@type\":\"ListItem\",\"position\":2,\"name\":\"Products\",\"item\":\"https:\/\/www.domkraftpro.com\/index.php\/products\/\"},{\"@type\":\"ListItem\",\"position\":3,\"name\":\"Akce Nap\u00ednac\u00ed \u0161roub DIN 1480, M 5 x 70mm, oko-oko | element-shop.cz\"}]},{\"@type\":\"WebSite\",\"@id\":\"https:\/\/www.domkraftpro.com\/#website\",\"url\":\"https:\/\/www.domkraftpro.com\/\",\"name\":\"\",\"description\":\"\",\"potentialAction\":[{\"@type\":\"SearchAction\",\"target\":{\"@type\":\"EntryPoint\",\"urlTemplate\":\"https:\/\/www.domkraftpro.com\/?s={search_term_string}\"},\"query-input\":{\"@type\":\"PropertyValueSpecification\",\"valueRequired\":true,\"valueName\":\"search_term_string\"}}],\"inLanguage\":\"cs\"}]}<\/script>\n<!-- \/ Yoast SEO plugin. -->","yoast_head_json":{"title":"Akce Nap\u00ednac\u00ed \u0161roub DIN 1480, M 5 x 70mm, oko-oko | element-shop.cz -","robots":{"index":"index","follow":"follow","max-snippet":"max-snippet:-1","max-image-preview":"max-image-preview:large","max-video-preview":"max-video-preview:-1"},"canonical":"https:\/\/www.domkraftpro.com\/index.php\/produkt\/akce-napinaci-sroub-din-1480-m-5-x-70mm-oko-oko-element-shop-cz-16368\/","og_locale":"cs_CZ","og_type":"article","og_title":"Akce Nap\u00ednac\u00ed \u0161roub DIN 1480, M 5 x 70mm, oko-oko | element-shop.cz -","og_description":"Detailn\u00ed popis produktu R\u00e1di bychom v\u00e1m p\u0159edstavili n\u00e1\u0161 vysoce kvalitn\u00ed nap\u00ednac\u00ed \u0161roub, kter\u00fd je ide\u00e1ln\u00edm \u0159e\u0161en\u00edm pro upevn\u011bn\u00ed a nap\u00edn\u00e1n\u00ed r\u016fzn\u00fdch materi\u00e1l\u016f, jako jsou dr\u00e1ty \u010di ocelov\u00e1 lanka. Tento \u0161roub je navr\u017een tak, aby splnil po\u017eadavky i t\u011bch nejn\u00e1ro\u010dn\u011bj\u0161\u00edch u\u017eivatel\u016f a z\u00e1rove\u0148 byl snadno pou\u017eiteln\u00fd v \u0161irok\u00e9 \u0161k\u00e1le aplikac\u00ed.Jedn\u00edm z hlavn\u00edch p\u0159ednost\u00ed na\u0161eho nap\u00ednac\u00edho \u0161roubu [&hellip;]","og_url":"https:\/\/www.domkraftpro.com\/index.php\/produkt\/akce-napinaci-sroub-din-1480-m-5-x-70mm-oko-oko-element-shop-cz-16368\/","og_image":[{"width":1000,"height":750,"url":"https:\/\/www.domkraftpro.com\/wp-content\/uploads\/2026\/SK0007674-CZ20260425-092522-0-1777080324-120067_rewrite-173334-4480b05.webp","type":"image\/webp"}],"twitter_card":"summary_large_image","twitter_misc":{"Odhadovan\u00e1 doba \u010dten\u00ed":"2 minuty"},"schema":{"@context":"https:\/\/schema.org","@graph":[{"@type":"WebPage","@id":"https:\/\/www.domkraftpro.com\/index.php\/produkt\/akce-napinaci-sroub-din-1480-m-5-x-70mm-oko-oko-element-shop-cz-16368\/","url":"https:\/\/www.domkraftpro.com\/index.php\/produkt\/akce-napinaci-sroub-din-1480-m-5-x-70mm-oko-oko-element-shop-cz-16368\/","name":"Akce Nap\u00ednac\u00ed \u0161roub DIN 1480, M 5 x 70mm, oko-oko | element-shop.cz -","isPartOf":{"@id":"https:\/\/www.domkraftpro.com\/#website"},"primaryImageOfPage":{"@id":"https:\/\/www.domkraftpro.com\/index.php\/produkt\/akce-napinaci-sroub-din-1480-m-5-x-70mm-oko-oko-element-shop-cz-16368\/#primaryimage"},"image":{"@id":"https:\/\/www.domkraftpro.com\/index.php\/produkt\/akce-napinaci-sroub-din-1480-m-5-x-70mm-oko-oko-element-shop-cz-16368\/#primaryimage"},"thumbnailUrl":"https:\/\/www.domkraftpro.com\/wp-content\/uploads\/2026\/SK0007674-CZ20260425-092522-0-1777080324-120067_rewrite-173334-4480b05.webp","datePublished":"2026-04-27T04:41:03+00:00","breadcrumb":{"@id":"https:\/\/www.domkraftpro.com\/index.php\/produkt\/akce-napinaci-sroub-din-1480-m-5-x-70mm-oko-oko-element-shop-cz-16368\/#breadcrumb"},"inLanguage":"cs","potentialAction":[{"@type":"ReadAction","target":["https:\/\/www.domkraftpro.com\/index.php\/produkt\/akce-napinaci-sroub-din-1480-m-5-x-70mm-oko-oko-element-shop-cz-16368\/"]}]},{"@type":"ImageObject","inLanguage":"cs","@id":"https:\/\/www.domkraftpro.com\/index.php\/produkt\/akce-napinaci-sroub-din-1480-m-5-x-70mm-oko-oko-element-shop-cz-16368\/#primaryimage","url":"https:\/\/www.domkraftpro.com\/wp-content\/uploads\/2026\/SK0007674-CZ20260425-092522-0-1777080324-120067_rewrite-173334-4480b05.webp","contentUrl":"https:\/\/www.domkraftpro.com\/wp-content\/uploads\/2026\/SK0007674-CZ20260425-092522-0-1777080324-120067_rewrite-173334-4480b05.webp","width":1000,"height":750},{"@type":"BreadcrumbList","@id":"https:\/\/www.domkraftpro.com\/index.php\/produkt\/akce-napinaci-sroub-din-1480-m-5-x-70mm-oko-oko-element-shop-cz-16368\/#breadcrumb","itemListElement":[{"@type":"ListItem","position":1,"name":"Home","item":"https:\/\/www.domkraftpro.com\/"},{"@type":"ListItem","position":2,"name":"Products","item":"https:\/\/www.domkraftpro.com\/index.php\/products\/"},{"@type":"ListItem","position":3,"name":"Akce Nap\u00ednac\u00ed \u0161roub DIN 1480, M 5 x 70mm, oko-oko | element-shop.cz"}]},{"@type":"WebSite","@id":"https:\/\/www.domkraftpro.com\/#website","url":"https:\/\/www.domkraftpro.com\/","name":"","description":"","potentialAction":[{"@type":"SearchAction","target":{"@type":"EntryPoint","urlTemplate":"https:\/\/www.domkraftpro.com\/?s={search_term_string}"},"query-input":{"@type":"PropertyValueSpecification","valueRequired":true,"valueName":"search_term_string"}}],"inLanguage":"cs"}]}},"_links":{"self":[{"href":"https:\/\/www.domkraftpro.com\/index.php\/wp-json\/wp\/v2\/product\/16368","targetHints":{"allow":["GET"]}}],"collection":[{"href":"https:\/\/www.domkraftpro.com\/index.php\/wp-json\/wp\/v2\/product"}],"about":[{"href":"https:\/\/www.domkraftpro.com\/index.php\/wp-json\/wp\/v2\/types\/product"}],"replies":[{"embeddable":true,"href":"https:\/\/www.domkraftpro.com\/index.php\/wp-json\/wp\/v2\/comments?post=16368"}],"wp:featuredmedia":[{"embeddable":true,"href":"https:\/\/www.domkraftpro.com\/index.php\/wp-json\/wp\/v2\/media\/16468"}],"wp:attachment":[{"href":"https:\/\/www.domkraftpro.com\/index.php\/wp-json\/wp\/v2\/media?parent=16368"}],"wp:term":[{"taxonomy":"product_brand","embeddable":true,"href":"https:\/\/www.domkraftpro.com\/index.php\/wp-json\/wp\/v2\/product_brand?post=16368"},{"taxonomy":"product_cat","embeddable":true,"href":"https:\/\/www.domkraftpro.com\/index.php\/wp-json\/wp\/v2\/product_cat?post=16368"},{"taxonomy":"product_tag","embeddable":true,"href":"https:\/\/www.domkraftpro.com\/index.php\/wp-json\/wp\/v2\/product_tag?post=16368"}],"curies":[{"name":"wp","href":"https:\/\/api.w.org\/{rel}","templated":true}]}}