{"id":16327,"date":"2026-04-27T04:41:03","date_gmt":"2026-04-27T04:41:03","guid":{"rendered":""},"modified":"2026-04-27T04:41:03","modified_gmt":"2026-04-27T04:41:03","slug":"znackovy-celovka-400lm-xpe-cob-1200mah-usb-nabijeci-ip44-strend-pro-h3173-element-shop-cz-16327","status":"publish","type":"product","link":"https:\/\/www.domkraftpro.com\/index.php\/produkt\/znackovy-celovka-400lm-xpe-cob-1200mah-usb-nabijeci-ip44-strend-pro-h3173-element-shop-cz-16327\/","title":{"rendered":"Zna\u010dkov\u00fd \u010celovka 400lm, XPE+COB, 1200mAh, USB nab\u00edjec\u00ed, IP44, STREND PRO H3173 | element-shop.cz"},"content":{"rendered":"<div class=\"basic-description\">\n<h3>Detailn\u00ed popis produktu<\/h3>\n<p>                                    S \u010delovkou Strend Pro Headlight H3173 z\u00edsk\u00e1te spolehliv\u00e9, <span class=\"show-tooltip\" title=\"V\u00fdkon je fyzik\u00e1ln\u00ed veli\u010dina, kter\u00e1 vyjad\u0159uje, jak rychle nebo efektivn\u011b se pr\u00e1ce prov\u00e1d\u00ed nebo jak rychle se p\u0159emis\u0165uje energie. Jedn\u00e1 se o skal\u00e1rn\u00ed veli\u010dinu, co\u017e znamen\u00e1, \u017ee m\u00e1 pouze velikost, nikoli sm\u011br. Z\u00e1kladn\u00ed jednotkou v\u00fdkonu v mezin\u00e1rodn\u00edm&amp;hellip;\">v\u00fdkonn\u00e9<\/span> a praktick\u00e9 osv\u011btlen\u00ed, kter\u00e9 v\u00e1s nezklame ani v n\u00e1ro\u010dn\u00fdch podm\u00ednk\u00e1ch. Osv\u011btlete si cestu s jistotou a pohodl\u00edm! Bu\u010fte p\u0159ipraveni na v\u0161echny v\u00fdzvy s touto v\u00fdkonnou outdoorov\u00e1 \u010delovkou, kter\u00e1 je ide\u00e1ln\u00edm spole\u010dn\u00edkem pro turistiku, kempov\u00e1n\u00ed, sport nebo pr\u00e1ci ve tm\u011b.Kl\u00ed\u010dov\u00e9 vlastnosti:- <span class=\"show-tooltip\" title=\"S\u00edla je fyzik\u00e1ln\u00ed veli\u010dina, kter\u00e1 popisuje interakci mezi t\u011blesy nebo objekty. Je to vektorov\u00e1 veli\u010dina, co\u017e znamen\u00e1, \u017ee krom\u011b velikosti m\u00e1 tak\u00e9 sm\u011br a smysl (sm\u011br, kter\u00fdm s\u00edla p\u016fsob\u00ed). Jednotkou s\u00edly v mezin\u00e1rodn\u00edm syst\u00e9mu jednotek (SI) je newton&amp;hellip;\">siln\u00fd<\/span> v\u00fdkon: <span class=\"show-tooltip\" title=\"Sv\u00edtivost je fyzik\u00e1ln\u00ed veli\u010dina charakterizuj\u00edc\u00ed intenzitu sv\u011btla vys\u00edlan\u00e9ho nebo odr\u00e1\u017een\u00e9ho od povrchu nebo zdroje sv\u011btla.Sv\u00edtivost vyjad\u0159uje, jak mnoho sv\u011bteln\u00e9ho toku (lumin\u00f3zn\u00edho toku) dopad\u00e1 na danou plochu v dan\u00e9m sm\u011bru (\u00fahlu).Sv\u00edtivost je&amp;hellip;\">sv\u00edtivost<\/span> a\u017e 400 lm zaji\u0161\u0165uje jasn\u00e9 a efektivn\u00ed osv\u011btlen\u00ed- 7 re\u017eim\u016f sv\u00edcen\u00ed: p\u0159izp\u016fsobte osv\u011btlen\u00ed aktu\u00e1ln\u00edm pot\u0159eb\u00e1m- dlouh\u00e1 v\u00fddr\u017e: a\u017e 4 hodiny provozu na jedno nabit\u00ed- USB nab\u00edjen\u00ed: vestav\u011bn\u00e1 baterie s kapacitou 1200 mAh a pohodln\u00fdm dob\u00edjen\u00edm- odolnost: stupe\u0148 ochrany IP44 chr\u00e1n\u00ed proti vod\u011b a prachu, ide\u00e1ln\u00ed pro venkovn\u00ed pou\u017eit\u00ed- kompaktn\u00ed rozm\u011bry: lehk\u00e1 a praktick\u00e1 \u010delovka o rozm\u011brech 11 \u00d7 4,2 \u00d7 3,8 cm                            <\/div>\n","protected":false},"excerpt":{"rendered":"<p>Detailn\u00ed popis produktu S \u010delovkou Strend Pro Headlight H3173 z\u00edsk\u00e1te spolehliv\u00e9, v\u00fdkonn\u00e9 a praktick\u00e9 osv\u011btlen\u00ed, kter\u00e9 v\u00e1s nezklame ani v n\u00e1ro\u010dn\u00fdch podm\u00ednk\u00e1ch. Osv\u011btlete si cestu s jistotou a pohodl\u00edm! Bu\u010fte p\u0159ipraveni na v\u0161echny v\u00fdzvy s touto v\u00fdkonnou outdoorov\u00e1 \u010delovkou, kter\u00e1 je ide\u00e1ln\u00edm spole\u010dn\u00edkem pro turistiku, kempov\u00e1n\u00ed, sport nebo pr\u00e1ci ve tm\u011b.Kl\u00ed\u010dov\u00e9 vlastnosti:- siln\u00fd v\u00fdkon: sv\u00edtivost [&hellip;]<\/p>\n","protected":false},"featured_media":16427,"comment_status":"open","ping_status":"open","template":"","meta":[],"product_brand":[],"product_cat":[52],"product_tag":[],"class_list":{"0":"post-16327","1":"product","2":"type-product","3":"status-publish","4":"has-post-thumbnail","6":"product_cat-naradi","8":"first","9":"instock","10":"sale","11":"shipping-taxable","12":"purchasable","13":"product-type-simple"},"yoast_head":"<!-- This site is optimized with the Yoast SEO plugin v26.8 - https:\/\/yoast.com\/product\/yoast-seo-wordpress\/ -->\n<title>Zna\u010dkov\u00fd \u010celovka 400lm, XPE+COB, 1200mAh, USB nab\u00edjec\u00ed, IP44, STREND PRO H3173 | element-shop.cz -<\/title>\n<meta name=\"robots\" content=\"index, follow, max-snippet:-1, max-image-preview:large, max-video-preview:-1\" \/>\n<link rel=\"canonical\" href=\"https:\/\/www.domkraftpro.com\/index.php\/produkt\/znackovy-celovka-400lm-xpe-cob-1200mah-usb-nabijeci-ip44-strend-pro-h3173-element-shop-cz-16327\/\" \/>\n<meta property=\"og:locale\" content=\"cs_CZ\" \/>\n<meta property=\"og:type\" content=\"article\" \/>\n<meta property=\"og:title\" content=\"Zna\u010dkov\u00fd \u010celovka 400lm, XPE+COB, 1200mAh, USB nab\u00edjec\u00ed, IP44, STREND PRO H3173 | element-shop.cz -\" \/>\n<meta property=\"og:description\" content=\"Detailn\u00ed popis produktu S \u010delovkou Strend Pro Headlight H3173 z\u00edsk\u00e1te spolehliv\u00e9, v\u00fdkonn\u00e9 a praktick\u00e9 osv\u011btlen\u00ed, kter\u00e9 v\u00e1s nezklame ani v n\u00e1ro\u010dn\u00fdch podm\u00ednk\u00e1ch. Osv\u011btlete si cestu s jistotou a pohodl\u00edm! Bu\u010fte p\u0159ipraveni na v\u0161echny v\u00fdzvy s touto v\u00fdkonnou outdoorov\u00e1 \u010delovkou, kter\u00e1 je ide\u00e1ln\u00edm spole\u010dn\u00edkem pro turistiku, kempov\u00e1n\u00ed, sport nebo pr\u00e1ci ve tm\u011b.Kl\u00ed\u010dov\u00e9 vlastnosti:- siln\u00fd v\u00fdkon: sv\u00edtivost [&hellip;]\" \/>\n<meta property=\"og:url\" content=\"https:\/\/www.domkraftpro.com\/index.php\/produkt\/znackovy-celovka-400lm-xpe-cob-1200mah-usb-nabijeci-ip44-strend-pro-h3173-element-shop-cz-16327\/\" \/>\n<meta property=\"og:image\" content=\"https:\/\/www.domkraftpro.com\/wp-content\/uploads\/2026\/SK0007633-CZ20260425-092522-0-1777080324-119929_rewrite-218956-2173607.webp\" \/>\n\t<meta property=\"og:image:width\" content=\"1000\" \/>\n\t<meta property=\"og:image:height\" content=\"750\" \/>\n\t<meta property=\"og:image:type\" content=\"image\/webp\" \/>\n<meta name=\"twitter:card\" content=\"summary_large_image\" \/>\n<meta name=\"twitter:label1\" content=\"Odhadovan\u00e1 doba \u010dten\u00ed\" \/>\n\t<meta name=\"twitter:data1\" content=\"1 minuta\" \/>\n<script type=\"application\/ld+json\" class=\"yoast-schema-graph\">{\"@context\":\"https:\/\/schema.org\",\"@graph\":[{\"@type\":\"WebPage\",\"@id\":\"https:\/\/www.domkraftpro.com\/index.php\/produkt\/znackovy-celovka-400lm-xpe-cob-1200mah-usb-nabijeci-ip44-strend-pro-h3173-element-shop-cz-16327\/\",\"url\":\"https:\/\/www.domkraftpro.com\/index.php\/produkt\/znackovy-celovka-400lm-xpe-cob-1200mah-usb-nabijeci-ip44-strend-pro-h3173-element-shop-cz-16327\/\",\"name\":\"Zna\u010dkov\u00fd \u010celovka 400lm, XPE+COB, 1200mAh, USB nab\u00edjec\u00ed, IP44, STREND PRO H3173 | element-shop.cz -\",\"isPartOf\":{\"@id\":\"https:\/\/www.domkraftpro.com\/#website\"},\"primaryImageOfPage\":{\"@id\":\"https:\/\/www.domkraftpro.com\/index.php\/produkt\/znackovy-celovka-400lm-xpe-cob-1200mah-usb-nabijeci-ip44-strend-pro-h3173-element-shop-cz-16327\/#primaryimage\"},\"image\":{\"@id\":\"https:\/\/www.domkraftpro.com\/index.php\/produkt\/znackovy-celovka-400lm-xpe-cob-1200mah-usb-nabijeci-ip44-strend-pro-h3173-element-shop-cz-16327\/#primaryimage\"},\"thumbnailUrl\":\"https:\/\/www.domkraftpro.com\/wp-content\/uploads\/2026\/SK0007633-CZ20260425-092522-0-1777080324-119929_rewrite-218956-2173607.webp\",\"datePublished\":\"2026-04-27T04:41:03+00:00\",\"breadcrumb\":{\"@id\":\"https:\/\/www.domkraftpro.com\/index.php\/produkt\/znackovy-celovka-400lm-xpe-cob-1200mah-usb-nabijeci-ip44-strend-pro-h3173-element-shop-cz-16327\/#breadcrumb\"},\"inLanguage\":\"cs\",\"potentialAction\":[{\"@type\":\"ReadAction\",\"target\":[\"https:\/\/www.domkraftpro.com\/index.php\/produkt\/znackovy-celovka-400lm-xpe-cob-1200mah-usb-nabijeci-ip44-strend-pro-h3173-element-shop-cz-16327\/\"]}]},{\"@type\":\"ImageObject\",\"inLanguage\":\"cs\",\"@id\":\"https:\/\/www.domkraftpro.com\/index.php\/produkt\/znackovy-celovka-400lm-xpe-cob-1200mah-usb-nabijeci-ip44-strend-pro-h3173-element-shop-cz-16327\/#primaryimage\",\"url\":\"https:\/\/www.domkraftpro.com\/wp-content\/uploads\/2026\/SK0007633-CZ20260425-092522-0-1777080324-119929_rewrite-218956-2173607.webp\",\"contentUrl\":\"https:\/\/www.domkraftpro.com\/wp-content\/uploads\/2026\/SK0007633-CZ20260425-092522-0-1777080324-119929_rewrite-218956-2173607.webp\",\"width\":1000,\"height\":750},{\"@type\":\"BreadcrumbList\",\"@id\":\"https:\/\/www.domkraftpro.com\/index.php\/produkt\/znackovy-celovka-400lm-xpe-cob-1200mah-usb-nabijeci-ip44-strend-pro-h3173-element-shop-cz-16327\/#breadcrumb\",\"itemListElement\":[{\"@type\":\"ListItem\",\"position\":1,\"name\":\"Home\",\"item\":\"https:\/\/www.domkraftpro.com\/\"},{\"@type\":\"ListItem\",\"position\":2,\"name\":\"Products\",\"item\":\"https:\/\/www.domkraftpro.com\/index.php\/products\/\"},{\"@type\":\"ListItem\",\"position\":3,\"name\":\"Zna\u010dkov\u00fd \u010celovka 400lm, XPE+COB, 1200mAh, USB nab\u00edjec\u00ed, IP44, STREND PRO H3173 | element-shop.cz\"}]},{\"@type\":\"WebSite\",\"@id\":\"https:\/\/www.domkraftpro.com\/#website\",\"url\":\"https:\/\/www.domkraftpro.com\/\",\"name\":\"\",\"description\":\"\",\"potentialAction\":[{\"@type\":\"SearchAction\",\"target\":{\"@type\":\"EntryPoint\",\"urlTemplate\":\"https:\/\/www.domkraftpro.com\/?s={search_term_string}\"},\"query-input\":{\"@type\":\"PropertyValueSpecification\",\"valueRequired\":true,\"valueName\":\"search_term_string\"}}],\"inLanguage\":\"cs\"}]}<\/script>\n<!-- \/ Yoast SEO plugin. -->","yoast_head_json":{"title":"Zna\u010dkov\u00fd \u010celovka 400lm, XPE+COB, 1200mAh, USB nab\u00edjec\u00ed, IP44, STREND PRO H3173 | element-shop.cz -","robots":{"index":"index","follow":"follow","max-snippet":"max-snippet:-1","max-image-preview":"max-image-preview:large","max-video-preview":"max-video-preview:-1"},"canonical":"https:\/\/www.domkraftpro.com\/index.php\/produkt\/znackovy-celovka-400lm-xpe-cob-1200mah-usb-nabijeci-ip44-strend-pro-h3173-element-shop-cz-16327\/","og_locale":"cs_CZ","og_type":"article","og_title":"Zna\u010dkov\u00fd \u010celovka 400lm, XPE+COB, 1200mAh, USB nab\u00edjec\u00ed, IP44, STREND PRO H3173 | element-shop.cz -","og_description":"Detailn\u00ed popis produktu S \u010delovkou Strend Pro Headlight H3173 z\u00edsk\u00e1te spolehliv\u00e9, v\u00fdkonn\u00e9 a praktick\u00e9 osv\u011btlen\u00ed, kter\u00e9 v\u00e1s nezklame ani v n\u00e1ro\u010dn\u00fdch podm\u00ednk\u00e1ch. Osv\u011btlete si cestu s jistotou a pohodl\u00edm! Bu\u010fte p\u0159ipraveni na v\u0161echny v\u00fdzvy s touto v\u00fdkonnou outdoorov\u00e1 \u010delovkou, kter\u00e1 je ide\u00e1ln\u00edm spole\u010dn\u00edkem pro turistiku, kempov\u00e1n\u00ed, sport nebo pr\u00e1ci ve tm\u011b.Kl\u00ed\u010dov\u00e9 vlastnosti:- siln\u00fd v\u00fdkon: sv\u00edtivost [&hellip;]","og_url":"https:\/\/www.domkraftpro.com\/index.php\/produkt\/znackovy-celovka-400lm-xpe-cob-1200mah-usb-nabijeci-ip44-strend-pro-h3173-element-shop-cz-16327\/","og_image":[{"width":1000,"height":750,"url":"https:\/\/www.domkraftpro.com\/wp-content\/uploads\/2026\/SK0007633-CZ20260425-092522-0-1777080324-119929_rewrite-218956-2173607.webp","type":"image\/webp"}],"twitter_card":"summary_large_image","twitter_misc":{"Odhadovan\u00e1 doba \u010dten\u00ed":"1 minuta"},"schema":{"@context":"https:\/\/schema.org","@graph":[{"@type":"WebPage","@id":"https:\/\/www.domkraftpro.com\/index.php\/produkt\/znackovy-celovka-400lm-xpe-cob-1200mah-usb-nabijeci-ip44-strend-pro-h3173-element-shop-cz-16327\/","url":"https:\/\/www.domkraftpro.com\/index.php\/produkt\/znackovy-celovka-400lm-xpe-cob-1200mah-usb-nabijeci-ip44-strend-pro-h3173-element-shop-cz-16327\/","name":"Zna\u010dkov\u00fd \u010celovka 400lm, XPE+COB, 1200mAh, USB nab\u00edjec\u00ed, IP44, STREND PRO H3173 | element-shop.cz -","isPartOf":{"@id":"https:\/\/www.domkraftpro.com\/#website"},"primaryImageOfPage":{"@id":"https:\/\/www.domkraftpro.com\/index.php\/produkt\/znackovy-celovka-400lm-xpe-cob-1200mah-usb-nabijeci-ip44-strend-pro-h3173-element-shop-cz-16327\/#primaryimage"},"image":{"@id":"https:\/\/www.domkraftpro.com\/index.php\/produkt\/znackovy-celovka-400lm-xpe-cob-1200mah-usb-nabijeci-ip44-strend-pro-h3173-element-shop-cz-16327\/#primaryimage"},"thumbnailUrl":"https:\/\/www.domkraftpro.com\/wp-content\/uploads\/2026\/SK0007633-CZ20260425-092522-0-1777080324-119929_rewrite-218956-2173607.webp","datePublished":"2026-04-27T04:41:03+00:00","breadcrumb":{"@id":"https:\/\/www.domkraftpro.com\/index.php\/produkt\/znackovy-celovka-400lm-xpe-cob-1200mah-usb-nabijeci-ip44-strend-pro-h3173-element-shop-cz-16327\/#breadcrumb"},"inLanguage":"cs","potentialAction":[{"@type":"ReadAction","target":["https:\/\/www.domkraftpro.com\/index.php\/produkt\/znackovy-celovka-400lm-xpe-cob-1200mah-usb-nabijeci-ip44-strend-pro-h3173-element-shop-cz-16327\/"]}]},{"@type":"ImageObject","inLanguage":"cs","@id":"https:\/\/www.domkraftpro.com\/index.php\/produkt\/znackovy-celovka-400lm-xpe-cob-1200mah-usb-nabijeci-ip44-strend-pro-h3173-element-shop-cz-16327\/#primaryimage","url":"https:\/\/www.domkraftpro.com\/wp-content\/uploads\/2026\/SK0007633-CZ20260425-092522-0-1777080324-119929_rewrite-218956-2173607.webp","contentUrl":"https:\/\/www.domkraftpro.com\/wp-content\/uploads\/2026\/SK0007633-CZ20260425-092522-0-1777080324-119929_rewrite-218956-2173607.webp","width":1000,"height":750},{"@type":"BreadcrumbList","@id":"https:\/\/www.domkraftpro.com\/index.php\/produkt\/znackovy-celovka-400lm-xpe-cob-1200mah-usb-nabijeci-ip44-strend-pro-h3173-element-shop-cz-16327\/#breadcrumb","itemListElement":[{"@type":"ListItem","position":1,"name":"Home","item":"https:\/\/www.domkraftpro.com\/"},{"@type":"ListItem","position":2,"name":"Products","item":"https:\/\/www.domkraftpro.com\/index.php\/products\/"},{"@type":"ListItem","position":3,"name":"Zna\u010dkov\u00fd \u010celovka 400lm, XPE+COB, 1200mAh, USB nab\u00edjec\u00ed, IP44, STREND PRO H3173 | element-shop.cz"}]},{"@type":"WebSite","@id":"https:\/\/www.domkraftpro.com\/#website","url":"https:\/\/www.domkraftpro.com\/","name":"","description":"","potentialAction":[{"@type":"SearchAction","target":{"@type":"EntryPoint","urlTemplate":"https:\/\/www.domkraftpro.com\/?s={search_term_string}"},"query-input":{"@type":"PropertyValueSpecification","valueRequired":true,"valueName":"search_term_string"}}],"inLanguage":"cs"}]}},"_links":{"self":[{"href":"https:\/\/www.domkraftpro.com\/index.php\/wp-json\/wp\/v2\/product\/16327","targetHints":{"allow":["GET"]}}],"collection":[{"href":"https:\/\/www.domkraftpro.com\/index.php\/wp-json\/wp\/v2\/product"}],"about":[{"href":"https:\/\/www.domkraftpro.com\/index.php\/wp-json\/wp\/v2\/types\/product"}],"replies":[{"embeddable":true,"href":"https:\/\/www.domkraftpro.com\/index.php\/wp-json\/wp\/v2\/comments?post=16327"}],"wp:featuredmedia":[{"embeddable":true,"href":"https:\/\/www.domkraftpro.com\/index.php\/wp-json\/wp\/v2\/media\/16427"}],"wp:attachment":[{"href":"https:\/\/www.domkraftpro.com\/index.php\/wp-json\/wp\/v2\/media?parent=16327"}],"wp:term":[{"taxonomy":"product_brand","embeddable":true,"href":"https:\/\/www.domkraftpro.com\/index.php\/wp-json\/wp\/v2\/product_brand?post=16327"},{"taxonomy":"product_cat","embeddable":true,"href":"https:\/\/www.domkraftpro.com\/index.php\/wp-json\/wp\/v2\/product_cat?post=16327"},{"taxonomy":"product_tag","embeddable":true,"href":"https:\/\/www.domkraftpro.com\/index.php\/wp-json\/wp\/v2\/product_tag?post=16327"}],"curies":[{"name":"wp","href":"https:\/\/api.w.org\/{rel}","templated":true}]}}