{"id":16326,"date":"2026-04-27T04:41:03","date_gmt":"2026-04-27T04:41:03","guid":{"rendered":""},"modified":"2026-04-27T04:41:03","modified_gmt":"2026-04-27T04:41:03","slug":"kup-ted-sada-na-opravu-bezdusovych-pneumatik-8-dilu-strend-pro-element-shop-cz-16326","status":"publish","type":"product","link":"https:\/\/www.domkraftpro.com\/index.php\/produkt\/kup-ted-sada-na-opravu-bezdusovych-pneumatik-8-dilu-strend-pro-element-shop-cz-16326\/","title":{"rendered":"Kup Te\u010f Sada na opravu bezdu\u0161ov\u00fdch pneumatik, 8 d\u00edl\u016f, STREND PRO | element-shop.cz"},"content":{"rendered":"<div class=\"basic-description\">\n<h3>Detailn\u00ed popis produktu<\/h3>\n<p>                                    Sada na opravu bezdu\u0161ov\u00fdch pneumatik Strend Pro = rychl\u00e1 pomoc na cest\u00e1ch.Tato praktick\u00e1 8 d\u00edln\u00e1 sada je ur\u010dena na nouzovou opravu defekt\u016f bezdu\u0161ov\u00fdch pneumatik a umo\u017e\u0148uje a\u017e 5 oprav diagon\u00e1ln\u00edch nebo radi\u00e1ln\u00edch pneumatik. Ide\u00e1ln\u00ed pro automobily, motocykly, \u010dty\u0159kolky, p\u0159\u00edv\u011bsn\u00e9 voz\u00edky a dal\u0161\u00ed vozidla s bezdu\u0161ov\u00fdmi pneumatikami. Tato sada je nepostradateln\u00fdm pomocn\u00edkem na cest\u00e1ch, kter\u00fd v\u00e1m umo\u017en\u00ed bezpe\u010dn\u011b a rychle pokra\u010dovat v j\u00edzd\u011b.Upozorn\u011bn\u00ed:Sada je ur\u010dena pouze na do\u010dasn\u00e9 opravy pneumatik s defekty do O 6 mm. Opravy jsou povoleny jen v oblasti b\u011bhounu. Nen\u00ed doporu\u010deno pou\u017e\u00edvat na opravy bo\u010dnic, patek ani ramen pneumatik. Po oprav\u011b nav\u0161tivte co nejd\u0159\u00edve profesion\u00e1ln\u00ed servis. Pou\u017eit\u00ed t\u00e9to sady m\u016f\u017ee v\u00e9st ke ztr\u00e1t\u011b z\u00e1ruky na pneumatiky.<span class=\"show-tooltip\" title=\"&amp;nbsp;Obsah je fyzik\u00e1ln\u00ed veli\u010dina, kter\u00e1 vyjad\u0159uje plochu n\u011bjak\u00e9ho geometrick\u00e9ho tvaru. Obsah se zpravidla m\u011b\u0159\u00ed v \u010dtvere\u010dn\u00fdch jednotk\u00e1ch, nap\u0159\u00edklad \u010dtvere\u010dn\u00fdch metrech (m\u00b2) nebo \u010dtvere\u010dn\u00fdch centimetrech (cm\u00b2).Zde jsou vzorce pro v\u00fdpo\u010det&amp;hellip;\">Obsah<\/span> sady: 1x pr\u016frazn\u00edk na \u010di\u0161t\u011bn\u00ed defektu 1x pr\u016fta\u017en\u00edk na aplikaci knotu 5x vulkaniza\u010dn\u00ed knot (<span class=\"show-tooltip\" title=\"D\u00e9lka&amp;nbsp;je jedna ze z\u00e1kladn\u00edch&amp;nbsp;fyzik\u00e1ln\u00edch veli\u010din. Pomoc\u00ed d\u00e9lky se vyjad\u0159uje vz\u00e1jemn\u00e1 poloha a rozprostran\u011bnost objekt\u016f v prostoru. D\u00e9lka jako fyzik\u00e1ln\u00ed veli\u010dina vych\u00e1z\u00ed z geometrick\u00e9ho pojmu&amp;nbsp;d\u00e9lky&amp;nbsp;jako&amp;nbsp;m\u00edry&amp;nbsp;ohrani\u010den\u00e9&amp;hellip;\">d\u00e9lka<\/span> 10 cm) 1x vulkaniza\u010dn\u00ed <span class=\"show-tooltip\" title=\"Roztok je homogenn\u00ed sm\u011bs, ve kter\u00e9 jsou dv\u011b nebo v\u00edce l\u00e1tky d\u016fkladn\u011b sm\u00edch\u00e1ny tak, \u017ee neexistuj\u00ed \u017e\u00e1dn\u00e9 rozli\u0161iteln\u00e9 hranice mezi jednotliv\u00fdmi slo\u017ekami.V roztoku jsou \u010d\u00e1stice jedn\u00e9 l\u00e1tky rovnom\u011brn\u011b rozpt\u00fdleny v jin\u00e9 l\u00e1tce, \u010d\u00edm\u017e vytv\u00e1\u0159\u00ed jednotnou a&amp;hellip;\">roztok<\/span> (12 g)Postup opravy: 1. Odstra\u0148te zap\u00edchnut\u00fd p\u0159edm\u011bt z pneumatiky. 2. Pr\u016frazn\u00edkem vy\u010dist\u011bte a zdrsn\u011bte defekt. 3. Provle\u010dte knot o\u010dkem pr\u016fta\u017en\u00edku, naneste vulkaniza\u010dn\u00ed roztok na knot (nebo do defektu pomoc\u00ed pr\u016frazn\u00edku). 4. Pr\u016fta\u017en\u00edk s knotem zasu\u0148te do defektu, oto\u010dte o 90\u00b0 a vyt\u00e1hn\u011bte. 5. P\u0159esahuj\u00edc\u00ed \u010d\u00e1st knotu opatrn\u011b z\u0159e\u017ete.                            <\/div>\n","protected":false},"excerpt":{"rendered":"<p>Detailn\u00ed popis produktu Sada na opravu bezdu\u0161ov\u00fdch pneumatik Strend Pro = rychl\u00e1 pomoc na cest\u00e1ch.Tato praktick\u00e1 8 d\u00edln\u00e1 sada je ur\u010dena na nouzovou opravu defekt\u016f bezdu\u0161ov\u00fdch pneumatik a umo\u017e\u0148uje a\u017e 5 oprav diagon\u00e1ln\u00edch nebo radi\u00e1ln\u00edch pneumatik. Ide\u00e1ln\u00ed pro automobily, motocykly, \u010dty\u0159kolky, p\u0159\u00edv\u011bsn\u00e9 voz\u00edky a dal\u0161\u00ed vozidla s bezdu\u0161ov\u00fdmi pneumatikami. Tato sada je nepostradateln\u00fdm pomocn\u00edkem na [&hellip;]<\/p>\n","protected":false},"featured_media":16426,"comment_status":"open","ping_status":"open","template":"","meta":[],"product_brand":[],"product_cat":[63],"product_tag":[],"class_list":{"0":"post-16326","1":"product","2":"type-product","3":"status-publish","4":"has-post-thumbnail","6":"product_cat-automotive","8":"first","9":"instock","10":"sale","11":"shipping-taxable","12":"purchasable","13":"product-type-simple"},"yoast_head":"<!-- This site is optimized with the Yoast SEO plugin v26.8 - https:\/\/yoast.com\/product\/yoast-seo-wordpress\/ -->\n<title>Kup Te\u010f Sada na opravu bezdu\u0161ov\u00fdch pneumatik, 8 d\u00edl\u016f, STREND PRO | element-shop.cz -<\/title>\n<meta name=\"robots\" content=\"index, follow, max-snippet:-1, max-image-preview:large, max-video-preview:-1\" \/>\n<link rel=\"canonical\" href=\"https:\/\/www.domkraftpro.com\/index.php\/produkt\/kup-ted-sada-na-opravu-bezdusovych-pneumatik-8-dilu-strend-pro-element-shop-cz-16326\/\" \/>\n<meta property=\"og:locale\" content=\"cs_CZ\" \/>\n<meta property=\"og:type\" content=\"article\" \/>\n<meta property=\"og:title\" content=\"Kup Te\u010f Sada na opravu bezdu\u0161ov\u00fdch pneumatik, 8 d\u00edl\u016f, STREND PRO | element-shop.cz -\" \/>\n<meta property=\"og:description\" content=\"Detailn\u00ed popis produktu Sada na opravu bezdu\u0161ov\u00fdch pneumatik Strend Pro = rychl\u00e1 pomoc na cest\u00e1ch.Tato praktick\u00e1 8 d\u00edln\u00e1 sada je ur\u010dena na nouzovou opravu defekt\u016f bezdu\u0161ov\u00fdch pneumatik a umo\u017e\u0148uje a\u017e 5 oprav diagon\u00e1ln\u00edch nebo radi\u00e1ln\u00edch pneumatik. Ide\u00e1ln\u00ed pro automobily, motocykly, \u010dty\u0159kolky, p\u0159\u00edv\u011bsn\u00e9 voz\u00edky a dal\u0161\u00ed vozidla s bezdu\u0161ov\u00fdmi pneumatikami. Tato sada je nepostradateln\u00fdm pomocn\u00edkem na [&hellip;]\" \/>\n<meta property=\"og:url\" content=\"https:\/\/www.domkraftpro.com\/index.php\/produkt\/kup-ted-sada-na-opravu-bezdusovych-pneumatik-8-dilu-strend-pro-element-shop-cz-16326\/\" \/>\n<meta property=\"og:image\" content=\"https:\/\/www.domkraftpro.com\/wp-content\/uploads\/2026\/SK0007632-CZ20260425-092522-0-1777080324-119926_rewrite-175618-2161459.webp\" \/>\n\t<meta property=\"og:image:width\" content=\"1000\" \/>\n\t<meta property=\"og:image:height\" content=\"750\" \/>\n\t<meta property=\"og:image:type\" content=\"image\/webp\" \/>\n<meta name=\"twitter:card\" content=\"summary_large_image\" \/>\n<meta name=\"twitter:label1\" content=\"Odhadovan\u00e1 doba \u010dten\u00ed\" \/>\n\t<meta name=\"twitter:data1\" content=\"1 minuta\" \/>\n<script type=\"application\/ld+json\" class=\"yoast-schema-graph\">{\"@context\":\"https:\/\/schema.org\",\"@graph\":[{\"@type\":\"WebPage\",\"@id\":\"https:\/\/www.domkraftpro.com\/index.php\/produkt\/kup-ted-sada-na-opravu-bezdusovych-pneumatik-8-dilu-strend-pro-element-shop-cz-16326\/\",\"url\":\"https:\/\/www.domkraftpro.com\/index.php\/produkt\/kup-ted-sada-na-opravu-bezdusovych-pneumatik-8-dilu-strend-pro-element-shop-cz-16326\/\",\"name\":\"Kup Te\u010f Sada na opravu bezdu\u0161ov\u00fdch pneumatik, 8 d\u00edl\u016f, STREND PRO | element-shop.cz -\",\"isPartOf\":{\"@id\":\"https:\/\/www.domkraftpro.com\/#website\"},\"primaryImageOfPage\":{\"@id\":\"https:\/\/www.domkraftpro.com\/index.php\/produkt\/kup-ted-sada-na-opravu-bezdusovych-pneumatik-8-dilu-strend-pro-element-shop-cz-16326\/#primaryimage\"},\"image\":{\"@id\":\"https:\/\/www.domkraftpro.com\/index.php\/produkt\/kup-ted-sada-na-opravu-bezdusovych-pneumatik-8-dilu-strend-pro-element-shop-cz-16326\/#primaryimage\"},\"thumbnailUrl\":\"https:\/\/www.domkraftpro.com\/wp-content\/uploads\/2026\/SK0007632-CZ20260425-092522-0-1777080324-119926_rewrite-175618-2161459.webp\",\"datePublished\":\"2026-04-27T04:41:03+00:00\",\"breadcrumb\":{\"@id\":\"https:\/\/www.domkraftpro.com\/index.php\/produkt\/kup-ted-sada-na-opravu-bezdusovych-pneumatik-8-dilu-strend-pro-element-shop-cz-16326\/#breadcrumb\"},\"inLanguage\":\"cs\",\"potentialAction\":[{\"@type\":\"ReadAction\",\"target\":[\"https:\/\/www.domkraftpro.com\/index.php\/produkt\/kup-ted-sada-na-opravu-bezdusovych-pneumatik-8-dilu-strend-pro-element-shop-cz-16326\/\"]}]},{\"@type\":\"ImageObject\",\"inLanguage\":\"cs\",\"@id\":\"https:\/\/www.domkraftpro.com\/index.php\/produkt\/kup-ted-sada-na-opravu-bezdusovych-pneumatik-8-dilu-strend-pro-element-shop-cz-16326\/#primaryimage\",\"url\":\"https:\/\/www.domkraftpro.com\/wp-content\/uploads\/2026\/SK0007632-CZ20260425-092522-0-1777080324-119926_rewrite-175618-2161459.webp\",\"contentUrl\":\"https:\/\/www.domkraftpro.com\/wp-content\/uploads\/2026\/SK0007632-CZ20260425-092522-0-1777080324-119926_rewrite-175618-2161459.webp\",\"width\":1000,\"height\":750},{\"@type\":\"BreadcrumbList\",\"@id\":\"https:\/\/www.domkraftpro.com\/index.php\/produkt\/kup-ted-sada-na-opravu-bezdusovych-pneumatik-8-dilu-strend-pro-element-shop-cz-16326\/#breadcrumb\",\"itemListElement\":[{\"@type\":\"ListItem\",\"position\":1,\"name\":\"Home\",\"item\":\"https:\/\/www.domkraftpro.com\/\"},{\"@type\":\"ListItem\",\"position\":2,\"name\":\"Products\",\"item\":\"https:\/\/www.domkraftpro.com\/index.php\/products\/\"},{\"@type\":\"ListItem\",\"position\":3,\"name\":\"Kup Te\u010f Sada na opravu bezdu\u0161ov\u00fdch pneumatik, 8 d\u00edl\u016f, STREND PRO | element-shop.cz\"}]},{\"@type\":\"WebSite\",\"@id\":\"https:\/\/www.domkraftpro.com\/#website\",\"url\":\"https:\/\/www.domkraftpro.com\/\",\"name\":\"\",\"description\":\"\",\"potentialAction\":[{\"@type\":\"SearchAction\",\"target\":{\"@type\":\"EntryPoint\",\"urlTemplate\":\"https:\/\/www.domkraftpro.com\/?s={search_term_string}\"},\"query-input\":{\"@type\":\"PropertyValueSpecification\",\"valueRequired\":true,\"valueName\":\"search_term_string\"}}],\"inLanguage\":\"cs\"}]}<\/script>\n<!-- \/ Yoast SEO plugin. -->","yoast_head_json":{"title":"Kup Te\u010f Sada na opravu bezdu\u0161ov\u00fdch pneumatik, 8 d\u00edl\u016f, STREND PRO | element-shop.cz -","robots":{"index":"index","follow":"follow","max-snippet":"max-snippet:-1","max-image-preview":"max-image-preview:large","max-video-preview":"max-video-preview:-1"},"canonical":"https:\/\/www.domkraftpro.com\/index.php\/produkt\/kup-ted-sada-na-opravu-bezdusovych-pneumatik-8-dilu-strend-pro-element-shop-cz-16326\/","og_locale":"cs_CZ","og_type":"article","og_title":"Kup Te\u010f Sada na opravu bezdu\u0161ov\u00fdch pneumatik, 8 d\u00edl\u016f, STREND PRO | element-shop.cz -","og_description":"Detailn\u00ed popis produktu Sada na opravu bezdu\u0161ov\u00fdch pneumatik Strend Pro = rychl\u00e1 pomoc na cest\u00e1ch.Tato praktick\u00e1 8 d\u00edln\u00e1 sada je ur\u010dena na nouzovou opravu defekt\u016f bezdu\u0161ov\u00fdch pneumatik a umo\u017e\u0148uje a\u017e 5 oprav diagon\u00e1ln\u00edch nebo radi\u00e1ln\u00edch pneumatik. Ide\u00e1ln\u00ed pro automobily, motocykly, \u010dty\u0159kolky, p\u0159\u00edv\u011bsn\u00e9 voz\u00edky a dal\u0161\u00ed vozidla s bezdu\u0161ov\u00fdmi pneumatikami. Tato sada je nepostradateln\u00fdm pomocn\u00edkem na [&hellip;]","og_url":"https:\/\/www.domkraftpro.com\/index.php\/produkt\/kup-ted-sada-na-opravu-bezdusovych-pneumatik-8-dilu-strend-pro-element-shop-cz-16326\/","og_image":[{"width":1000,"height":750,"url":"https:\/\/www.domkraftpro.com\/wp-content\/uploads\/2026\/SK0007632-CZ20260425-092522-0-1777080324-119926_rewrite-175618-2161459.webp","type":"image\/webp"}],"twitter_card":"summary_large_image","twitter_misc":{"Odhadovan\u00e1 doba \u010dten\u00ed":"1 minuta"},"schema":{"@context":"https:\/\/schema.org","@graph":[{"@type":"WebPage","@id":"https:\/\/www.domkraftpro.com\/index.php\/produkt\/kup-ted-sada-na-opravu-bezdusovych-pneumatik-8-dilu-strend-pro-element-shop-cz-16326\/","url":"https:\/\/www.domkraftpro.com\/index.php\/produkt\/kup-ted-sada-na-opravu-bezdusovych-pneumatik-8-dilu-strend-pro-element-shop-cz-16326\/","name":"Kup Te\u010f Sada na opravu bezdu\u0161ov\u00fdch pneumatik, 8 d\u00edl\u016f, STREND PRO | element-shop.cz -","isPartOf":{"@id":"https:\/\/www.domkraftpro.com\/#website"},"primaryImageOfPage":{"@id":"https:\/\/www.domkraftpro.com\/index.php\/produkt\/kup-ted-sada-na-opravu-bezdusovych-pneumatik-8-dilu-strend-pro-element-shop-cz-16326\/#primaryimage"},"image":{"@id":"https:\/\/www.domkraftpro.com\/index.php\/produkt\/kup-ted-sada-na-opravu-bezdusovych-pneumatik-8-dilu-strend-pro-element-shop-cz-16326\/#primaryimage"},"thumbnailUrl":"https:\/\/www.domkraftpro.com\/wp-content\/uploads\/2026\/SK0007632-CZ20260425-092522-0-1777080324-119926_rewrite-175618-2161459.webp","datePublished":"2026-04-27T04:41:03+00:00","breadcrumb":{"@id":"https:\/\/www.domkraftpro.com\/index.php\/produkt\/kup-ted-sada-na-opravu-bezdusovych-pneumatik-8-dilu-strend-pro-element-shop-cz-16326\/#breadcrumb"},"inLanguage":"cs","potentialAction":[{"@type":"ReadAction","target":["https:\/\/www.domkraftpro.com\/index.php\/produkt\/kup-ted-sada-na-opravu-bezdusovych-pneumatik-8-dilu-strend-pro-element-shop-cz-16326\/"]}]},{"@type":"ImageObject","inLanguage":"cs","@id":"https:\/\/www.domkraftpro.com\/index.php\/produkt\/kup-ted-sada-na-opravu-bezdusovych-pneumatik-8-dilu-strend-pro-element-shop-cz-16326\/#primaryimage","url":"https:\/\/www.domkraftpro.com\/wp-content\/uploads\/2026\/SK0007632-CZ20260425-092522-0-1777080324-119926_rewrite-175618-2161459.webp","contentUrl":"https:\/\/www.domkraftpro.com\/wp-content\/uploads\/2026\/SK0007632-CZ20260425-092522-0-1777080324-119926_rewrite-175618-2161459.webp","width":1000,"height":750},{"@type":"BreadcrumbList","@id":"https:\/\/www.domkraftpro.com\/index.php\/produkt\/kup-ted-sada-na-opravu-bezdusovych-pneumatik-8-dilu-strend-pro-element-shop-cz-16326\/#breadcrumb","itemListElement":[{"@type":"ListItem","position":1,"name":"Home","item":"https:\/\/www.domkraftpro.com\/"},{"@type":"ListItem","position":2,"name":"Products","item":"https:\/\/www.domkraftpro.com\/index.php\/products\/"},{"@type":"ListItem","position":3,"name":"Kup Te\u010f Sada na opravu bezdu\u0161ov\u00fdch pneumatik, 8 d\u00edl\u016f, STREND PRO | element-shop.cz"}]},{"@type":"WebSite","@id":"https:\/\/www.domkraftpro.com\/#website","url":"https:\/\/www.domkraftpro.com\/","name":"","description":"","potentialAction":[{"@type":"SearchAction","target":{"@type":"EntryPoint","urlTemplate":"https:\/\/www.domkraftpro.com\/?s={search_term_string}"},"query-input":{"@type":"PropertyValueSpecification","valueRequired":true,"valueName":"search_term_string"}}],"inLanguage":"cs"}]}},"_links":{"self":[{"href":"https:\/\/www.domkraftpro.com\/index.php\/wp-json\/wp\/v2\/product\/16326","targetHints":{"allow":["GET"]}}],"collection":[{"href":"https:\/\/www.domkraftpro.com\/index.php\/wp-json\/wp\/v2\/product"}],"about":[{"href":"https:\/\/www.domkraftpro.com\/index.php\/wp-json\/wp\/v2\/types\/product"}],"replies":[{"embeddable":true,"href":"https:\/\/www.domkraftpro.com\/index.php\/wp-json\/wp\/v2\/comments?post=16326"}],"wp:featuredmedia":[{"embeddable":true,"href":"https:\/\/www.domkraftpro.com\/index.php\/wp-json\/wp\/v2\/media\/16426"}],"wp:attachment":[{"href":"https:\/\/www.domkraftpro.com\/index.php\/wp-json\/wp\/v2\/media?parent=16326"}],"wp:term":[{"taxonomy":"product_brand","embeddable":true,"href":"https:\/\/www.domkraftpro.com\/index.php\/wp-json\/wp\/v2\/product_brand?post=16326"},{"taxonomy":"product_cat","embeddable":true,"href":"https:\/\/www.domkraftpro.com\/index.php\/wp-json\/wp\/v2\/product_cat?post=16326"},{"taxonomy":"product_tag","embeddable":true,"href":"https:\/\/www.domkraftpro.com\/index.php\/wp-json\/wp\/v2\/product_tag?post=16326"}],"curies":[{"name":"wp","href":"https:\/\/api.w.org\/{rel}","templated":true}]}}