{"id":16150,"date":"2026-04-27T04:41:02","date_gmt":"2026-04-27T04:41:02","guid":{"rendered":""},"modified":"2026-04-27T04:41:02","modified_gmt":"2026-04-27T04:41:02","slug":"nabijecka-autobaterii-9-stupnu-mikroprocesor-6-12v-4a-element-shop-cz-tovarni-cena-16150","status":"publish","type":"product","link":"https:\/\/www.domkraftpro.com\/index.php\/produkt\/nabijecka-autobaterii-9-stupnu-mikroprocesor-6-12v-4a-element-shop-cz-tovarni-cena-16150\/","title":{"rendered":"Nab\u00edje\u010dka autobateri\u00ed, 9 stup\u0148\u016f, mikroprocesor, 6\/12V, 4A, | element-shop.cz Tov\u00e1rn\u00ed Cena"},"content":{"rendered":"<div class=\"basic-description\">\n<h3>Detailn\u00ed popis produktu<\/h3>\n<div>Nab\u00edje\u010dka je ur\u010dena pro nab\u00edjen\u00ed 12V nebo 6V <span class=\"show-tooltip\" title=\"Olovo je chemick\u00fd prvek se symboly Pb (z latinsk\u00e9ho plumbum) a atomov\u00fdm \u010d\u00edslem 82.Je to t\u011b\u017ek\u00fd kov, kter\u00fd m\u00e1 m\u011bkkou a ohebnou texturu.&amp;nbsp;M\u00e1 relativn\u011b n\u00edzkou&amp;nbsp;teplotu t\u00e1n\u00ed,&amp;nbsp;je dob\u0159e kujn\u00fd i p\u0159i&amp;nbsp;pokojov\u00e9 teplot\u011b&amp;nbsp;a odoln\u00fd v\u016f\u010di&amp;hellip;\">olov\u011bn\u00fdch<\/span> <span class=\"show-tooltip\" title=\"Akumul\u00e1tor je za\u0159\u00edzen\u00ed slou\u017e\u00edc\u00ed k uchov\u00e1v\u00e1n\u00ed elektrick\u00e9 energie.&amp;nbsp;\u058d Jeho hlavn\u00ed funkc\u00ed je p\u0159em\u011bnit elektrickou energii do chemick\u00e9 energie b\u011bhem nab\u00edjen\u00ed a n\u00e1sledn\u011b zp\u011bt na elektrickou energii b\u011bhem vyb\u00edjen\u00ed.\u058d Akumul\u00e1tory jsou \u0161iroce&amp;hellip;\">akumul\u00e1tor\u016f<\/span> se zaplavenou <span class=\"show-tooltip\" title=\"Elektroda m\u016f\u017ee m\u00edt r\u016fzn\u00e9 v\u00fdznamy v z\u00e1vislosti na kontextu, zde jsou n\u011bkter\u00e9 z nich:&amp;nbsp;Sv\u00e1\u0159e\u010dsk\u00e1 elektroda:&amp;nbsp;V oblasti sva\u0159ov\u00e1n\u00ed se elektroda obvykle odkazuje na pot\u0159ebn\u00fd sva\u0159ovac\u00ed materi\u00e1l, kter\u00fd slou\u017e\u00ed k vytv\u00e1\u0159en\u00ed oblouku a t\u00e1n\u00ed se b\u011bhem&amp;hellip;\">elektrodou<\/span> WET i Calcium, MF VRLA akumul\u00e1tor\u016f, AGM, i gelov\u00fdch a 12V LiFePO4 akumul\u00e1tor\u016f.<\/div>\n<div>Pro svou pr\u00e1ci vyu\u017e\u00edvaj\u00ed automatick\u00fd p\u0159ep\u00ednac\u00ed m\u00f3d o vysok\u00e9 <span class=\"show-tooltip\" title=\"Frekvence&amp;nbsp;(tak\u00e9 &quot;kmito\u010det&quot;) je fyzik\u00e1ln\u00ed veli\u010dina, kter\u00e1 ud\u00e1v\u00e1, kolikr\u00e1t se dan\u00fd periodick\u00fd proces opakuje za jednotku \u010dasu.&amp;nbsp;\u058d V kontextu zvuku nebo vln\u011bn\u00ed se frekvence m\u011b\u0159\u00ed v hertz\u00edch (Hz), co\u017e zna\u010d\u00ed po\u010det cykl\u016f nebo vlnov\u00fdch d\u00e9lek,&amp;hellip;\">frekvenci<\/span>.<\/div>\n<div>Vestav\u011bn\u00fd mikroprocesor m\u00e1 naprogramovan\u00fdch 9 f\u00e1z\u00ed procesu a zajist\u00ed nabit\u00ed bateri\u00ed a\u017e do 100% jejich origin\u00e1ln\u00ed kapacity.<\/div>\n<div>Po zapnut\u00ed nab\u00edje\u010dky a p\u0159ipojen\u00ed na akumul\u00e1tor uvid\u00edte na displeji jeho <span class=\"show-tooltip\" title=\"Nap\u011bt\u00ed, tak\u00e9 naz\u00fdvan\u00e9 elektrick\u00e9 nap\u011bt\u00ed, je fyzik\u00e1ln\u00ed veli\u010dina, kter\u00e1 vyjad\u0159uje potenci\u00e1ln\u00ed rozd\u00edl mezi dv\u011bma body v elektrick\u00e9m obvodu. Jedn\u00e1 se o skal\u00e1rn\u00ed veli\u010dinu, co\u017e znamen\u00e1, \u017ee m\u00e1 pouze velikost a nem\u00e1 sm\u011br.Nap\u011bt\u00ed je zp\u016fsobeno rozd\u00edlem&amp;hellip;\">nap\u011bt\u00ed<\/span> a m\u016f\u017eete si zvolit, jestli nab\u00edj\u00edte 12V baterii v aut\u011b, motocyklu, v zim\u011b, LiFePO4 nebo 6V baterii.<\/div>\n<div>Pokud se p\u0159i nab\u00edjen\u00ed detekuje \u010d\u00e1ste\u010dn\u011b sulf\u00e1tovan\u00e1 baterie, zapne se automaticky funkci desulfatace baterie, kter\u00e1 obnovuje jej\u00ed kapacitu.<\/div>\n<div>Nab\u00edje\u010dka m\u00e1 ochranu proti p\u0159eb\u00edjen\u00ed, p\u0159eh\u0159\u00e1t\u00ed, zkratu, p\u0159ep\u00f3lov\u00e1n\u00ed.<\/div>\n<div>P\u0159i v\u00fdpadku nap\u00e1jen\u00ed si zapamatuje nastaven\u00fd typ nab\u00edjen\u00ed a po op\u011btovn\u00e9m zapnut\u00ed ho nastav\u00ed.<\/div>\n<div>Nab\u00edje\u010dka je velmi <span class=\"show-tooltip\" title=\"Pru\u017enost je vlastnost materi\u00e1l\u016f, kter\u00e1 se projevuje jejich schopnost\u00ed vracet se do p\u016fvodn\u00edho tvaru po odstran\u011bn\u00ed vn\u011bj\u0161\u00edch sil, kter\u00e9 na n\u011b p\u016fsobily. Pru\u017en\u00e9 materi\u00e1ly se deformuj\u00ed, kdy\u017e jsou vystaveny zat\u00ed\u017een\u00ed, a po odstran\u011bn\u00ed tohoto zat\u00ed\u017een\u00ed se op\u011bt&amp;hellip;\">flexibiln\u00ed<\/span> ve zp\u016fsobu p\u0159ipojen\u00ed bateri\u00ed a je vybavena r\u016fzn\u00fdmi koncovkami: klasick\u00e9 krokosvorky, o\u010dka, SAE konektor a 12V autoz\u00e1suvka.<\/div>\n<div>&nbsp;<\/div>\n<div>9 nab\u00edjec\u00edch stup\u0148\u016f:<\/div>\n<div>&nbsp;<\/div>\n<div>1 &#8211; vyhodnocen\u00ed stavu baterie<\/div>\n<div>2 &#8211; zotaven\u00ed baterie<\/div>\n<div>3 &#8211; pozvoln\u00e9 zah\u00e1jen\u00ed nab\u00edjen\u00ed<\/div>\n<div>4 &#8211; nab\u00edjen\u00ed konstantn\u00edm pulzn\u00edm proudem<\/div>\n<div>5 &#8211; regenerace (desulfatace)<\/div>\n<div>6 &#8211; nab\u00edjen\u00ed konstantn\u00edm proudem<\/div>\n<div>7 &#8211; sni\u017eov\u00e1n\u00ed nab\u00edjec\u00edho proudu<\/div>\n<div>8 &#8211; kontrola stavu<\/div>\n<div>9 &#8211; konstantn\u00ed nap\u011bt\u00ed, udr\u017eovac\u00ed pulzn\u00ed proud<\/div>\n<div>&nbsp;<\/div>\n<div>Vstupn\u00ed nap\u011bt\u00ed (nap\u00e1jen\u00ed): 230 V<\/div>\n<div>V\u00fdstupn\u00ed nap\u011bt\u00ed: 6 \/ 12 V<\/div>\n<div>Nab\u00edjec\u00ed proud 12 V: 4 A<\/div>\n<div>Nab\u00edjec\u00ed proud 6 V: 2 A<\/div>\n<div><span class=\"show-tooltip\" title=\"Hmotnost&amp;nbsp;je d\u016fle\u017eit\u00e1 fyzik\u00e1ln\u00ed veli\u010dina, aditivn\u00ed vlastnost&amp;nbsp;hmoty&amp;nbsp;(tedy vlastnost jednotliv\u00fdch hmotn\u00fdch&amp;nbsp;t\u011bles), kter\u00e1 vyjad\u0159uje m\u00edru&amp;nbsp;setrva\u010dn\u00fdch&amp;nbsp;\u00fa\u010dink\u016f \u010di m\u00edru&amp;nbsp;gravita\u010dn\u00edch&amp;nbsp;\u00fa\u010dink\u016f hmoty. Ekvivalence setrva\u010dn\u00fdch&amp;hellip;\">Hmotnost<\/span>: 0,5 kg<\/div>\n<\/p><\/div>\n","protected":false},"excerpt":{"rendered":"<p>Detailn\u00ed popis produktu Nab\u00edje\u010dka je ur\u010dena pro nab\u00edjen\u00ed 12V nebo 6V olov\u011bn\u00fdch akumul\u00e1tor\u016f se zaplavenou elektrodou WET i Calcium, MF VRLA akumul\u00e1tor\u016f, AGM, i gelov\u00fdch a 12V LiFePO4 akumul\u00e1tor\u016f. Pro svou pr\u00e1ci vyu\u017e\u00edvaj\u00ed automatick\u00fd p\u0159ep\u00ednac\u00ed m\u00f3d o vysok\u00e9 frekvenci. Vestav\u011bn\u00fd mikroprocesor m\u00e1 naprogramovan\u00fdch 9 f\u00e1z\u00ed procesu a zajist\u00ed nabit\u00ed bateri\u00ed a\u017e do 100% jejich origin\u00e1ln\u00ed [&hellip;]<\/p>\n","protected":false},"featured_media":16250,"comment_status":"open","ping_status":"open","template":"","meta":[],"product_brand":[],"product_cat":[63],"product_tag":[],"class_list":{"0":"post-16150","1":"product","2":"type-product","3":"status-publish","4":"has-post-thumbnail","6":"product_cat-automotive","8":"first","9":"instock","10":"sale","11":"shipping-taxable","12":"purchasable","13":"product-type-simple"},"yoast_head":"<!-- This site is optimized with the Yoast SEO plugin v26.8 - https:\/\/yoast.com\/product\/yoast-seo-wordpress\/ -->\n<title>Nab\u00edje\u010dka autobateri\u00ed, 9 stup\u0148\u016f, mikroprocesor, 6\/12V, 4A, | element-shop.cz Tov\u00e1rn\u00ed Cena -<\/title>\n<meta name=\"robots\" content=\"index, follow, max-snippet:-1, max-image-preview:large, max-video-preview:-1\" \/>\n<link rel=\"canonical\" href=\"https:\/\/www.domkraftpro.com\/index.php\/produkt\/nabijecka-autobaterii-9-stupnu-mikroprocesor-6-12v-4a-element-shop-cz-tovarni-cena-16150\/\" \/>\n<meta property=\"og:locale\" content=\"cs_CZ\" \/>\n<meta property=\"og:type\" content=\"article\" \/>\n<meta property=\"og:title\" content=\"Nab\u00edje\u010dka autobateri\u00ed, 9 stup\u0148\u016f, mikroprocesor, 6\/12V, 4A, | element-shop.cz Tov\u00e1rn\u00ed Cena -\" \/>\n<meta property=\"og:description\" content=\"Detailn\u00ed popis produktu Nab\u00edje\u010dka je ur\u010dena pro nab\u00edjen\u00ed 12V nebo 6V olov\u011bn\u00fdch akumul\u00e1tor\u016f se zaplavenou elektrodou WET i Calcium, MF VRLA akumul\u00e1tor\u016f, AGM, i gelov\u00fdch a 12V LiFePO4 akumul\u00e1tor\u016f. Pro svou pr\u00e1ci vyu\u017e\u00edvaj\u00ed automatick\u00fd p\u0159ep\u00ednac\u00ed m\u00f3d o vysok\u00e9 frekvenci. Vestav\u011bn\u00fd mikroprocesor m\u00e1 naprogramovan\u00fdch 9 f\u00e1z\u00ed procesu a zajist\u00ed nabit\u00ed bateri\u00ed a\u017e do 100% jejich origin\u00e1ln\u00ed [&hellip;]\" \/>\n<meta property=\"og:url\" content=\"https:\/\/www.domkraftpro.com\/index.php\/produkt\/nabijecka-autobaterii-9-stupnu-mikroprocesor-6-12v-4a-element-shop-cz-tovarni-cena-16150\/\" \/>\n<meta property=\"og:image\" content=\"https:\/\/www.domkraftpro.com\/wp-content\/uploads\/2026\/SK0007555-CZ20260425-092522-0-1777080324-119605_rewrite-207093-8897302.webp\" \/>\n\t<meta property=\"og:image:width\" content=\"1000\" \/>\n\t<meta property=\"og:image:height\" content=\"750\" \/>\n\t<meta property=\"og:image:type\" content=\"image\/webp\" \/>\n<meta name=\"twitter:card\" content=\"summary_large_image\" \/>\n<meta name=\"twitter:label1\" content=\"Odhadovan\u00e1 doba \u010dten\u00ed\" \/>\n\t<meta name=\"twitter:data1\" content=\"1 minuta\" \/>\n<script type=\"application\/ld+json\" class=\"yoast-schema-graph\">{\"@context\":\"https:\/\/schema.org\",\"@graph\":[{\"@type\":\"WebPage\",\"@id\":\"https:\/\/www.domkraftpro.com\/index.php\/produkt\/nabijecka-autobaterii-9-stupnu-mikroprocesor-6-12v-4a-element-shop-cz-tovarni-cena-16150\/\",\"url\":\"https:\/\/www.domkraftpro.com\/index.php\/produkt\/nabijecka-autobaterii-9-stupnu-mikroprocesor-6-12v-4a-element-shop-cz-tovarni-cena-16150\/\",\"name\":\"Nab\u00edje\u010dka autobateri\u00ed, 9 stup\u0148\u016f, mikroprocesor, 6\/12V, 4A, | element-shop.cz Tov\u00e1rn\u00ed Cena -\",\"isPartOf\":{\"@id\":\"https:\/\/www.domkraftpro.com\/#website\"},\"primaryImageOfPage\":{\"@id\":\"https:\/\/www.domkraftpro.com\/index.php\/produkt\/nabijecka-autobaterii-9-stupnu-mikroprocesor-6-12v-4a-element-shop-cz-tovarni-cena-16150\/#primaryimage\"},\"image\":{\"@id\":\"https:\/\/www.domkraftpro.com\/index.php\/produkt\/nabijecka-autobaterii-9-stupnu-mikroprocesor-6-12v-4a-element-shop-cz-tovarni-cena-16150\/#primaryimage\"},\"thumbnailUrl\":\"https:\/\/www.domkraftpro.com\/wp-content\/uploads\/2026\/SK0007555-CZ20260425-092522-0-1777080324-119605_rewrite-207093-8897302.webp\",\"datePublished\":\"2026-04-27T04:41:02+00:00\",\"breadcrumb\":{\"@id\":\"https:\/\/www.domkraftpro.com\/index.php\/produkt\/nabijecka-autobaterii-9-stupnu-mikroprocesor-6-12v-4a-element-shop-cz-tovarni-cena-16150\/#breadcrumb\"},\"inLanguage\":\"cs\",\"potentialAction\":[{\"@type\":\"ReadAction\",\"target\":[\"https:\/\/www.domkraftpro.com\/index.php\/produkt\/nabijecka-autobaterii-9-stupnu-mikroprocesor-6-12v-4a-element-shop-cz-tovarni-cena-16150\/\"]}]},{\"@type\":\"ImageObject\",\"inLanguage\":\"cs\",\"@id\":\"https:\/\/www.domkraftpro.com\/index.php\/produkt\/nabijecka-autobaterii-9-stupnu-mikroprocesor-6-12v-4a-element-shop-cz-tovarni-cena-16150\/#primaryimage\",\"url\":\"https:\/\/www.domkraftpro.com\/wp-content\/uploads\/2026\/SK0007555-CZ20260425-092522-0-1777080324-119605_rewrite-207093-8897302.webp\",\"contentUrl\":\"https:\/\/www.domkraftpro.com\/wp-content\/uploads\/2026\/SK0007555-CZ20260425-092522-0-1777080324-119605_rewrite-207093-8897302.webp\",\"width\":1000,\"height\":750},{\"@type\":\"BreadcrumbList\",\"@id\":\"https:\/\/www.domkraftpro.com\/index.php\/produkt\/nabijecka-autobaterii-9-stupnu-mikroprocesor-6-12v-4a-element-shop-cz-tovarni-cena-16150\/#breadcrumb\",\"itemListElement\":[{\"@type\":\"ListItem\",\"position\":1,\"name\":\"Home\",\"item\":\"https:\/\/www.domkraftpro.com\/\"},{\"@type\":\"ListItem\",\"position\":2,\"name\":\"Products\",\"item\":\"https:\/\/www.domkraftpro.com\/index.php\/products\/\"},{\"@type\":\"ListItem\",\"position\":3,\"name\":\"Nab\u00edje\u010dka autobateri\u00ed, 9 stup\u0148\u016f, mikroprocesor, 6\/12V, 4A, | element-shop.cz Tov\u00e1rn\u00ed Cena\"}]},{\"@type\":\"WebSite\",\"@id\":\"https:\/\/www.domkraftpro.com\/#website\",\"url\":\"https:\/\/www.domkraftpro.com\/\",\"name\":\"\",\"description\":\"\",\"potentialAction\":[{\"@type\":\"SearchAction\",\"target\":{\"@type\":\"EntryPoint\",\"urlTemplate\":\"https:\/\/www.domkraftpro.com\/?s={search_term_string}\"},\"query-input\":{\"@type\":\"PropertyValueSpecification\",\"valueRequired\":true,\"valueName\":\"search_term_string\"}}],\"inLanguage\":\"cs\"}]}<\/script>\n<!-- \/ Yoast SEO plugin. -->","yoast_head_json":{"title":"Nab\u00edje\u010dka autobateri\u00ed, 9 stup\u0148\u016f, mikroprocesor, 6\/12V, 4A, | element-shop.cz Tov\u00e1rn\u00ed Cena -","robots":{"index":"index","follow":"follow","max-snippet":"max-snippet:-1","max-image-preview":"max-image-preview:large","max-video-preview":"max-video-preview:-1"},"canonical":"https:\/\/www.domkraftpro.com\/index.php\/produkt\/nabijecka-autobaterii-9-stupnu-mikroprocesor-6-12v-4a-element-shop-cz-tovarni-cena-16150\/","og_locale":"cs_CZ","og_type":"article","og_title":"Nab\u00edje\u010dka autobateri\u00ed, 9 stup\u0148\u016f, mikroprocesor, 6\/12V, 4A, | element-shop.cz Tov\u00e1rn\u00ed Cena -","og_description":"Detailn\u00ed popis produktu Nab\u00edje\u010dka je ur\u010dena pro nab\u00edjen\u00ed 12V nebo 6V olov\u011bn\u00fdch akumul\u00e1tor\u016f se zaplavenou elektrodou WET i Calcium, MF VRLA akumul\u00e1tor\u016f, AGM, i gelov\u00fdch a 12V LiFePO4 akumul\u00e1tor\u016f. Pro svou pr\u00e1ci vyu\u017e\u00edvaj\u00ed automatick\u00fd p\u0159ep\u00ednac\u00ed m\u00f3d o vysok\u00e9 frekvenci. Vestav\u011bn\u00fd mikroprocesor m\u00e1 naprogramovan\u00fdch 9 f\u00e1z\u00ed procesu a zajist\u00ed nabit\u00ed bateri\u00ed a\u017e do 100% jejich origin\u00e1ln\u00ed [&hellip;]","og_url":"https:\/\/www.domkraftpro.com\/index.php\/produkt\/nabijecka-autobaterii-9-stupnu-mikroprocesor-6-12v-4a-element-shop-cz-tovarni-cena-16150\/","og_image":[{"width":1000,"height":750,"url":"https:\/\/www.domkraftpro.com\/wp-content\/uploads\/2026\/SK0007555-CZ20260425-092522-0-1777080324-119605_rewrite-207093-8897302.webp","type":"image\/webp"}],"twitter_card":"summary_large_image","twitter_misc":{"Odhadovan\u00e1 doba \u010dten\u00ed":"1 minuta"},"schema":{"@context":"https:\/\/schema.org","@graph":[{"@type":"WebPage","@id":"https:\/\/www.domkraftpro.com\/index.php\/produkt\/nabijecka-autobaterii-9-stupnu-mikroprocesor-6-12v-4a-element-shop-cz-tovarni-cena-16150\/","url":"https:\/\/www.domkraftpro.com\/index.php\/produkt\/nabijecka-autobaterii-9-stupnu-mikroprocesor-6-12v-4a-element-shop-cz-tovarni-cena-16150\/","name":"Nab\u00edje\u010dka autobateri\u00ed, 9 stup\u0148\u016f, mikroprocesor, 6\/12V, 4A, | element-shop.cz Tov\u00e1rn\u00ed Cena -","isPartOf":{"@id":"https:\/\/www.domkraftpro.com\/#website"},"primaryImageOfPage":{"@id":"https:\/\/www.domkraftpro.com\/index.php\/produkt\/nabijecka-autobaterii-9-stupnu-mikroprocesor-6-12v-4a-element-shop-cz-tovarni-cena-16150\/#primaryimage"},"image":{"@id":"https:\/\/www.domkraftpro.com\/index.php\/produkt\/nabijecka-autobaterii-9-stupnu-mikroprocesor-6-12v-4a-element-shop-cz-tovarni-cena-16150\/#primaryimage"},"thumbnailUrl":"https:\/\/www.domkraftpro.com\/wp-content\/uploads\/2026\/SK0007555-CZ20260425-092522-0-1777080324-119605_rewrite-207093-8897302.webp","datePublished":"2026-04-27T04:41:02+00:00","breadcrumb":{"@id":"https:\/\/www.domkraftpro.com\/index.php\/produkt\/nabijecka-autobaterii-9-stupnu-mikroprocesor-6-12v-4a-element-shop-cz-tovarni-cena-16150\/#breadcrumb"},"inLanguage":"cs","potentialAction":[{"@type":"ReadAction","target":["https:\/\/www.domkraftpro.com\/index.php\/produkt\/nabijecka-autobaterii-9-stupnu-mikroprocesor-6-12v-4a-element-shop-cz-tovarni-cena-16150\/"]}]},{"@type":"ImageObject","inLanguage":"cs","@id":"https:\/\/www.domkraftpro.com\/index.php\/produkt\/nabijecka-autobaterii-9-stupnu-mikroprocesor-6-12v-4a-element-shop-cz-tovarni-cena-16150\/#primaryimage","url":"https:\/\/www.domkraftpro.com\/wp-content\/uploads\/2026\/SK0007555-CZ20260425-092522-0-1777080324-119605_rewrite-207093-8897302.webp","contentUrl":"https:\/\/www.domkraftpro.com\/wp-content\/uploads\/2026\/SK0007555-CZ20260425-092522-0-1777080324-119605_rewrite-207093-8897302.webp","width":1000,"height":750},{"@type":"BreadcrumbList","@id":"https:\/\/www.domkraftpro.com\/index.php\/produkt\/nabijecka-autobaterii-9-stupnu-mikroprocesor-6-12v-4a-element-shop-cz-tovarni-cena-16150\/#breadcrumb","itemListElement":[{"@type":"ListItem","position":1,"name":"Home","item":"https:\/\/www.domkraftpro.com\/"},{"@type":"ListItem","position":2,"name":"Products","item":"https:\/\/www.domkraftpro.com\/index.php\/products\/"},{"@type":"ListItem","position":3,"name":"Nab\u00edje\u010dka autobateri\u00ed, 9 stup\u0148\u016f, mikroprocesor, 6\/12V, 4A, | element-shop.cz Tov\u00e1rn\u00ed Cena"}]},{"@type":"WebSite","@id":"https:\/\/www.domkraftpro.com\/#website","url":"https:\/\/www.domkraftpro.com\/","name":"","description":"","potentialAction":[{"@type":"SearchAction","target":{"@type":"EntryPoint","urlTemplate":"https:\/\/www.domkraftpro.com\/?s={search_term_string}"},"query-input":{"@type":"PropertyValueSpecification","valueRequired":true,"valueName":"search_term_string"}}],"inLanguage":"cs"}]}},"_links":{"self":[{"href":"https:\/\/www.domkraftpro.com\/index.php\/wp-json\/wp\/v2\/product\/16150","targetHints":{"allow":["GET"]}}],"collection":[{"href":"https:\/\/www.domkraftpro.com\/index.php\/wp-json\/wp\/v2\/product"}],"about":[{"href":"https:\/\/www.domkraftpro.com\/index.php\/wp-json\/wp\/v2\/types\/product"}],"replies":[{"embeddable":true,"href":"https:\/\/www.domkraftpro.com\/index.php\/wp-json\/wp\/v2\/comments?post=16150"}],"wp:featuredmedia":[{"embeddable":true,"href":"https:\/\/www.domkraftpro.com\/index.php\/wp-json\/wp\/v2\/media\/16250"}],"wp:attachment":[{"href":"https:\/\/www.domkraftpro.com\/index.php\/wp-json\/wp\/v2\/media?parent=16150"}],"wp:term":[{"taxonomy":"product_brand","embeddable":true,"href":"https:\/\/www.domkraftpro.com\/index.php\/wp-json\/wp\/v2\/product_brand?post=16150"},{"taxonomy":"product_cat","embeddable":true,"href":"https:\/\/www.domkraftpro.com\/index.php\/wp-json\/wp\/v2\/product_cat?post=16150"},{"taxonomy":"product_tag","embeddable":true,"href":"https:\/\/www.domkraftpro.com\/index.php\/wp-json\/wp\/v2\/product_tag?post=16150"}],"curies":[{"name":"wp","href":"https:\/\/api.w.org\/{rel}","templated":true}]}}