{"id":16130,"date":"2026-04-27T04:41:02","date_gmt":"2026-04-27T04:41:02","guid":{"rendered":""},"modified":"2026-04-27T04:41:02","modified_gmt":"2026-04-27T04:41:02","slug":"objednat-nyni-skrabka-na-auto-s-rukavici-23-5cm-strend-pro-element-shop-cz-16130","status":"publish","type":"product","link":"https:\/\/www.domkraftpro.com\/index.php\/produkt\/objednat-nyni-skrabka-na-auto-s-rukavici-23-5cm-strend-pro-element-shop-cz-16130\/","title":{"rendered":"Objednat Nyn\u00ed \u0160krabka na auto s rukavic\u00ed, 23,5cm, STREND PRO | element-shop.cz"},"content":{"rendered":"<div class=\"basic-description\">\n<h3>Detailn\u00ed popis produktu<\/h3>\n<p>                                    Praktick\u00e1 \u0161krabka na led a sn\u00edh vybaven\u00e1 zateplenou rukavic\u00ed, kter\u00e1 udr\u017e\u00ed va\u0161e ruky v teple a suchu i p\u0159i n\u00edzk\u00fdch teplot\u00e1ch.\u2022 rozm\u011bry \u2013 ide\u00e1ln\u00ed velikost pro efektivn\u00ed odstran\u011bn\u00ed ledu a sn\u011bhu\u2022 bezpe\u010dn\u00e1 pro <span class=\"show-tooltip\" title=\"Sklo&amp;nbsp;je homogenn\u00ed,&amp;nbsp;amorfn\u00ed&amp;nbsp;(tj. nekrystalick\u00e1) pevn\u00e1 l\u00e1tka, kter\u00e1 se vyzna\u010duje tvrdost\u00ed, k\u0159ehkost\u00ed a pr\u016fhlednost\u00ed. Hlavn\u00ed slo\u017ekou skla je&amp;nbsp;oxid k\u0159emi\u010dit\u00fd&amp;nbsp;(SiO2) a vyr\u00e1b\u00ed se taven\u00edm k\u0159emi\u010dit\u00e9ho&amp;nbsp;skl\u00e1\u0159sk\u00e9ho&amp;hellip;\">sklo<\/span> \u2013 nepo\u0161kr\u00e1be \u010deln\u00ed sklo ani jin\u00e9 povrchy vozidla\u2022 zateplen\u00e1 rukavice \u2013 chr\u00e1n\u00ed ruky p\u0159ed chladem \u0160\u00ed\u0159ka \u0161krabky: 11 cmCelkov\u00e1 <span class=\"show-tooltip\" title=\"D\u00e9lka&amp;nbsp;je jedna ze z\u00e1kladn\u00edch&amp;nbsp;fyzik\u00e1ln\u00edch veli\u010din. Pomoc\u00ed d\u00e9lky se vyjad\u0159uje vz\u00e1jemn\u00e1 poloha a rozprostran\u011bnost objekt\u016f v prostoru. D\u00e9lka jako fyzik\u00e1ln\u00ed veli\u010dina vych\u00e1z\u00ed z geometrick\u00e9ho pojmu&amp;nbsp;d\u00e9lky&amp;nbsp;jako&amp;nbsp;m\u00edry&amp;nbsp;ohrani\u010den\u00e9&amp;hellip;\">d\u00e9lka<\/span>: 23,5 cmMateri\u00e1l: kvalitn\u00ed <span class=\"show-tooltip\" title=\"Polyestery jsou skupinou syntetick\u00fdch polymer\u016f, kter\u00e9 jsou vyrobeny z ester\u016f. Tyto polymery maj\u00ed \u0161irokou \u0161k\u00e1lu aplikac\u00ed a jsou zn\u00e1m\u00e9 pro svou pevnost, odolnost a odolnost v\u016f\u010di opot\u0159eben\u00ed. Polyesterov\u00e1 vl\u00e1kna a plastov\u00e9 materi\u00e1ly&amp;hellip;\">PES<\/span>, PP, m\u011bkk\u00fd fleece                            <\/div>\n","protected":false},"excerpt":{"rendered":"<p>Detailn\u00ed popis produktu Praktick\u00e1 \u0161krabka na led a sn\u00edh vybaven\u00e1 zateplenou rukavic\u00ed, kter\u00e1 udr\u017e\u00ed va\u0161e ruky v teple a suchu i p\u0159i n\u00edzk\u00fdch teplot\u00e1ch.\u2022 rozm\u011bry \u2013 ide\u00e1ln\u00ed velikost pro efektivn\u00ed odstran\u011bn\u00ed ledu a sn\u011bhu\u2022 bezpe\u010dn\u00e1 pro sklo \u2013 nepo\u0161kr\u00e1be \u010deln\u00ed sklo ani jin\u00e9 povrchy vozidla\u2022 zateplen\u00e1 rukavice \u2013 chr\u00e1n\u00ed ruky p\u0159ed chladem \u0160\u00ed\u0159ka \u0161krabky: 11 [&hellip;]<\/p>\n","protected":false},"featured_media":16230,"comment_status":"open","ping_status":"open","template":"","meta":[],"product_brand":[],"product_cat":[63],"product_tag":[],"class_list":{"0":"post-16130","1":"product","2":"type-product","3":"status-publish","4":"has-post-thumbnail","6":"product_cat-automotive","8":"first","9":"instock","10":"sale","11":"shipping-taxable","12":"purchasable","13":"product-type-simple"},"yoast_head":"<!-- This site is optimized with the Yoast SEO plugin v26.8 - https:\/\/yoast.com\/product\/yoast-seo-wordpress\/ -->\n<title>Objednat Nyn\u00ed \u0160krabka na auto s rukavic\u00ed, 23,5cm, STREND PRO | element-shop.cz -<\/title>\n<meta name=\"robots\" content=\"index, follow, max-snippet:-1, max-image-preview:large, max-video-preview:-1\" \/>\n<link rel=\"canonical\" href=\"https:\/\/www.domkraftpro.com\/index.php\/produkt\/objednat-nyni-skrabka-na-auto-s-rukavici-23-5cm-strend-pro-element-shop-cz-16130\/\" \/>\n<meta property=\"og:locale\" content=\"cs_CZ\" \/>\n<meta property=\"og:type\" content=\"article\" \/>\n<meta property=\"og:title\" content=\"Objednat Nyn\u00ed \u0160krabka na auto s rukavic\u00ed, 23,5cm, STREND PRO | element-shop.cz -\" \/>\n<meta property=\"og:description\" content=\"Detailn\u00ed popis produktu Praktick\u00e1 \u0161krabka na led a sn\u00edh vybaven\u00e1 zateplenou rukavic\u00ed, kter\u00e1 udr\u017e\u00ed va\u0161e ruky v teple a suchu i p\u0159i n\u00edzk\u00fdch teplot\u00e1ch.\u2022 rozm\u011bry \u2013 ide\u00e1ln\u00ed velikost pro efektivn\u00ed odstran\u011bn\u00ed ledu a sn\u011bhu\u2022 bezpe\u010dn\u00e1 pro sklo \u2013 nepo\u0161kr\u00e1be \u010deln\u00ed sklo ani jin\u00e9 povrchy vozidla\u2022 zateplen\u00e1 rukavice \u2013 chr\u00e1n\u00ed ruky p\u0159ed chladem \u0160\u00ed\u0159ka \u0161krabky: 11 [&hellip;]\" \/>\n<meta property=\"og:url\" content=\"https:\/\/www.domkraftpro.com\/index.php\/produkt\/objednat-nyni-skrabka-na-auto-s-rukavici-23-5cm-strend-pro-element-shop-cz-16130\/\" \/>\n<meta property=\"og:image\" content=\"https:\/\/www.domkraftpro.com\/wp-content\/uploads\/2026\/SK0007535-CZ20260425-092522-0-1777080324-118381_rewrite-249585-2220645.webp\" \/>\n\t<meta property=\"og:image:width\" content=\"1000\" \/>\n\t<meta property=\"og:image:height\" content=\"750\" \/>\n\t<meta property=\"og:image:type\" content=\"image\/webp\" \/>\n<meta name=\"twitter:card\" content=\"summary_large_image\" \/>\n<script type=\"application\/ld+json\" class=\"yoast-schema-graph\">{\"@context\":\"https:\/\/schema.org\",\"@graph\":[{\"@type\":\"WebPage\",\"@id\":\"https:\/\/www.domkraftpro.com\/index.php\/produkt\/objednat-nyni-skrabka-na-auto-s-rukavici-23-5cm-strend-pro-element-shop-cz-16130\/\",\"url\":\"https:\/\/www.domkraftpro.com\/index.php\/produkt\/objednat-nyni-skrabka-na-auto-s-rukavici-23-5cm-strend-pro-element-shop-cz-16130\/\",\"name\":\"Objednat Nyn\u00ed \u0160krabka na auto s rukavic\u00ed, 23,5cm, STREND PRO | element-shop.cz -\",\"isPartOf\":{\"@id\":\"https:\/\/www.domkraftpro.com\/#website\"},\"primaryImageOfPage\":{\"@id\":\"https:\/\/www.domkraftpro.com\/index.php\/produkt\/objednat-nyni-skrabka-na-auto-s-rukavici-23-5cm-strend-pro-element-shop-cz-16130\/#primaryimage\"},\"image\":{\"@id\":\"https:\/\/www.domkraftpro.com\/index.php\/produkt\/objednat-nyni-skrabka-na-auto-s-rukavici-23-5cm-strend-pro-element-shop-cz-16130\/#primaryimage\"},\"thumbnailUrl\":\"https:\/\/www.domkraftpro.com\/wp-content\/uploads\/2026\/SK0007535-CZ20260425-092522-0-1777080324-118381_rewrite-249585-2220645.webp\",\"datePublished\":\"2026-04-27T04:41:02+00:00\",\"breadcrumb\":{\"@id\":\"https:\/\/www.domkraftpro.com\/index.php\/produkt\/objednat-nyni-skrabka-na-auto-s-rukavici-23-5cm-strend-pro-element-shop-cz-16130\/#breadcrumb\"},\"inLanguage\":\"cs\",\"potentialAction\":[{\"@type\":\"ReadAction\",\"target\":[\"https:\/\/www.domkraftpro.com\/index.php\/produkt\/objednat-nyni-skrabka-na-auto-s-rukavici-23-5cm-strend-pro-element-shop-cz-16130\/\"]}]},{\"@type\":\"ImageObject\",\"inLanguage\":\"cs\",\"@id\":\"https:\/\/www.domkraftpro.com\/index.php\/produkt\/objednat-nyni-skrabka-na-auto-s-rukavici-23-5cm-strend-pro-element-shop-cz-16130\/#primaryimage\",\"url\":\"https:\/\/www.domkraftpro.com\/wp-content\/uploads\/2026\/SK0007535-CZ20260425-092522-0-1777080324-118381_rewrite-249585-2220645.webp\",\"contentUrl\":\"https:\/\/www.domkraftpro.com\/wp-content\/uploads\/2026\/SK0007535-CZ20260425-092522-0-1777080324-118381_rewrite-249585-2220645.webp\",\"width\":1000,\"height\":750},{\"@type\":\"BreadcrumbList\",\"@id\":\"https:\/\/www.domkraftpro.com\/index.php\/produkt\/objednat-nyni-skrabka-na-auto-s-rukavici-23-5cm-strend-pro-element-shop-cz-16130\/#breadcrumb\",\"itemListElement\":[{\"@type\":\"ListItem\",\"position\":1,\"name\":\"Home\",\"item\":\"https:\/\/www.domkraftpro.com\/\"},{\"@type\":\"ListItem\",\"position\":2,\"name\":\"Products\",\"item\":\"https:\/\/www.domkraftpro.com\/index.php\/products\/\"},{\"@type\":\"ListItem\",\"position\":3,\"name\":\"Objednat Nyn\u00ed \u0160krabka na auto s rukavic\u00ed, 23,5cm, STREND PRO | element-shop.cz\"}]},{\"@type\":\"WebSite\",\"@id\":\"https:\/\/www.domkraftpro.com\/#website\",\"url\":\"https:\/\/www.domkraftpro.com\/\",\"name\":\"\",\"description\":\"\",\"potentialAction\":[{\"@type\":\"SearchAction\",\"target\":{\"@type\":\"EntryPoint\",\"urlTemplate\":\"https:\/\/www.domkraftpro.com\/?s={search_term_string}\"},\"query-input\":{\"@type\":\"PropertyValueSpecification\",\"valueRequired\":true,\"valueName\":\"search_term_string\"}}],\"inLanguage\":\"cs\"}]}<\/script>\n<!-- \/ Yoast SEO plugin. -->","yoast_head_json":{"title":"Objednat Nyn\u00ed \u0160krabka na auto s rukavic\u00ed, 23,5cm, STREND PRO | element-shop.cz -","robots":{"index":"index","follow":"follow","max-snippet":"max-snippet:-1","max-image-preview":"max-image-preview:large","max-video-preview":"max-video-preview:-1"},"canonical":"https:\/\/www.domkraftpro.com\/index.php\/produkt\/objednat-nyni-skrabka-na-auto-s-rukavici-23-5cm-strend-pro-element-shop-cz-16130\/","og_locale":"cs_CZ","og_type":"article","og_title":"Objednat Nyn\u00ed \u0160krabka na auto s rukavic\u00ed, 23,5cm, STREND PRO | element-shop.cz -","og_description":"Detailn\u00ed popis produktu Praktick\u00e1 \u0161krabka na led a sn\u00edh vybaven\u00e1 zateplenou rukavic\u00ed, kter\u00e1 udr\u017e\u00ed va\u0161e ruky v teple a suchu i p\u0159i n\u00edzk\u00fdch teplot\u00e1ch.\u2022 rozm\u011bry \u2013 ide\u00e1ln\u00ed velikost pro efektivn\u00ed odstran\u011bn\u00ed ledu a sn\u011bhu\u2022 bezpe\u010dn\u00e1 pro sklo \u2013 nepo\u0161kr\u00e1be \u010deln\u00ed sklo ani jin\u00e9 povrchy vozidla\u2022 zateplen\u00e1 rukavice \u2013 chr\u00e1n\u00ed ruky p\u0159ed chladem \u0160\u00ed\u0159ka \u0161krabky: 11 [&hellip;]","og_url":"https:\/\/www.domkraftpro.com\/index.php\/produkt\/objednat-nyni-skrabka-na-auto-s-rukavici-23-5cm-strend-pro-element-shop-cz-16130\/","og_image":[{"width":1000,"height":750,"url":"https:\/\/www.domkraftpro.com\/wp-content\/uploads\/2026\/SK0007535-CZ20260425-092522-0-1777080324-118381_rewrite-249585-2220645.webp","type":"image\/webp"}],"twitter_card":"summary_large_image","schema":{"@context":"https:\/\/schema.org","@graph":[{"@type":"WebPage","@id":"https:\/\/www.domkraftpro.com\/index.php\/produkt\/objednat-nyni-skrabka-na-auto-s-rukavici-23-5cm-strend-pro-element-shop-cz-16130\/","url":"https:\/\/www.domkraftpro.com\/index.php\/produkt\/objednat-nyni-skrabka-na-auto-s-rukavici-23-5cm-strend-pro-element-shop-cz-16130\/","name":"Objednat Nyn\u00ed \u0160krabka na auto s rukavic\u00ed, 23,5cm, STREND PRO | element-shop.cz -","isPartOf":{"@id":"https:\/\/www.domkraftpro.com\/#website"},"primaryImageOfPage":{"@id":"https:\/\/www.domkraftpro.com\/index.php\/produkt\/objednat-nyni-skrabka-na-auto-s-rukavici-23-5cm-strend-pro-element-shop-cz-16130\/#primaryimage"},"image":{"@id":"https:\/\/www.domkraftpro.com\/index.php\/produkt\/objednat-nyni-skrabka-na-auto-s-rukavici-23-5cm-strend-pro-element-shop-cz-16130\/#primaryimage"},"thumbnailUrl":"https:\/\/www.domkraftpro.com\/wp-content\/uploads\/2026\/SK0007535-CZ20260425-092522-0-1777080324-118381_rewrite-249585-2220645.webp","datePublished":"2026-04-27T04:41:02+00:00","breadcrumb":{"@id":"https:\/\/www.domkraftpro.com\/index.php\/produkt\/objednat-nyni-skrabka-na-auto-s-rukavici-23-5cm-strend-pro-element-shop-cz-16130\/#breadcrumb"},"inLanguage":"cs","potentialAction":[{"@type":"ReadAction","target":["https:\/\/www.domkraftpro.com\/index.php\/produkt\/objednat-nyni-skrabka-na-auto-s-rukavici-23-5cm-strend-pro-element-shop-cz-16130\/"]}]},{"@type":"ImageObject","inLanguage":"cs","@id":"https:\/\/www.domkraftpro.com\/index.php\/produkt\/objednat-nyni-skrabka-na-auto-s-rukavici-23-5cm-strend-pro-element-shop-cz-16130\/#primaryimage","url":"https:\/\/www.domkraftpro.com\/wp-content\/uploads\/2026\/SK0007535-CZ20260425-092522-0-1777080324-118381_rewrite-249585-2220645.webp","contentUrl":"https:\/\/www.domkraftpro.com\/wp-content\/uploads\/2026\/SK0007535-CZ20260425-092522-0-1777080324-118381_rewrite-249585-2220645.webp","width":1000,"height":750},{"@type":"BreadcrumbList","@id":"https:\/\/www.domkraftpro.com\/index.php\/produkt\/objednat-nyni-skrabka-na-auto-s-rukavici-23-5cm-strend-pro-element-shop-cz-16130\/#breadcrumb","itemListElement":[{"@type":"ListItem","position":1,"name":"Home","item":"https:\/\/www.domkraftpro.com\/"},{"@type":"ListItem","position":2,"name":"Products","item":"https:\/\/www.domkraftpro.com\/index.php\/products\/"},{"@type":"ListItem","position":3,"name":"Objednat Nyn\u00ed \u0160krabka na auto s rukavic\u00ed, 23,5cm, STREND PRO | element-shop.cz"}]},{"@type":"WebSite","@id":"https:\/\/www.domkraftpro.com\/#website","url":"https:\/\/www.domkraftpro.com\/","name":"","description":"","potentialAction":[{"@type":"SearchAction","target":{"@type":"EntryPoint","urlTemplate":"https:\/\/www.domkraftpro.com\/?s={search_term_string}"},"query-input":{"@type":"PropertyValueSpecification","valueRequired":true,"valueName":"search_term_string"}}],"inLanguage":"cs"}]}},"_links":{"self":[{"href":"https:\/\/www.domkraftpro.com\/index.php\/wp-json\/wp\/v2\/product\/16130","targetHints":{"allow":["GET"]}}],"collection":[{"href":"https:\/\/www.domkraftpro.com\/index.php\/wp-json\/wp\/v2\/product"}],"about":[{"href":"https:\/\/www.domkraftpro.com\/index.php\/wp-json\/wp\/v2\/types\/product"}],"replies":[{"embeddable":true,"href":"https:\/\/www.domkraftpro.com\/index.php\/wp-json\/wp\/v2\/comments?post=16130"}],"wp:featuredmedia":[{"embeddable":true,"href":"https:\/\/www.domkraftpro.com\/index.php\/wp-json\/wp\/v2\/media\/16230"}],"wp:attachment":[{"href":"https:\/\/www.domkraftpro.com\/index.php\/wp-json\/wp\/v2\/media?parent=16130"}],"wp:term":[{"taxonomy":"product_brand","embeddable":true,"href":"https:\/\/www.domkraftpro.com\/index.php\/wp-json\/wp\/v2\/product_brand?post=16130"},{"taxonomy":"product_cat","embeddable":true,"href":"https:\/\/www.domkraftpro.com\/index.php\/wp-json\/wp\/v2\/product_cat?post=16130"},{"taxonomy":"product_tag","embeddable":true,"href":"https:\/\/www.domkraftpro.com\/index.php\/wp-json\/wp\/v2\/product_tag?post=16130"}],"curies":[{"name":"wp","href":"https:\/\/api.w.org\/{rel}","templated":true}]}}