{"id":16128,"date":"2026-04-27T04:41:02","date_gmt":"2026-04-27T04:41:02","guid":{"rendered":""},"modified":"2026-04-27T04:41:02","modified_gmt":"2026-04-27T04:41:02","slug":"ihned-k-objednani-skrabka-na-auto-se-smetackem-65cm-alu-strend-pro-element-shop-cz-16128","status":"publish","type":"product","link":"https:\/\/www.domkraftpro.com\/index.php\/produkt\/ihned-k-objednani-skrabka-na-auto-se-smetackem-65cm-alu-strend-pro-element-shop-cz-16128\/","title":{"rendered":"Ihned K Objedn\u00e1n\u00ed \u0160krabka na auto se smet\u00e1\u010dkem, 65cm, ALU, STREND PRO | element-shop.cz"},"content":{"rendered":"<div class=\"basic-description\">\n<h3>Detailn\u00ed popis produktu<\/h3>\n<p>                                    Metli\u010dka s integrovanou \u0161krabkou je ide\u00e1ln\u00ed na jednoduch\u00e9 odstran\u011bn\u00ed sn\u011bhu a ledu z auta. D\u00edky m\u011bkk\u00e9 rukojeti a oto\u010dn\u00e9 360\u00b0 hlav\u011b umo\u017e\u0148uje pohodln\u00e9 pou\u017e\u00edv\u00e1n\u00ed a efektivn\u00ed \u010di\u0161t\u011bn\u00ed bez po\u0161kr\u00e1b\u00e1n\u00ed <span class=\"show-tooltip\" title=\"Sklo&amp;nbsp;je homogenn\u00ed,&amp;nbsp;amorfn\u00ed&amp;nbsp;(tj. nekrystalick\u00e1) pevn\u00e1 l\u00e1tka, kter\u00e1 se vyzna\u010duje tvrdost\u00ed, k\u0159ehkost\u00ed a pr\u016fhlednost\u00ed. Hlavn\u00ed slo\u017ekou skla je&amp;nbsp;oxid k\u0159emi\u010dit\u00fd&amp;nbsp;(SiO2) a vyr\u00e1b\u00ed se taven\u00edm k\u0159emi\u010dit\u00e9ho&amp;nbsp;skl\u00e1\u0159sk\u00e9ho&amp;hellip;\">skla<\/span>.S touto praktickou pom\u016fckou zvl\u00e1dnete zimn\u00ed \u010di\u0161t\u011bn\u00ed auta lehko a bezpe\u010dn\u011b.\u2022 oto\u010dn\u00e1 hlava \u2013 360\u00b0 s <span class=\"show-tooltip\" title=\"D\u00e9lka&amp;nbsp;je jedna ze z\u00e1kladn\u00edch&amp;nbsp;fyzik\u00e1ln\u00edch veli\u010din. Pomoc\u00ed d\u00e9lky se vyjad\u0159uje vz\u00e1jemn\u00e1 poloha a rozprostran\u011bnost objekt\u016f v prostoru. D\u00e9lka jako fyzik\u00e1ln\u00ed veli\u010dina vych\u00e1z\u00ed z geometrick\u00e9ho pojmu&amp;nbsp;d\u00e9lky&amp;nbsp;jako&amp;nbsp;m\u00edry&amp;nbsp;ohrani\u010den\u00e9&amp;hellip;\">d\u00e9lkou<\/span> 24 cm pro lep\u0161\u00ed man\u00e9vrovatelnost\u2022 m\u011bkk\u00e1 rukoje\u0165 \u2013 pohodln\u00e9 a bezpe\u010dn\u00e9 uchopen\u00ed i v chladn\u00e9 po\u010das\u00ed \u2022 materi\u00e1ly \u2013 lehk\u00fd <span class=\"show-tooltip\" title=\"Hlin\u00edk&amp;nbsp;(lat. aluminium) je chemick\u00fd prvek s atomov\u00fdm \u010d\u00edslem 13 a chemick\u00fdm symbolem Al.Pat\u0159\u00ed mezi kovy a je lehk\u00fd, st\u0159\u00edbrn\u00fd a v\u00fdborn\u00fd vodi\u010d tepla i elektrick\u00e9ho proudu.Hlin\u00edk je t\u0159et\u00edm nej\u010dast\u011bji se vyskytuj\u00edc\u00edm prvkem v zemsk\u00e9 k\u016f\u0159e, a\u010dkoliv&amp;hellip;\">hlin\u00edk<\/span> a odoln\u00fd <span class=\"show-tooltip\" title=\"Plastyn\u011bkdy tak\u00e9 naz\u00fdvan\u00e9 plastick\u00e9 \u010di um\u011bl\u00e9 hmoty, p\u0159edstavuj\u00ed \u0161irokou \u0161k\u00e1lu syntetick\u00fdch nebo \u010d\u00e1ste\u010dn\u011b syntetick\u00fdch organick\u00fdch slou\u010denin a polymern\u00edch materi\u00e1l\u016f. \u010casto obsahuj\u00ed p\u0159\u00edsady zlep\u0161uj\u00edc\u00ed jejich funk\u010dn\u00ed vlastnosti, nap\u0159\u00edklad&amp;hellip;\">plast<\/span>, kotr\u00fd nepo\u0161kr\u00e1be sklo \u0160\u00ed\u0159ka \u0161krabky: 11 cm\u0160\u00ed\u0159ka ko\u0161\u0165\u00e1tka: 24 cmMateri\u00e1l: hlin\u00edk + odoln\u00fd plastCelkov\u00e1 d\u00e9lka: 65 cm<span class=\"show-tooltip\" title=\"Hmotnost&amp;nbsp;je d\u016fle\u017eit\u00e1 fyzik\u00e1ln\u00ed veli\u010dina, aditivn\u00ed vlastnost&amp;nbsp;hmoty&amp;nbsp;(tedy vlastnost jednotliv\u00fdch hmotn\u00fdch&amp;nbsp;t\u011bles), kter\u00e1 vyjad\u0159uje m\u00edru&amp;nbsp;setrva\u010dn\u00fdch&amp;nbsp;\u00fa\u010dink\u016f \u010di m\u00edru&amp;nbsp;gravita\u010dn\u00edch&amp;nbsp;\u00fa\u010dink\u016f hmoty. Ekvivalence setrva\u010dn\u00fdch&amp;hellip;\">Hmotnost<\/span>: 375 g                            <\/div>\n","protected":false},"excerpt":{"rendered":"<p>Detailn\u00ed popis produktu Metli\u010dka s integrovanou \u0161krabkou je ide\u00e1ln\u00ed na jednoduch\u00e9 odstran\u011bn\u00ed sn\u011bhu a ledu z auta. D\u00edky m\u011bkk\u00e9 rukojeti a oto\u010dn\u00e9 360\u00b0 hlav\u011b umo\u017e\u0148uje pohodln\u00e9 pou\u017e\u00edv\u00e1n\u00ed a efektivn\u00ed \u010di\u0161t\u011bn\u00ed bez po\u0161kr\u00e1b\u00e1n\u00ed skla.S touto praktickou pom\u016fckou zvl\u00e1dnete zimn\u00ed \u010di\u0161t\u011bn\u00ed auta lehko a bezpe\u010dn\u011b.\u2022 oto\u010dn\u00e1 hlava \u2013 360\u00b0 s d\u00e9lkou 24 cm pro lep\u0161\u00ed man\u00e9vrovatelnost\u2022 m\u011bkk\u00e1 [&hellip;]<\/p>\n","protected":false},"featured_media":16228,"comment_status":"open","ping_status":"open","template":"","meta":[],"product_brand":[],"product_cat":[63],"product_tag":[],"class_list":{"0":"post-16128","1":"product","2":"type-product","3":"status-publish","4":"has-post-thumbnail","6":"product_cat-automotive","8":"first","9":"instock","10":"sale","11":"shipping-taxable","12":"purchasable","13":"product-type-simple"},"yoast_head":"<!-- This site is optimized with the Yoast SEO plugin v26.8 - https:\/\/yoast.com\/product\/yoast-seo-wordpress\/ -->\n<title>Ihned K Objedn\u00e1n\u00ed \u0160krabka na auto se smet\u00e1\u010dkem, 65cm, ALU, STREND PRO | element-shop.cz -<\/title>\n<meta name=\"robots\" content=\"index, follow, max-snippet:-1, max-image-preview:large, max-video-preview:-1\" \/>\n<link rel=\"canonical\" href=\"https:\/\/www.domkraftpro.com\/index.php\/produkt\/ihned-k-objednani-skrabka-na-auto-se-smetackem-65cm-alu-strend-pro-element-shop-cz-16128\/\" \/>\n<meta property=\"og:locale\" content=\"cs_CZ\" \/>\n<meta property=\"og:type\" content=\"article\" \/>\n<meta property=\"og:title\" content=\"Ihned K Objedn\u00e1n\u00ed \u0160krabka na auto se smet\u00e1\u010dkem, 65cm, ALU, STREND PRO | element-shop.cz -\" \/>\n<meta property=\"og:description\" content=\"Detailn\u00ed popis produktu Metli\u010dka s integrovanou \u0161krabkou je ide\u00e1ln\u00ed na jednoduch\u00e9 odstran\u011bn\u00ed sn\u011bhu a ledu z auta. D\u00edky m\u011bkk\u00e9 rukojeti a oto\u010dn\u00e9 360\u00b0 hlav\u011b umo\u017e\u0148uje pohodln\u00e9 pou\u017e\u00edv\u00e1n\u00ed a efektivn\u00ed \u010di\u0161t\u011bn\u00ed bez po\u0161kr\u00e1b\u00e1n\u00ed skla.S touto praktickou pom\u016fckou zvl\u00e1dnete zimn\u00ed \u010di\u0161t\u011bn\u00ed auta lehko a bezpe\u010dn\u011b.\u2022 oto\u010dn\u00e1 hlava \u2013 360\u00b0 s d\u00e9lkou 24 cm pro lep\u0161\u00ed man\u00e9vrovatelnost\u2022 m\u011bkk\u00e1 [&hellip;]\" \/>\n<meta property=\"og:url\" content=\"https:\/\/www.domkraftpro.com\/index.php\/produkt\/ihned-k-objednani-skrabka-na-auto-se-smetackem-65cm-alu-strend-pro-element-shop-cz-16128\/\" \/>\n<meta property=\"og:image\" content=\"https:\/\/www.domkraftpro.com\/wp-content\/uploads\/2026\/SK0007533-CZ20260425-092522-0-1777080324-118375_rewrite-100276-2220643.webp\" \/>\n\t<meta property=\"og:image:width\" content=\"1000\" \/>\n\t<meta property=\"og:image:height\" content=\"750\" \/>\n\t<meta property=\"og:image:type\" content=\"image\/webp\" \/>\n<meta name=\"twitter:card\" content=\"summary_large_image\" \/>\n<meta name=\"twitter:label1\" content=\"Odhadovan\u00e1 doba \u010dten\u00ed\" \/>\n\t<meta name=\"twitter:data1\" content=\"1 minuta\" \/>\n<script type=\"application\/ld+json\" class=\"yoast-schema-graph\">{\"@context\":\"https:\/\/schema.org\",\"@graph\":[{\"@type\":\"WebPage\",\"@id\":\"https:\/\/www.domkraftpro.com\/index.php\/produkt\/ihned-k-objednani-skrabka-na-auto-se-smetackem-65cm-alu-strend-pro-element-shop-cz-16128\/\",\"url\":\"https:\/\/www.domkraftpro.com\/index.php\/produkt\/ihned-k-objednani-skrabka-na-auto-se-smetackem-65cm-alu-strend-pro-element-shop-cz-16128\/\",\"name\":\"Ihned K Objedn\u00e1n\u00ed \u0160krabka na auto se smet\u00e1\u010dkem, 65cm, ALU, STREND PRO | element-shop.cz -\",\"isPartOf\":{\"@id\":\"https:\/\/www.domkraftpro.com\/#website\"},\"primaryImageOfPage\":{\"@id\":\"https:\/\/www.domkraftpro.com\/index.php\/produkt\/ihned-k-objednani-skrabka-na-auto-se-smetackem-65cm-alu-strend-pro-element-shop-cz-16128\/#primaryimage\"},\"image\":{\"@id\":\"https:\/\/www.domkraftpro.com\/index.php\/produkt\/ihned-k-objednani-skrabka-na-auto-se-smetackem-65cm-alu-strend-pro-element-shop-cz-16128\/#primaryimage\"},\"thumbnailUrl\":\"https:\/\/www.domkraftpro.com\/wp-content\/uploads\/2026\/SK0007533-CZ20260425-092522-0-1777080324-118375_rewrite-100276-2220643.webp\",\"datePublished\":\"2026-04-27T04:41:02+00:00\",\"breadcrumb\":{\"@id\":\"https:\/\/www.domkraftpro.com\/index.php\/produkt\/ihned-k-objednani-skrabka-na-auto-se-smetackem-65cm-alu-strend-pro-element-shop-cz-16128\/#breadcrumb\"},\"inLanguage\":\"cs\",\"potentialAction\":[{\"@type\":\"ReadAction\",\"target\":[\"https:\/\/www.domkraftpro.com\/index.php\/produkt\/ihned-k-objednani-skrabka-na-auto-se-smetackem-65cm-alu-strend-pro-element-shop-cz-16128\/\"]}]},{\"@type\":\"ImageObject\",\"inLanguage\":\"cs\",\"@id\":\"https:\/\/www.domkraftpro.com\/index.php\/produkt\/ihned-k-objednani-skrabka-na-auto-se-smetackem-65cm-alu-strend-pro-element-shop-cz-16128\/#primaryimage\",\"url\":\"https:\/\/www.domkraftpro.com\/wp-content\/uploads\/2026\/SK0007533-CZ20260425-092522-0-1777080324-118375_rewrite-100276-2220643.webp\",\"contentUrl\":\"https:\/\/www.domkraftpro.com\/wp-content\/uploads\/2026\/SK0007533-CZ20260425-092522-0-1777080324-118375_rewrite-100276-2220643.webp\",\"width\":1000,\"height\":750},{\"@type\":\"BreadcrumbList\",\"@id\":\"https:\/\/www.domkraftpro.com\/index.php\/produkt\/ihned-k-objednani-skrabka-na-auto-se-smetackem-65cm-alu-strend-pro-element-shop-cz-16128\/#breadcrumb\",\"itemListElement\":[{\"@type\":\"ListItem\",\"position\":1,\"name\":\"Home\",\"item\":\"https:\/\/www.domkraftpro.com\/\"},{\"@type\":\"ListItem\",\"position\":2,\"name\":\"Products\",\"item\":\"https:\/\/www.domkraftpro.com\/index.php\/products\/\"},{\"@type\":\"ListItem\",\"position\":3,\"name\":\"Ihned K Objedn\u00e1n\u00ed \u0160krabka na auto se smet\u00e1\u010dkem, 65cm, ALU, STREND PRO | element-shop.cz\"}]},{\"@type\":\"WebSite\",\"@id\":\"https:\/\/www.domkraftpro.com\/#website\",\"url\":\"https:\/\/www.domkraftpro.com\/\",\"name\":\"\",\"description\":\"\",\"potentialAction\":[{\"@type\":\"SearchAction\",\"target\":{\"@type\":\"EntryPoint\",\"urlTemplate\":\"https:\/\/www.domkraftpro.com\/?s={search_term_string}\"},\"query-input\":{\"@type\":\"PropertyValueSpecification\",\"valueRequired\":true,\"valueName\":\"search_term_string\"}}],\"inLanguage\":\"cs\"}]}<\/script>\n<!-- \/ Yoast SEO plugin. -->","yoast_head_json":{"title":"Ihned K Objedn\u00e1n\u00ed \u0160krabka na auto se smet\u00e1\u010dkem, 65cm, ALU, STREND PRO | element-shop.cz -","robots":{"index":"index","follow":"follow","max-snippet":"max-snippet:-1","max-image-preview":"max-image-preview:large","max-video-preview":"max-video-preview:-1"},"canonical":"https:\/\/www.domkraftpro.com\/index.php\/produkt\/ihned-k-objednani-skrabka-na-auto-se-smetackem-65cm-alu-strend-pro-element-shop-cz-16128\/","og_locale":"cs_CZ","og_type":"article","og_title":"Ihned K Objedn\u00e1n\u00ed \u0160krabka na auto se smet\u00e1\u010dkem, 65cm, ALU, STREND PRO | element-shop.cz -","og_description":"Detailn\u00ed popis produktu Metli\u010dka s integrovanou \u0161krabkou je ide\u00e1ln\u00ed na jednoduch\u00e9 odstran\u011bn\u00ed sn\u011bhu a ledu z auta. D\u00edky m\u011bkk\u00e9 rukojeti a oto\u010dn\u00e9 360\u00b0 hlav\u011b umo\u017e\u0148uje pohodln\u00e9 pou\u017e\u00edv\u00e1n\u00ed a efektivn\u00ed \u010di\u0161t\u011bn\u00ed bez po\u0161kr\u00e1b\u00e1n\u00ed skla.S touto praktickou pom\u016fckou zvl\u00e1dnete zimn\u00ed \u010di\u0161t\u011bn\u00ed auta lehko a bezpe\u010dn\u011b.\u2022 oto\u010dn\u00e1 hlava \u2013 360\u00b0 s d\u00e9lkou 24 cm pro lep\u0161\u00ed man\u00e9vrovatelnost\u2022 m\u011bkk\u00e1 [&hellip;]","og_url":"https:\/\/www.domkraftpro.com\/index.php\/produkt\/ihned-k-objednani-skrabka-na-auto-se-smetackem-65cm-alu-strend-pro-element-shop-cz-16128\/","og_image":[{"width":1000,"height":750,"url":"https:\/\/www.domkraftpro.com\/wp-content\/uploads\/2026\/SK0007533-CZ20260425-092522-0-1777080324-118375_rewrite-100276-2220643.webp","type":"image\/webp"}],"twitter_card":"summary_large_image","twitter_misc":{"Odhadovan\u00e1 doba \u010dten\u00ed":"1 minuta"},"schema":{"@context":"https:\/\/schema.org","@graph":[{"@type":"WebPage","@id":"https:\/\/www.domkraftpro.com\/index.php\/produkt\/ihned-k-objednani-skrabka-na-auto-se-smetackem-65cm-alu-strend-pro-element-shop-cz-16128\/","url":"https:\/\/www.domkraftpro.com\/index.php\/produkt\/ihned-k-objednani-skrabka-na-auto-se-smetackem-65cm-alu-strend-pro-element-shop-cz-16128\/","name":"Ihned K Objedn\u00e1n\u00ed \u0160krabka na auto se smet\u00e1\u010dkem, 65cm, ALU, STREND PRO | element-shop.cz -","isPartOf":{"@id":"https:\/\/www.domkraftpro.com\/#website"},"primaryImageOfPage":{"@id":"https:\/\/www.domkraftpro.com\/index.php\/produkt\/ihned-k-objednani-skrabka-na-auto-se-smetackem-65cm-alu-strend-pro-element-shop-cz-16128\/#primaryimage"},"image":{"@id":"https:\/\/www.domkraftpro.com\/index.php\/produkt\/ihned-k-objednani-skrabka-na-auto-se-smetackem-65cm-alu-strend-pro-element-shop-cz-16128\/#primaryimage"},"thumbnailUrl":"https:\/\/www.domkraftpro.com\/wp-content\/uploads\/2026\/SK0007533-CZ20260425-092522-0-1777080324-118375_rewrite-100276-2220643.webp","datePublished":"2026-04-27T04:41:02+00:00","breadcrumb":{"@id":"https:\/\/www.domkraftpro.com\/index.php\/produkt\/ihned-k-objednani-skrabka-na-auto-se-smetackem-65cm-alu-strend-pro-element-shop-cz-16128\/#breadcrumb"},"inLanguage":"cs","potentialAction":[{"@type":"ReadAction","target":["https:\/\/www.domkraftpro.com\/index.php\/produkt\/ihned-k-objednani-skrabka-na-auto-se-smetackem-65cm-alu-strend-pro-element-shop-cz-16128\/"]}]},{"@type":"ImageObject","inLanguage":"cs","@id":"https:\/\/www.domkraftpro.com\/index.php\/produkt\/ihned-k-objednani-skrabka-na-auto-se-smetackem-65cm-alu-strend-pro-element-shop-cz-16128\/#primaryimage","url":"https:\/\/www.domkraftpro.com\/wp-content\/uploads\/2026\/SK0007533-CZ20260425-092522-0-1777080324-118375_rewrite-100276-2220643.webp","contentUrl":"https:\/\/www.domkraftpro.com\/wp-content\/uploads\/2026\/SK0007533-CZ20260425-092522-0-1777080324-118375_rewrite-100276-2220643.webp","width":1000,"height":750},{"@type":"BreadcrumbList","@id":"https:\/\/www.domkraftpro.com\/index.php\/produkt\/ihned-k-objednani-skrabka-na-auto-se-smetackem-65cm-alu-strend-pro-element-shop-cz-16128\/#breadcrumb","itemListElement":[{"@type":"ListItem","position":1,"name":"Home","item":"https:\/\/www.domkraftpro.com\/"},{"@type":"ListItem","position":2,"name":"Products","item":"https:\/\/www.domkraftpro.com\/index.php\/products\/"},{"@type":"ListItem","position":3,"name":"Ihned K Objedn\u00e1n\u00ed \u0160krabka na auto se smet\u00e1\u010dkem, 65cm, ALU, STREND PRO | element-shop.cz"}]},{"@type":"WebSite","@id":"https:\/\/www.domkraftpro.com\/#website","url":"https:\/\/www.domkraftpro.com\/","name":"","description":"","potentialAction":[{"@type":"SearchAction","target":{"@type":"EntryPoint","urlTemplate":"https:\/\/www.domkraftpro.com\/?s={search_term_string}"},"query-input":{"@type":"PropertyValueSpecification","valueRequired":true,"valueName":"search_term_string"}}],"inLanguage":"cs"}]}},"_links":{"self":[{"href":"https:\/\/www.domkraftpro.com\/index.php\/wp-json\/wp\/v2\/product\/16128","targetHints":{"allow":["GET"]}}],"collection":[{"href":"https:\/\/www.domkraftpro.com\/index.php\/wp-json\/wp\/v2\/product"}],"about":[{"href":"https:\/\/www.domkraftpro.com\/index.php\/wp-json\/wp\/v2\/types\/product"}],"replies":[{"embeddable":true,"href":"https:\/\/www.domkraftpro.com\/index.php\/wp-json\/wp\/v2\/comments?post=16128"}],"wp:featuredmedia":[{"embeddable":true,"href":"https:\/\/www.domkraftpro.com\/index.php\/wp-json\/wp\/v2\/media\/16228"}],"wp:attachment":[{"href":"https:\/\/www.domkraftpro.com\/index.php\/wp-json\/wp\/v2\/media?parent=16128"}],"wp:term":[{"taxonomy":"product_brand","embeddable":true,"href":"https:\/\/www.domkraftpro.com\/index.php\/wp-json\/wp\/v2\/product_brand?post=16128"},{"taxonomy":"product_cat","embeddable":true,"href":"https:\/\/www.domkraftpro.com\/index.php\/wp-json\/wp\/v2\/product_cat?post=16128"},{"taxonomy":"product_tag","embeddable":true,"href":"https:\/\/www.domkraftpro.com\/index.php\/wp-json\/wp\/v2\/product_tag?post=16128"}],"curies":[{"name":"wp","href":"https:\/\/api.w.org\/{rel}","templated":true}]}}