{"id":16101,"date":"2026-04-27T04:41:02","date_gmt":"2026-04-27T04:41:02","guid":{"rendered":""},"modified":"2026-04-27T04:41:02","modified_gmt":"2026-04-27T04:41:02","slug":"finalni-vyprodej-worcraft-r-nabijecka-autobaterii-bc-219-12-24-v-20-a-element-shop-cz-16101","status":"publish","type":"product","link":"https:\/\/www.domkraftpro.com\/index.php\/produkt\/finalni-vyprodej-worcraft-r-nabijecka-autobaterii-bc-219-12-24-v-20-a-element-shop-cz-16101\/","title":{"rendered":"Fin\u00e1ln\u00ed V\u00fdprodej WORCRAFT\u00ae Nab\u00edje\u010dka autobateri\u00ed BC-219, 12\/24 V, 20 A | element-shop.cz"},"content":{"rendered":"<div class=\"basic-description\">\n<h3>Detailn\u00ed popis produktu<\/h3>\n<div>Nab\u00edje\u010dka autobateri\u00ed Worcraft BC-219 je inteligentn\u00ed \u0159e\u0161en\u00ed pro spolehliv\u00e9 nab\u00edjen\u00ed.<\/div>\n<div>Je ide\u00e1ln\u00ed pro efektivn\u00ed a bezpe\u010dn\u00e9 nab\u00edjen\u00ed r\u016fzn\u00fdch typ\u016f 12 V a 24 V <span class=\"show-tooltip\" title=\"Olovo je chemick\u00fd prvek se symboly Pb (z latinsk\u00e9ho plumbum) a atomov\u00fdm \u010d\u00edslem 82.Je to t\u011b\u017ek\u00fd kov, kter\u00fd m\u00e1 m\u011bkkou a ohebnou texturu.&amp;nbsp;M\u00e1 relativn\u011b n\u00edzkou&amp;nbsp;teplotu t\u00e1n\u00ed,&amp;nbsp;je dob\u0159e kujn\u00fd i p\u0159i&amp;nbsp;pokojov\u00e9 teplot\u011b&amp;nbsp;a odoln\u00fd v\u016f\u010di&amp;hellip;\">olov\u011bn\u00fdch<\/span> a VRLA bez\u00fadr\u017ebov\u00fdch bateri\u00ed (gelov\u00fdch a AGM).<\/div>\n<div>Tento model je vhodn\u00fd pro osobn\u00ed automobily, motocykly, dod\u00e1vky, traktory a n\u00e1kladn\u00ed vozidla.<\/div>\n<div>Poskytuje \u0161irokou \u0161k\u00e1lu v\u00fdstupn\u00edch proud\u016f a intuitivn\u00ed ovl\u00e1d\u00e1n\u00ed pro ka\u017edodenn\u00ed u\u017e\u00edv\u00e1n\u00ed.<\/div>\n<div>&nbsp;<\/div>\n<div>Hlavn\u00ed p\u0159ednosti:<\/div>\n<div>\u2022Inteligentn\u00ed nastaven\u00ed <span class=\"show-tooltip\" title=\"Nap\u011bt\u00ed, tak\u00e9 naz\u00fdvan\u00e9 elektrick\u00e9 nap\u011bt\u00ed, je fyzik\u00e1ln\u00ed veli\u010dina, kter\u00e1 vyjad\u0159uje potenci\u00e1ln\u00ed rozd\u00edl mezi dv\u011bma body v elektrick\u00e9m obvodu. Jedn\u00e1 se o skal\u00e1rn\u00ed veli\u010dinu, co\u017e znamen\u00e1, \u017ee m\u00e1 pouze velikost a nem\u00e1 sm\u011br.Nap\u011bt\u00ed je zp\u016fsobeno rozd\u00edlem&amp;hellip;\">nap\u011bt\u00ed<\/span>: v\u00fdstupn\u00ed nap\u011bt\u00ed 12\/24 V pro p\u0159izp\u016fsoben\u00ed podle typu <span class=\"show-tooltip\" title=\"Akumul\u00e1tor je za\u0159\u00edzen\u00ed slou\u017e\u00edc\u00ed k uchov\u00e1v\u00e1n\u00ed elektrick\u00e9 energie.&amp;nbsp;\u058d Jeho hlavn\u00ed funkc\u00ed je p\u0159em\u011bnit elektrickou energii do chemick\u00e9 energie b\u011bhem nab\u00edjen\u00ed a n\u00e1sledn\u011b zp\u011bt na elektrickou energii b\u011bhem vyb\u00edjen\u00ed.\u058d Akumul\u00e1tory jsou \u0161iroce&amp;hellip;\">akumul\u00e1toru<\/span><\/div>\n<div>\u2022\u0160irok\u00fd rozsah v\u00fdstupn\u00edho proudu: 5\/10\/15\/20 A pro 12 V baterie, 5\/10 A pro 24 V baterie<\/div>\n<div>\u2022Velk\u00e1 <span class=\"show-tooltip\" title=\"Objem je fyzik\u00e1ln\u00ed veli\u010dina, kter\u00e1 vyjad\u0159uje prostor obsazen\u00fd t\u011blesem. Objem se zpravidla m\u011b\u0159\u00ed v krychlov\u00fdch jednotk\u00e1ch, nap\u0159\u00edklad krychlov\u00e9 metry (m\u00b3) nebo krychlov\u00e9 centimetry (cm\u00b3). Objem lze vypo\u010d\u00edtat r\u016fzn\u00fdmi zp\u016fsoby, v z\u00e1vislosti na&amp;hellip;\">kapacita<\/span> nab\u00edjen\u00ed: podporuje akumul\u00e1tory s kapacitou od 10 do 300 Ah<\/div>\n<div>\u2022Rozm\u011bry: kompaktn\u00ed <span class=\"show-tooltip\" title=\"Design je proces tvorby a uspo\u0159\u00e1d\u00e1n\u00ed prvk\u016f tak, aby vytvo\u0159ily n\u011bco s ur\u010dit\u00fdm \u00fa\u010delem nebo estetick\u00fdm dojmem. Term\u00edn &quot;design&quot; se pou\u017e\u00edv\u00e1 v r\u016fzn\u00fdch kontextech a odv\u011btv\u00edch, a m\u016f\u017ee se t\u00fdkat n\u00e1vrhu v\u00fdrobk\u016f, grafick\u00e9ho designu, interi\u00e9rov\u00e9ho designu,&amp;hellip;\">design<\/span>, pohodln\u00e1 manipulace a skladov\u00e1n\u00ed<\/div>\n<div>\u2022<span class=\"show-tooltip\" title=\"Teplota&amp;nbsp;je charakteristika tepeln\u00e9ho&amp;nbsp;stavu&amp;nbsp;hmoty. Je to jedna z nejd\u016fle\u017eit\u011bj\u0161\u00edch fyzik\u00e1ln\u00edch veli\u010din. Teplota ovliv\u0148uje aktivitu (energii) ve\u0161ker\u00fdch \u010d\u00e1stic ve vesm\u00edru a zp\u016fsobuje zm\u011bnu rozm\u011br\u016f, tvaru&amp;hellip;\">Teplotn\u00ed<\/span> rozsah pou\u017eit\u00ed: funguje spolehliv\u011b v prost\u0159ed\u00ed od -10\u00b0C do +40\u00b0C<\/div>\n<div>\u2022<span class=\"show-tooltip\" title=\"Zna\u010den\u00ed IP (Ingress Protection)&amp;nbsp;- Stupe\u0148 kryt\u00ed, t\u0159\u00edda ochrany, nebo tak\u00e9 Kryt\u00ed IP - ud\u00e1v\u00e1 \u00farove\u0148 ochrany elektrick\u00fdch za\u0159\u00edzen\u00ed p\u0159ed vniknut\u00edm ciz\u00edch p\u0159edm\u011bt\u016f, vodou a nebezpe\u010dn\u00fdm dotykem.&amp;nbsp;\u2743 Toto kryt\u00ed je standardizov\u00e1no podle&amp;hellip;\">T\u0159\u00edda ochrany<\/span> IP20: zabezpe\u010duje z\u00e1kladn\u00ed ochranu pro b\u011b\u017en\u00e9 podm\u00ednky<\/div>\n<div>\u2022Nap\u00e1jen\u00ed: 230 V \/ 50 Hz, <span class=\"show-tooltip\" title=\"D\u00e9lka&amp;nbsp;je jedna ze z\u00e1kladn\u00edch&amp;nbsp;fyzik\u00e1ln\u00edch veli\u010din. Pomoc\u00ed d\u00e9lky se vyjad\u0159uje vz\u00e1jemn\u00e1 poloha a rozprostran\u011bnost objekt\u016f v prostoru. D\u00e9lka jako fyzik\u00e1ln\u00ed veli\u010dina vych\u00e1z\u00ed z geometrick\u00e9ho pojmu&amp;nbsp;d\u00e9lky&amp;nbsp;jako&amp;nbsp;m\u00edry&amp;nbsp;ohrani\u010den\u00e9&amp;hellip;\">d\u00e9lka<\/span> nap\u00e1jec\u00edho kabelu 1,6 m.<\/div>\n<div>&nbsp;<\/div>\n<div>Vstupn\u00ed nap\u011bt\u00ed (nap\u00e1jen\u00ed): 230 V<\/div>\n<div>V\u00fdstupn\u00ed nap\u011bt\u00ed: 12 \/ 24 V<\/div>\n<div>Nab\u00edjec\u00ed proud 12 V: 5 \/ 10 \/ 15 \/ 20 A<\/div>\n<div>Nab\u00edjec\u00ed proud 24 V: 5 \/ 10 A<\/div>\n<div><span class=\"show-tooltip\" title=\"Hmotnost&amp;nbsp;je d\u016fle\u017eit\u00e1 fyzik\u00e1ln\u00ed veli\u010dina, aditivn\u00ed vlastnost&amp;nbsp;hmoty&amp;nbsp;(tedy vlastnost jednotliv\u00fdch hmotn\u00fdch&amp;nbsp;t\u011bles), kter\u00e1 vyjad\u0159uje m\u00edru&amp;nbsp;setrva\u010dn\u00fdch&amp;nbsp;\u00fa\u010dink\u016f \u010di m\u00edru&amp;nbsp;gravita\u010dn\u00edch&amp;nbsp;\u00fa\u010dink\u016f hmoty. Ekvivalence setrva\u010dn\u00fdch&amp;hellip;\">Hmotnost<\/span>: 1,7 kg<\/div>\n<\/p><\/div>\n","protected":false},"excerpt":{"rendered":"<p>Detailn\u00ed popis produktu Nab\u00edje\u010dka autobateri\u00ed Worcraft BC-219 je inteligentn\u00ed \u0159e\u0161en\u00ed pro spolehliv\u00e9 nab\u00edjen\u00ed. Je ide\u00e1ln\u00ed pro efektivn\u00ed a bezpe\u010dn\u00e9 nab\u00edjen\u00ed r\u016fzn\u00fdch typ\u016f 12 V a 24 V olov\u011bn\u00fdch a VRLA bez\u00fadr\u017ebov\u00fdch bateri\u00ed (gelov\u00fdch a AGM). Tento model je vhodn\u00fd pro osobn\u00ed automobily, motocykly, dod\u00e1vky, traktory a n\u00e1kladn\u00ed vozidla. Poskytuje \u0161irokou \u0161k\u00e1lu v\u00fdstupn\u00edch proud\u016f a intuitivn\u00ed [&hellip;]<\/p>\n","protected":false},"featured_media":16201,"comment_status":"open","ping_status":"open","template":"","meta":[],"product_brand":[],"product_cat":[63],"product_tag":[],"class_list":{"0":"post-16101","1":"product","2":"type-product","3":"status-publish","4":"has-post-thumbnail","6":"product_cat-automotive","8":"first","9":"instock","10":"sale","11":"shipping-taxable","12":"purchasable","13":"product-type-simple"},"yoast_head":"<!-- This site is optimized with the Yoast SEO plugin v26.8 - https:\/\/yoast.com\/product\/yoast-seo-wordpress\/ -->\n<title>Fin\u00e1ln\u00ed V\u00fdprodej WORCRAFT\u00ae Nab\u00edje\u010dka autobateri\u00ed BC-219, 12\/24 V, 20 A | element-shop.cz -<\/title>\n<meta name=\"robots\" content=\"index, follow, max-snippet:-1, max-image-preview:large, max-video-preview:-1\" \/>\n<link rel=\"canonical\" href=\"https:\/\/www.domkraftpro.com\/index.php\/produkt\/finalni-vyprodej-worcraft-r-nabijecka-autobaterii-bc-219-12-24-v-20-a-element-shop-cz-16101\/\" \/>\n<meta property=\"og:locale\" content=\"cs_CZ\" \/>\n<meta property=\"og:type\" content=\"article\" \/>\n<meta property=\"og:title\" content=\"Fin\u00e1ln\u00ed V\u00fdprodej WORCRAFT\u00ae Nab\u00edje\u010dka autobateri\u00ed BC-219, 12\/24 V, 20 A | element-shop.cz -\" \/>\n<meta property=\"og:description\" content=\"Detailn\u00ed popis produktu Nab\u00edje\u010dka autobateri\u00ed Worcraft BC-219 je inteligentn\u00ed \u0159e\u0161en\u00ed pro spolehliv\u00e9 nab\u00edjen\u00ed. Je ide\u00e1ln\u00ed pro efektivn\u00ed a bezpe\u010dn\u00e9 nab\u00edjen\u00ed r\u016fzn\u00fdch typ\u016f 12 V a 24 V olov\u011bn\u00fdch a VRLA bez\u00fadr\u017ebov\u00fdch bateri\u00ed (gelov\u00fdch a AGM). Tento model je vhodn\u00fd pro osobn\u00ed automobily, motocykly, dod\u00e1vky, traktory a n\u00e1kladn\u00ed vozidla. Poskytuje \u0161irokou \u0161k\u00e1lu v\u00fdstupn\u00edch proud\u016f a intuitivn\u00ed [&hellip;]\" \/>\n<meta property=\"og:url\" content=\"https:\/\/www.domkraftpro.com\/index.php\/produkt\/finalni-vyprodej-worcraft-r-nabijecka-autobaterii-bc-219-12-24-v-20-a-element-shop-cz-16101\/\" \/>\n<meta property=\"og:image\" content=\"https:\/\/www.domkraftpro.com\/wp-content\/uploads\/2026\/SK0007506-CZ20260425-092522-0-1777080324-118261_rewrite-355805-116813.webp\" \/>\n\t<meta property=\"og:image:width\" content=\"1000\" \/>\n\t<meta property=\"og:image:height\" content=\"750\" \/>\n\t<meta property=\"og:image:type\" content=\"image\/webp\" \/>\n<meta name=\"twitter:card\" content=\"summary_large_image\" \/>\n<meta name=\"twitter:label1\" content=\"Odhadovan\u00e1 doba \u010dten\u00ed\" \/>\n\t<meta name=\"twitter:data1\" content=\"1 minuta\" \/>\n<script type=\"application\/ld+json\" class=\"yoast-schema-graph\">{\"@context\":\"https:\/\/schema.org\",\"@graph\":[{\"@type\":\"WebPage\",\"@id\":\"https:\/\/www.domkraftpro.com\/index.php\/produkt\/finalni-vyprodej-worcraft-r-nabijecka-autobaterii-bc-219-12-24-v-20-a-element-shop-cz-16101\/\",\"url\":\"https:\/\/www.domkraftpro.com\/index.php\/produkt\/finalni-vyprodej-worcraft-r-nabijecka-autobaterii-bc-219-12-24-v-20-a-element-shop-cz-16101\/\",\"name\":\"Fin\u00e1ln\u00ed V\u00fdprodej WORCRAFT\u00ae Nab\u00edje\u010dka autobateri\u00ed BC-219, 12\/24 V, 20 A | element-shop.cz -\",\"isPartOf\":{\"@id\":\"https:\/\/www.domkraftpro.com\/#website\"},\"primaryImageOfPage\":{\"@id\":\"https:\/\/www.domkraftpro.com\/index.php\/produkt\/finalni-vyprodej-worcraft-r-nabijecka-autobaterii-bc-219-12-24-v-20-a-element-shop-cz-16101\/#primaryimage\"},\"image\":{\"@id\":\"https:\/\/www.domkraftpro.com\/index.php\/produkt\/finalni-vyprodej-worcraft-r-nabijecka-autobaterii-bc-219-12-24-v-20-a-element-shop-cz-16101\/#primaryimage\"},\"thumbnailUrl\":\"https:\/\/www.domkraftpro.com\/wp-content\/uploads\/2026\/SK0007506-CZ20260425-092522-0-1777080324-118261_rewrite-355805-116813.webp\",\"datePublished\":\"2026-04-27T04:41:02+00:00\",\"breadcrumb\":{\"@id\":\"https:\/\/www.domkraftpro.com\/index.php\/produkt\/finalni-vyprodej-worcraft-r-nabijecka-autobaterii-bc-219-12-24-v-20-a-element-shop-cz-16101\/#breadcrumb\"},\"inLanguage\":\"cs\",\"potentialAction\":[{\"@type\":\"ReadAction\",\"target\":[\"https:\/\/www.domkraftpro.com\/index.php\/produkt\/finalni-vyprodej-worcraft-r-nabijecka-autobaterii-bc-219-12-24-v-20-a-element-shop-cz-16101\/\"]}]},{\"@type\":\"ImageObject\",\"inLanguage\":\"cs\",\"@id\":\"https:\/\/www.domkraftpro.com\/index.php\/produkt\/finalni-vyprodej-worcraft-r-nabijecka-autobaterii-bc-219-12-24-v-20-a-element-shop-cz-16101\/#primaryimage\",\"url\":\"https:\/\/www.domkraftpro.com\/wp-content\/uploads\/2026\/SK0007506-CZ20260425-092522-0-1777080324-118261_rewrite-355805-116813.webp\",\"contentUrl\":\"https:\/\/www.domkraftpro.com\/wp-content\/uploads\/2026\/SK0007506-CZ20260425-092522-0-1777080324-118261_rewrite-355805-116813.webp\",\"width\":1000,\"height\":750},{\"@type\":\"BreadcrumbList\",\"@id\":\"https:\/\/www.domkraftpro.com\/index.php\/produkt\/finalni-vyprodej-worcraft-r-nabijecka-autobaterii-bc-219-12-24-v-20-a-element-shop-cz-16101\/#breadcrumb\",\"itemListElement\":[{\"@type\":\"ListItem\",\"position\":1,\"name\":\"Home\",\"item\":\"https:\/\/www.domkraftpro.com\/\"},{\"@type\":\"ListItem\",\"position\":2,\"name\":\"Products\",\"item\":\"https:\/\/www.domkraftpro.com\/index.php\/products\/\"},{\"@type\":\"ListItem\",\"position\":3,\"name\":\"Fin\u00e1ln\u00ed V\u00fdprodej WORCRAFT\u00ae Nab\u00edje\u010dka autobateri\u00ed BC-219, 12\/24 V, 20 A | element-shop.cz\"}]},{\"@type\":\"WebSite\",\"@id\":\"https:\/\/www.domkraftpro.com\/#website\",\"url\":\"https:\/\/www.domkraftpro.com\/\",\"name\":\"\",\"description\":\"\",\"potentialAction\":[{\"@type\":\"SearchAction\",\"target\":{\"@type\":\"EntryPoint\",\"urlTemplate\":\"https:\/\/www.domkraftpro.com\/?s={search_term_string}\"},\"query-input\":{\"@type\":\"PropertyValueSpecification\",\"valueRequired\":true,\"valueName\":\"search_term_string\"}}],\"inLanguage\":\"cs\"}]}<\/script>\n<!-- \/ Yoast SEO plugin. -->","yoast_head_json":{"title":"Fin\u00e1ln\u00ed V\u00fdprodej WORCRAFT\u00ae Nab\u00edje\u010dka autobateri\u00ed BC-219, 12\/24 V, 20 A | element-shop.cz -","robots":{"index":"index","follow":"follow","max-snippet":"max-snippet:-1","max-image-preview":"max-image-preview:large","max-video-preview":"max-video-preview:-1"},"canonical":"https:\/\/www.domkraftpro.com\/index.php\/produkt\/finalni-vyprodej-worcraft-r-nabijecka-autobaterii-bc-219-12-24-v-20-a-element-shop-cz-16101\/","og_locale":"cs_CZ","og_type":"article","og_title":"Fin\u00e1ln\u00ed V\u00fdprodej WORCRAFT\u00ae Nab\u00edje\u010dka autobateri\u00ed BC-219, 12\/24 V, 20 A | element-shop.cz -","og_description":"Detailn\u00ed popis produktu Nab\u00edje\u010dka autobateri\u00ed Worcraft BC-219 je inteligentn\u00ed \u0159e\u0161en\u00ed pro spolehliv\u00e9 nab\u00edjen\u00ed. Je ide\u00e1ln\u00ed pro efektivn\u00ed a bezpe\u010dn\u00e9 nab\u00edjen\u00ed r\u016fzn\u00fdch typ\u016f 12 V a 24 V olov\u011bn\u00fdch a VRLA bez\u00fadr\u017ebov\u00fdch bateri\u00ed (gelov\u00fdch a AGM). Tento model je vhodn\u00fd pro osobn\u00ed automobily, motocykly, dod\u00e1vky, traktory a n\u00e1kladn\u00ed vozidla. Poskytuje \u0161irokou \u0161k\u00e1lu v\u00fdstupn\u00edch proud\u016f a intuitivn\u00ed [&hellip;]","og_url":"https:\/\/www.domkraftpro.com\/index.php\/produkt\/finalni-vyprodej-worcraft-r-nabijecka-autobaterii-bc-219-12-24-v-20-a-element-shop-cz-16101\/","og_image":[{"width":1000,"height":750,"url":"https:\/\/www.domkraftpro.com\/wp-content\/uploads\/2026\/SK0007506-CZ20260425-092522-0-1777080324-118261_rewrite-355805-116813.webp","type":"image\/webp"}],"twitter_card":"summary_large_image","twitter_misc":{"Odhadovan\u00e1 doba \u010dten\u00ed":"1 minuta"},"schema":{"@context":"https:\/\/schema.org","@graph":[{"@type":"WebPage","@id":"https:\/\/www.domkraftpro.com\/index.php\/produkt\/finalni-vyprodej-worcraft-r-nabijecka-autobaterii-bc-219-12-24-v-20-a-element-shop-cz-16101\/","url":"https:\/\/www.domkraftpro.com\/index.php\/produkt\/finalni-vyprodej-worcraft-r-nabijecka-autobaterii-bc-219-12-24-v-20-a-element-shop-cz-16101\/","name":"Fin\u00e1ln\u00ed V\u00fdprodej WORCRAFT\u00ae Nab\u00edje\u010dka autobateri\u00ed BC-219, 12\/24 V, 20 A | element-shop.cz -","isPartOf":{"@id":"https:\/\/www.domkraftpro.com\/#website"},"primaryImageOfPage":{"@id":"https:\/\/www.domkraftpro.com\/index.php\/produkt\/finalni-vyprodej-worcraft-r-nabijecka-autobaterii-bc-219-12-24-v-20-a-element-shop-cz-16101\/#primaryimage"},"image":{"@id":"https:\/\/www.domkraftpro.com\/index.php\/produkt\/finalni-vyprodej-worcraft-r-nabijecka-autobaterii-bc-219-12-24-v-20-a-element-shop-cz-16101\/#primaryimage"},"thumbnailUrl":"https:\/\/www.domkraftpro.com\/wp-content\/uploads\/2026\/SK0007506-CZ20260425-092522-0-1777080324-118261_rewrite-355805-116813.webp","datePublished":"2026-04-27T04:41:02+00:00","breadcrumb":{"@id":"https:\/\/www.domkraftpro.com\/index.php\/produkt\/finalni-vyprodej-worcraft-r-nabijecka-autobaterii-bc-219-12-24-v-20-a-element-shop-cz-16101\/#breadcrumb"},"inLanguage":"cs","potentialAction":[{"@type":"ReadAction","target":["https:\/\/www.domkraftpro.com\/index.php\/produkt\/finalni-vyprodej-worcraft-r-nabijecka-autobaterii-bc-219-12-24-v-20-a-element-shop-cz-16101\/"]}]},{"@type":"ImageObject","inLanguage":"cs","@id":"https:\/\/www.domkraftpro.com\/index.php\/produkt\/finalni-vyprodej-worcraft-r-nabijecka-autobaterii-bc-219-12-24-v-20-a-element-shop-cz-16101\/#primaryimage","url":"https:\/\/www.domkraftpro.com\/wp-content\/uploads\/2026\/SK0007506-CZ20260425-092522-0-1777080324-118261_rewrite-355805-116813.webp","contentUrl":"https:\/\/www.domkraftpro.com\/wp-content\/uploads\/2026\/SK0007506-CZ20260425-092522-0-1777080324-118261_rewrite-355805-116813.webp","width":1000,"height":750},{"@type":"BreadcrumbList","@id":"https:\/\/www.domkraftpro.com\/index.php\/produkt\/finalni-vyprodej-worcraft-r-nabijecka-autobaterii-bc-219-12-24-v-20-a-element-shop-cz-16101\/#breadcrumb","itemListElement":[{"@type":"ListItem","position":1,"name":"Home","item":"https:\/\/www.domkraftpro.com\/"},{"@type":"ListItem","position":2,"name":"Products","item":"https:\/\/www.domkraftpro.com\/index.php\/products\/"},{"@type":"ListItem","position":3,"name":"Fin\u00e1ln\u00ed V\u00fdprodej WORCRAFT\u00ae Nab\u00edje\u010dka autobateri\u00ed BC-219, 12\/24 V, 20 A | element-shop.cz"}]},{"@type":"WebSite","@id":"https:\/\/www.domkraftpro.com\/#website","url":"https:\/\/www.domkraftpro.com\/","name":"","description":"","potentialAction":[{"@type":"SearchAction","target":{"@type":"EntryPoint","urlTemplate":"https:\/\/www.domkraftpro.com\/?s={search_term_string}"},"query-input":{"@type":"PropertyValueSpecification","valueRequired":true,"valueName":"search_term_string"}}],"inLanguage":"cs"}]}},"_links":{"self":[{"href":"https:\/\/www.domkraftpro.com\/index.php\/wp-json\/wp\/v2\/product\/16101","targetHints":{"allow":["GET"]}}],"collection":[{"href":"https:\/\/www.domkraftpro.com\/index.php\/wp-json\/wp\/v2\/product"}],"about":[{"href":"https:\/\/www.domkraftpro.com\/index.php\/wp-json\/wp\/v2\/types\/product"}],"replies":[{"embeddable":true,"href":"https:\/\/www.domkraftpro.com\/index.php\/wp-json\/wp\/v2\/comments?post=16101"}],"wp:featuredmedia":[{"embeddable":true,"href":"https:\/\/www.domkraftpro.com\/index.php\/wp-json\/wp\/v2\/media\/16201"}],"wp:attachment":[{"href":"https:\/\/www.domkraftpro.com\/index.php\/wp-json\/wp\/v2\/media?parent=16101"}],"wp:term":[{"taxonomy":"product_brand","embeddable":true,"href":"https:\/\/www.domkraftpro.com\/index.php\/wp-json\/wp\/v2\/product_brand?post=16101"},{"taxonomy":"product_cat","embeddable":true,"href":"https:\/\/www.domkraftpro.com\/index.php\/wp-json\/wp\/v2\/product_cat?post=16101"},{"taxonomy":"product_tag","embeddable":true,"href":"https:\/\/www.domkraftpro.com\/index.php\/wp-json\/wp\/v2\/product_tag?post=16101"}],"curies":[{"name":"wp","href":"https:\/\/api.w.org\/{rel}","templated":true}]}}