{"id":15987,"date":"2026-04-27T04:41:02","date_gmt":"2026-04-27T04:41:02","guid":{"rendered":""},"modified":"2026-04-27T04:41:02","modified_gmt":"2026-04-27T04:41:02","slug":"znackovy-worcraft-r-retez-pro-pilu-cgc-s20lib-15987","status":"publish","type":"product","link":"https:\/\/www.domkraftpro.com\/index.php\/produkt\/znackovy-worcraft-r-retez-pro-pilu-cgc-s20lib-15987\/","title":{"rendered":"Zna\u010dkov\u00fd WORCRAFT\u00ae \u0158et\u011bz pro pilu CGC-S20LiB"},"content":{"rendered":"<div class=\"basic-description\">\n<h3>Detailn\u00ed popis produktu<\/h3>\n<p>N\u00e1hradn\u00ed pilov\u00fd \u0159et\u011bz pro ru\u010dn\u00ed \u0159et\u011bzovou pilu CGC-S20LiB.<\/p>\n<div>Po\u010det \u010dl\u00e1nk\u016f: 33<\/div>\n<div>Rozte\u010d \u0159et\u011bzu: 3\/8&#8243;<\/div>\n<div>\u0160\u00ed\u0159ka vod\u00edc\u00edho \u010dl\u00e1nku: 1,09 mm ( 0,043&#8243; )<\/div>\n<\/p><\/div>\n","protected":false},"excerpt":{"rendered":"<p>Detailn\u00ed popis produktu N\u00e1hradn\u00ed pilov\u00fd \u0159et\u011bz pro ru\u010dn\u00ed \u0159et\u011bzovou pilu CGC-S20LiB. Po\u010det \u010dl\u00e1nk\u016f: 33 Rozte\u010d \u0159et\u011bzu: 3\/8&#8243; \u0160\u00ed\u0159ka vod\u00edc\u00edho \u010dl\u00e1nku: 1,09 mm ( 0,043&#8243; )<\/p>\n","protected":false},"featured_media":16087,"comment_status":"open","ping_status":"open","template":"","meta":[],"product_brand":[],"product_cat":[52],"product_tag":[],"class_list":{"0":"post-15987","1":"product","2":"type-product","3":"status-publish","4":"has-post-thumbnail","6":"product_cat-naradi","8":"first","9":"instock","10":"sale","11":"shipping-taxable","12":"purchasable","13":"product-type-simple"},"yoast_head":"<!-- This site is optimized with the Yoast SEO plugin v26.8 - https:\/\/yoast.com\/product\/yoast-seo-wordpress\/ -->\n<title>Zna\u010dkov\u00fd WORCRAFT\u00ae \u0158et\u011bz pro pilu CGC-S20LiB -<\/title>\n<meta name=\"robots\" content=\"index, follow, max-snippet:-1, max-image-preview:large, max-video-preview:-1\" \/>\n<link rel=\"canonical\" href=\"https:\/\/www.domkraftpro.com\/index.php\/produkt\/znackovy-worcraft-r-retez-pro-pilu-cgc-s20lib-15987\/\" \/>\n<meta property=\"og:locale\" content=\"cs_CZ\" \/>\n<meta property=\"og:type\" content=\"article\" \/>\n<meta property=\"og:title\" content=\"Zna\u010dkov\u00fd WORCRAFT\u00ae \u0158et\u011bz pro pilu CGC-S20LiB -\" \/>\n<meta property=\"og:description\" content=\"Detailn\u00ed popis produktu N\u00e1hradn\u00ed pilov\u00fd \u0159et\u011bz pro ru\u010dn\u00ed \u0159et\u011bzovou pilu CGC-S20LiB. Po\u010det \u010dl\u00e1nk\u016f: 33 Rozte\u010d \u0159et\u011bzu: 3\/8&#8243; \u0160\u00ed\u0159ka vod\u00edc\u00edho \u010dl\u00e1nku: 1,09 mm ( 0,043&#8243; )\" \/>\n<meta property=\"og:url\" content=\"https:\/\/www.domkraftpro.com\/index.php\/produkt\/znackovy-worcraft-r-retez-pro-pilu-cgc-s20lib-15987\/\" \/>\n<meta property=\"og:image\" content=\"https:\/\/www.domkraftpro.com\/wp-content\/uploads\/2026\/SK0007492-CZ20260425-092522-0-1777080324-118219_rewrite-97482-1112668.webp\" \/>\n\t<meta property=\"og:image:width\" content=\"1000\" \/>\n\t<meta property=\"og:image:height\" content=\"750\" \/>\n\t<meta property=\"og:image:type\" content=\"image\/webp\" \/>\n<meta name=\"twitter:card\" content=\"summary_large_image\" \/>\n<script type=\"application\/ld+json\" class=\"yoast-schema-graph\">{\"@context\":\"https:\/\/schema.org\",\"@graph\":[{\"@type\":\"WebPage\",\"@id\":\"https:\/\/www.domkraftpro.com\/index.php\/produkt\/znackovy-worcraft-r-retez-pro-pilu-cgc-s20lib-15987\/\",\"url\":\"https:\/\/www.domkraftpro.com\/index.php\/produkt\/znackovy-worcraft-r-retez-pro-pilu-cgc-s20lib-15987\/\",\"name\":\"Zna\u010dkov\u00fd WORCRAFT\u00ae \u0158et\u011bz pro pilu CGC-S20LiB -\",\"isPartOf\":{\"@id\":\"https:\/\/www.domkraftpro.com\/#website\"},\"primaryImageOfPage\":{\"@id\":\"https:\/\/www.domkraftpro.com\/index.php\/produkt\/znackovy-worcraft-r-retez-pro-pilu-cgc-s20lib-15987\/#primaryimage\"},\"image\":{\"@id\":\"https:\/\/www.domkraftpro.com\/index.php\/produkt\/znackovy-worcraft-r-retez-pro-pilu-cgc-s20lib-15987\/#primaryimage\"},\"thumbnailUrl\":\"https:\/\/www.domkraftpro.com\/wp-content\/uploads\/2026\/SK0007492-CZ20260425-092522-0-1777080324-118219_rewrite-97482-1112668.webp\",\"datePublished\":\"2026-04-27T04:41:02+00:00\",\"breadcrumb\":{\"@id\":\"https:\/\/www.domkraftpro.com\/index.php\/produkt\/znackovy-worcraft-r-retez-pro-pilu-cgc-s20lib-15987\/#breadcrumb\"},\"inLanguage\":\"cs\",\"potentialAction\":[{\"@type\":\"ReadAction\",\"target\":[\"https:\/\/www.domkraftpro.com\/index.php\/produkt\/znackovy-worcraft-r-retez-pro-pilu-cgc-s20lib-15987\/\"]}]},{\"@type\":\"ImageObject\",\"inLanguage\":\"cs\",\"@id\":\"https:\/\/www.domkraftpro.com\/index.php\/produkt\/znackovy-worcraft-r-retez-pro-pilu-cgc-s20lib-15987\/#primaryimage\",\"url\":\"https:\/\/www.domkraftpro.com\/wp-content\/uploads\/2026\/SK0007492-CZ20260425-092522-0-1777080324-118219_rewrite-97482-1112668.webp\",\"contentUrl\":\"https:\/\/www.domkraftpro.com\/wp-content\/uploads\/2026\/SK0007492-CZ20260425-092522-0-1777080324-118219_rewrite-97482-1112668.webp\",\"width\":1000,\"height\":750},{\"@type\":\"BreadcrumbList\",\"@id\":\"https:\/\/www.domkraftpro.com\/index.php\/produkt\/znackovy-worcraft-r-retez-pro-pilu-cgc-s20lib-15987\/#breadcrumb\",\"itemListElement\":[{\"@type\":\"ListItem\",\"position\":1,\"name\":\"Home\",\"item\":\"https:\/\/www.domkraftpro.com\/\"},{\"@type\":\"ListItem\",\"position\":2,\"name\":\"Products\",\"item\":\"https:\/\/www.domkraftpro.com\/index.php\/products\/\"},{\"@type\":\"ListItem\",\"position\":3,\"name\":\"Zna\u010dkov\u00fd WORCRAFT\u00ae \u0158et\u011bz pro pilu CGC-S20LiB\"}]},{\"@type\":\"WebSite\",\"@id\":\"https:\/\/www.domkraftpro.com\/#website\",\"url\":\"https:\/\/www.domkraftpro.com\/\",\"name\":\"\",\"description\":\"\",\"potentialAction\":[{\"@type\":\"SearchAction\",\"target\":{\"@type\":\"EntryPoint\",\"urlTemplate\":\"https:\/\/www.domkraftpro.com\/?s={search_term_string}\"},\"query-input\":{\"@type\":\"PropertyValueSpecification\",\"valueRequired\":true,\"valueName\":\"search_term_string\"}}],\"inLanguage\":\"cs\"}]}<\/script>\n<!-- \/ Yoast SEO plugin. -->","yoast_head_json":{"title":"Zna\u010dkov\u00fd WORCRAFT\u00ae \u0158et\u011bz pro pilu CGC-S20LiB -","robots":{"index":"index","follow":"follow","max-snippet":"max-snippet:-1","max-image-preview":"max-image-preview:large","max-video-preview":"max-video-preview:-1"},"canonical":"https:\/\/www.domkraftpro.com\/index.php\/produkt\/znackovy-worcraft-r-retez-pro-pilu-cgc-s20lib-15987\/","og_locale":"cs_CZ","og_type":"article","og_title":"Zna\u010dkov\u00fd WORCRAFT\u00ae \u0158et\u011bz pro pilu CGC-S20LiB -","og_description":"Detailn\u00ed popis produktu N\u00e1hradn\u00ed pilov\u00fd \u0159et\u011bz pro ru\u010dn\u00ed \u0159et\u011bzovou pilu CGC-S20LiB. Po\u010det \u010dl\u00e1nk\u016f: 33 Rozte\u010d \u0159et\u011bzu: 3\/8&#8243; \u0160\u00ed\u0159ka vod\u00edc\u00edho \u010dl\u00e1nku: 1,09 mm ( 0,043&#8243; )","og_url":"https:\/\/www.domkraftpro.com\/index.php\/produkt\/znackovy-worcraft-r-retez-pro-pilu-cgc-s20lib-15987\/","og_image":[{"width":1000,"height":750,"url":"https:\/\/www.domkraftpro.com\/wp-content\/uploads\/2026\/SK0007492-CZ20260425-092522-0-1777080324-118219_rewrite-97482-1112668.webp","type":"image\/webp"}],"twitter_card":"summary_large_image","schema":{"@context":"https:\/\/schema.org","@graph":[{"@type":"WebPage","@id":"https:\/\/www.domkraftpro.com\/index.php\/produkt\/znackovy-worcraft-r-retez-pro-pilu-cgc-s20lib-15987\/","url":"https:\/\/www.domkraftpro.com\/index.php\/produkt\/znackovy-worcraft-r-retez-pro-pilu-cgc-s20lib-15987\/","name":"Zna\u010dkov\u00fd WORCRAFT\u00ae \u0158et\u011bz pro pilu CGC-S20LiB -","isPartOf":{"@id":"https:\/\/www.domkraftpro.com\/#website"},"primaryImageOfPage":{"@id":"https:\/\/www.domkraftpro.com\/index.php\/produkt\/znackovy-worcraft-r-retez-pro-pilu-cgc-s20lib-15987\/#primaryimage"},"image":{"@id":"https:\/\/www.domkraftpro.com\/index.php\/produkt\/znackovy-worcraft-r-retez-pro-pilu-cgc-s20lib-15987\/#primaryimage"},"thumbnailUrl":"https:\/\/www.domkraftpro.com\/wp-content\/uploads\/2026\/SK0007492-CZ20260425-092522-0-1777080324-118219_rewrite-97482-1112668.webp","datePublished":"2026-04-27T04:41:02+00:00","breadcrumb":{"@id":"https:\/\/www.domkraftpro.com\/index.php\/produkt\/znackovy-worcraft-r-retez-pro-pilu-cgc-s20lib-15987\/#breadcrumb"},"inLanguage":"cs","potentialAction":[{"@type":"ReadAction","target":["https:\/\/www.domkraftpro.com\/index.php\/produkt\/znackovy-worcraft-r-retez-pro-pilu-cgc-s20lib-15987\/"]}]},{"@type":"ImageObject","inLanguage":"cs","@id":"https:\/\/www.domkraftpro.com\/index.php\/produkt\/znackovy-worcraft-r-retez-pro-pilu-cgc-s20lib-15987\/#primaryimage","url":"https:\/\/www.domkraftpro.com\/wp-content\/uploads\/2026\/SK0007492-CZ20260425-092522-0-1777080324-118219_rewrite-97482-1112668.webp","contentUrl":"https:\/\/www.domkraftpro.com\/wp-content\/uploads\/2026\/SK0007492-CZ20260425-092522-0-1777080324-118219_rewrite-97482-1112668.webp","width":1000,"height":750},{"@type":"BreadcrumbList","@id":"https:\/\/www.domkraftpro.com\/index.php\/produkt\/znackovy-worcraft-r-retez-pro-pilu-cgc-s20lib-15987\/#breadcrumb","itemListElement":[{"@type":"ListItem","position":1,"name":"Home","item":"https:\/\/www.domkraftpro.com\/"},{"@type":"ListItem","position":2,"name":"Products","item":"https:\/\/www.domkraftpro.com\/index.php\/products\/"},{"@type":"ListItem","position":3,"name":"Zna\u010dkov\u00fd WORCRAFT\u00ae \u0158et\u011bz pro pilu CGC-S20LiB"}]},{"@type":"WebSite","@id":"https:\/\/www.domkraftpro.com\/#website","url":"https:\/\/www.domkraftpro.com\/","name":"","description":"","potentialAction":[{"@type":"SearchAction","target":{"@type":"EntryPoint","urlTemplate":"https:\/\/www.domkraftpro.com\/?s={search_term_string}"},"query-input":{"@type":"PropertyValueSpecification","valueRequired":true,"valueName":"search_term_string"}}],"inLanguage":"cs"}]}},"_links":{"self":[{"href":"https:\/\/www.domkraftpro.com\/index.php\/wp-json\/wp\/v2\/product\/15987","targetHints":{"allow":["GET"]}}],"collection":[{"href":"https:\/\/www.domkraftpro.com\/index.php\/wp-json\/wp\/v2\/product"}],"about":[{"href":"https:\/\/www.domkraftpro.com\/index.php\/wp-json\/wp\/v2\/types\/product"}],"replies":[{"embeddable":true,"href":"https:\/\/www.domkraftpro.com\/index.php\/wp-json\/wp\/v2\/comments?post=15987"}],"wp:featuredmedia":[{"embeddable":true,"href":"https:\/\/www.domkraftpro.com\/index.php\/wp-json\/wp\/v2\/media\/16087"}],"wp:attachment":[{"href":"https:\/\/www.domkraftpro.com\/index.php\/wp-json\/wp\/v2\/media?parent=15987"}],"wp:term":[{"taxonomy":"product_brand","embeddable":true,"href":"https:\/\/www.domkraftpro.com\/index.php\/wp-json\/wp\/v2\/product_brand?post=15987"},{"taxonomy":"product_cat","embeddable":true,"href":"https:\/\/www.domkraftpro.com\/index.php\/wp-json\/wp\/v2\/product_cat?post=15987"},{"taxonomy":"product_tag","embeddable":true,"href":"https:\/\/www.domkraftpro.com\/index.php\/wp-json\/wp\/v2\/product_tag?post=15987"}],"curies":[{"name":"wp","href":"https:\/\/api.w.org\/{rel}","templated":true}]}}