{"id":15984,"date":"2026-04-27T04:41:02","date_gmt":"2026-04-27T04:41:02","guid":{"rendered":""},"modified":"2026-04-27T04:41:02","modified_gmt":"2026-04-27T04:41:02","slug":"horka-nabidka-zvedak-hydraulicky-20t-235-445mm-element-shop-cz-15984","status":"publish","type":"product","link":"https:\/\/www.domkraftpro.com\/index.php\/produkt\/horka-nabidka-zvedak-hydraulicky-20t-235-445mm-element-shop-cz-15984\/","title":{"rendered":"Hork\u00e1 Nab\u00eddka Zved\u00e1k hydraulick\u00fd, 20t, 235-445mm | element-shop.cz"},"content":{"rendered":"<div class=\"basic-description\">\n<h3>Detailn\u00ed popis produktu<\/h3>\n<p>                                    Hydraulick\u00fd sloupkov\u00fd zved\u00e1k vhodn\u00fd do auta, d\u00edlny, nebo gar\u00e1\u017ee. Zved\u00e1k je opat\u0159en tepeln\u011b zpracovan\u00fdm staviteln\u00fdm <span class=\"show-tooltip\" title=\"\u0160rouby jsou kovov\u00e9 prvky, kter\u00e9 maj\u00ed v podstat\u011b v\u00e1lcovit\u00fd tvar s dr\u00e1\u017ekou nebo \u017el\u00e1bkem na jejich povrchu a jsou ur\u010deny k upevn\u011bn\u00ed dvou nebo v\u00edce materi\u00e1l\u016f nebo sou\u010d\u00e1stek dohromady. Maj\u00ed hroty na jednom konci, kter\u00e9 umo\u017e\u0148uj\u00ed snadn\u00e9 zasunut\u00ed&amp;hellip;\">\u0161roubem<\/span>, kter\u00fd umo\u017e\u0148uje jemn\u00e9 nastaven\u00ed v\u00fd\u0161ky a maxim\u00e1ln\u00ed zdvih. Dvojit\u00fd bezpe\u010dnostn\u00ed p\u0159epou\u0161t\u011bc\u00ed ventil. Vroubkovan\u00e9, tepeln\u011b zpracovan\u00e9 sedlo poskytuje velkou op\u011brnou <span class=\"show-tooltip\" title=\"&amp;nbsp;Obsah je fyzik\u00e1ln\u00ed veli\u010dina, kter\u00e1 vyjad\u0159uje plochu n\u011bjak\u00e9ho geometrick\u00e9ho tvaru. Obsah se zpravidla m\u011b\u0159\u00ed v \u010dtvere\u010dn\u00fdch jednotk\u00e1ch, nap\u0159\u00edklad \u010dtvere\u010dn\u00fdch metrech (m\u00b2) nebo \u010dtvere\u010dn\u00fdch centimetrech (cm\u00b2).Zde jsou vzorce pro v\u00fdpo\u010det&amp;hellip;\">plochu<\/span> a bezpe\u010dn\u00e9 podep\u0159en\u00ed. \u0160irok\u00e1 robustn\u00ed z\u00e1kladna zaji\u0161\u0165uje stabilitu a odolnost. V\u0161echny siln\u011b nam\u00e1han\u00e9 body jsou zes\u00edlen\u00e9 pro zv\u00fd\u0161en\u00ed odolnosti a \u017eivotnosti.                            <\/div>\n","protected":false},"excerpt":{"rendered":"<p>Detailn\u00ed popis produktu Hydraulick\u00fd sloupkov\u00fd zved\u00e1k vhodn\u00fd do auta, d\u00edlny, nebo gar\u00e1\u017ee. Zved\u00e1k je opat\u0159en tepeln\u011b zpracovan\u00fdm staviteln\u00fdm \u0161roubem, kter\u00fd umo\u017e\u0148uje jemn\u00e9 nastaven\u00ed v\u00fd\u0161ky a maxim\u00e1ln\u00ed zdvih. Dvojit\u00fd bezpe\u010dnostn\u00ed p\u0159epou\u0161t\u011bc\u00ed ventil. Vroubkovan\u00e9, tepeln\u011b zpracovan\u00e9 sedlo poskytuje velkou op\u011brnou plochu a bezpe\u010dn\u00e9 podep\u0159en\u00ed. \u0160irok\u00e1 robustn\u00ed z\u00e1kladna zaji\u0161\u0165uje stabilitu a odolnost. V\u0161echny siln\u011b nam\u00e1han\u00e9 body jsou zes\u00edlen\u00e9 [&hellip;]<\/p>\n","protected":false},"featured_media":16084,"comment_status":"open","ping_status":"open","template":"","meta":[],"product_brand":[],"product_cat":[63],"product_tag":[],"class_list":{"0":"post-15984","1":"product","2":"type-product","3":"status-publish","4":"has-post-thumbnail","6":"product_cat-automotive","8":"first","9":"instock","10":"sale","11":"shipping-taxable","12":"purchasable","13":"product-type-simple"},"yoast_head":"<!-- This site is optimized with the Yoast SEO plugin v26.8 - https:\/\/yoast.com\/product\/yoast-seo-wordpress\/ -->\n<title>Hork\u00e1 Nab\u00eddka Zved\u00e1k hydraulick\u00fd, 20t, 235-445mm | element-shop.cz -<\/title>\n<meta name=\"robots\" content=\"index, follow, max-snippet:-1, max-image-preview:large, max-video-preview:-1\" \/>\n<link rel=\"canonical\" href=\"https:\/\/www.domkraftpro.com\/index.php\/produkt\/horka-nabidka-zvedak-hydraulicky-20t-235-445mm-element-shop-cz-15984\/\" \/>\n<meta property=\"og:locale\" content=\"cs_CZ\" \/>\n<meta property=\"og:type\" content=\"article\" \/>\n<meta property=\"og:title\" content=\"Hork\u00e1 Nab\u00eddka Zved\u00e1k hydraulick\u00fd, 20t, 235-445mm | element-shop.cz -\" \/>\n<meta property=\"og:description\" content=\"Detailn\u00ed popis produktu Hydraulick\u00fd sloupkov\u00fd zved\u00e1k vhodn\u00fd do auta, d\u00edlny, nebo gar\u00e1\u017ee. Zved\u00e1k je opat\u0159en tepeln\u011b zpracovan\u00fdm staviteln\u00fdm \u0161roubem, kter\u00fd umo\u017e\u0148uje jemn\u00e9 nastaven\u00ed v\u00fd\u0161ky a maxim\u00e1ln\u00ed zdvih. Dvojit\u00fd bezpe\u010dnostn\u00ed p\u0159epou\u0161t\u011bc\u00ed ventil. Vroubkovan\u00e9, tepeln\u011b zpracovan\u00e9 sedlo poskytuje velkou op\u011brnou plochu a bezpe\u010dn\u00e9 podep\u0159en\u00ed. \u0160irok\u00e1 robustn\u00ed z\u00e1kladna zaji\u0161\u0165uje stabilitu a odolnost. V\u0161echny siln\u011b nam\u00e1han\u00e9 body jsou zes\u00edlen\u00e9 [&hellip;]\" \/>\n<meta property=\"og:url\" content=\"https:\/\/www.domkraftpro.com\/index.php\/produkt\/horka-nabidka-zvedak-hydraulicky-20t-235-445mm-element-shop-cz-15984\/\" \/>\n<meta property=\"og:image\" content=\"https:\/\/www.domkraftpro.com\/wp-content\/uploads\/2026\/SK0007489-CZ20260425-092522-0-1777080324-118210_rewrite-155041-26807.webp\" \/>\n\t<meta property=\"og:image:width\" content=\"1000\" \/>\n\t<meta property=\"og:image:height\" content=\"750\" \/>\n\t<meta property=\"og:image:type\" content=\"image\/webp\" \/>\n<meta name=\"twitter:card\" content=\"summary_large_image\" \/>\n<script type=\"application\/ld+json\" class=\"yoast-schema-graph\">{\"@context\":\"https:\/\/schema.org\",\"@graph\":[{\"@type\":\"WebPage\",\"@id\":\"https:\/\/www.domkraftpro.com\/index.php\/produkt\/horka-nabidka-zvedak-hydraulicky-20t-235-445mm-element-shop-cz-15984\/\",\"url\":\"https:\/\/www.domkraftpro.com\/index.php\/produkt\/horka-nabidka-zvedak-hydraulicky-20t-235-445mm-element-shop-cz-15984\/\",\"name\":\"Hork\u00e1 Nab\u00eddka Zved\u00e1k hydraulick\u00fd, 20t, 235-445mm | element-shop.cz -\",\"isPartOf\":{\"@id\":\"https:\/\/www.domkraftpro.com\/#website\"},\"primaryImageOfPage\":{\"@id\":\"https:\/\/www.domkraftpro.com\/index.php\/produkt\/horka-nabidka-zvedak-hydraulicky-20t-235-445mm-element-shop-cz-15984\/#primaryimage\"},\"image\":{\"@id\":\"https:\/\/www.domkraftpro.com\/index.php\/produkt\/horka-nabidka-zvedak-hydraulicky-20t-235-445mm-element-shop-cz-15984\/#primaryimage\"},\"thumbnailUrl\":\"https:\/\/www.domkraftpro.com\/wp-content\/uploads\/2026\/SK0007489-CZ20260425-092522-0-1777080324-118210_rewrite-155041-26807.webp\",\"datePublished\":\"2026-04-27T04:41:02+00:00\",\"breadcrumb\":{\"@id\":\"https:\/\/www.domkraftpro.com\/index.php\/produkt\/horka-nabidka-zvedak-hydraulicky-20t-235-445mm-element-shop-cz-15984\/#breadcrumb\"},\"inLanguage\":\"cs\",\"potentialAction\":[{\"@type\":\"ReadAction\",\"target\":[\"https:\/\/www.domkraftpro.com\/index.php\/produkt\/horka-nabidka-zvedak-hydraulicky-20t-235-445mm-element-shop-cz-15984\/\"]}]},{\"@type\":\"ImageObject\",\"inLanguage\":\"cs\",\"@id\":\"https:\/\/www.domkraftpro.com\/index.php\/produkt\/horka-nabidka-zvedak-hydraulicky-20t-235-445mm-element-shop-cz-15984\/#primaryimage\",\"url\":\"https:\/\/www.domkraftpro.com\/wp-content\/uploads\/2026\/SK0007489-CZ20260425-092522-0-1777080324-118210_rewrite-155041-26807.webp\",\"contentUrl\":\"https:\/\/www.domkraftpro.com\/wp-content\/uploads\/2026\/SK0007489-CZ20260425-092522-0-1777080324-118210_rewrite-155041-26807.webp\",\"width\":1000,\"height\":750},{\"@type\":\"BreadcrumbList\",\"@id\":\"https:\/\/www.domkraftpro.com\/index.php\/produkt\/horka-nabidka-zvedak-hydraulicky-20t-235-445mm-element-shop-cz-15984\/#breadcrumb\",\"itemListElement\":[{\"@type\":\"ListItem\",\"position\":1,\"name\":\"Home\",\"item\":\"https:\/\/www.domkraftpro.com\/\"},{\"@type\":\"ListItem\",\"position\":2,\"name\":\"Products\",\"item\":\"https:\/\/www.domkraftpro.com\/index.php\/products\/\"},{\"@type\":\"ListItem\",\"position\":3,\"name\":\"Hork\u00e1 Nab\u00eddka Zved\u00e1k hydraulick\u00fd, 20t, 235-445mm | element-shop.cz\"}]},{\"@type\":\"WebSite\",\"@id\":\"https:\/\/www.domkraftpro.com\/#website\",\"url\":\"https:\/\/www.domkraftpro.com\/\",\"name\":\"\",\"description\":\"\",\"potentialAction\":[{\"@type\":\"SearchAction\",\"target\":{\"@type\":\"EntryPoint\",\"urlTemplate\":\"https:\/\/www.domkraftpro.com\/?s={search_term_string}\"},\"query-input\":{\"@type\":\"PropertyValueSpecification\",\"valueRequired\":true,\"valueName\":\"search_term_string\"}}],\"inLanguage\":\"cs\"}]}<\/script>\n<!-- \/ Yoast SEO plugin. -->","yoast_head_json":{"title":"Hork\u00e1 Nab\u00eddka Zved\u00e1k hydraulick\u00fd, 20t, 235-445mm | element-shop.cz -","robots":{"index":"index","follow":"follow","max-snippet":"max-snippet:-1","max-image-preview":"max-image-preview:large","max-video-preview":"max-video-preview:-1"},"canonical":"https:\/\/www.domkraftpro.com\/index.php\/produkt\/horka-nabidka-zvedak-hydraulicky-20t-235-445mm-element-shop-cz-15984\/","og_locale":"cs_CZ","og_type":"article","og_title":"Hork\u00e1 Nab\u00eddka Zved\u00e1k hydraulick\u00fd, 20t, 235-445mm | element-shop.cz -","og_description":"Detailn\u00ed popis produktu Hydraulick\u00fd sloupkov\u00fd zved\u00e1k vhodn\u00fd do auta, d\u00edlny, nebo gar\u00e1\u017ee. Zved\u00e1k je opat\u0159en tepeln\u011b zpracovan\u00fdm staviteln\u00fdm \u0161roubem, kter\u00fd umo\u017e\u0148uje jemn\u00e9 nastaven\u00ed v\u00fd\u0161ky a maxim\u00e1ln\u00ed zdvih. Dvojit\u00fd bezpe\u010dnostn\u00ed p\u0159epou\u0161t\u011bc\u00ed ventil. Vroubkovan\u00e9, tepeln\u011b zpracovan\u00e9 sedlo poskytuje velkou op\u011brnou plochu a bezpe\u010dn\u00e9 podep\u0159en\u00ed. \u0160irok\u00e1 robustn\u00ed z\u00e1kladna zaji\u0161\u0165uje stabilitu a odolnost. V\u0161echny siln\u011b nam\u00e1han\u00e9 body jsou zes\u00edlen\u00e9 [&hellip;]","og_url":"https:\/\/www.domkraftpro.com\/index.php\/produkt\/horka-nabidka-zvedak-hydraulicky-20t-235-445mm-element-shop-cz-15984\/","og_image":[{"width":1000,"height":750,"url":"https:\/\/www.domkraftpro.com\/wp-content\/uploads\/2026\/SK0007489-CZ20260425-092522-0-1777080324-118210_rewrite-155041-26807.webp","type":"image\/webp"}],"twitter_card":"summary_large_image","schema":{"@context":"https:\/\/schema.org","@graph":[{"@type":"WebPage","@id":"https:\/\/www.domkraftpro.com\/index.php\/produkt\/horka-nabidka-zvedak-hydraulicky-20t-235-445mm-element-shop-cz-15984\/","url":"https:\/\/www.domkraftpro.com\/index.php\/produkt\/horka-nabidka-zvedak-hydraulicky-20t-235-445mm-element-shop-cz-15984\/","name":"Hork\u00e1 Nab\u00eddka Zved\u00e1k hydraulick\u00fd, 20t, 235-445mm | element-shop.cz -","isPartOf":{"@id":"https:\/\/www.domkraftpro.com\/#website"},"primaryImageOfPage":{"@id":"https:\/\/www.domkraftpro.com\/index.php\/produkt\/horka-nabidka-zvedak-hydraulicky-20t-235-445mm-element-shop-cz-15984\/#primaryimage"},"image":{"@id":"https:\/\/www.domkraftpro.com\/index.php\/produkt\/horka-nabidka-zvedak-hydraulicky-20t-235-445mm-element-shop-cz-15984\/#primaryimage"},"thumbnailUrl":"https:\/\/www.domkraftpro.com\/wp-content\/uploads\/2026\/SK0007489-CZ20260425-092522-0-1777080324-118210_rewrite-155041-26807.webp","datePublished":"2026-04-27T04:41:02+00:00","breadcrumb":{"@id":"https:\/\/www.domkraftpro.com\/index.php\/produkt\/horka-nabidka-zvedak-hydraulicky-20t-235-445mm-element-shop-cz-15984\/#breadcrumb"},"inLanguage":"cs","potentialAction":[{"@type":"ReadAction","target":["https:\/\/www.domkraftpro.com\/index.php\/produkt\/horka-nabidka-zvedak-hydraulicky-20t-235-445mm-element-shop-cz-15984\/"]}]},{"@type":"ImageObject","inLanguage":"cs","@id":"https:\/\/www.domkraftpro.com\/index.php\/produkt\/horka-nabidka-zvedak-hydraulicky-20t-235-445mm-element-shop-cz-15984\/#primaryimage","url":"https:\/\/www.domkraftpro.com\/wp-content\/uploads\/2026\/SK0007489-CZ20260425-092522-0-1777080324-118210_rewrite-155041-26807.webp","contentUrl":"https:\/\/www.domkraftpro.com\/wp-content\/uploads\/2026\/SK0007489-CZ20260425-092522-0-1777080324-118210_rewrite-155041-26807.webp","width":1000,"height":750},{"@type":"BreadcrumbList","@id":"https:\/\/www.domkraftpro.com\/index.php\/produkt\/horka-nabidka-zvedak-hydraulicky-20t-235-445mm-element-shop-cz-15984\/#breadcrumb","itemListElement":[{"@type":"ListItem","position":1,"name":"Home","item":"https:\/\/www.domkraftpro.com\/"},{"@type":"ListItem","position":2,"name":"Products","item":"https:\/\/www.domkraftpro.com\/index.php\/products\/"},{"@type":"ListItem","position":3,"name":"Hork\u00e1 Nab\u00eddka Zved\u00e1k hydraulick\u00fd, 20t, 235-445mm | element-shop.cz"}]},{"@type":"WebSite","@id":"https:\/\/www.domkraftpro.com\/#website","url":"https:\/\/www.domkraftpro.com\/","name":"","description":"","potentialAction":[{"@type":"SearchAction","target":{"@type":"EntryPoint","urlTemplate":"https:\/\/www.domkraftpro.com\/?s={search_term_string}"},"query-input":{"@type":"PropertyValueSpecification","valueRequired":true,"valueName":"search_term_string"}}],"inLanguage":"cs"}]}},"_links":{"self":[{"href":"https:\/\/www.domkraftpro.com\/index.php\/wp-json\/wp\/v2\/product\/15984","targetHints":{"allow":["GET"]}}],"collection":[{"href":"https:\/\/www.domkraftpro.com\/index.php\/wp-json\/wp\/v2\/product"}],"about":[{"href":"https:\/\/www.domkraftpro.com\/index.php\/wp-json\/wp\/v2\/types\/product"}],"replies":[{"embeddable":true,"href":"https:\/\/www.domkraftpro.com\/index.php\/wp-json\/wp\/v2\/comments?post=15984"}],"wp:featuredmedia":[{"embeddable":true,"href":"https:\/\/www.domkraftpro.com\/index.php\/wp-json\/wp\/v2\/media\/16084"}],"wp:attachment":[{"href":"https:\/\/www.domkraftpro.com\/index.php\/wp-json\/wp\/v2\/media?parent=15984"}],"wp:term":[{"taxonomy":"product_brand","embeddable":true,"href":"https:\/\/www.domkraftpro.com\/index.php\/wp-json\/wp\/v2\/product_brand?post=15984"},{"taxonomy":"product_cat","embeddable":true,"href":"https:\/\/www.domkraftpro.com\/index.php\/wp-json\/wp\/v2\/product_cat?post=15984"},{"taxonomy":"product_tag","embeddable":true,"href":"https:\/\/www.domkraftpro.com\/index.php\/wp-json\/wp\/v2\/product_tag?post=15984"}],"curies":[{"name":"wp","href":"https:\/\/api.w.org\/{rel}","templated":true}]}}