{"id":15977,"date":"2026-04-27T04:41:02","date_gmt":"2026-04-27T04:41:02","guid":{"rendered":""},"modified":"2026-04-27T04:41:02","modified_gmt":"2026-04-27T04:41:02","slug":"nejlepsi-cena-zvedak-pojizdny-3-0t-150-490mm-element-shop-cz-15977","status":"publish","type":"product","link":"https:\/\/www.domkraftpro.com\/index.php\/produkt\/nejlepsi-cena-zvedak-pojizdny-3-0t-150-490mm-element-shop-cz-15977\/","title":{"rendered":"Nejlep\u0161\u00ed Cena Zved\u00e1k poj\u00edzdn\u00fd, 3,0t, 150-490mm | element-shop.cz"},"content":{"rendered":"<div class=\"basic-description\">\n<h3>Detailn\u00ed popis produktu<\/h3>\n<p>                                    Hydraulick\u00fd poj\u00edzdn\u00fd zved\u00e1k je vhodn\u00fd kdekoliv, kde je pot\u0159eba zvedat t\u011b\u017ek\u00e1 b\u0159emena jako jsou auta, dod\u00e1vky, n\u00e1kla\u010f\u00e1ky nebo kamiony. Tento poj\u00edzdn\u00fd zved\u00e1k je vhodn\u00fd jak pro nep\u0159etr\u017eit\u00fd provoz v servisech, tak i pro dom\u00e1c\u00ed pou\u017eit\u00ed v gar\u00e1\u017ei \u010di d\u00edln\u011b. V\u0161echny hydraulick\u00e9 poj\u00edzdn\u00e9 zved\u00e1ky jsou vybaveny bezpe\u010dnostn\u00edm pojistn\u00fdm ventilem proti p\u0159et\u00ed\u017een\u00ed. P\u0159i oto\u010den\u00ed rukojeti po sm\u011bru hodinov\u00fdch ru\u010di\u010dek nastav\u00edte zved\u00e1n\u00ed a proti sm\u011bru uvoln\u00edte vypou\u0161t\u011bc\u00ed ventil a b\u0159emeno pak spou\u0161t\u00edte.                            <\/p><\/div>\n","protected":false},"excerpt":{"rendered":"<p>Detailn\u00ed popis produktu Hydraulick\u00fd poj\u00edzdn\u00fd zved\u00e1k je vhodn\u00fd kdekoliv, kde je pot\u0159eba zvedat t\u011b\u017ek\u00e1 b\u0159emena jako jsou auta, dod\u00e1vky, n\u00e1kla\u010f\u00e1ky nebo kamiony. Tento poj\u00edzdn\u00fd zved\u00e1k je vhodn\u00fd jak pro nep\u0159etr\u017eit\u00fd provoz v servisech, tak i pro dom\u00e1c\u00ed pou\u017eit\u00ed v gar\u00e1\u017ei \u010di d\u00edln\u011b. V\u0161echny hydraulick\u00e9 poj\u00edzdn\u00e9 zved\u00e1ky jsou vybaveny bezpe\u010dnostn\u00edm pojistn\u00fdm ventilem proti p\u0159et\u00ed\u017een\u00ed. P\u0159i oto\u010den\u00ed [&hellip;]<\/p>\n","protected":false},"featured_media":16077,"comment_status":"open","ping_status":"open","template":"","meta":[],"product_brand":[],"product_cat":[63],"product_tag":[],"class_list":{"0":"post-15977","1":"product","2":"type-product","3":"status-publish","4":"has-post-thumbnail","6":"product_cat-automotive","8":"first","9":"instock","10":"sale","11":"shipping-taxable","12":"purchasable","13":"product-type-simple"},"yoast_head":"<!-- This site is optimized with the Yoast SEO plugin v26.8 - https:\/\/yoast.com\/product\/yoast-seo-wordpress\/ -->\n<title>Nejlep\u0161\u00ed Cena Zved\u00e1k poj\u00edzdn\u00fd, 3,0t, 150-490mm | element-shop.cz -<\/title>\n<meta name=\"robots\" content=\"index, follow, max-snippet:-1, max-image-preview:large, max-video-preview:-1\" \/>\n<link rel=\"canonical\" href=\"https:\/\/www.domkraftpro.com\/index.php\/produkt\/nejlepsi-cena-zvedak-pojizdny-3-0t-150-490mm-element-shop-cz-15977\/\" \/>\n<meta property=\"og:locale\" content=\"cs_CZ\" \/>\n<meta property=\"og:type\" content=\"article\" \/>\n<meta property=\"og:title\" content=\"Nejlep\u0161\u00ed Cena Zved\u00e1k poj\u00edzdn\u00fd, 3,0t, 150-490mm | element-shop.cz -\" \/>\n<meta property=\"og:description\" content=\"Detailn\u00ed popis produktu Hydraulick\u00fd poj\u00edzdn\u00fd zved\u00e1k je vhodn\u00fd kdekoliv, kde je pot\u0159eba zvedat t\u011b\u017ek\u00e1 b\u0159emena jako jsou auta, dod\u00e1vky, n\u00e1kla\u010f\u00e1ky nebo kamiony. Tento poj\u00edzdn\u00fd zved\u00e1k je vhodn\u00fd jak pro nep\u0159etr\u017eit\u00fd provoz v servisech, tak i pro dom\u00e1c\u00ed pou\u017eit\u00ed v gar\u00e1\u017ei \u010di d\u00edln\u011b. V\u0161echny hydraulick\u00e9 poj\u00edzdn\u00e9 zved\u00e1ky jsou vybaveny bezpe\u010dnostn\u00edm pojistn\u00fdm ventilem proti p\u0159et\u00ed\u017een\u00ed. P\u0159i oto\u010den\u00ed [&hellip;]\" \/>\n<meta property=\"og:url\" content=\"https:\/\/www.domkraftpro.com\/index.php\/produkt\/nejlepsi-cena-zvedak-pojizdny-3-0t-150-490mm-element-shop-cz-15977\/\" \/>\n<meta property=\"og:image\" content=\"https:\/\/www.domkraftpro.com\/wp-content\/uploads\/2026\/SK0007482-CZ20260425-092522-0-1777080324-118189_rewrite-67194-112413.webp\" \/>\n\t<meta property=\"og:image:width\" content=\"1000\" \/>\n\t<meta property=\"og:image:height\" content=\"750\" \/>\n\t<meta property=\"og:image:type\" content=\"image\/webp\" \/>\n<meta name=\"twitter:card\" content=\"summary_large_image\" \/>\n<meta name=\"twitter:label1\" content=\"Odhadovan\u00e1 doba \u010dten\u00ed\" \/>\n\t<meta name=\"twitter:data1\" content=\"1 minuta\" \/>\n<script type=\"application\/ld+json\" class=\"yoast-schema-graph\">{\"@context\":\"https:\/\/schema.org\",\"@graph\":[{\"@type\":\"WebPage\",\"@id\":\"https:\/\/www.domkraftpro.com\/index.php\/produkt\/nejlepsi-cena-zvedak-pojizdny-3-0t-150-490mm-element-shop-cz-15977\/\",\"url\":\"https:\/\/www.domkraftpro.com\/index.php\/produkt\/nejlepsi-cena-zvedak-pojizdny-3-0t-150-490mm-element-shop-cz-15977\/\",\"name\":\"Nejlep\u0161\u00ed Cena Zved\u00e1k poj\u00edzdn\u00fd, 3,0t, 150-490mm | element-shop.cz -\",\"isPartOf\":{\"@id\":\"https:\/\/www.domkraftpro.com\/#website\"},\"primaryImageOfPage\":{\"@id\":\"https:\/\/www.domkraftpro.com\/index.php\/produkt\/nejlepsi-cena-zvedak-pojizdny-3-0t-150-490mm-element-shop-cz-15977\/#primaryimage\"},\"image\":{\"@id\":\"https:\/\/www.domkraftpro.com\/index.php\/produkt\/nejlepsi-cena-zvedak-pojizdny-3-0t-150-490mm-element-shop-cz-15977\/#primaryimage\"},\"thumbnailUrl\":\"https:\/\/www.domkraftpro.com\/wp-content\/uploads\/2026\/SK0007482-CZ20260425-092522-0-1777080324-118189_rewrite-67194-112413.webp\",\"datePublished\":\"2026-04-27T04:41:02+00:00\",\"breadcrumb\":{\"@id\":\"https:\/\/www.domkraftpro.com\/index.php\/produkt\/nejlepsi-cena-zvedak-pojizdny-3-0t-150-490mm-element-shop-cz-15977\/#breadcrumb\"},\"inLanguage\":\"cs\",\"potentialAction\":[{\"@type\":\"ReadAction\",\"target\":[\"https:\/\/www.domkraftpro.com\/index.php\/produkt\/nejlepsi-cena-zvedak-pojizdny-3-0t-150-490mm-element-shop-cz-15977\/\"]}]},{\"@type\":\"ImageObject\",\"inLanguage\":\"cs\",\"@id\":\"https:\/\/www.domkraftpro.com\/index.php\/produkt\/nejlepsi-cena-zvedak-pojizdny-3-0t-150-490mm-element-shop-cz-15977\/#primaryimage\",\"url\":\"https:\/\/www.domkraftpro.com\/wp-content\/uploads\/2026\/SK0007482-CZ20260425-092522-0-1777080324-118189_rewrite-67194-112413.webp\",\"contentUrl\":\"https:\/\/www.domkraftpro.com\/wp-content\/uploads\/2026\/SK0007482-CZ20260425-092522-0-1777080324-118189_rewrite-67194-112413.webp\",\"width\":1000,\"height\":750},{\"@type\":\"BreadcrumbList\",\"@id\":\"https:\/\/www.domkraftpro.com\/index.php\/produkt\/nejlepsi-cena-zvedak-pojizdny-3-0t-150-490mm-element-shop-cz-15977\/#breadcrumb\",\"itemListElement\":[{\"@type\":\"ListItem\",\"position\":1,\"name\":\"Home\",\"item\":\"https:\/\/www.domkraftpro.com\/\"},{\"@type\":\"ListItem\",\"position\":2,\"name\":\"Products\",\"item\":\"https:\/\/www.domkraftpro.com\/index.php\/products\/\"},{\"@type\":\"ListItem\",\"position\":3,\"name\":\"Nejlep\u0161\u00ed Cena Zved\u00e1k poj\u00edzdn\u00fd, 3,0t, 150-490mm | element-shop.cz\"}]},{\"@type\":\"WebSite\",\"@id\":\"https:\/\/www.domkraftpro.com\/#website\",\"url\":\"https:\/\/www.domkraftpro.com\/\",\"name\":\"\",\"description\":\"\",\"potentialAction\":[{\"@type\":\"SearchAction\",\"target\":{\"@type\":\"EntryPoint\",\"urlTemplate\":\"https:\/\/www.domkraftpro.com\/?s={search_term_string}\"},\"query-input\":{\"@type\":\"PropertyValueSpecification\",\"valueRequired\":true,\"valueName\":\"search_term_string\"}}],\"inLanguage\":\"cs\"}]}<\/script>\n<!-- \/ Yoast SEO plugin. -->","yoast_head_json":{"title":"Nejlep\u0161\u00ed Cena Zved\u00e1k poj\u00edzdn\u00fd, 3,0t, 150-490mm | element-shop.cz -","robots":{"index":"index","follow":"follow","max-snippet":"max-snippet:-1","max-image-preview":"max-image-preview:large","max-video-preview":"max-video-preview:-1"},"canonical":"https:\/\/www.domkraftpro.com\/index.php\/produkt\/nejlepsi-cena-zvedak-pojizdny-3-0t-150-490mm-element-shop-cz-15977\/","og_locale":"cs_CZ","og_type":"article","og_title":"Nejlep\u0161\u00ed Cena Zved\u00e1k poj\u00edzdn\u00fd, 3,0t, 150-490mm | element-shop.cz -","og_description":"Detailn\u00ed popis produktu Hydraulick\u00fd poj\u00edzdn\u00fd zved\u00e1k je vhodn\u00fd kdekoliv, kde je pot\u0159eba zvedat t\u011b\u017ek\u00e1 b\u0159emena jako jsou auta, dod\u00e1vky, n\u00e1kla\u010f\u00e1ky nebo kamiony. Tento poj\u00edzdn\u00fd zved\u00e1k je vhodn\u00fd jak pro nep\u0159etr\u017eit\u00fd provoz v servisech, tak i pro dom\u00e1c\u00ed pou\u017eit\u00ed v gar\u00e1\u017ei \u010di d\u00edln\u011b. V\u0161echny hydraulick\u00e9 poj\u00edzdn\u00e9 zved\u00e1ky jsou vybaveny bezpe\u010dnostn\u00edm pojistn\u00fdm ventilem proti p\u0159et\u00ed\u017een\u00ed. P\u0159i oto\u010den\u00ed [&hellip;]","og_url":"https:\/\/www.domkraftpro.com\/index.php\/produkt\/nejlepsi-cena-zvedak-pojizdny-3-0t-150-490mm-element-shop-cz-15977\/","og_image":[{"width":1000,"height":750,"url":"https:\/\/www.domkraftpro.com\/wp-content\/uploads\/2026\/SK0007482-CZ20260425-092522-0-1777080324-118189_rewrite-67194-112413.webp","type":"image\/webp"}],"twitter_card":"summary_large_image","twitter_misc":{"Odhadovan\u00e1 doba \u010dten\u00ed":"1 minuta"},"schema":{"@context":"https:\/\/schema.org","@graph":[{"@type":"WebPage","@id":"https:\/\/www.domkraftpro.com\/index.php\/produkt\/nejlepsi-cena-zvedak-pojizdny-3-0t-150-490mm-element-shop-cz-15977\/","url":"https:\/\/www.domkraftpro.com\/index.php\/produkt\/nejlepsi-cena-zvedak-pojizdny-3-0t-150-490mm-element-shop-cz-15977\/","name":"Nejlep\u0161\u00ed Cena Zved\u00e1k poj\u00edzdn\u00fd, 3,0t, 150-490mm | element-shop.cz -","isPartOf":{"@id":"https:\/\/www.domkraftpro.com\/#website"},"primaryImageOfPage":{"@id":"https:\/\/www.domkraftpro.com\/index.php\/produkt\/nejlepsi-cena-zvedak-pojizdny-3-0t-150-490mm-element-shop-cz-15977\/#primaryimage"},"image":{"@id":"https:\/\/www.domkraftpro.com\/index.php\/produkt\/nejlepsi-cena-zvedak-pojizdny-3-0t-150-490mm-element-shop-cz-15977\/#primaryimage"},"thumbnailUrl":"https:\/\/www.domkraftpro.com\/wp-content\/uploads\/2026\/SK0007482-CZ20260425-092522-0-1777080324-118189_rewrite-67194-112413.webp","datePublished":"2026-04-27T04:41:02+00:00","breadcrumb":{"@id":"https:\/\/www.domkraftpro.com\/index.php\/produkt\/nejlepsi-cena-zvedak-pojizdny-3-0t-150-490mm-element-shop-cz-15977\/#breadcrumb"},"inLanguage":"cs","potentialAction":[{"@type":"ReadAction","target":["https:\/\/www.domkraftpro.com\/index.php\/produkt\/nejlepsi-cena-zvedak-pojizdny-3-0t-150-490mm-element-shop-cz-15977\/"]}]},{"@type":"ImageObject","inLanguage":"cs","@id":"https:\/\/www.domkraftpro.com\/index.php\/produkt\/nejlepsi-cena-zvedak-pojizdny-3-0t-150-490mm-element-shop-cz-15977\/#primaryimage","url":"https:\/\/www.domkraftpro.com\/wp-content\/uploads\/2026\/SK0007482-CZ20260425-092522-0-1777080324-118189_rewrite-67194-112413.webp","contentUrl":"https:\/\/www.domkraftpro.com\/wp-content\/uploads\/2026\/SK0007482-CZ20260425-092522-0-1777080324-118189_rewrite-67194-112413.webp","width":1000,"height":750},{"@type":"BreadcrumbList","@id":"https:\/\/www.domkraftpro.com\/index.php\/produkt\/nejlepsi-cena-zvedak-pojizdny-3-0t-150-490mm-element-shop-cz-15977\/#breadcrumb","itemListElement":[{"@type":"ListItem","position":1,"name":"Home","item":"https:\/\/www.domkraftpro.com\/"},{"@type":"ListItem","position":2,"name":"Products","item":"https:\/\/www.domkraftpro.com\/index.php\/products\/"},{"@type":"ListItem","position":3,"name":"Nejlep\u0161\u00ed Cena Zved\u00e1k poj\u00edzdn\u00fd, 3,0t, 150-490mm | element-shop.cz"}]},{"@type":"WebSite","@id":"https:\/\/www.domkraftpro.com\/#website","url":"https:\/\/www.domkraftpro.com\/","name":"","description":"","potentialAction":[{"@type":"SearchAction","target":{"@type":"EntryPoint","urlTemplate":"https:\/\/www.domkraftpro.com\/?s={search_term_string}"},"query-input":{"@type":"PropertyValueSpecification","valueRequired":true,"valueName":"search_term_string"}}],"inLanguage":"cs"}]}},"_links":{"self":[{"href":"https:\/\/www.domkraftpro.com\/index.php\/wp-json\/wp\/v2\/product\/15977","targetHints":{"allow":["GET"]}}],"collection":[{"href":"https:\/\/www.domkraftpro.com\/index.php\/wp-json\/wp\/v2\/product"}],"about":[{"href":"https:\/\/www.domkraftpro.com\/index.php\/wp-json\/wp\/v2\/types\/product"}],"replies":[{"embeddable":true,"href":"https:\/\/www.domkraftpro.com\/index.php\/wp-json\/wp\/v2\/comments?post=15977"}],"wp:featuredmedia":[{"embeddable":true,"href":"https:\/\/www.domkraftpro.com\/index.php\/wp-json\/wp\/v2\/media\/16077"}],"wp:attachment":[{"href":"https:\/\/www.domkraftpro.com\/index.php\/wp-json\/wp\/v2\/media?parent=15977"}],"wp:term":[{"taxonomy":"product_brand","embeddable":true,"href":"https:\/\/www.domkraftpro.com\/index.php\/wp-json\/wp\/v2\/product_brand?post=15977"},{"taxonomy":"product_cat","embeddable":true,"href":"https:\/\/www.domkraftpro.com\/index.php\/wp-json\/wp\/v2\/product_cat?post=15977"},{"taxonomy":"product_tag","embeddable":true,"href":"https:\/\/www.domkraftpro.com\/index.php\/wp-json\/wp\/v2\/product_tag?post=15977"}],"curies":[{"name":"wp","href":"https:\/\/api.w.org\/{rel}","templated":true}]}}