{"id":15953,"date":"2026-04-27T04:41:02","date_gmt":"2026-04-27T04:41:02","guid":{"rendered":""},"modified":"2026-04-27T04:41:02","modified_gmt":"2026-04-27T04:41:02","slug":"kanystr-na-vodu-10l-plast-ics-m82210-element-shop-cz-sleva-15953","status":"publish","type":"product","link":"https:\/\/www.domkraftpro.com\/index.php\/produkt\/kanystr-na-vodu-10l-plast-ics-m82210-element-shop-cz-sleva-15953\/","title":{"rendered":"Kanystr na vodu 10L, plast, ICS M82210 | element-shop.cz Sleva"},"content":{"rendered":"<div class=\"basic-description\">\n<h3>Detailn\u00ed popis produktu<\/h3>\n<p>                                    <span class=\"show-tooltip\" title=\"Plastyn\u011bkdy tak\u00e9 naz\u00fdvan\u00e9 plastick\u00e9 \u010di um\u011bl\u00e9 hmoty, p\u0159edstavuj\u00ed \u0161irokou \u0161k\u00e1lu syntetick\u00fdch nebo \u010d\u00e1ste\u010dn\u011b syntetick\u00fdch organick\u00fdch slou\u010denin a polymern\u00edch materi\u00e1l\u016f. \u010casto obsahuj\u00ed p\u0159\u00edsady zlep\u0161uj\u00edc\u00ed jejich funk\u010dn\u00ed vlastnosti, nap\u0159\u00edklad&amp;hellip;\">Plastov\u00fd<\/span> kanystr na pitnou vodu. Tato bandaska nalezne uplatn\u011bn\u00ed v\u0161ude tam, kde nen\u00ed zdroj vody a je nutn\u00e9 si ji don\u00e9st. Je vhodn\u00fd nejen na u\u017eitkovou vodu, ale tak\u00e9 na vodu pitnou.<span class=\"show-tooltip\" title=\"Objem je fyzik\u00e1ln\u00ed veli\u010dina, kter\u00e1 vyjad\u0159uje prostor obsazen\u00fd t\u011blesem. Objem se zpravidla m\u011b\u0159\u00ed v krychlov\u00fdch jednotk\u00e1ch, nap\u0159\u00edklad krychlov\u00e9 metry (m\u00b3) nebo krychlov\u00e9 centimetry (cm\u00b3). Objem lze vypo\u010d\u00edtat r\u016fzn\u00fdmi zp\u016fsoby, v z\u00e1vislosti na&amp;hellip;\">Objem<\/span>: 10 litr\u016fRozm\u011bry: 36,5 x 24,5 x 17 cm ( V x \u0160 x H )<span class=\"show-tooltip\" title=\"Pr\u016fm\u011br kruhu a kru\u017enice je d\u00e9lka \u00fase\u010dky, kter\u00e1 proch\u00e1z\u00ed st\u0159edem kruhu a spojuje dva body na jeho obvodu. Zkr\u00e1cen\u011b se pr\u016fm\u011br kruhu ozna\u010duje symbolem &quot;d&quot;.Vztah mezi pr\u016fm\u011brem kruhu a jeho polom\u011brem &quot;r&quot; je n\u00e1sleduj\u00edc\u00ed: d = 2 * rKde &quot;d&quot; je&amp;hellip;\">Pr\u016fm\u011br<\/span> hrdla: 45 mmMateri\u00e1l: PEN\u00e1levka: integrovan\u00e1 &#8211; odn\u00edmateln\u00e1                            <\/div>\n","protected":false},"excerpt":{"rendered":"<p>Detailn\u00ed popis produktu Plastov\u00fd kanystr na pitnou vodu. Tato bandaska nalezne uplatn\u011bn\u00ed v\u0161ude tam, kde nen\u00ed zdroj vody a je nutn\u00e9 si ji don\u00e9st. Je vhodn\u00fd nejen na u\u017eitkovou vodu, ale tak\u00e9 na vodu pitnou.Objem: 10 litr\u016fRozm\u011bry: 36,5 x 24,5 x 17 cm ( V x \u0160 x H )Pr\u016fm\u011br hrdla: 45 mmMateri\u00e1l: PEN\u00e1levka: integrovan\u00e1 [&hellip;]<\/p>\n","protected":false},"featured_media":16053,"comment_status":"open","ping_status":"open","template":"","meta":[],"product_brand":[],"product_cat":[63],"product_tag":[],"class_list":{"0":"post-15953","1":"product","2":"type-product","3":"status-publish","4":"has-post-thumbnail","6":"product_cat-automotive","8":"first","9":"instock","10":"sale","11":"shipping-taxable","12":"purchasable","13":"product-type-simple"},"yoast_head":"<!-- This site is optimized with the Yoast SEO plugin v26.8 - https:\/\/yoast.com\/product\/yoast-seo-wordpress\/ -->\n<title>Kanystr na vodu 10L, plast, ICS M82210 | element-shop.cz Sleva -<\/title>\n<meta name=\"robots\" content=\"index, follow, max-snippet:-1, max-image-preview:large, max-video-preview:-1\" \/>\n<link rel=\"canonical\" href=\"https:\/\/www.domkraftpro.com\/index.php\/produkt\/kanystr-na-vodu-10l-plast-ics-m82210-element-shop-cz-sleva-15953\/\" \/>\n<meta property=\"og:locale\" content=\"cs_CZ\" \/>\n<meta property=\"og:type\" content=\"article\" \/>\n<meta property=\"og:title\" content=\"Kanystr na vodu 10L, plast, ICS M82210 | element-shop.cz Sleva -\" \/>\n<meta property=\"og:description\" content=\"Detailn\u00ed popis produktu Plastov\u00fd kanystr na pitnou vodu. Tato bandaska nalezne uplatn\u011bn\u00ed v\u0161ude tam, kde nen\u00ed zdroj vody a je nutn\u00e9 si ji don\u00e9st. Je vhodn\u00fd nejen na u\u017eitkovou vodu, ale tak\u00e9 na vodu pitnou.Objem: 10 litr\u016fRozm\u011bry: 36,5 x 24,5 x 17 cm ( V x \u0160 x H )Pr\u016fm\u011br hrdla: 45 mmMateri\u00e1l: PEN\u00e1levka: integrovan\u00e1 [&hellip;]\" \/>\n<meta property=\"og:url\" content=\"https:\/\/www.domkraftpro.com\/index.php\/produkt\/kanystr-na-vodu-10l-plast-ics-m82210-element-shop-cz-sleva-15953\/\" \/>\n<meta property=\"og:image\" content=\"https:\/\/www.domkraftpro.com\/wp-content\/uploads\/2026\/SK0007458-CZ20260425-092522-0-1777080324-117931_rewrite-55386-254880.webp\" \/>\n\t<meta property=\"og:image:width\" content=\"1000\" \/>\n\t<meta property=\"og:image:height\" content=\"750\" \/>\n\t<meta property=\"og:image:type\" content=\"image\/webp\" \/>\n<meta name=\"twitter:card\" content=\"summary_large_image\" \/>\n<script type=\"application\/ld+json\" class=\"yoast-schema-graph\">{\"@context\":\"https:\/\/schema.org\",\"@graph\":[{\"@type\":\"WebPage\",\"@id\":\"https:\/\/www.domkraftpro.com\/index.php\/produkt\/kanystr-na-vodu-10l-plast-ics-m82210-element-shop-cz-sleva-15953\/\",\"url\":\"https:\/\/www.domkraftpro.com\/index.php\/produkt\/kanystr-na-vodu-10l-plast-ics-m82210-element-shop-cz-sleva-15953\/\",\"name\":\"Kanystr na vodu 10L, plast, ICS M82210 | element-shop.cz Sleva -\",\"isPartOf\":{\"@id\":\"https:\/\/www.domkraftpro.com\/#website\"},\"primaryImageOfPage\":{\"@id\":\"https:\/\/www.domkraftpro.com\/index.php\/produkt\/kanystr-na-vodu-10l-plast-ics-m82210-element-shop-cz-sleva-15953\/#primaryimage\"},\"image\":{\"@id\":\"https:\/\/www.domkraftpro.com\/index.php\/produkt\/kanystr-na-vodu-10l-plast-ics-m82210-element-shop-cz-sleva-15953\/#primaryimage\"},\"thumbnailUrl\":\"https:\/\/www.domkraftpro.com\/wp-content\/uploads\/2026\/SK0007458-CZ20260425-092522-0-1777080324-117931_rewrite-55386-254880.webp\",\"datePublished\":\"2026-04-27T04:41:02+00:00\",\"breadcrumb\":{\"@id\":\"https:\/\/www.domkraftpro.com\/index.php\/produkt\/kanystr-na-vodu-10l-plast-ics-m82210-element-shop-cz-sleva-15953\/#breadcrumb\"},\"inLanguage\":\"cs\",\"potentialAction\":[{\"@type\":\"ReadAction\",\"target\":[\"https:\/\/www.domkraftpro.com\/index.php\/produkt\/kanystr-na-vodu-10l-plast-ics-m82210-element-shop-cz-sleva-15953\/\"]}]},{\"@type\":\"ImageObject\",\"inLanguage\":\"cs\",\"@id\":\"https:\/\/www.domkraftpro.com\/index.php\/produkt\/kanystr-na-vodu-10l-plast-ics-m82210-element-shop-cz-sleva-15953\/#primaryimage\",\"url\":\"https:\/\/www.domkraftpro.com\/wp-content\/uploads\/2026\/SK0007458-CZ20260425-092522-0-1777080324-117931_rewrite-55386-254880.webp\",\"contentUrl\":\"https:\/\/www.domkraftpro.com\/wp-content\/uploads\/2026\/SK0007458-CZ20260425-092522-0-1777080324-117931_rewrite-55386-254880.webp\",\"width\":1000,\"height\":750},{\"@type\":\"BreadcrumbList\",\"@id\":\"https:\/\/www.domkraftpro.com\/index.php\/produkt\/kanystr-na-vodu-10l-plast-ics-m82210-element-shop-cz-sleva-15953\/#breadcrumb\",\"itemListElement\":[{\"@type\":\"ListItem\",\"position\":1,\"name\":\"Home\",\"item\":\"https:\/\/www.domkraftpro.com\/\"},{\"@type\":\"ListItem\",\"position\":2,\"name\":\"Products\",\"item\":\"https:\/\/www.domkraftpro.com\/index.php\/products\/\"},{\"@type\":\"ListItem\",\"position\":3,\"name\":\"Kanystr na vodu 10L, plast, ICS M82210 | element-shop.cz Sleva\"}]},{\"@type\":\"WebSite\",\"@id\":\"https:\/\/www.domkraftpro.com\/#website\",\"url\":\"https:\/\/www.domkraftpro.com\/\",\"name\":\"\",\"description\":\"\",\"potentialAction\":[{\"@type\":\"SearchAction\",\"target\":{\"@type\":\"EntryPoint\",\"urlTemplate\":\"https:\/\/www.domkraftpro.com\/?s={search_term_string}\"},\"query-input\":{\"@type\":\"PropertyValueSpecification\",\"valueRequired\":true,\"valueName\":\"search_term_string\"}}],\"inLanguage\":\"cs\"}]}<\/script>\n<!-- \/ Yoast SEO plugin. -->","yoast_head_json":{"title":"Kanystr na vodu 10L, plast, ICS M82210 | element-shop.cz Sleva -","robots":{"index":"index","follow":"follow","max-snippet":"max-snippet:-1","max-image-preview":"max-image-preview:large","max-video-preview":"max-video-preview:-1"},"canonical":"https:\/\/www.domkraftpro.com\/index.php\/produkt\/kanystr-na-vodu-10l-plast-ics-m82210-element-shop-cz-sleva-15953\/","og_locale":"cs_CZ","og_type":"article","og_title":"Kanystr na vodu 10L, plast, ICS M82210 | element-shop.cz Sleva -","og_description":"Detailn\u00ed popis produktu Plastov\u00fd kanystr na pitnou vodu. Tato bandaska nalezne uplatn\u011bn\u00ed v\u0161ude tam, kde nen\u00ed zdroj vody a je nutn\u00e9 si ji don\u00e9st. Je vhodn\u00fd nejen na u\u017eitkovou vodu, ale tak\u00e9 na vodu pitnou.Objem: 10 litr\u016fRozm\u011bry: 36,5 x 24,5 x 17 cm ( V x \u0160 x H )Pr\u016fm\u011br hrdla: 45 mmMateri\u00e1l: PEN\u00e1levka: integrovan\u00e1 [&hellip;]","og_url":"https:\/\/www.domkraftpro.com\/index.php\/produkt\/kanystr-na-vodu-10l-plast-ics-m82210-element-shop-cz-sleva-15953\/","og_image":[{"width":1000,"height":750,"url":"https:\/\/www.domkraftpro.com\/wp-content\/uploads\/2026\/SK0007458-CZ20260425-092522-0-1777080324-117931_rewrite-55386-254880.webp","type":"image\/webp"}],"twitter_card":"summary_large_image","schema":{"@context":"https:\/\/schema.org","@graph":[{"@type":"WebPage","@id":"https:\/\/www.domkraftpro.com\/index.php\/produkt\/kanystr-na-vodu-10l-plast-ics-m82210-element-shop-cz-sleva-15953\/","url":"https:\/\/www.domkraftpro.com\/index.php\/produkt\/kanystr-na-vodu-10l-plast-ics-m82210-element-shop-cz-sleva-15953\/","name":"Kanystr na vodu 10L, plast, ICS M82210 | element-shop.cz Sleva -","isPartOf":{"@id":"https:\/\/www.domkraftpro.com\/#website"},"primaryImageOfPage":{"@id":"https:\/\/www.domkraftpro.com\/index.php\/produkt\/kanystr-na-vodu-10l-plast-ics-m82210-element-shop-cz-sleva-15953\/#primaryimage"},"image":{"@id":"https:\/\/www.domkraftpro.com\/index.php\/produkt\/kanystr-na-vodu-10l-plast-ics-m82210-element-shop-cz-sleva-15953\/#primaryimage"},"thumbnailUrl":"https:\/\/www.domkraftpro.com\/wp-content\/uploads\/2026\/SK0007458-CZ20260425-092522-0-1777080324-117931_rewrite-55386-254880.webp","datePublished":"2026-04-27T04:41:02+00:00","breadcrumb":{"@id":"https:\/\/www.domkraftpro.com\/index.php\/produkt\/kanystr-na-vodu-10l-plast-ics-m82210-element-shop-cz-sleva-15953\/#breadcrumb"},"inLanguage":"cs","potentialAction":[{"@type":"ReadAction","target":["https:\/\/www.domkraftpro.com\/index.php\/produkt\/kanystr-na-vodu-10l-plast-ics-m82210-element-shop-cz-sleva-15953\/"]}]},{"@type":"ImageObject","inLanguage":"cs","@id":"https:\/\/www.domkraftpro.com\/index.php\/produkt\/kanystr-na-vodu-10l-plast-ics-m82210-element-shop-cz-sleva-15953\/#primaryimage","url":"https:\/\/www.domkraftpro.com\/wp-content\/uploads\/2026\/SK0007458-CZ20260425-092522-0-1777080324-117931_rewrite-55386-254880.webp","contentUrl":"https:\/\/www.domkraftpro.com\/wp-content\/uploads\/2026\/SK0007458-CZ20260425-092522-0-1777080324-117931_rewrite-55386-254880.webp","width":1000,"height":750},{"@type":"BreadcrumbList","@id":"https:\/\/www.domkraftpro.com\/index.php\/produkt\/kanystr-na-vodu-10l-plast-ics-m82210-element-shop-cz-sleva-15953\/#breadcrumb","itemListElement":[{"@type":"ListItem","position":1,"name":"Home","item":"https:\/\/www.domkraftpro.com\/"},{"@type":"ListItem","position":2,"name":"Products","item":"https:\/\/www.domkraftpro.com\/index.php\/products\/"},{"@type":"ListItem","position":3,"name":"Kanystr na vodu 10L, plast, ICS M82210 | element-shop.cz Sleva"}]},{"@type":"WebSite","@id":"https:\/\/www.domkraftpro.com\/#website","url":"https:\/\/www.domkraftpro.com\/","name":"","description":"","potentialAction":[{"@type":"SearchAction","target":{"@type":"EntryPoint","urlTemplate":"https:\/\/www.domkraftpro.com\/?s={search_term_string}"},"query-input":{"@type":"PropertyValueSpecification","valueRequired":true,"valueName":"search_term_string"}}],"inLanguage":"cs"}]}},"_links":{"self":[{"href":"https:\/\/www.domkraftpro.com\/index.php\/wp-json\/wp\/v2\/product\/15953","targetHints":{"allow":["GET"]}}],"collection":[{"href":"https:\/\/www.domkraftpro.com\/index.php\/wp-json\/wp\/v2\/product"}],"about":[{"href":"https:\/\/www.domkraftpro.com\/index.php\/wp-json\/wp\/v2\/types\/product"}],"replies":[{"embeddable":true,"href":"https:\/\/www.domkraftpro.com\/index.php\/wp-json\/wp\/v2\/comments?post=15953"}],"wp:featuredmedia":[{"embeddable":true,"href":"https:\/\/www.domkraftpro.com\/index.php\/wp-json\/wp\/v2\/media\/16053"}],"wp:attachment":[{"href":"https:\/\/www.domkraftpro.com\/index.php\/wp-json\/wp\/v2\/media?parent=15953"}],"wp:term":[{"taxonomy":"product_brand","embeddable":true,"href":"https:\/\/www.domkraftpro.com\/index.php\/wp-json\/wp\/v2\/product_brand?post=15953"},{"taxonomy":"product_cat","embeddable":true,"href":"https:\/\/www.domkraftpro.com\/index.php\/wp-json\/wp\/v2\/product_cat?post=15953"},{"taxonomy":"product_tag","embeddable":true,"href":"https:\/\/www.domkraftpro.com\/index.php\/wp-json\/wp\/v2\/product_tag?post=15953"}],"curies":[{"name":"wp","href":"https:\/\/api.w.org\/{rel}","templated":true}]}}