{"id":1582,"date":"2026-04-27T04:40:34","date_gmt":"2026-04-27T04:40:34","guid":{"rendered":""},"modified":"2026-04-27T04:40:34","modified_gmt":"2026-04-27T04:40:34","slug":"pouze-dnes-led-pasek-solarni-vc-dalkovy-ovladac-5m-ip44-2-8w-51lm-m-60-leds-m-3000k-paulmann-1582","status":"publish","type":"product","link":"https:\/\/www.domkraftpro.com\/index.php\/produkt\/pouze-dnes-led-pasek-solarni-vc-dalkovy-ovladac-5m-ip44-2-8w-51lm-m-60-leds-m-3000k-paulmann-1582\/","title":{"rendered":"Pouze Dnes LED p\u00e1sek sol\u00e1rn\u00ed v\u010d. d\u00e1lkov\u00fd ovlada\u010d 5m IP44 2,8W 51lm\/m 60 LEDs\/m 3000K &#8211; PAULMANN"},"content":{"rendered":"<h3 class=\"product-h3\">Popis produktu<\/h3>\n<p><p> S udr\u017eiteln\u00fdm akcentn\u00edm osv\u011btlen\u00edm pro d\u016fm a zahradu je ka\u017ed\u00fd venkovn\u00ed prostor zalit\u00fd atmosf\u00e9rick\u00fdm sv\u011btlem. LED p\u00e1sek o d\u00e9lce 5m, poh\u00e1n\u011bn\u00fd kvalitn\u00edm sol\u00e1rn\u00edm panelem, zaji\u0161\u0165uje efektivn\u00ed a ekologick\u00e9 \u0159e\u0161en\u00ed osv\u011btlen\u00ed. Rychl\u00e1 doba nab\u00edjen\u00ed a dlouh\u00e1 v\u00fddr\u017e sv\u00edcen\u00ed zaru\u010duj\u00ed spolehliv\u00e9 pou\u017e\u00edv\u00e1n\u00ed. Tepl\u00e9 b\u00edl\u00e9 sv\u011btlo vytv\u00e1\u0159\u00ed p\u0159\u00edjemnou atmosf\u00e9ru. D\u00edky soumrakov\u00e9mu senzoru se sv\u011btlo za tmy automaticky zapne, zat\u00edmco p\u0159ilo\u017een\u00fd d\u00e1lkov\u00fd ovlada\u010d umo\u017e\u0148uje ovl\u00e1dat, stm\u00edvat nebo nastavovat \u010dasova\u010d podle pot\u0159eby. Standardizovan\u00e1 Li-Ion baterie (18650) je vym\u011bniteln\u00e1. D\u00edky t\u00e9to sol\u00e1rn\u00ed technologii je osv\u011btlen\u00ed nez\u00e1visl\u00e9 na elektrick\u00e9 p\u0159\u00edpojce a lze jej flexibiln\u011b um\u00edstit.<\/p>\n<\/p><\/div>\n<div class=\"product-left-popis-vyrobce\">\n<div class='col-xs-12'>\n<h1>Paulmann &ndash; sv&iacute;tidla s tradic&iacute;<\/h1>\n<p>S v\u011bdom&iacute;m toho, \u017ee sv\u011btlo je d\u016fle\u017eit&yacute;m elementem pro ka\u017ed&eacute;ho \u010dlov\u011bka, koncipuje n\u011bmeck&yacute; v&yacute;robce sv&iacute;tidel Paulmann <strong>funk\u010dn&iacute; a p\u0159itom designov\u011b nad\u010dasov&aacute; sv&iacute;tidla<\/strong>, kter&aacute; lze pou\u017e&iacute;t do ka\u017ed&eacute;ho bytu, domu i kancel&aacute;\u0159e. Se sv&iacute;tidly Paulmann z&iacute;sk&aacute;te snadno instalovateln&yacute; modern&iacute; dopln\u011bk interi&eacute;ru, kter&yacute; je vyroben z kvalitn&iacute;ch materi&aacute;l\u016f a vyu\u017e&iacute;v&aacute; pokro\u010dil&eacute; technologie. Firma Paulmann si potrp&iacute; na inovace a pokrok, <strong>ka\u017ed&yacute; rok<\/strong> tedy uvede na trh zhruba <strong>t\u0159i stovky novinek<\/strong>.<\/p>\n<p>Sortiment sv&iacute;tidel Paulmann tvo\u0159&iacute; <strong>z&aacute;v\u011bsn&aacute; sv&iacute;tidla<\/strong>, <strong>stojac&iacute; lampy<\/strong>, <strong>stropn&iacute; sv&iacute;tidla<\/strong>, <strong>stoln&iacute; lampy<\/strong> i&nbsp;<strong>n&aacute;st\u011bnn&aacute; \u010di spotov&aacute; sv&iacute;tidla<\/strong>. St\u011b\u017eejn&iacute;mi jsou modern&iacute; <strong>kolejnicov&eacute;<\/strong> a <strong>lankov&eacute; syst&eacute;my<\/strong> osv\u011btlen&iacute; ur\u010den&eacute; i pro &scaron;ikm&eacute; stropy nebo mezi tr&aacute;my na strop\u011b. Velmi obl&iacute;ben&eacute; jsou tak&eacute; <strong>vestavn&eacute; bodovky<\/strong> v&nbsp;r\u016fzn&yacute;ch velikostech, tvarech a s &scaron;irok&yacute;m v&yacute;b\u011brem povrchov&yacute;ch &uacute;prav (chrom, nerez, b&iacute;l&aacute;, hlin&iacute;k, &hellip;). Mezi nejpopul&aacute;rn\u011bj&scaron;&iacute; typ sv&iacute;tidel pat\u0159&iacute; <strong>LED sv&iacute;tidla<\/strong>, ta najdou uplatn\u011bn&iacute; nap\u0159. v koupeln\u011b, a\u0165 u\u017e stropn&iacute;, n&aacute;st\u011bnn&aacute;, na zrcadlo nebo diody do sp&aacute;r mezi dla\u017edice. <strong>LED p&aacute;sky<\/strong> najdou sv&eacute; uplatn\u011bn&iacute; nejen pod kuchy\u0148skou linkou, s dostate\u010dn&yacute;m IP kryt&iacute;m jsou vhodn&eacute; i pro venkovn&iacute; pou\u017eit&iacute;. Firma Paulmann vyr&aacute;b&iacute; <strong>venkovn&iacute; sv&iacute;tidla <\/strong>pojezdov&aacute;, sloupkov&aacute; i n&aacute;st\u011bnn&aacute;, nap\u0159&iacute;klad s \u010d&iacute;slem domu.<\/p>\n<p>Pro v&scaron;echny, kte\u0159&iacute; si potrp&iacute; na modern&iacute; trendy, nab&iacute;z&iacute; Paulmann tak&eacute; sv&iacute;tidla, kter&aacute; m\u016f\u017eete ovl&aacute;dat na d&aacute;lku pomoc&iacute; tabletu nebo chytr&eacute;ho telefonu v r&aacute;mci syst&eacute;mu <strong>SMART HOME.<\/strong><\/p>\n<p><strong>AULIX &#8211; v\u00fdhradn\u00ed z\u00e1stupce a p\u0159\u00edm\u00fd dovozce sv\u00edtidel PAULMANN do \u010cR<\/strong><\/p>\n<\/p><\/div>\n<\/p><\/div>\n<\/p><\/div>\n<p><\/p>\n<div class=\"top-params\">\n<h3 class=\"product-h3 collapse-header \" data-toggle=\"collapse\" data-target=\"#collapseOne\" aria-expanded=\"true\" aria-controls=\"collapseOne\">Parametry<\/h3>\n<div id=\"collapseOne\" class=\"collapse show\" aria-labelledby=\"headingOne\" data-parent=\"#product-info-accordion1\">\n<table class=\"table-striped\">\n<tr>\n<td>                V\u00fd\u0161ka v mm            <\/td>\n<td>                111            <\/td>\n<\/tr>\n<tr>\n<td>                Sv\u011bteln\u00fd senzor            <\/td>\n<td>                ano            <\/td>\n<\/tr>\n<tr>\n<td>                D\u00e1lkov\u00e9 ovl\u00e1d\u00e1n\u00ed            <\/td>\n<td>                ano            <\/td>\n<\/tr>\n<tr>\n<td>                T\u0159\u00edda ochrany            <\/td>\n<td>                III            <\/td>\n<\/tr>\n<tr>\n<td>                Stm\u00edvateln\u00e9            <\/td>\n<td>                ano            <\/td>\n<\/tr>\n<tr>\n<td>                \u017divotnost            <\/td>\n<td>                20000h            <\/td>\n<\/tr>\n<tr>\n<td>                \u0160\u00ed\u0159ka v mm            <\/td>\n<td>                101            <\/td>\n<\/tr>\n<tr>\n<td>                D\u00e9lka v mm            <\/td>\n<td>                5000            <\/td>\n<\/tr>\n<tr>\n<td>                Hloubka v mm            <\/td>\n<td>                26            <\/td>\n<\/tr>\n<tr>\n<td>                Ochrana IP            <\/td>\n<td>                IP44            <\/td>\n<\/tr>\n<tr>\n<td>                Sv\u011bteln\u00fd tok            <\/td>\n<td>                255lm            <\/td>\n<\/tr>\n<tr>\n<td>                Teplota barvy sv\u011btla            <\/td>\n<td>                3000K            <\/td>\n<\/tr>\n<tr>\n<td>                Max. p\u0159\u00edkon sv\u011bteln\u00e9ho zdroje            <\/td>\n<td>                2,8W            <\/td>\n<\/tr>\n<tr>\n<td>                V\u00fdkon            <\/td>\n<td>                2,8W            <\/td>\n<\/tr>\n<tr>\n<td>                Patice            <\/td>\n<td>                LED            <\/td>\n<\/tr>\n<tr>\n<td>                V\u010detn\u011b sv\u011bteln\u00e9ho zdroje            <\/td>\n<td>                ano            <\/td>\n<\/tr>\n<tr>\n<td>                Materi\u00e1l            <\/td>\n<td>                plast            <\/td>\n<\/tr>\n<tr>\n<td>                Barva            <\/td>\n<td>                \u010dern\u00e1            <\/td>\n<\/tr>\n<tr>\n<td>                Po\u010det sv\u011bteln\u00fdch zdroj\u016f            <\/td>\n<td>                1            <\/td>\n<\/tr>\n<tr>\n<td>                V\u00fdrobce            <\/td>\n<td>                PAULMANN            <\/td>\n<\/tr>\n<tr>\n<td>                Kolekce            <\/td>\n<td>                Solar LED Strip            <\/td>\n<\/tr>\n<\/table>\n<\/div><\/div>\n<\/div>\n<div class=\"accordion\" id=\"product-info-accordion2\">\n","protected":false},"excerpt":{"rendered":"<p>Popis produktu S udr\u017eiteln\u00fdm akcentn\u00edm osv\u011btlen\u00edm pro d\u016fm a zahradu je ka\u017ed\u00fd venkovn\u00ed prostor zalit\u00fd atmosf\u00e9rick\u00fdm sv\u011btlem. LED p\u00e1sek o d\u00e9lce 5m, poh\u00e1n\u011bn\u00fd kvalitn\u00edm sol\u00e1rn\u00edm panelem, zaji\u0161\u0165uje efektivn\u00ed a ekologick\u00e9 \u0159e\u0161en\u00ed osv\u011btlen\u00ed. Rychl\u00e1 doba nab\u00edjen\u00ed a dlouh\u00e1 v\u00fddr\u017e sv\u00edcen\u00ed zaru\u010duj\u00ed spolehliv\u00e9 pou\u017e\u00edv\u00e1n\u00ed. Tepl\u00e9 b\u00edl\u00e9 sv\u011btlo vytv\u00e1\u0159\u00ed p\u0159\u00edjemnou atmosf\u00e9ru. D\u00edky soumrakov\u00e9mu senzoru se sv\u011btlo za tmy [&hellip;]<\/p>\n","protected":false},"featured_media":1682,"comment_status":"open","ping_status":"open","template":"","meta":[],"product_brand":[],"product_cat":[32],"product_tag":[],"class_list":{"0":"post-1582","1":"product","2":"type-product","3":"status-publish","4":"has-post-thumbnail","6":"product_cat-venkovni-svitidla","8":"first","9":"instock","10":"sale","11":"shipping-taxable","12":"purchasable","13":"product-type-simple"},"yoast_head":"<!-- This site is optimized with the Yoast SEO plugin v26.8 - https:\/\/yoast.com\/product\/yoast-seo-wordpress\/ -->\n<title>Pouze Dnes LED p\u00e1sek sol\u00e1rn\u00ed v\u010d. d\u00e1lkov\u00fd ovlada\u010d 5m IP44 2,8W 51lm\/m 60 LEDs\/m 3000K - PAULMANN -<\/title>\n<meta name=\"robots\" content=\"index, follow, max-snippet:-1, max-image-preview:large, max-video-preview:-1\" \/>\n<link rel=\"canonical\" href=\"https:\/\/www.domkraftpro.com\/index.php\/produkt\/pouze-dnes-led-pasek-solarni-vc-dalkovy-ovladac-5m-ip44-2-8w-51lm-m-60-leds-m-3000k-paulmann-1582\/\" \/>\n<meta property=\"og:locale\" content=\"cs_CZ\" \/>\n<meta property=\"og:type\" content=\"article\" \/>\n<meta property=\"og:title\" content=\"Pouze Dnes LED p\u00e1sek sol\u00e1rn\u00ed v\u010d. d\u00e1lkov\u00fd ovlada\u010d 5m IP44 2,8W 51lm\/m 60 LEDs\/m 3000K - PAULMANN -\" \/>\n<meta property=\"og:description\" content=\"Popis produktu S udr\u017eiteln\u00fdm akcentn\u00edm osv\u011btlen\u00edm pro d\u016fm a zahradu je ka\u017ed\u00fd venkovn\u00ed prostor zalit\u00fd atmosf\u00e9rick\u00fdm sv\u011btlem. LED p\u00e1sek o d\u00e9lce 5m, poh\u00e1n\u011bn\u00fd kvalitn\u00edm sol\u00e1rn\u00edm panelem, zaji\u0161\u0165uje efektivn\u00ed a ekologick\u00e9 \u0159e\u0161en\u00ed osv\u011btlen\u00ed. Rychl\u00e1 doba nab\u00edjen\u00ed a dlouh\u00e1 v\u00fddr\u017e sv\u00edcen\u00ed zaru\u010duj\u00ed spolehliv\u00e9 pou\u017e\u00edv\u00e1n\u00ed. Tepl\u00e9 b\u00edl\u00e9 sv\u011btlo vytv\u00e1\u0159\u00ed p\u0159\u00edjemnou atmosf\u00e9ru. D\u00edky soumrakov\u00e9mu senzoru se sv\u011btlo za tmy [&hellip;]\" \/>\n<meta property=\"og:url\" content=\"https:\/\/www.domkraftpro.com\/index.php\/produkt\/pouze-dnes-led-pasek-solarni-vc-dalkovy-ovladac-5m-ip44-2-8w-51lm-m-60-leds-m-3000k-paulmann-1582\/\" \/>\n<meta property=\"og:image\" content=\"https:\/\/www.domkraftpro.com\/wp-content\/uploads\/2026\/SK0053901-CZ20260425-091535-0-1777079744-P-71193.webp\" \/>\n\t<meta property=\"og:image:width\" content=\"779\" \/>\n\t<meta property=\"og:image:height\" content=\"800\" \/>\n\t<meta property=\"og:image:type\" content=\"image\/webp\" \/>\n<meta name=\"twitter:card\" content=\"summary_large_image\" \/>\n<meta name=\"twitter:label1\" content=\"Odhadovan\u00e1 doba \u010dten\u00ed\" \/>\n\t<meta name=\"twitter:data1\" content=\"3 minuty\" \/>\n<script type=\"application\/ld+json\" class=\"yoast-schema-graph\">{\"@context\":\"https:\/\/schema.org\",\"@graph\":[{\"@type\":\"WebPage\",\"@id\":\"https:\/\/www.domkraftpro.com\/index.php\/produkt\/pouze-dnes-led-pasek-solarni-vc-dalkovy-ovladac-5m-ip44-2-8w-51lm-m-60-leds-m-3000k-paulmann-1582\/\",\"url\":\"https:\/\/www.domkraftpro.com\/index.php\/produkt\/pouze-dnes-led-pasek-solarni-vc-dalkovy-ovladac-5m-ip44-2-8w-51lm-m-60-leds-m-3000k-paulmann-1582\/\",\"name\":\"Pouze Dnes LED p\u00e1sek sol\u00e1rn\u00ed v\u010d. d\u00e1lkov\u00fd ovlada\u010d 5m IP44 2,8W 51lm\/m 60 LEDs\/m 3000K - PAULMANN -\",\"isPartOf\":{\"@id\":\"https:\/\/www.domkraftpro.com\/#website\"},\"primaryImageOfPage\":{\"@id\":\"https:\/\/www.domkraftpro.com\/index.php\/produkt\/pouze-dnes-led-pasek-solarni-vc-dalkovy-ovladac-5m-ip44-2-8w-51lm-m-60-leds-m-3000k-paulmann-1582\/#primaryimage\"},\"image\":{\"@id\":\"https:\/\/www.domkraftpro.com\/index.php\/produkt\/pouze-dnes-led-pasek-solarni-vc-dalkovy-ovladac-5m-ip44-2-8w-51lm-m-60-leds-m-3000k-paulmann-1582\/#primaryimage\"},\"thumbnailUrl\":\"https:\/\/www.domkraftpro.com\/wp-content\/uploads\/2026\/SK0053901-CZ20260425-091535-0-1777079744-P-71193.webp\",\"datePublished\":\"2026-04-27T04:40:34+00:00\",\"breadcrumb\":{\"@id\":\"https:\/\/www.domkraftpro.com\/index.php\/produkt\/pouze-dnes-led-pasek-solarni-vc-dalkovy-ovladac-5m-ip44-2-8w-51lm-m-60-leds-m-3000k-paulmann-1582\/#breadcrumb\"},\"inLanguage\":\"cs\",\"potentialAction\":[{\"@type\":\"ReadAction\",\"target\":[\"https:\/\/www.domkraftpro.com\/index.php\/produkt\/pouze-dnes-led-pasek-solarni-vc-dalkovy-ovladac-5m-ip44-2-8w-51lm-m-60-leds-m-3000k-paulmann-1582\/\"]}]},{\"@type\":\"ImageObject\",\"inLanguage\":\"cs\",\"@id\":\"https:\/\/www.domkraftpro.com\/index.php\/produkt\/pouze-dnes-led-pasek-solarni-vc-dalkovy-ovladac-5m-ip44-2-8w-51lm-m-60-leds-m-3000k-paulmann-1582\/#primaryimage\",\"url\":\"https:\/\/www.domkraftpro.com\/wp-content\/uploads\/2026\/SK0053901-CZ20260425-091535-0-1777079744-P-71193.webp\",\"contentUrl\":\"https:\/\/www.domkraftpro.com\/wp-content\/uploads\/2026\/SK0053901-CZ20260425-091535-0-1777079744-P-71193.webp\",\"width\":779,\"height\":800},{\"@type\":\"BreadcrumbList\",\"@id\":\"https:\/\/www.domkraftpro.com\/index.php\/produkt\/pouze-dnes-led-pasek-solarni-vc-dalkovy-ovladac-5m-ip44-2-8w-51lm-m-60-leds-m-3000k-paulmann-1582\/#breadcrumb\",\"itemListElement\":[{\"@type\":\"ListItem\",\"position\":1,\"name\":\"Home\",\"item\":\"https:\/\/www.domkraftpro.com\/\"},{\"@type\":\"ListItem\",\"position\":2,\"name\":\"Products\",\"item\":\"https:\/\/www.domkraftpro.com\/index.php\/products\/\"},{\"@type\":\"ListItem\",\"position\":3,\"name\":\"Pouze Dnes LED p\u00e1sek sol\u00e1rn\u00ed v\u010d. d\u00e1lkov\u00fd ovlada\u010d 5m IP44 2,8W 51lm\/m 60 LEDs\/m 3000K &#8211; PAULMANN\"}]},{\"@type\":\"WebSite\",\"@id\":\"https:\/\/www.domkraftpro.com\/#website\",\"url\":\"https:\/\/www.domkraftpro.com\/\",\"name\":\"\",\"description\":\"\",\"potentialAction\":[{\"@type\":\"SearchAction\",\"target\":{\"@type\":\"EntryPoint\",\"urlTemplate\":\"https:\/\/www.domkraftpro.com\/?s={search_term_string}\"},\"query-input\":{\"@type\":\"PropertyValueSpecification\",\"valueRequired\":true,\"valueName\":\"search_term_string\"}}],\"inLanguage\":\"cs\"}]}<\/script>\n<!-- \/ Yoast SEO plugin. -->","yoast_head_json":{"title":"Pouze Dnes LED p\u00e1sek sol\u00e1rn\u00ed v\u010d. d\u00e1lkov\u00fd ovlada\u010d 5m IP44 2,8W 51lm\/m 60 LEDs\/m 3000K - PAULMANN -","robots":{"index":"index","follow":"follow","max-snippet":"max-snippet:-1","max-image-preview":"max-image-preview:large","max-video-preview":"max-video-preview:-1"},"canonical":"https:\/\/www.domkraftpro.com\/index.php\/produkt\/pouze-dnes-led-pasek-solarni-vc-dalkovy-ovladac-5m-ip44-2-8w-51lm-m-60-leds-m-3000k-paulmann-1582\/","og_locale":"cs_CZ","og_type":"article","og_title":"Pouze Dnes LED p\u00e1sek sol\u00e1rn\u00ed v\u010d. d\u00e1lkov\u00fd ovlada\u010d 5m IP44 2,8W 51lm\/m 60 LEDs\/m 3000K - PAULMANN -","og_description":"Popis produktu S udr\u017eiteln\u00fdm akcentn\u00edm osv\u011btlen\u00edm pro d\u016fm a zahradu je ka\u017ed\u00fd venkovn\u00ed prostor zalit\u00fd atmosf\u00e9rick\u00fdm sv\u011btlem. LED p\u00e1sek o d\u00e9lce 5m, poh\u00e1n\u011bn\u00fd kvalitn\u00edm sol\u00e1rn\u00edm panelem, zaji\u0161\u0165uje efektivn\u00ed a ekologick\u00e9 \u0159e\u0161en\u00ed osv\u011btlen\u00ed. Rychl\u00e1 doba nab\u00edjen\u00ed a dlouh\u00e1 v\u00fddr\u017e sv\u00edcen\u00ed zaru\u010duj\u00ed spolehliv\u00e9 pou\u017e\u00edv\u00e1n\u00ed. Tepl\u00e9 b\u00edl\u00e9 sv\u011btlo vytv\u00e1\u0159\u00ed p\u0159\u00edjemnou atmosf\u00e9ru. D\u00edky soumrakov\u00e9mu senzoru se sv\u011btlo za tmy [&hellip;]","og_url":"https:\/\/www.domkraftpro.com\/index.php\/produkt\/pouze-dnes-led-pasek-solarni-vc-dalkovy-ovladac-5m-ip44-2-8w-51lm-m-60-leds-m-3000k-paulmann-1582\/","og_image":[{"width":779,"height":800,"url":"https:\/\/www.domkraftpro.com\/wp-content\/uploads\/2026\/SK0053901-CZ20260425-091535-0-1777079744-P-71193.webp","type":"image\/webp"}],"twitter_card":"summary_large_image","twitter_misc":{"Odhadovan\u00e1 doba \u010dten\u00ed":"3 minuty"},"schema":{"@context":"https:\/\/schema.org","@graph":[{"@type":"WebPage","@id":"https:\/\/www.domkraftpro.com\/index.php\/produkt\/pouze-dnes-led-pasek-solarni-vc-dalkovy-ovladac-5m-ip44-2-8w-51lm-m-60-leds-m-3000k-paulmann-1582\/","url":"https:\/\/www.domkraftpro.com\/index.php\/produkt\/pouze-dnes-led-pasek-solarni-vc-dalkovy-ovladac-5m-ip44-2-8w-51lm-m-60-leds-m-3000k-paulmann-1582\/","name":"Pouze Dnes LED p\u00e1sek sol\u00e1rn\u00ed v\u010d. d\u00e1lkov\u00fd ovlada\u010d 5m IP44 2,8W 51lm\/m 60 LEDs\/m 3000K - PAULMANN -","isPartOf":{"@id":"https:\/\/www.domkraftpro.com\/#website"},"primaryImageOfPage":{"@id":"https:\/\/www.domkraftpro.com\/index.php\/produkt\/pouze-dnes-led-pasek-solarni-vc-dalkovy-ovladac-5m-ip44-2-8w-51lm-m-60-leds-m-3000k-paulmann-1582\/#primaryimage"},"image":{"@id":"https:\/\/www.domkraftpro.com\/index.php\/produkt\/pouze-dnes-led-pasek-solarni-vc-dalkovy-ovladac-5m-ip44-2-8w-51lm-m-60-leds-m-3000k-paulmann-1582\/#primaryimage"},"thumbnailUrl":"https:\/\/www.domkraftpro.com\/wp-content\/uploads\/2026\/SK0053901-CZ20260425-091535-0-1777079744-P-71193.webp","datePublished":"2026-04-27T04:40:34+00:00","breadcrumb":{"@id":"https:\/\/www.domkraftpro.com\/index.php\/produkt\/pouze-dnes-led-pasek-solarni-vc-dalkovy-ovladac-5m-ip44-2-8w-51lm-m-60-leds-m-3000k-paulmann-1582\/#breadcrumb"},"inLanguage":"cs","potentialAction":[{"@type":"ReadAction","target":["https:\/\/www.domkraftpro.com\/index.php\/produkt\/pouze-dnes-led-pasek-solarni-vc-dalkovy-ovladac-5m-ip44-2-8w-51lm-m-60-leds-m-3000k-paulmann-1582\/"]}]},{"@type":"ImageObject","inLanguage":"cs","@id":"https:\/\/www.domkraftpro.com\/index.php\/produkt\/pouze-dnes-led-pasek-solarni-vc-dalkovy-ovladac-5m-ip44-2-8w-51lm-m-60-leds-m-3000k-paulmann-1582\/#primaryimage","url":"https:\/\/www.domkraftpro.com\/wp-content\/uploads\/2026\/SK0053901-CZ20260425-091535-0-1777079744-P-71193.webp","contentUrl":"https:\/\/www.domkraftpro.com\/wp-content\/uploads\/2026\/SK0053901-CZ20260425-091535-0-1777079744-P-71193.webp","width":779,"height":800},{"@type":"BreadcrumbList","@id":"https:\/\/www.domkraftpro.com\/index.php\/produkt\/pouze-dnes-led-pasek-solarni-vc-dalkovy-ovladac-5m-ip44-2-8w-51lm-m-60-leds-m-3000k-paulmann-1582\/#breadcrumb","itemListElement":[{"@type":"ListItem","position":1,"name":"Home","item":"https:\/\/www.domkraftpro.com\/"},{"@type":"ListItem","position":2,"name":"Products","item":"https:\/\/www.domkraftpro.com\/index.php\/products\/"},{"@type":"ListItem","position":3,"name":"Pouze Dnes LED p\u00e1sek sol\u00e1rn\u00ed v\u010d. d\u00e1lkov\u00fd ovlada\u010d 5m IP44 2,8W 51lm\/m 60 LEDs\/m 3000K &#8211; PAULMANN"}]},{"@type":"WebSite","@id":"https:\/\/www.domkraftpro.com\/#website","url":"https:\/\/www.domkraftpro.com\/","name":"","description":"","potentialAction":[{"@type":"SearchAction","target":{"@type":"EntryPoint","urlTemplate":"https:\/\/www.domkraftpro.com\/?s={search_term_string}"},"query-input":{"@type":"PropertyValueSpecification","valueRequired":true,"valueName":"search_term_string"}}],"inLanguage":"cs"}]}},"_links":{"self":[{"href":"https:\/\/www.domkraftpro.com\/index.php\/wp-json\/wp\/v2\/product\/1582","targetHints":{"allow":["GET"]}}],"collection":[{"href":"https:\/\/www.domkraftpro.com\/index.php\/wp-json\/wp\/v2\/product"}],"about":[{"href":"https:\/\/www.domkraftpro.com\/index.php\/wp-json\/wp\/v2\/types\/product"}],"replies":[{"embeddable":true,"href":"https:\/\/www.domkraftpro.com\/index.php\/wp-json\/wp\/v2\/comments?post=1582"}],"wp:featuredmedia":[{"embeddable":true,"href":"https:\/\/www.domkraftpro.com\/index.php\/wp-json\/wp\/v2\/media\/1682"}],"wp:attachment":[{"href":"https:\/\/www.domkraftpro.com\/index.php\/wp-json\/wp\/v2\/media?parent=1582"}],"wp:term":[{"taxonomy":"product_brand","embeddable":true,"href":"https:\/\/www.domkraftpro.com\/index.php\/wp-json\/wp\/v2\/product_brand?post=1582"},{"taxonomy":"product_cat","embeddable":true,"href":"https:\/\/www.domkraftpro.com\/index.php\/wp-json\/wp\/v2\/product_cat?post=1582"},{"taxonomy":"product_tag","embeddable":true,"href":"https:\/\/www.domkraftpro.com\/index.php\/wp-json\/wp\/v2\/product_tag?post=1582"}],"curies":[{"name":"wp","href":"https:\/\/api.w.org\/{rel}","templated":true}]}}