{"id":15767,"date":"2026-04-27T04:41:01","date_gmt":"2026-04-27T04:41:01","guid":{"rendered":""},"modified":"2026-04-27T04:41:01","modified_gmt":"2026-04-27T04:41:01","slug":"carlson-olej-na-mazani-pilovych-retezu-1-l-element-shop-cz-nejlepsi-volba-15767","status":"publish","type":"product","link":"https:\/\/www.domkraftpro.com\/index.php\/produkt\/carlson-olej-na-mazani-pilovych-retezu-1-l-element-shop-cz-nejlepsi-volba-15767\/","title":{"rendered":"CARLSON Olej na maz\u00e1n\u00ed pilov\u00fdch \u0159et\u011bz\u016f, 1 l | element-shop.cz Nejlep\u0161\u00ed Volba"},"content":{"rendered":"<div class=\"basic-description\">\n<h3>Detailn\u00ed popis produktu<\/h3>\n<p>                                    <span class=\"show-tooltip\" title=\"Oleje jsou obvykle visk\u00f3zn\u00ed tekutiny, kter\u00e9 jsou tvo\u0159eny hlavn\u011b tuky, a jsou vyu\u017e\u00edv\u00e1ny v r\u016fzn\u00fdch oblastech lidsk\u00e9 \u010dinnosti.&amp;nbsp;N\u011bkter\u00e9 druhy olej\u016f a jejich vyu\u017eit\u00ed:&amp;nbsp;Rostlinn\u00e9 oleje:&amp;nbsp;Rostlinn\u00e9 oleje, jako je \u0159epkov\u00fd,&amp;hellip;\">Olej<\/span> CARLSON\u00ae GARDEN je ur\u010den\u00fd pro ztr\u00e1tov\u00e9 maz\u00e1n\u00ed siln\u011b nam\u00e1hav\u00fdch li\u0161t a \u0159et\u011bz\u016f <span class=\"show-tooltip\" title=\"Motor je za\u0159\u00edzen\u00ed, kter\u00e9 p\u0159em\u011b\u0148uje r\u016fzn\u00e9 formy energie (nap\u0159. elektrickou, mechanickou, tepelnou) na mechanickou pr\u00e1ci. Motor se pou\u017e\u00edv\u00e1 v mnoha aplikac\u00edch, od automobil\u016f po dom\u00e1c\u00ed spot\u0159ebi\u010de, a jeho princip fungov\u00e1n\u00ed se li\u0161\u00ed podle typu&amp;hellip;\">motorov\u00fdch<\/span> pil.Olej je vyroben z kvalitn\u00edch <span class=\"show-tooltip\" title=\"Ropa, zn\u00e1m\u00e1 tak\u00e9 jako zemn\u00ed olej, \u010dern\u00e9 zlato nebo surov\u00e1 nafta, je komplexn\u00ed sm\u011bs uhlovod\u00edk\u016f, kter\u00e1 se vyskytuje v kapaln\u00e9m stavu v podzem\u00ed. Jej\u00ed slo\u017een\u00ed se li\u0161\u00ed v z\u00e1vislosti na zdroji a m\u016f\u017ee zahrnovat r\u016fzn\u00e9 frakce uhlovod\u00edk\u016f, jako jsou alifatick\u00e9,&amp;hellip;\">ropn\u00fdch<\/span> z\u00e1kladov\u00fdch olej\u016f a speci\u00e1ln\u00edch p\u0159\u00edsad pro zlep\u0161en\u00ed u\u017eitn\u00fdch vlastnost\u00ed oleje. N\u00edzk\u00fd bod tuhnut\u00ed a <span class=\"show-tooltip\" title=\"Viskozita je m\u011b\u0159\u00edtko odporu kapaliny proti deformaci nebo pohybu.Je z\u00e1kladn\u00edm pojmem v oblasti reologie (v\u011bda o proud\u011bn\u00ed materi\u00e1l\u016f) a d\u016fle\u017eit\u00e1 pro charakterizaci tekutin a plast\u016f.M\u011b\u0159\u00ed, jak rychle nebo pomalu kapalina te\u010de nebo jak se tvaruje v&amp;hellip;\">viskozita<\/span> oleje umo\u017e\u0148uje univerz\u00e1ln\u00ed pou\u017eit\u00ed v l\u00e9t\u011b i v zim\u011b p\u0159i extr\u00e9mn\u00edch teplot\u00e1ch. Vyzna\u010duje se velmi dobrou p\u0159ilnavost\u00ed k pohybliv\u00fdm \u010d\u00e1stem, vynikaj\u00edc\u00edmi mazac\u00edmi vlastnostmi a schopnost\u00ed chr\u00e1nit proti korozi a ot\u011bru. Je takt\u00e9\u017e vhodn\u00fd ke ztr\u00e1tov\u00e9mu maz\u00e1n\u00ed \u010dep\u016f, kloub\u016f, p\u0159\u00edtla\u010dn\u00fdch a vod\u00edc\u00edch prvk\u016f \u017eac\u00edch li\u0161tov\u00fdch kos a dal\u0161\u00edch aplikac\u00ed v pr\u016fmyslu, stavebnictv\u00ed a zem\u011bd\u011blstv\u00ed.Obsahuje: <span class=\"show-tooltip\" title=\"Sm\u011bs je forma hmoty, kter\u00e1 vznik\u00e1 kombinac\u00ed dvou nebo v\u00edce r\u016fzn\u00fdch \u010dist\u00fdch chemick\u00fdch l\u00e1tek. V sm\u011bsi z\u016fst\u00e1vaj\u00ed jednotliv\u00e9 slo\u017eky fyzik\u00e1ln\u011b odd\u011blen\u00e9 a jejich pom\u011bry mohou b\u00fdt variabiln\u00ed. Sm\u011bs m\u016f\u017ee b\u00fdt homogenn\u00ed nebo heterogenn\u00ed.&amp;nbsp;Homogenn\u00ed&amp;hellip;\">sm\u011bs<\/span> miner\u00e1ln\u00ed z\u00e1kladov\u00fdch olej\u016f a zu\u0161lech\u0165uj\u00edc\u00edch p\u0159\u00edsad.Pou\u017e\u00edvejte v\u00fdrobek bezpe\u010dn\u011b. P\u0159ed pou\u017eit\u00edm si v\u017edy prostudujte etiketu a informaci o v\u00fdrobku.                            <\/div>\n","protected":false},"excerpt":{"rendered":"<p>Detailn\u00ed popis produktu Olej CARLSON\u00ae GARDEN je ur\u010den\u00fd pro ztr\u00e1tov\u00e9 maz\u00e1n\u00ed siln\u011b nam\u00e1hav\u00fdch li\u0161t a \u0159et\u011bz\u016f motorov\u00fdch pil.Olej je vyroben z kvalitn\u00edch ropn\u00fdch z\u00e1kladov\u00fdch olej\u016f a speci\u00e1ln\u00edch p\u0159\u00edsad pro zlep\u0161en\u00ed u\u017eitn\u00fdch vlastnost\u00ed oleje. N\u00edzk\u00fd bod tuhnut\u00ed a viskozita oleje umo\u017e\u0148uje univerz\u00e1ln\u00ed pou\u017eit\u00ed v l\u00e9t\u011b i v zim\u011b p\u0159i extr\u00e9mn\u00edch teplot\u00e1ch. Vyzna\u010duje se velmi dobrou p\u0159ilnavost\u00ed [&hellip;]<\/p>\n","protected":false},"featured_media":15867,"comment_status":"open","ping_status":"open","template":"","meta":[],"product_brand":[],"product_cat":[63],"product_tag":[],"class_list":{"0":"post-15767","1":"product","2":"type-product","3":"status-publish","4":"has-post-thumbnail","6":"product_cat-automotive","8":"first","9":"instock","10":"sale","11":"shipping-taxable","12":"purchasable","13":"product-type-simple"},"yoast_head":"<!-- This site is optimized with the Yoast SEO plugin v26.8 - https:\/\/yoast.com\/product\/yoast-seo-wordpress\/ -->\n<title>CARLSON Olej na maz\u00e1n\u00ed pilov\u00fdch \u0159et\u011bz\u016f, 1 l | element-shop.cz Nejlep\u0161\u00ed Volba -<\/title>\n<meta name=\"robots\" content=\"index, follow, max-snippet:-1, max-image-preview:large, max-video-preview:-1\" \/>\n<link rel=\"canonical\" href=\"https:\/\/www.domkraftpro.com\/index.php\/produkt\/carlson-olej-na-mazani-pilovych-retezu-1-l-element-shop-cz-nejlepsi-volba-15767\/\" \/>\n<meta property=\"og:locale\" content=\"cs_CZ\" \/>\n<meta property=\"og:type\" content=\"article\" \/>\n<meta property=\"og:title\" content=\"CARLSON Olej na maz\u00e1n\u00ed pilov\u00fdch \u0159et\u011bz\u016f, 1 l | element-shop.cz Nejlep\u0161\u00ed Volba -\" \/>\n<meta property=\"og:description\" content=\"Detailn\u00ed popis produktu Olej CARLSON\u00ae GARDEN je ur\u010den\u00fd pro ztr\u00e1tov\u00e9 maz\u00e1n\u00ed siln\u011b nam\u00e1hav\u00fdch li\u0161t a \u0159et\u011bz\u016f motorov\u00fdch pil.Olej je vyroben z kvalitn\u00edch ropn\u00fdch z\u00e1kladov\u00fdch olej\u016f a speci\u00e1ln\u00edch p\u0159\u00edsad pro zlep\u0161en\u00ed u\u017eitn\u00fdch vlastnost\u00ed oleje. N\u00edzk\u00fd bod tuhnut\u00ed a viskozita oleje umo\u017e\u0148uje univerz\u00e1ln\u00ed pou\u017eit\u00ed v l\u00e9t\u011b i v zim\u011b p\u0159i extr\u00e9mn\u00edch teplot\u00e1ch. Vyzna\u010duje se velmi dobrou p\u0159ilnavost\u00ed [&hellip;]\" \/>\n<meta property=\"og:url\" content=\"https:\/\/www.domkraftpro.com\/index.php\/produkt\/carlson-olej-na-mazani-pilovych-retezu-1-l-element-shop-cz-nejlepsi-volba-15767\/\" \/>\n<meta property=\"og:image\" content=\"https:\/\/www.domkraftpro.com\/wp-content\/uploads\/2026\/SK0007372-CZ20260425-092522-0-1777080324-117551_rewrite-154301-1110500.webp\" \/>\n\t<meta property=\"og:image:width\" content=\"1000\" \/>\n\t<meta property=\"og:image:height\" content=\"750\" \/>\n\t<meta property=\"og:image:type\" content=\"image\/webp\" \/>\n<meta name=\"twitter:card\" content=\"summary_large_image\" \/>\n<meta name=\"twitter:label1\" content=\"Odhadovan\u00e1 doba \u010dten\u00ed\" \/>\n\t<meta name=\"twitter:data1\" content=\"1 minuta\" \/>\n<script type=\"application\/ld+json\" class=\"yoast-schema-graph\">{\"@context\":\"https:\/\/schema.org\",\"@graph\":[{\"@type\":\"WebPage\",\"@id\":\"https:\/\/www.domkraftpro.com\/index.php\/produkt\/carlson-olej-na-mazani-pilovych-retezu-1-l-element-shop-cz-nejlepsi-volba-15767\/\",\"url\":\"https:\/\/www.domkraftpro.com\/index.php\/produkt\/carlson-olej-na-mazani-pilovych-retezu-1-l-element-shop-cz-nejlepsi-volba-15767\/\",\"name\":\"CARLSON Olej na maz\u00e1n\u00ed pilov\u00fdch \u0159et\u011bz\u016f, 1 l | element-shop.cz Nejlep\u0161\u00ed Volba -\",\"isPartOf\":{\"@id\":\"https:\/\/www.domkraftpro.com\/#website\"},\"primaryImageOfPage\":{\"@id\":\"https:\/\/www.domkraftpro.com\/index.php\/produkt\/carlson-olej-na-mazani-pilovych-retezu-1-l-element-shop-cz-nejlepsi-volba-15767\/#primaryimage\"},\"image\":{\"@id\":\"https:\/\/www.domkraftpro.com\/index.php\/produkt\/carlson-olej-na-mazani-pilovych-retezu-1-l-element-shop-cz-nejlepsi-volba-15767\/#primaryimage\"},\"thumbnailUrl\":\"https:\/\/www.domkraftpro.com\/wp-content\/uploads\/2026\/SK0007372-CZ20260425-092522-0-1777080324-117551_rewrite-154301-1110500.webp\",\"datePublished\":\"2026-04-27T04:41:01+00:00\",\"breadcrumb\":{\"@id\":\"https:\/\/www.domkraftpro.com\/index.php\/produkt\/carlson-olej-na-mazani-pilovych-retezu-1-l-element-shop-cz-nejlepsi-volba-15767\/#breadcrumb\"},\"inLanguage\":\"cs\",\"potentialAction\":[{\"@type\":\"ReadAction\",\"target\":[\"https:\/\/www.domkraftpro.com\/index.php\/produkt\/carlson-olej-na-mazani-pilovych-retezu-1-l-element-shop-cz-nejlepsi-volba-15767\/\"]}]},{\"@type\":\"ImageObject\",\"inLanguage\":\"cs\",\"@id\":\"https:\/\/www.domkraftpro.com\/index.php\/produkt\/carlson-olej-na-mazani-pilovych-retezu-1-l-element-shop-cz-nejlepsi-volba-15767\/#primaryimage\",\"url\":\"https:\/\/www.domkraftpro.com\/wp-content\/uploads\/2026\/SK0007372-CZ20260425-092522-0-1777080324-117551_rewrite-154301-1110500.webp\",\"contentUrl\":\"https:\/\/www.domkraftpro.com\/wp-content\/uploads\/2026\/SK0007372-CZ20260425-092522-0-1777080324-117551_rewrite-154301-1110500.webp\",\"width\":1000,\"height\":750},{\"@type\":\"BreadcrumbList\",\"@id\":\"https:\/\/www.domkraftpro.com\/index.php\/produkt\/carlson-olej-na-mazani-pilovych-retezu-1-l-element-shop-cz-nejlepsi-volba-15767\/#breadcrumb\",\"itemListElement\":[{\"@type\":\"ListItem\",\"position\":1,\"name\":\"Home\",\"item\":\"https:\/\/www.domkraftpro.com\/\"},{\"@type\":\"ListItem\",\"position\":2,\"name\":\"Products\",\"item\":\"https:\/\/www.domkraftpro.com\/index.php\/products\/\"},{\"@type\":\"ListItem\",\"position\":3,\"name\":\"CARLSON Olej na maz\u00e1n\u00ed pilov\u00fdch \u0159et\u011bz\u016f, 1 l | element-shop.cz Nejlep\u0161\u00ed Volba\"}]},{\"@type\":\"WebSite\",\"@id\":\"https:\/\/www.domkraftpro.com\/#website\",\"url\":\"https:\/\/www.domkraftpro.com\/\",\"name\":\"\",\"description\":\"\",\"potentialAction\":[{\"@type\":\"SearchAction\",\"target\":{\"@type\":\"EntryPoint\",\"urlTemplate\":\"https:\/\/www.domkraftpro.com\/?s={search_term_string}\"},\"query-input\":{\"@type\":\"PropertyValueSpecification\",\"valueRequired\":true,\"valueName\":\"search_term_string\"}}],\"inLanguage\":\"cs\"}]}<\/script>\n<!-- \/ Yoast SEO plugin. -->","yoast_head_json":{"title":"CARLSON Olej na maz\u00e1n\u00ed pilov\u00fdch \u0159et\u011bz\u016f, 1 l | element-shop.cz Nejlep\u0161\u00ed Volba -","robots":{"index":"index","follow":"follow","max-snippet":"max-snippet:-1","max-image-preview":"max-image-preview:large","max-video-preview":"max-video-preview:-1"},"canonical":"https:\/\/www.domkraftpro.com\/index.php\/produkt\/carlson-olej-na-mazani-pilovych-retezu-1-l-element-shop-cz-nejlepsi-volba-15767\/","og_locale":"cs_CZ","og_type":"article","og_title":"CARLSON Olej na maz\u00e1n\u00ed pilov\u00fdch \u0159et\u011bz\u016f, 1 l | element-shop.cz Nejlep\u0161\u00ed Volba -","og_description":"Detailn\u00ed popis produktu Olej CARLSON\u00ae GARDEN je ur\u010den\u00fd pro ztr\u00e1tov\u00e9 maz\u00e1n\u00ed siln\u011b nam\u00e1hav\u00fdch li\u0161t a \u0159et\u011bz\u016f motorov\u00fdch pil.Olej je vyroben z kvalitn\u00edch ropn\u00fdch z\u00e1kladov\u00fdch olej\u016f a speci\u00e1ln\u00edch p\u0159\u00edsad pro zlep\u0161en\u00ed u\u017eitn\u00fdch vlastnost\u00ed oleje. N\u00edzk\u00fd bod tuhnut\u00ed a viskozita oleje umo\u017e\u0148uje univerz\u00e1ln\u00ed pou\u017eit\u00ed v l\u00e9t\u011b i v zim\u011b p\u0159i extr\u00e9mn\u00edch teplot\u00e1ch. Vyzna\u010duje se velmi dobrou p\u0159ilnavost\u00ed [&hellip;]","og_url":"https:\/\/www.domkraftpro.com\/index.php\/produkt\/carlson-olej-na-mazani-pilovych-retezu-1-l-element-shop-cz-nejlepsi-volba-15767\/","og_image":[{"width":1000,"height":750,"url":"https:\/\/www.domkraftpro.com\/wp-content\/uploads\/2026\/SK0007372-CZ20260425-092522-0-1777080324-117551_rewrite-154301-1110500.webp","type":"image\/webp"}],"twitter_card":"summary_large_image","twitter_misc":{"Odhadovan\u00e1 doba \u010dten\u00ed":"1 minuta"},"schema":{"@context":"https:\/\/schema.org","@graph":[{"@type":"WebPage","@id":"https:\/\/www.domkraftpro.com\/index.php\/produkt\/carlson-olej-na-mazani-pilovych-retezu-1-l-element-shop-cz-nejlepsi-volba-15767\/","url":"https:\/\/www.domkraftpro.com\/index.php\/produkt\/carlson-olej-na-mazani-pilovych-retezu-1-l-element-shop-cz-nejlepsi-volba-15767\/","name":"CARLSON Olej na maz\u00e1n\u00ed pilov\u00fdch \u0159et\u011bz\u016f, 1 l | element-shop.cz Nejlep\u0161\u00ed Volba -","isPartOf":{"@id":"https:\/\/www.domkraftpro.com\/#website"},"primaryImageOfPage":{"@id":"https:\/\/www.domkraftpro.com\/index.php\/produkt\/carlson-olej-na-mazani-pilovych-retezu-1-l-element-shop-cz-nejlepsi-volba-15767\/#primaryimage"},"image":{"@id":"https:\/\/www.domkraftpro.com\/index.php\/produkt\/carlson-olej-na-mazani-pilovych-retezu-1-l-element-shop-cz-nejlepsi-volba-15767\/#primaryimage"},"thumbnailUrl":"https:\/\/www.domkraftpro.com\/wp-content\/uploads\/2026\/SK0007372-CZ20260425-092522-0-1777080324-117551_rewrite-154301-1110500.webp","datePublished":"2026-04-27T04:41:01+00:00","breadcrumb":{"@id":"https:\/\/www.domkraftpro.com\/index.php\/produkt\/carlson-olej-na-mazani-pilovych-retezu-1-l-element-shop-cz-nejlepsi-volba-15767\/#breadcrumb"},"inLanguage":"cs","potentialAction":[{"@type":"ReadAction","target":["https:\/\/www.domkraftpro.com\/index.php\/produkt\/carlson-olej-na-mazani-pilovych-retezu-1-l-element-shop-cz-nejlepsi-volba-15767\/"]}]},{"@type":"ImageObject","inLanguage":"cs","@id":"https:\/\/www.domkraftpro.com\/index.php\/produkt\/carlson-olej-na-mazani-pilovych-retezu-1-l-element-shop-cz-nejlepsi-volba-15767\/#primaryimage","url":"https:\/\/www.domkraftpro.com\/wp-content\/uploads\/2026\/SK0007372-CZ20260425-092522-0-1777080324-117551_rewrite-154301-1110500.webp","contentUrl":"https:\/\/www.domkraftpro.com\/wp-content\/uploads\/2026\/SK0007372-CZ20260425-092522-0-1777080324-117551_rewrite-154301-1110500.webp","width":1000,"height":750},{"@type":"BreadcrumbList","@id":"https:\/\/www.domkraftpro.com\/index.php\/produkt\/carlson-olej-na-mazani-pilovych-retezu-1-l-element-shop-cz-nejlepsi-volba-15767\/#breadcrumb","itemListElement":[{"@type":"ListItem","position":1,"name":"Home","item":"https:\/\/www.domkraftpro.com\/"},{"@type":"ListItem","position":2,"name":"Products","item":"https:\/\/www.domkraftpro.com\/index.php\/products\/"},{"@type":"ListItem","position":3,"name":"CARLSON Olej na maz\u00e1n\u00ed pilov\u00fdch \u0159et\u011bz\u016f, 1 l | element-shop.cz Nejlep\u0161\u00ed Volba"}]},{"@type":"WebSite","@id":"https:\/\/www.domkraftpro.com\/#website","url":"https:\/\/www.domkraftpro.com\/","name":"","description":"","potentialAction":[{"@type":"SearchAction","target":{"@type":"EntryPoint","urlTemplate":"https:\/\/www.domkraftpro.com\/?s={search_term_string}"},"query-input":{"@type":"PropertyValueSpecification","valueRequired":true,"valueName":"search_term_string"}}],"inLanguage":"cs"}]}},"_links":{"self":[{"href":"https:\/\/www.domkraftpro.com\/index.php\/wp-json\/wp\/v2\/product\/15767","targetHints":{"allow":["GET"]}}],"collection":[{"href":"https:\/\/www.domkraftpro.com\/index.php\/wp-json\/wp\/v2\/product"}],"about":[{"href":"https:\/\/www.domkraftpro.com\/index.php\/wp-json\/wp\/v2\/types\/product"}],"replies":[{"embeddable":true,"href":"https:\/\/www.domkraftpro.com\/index.php\/wp-json\/wp\/v2\/comments?post=15767"}],"wp:featuredmedia":[{"embeddable":true,"href":"https:\/\/www.domkraftpro.com\/index.php\/wp-json\/wp\/v2\/media\/15867"}],"wp:attachment":[{"href":"https:\/\/www.domkraftpro.com\/index.php\/wp-json\/wp\/v2\/media?parent=15767"}],"wp:term":[{"taxonomy":"product_brand","embeddable":true,"href":"https:\/\/www.domkraftpro.com\/index.php\/wp-json\/wp\/v2\/product_brand?post=15767"},{"taxonomy":"product_cat","embeddable":true,"href":"https:\/\/www.domkraftpro.com\/index.php\/wp-json\/wp\/v2\/product_cat?post=15767"},{"taxonomy":"product_tag","embeddable":true,"href":"https:\/\/www.domkraftpro.com\/index.php\/wp-json\/wp\/v2\/product_tag?post=15767"}],"curies":[{"name":"wp","href":"https:\/\/api.w.org\/{rel}","templated":true}]}}