{"id":15766,"date":"2026-04-27T04:41:01","date_gmt":"2026-04-27T04:41:01","guid":{"rendered":""},"modified":"2026-04-27T04:41:01","modified_gmt":"2026-04-27T04:41:01","slug":"nejlepsi-cena-carlson-olej-garden-4t-sae-10w-30-1-l-element-shop-cz-15766","status":"publish","type":"product","link":"https:\/\/www.domkraftpro.com\/index.php\/produkt\/nejlepsi-cena-carlson-olej-garden-4t-sae-10w-30-1-l-element-shop-cz-15766\/","title":{"rendered":"Nejlep\u0161\u00ed Cena CARLSON Olej GARDEN 4T SAE 10W-30, 1 l | element-shop.cz"},"content":{"rendered":"<div class=\"basic-description\">\n<h3>Detailn\u00ed popis produktu<\/h3>\n<p>                                    <span class=\"show-tooltip\" title=\"Oleje jsou obvykle visk\u00f3zn\u00ed tekutiny, kter\u00e9 jsou tvo\u0159eny hlavn\u011b tuky, a jsou vyu\u017e\u00edv\u00e1ny v r\u016fzn\u00fdch oblastech lidsk\u00e9 \u010dinnosti.&amp;nbsp;N\u011bkter\u00e9 druhy olej\u016f a jejich vyu\u017eit\u00ed:&amp;nbsp;Rostlinn\u00e9 oleje:&amp;nbsp;Rostlinn\u00e9 oleje, jako je \u0159epkov\u00fd,&amp;hellip;\">Olej<\/span> CARLSON\u00ae GARDEN 4T SAE 10W-30 je motorov\u00fd olej ur\u010den\u00fd na maz\u00e1n\u00ed modern\u00edch vysokoot\u00e1\u010dkov\u00fdch \u010dty\u0159taktn\u00edch benz\u00ednov\u00fdch <span class=\"show-tooltip\" title=\"Motor je za\u0159\u00edzen\u00ed, kter\u00e9 p\u0159em\u011b\u0148uje r\u016fzn\u00e9 formy energie (nap\u0159. elektrickou, mechanickou, tepelnou) na mechanickou pr\u00e1ci. Motor se pou\u017e\u00edv\u00e1 v mnoha aplikac\u00edch, od automobil\u016f po dom\u00e1c\u00ed spot\u0159ebi\u010de, a jeho princip fungov\u00e1n\u00ed se li\u0161\u00ed podle typu&amp;hellip;\">motor\u016f<\/span>, v\u010detn\u011b sportovn\u00edch verz\u00ed, seka\u010dek na tr\u00e1vu, mal\u00e9 zahradn\u00ed a polnohospod\u00e1\u0159sk\u00e9 techniky a pod., (v\u010detn\u011b typ\u016f s katalyz\u00e1torem).Olej obsahuje <span class=\"show-tooltip\" title=\"Sm\u011bs je forma hmoty, kter\u00e1 vznik\u00e1 kombinac\u00ed dvou nebo v\u00edce r\u016fzn\u00fdch \u010dist\u00fdch chemick\u00fdch l\u00e1tek. V sm\u011bsi z\u016fst\u00e1vaj\u00ed jednotliv\u00e9 slo\u017eky fyzik\u00e1ln\u011b odd\u011blen\u00e9 a jejich pom\u011bry mohou b\u00fdt variabiln\u00ed. Sm\u011bs m\u016f\u017ee b\u00fdt homogenn\u00ed nebo heterogenn\u00ed.&amp;nbsp;Homogenn\u00ed&amp;hellip;\">sm\u011bs<\/span> vysoko rafinovan\u00fdch <span class=\"show-tooltip\" title=\"Ropa, zn\u00e1m\u00e1 tak\u00e9 jako zemn\u00ed olej, \u010dern\u00e9 zlato nebo surov\u00e1 nafta, je komplexn\u00ed sm\u011bs uhlovod\u00edk\u016f, kter\u00e1 se vyskytuje v kapaln\u00e9m stavu v podzem\u00ed. Jej\u00ed slo\u017een\u00ed se li\u0161\u00ed v z\u00e1vislosti na zdroji a m\u016f\u017ee zahrnovat r\u016fzn\u00e9 frakce uhlovod\u00edk\u016f, jako jsou alifatick\u00e9,&amp;hellip;\">ropn\u00fdch<\/span> frakc\u00ed (z\u00e1kladov\u00e9ho oleje) a zu\u0161lech\u0165uj\u00edc\u00edch p\u0159\u00edsad. Zodpov\u011bdn\u00e1 specifikace SAE 10W-30 a norma API SG\/CD.Pou\u017e\u00edvejte v\u00fdrobek bezpe\u010dn\u011b. P\u0159ed pou\u017eit\u00edm si v\u017edy prostudujte etiketu a informaci o v\u00fdrobku.                            <\/div>\n","protected":false},"excerpt":{"rendered":"<p>Detailn\u00ed popis produktu Olej CARLSON\u00ae GARDEN 4T SAE 10W-30 je motorov\u00fd olej ur\u010den\u00fd na maz\u00e1n\u00ed modern\u00edch vysokoot\u00e1\u010dkov\u00fdch \u010dty\u0159taktn\u00edch benz\u00ednov\u00fdch motor\u016f, v\u010detn\u011b sportovn\u00edch verz\u00ed, seka\u010dek na tr\u00e1vu, mal\u00e9 zahradn\u00ed a polnohospod\u00e1\u0159sk\u00e9 techniky a pod., (v\u010detn\u011b typ\u016f s katalyz\u00e1torem).Olej obsahuje sm\u011bs vysoko rafinovan\u00fdch ropn\u00fdch frakc\u00ed (z\u00e1kladov\u00e9ho oleje) a zu\u0161lech\u0165uj\u00edc\u00edch p\u0159\u00edsad. Zodpov\u011bdn\u00e1 specifikace SAE 10W-30 a norma API [&hellip;]<\/p>\n","protected":false},"featured_media":15866,"comment_status":"open","ping_status":"open","template":"","meta":[],"product_brand":[],"product_cat":[63],"product_tag":[],"class_list":{"0":"post-15766","1":"product","2":"type-product","3":"status-publish","4":"has-post-thumbnail","6":"product_cat-automotive","8":"first","9":"instock","10":"sale","11":"shipping-taxable","12":"purchasable","13":"product-type-simple"},"yoast_head":"<!-- This site is optimized with the Yoast SEO plugin v26.8 - https:\/\/yoast.com\/product\/yoast-seo-wordpress\/ -->\n<title>Nejlep\u0161\u00ed Cena CARLSON Olej GARDEN 4T SAE 10W-30, 1 l | element-shop.cz -<\/title>\n<meta name=\"robots\" content=\"index, follow, max-snippet:-1, max-image-preview:large, max-video-preview:-1\" \/>\n<link rel=\"canonical\" href=\"https:\/\/www.domkraftpro.com\/index.php\/produkt\/nejlepsi-cena-carlson-olej-garden-4t-sae-10w-30-1-l-element-shop-cz-15766\/\" \/>\n<meta property=\"og:locale\" content=\"cs_CZ\" \/>\n<meta property=\"og:type\" content=\"article\" \/>\n<meta property=\"og:title\" content=\"Nejlep\u0161\u00ed Cena CARLSON Olej GARDEN 4T SAE 10W-30, 1 l | element-shop.cz -\" \/>\n<meta property=\"og:description\" content=\"Detailn\u00ed popis produktu Olej CARLSON\u00ae GARDEN 4T SAE 10W-30 je motorov\u00fd olej ur\u010den\u00fd na maz\u00e1n\u00ed modern\u00edch vysokoot\u00e1\u010dkov\u00fdch \u010dty\u0159taktn\u00edch benz\u00ednov\u00fdch motor\u016f, v\u010detn\u011b sportovn\u00edch verz\u00ed, seka\u010dek na tr\u00e1vu, mal\u00e9 zahradn\u00ed a polnohospod\u00e1\u0159sk\u00e9 techniky a pod., (v\u010detn\u011b typ\u016f s katalyz\u00e1torem).Olej obsahuje sm\u011bs vysoko rafinovan\u00fdch ropn\u00fdch frakc\u00ed (z\u00e1kladov\u00e9ho oleje) a zu\u0161lech\u0165uj\u00edc\u00edch p\u0159\u00edsad. Zodpov\u011bdn\u00e1 specifikace SAE 10W-30 a norma API [&hellip;]\" \/>\n<meta property=\"og:url\" content=\"https:\/\/www.domkraftpro.com\/index.php\/produkt\/nejlepsi-cena-carlson-olej-garden-4t-sae-10w-30-1-l-element-shop-cz-15766\/\" \/>\n<meta property=\"og:image\" content=\"https:\/\/www.domkraftpro.com\/wp-content\/uploads\/2026\/SK0007371-CZ20260425-092522-0-1777080324-117548_rewrite-146620-1110125.webp\" \/>\n\t<meta property=\"og:image:width\" content=\"1000\" \/>\n\t<meta property=\"og:image:height\" content=\"750\" \/>\n\t<meta property=\"og:image:type\" content=\"image\/webp\" \/>\n<meta name=\"twitter:card\" content=\"summary_large_image\" \/>\n<meta name=\"twitter:label1\" content=\"Odhadovan\u00e1 doba \u010dten\u00ed\" \/>\n\t<meta name=\"twitter:data1\" content=\"1 minuta\" \/>\n<script type=\"application\/ld+json\" class=\"yoast-schema-graph\">{\"@context\":\"https:\/\/schema.org\",\"@graph\":[{\"@type\":\"WebPage\",\"@id\":\"https:\/\/www.domkraftpro.com\/index.php\/produkt\/nejlepsi-cena-carlson-olej-garden-4t-sae-10w-30-1-l-element-shop-cz-15766\/\",\"url\":\"https:\/\/www.domkraftpro.com\/index.php\/produkt\/nejlepsi-cena-carlson-olej-garden-4t-sae-10w-30-1-l-element-shop-cz-15766\/\",\"name\":\"Nejlep\u0161\u00ed Cena CARLSON Olej GARDEN 4T SAE 10W-30, 1 l | element-shop.cz -\",\"isPartOf\":{\"@id\":\"https:\/\/www.domkraftpro.com\/#website\"},\"primaryImageOfPage\":{\"@id\":\"https:\/\/www.domkraftpro.com\/index.php\/produkt\/nejlepsi-cena-carlson-olej-garden-4t-sae-10w-30-1-l-element-shop-cz-15766\/#primaryimage\"},\"image\":{\"@id\":\"https:\/\/www.domkraftpro.com\/index.php\/produkt\/nejlepsi-cena-carlson-olej-garden-4t-sae-10w-30-1-l-element-shop-cz-15766\/#primaryimage\"},\"thumbnailUrl\":\"https:\/\/www.domkraftpro.com\/wp-content\/uploads\/2026\/SK0007371-CZ20260425-092522-0-1777080324-117548_rewrite-146620-1110125.webp\",\"datePublished\":\"2026-04-27T04:41:01+00:00\",\"breadcrumb\":{\"@id\":\"https:\/\/www.domkraftpro.com\/index.php\/produkt\/nejlepsi-cena-carlson-olej-garden-4t-sae-10w-30-1-l-element-shop-cz-15766\/#breadcrumb\"},\"inLanguage\":\"cs\",\"potentialAction\":[{\"@type\":\"ReadAction\",\"target\":[\"https:\/\/www.domkraftpro.com\/index.php\/produkt\/nejlepsi-cena-carlson-olej-garden-4t-sae-10w-30-1-l-element-shop-cz-15766\/\"]}]},{\"@type\":\"ImageObject\",\"inLanguage\":\"cs\",\"@id\":\"https:\/\/www.domkraftpro.com\/index.php\/produkt\/nejlepsi-cena-carlson-olej-garden-4t-sae-10w-30-1-l-element-shop-cz-15766\/#primaryimage\",\"url\":\"https:\/\/www.domkraftpro.com\/wp-content\/uploads\/2026\/SK0007371-CZ20260425-092522-0-1777080324-117548_rewrite-146620-1110125.webp\",\"contentUrl\":\"https:\/\/www.domkraftpro.com\/wp-content\/uploads\/2026\/SK0007371-CZ20260425-092522-0-1777080324-117548_rewrite-146620-1110125.webp\",\"width\":1000,\"height\":750},{\"@type\":\"BreadcrumbList\",\"@id\":\"https:\/\/www.domkraftpro.com\/index.php\/produkt\/nejlepsi-cena-carlson-olej-garden-4t-sae-10w-30-1-l-element-shop-cz-15766\/#breadcrumb\",\"itemListElement\":[{\"@type\":\"ListItem\",\"position\":1,\"name\":\"Home\",\"item\":\"https:\/\/www.domkraftpro.com\/\"},{\"@type\":\"ListItem\",\"position\":2,\"name\":\"Products\",\"item\":\"https:\/\/www.domkraftpro.com\/index.php\/products\/\"},{\"@type\":\"ListItem\",\"position\":3,\"name\":\"Nejlep\u0161\u00ed Cena CARLSON Olej GARDEN 4T SAE 10W-30, 1 l | element-shop.cz\"}]},{\"@type\":\"WebSite\",\"@id\":\"https:\/\/www.domkraftpro.com\/#website\",\"url\":\"https:\/\/www.domkraftpro.com\/\",\"name\":\"\",\"description\":\"\",\"potentialAction\":[{\"@type\":\"SearchAction\",\"target\":{\"@type\":\"EntryPoint\",\"urlTemplate\":\"https:\/\/www.domkraftpro.com\/?s={search_term_string}\"},\"query-input\":{\"@type\":\"PropertyValueSpecification\",\"valueRequired\":true,\"valueName\":\"search_term_string\"}}],\"inLanguage\":\"cs\"}]}<\/script>\n<!-- \/ Yoast SEO plugin. -->","yoast_head_json":{"title":"Nejlep\u0161\u00ed Cena CARLSON Olej GARDEN 4T SAE 10W-30, 1 l | element-shop.cz -","robots":{"index":"index","follow":"follow","max-snippet":"max-snippet:-1","max-image-preview":"max-image-preview:large","max-video-preview":"max-video-preview:-1"},"canonical":"https:\/\/www.domkraftpro.com\/index.php\/produkt\/nejlepsi-cena-carlson-olej-garden-4t-sae-10w-30-1-l-element-shop-cz-15766\/","og_locale":"cs_CZ","og_type":"article","og_title":"Nejlep\u0161\u00ed Cena CARLSON Olej GARDEN 4T SAE 10W-30, 1 l | element-shop.cz -","og_description":"Detailn\u00ed popis produktu Olej CARLSON\u00ae GARDEN 4T SAE 10W-30 je motorov\u00fd olej ur\u010den\u00fd na maz\u00e1n\u00ed modern\u00edch vysokoot\u00e1\u010dkov\u00fdch \u010dty\u0159taktn\u00edch benz\u00ednov\u00fdch motor\u016f, v\u010detn\u011b sportovn\u00edch verz\u00ed, seka\u010dek na tr\u00e1vu, mal\u00e9 zahradn\u00ed a polnohospod\u00e1\u0159sk\u00e9 techniky a pod., (v\u010detn\u011b typ\u016f s katalyz\u00e1torem).Olej obsahuje sm\u011bs vysoko rafinovan\u00fdch ropn\u00fdch frakc\u00ed (z\u00e1kladov\u00e9ho oleje) a zu\u0161lech\u0165uj\u00edc\u00edch p\u0159\u00edsad. Zodpov\u011bdn\u00e1 specifikace SAE 10W-30 a norma API [&hellip;]","og_url":"https:\/\/www.domkraftpro.com\/index.php\/produkt\/nejlepsi-cena-carlson-olej-garden-4t-sae-10w-30-1-l-element-shop-cz-15766\/","og_image":[{"width":1000,"height":750,"url":"https:\/\/www.domkraftpro.com\/wp-content\/uploads\/2026\/SK0007371-CZ20260425-092522-0-1777080324-117548_rewrite-146620-1110125.webp","type":"image\/webp"}],"twitter_card":"summary_large_image","twitter_misc":{"Odhadovan\u00e1 doba \u010dten\u00ed":"1 minuta"},"schema":{"@context":"https:\/\/schema.org","@graph":[{"@type":"WebPage","@id":"https:\/\/www.domkraftpro.com\/index.php\/produkt\/nejlepsi-cena-carlson-olej-garden-4t-sae-10w-30-1-l-element-shop-cz-15766\/","url":"https:\/\/www.domkraftpro.com\/index.php\/produkt\/nejlepsi-cena-carlson-olej-garden-4t-sae-10w-30-1-l-element-shop-cz-15766\/","name":"Nejlep\u0161\u00ed Cena CARLSON Olej GARDEN 4T SAE 10W-30, 1 l | element-shop.cz -","isPartOf":{"@id":"https:\/\/www.domkraftpro.com\/#website"},"primaryImageOfPage":{"@id":"https:\/\/www.domkraftpro.com\/index.php\/produkt\/nejlepsi-cena-carlson-olej-garden-4t-sae-10w-30-1-l-element-shop-cz-15766\/#primaryimage"},"image":{"@id":"https:\/\/www.domkraftpro.com\/index.php\/produkt\/nejlepsi-cena-carlson-olej-garden-4t-sae-10w-30-1-l-element-shop-cz-15766\/#primaryimage"},"thumbnailUrl":"https:\/\/www.domkraftpro.com\/wp-content\/uploads\/2026\/SK0007371-CZ20260425-092522-0-1777080324-117548_rewrite-146620-1110125.webp","datePublished":"2026-04-27T04:41:01+00:00","breadcrumb":{"@id":"https:\/\/www.domkraftpro.com\/index.php\/produkt\/nejlepsi-cena-carlson-olej-garden-4t-sae-10w-30-1-l-element-shop-cz-15766\/#breadcrumb"},"inLanguage":"cs","potentialAction":[{"@type":"ReadAction","target":["https:\/\/www.domkraftpro.com\/index.php\/produkt\/nejlepsi-cena-carlson-olej-garden-4t-sae-10w-30-1-l-element-shop-cz-15766\/"]}]},{"@type":"ImageObject","inLanguage":"cs","@id":"https:\/\/www.domkraftpro.com\/index.php\/produkt\/nejlepsi-cena-carlson-olej-garden-4t-sae-10w-30-1-l-element-shop-cz-15766\/#primaryimage","url":"https:\/\/www.domkraftpro.com\/wp-content\/uploads\/2026\/SK0007371-CZ20260425-092522-0-1777080324-117548_rewrite-146620-1110125.webp","contentUrl":"https:\/\/www.domkraftpro.com\/wp-content\/uploads\/2026\/SK0007371-CZ20260425-092522-0-1777080324-117548_rewrite-146620-1110125.webp","width":1000,"height":750},{"@type":"BreadcrumbList","@id":"https:\/\/www.domkraftpro.com\/index.php\/produkt\/nejlepsi-cena-carlson-olej-garden-4t-sae-10w-30-1-l-element-shop-cz-15766\/#breadcrumb","itemListElement":[{"@type":"ListItem","position":1,"name":"Home","item":"https:\/\/www.domkraftpro.com\/"},{"@type":"ListItem","position":2,"name":"Products","item":"https:\/\/www.domkraftpro.com\/index.php\/products\/"},{"@type":"ListItem","position":3,"name":"Nejlep\u0161\u00ed Cena CARLSON Olej GARDEN 4T SAE 10W-30, 1 l | element-shop.cz"}]},{"@type":"WebSite","@id":"https:\/\/www.domkraftpro.com\/#website","url":"https:\/\/www.domkraftpro.com\/","name":"","description":"","potentialAction":[{"@type":"SearchAction","target":{"@type":"EntryPoint","urlTemplate":"https:\/\/www.domkraftpro.com\/?s={search_term_string}"},"query-input":{"@type":"PropertyValueSpecification","valueRequired":true,"valueName":"search_term_string"}}],"inLanguage":"cs"}]}},"_links":{"self":[{"href":"https:\/\/www.domkraftpro.com\/index.php\/wp-json\/wp\/v2\/product\/15766","targetHints":{"allow":["GET"]}}],"collection":[{"href":"https:\/\/www.domkraftpro.com\/index.php\/wp-json\/wp\/v2\/product"}],"about":[{"href":"https:\/\/www.domkraftpro.com\/index.php\/wp-json\/wp\/v2\/types\/product"}],"replies":[{"embeddable":true,"href":"https:\/\/www.domkraftpro.com\/index.php\/wp-json\/wp\/v2\/comments?post=15766"}],"wp:featuredmedia":[{"embeddable":true,"href":"https:\/\/www.domkraftpro.com\/index.php\/wp-json\/wp\/v2\/media\/15866"}],"wp:attachment":[{"href":"https:\/\/www.domkraftpro.com\/index.php\/wp-json\/wp\/v2\/media?parent=15766"}],"wp:term":[{"taxonomy":"product_brand","embeddable":true,"href":"https:\/\/www.domkraftpro.com\/index.php\/wp-json\/wp\/v2\/product_brand?post=15766"},{"taxonomy":"product_cat","embeddable":true,"href":"https:\/\/www.domkraftpro.com\/index.php\/wp-json\/wp\/v2\/product_cat?post=15766"},{"taxonomy":"product_tag","embeddable":true,"href":"https:\/\/www.domkraftpro.com\/index.php\/wp-json\/wp\/v2\/product_tag?post=15766"}],"curies":[{"name":"wp","href":"https:\/\/api.w.org\/{rel}","templated":true}]}}