{"id":15749,"date":"2026-04-27T04:41:01","date_gmt":"2026-04-27T04:41:01","guid":{"rendered":""},"modified":"2026-04-27T04:41:01","modified_gmt":"2026-04-27T04:41:01","slug":"carlson-r-uterka-proti-zamlzeni-oken-cenovy-hit-15749","status":"publish","type":"product","link":"https:\/\/www.domkraftpro.com\/index.php\/produkt\/carlson-r-uterka-proti-zamlzeni-oken-cenovy-hit-15749\/","title":{"rendered":"CARLSON\u00ae Ut\u011brka proti zaml\u017een\u00ed oken Cenov\u00fd Hit"},"content":{"rendered":"<div class=\"basic-description\">\n<h3>Detailn\u00ed popis produktu<\/h3>\n<div id=\"pobo-all-content\" data-pobo-content=\"product\" data-pobo-config=\"{&quot;product_id&quot;:3870938,&quot;value_lang&quot;:&quot;default&quot;,&quot;enable_marketplace&quot;:false}\">\n<div id=\"pobo-standard-widget\">\n<div data-pobo-widget-id=\"5\">\n<div class=\"widget-projector\">\n<div class=\"empty\">\n<ul>\n<li><span style=\"font-size: 12pt; font-family: inherit;\"><strong>Pou\u017e\u00edv\u00e1 se k ochran\u011b v\u0161ech druh\u016f skel p\u0159ed zaml\u017een\u00edm. ,<\/strong><\/span><\/li>\n<li><span style=\"font-size: 12pt; font-family: inherit;\"><strong>Zaml\u017een\u00e1 <span class=\"show-tooltip\" title=\"Sklo&amp;nbsp;je homogenn\u00ed,&amp;nbsp;amorfn\u00ed&amp;nbsp;(tj. nekrystalick\u00e1) pevn\u00e1 l\u00e1tka, kter\u00e1 se vyzna\u010duje tvrdost\u00ed, k\u0159ehkost\u00ed a pr\u016fhlednost\u00ed. Hlavn\u00ed slo\u017ekou skla je&amp;nbsp;oxid k\u0159emi\u010dit\u00fd&amp;nbsp;(SiO2) a vyr\u00e1b\u00ed se taven\u00edm k\u0159emi\u010dit\u00e9ho&amp;nbsp;skl\u00e1\u0159sk\u00e9ho&amp;hellip;\">skla<\/span> ot\u0159ete z vnit\u0159n\u00ed strany, a\u017e se za\u010dne tvo\u0159it jemn\u00e1 <span class=\"show-tooltip\" title=\"P\u011bna je forma hmoty, kter\u00e1 vznik\u00e1 v d\u016fsledku zachycen\u00ed plynn\u00fdch bublin v kapalin\u011b nebo pevn\u00e9m materi\u00e1lu.P\u011bna je zaj\u00edmav\u00fd materi\u00e1l, kter\u00fd se vyzna\u010duje svou lehkost\u00ed, pru\u017enost\u00ed a r\u016fzn\u00fdmi aplikacemi v r\u016fzn\u00fdch odv\u011btv\u00edch.Existuj\u00ed r\u016fzn\u00e9 typy p\u011bny,&amp;hellip;\">p\u011bna<\/span>. Tato p\u011bna se rychle rozpust\u00ed a vytvo\u0159\u00ed film, kter\u00fd sklo ochr\u00e1n\u00ed na del\u0161\u00ed dobu p\u0159ed op\u011btovn\u00fdm zaml\u017een\u00edm. <\/strong><\/span><\/li>\n<li><span style=\"font-size: 12pt; font-family: inherit;\"><strong>Je vhodn\u00e1 k ochran\u011b skla v osobn\u00edch i n\u00e1kladn\u00edch automobilech, ve\u0159ejn\u00fdch dopravn\u00edch prost\u0159edc\u00edch nebo i na br\u00fdle. <\/strong><\/span><\/li>\n<li><span style=\"font-size: 12pt; font-family: inherit;\"><strong>Pou\u017e\u00edvejte ut\u011brku pouze na \u010dist\u00e9 sklo. <\/strong><\/span><\/li>\n<li><span style=\"font-size: 12pt; font-family: inherit;\"><strong>Ut\u011brku neperte, pran\u00edm ztr\u00e1c\u00ed \u00fa\u010dinnost. <\/strong><\/span><\/li>\n<li><span style=\"font-size: 12pt; font-family: inherit;\"><strong>Po pou\u017eit\u00ed ut\u011brku usu\u0161te. <\/strong><\/span><\/li>\n<li><span style=\"font-size: 12pt; font-family: inherit;\"><strong>Ut\u011brku pou\u017e\u00edvejte pouze p\u0159i teplot\u00e1ch nad 0\u00b0C.<\/strong><\/span><\/li>\n<li><span style=\"font-size: 12pt; font-family: inherit;\"><strong>Rozm\u011br: 25 x 25 cm<\/strong><\/span><\/li>\n<\/ul>\n<\/div>\n<\/div>\n<\/div>\n<\/div>\n<div id=\"pobo-share-widget\">\n<div data-pobo-widget-id=\"19\">&nbsp;<\/div>\n<div data-pobo-widget-id=\"19\">&nbsp;<\/div>\n<div data-pobo-widget-id=\"19\">&nbsp;<\/div>\n<div data-pobo-widget-id=\"19\">&nbsp;<\/div>\n<div class=\"widget-projector\">\n<div class=\"rc-advantages-four\">\n<div class=\"rc-advantages-four__item\">\n<div class=\"rc-advantages-four__ico-container\"><\/div>\n<div class=\"rc-advantages-four__info\">&nbsp;<\/div>\n<\/div>\n<\/div>\n<\/div>\n<div class=\"widget-projector\">&nbsp;<\/div>\n<\/div>\n<\/div><\/div>\n","protected":false},"excerpt":{"rendered":"<p>Detailn\u00ed popis produktu Pou\u017e\u00edv\u00e1 se k ochran\u011b v\u0161ech druh\u016f skel p\u0159ed zaml\u017een\u00edm. , Zaml\u017een\u00e1 skla ot\u0159ete z vnit\u0159n\u00ed strany, a\u017e se za\u010dne tvo\u0159it jemn\u00e1 p\u011bna. Tato p\u011bna se rychle rozpust\u00ed a vytvo\u0159\u00ed film, kter\u00fd sklo ochr\u00e1n\u00ed na del\u0161\u00ed dobu p\u0159ed op\u011btovn\u00fdm zaml\u017een\u00edm. Je vhodn\u00e1 k ochran\u011b skla v osobn\u00edch i n\u00e1kladn\u00edch automobilech, ve\u0159ejn\u00fdch dopravn\u00edch prost\u0159edc\u00edch [&hellip;]<\/p>\n","protected":false},"featured_media":15849,"comment_status":"open","ping_status":"open","template":"","meta":[],"product_brand":[],"product_cat":[63],"product_tag":[],"class_list":{"0":"post-15749","1":"product","2":"type-product","3":"status-publish","4":"has-post-thumbnail","6":"product_cat-automotive","8":"first","9":"instock","10":"sale","11":"shipping-taxable","12":"purchasable","13":"product-type-simple"},"yoast_head":"<!-- This site is optimized with the Yoast SEO plugin v26.8 - https:\/\/yoast.com\/product\/yoast-seo-wordpress\/ -->\n<title>CARLSON\u00ae Ut\u011brka proti zaml\u017een\u00ed oken Cenov\u00fd Hit -<\/title>\n<meta name=\"robots\" content=\"index, follow, max-snippet:-1, max-image-preview:large, max-video-preview:-1\" \/>\n<link rel=\"canonical\" href=\"https:\/\/www.domkraftpro.com\/index.php\/produkt\/carlson-r-uterka-proti-zamlzeni-oken-cenovy-hit-15749\/\" \/>\n<meta property=\"og:locale\" content=\"cs_CZ\" \/>\n<meta property=\"og:type\" content=\"article\" \/>\n<meta property=\"og:title\" content=\"CARLSON\u00ae Ut\u011brka proti zaml\u017een\u00ed oken Cenov\u00fd Hit -\" \/>\n<meta property=\"og:description\" content=\"Detailn\u00ed popis produktu Pou\u017e\u00edv\u00e1 se k ochran\u011b v\u0161ech druh\u016f skel p\u0159ed zaml\u017een\u00edm. , Zaml\u017een\u00e1 skla ot\u0159ete z vnit\u0159n\u00ed strany, a\u017e se za\u010dne tvo\u0159it jemn\u00e1 p\u011bna. Tato p\u011bna se rychle rozpust\u00ed a vytvo\u0159\u00ed film, kter\u00fd sklo ochr\u00e1n\u00ed na del\u0161\u00ed dobu p\u0159ed op\u011btovn\u00fdm zaml\u017een\u00edm. Je vhodn\u00e1 k ochran\u011b skla v osobn\u00edch i n\u00e1kladn\u00edch automobilech, ve\u0159ejn\u00fdch dopravn\u00edch prost\u0159edc\u00edch [&hellip;]\" \/>\n<meta property=\"og:url\" content=\"https:\/\/www.domkraftpro.com\/index.php\/produkt\/carlson-r-uterka-proti-zamlzeni-oken-cenovy-hit-15749\/\" \/>\n<meta property=\"og:image\" content=\"https:\/\/www.domkraftpro.com\/wp-content\/uploads\/2026\/SK0007354-CZ20260425-092522-0-1777080324-117392_uterka-carlson.webp\" \/>\n\t<meta property=\"og:image:width\" content=\"1000\" \/>\n\t<meta property=\"og:image:height\" content=\"750\" \/>\n\t<meta property=\"og:image:type\" content=\"image\/webp\" \/>\n<meta name=\"twitter:card\" content=\"summary_large_image\" \/>\n<meta name=\"twitter:label1\" content=\"Odhadovan\u00e1 doba \u010dten\u00ed\" \/>\n\t<meta name=\"twitter:data1\" content=\"1 minuta\" \/>\n<script type=\"application\/ld+json\" class=\"yoast-schema-graph\">{\"@context\":\"https:\/\/schema.org\",\"@graph\":[{\"@type\":\"WebPage\",\"@id\":\"https:\/\/www.domkraftpro.com\/index.php\/produkt\/carlson-r-uterka-proti-zamlzeni-oken-cenovy-hit-15749\/\",\"url\":\"https:\/\/www.domkraftpro.com\/index.php\/produkt\/carlson-r-uterka-proti-zamlzeni-oken-cenovy-hit-15749\/\",\"name\":\"CARLSON\u00ae Ut\u011brka proti zaml\u017een\u00ed oken Cenov\u00fd Hit -\",\"isPartOf\":{\"@id\":\"https:\/\/www.domkraftpro.com\/#website\"},\"primaryImageOfPage\":{\"@id\":\"https:\/\/www.domkraftpro.com\/index.php\/produkt\/carlson-r-uterka-proti-zamlzeni-oken-cenovy-hit-15749\/#primaryimage\"},\"image\":{\"@id\":\"https:\/\/www.domkraftpro.com\/index.php\/produkt\/carlson-r-uterka-proti-zamlzeni-oken-cenovy-hit-15749\/#primaryimage\"},\"thumbnailUrl\":\"https:\/\/www.domkraftpro.com\/wp-content\/uploads\/2026\/SK0007354-CZ20260425-092522-0-1777080324-117392_uterka-carlson.webp\",\"datePublished\":\"2026-04-27T04:41:01+00:00\",\"breadcrumb\":{\"@id\":\"https:\/\/www.domkraftpro.com\/index.php\/produkt\/carlson-r-uterka-proti-zamlzeni-oken-cenovy-hit-15749\/#breadcrumb\"},\"inLanguage\":\"cs\",\"potentialAction\":[{\"@type\":\"ReadAction\",\"target\":[\"https:\/\/www.domkraftpro.com\/index.php\/produkt\/carlson-r-uterka-proti-zamlzeni-oken-cenovy-hit-15749\/\"]}]},{\"@type\":\"ImageObject\",\"inLanguage\":\"cs\",\"@id\":\"https:\/\/www.domkraftpro.com\/index.php\/produkt\/carlson-r-uterka-proti-zamlzeni-oken-cenovy-hit-15749\/#primaryimage\",\"url\":\"https:\/\/www.domkraftpro.com\/wp-content\/uploads\/2026\/SK0007354-CZ20260425-092522-0-1777080324-117392_uterka-carlson.webp\",\"contentUrl\":\"https:\/\/www.domkraftpro.com\/wp-content\/uploads\/2026\/SK0007354-CZ20260425-092522-0-1777080324-117392_uterka-carlson.webp\",\"width\":1000,\"height\":750},{\"@type\":\"BreadcrumbList\",\"@id\":\"https:\/\/www.domkraftpro.com\/index.php\/produkt\/carlson-r-uterka-proti-zamlzeni-oken-cenovy-hit-15749\/#breadcrumb\",\"itemListElement\":[{\"@type\":\"ListItem\",\"position\":1,\"name\":\"Home\",\"item\":\"https:\/\/www.domkraftpro.com\/\"},{\"@type\":\"ListItem\",\"position\":2,\"name\":\"Products\",\"item\":\"https:\/\/www.domkraftpro.com\/index.php\/products\/\"},{\"@type\":\"ListItem\",\"position\":3,\"name\":\"CARLSON\u00ae Ut\u011brka proti zaml\u017een\u00ed oken Cenov\u00fd Hit\"}]},{\"@type\":\"WebSite\",\"@id\":\"https:\/\/www.domkraftpro.com\/#website\",\"url\":\"https:\/\/www.domkraftpro.com\/\",\"name\":\"\",\"description\":\"\",\"potentialAction\":[{\"@type\":\"SearchAction\",\"target\":{\"@type\":\"EntryPoint\",\"urlTemplate\":\"https:\/\/www.domkraftpro.com\/?s={search_term_string}\"},\"query-input\":{\"@type\":\"PropertyValueSpecification\",\"valueRequired\":true,\"valueName\":\"search_term_string\"}}],\"inLanguage\":\"cs\"}]}<\/script>\n<!-- \/ Yoast SEO plugin. -->","yoast_head_json":{"title":"CARLSON\u00ae Ut\u011brka proti zaml\u017een\u00ed oken Cenov\u00fd Hit -","robots":{"index":"index","follow":"follow","max-snippet":"max-snippet:-1","max-image-preview":"max-image-preview:large","max-video-preview":"max-video-preview:-1"},"canonical":"https:\/\/www.domkraftpro.com\/index.php\/produkt\/carlson-r-uterka-proti-zamlzeni-oken-cenovy-hit-15749\/","og_locale":"cs_CZ","og_type":"article","og_title":"CARLSON\u00ae Ut\u011brka proti zaml\u017een\u00ed oken Cenov\u00fd Hit -","og_description":"Detailn\u00ed popis produktu Pou\u017e\u00edv\u00e1 se k ochran\u011b v\u0161ech druh\u016f skel p\u0159ed zaml\u017een\u00edm. , Zaml\u017een\u00e1 skla ot\u0159ete z vnit\u0159n\u00ed strany, a\u017e se za\u010dne tvo\u0159it jemn\u00e1 p\u011bna. Tato p\u011bna se rychle rozpust\u00ed a vytvo\u0159\u00ed film, kter\u00fd sklo ochr\u00e1n\u00ed na del\u0161\u00ed dobu p\u0159ed op\u011btovn\u00fdm zaml\u017een\u00edm. Je vhodn\u00e1 k ochran\u011b skla v osobn\u00edch i n\u00e1kladn\u00edch automobilech, ve\u0159ejn\u00fdch dopravn\u00edch prost\u0159edc\u00edch [&hellip;]","og_url":"https:\/\/www.domkraftpro.com\/index.php\/produkt\/carlson-r-uterka-proti-zamlzeni-oken-cenovy-hit-15749\/","og_image":[{"width":1000,"height":750,"url":"https:\/\/www.domkraftpro.com\/wp-content\/uploads\/2026\/SK0007354-CZ20260425-092522-0-1777080324-117392_uterka-carlson.webp","type":"image\/webp"}],"twitter_card":"summary_large_image","twitter_misc":{"Odhadovan\u00e1 doba \u010dten\u00ed":"1 minuta"},"schema":{"@context":"https:\/\/schema.org","@graph":[{"@type":"WebPage","@id":"https:\/\/www.domkraftpro.com\/index.php\/produkt\/carlson-r-uterka-proti-zamlzeni-oken-cenovy-hit-15749\/","url":"https:\/\/www.domkraftpro.com\/index.php\/produkt\/carlson-r-uterka-proti-zamlzeni-oken-cenovy-hit-15749\/","name":"CARLSON\u00ae Ut\u011brka proti zaml\u017een\u00ed oken Cenov\u00fd Hit -","isPartOf":{"@id":"https:\/\/www.domkraftpro.com\/#website"},"primaryImageOfPage":{"@id":"https:\/\/www.domkraftpro.com\/index.php\/produkt\/carlson-r-uterka-proti-zamlzeni-oken-cenovy-hit-15749\/#primaryimage"},"image":{"@id":"https:\/\/www.domkraftpro.com\/index.php\/produkt\/carlson-r-uterka-proti-zamlzeni-oken-cenovy-hit-15749\/#primaryimage"},"thumbnailUrl":"https:\/\/www.domkraftpro.com\/wp-content\/uploads\/2026\/SK0007354-CZ20260425-092522-0-1777080324-117392_uterka-carlson.webp","datePublished":"2026-04-27T04:41:01+00:00","breadcrumb":{"@id":"https:\/\/www.domkraftpro.com\/index.php\/produkt\/carlson-r-uterka-proti-zamlzeni-oken-cenovy-hit-15749\/#breadcrumb"},"inLanguage":"cs","potentialAction":[{"@type":"ReadAction","target":["https:\/\/www.domkraftpro.com\/index.php\/produkt\/carlson-r-uterka-proti-zamlzeni-oken-cenovy-hit-15749\/"]}]},{"@type":"ImageObject","inLanguage":"cs","@id":"https:\/\/www.domkraftpro.com\/index.php\/produkt\/carlson-r-uterka-proti-zamlzeni-oken-cenovy-hit-15749\/#primaryimage","url":"https:\/\/www.domkraftpro.com\/wp-content\/uploads\/2026\/SK0007354-CZ20260425-092522-0-1777080324-117392_uterka-carlson.webp","contentUrl":"https:\/\/www.domkraftpro.com\/wp-content\/uploads\/2026\/SK0007354-CZ20260425-092522-0-1777080324-117392_uterka-carlson.webp","width":1000,"height":750},{"@type":"BreadcrumbList","@id":"https:\/\/www.domkraftpro.com\/index.php\/produkt\/carlson-r-uterka-proti-zamlzeni-oken-cenovy-hit-15749\/#breadcrumb","itemListElement":[{"@type":"ListItem","position":1,"name":"Home","item":"https:\/\/www.domkraftpro.com\/"},{"@type":"ListItem","position":2,"name":"Products","item":"https:\/\/www.domkraftpro.com\/index.php\/products\/"},{"@type":"ListItem","position":3,"name":"CARLSON\u00ae Ut\u011brka proti zaml\u017een\u00ed oken Cenov\u00fd Hit"}]},{"@type":"WebSite","@id":"https:\/\/www.domkraftpro.com\/#website","url":"https:\/\/www.domkraftpro.com\/","name":"","description":"","potentialAction":[{"@type":"SearchAction","target":{"@type":"EntryPoint","urlTemplate":"https:\/\/www.domkraftpro.com\/?s={search_term_string}"},"query-input":{"@type":"PropertyValueSpecification","valueRequired":true,"valueName":"search_term_string"}}],"inLanguage":"cs"}]}},"_links":{"self":[{"href":"https:\/\/www.domkraftpro.com\/index.php\/wp-json\/wp\/v2\/product\/15749","targetHints":{"allow":["GET"]}}],"collection":[{"href":"https:\/\/www.domkraftpro.com\/index.php\/wp-json\/wp\/v2\/product"}],"about":[{"href":"https:\/\/www.domkraftpro.com\/index.php\/wp-json\/wp\/v2\/types\/product"}],"replies":[{"embeddable":true,"href":"https:\/\/www.domkraftpro.com\/index.php\/wp-json\/wp\/v2\/comments?post=15749"}],"wp:featuredmedia":[{"embeddable":true,"href":"https:\/\/www.domkraftpro.com\/index.php\/wp-json\/wp\/v2\/media\/15849"}],"wp:attachment":[{"href":"https:\/\/www.domkraftpro.com\/index.php\/wp-json\/wp\/v2\/media?parent=15749"}],"wp:term":[{"taxonomy":"product_brand","embeddable":true,"href":"https:\/\/www.domkraftpro.com\/index.php\/wp-json\/wp\/v2\/product_brand?post=15749"},{"taxonomy":"product_cat","embeddable":true,"href":"https:\/\/www.domkraftpro.com\/index.php\/wp-json\/wp\/v2\/product_cat?post=15749"},{"taxonomy":"product_tag","embeddable":true,"href":"https:\/\/www.domkraftpro.com\/index.php\/wp-json\/wp\/v2\/product_tag?post=15749"}],"curies":[{"name":"wp","href":"https:\/\/api.w.org\/{rel}","templated":true}]}}