{"id":15746,"date":"2026-04-27T04:41:01","date_gmt":"2026-04-27T04:41:01","guid":{"rendered":""},"modified":"2026-04-27T04:41:01","modified_gmt":"2026-04-27T04:41:01","slug":"polycol-r-301-560-epoxidovy-nater-bezbarva-baze-sada-24-kg-novinka-15746","status":"publish","type":"product","link":"https:\/\/www.domkraftpro.com\/produkt\/polycol-r-301-560-epoxidovy-nater-bezbarva-baze-sada-24-kg-novinka-15746\/","title":{"rendered":"POLYCOL\u00ae 301-560 epoxidov\u00fd n\u00e1t\u011br &#8211; bezbarv\u00e1 b\u00e1ze, sada 24 kg Novinka"},"content":{"rendered":"<div class=\"basic-description\">\n<h3>Detailn\u00ed popis produktu<\/h3>\n<table height=\"24\" style=\"width: 850px;\">\n<tbody>\n<tr>\n<td style=\"width: 711.031px;\">\n<h1><span><strong>POLYCOL\u00ae 301 epoxidov\u00fd tenkovrstv\u00fd n\u00e1t\u011br &#8211; bezbarv\u00e1 b\u00e1ze a&nbsp;tvrdidlo 560<\/strong><\/span><\/h1>\n<\/td>\n<td style=\"width: 137.969px;\"><\/td>\n<\/tr>\n<\/tbody>\n<\/table>\n<div>\n<table width=\"850\" height=\"32\">\n<tbody>\n<tr>\n<td>\n<div><span style=\"font-size: 12pt;\">&nbsp;<\/span><\/div>\n<div><span style=\"font-size: 12pt;\"><strong><span class=\"show-tooltip\" title=\"\" data-original-title=\"Dvouslo\u017ekov\u00fd&amp;nbsp;je term\u00edn, kter\u00fd se pou\u017e\u00edv\u00e1 pro popis n\u011b\u010deho, co se skl\u00e1d\u00e1 ze dvou hlavn\u00edch slo\u017eek nebo prvk\u016f. Tento term\u00edn je \u010dasto pou\u017e\u00edv\u00e1n ve spojen\u00ed s r\u016fzn\u00fdmi materi\u00e1ly, chemick\u00fdmi sm\u011bsmi, p\u0159\u00edstroji nebo v\u00fdrobky, kter\u00e9 obsahuj\u00ed dv\u011b odli\u0161n\u00e9&amp;hellip;\">Dvouslo\u017ekov\u00e1<\/span>, rozpou\u0161t\u011bdlov\u00e1 n\u00e1t\u011brov\u00e1 hmota na b\u00e1zi <span class=\"show-tooltip\" title=\"Epoxidov\u00e1 prysky\u0159ice je polymern\u00ed materi\u00e1l&amp;nbsp;syntetick\u00e9ho p\u016fvodu, reaktivn\u00ed prysky\u0159ice s epoxidov\u00fdmi skupinami, kter\u00e1 posm\u00edch\u00e1n\u00ed s tvrdidlem vytvrzuje (zes\u00ed\u0165uje) do pevn\u00e9, nerozpustn\u00e9 hmoty.&amp;nbsp;V kompozitech se \u010dasto pou\u017e\u00edv\u00e1 jako&amp;hellip;\">epoxidov\u00fdch prysky\u0159ic<\/span>.<\/strong><\/span><\/div>\n<div><span style=\"font-size: 12pt;\"><strong>Vytvrzov\u00e1na tvrdidlem Polycol\u00ae 560 v pom\u011bru 100:20.<\/strong><\/span><\/div>\n<div>&nbsp;<\/div>\n<div><span style=\"font-size: 12pt;\"><strong>Tento produkt je z\u00e1kladn\u00ed bezbarvou b\u00e1z\u00ed a slou\u017e\u00ed bu\u010f jako pr\u016fhledn\u00fd tenkovrstv\u00fd podlahov\u00fd n\u00e1t\u011br nebo k p\u0159\u00edprav\u011b barevn\u00e9ho n\u00e1t\u011bru pomoc\u00ed p\u0159id\u00e1n\u00ed pigment\u016f. T\u00f3nov\u00e1n\u00ed b\u00e1ze do pln\u011b probarven\u00fdch odst\u00ednu jedn\u00e9 barvy prov\u00e1d\u00edme strojn\u011b na zak\u00e1zku, b\u00e1zi v\u0161ak m\u016f\u017eete pou\u017e\u00edt tak\u00e9 k tvorb\u011b vlastn\u00edch pr\u016fhledn\u00fdch, plnobarevn\u00fdch, perle\u0165ov\u00fdch, nebo metalick\u00fdch odst\u00edn\u016f a jejich kombinac\u00ed.<\/strong><\/span><\/div>\n<div><span>&nbsp;<\/span><\/div>\n<div>\u058d Obsahuje t\u011bkav\u00e1<span>&nbsp;<\/span><span class=\"show-tooltip\" title=\"\" data-original-title=\"Rozpou\u0161t\u011bdlo je l\u00e1tka, obvykle kapalina, schopn\u00e1 rozpou\u0161t\u011bt nebo dispergovat jinou l\u00e1tku, kter\u00e1 se naz\u00fdv\u00e1 rozpou\u0161t\u011bn\u00e1 l\u00e1tka. Tento proces je zn\u00e1m\u00fd jako rozpou\u0161t\u011bn\u00ed. Rozpou\u0161t\u011bdla jsou \u010dasto pou\u017e\u00edv\u00e1na v chemii, pr\u016fmyslu, lakovn\u00e1ch, farmacii a dal\u0161\u00edch&amp;hellip;\">rozpou\u0161t\u011bdla<\/span>.<\/div>\n<div>\u058d Vysok\u00e1 <span class=\"show-tooltip\" title=\"Mechanika je v\u011bdn\u00ed obor, kter\u00fd se zab\u00fdv\u00e1 studiem pohybu a rovnov\u00e1hy t\u011bles, a to jak v klidu, tak v pohybu. Tento obor se rozd\u011bluje do n\u011bkolika hlavn\u00edch oblast\u00ed, kter\u00e9 se li\u0161\u00ed podle typ\u016f sil, pohybov\u00fdch vzorc\u016f a aplikac\u00ed.&amp;nbsp;Mechanika je&amp;hellip;\">mechanick\u00e1<\/span> odolnost od\u011bru,<span>&nbsp;<\/span><span class=\"show-tooltip\" title=\"\" data-original-title=\"Ropa, zn\u00e1m\u00e1 tak\u00e9 jako zemn\u00ed olej, \u010dern\u00e9 zlato nebo surov\u00e1 nafta, je komplexn\u00ed sm\u011bs uhlovod\u00edk\u016f, kter\u00e1 se vyskytuje v kapaln\u00e9m stavu v podzem\u00ed. Jej\u00ed slo\u017een\u00ed se li\u0161\u00ed v z\u00e1vislosti na zdroji a m\u016f\u017ee zahrnovat r\u016fzn\u00e9 frakce uhlovod\u00edk\u016f, jako jsou alifatick\u00e9,&amp;hellip;\">ropn\u00fdm<\/span><span>&nbsp;<\/span>produkt\u016fm a chemick\u00fdm vliv\u016fm.<\/div>\n<div>\u058d Odoln\u00fd vlhku a vod\u011b.<\/div>\n<div>\u058d Ochrann\u00fd, ot\u011bruvzdorn\u00fd, bezpra\u0161n\u00fd barevn\u00fd n\u00e1t\u011br s dlouhou \u017eivotnost\u00ed.<\/div>\n<h4><strong>Pou\u017eit\u00ed<\/strong><\/h4>\n<div>\u058d Na n\u00e1t\u011bry<span>&nbsp;<\/span><span class=\"show-tooltip\" title=\"\" data-original-title=\"Beton je stavebn\u00ed materi\u00e1l slo\u017een\u00fd z n\u011bkolika z\u00e1kladn\u00edch slo\u017eek, v\u010detn\u011b cementu, vody, p\u00edsku (nebo jemn\u00e9ho \u0161t\u011brku) a hrub\u00e9ho \u0161t\u011brku nebo kamene. Tato sm\u011bs se pe\u010dliv\u011b prom\u00edch\u00e1 a pot\u00e9 ztvrdne a z\u00edsk\u00e1 pevnou a odolnou strukturu. Beton je&amp;hellip;\">betonov\u00fdch<\/span><span>&nbsp;<\/span>a miner\u00e1ln\u00edch podklad\u016f v pr\u016fmyslov\u00fdch hal\u00e1ch, skladech, gar\u00e1\u017e\u00edch, chodb\u00e1ch, schodi\u0161t\u00edch a dal\u0161\u00edch komunikac\u00edch.<\/div>\n<div>\u058d Fin\u00e1ln\u00ed u\u017eitn\u00e1 vrstva m\u016f\u017ee b\u00fdt jednobarevn\u00e1 nebo v\u00edcebarevn\u00e1.<\/div>\n<div>\u058d Pro dekorativn\u00ed vsyp barevn\u00fdch lup\u00ednk\u016f (chips\u016f).<\/div>\n<div>\u058d Lze pou\u017e\u00edt i na jin\u00e9<span>&nbsp;<\/span><span class=\"show-tooltip\" title=\"\" data-original-title=\"Stavba je proces tvorby a vytv\u00e1\u0159en\u00ed r\u016fzn\u00fdch stavebn\u00edch objekt\u016f nebo konstrukc\u00ed. Stavba m\u016f\u017ee zahrnovat v\u00fdstavbu budov, most\u016f, silnic, tunel\u016f, hr\u00e1z\u00ed, pr\u016fmyslov\u00fdch za\u0159\u00edzen\u00ed, vodn\u00edch n\u00e1dr\u017e\u00ed, sportovn\u00edch za\u0159\u00edzen\u00ed a dal\u0161\u00edch&amp;hellip;\">stavebn\u00ed<\/span><span>&nbsp;<\/span>materi\u00e1ly (<span class=\"show-tooltip\" title=\"\" data-original-title=\"D\u0159evo&amp;nbsp;je tvrd\u00e9 a p\u00f3rovit\u00e9&amp;nbsp;rostlinn\u00e9 pletivo&amp;nbsp;(tk\u00e1\u0148), je\u017e tvo\u0159\u00ed kmeny, ko\u0159eny a v\u011btve strom\u016f, ke\u0159\u016f a dal\u0161\u00edch&amp;nbsp;d\u0159evin. Skl\u00e1d\u00e1 se z&amp;nbsp;celul\u00f3zov\u00fdch&amp;nbsp;vl\u00e1ken s vysokou pevnost\u00ed v tahu a&amp;nbsp;ligninov\u00e9&amp;nbsp;v\u00fdpln\u011b, kter\u00e1&amp;hellip;\">d\u0159evo<\/span>, <span class=\"show-tooltip\" title=\"OSB deska (Oriented Strand Board) je typ d\u0159ev\u011bn\u00e9ho kompozitn\u00edho materi\u00e1lu vyroben\u00e9ho z orientovan\u00fdch d\u0159ev\u011bn\u00fdch \u010d\u00e1stic (stran) spojen\u00fdch prysky\u0159ic\u00ed a stla\u010den\u00fdch za vysok\u00e9ho tlaku a teploty. Tento materi\u00e1l je \u0161iroce pou\u017e\u00edv\u00e1n ve stavebnictv\u00ed a&amp;hellip;\">OSB<\/span>,<span>&nbsp;<\/span><span class=\"show-tooltip\" title=\"\" data-original-title=\"Kovy&amp;nbsp;tvo\u0159\u00ed spole\u010dn\u011b s&amp;nbsp;polokovy&amp;nbsp;a&amp;nbsp;nekovy&amp;nbsp;t\u0159i hlavn\u00ed skupiny&amp;nbsp;chemick\u00fdch prvk\u016f. Rozd\u011blen\u00ed je prov\u00e1d\u011bno s ohledem na&amp;nbsp;vazebn\u00e9&amp;nbsp;a&amp;nbsp;ioniza\u010dn\u00ed&amp;nbsp;vlastnosti prvk\u016f. Kovy jsou charakterizovan\u00e9&amp;hellip;\">kov<\/span>).<\/div>\n<h4><strong>Postup<\/strong><\/h4>\n<div>\u058d Prom\u00edchejte slo\u017eku A (pojivov\u00e1 epoxidov\u00e1 \u010d\u00e1st) a postupn\u011b p\u0159idejte slo\u017eku B (tvrd\u00edc\u00ed \u010d\u00e1st) za st\u00e1l\u00e9ho m\u00edch\u00e1n\u00ed.<\/div>\n<div>\u058d Homogenizujte kompozici po dobu cca 2-3 minut.<\/div>\n<div>\u058d P\u0159i aplikaci d\u00e1vejte pozor na p\u0159\u00edpadn\u00fd \u0161kraloup na povrchu n\u00e1t\u011brov\u00e9 hmoty a odstra\u0148te ho.<\/div>\n<div>\u058d Aplikujte homogenizovanou kompozici na p\u0159ipraven\u00fd podklad v\u00e1le\u010dkem,<span>&nbsp;<\/span><span class=\"show-tooltip\" title=\"\" data-original-title=\"\u0160t\u011btec je n\u00e1stroj pou\u017e\u00edvan\u00fd pro malov\u00e1n\u00ed, nan\u00e1\u0161en\u00ed laku, barvy, lepidel nebo jin\u00fdch podobn\u00fdch l\u00e1tek na povrchy. Skl\u00e1d\u00e1 se z h\u0159betu (t\u011bla) a chlup\u016f (vl\u00e1ken), kter\u00e9 jsou p\u0159ipevn\u011bny k h\u0159betu. Chlupy mohou b\u00fdt vyrobeny z r\u016fzn\u00fdch materi\u00e1l\u016f, jako&amp;hellip;\">\u0161t\u011btcem<\/span><span>&nbsp;<\/span>nebo st\u0159\u00edk\u00e1n\u00edm.<\/div>\n<div>\u058d Dodr\u017eujte p\u0159edepsanou technologickou p\u0159est\u00e1vku mezi jednotliv\u00fdmi n\u00e1t\u011bry.<\/div>\n<div>\u058d P\u0159i pr\u00e1ci v exteri\u00e9ru vyhn\u011bte se de\u0161ti, rosy a p\u0159\u00edm\u00e9mu<span>&nbsp;<\/span><span class=\"show-tooltip\" title=\"\" data-original-title=\"Slunce je centr\u00e1ln\u00ed hv\u011bzda slune\u010dn\u00ed soustavy, kter\u00e1 poskytuje energii prost\u0159ednictv\u00edm jadern\u00fdch reakc\u00ed termojadern\u00e9 f\u00faze. Jeho vlastnosti, velikost, st\u00e1\u0159\u00ed a v\u00fdznam jsou kl\u00ed\u010dov\u00e9 pro ch\u00e1p\u00e1n\u00ed \u017eivota na Zemi a v na\u0161\u00ed slune\u010dn\u00ed soustav\u011b.&amp;nbsp;Slunce je&amp;hellip;\">slunci<\/span><span>&nbsp;<\/span>p\u0159i vysok\u00fdch teplot\u00e1ch vzduchu a podkladu.<\/div>\n<div>\u058d Pro dosa\u017een\u00ed dekorativn\u00edch \u00faprav m\u016f\u017eete pou\u017e\u00edt vsyp obarven\u00e9ho p\u00edsku nebo barevn\u00fdch chips\u016f.<\/div>\n<div>&nbsp;<\/div>\n<div><strong>Dekorativn\u00ed \u00fapravy<\/strong><\/div>\n<div>&nbsp;<\/div>\n<div>\u058d Vsyp obarven\u00e9ho p\u00edsku.<\/div>\n<div>\u058d Vsyp barevn\u00fdch chips\u016f.<\/div>\n<div>\u058d Protiskluzn\u00fd povrch s<span>&nbsp;<\/span><span class=\"show-tooltip\" title=\"\" data-original-title=\"K\u0159em\u00edk&amp;nbsp;(lat. silicium)&amp;nbsp;je chemick\u00fd prvek se symbolem Si a atomov\u00fdm \u010d\u00edslem 14. Je to polokov, kter\u00fd se nach\u00e1z\u00ed ve 4. skupin\u011b periodick\u00e9 tabulky. K\u0159em\u00edk je druh\u00fdm nejhojn\u011bj\u0161\u00edm prvkem na Zemi, p\u0159i\u010dem\u017e se nach\u00e1z\u00ed zejm\u00e9na v krystalick\u00e9 form\u011b&amp;hellip;\">k\u0159emi\u010dit\u00fdm<\/span><span>&nbsp;<\/span>p\u00edskem.<\/div>\n<div>&nbsp;<\/div>\n<div>\n<div><strong><span class=\"show-tooltip\" title=\"\" data-original-title=\"Spot\u0159eba materi\u00e1lu je m\u011b\u0159en\u00ed mno\u017estv\u00ed surovin, komponent\u016f nebo materi\u00e1l\u016f, kter\u00e9 jsou pou\u017eity p\u0159i v\u00fdrob\u011b, konstrukci, instalaci, aplikaci nebo provozu n\u011bjak\u00e9ho v\u00fdrobku, za\u0159\u00edzen\u00ed nebo syst\u00e9mu.Spot\u0159eba materi\u00e1lu m\u016f\u017ee b\u00fdt vyj\u00e1d\u0159ena v r\u016fzn\u00fdch&amp;hellip;\">Spot\u0159eba<\/span>:&nbsp;<\/strong><strong><\/strong>Dle savosti podkladu 0,2 &#8211; 0,25 kg\/m<sup>2<\/sup><\/div>\n<div><strong>Vydatnost balen\u00ed:<\/strong><span>&nbsp;<\/span>24 &#8211; 30 m<sup>2<\/sup><span>&nbsp;<\/span>\/ 1 vrstva.<\/div>\n<\/div>\n<div>&nbsp;<\/div>\n<div><strong>Velikost balen\u00ed:&nbsp;<\/strong>Plechov\u00e1 d\u00f3za +<span>&nbsp;<\/span><span class=\"show-tooltip\" title=\"\" data-original-title=\"Plasty, zn\u00e1m\u00e9 tak\u00e9 pod n\u00e1zvem&amp;nbsp;plastick\u00e9 hmoty&amp;nbsp;nebo tak\u00e9 \u201eum\u011bl\u00e9 hmoty\u201c, ozna\u010duj\u00ed \u0159adu syntetick\u00fdch nebo polosyntetick\u00fdch&amp;nbsp;organick\u00fdch slou\u010denin,&amp;nbsp;polymern\u00edch materi\u00e1l\u016f. \u010casto obsahuj\u00ed dal\u0161\u00ed l\u00e1tky ke zlep\u0161en\u00ed u\u017eitn\u00fdch&amp;hellip;\">plastov\u00fd<\/span><span>&nbsp;<\/span>kanystr, slo\u017eky A + B: 5 + 1 kg.<\/div>\n<\/td>\n<\/tr>\n<\/tbody>\n<\/table>\n<\/div><\/div>\n","protected":false},"excerpt":{"rendered":"<p>Detailn\u00ed popis produktu POLYCOL\u00ae 301 epoxidov\u00fd tenkovrstv\u00fd n\u00e1t\u011br &#8211; bezbarv\u00e1 b\u00e1ze a&nbsp;tvrdidlo 560 &nbsp; Dvouslo\u017ekov\u00e1, rozpou\u0161t\u011bdlov\u00e1 n\u00e1t\u011brov\u00e1 hmota na b\u00e1zi epoxidov\u00fdch prysky\u0159ic. Vytvrzov\u00e1na tvrdidlem Polycol\u00ae 560 v pom\u011bru 100:20. &nbsp; Tento produkt je z\u00e1kladn\u00ed bezbarvou b\u00e1z\u00ed a slou\u017e\u00ed bu\u010f jako pr\u016fhledn\u00fd tenkovrstv\u00fd podlahov\u00fd n\u00e1t\u011br nebo k p\u0159\u00edprav\u011b barevn\u00e9ho n\u00e1t\u011bru pomoc\u00ed p\u0159id\u00e1n\u00ed pigment\u016f. T\u00f3nov\u00e1n\u00ed b\u00e1ze do [&hellip;]<\/p>\n","protected":false},"featured_media":15846,"comment_status":"open","ping_status":"open","template":"","meta":[],"product_brand":[],"product_cat":[61],"product_tag":[],"class_list":{"0":"post-15746","1":"product","2":"type-product","3":"status-publish","4":"has-post-thumbnail","6":"product_cat-kompozitni-materialy","8":"first","9":"instock","10":"sale","11":"shipping-taxable","12":"purchasable","13":"product-type-simple"},"yoast_head":"<!-- This site is optimized with the Yoast SEO plugin v26.8 - https:\/\/yoast.com\/product\/yoast-seo-wordpress\/ -->\n<title>POLYCOL\u00ae 301-560 epoxidov\u00fd n\u00e1t\u011br - bezbarv\u00e1 b\u00e1ze, sada 24 kg Novinka -<\/title>\n<meta name=\"robots\" content=\"index, follow, max-snippet:-1, max-image-preview:large, max-video-preview:-1\" \/>\n<link rel=\"canonical\" href=\"https:\/\/www.domkraftpro.com\/index.php\/produkt\/polycol-r-301-560-epoxidovy-nater-bezbarva-baze-sada-24-kg-novinka-15746\/\" \/>\n<meta property=\"og:locale\" content=\"cs_CZ\" \/>\n<meta property=\"og:type\" content=\"article\" \/>\n<meta property=\"og:title\" content=\"POLYCOL\u00ae 301-560 epoxidov\u00fd n\u00e1t\u011br - bezbarv\u00e1 b\u00e1ze, sada 24 kg Novinka -\" \/>\n<meta property=\"og:description\" content=\"Detailn\u00ed popis produktu POLYCOL\u00ae 301 epoxidov\u00fd tenkovrstv\u00fd n\u00e1t\u011br &#8211; bezbarv\u00e1 b\u00e1ze a&nbsp;tvrdidlo 560 &nbsp; Dvouslo\u017ekov\u00e1, rozpou\u0161t\u011bdlov\u00e1 n\u00e1t\u011brov\u00e1 hmota na b\u00e1zi epoxidov\u00fdch prysky\u0159ic. Vytvrzov\u00e1na tvrdidlem Polycol\u00ae 560 v pom\u011bru 100:20. &nbsp; Tento produkt je z\u00e1kladn\u00ed bezbarvou b\u00e1z\u00ed a slou\u017e\u00ed bu\u010f jako pr\u016fhledn\u00fd tenkovrstv\u00fd podlahov\u00fd n\u00e1t\u011br nebo k p\u0159\u00edprav\u011b barevn\u00e9ho n\u00e1t\u011bru pomoc\u00ed p\u0159id\u00e1n\u00ed pigment\u016f. T\u00f3nov\u00e1n\u00ed b\u00e1ze do [&hellip;]\" \/>\n<meta property=\"og:url\" content=\"https:\/\/www.domkraftpro.com\/index.php\/produkt\/polycol-r-301-560-epoxidovy-nater-bezbarva-baze-sada-24-kg-novinka-15746\/\" \/>\n<meta property=\"og:image\" content=\"https:\/\/www.domkraftpro.com\/wp-content\/uploads\/2026\/SK0007351-CZ20260425-092522-0-1777080324-117371_polycol-301.webp\" \/>\n\t<meta property=\"og:image:width\" content=\"1000\" \/>\n\t<meta property=\"og:image:height\" content=\"750\" \/>\n\t<meta property=\"og:image:type\" content=\"image\/webp\" \/>\n<meta name=\"twitter:card\" content=\"summary_large_image\" \/>\n<meta name=\"twitter:label1\" content=\"Odhadovan\u00e1 doba \u010dten\u00ed\" \/>\n\t<meta name=\"twitter:data1\" content=\"2 minuty\" \/>\n<script type=\"application\/ld+json\" class=\"yoast-schema-graph\">{\"@context\":\"https:\/\/schema.org\",\"@graph\":[{\"@type\":\"WebPage\",\"@id\":\"https:\/\/www.domkraftpro.com\/index.php\/produkt\/polycol-r-301-560-epoxidovy-nater-bezbarva-baze-sada-24-kg-novinka-15746\/\",\"url\":\"https:\/\/www.domkraftpro.com\/index.php\/produkt\/polycol-r-301-560-epoxidovy-nater-bezbarva-baze-sada-24-kg-novinka-15746\/\",\"name\":\"POLYCOL\u00ae 301-560 epoxidov\u00fd n\u00e1t\u011br - bezbarv\u00e1 b\u00e1ze, sada 24 kg Novinka -\",\"isPartOf\":{\"@id\":\"https:\/\/www.domkraftpro.com\/#website\"},\"primaryImageOfPage\":{\"@id\":\"https:\/\/www.domkraftpro.com\/index.php\/produkt\/polycol-r-301-560-epoxidovy-nater-bezbarva-baze-sada-24-kg-novinka-15746\/#primaryimage\"},\"image\":{\"@id\":\"https:\/\/www.domkraftpro.com\/index.php\/produkt\/polycol-r-301-560-epoxidovy-nater-bezbarva-baze-sada-24-kg-novinka-15746\/#primaryimage\"},\"thumbnailUrl\":\"https:\/\/www.domkraftpro.com\/wp-content\/uploads\/2026\/SK0007351-CZ20260425-092522-0-1777080324-117371_polycol-301.webp\",\"datePublished\":\"2026-04-27T04:41:01+00:00\",\"breadcrumb\":{\"@id\":\"https:\/\/www.domkraftpro.com\/index.php\/produkt\/polycol-r-301-560-epoxidovy-nater-bezbarva-baze-sada-24-kg-novinka-15746\/#breadcrumb\"},\"inLanguage\":\"cs\",\"potentialAction\":[{\"@type\":\"ReadAction\",\"target\":[\"https:\/\/www.domkraftpro.com\/index.php\/produkt\/polycol-r-301-560-epoxidovy-nater-bezbarva-baze-sada-24-kg-novinka-15746\/\"]}]},{\"@type\":\"ImageObject\",\"inLanguage\":\"cs\",\"@id\":\"https:\/\/www.domkraftpro.com\/index.php\/produkt\/polycol-r-301-560-epoxidovy-nater-bezbarva-baze-sada-24-kg-novinka-15746\/#primaryimage\",\"url\":\"https:\/\/www.domkraftpro.com\/wp-content\/uploads\/2026\/SK0007351-CZ20260425-092522-0-1777080324-117371_polycol-301.webp\",\"contentUrl\":\"https:\/\/www.domkraftpro.com\/wp-content\/uploads\/2026\/SK0007351-CZ20260425-092522-0-1777080324-117371_polycol-301.webp\",\"width\":1000,\"height\":750},{\"@type\":\"BreadcrumbList\",\"@id\":\"https:\/\/www.domkraftpro.com\/index.php\/produkt\/polycol-r-301-560-epoxidovy-nater-bezbarva-baze-sada-24-kg-novinka-15746\/#breadcrumb\",\"itemListElement\":[{\"@type\":\"ListItem\",\"position\":1,\"name\":\"Home\",\"item\":\"https:\/\/www.domkraftpro.com\/\"},{\"@type\":\"ListItem\",\"position\":2,\"name\":\"Products\",\"item\":\"https:\/\/www.domkraftpro.com\/products\/\"},{\"@type\":\"ListItem\",\"position\":3,\"name\":\"POLYCOL\u00ae 301-560 epoxidov\u00fd n\u00e1t\u011br &#8211; bezbarv\u00e1 b\u00e1ze, sada 24 kg Novinka\"}]},{\"@type\":\"WebSite\",\"@id\":\"https:\/\/www.domkraftpro.com\/#website\",\"url\":\"https:\/\/www.domkraftpro.com\/\",\"name\":\"\",\"description\":\"\",\"potentialAction\":[{\"@type\":\"SearchAction\",\"target\":{\"@type\":\"EntryPoint\",\"urlTemplate\":\"https:\/\/www.domkraftpro.com\/?s={search_term_string}\"},\"query-input\":{\"@type\":\"PropertyValueSpecification\",\"valueRequired\":true,\"valueName\":\"search_term_string\"}}],\"inLanguage\":\"cs\"}]}<\/script>\n<!-- \/ Yoast SEO plugin. -->","yoast_head_json":{"title":"POLYCOL\u00ae 301-560 epoxidov\u00fd n\u00e1t\u011br - bezbarv\u00e1 b\u00e1ze, sada 24 kg Novinka -","robots":{"index":"index","follow":"follow","max-snippet":"max-snippet:-1","max-image-preview":"max-image-preview:large","max-video-preview":"max-video-preview:-1"},"canonical":"https:\/\/www.domkraftpro.com\/index.php\/produkt\/polycol-r-301-560-epoxidovy-nater-bezbarva-baze-sada-24-kg-novinka-15746\/","og_locale":"cs_CZ","og_type":"article","og_title":"POLYCOL\u00ae 301-560 epoxidov\u00fd n\u00e1t\u011br - bezbarv\u00e1 b\u00e1ze, sada 24 kg Novinka -","og_description":"Detailn\u00ed popis produktu POLYCOL\u00ae 301 epoxidov\u00fd tenkovrstv\u00fd n\u00e1t\u011br &#8211; bezbarv\u00e1 b\u00e1ze a&nbsp;tvrdidlo 560 &nbsp; Dvouslo\u017ekov\u00e1, rozpou\u0161t\u011bdlov\u00e1 n\u00e1t\u011brov\u00e1 hmota na b\u00e1zi epoxidov\u00fdch prysky\u0159ic. Vytvrzov\u00e1na tvrdidlem Polycol\u00ae 560 v pom\u011bru 100:20. &nbsp; Tento produkt je z\u00e1kladn\u00ed bezbarvou b\u00e1z\u00ed a slou\u017e\u00ed bu\u010f jako pr\u016fhledn\u00fd tenkovrstv\u00fd podlahov\u00fd n\u00e1t\u011br nebo k p\u0159\u00edprav\u011b barevn\u00e9ho n\u00e1t\u011bru pomoc\u00ed p\u0159id\u00e1n\u00ed pigment\u016f. T\u00f3nov\u00e1n\u00ed b\u00e1ze do [&hellip;]","og_url":"https:\/\/www.domkraftpro.com\/index.php\/produkt\/polycol-r-301-560-epoxidovy-nater-bezbarva-baze-sada-24-kg-novinka-15746\/","og_image":[{"width":1000,"height":750,"url":"https:\/\/www.domkraftpro.com\/wp-content\/uploads\/2026\/SK0007351-CZ20260425-092522-0-1777080324-117371_polycol-301.webp","type":"image\/webp"}],"twitter_card":"summary_large_image","twitter_misc":{"Odhadovan\u00e1 doba \u010dten\u00ed":"2 minuty"},"schema":{"@context":"https:\/\/schema.org","@graph":[{"@type":"WebPage","@id":"https:\/\/www.domkraftpro.com\/index.php\/produkt\/polycol-r-301-560-epoxidovy-nater-bezbarva-baze-sada-24-kg-novinka-15746\/","url":"https:\/\/www.domkraftpro.com\/index.php\/produkt\/polycol-r-301-560-epoxidovy-nater-bezbarva-baze-sada-24-kg-novinka-15746\/","name":"POLYCOL\u00ae 301-560 epoxidov\u00fd n\u00e1t\u011br - bezbarv\u00e1 b\u00e1ze, sada 24 kg Novinka -","isPartOf":{"@id":"https:\/\/www.domkraftpro.com\/#website"},"primaryImageOfPage":{"@id":"https:\/\/www.domkraftpro.com\/index.php\/produkt\/polycol-r-301-560-epoxidovy-nater-bezbarva-baze-sada-24-kg-novinka-15746\/#primaryimage"},"image":{"@id":"https:\/\/www.domkraftpro.com\/index.php\/produkt\/polycol-r-301-560-epoxidovy-nater-bezbarva-baze-sada-24-kg-novinka-15746\/#primaryimage"},"thumbnailUrl":"https:\/\/www.domkraftpro.com\/wp-content\/uploads\/2026\/SK0007351-CZ20260425-092522-0-1777080324-117371_polycol-301.webp","datePublished":"2026-04-27T04:41:01+00:00","breadcrumb":{"@id":"https:\/\/www.domkraftpro.com\/index.php\/produkt\/polycol-r-301-560-epoxidovy-nater-bezbarva-baze-sada-24-kg-novinka-15746\/#breadcrumb"},"inLanguage":"cs","potentialAction":[{"@type":"ReadAction","target":["https:\/\/www.domkraftpro.com\/index.php\/produkt\/polycol-r-301-560-epoxidovy-nater-bezbarva-baze-sada-24-kg-novinka-15746\/"]}]},{"@type":"ImageObject","inLanguage":"cs","@id":"https:\/\/www.domkraftpro.com\/index.php\/produkt\/polycol-r-301-560-epoxidovy-nater-bezbarva-baze-sada-24-kg-novinka-15746\/#primaryimage","url":"https:\/\/www.domkraftpro.com\/wp-content\/uploads\/2026\/SK0007351-CZ20260425-092522-0-1777080324-117371_polycol-301.webp","contentUrl":"https:\/\/www.domkraftpro.com\/wp-content\/uploads\/2026\/SK0007351-CZ20260425-092522-0-1777080324-117371_polycol-301.webp","width":1000,"height":750},{"@type":"BreadcrumbList","@id":"https:\/\/www.domkraftpro.com\/index.php\/produkt\/polycol-r-301-560-epoxidovy-nater-bezbarva-baze-sada-24-kg-novinka-15746\/#breadcrumb","itemListElement":[{"@type":"ListItem","position":1,"name":"Home","item":"https:\/\/www.domkraftpro.com\/"},{"@type":"ListItem","position":2,"name":"Products","item":"https:\/\/www.domkraftpro.com\/products\/"},{"@type":"ListItem","position":3,"name":"POLYCOL\u00ae 301-560 epoxidov\u00fd n\u00e1t\u011br &#8211; bezbarv\u00e1 b\u00e1ze, sada 24 kg Novinka"}]},{"@type":"WebSite","@id":"https:\/\/www.domkraftpro.com\/#website","url":"https:\/\/www.domkraftpro.com\/","name":"","description":"","potentialAction":[{"@type":"SearchAction","target":{"@type":"EntryPoint","urlTemplate":"https:\/\/www.domkraftpro.com\/?s={search_term_string}"},"query-input":{"@type":"PropertyValueSpecification","valueRequired":true,"valueName":"search_term_string"}}],"inLanguage":"cs"}]}},"_links":{"self":[{"href":"https:\/\/www.domkraftpro.com\/wp-json\/wp\/v2\/product\/15746","targetHints":{"allow":["GET"]}}],"collection":[{"href":"https:\/\/www.domkraftpro.com\/wp-json\/wp\/v2\/product"}],"about":[{"href":"https:\/\/www.domkraftpro.com\/wp-json\/wp\/v2\/types\/product"}],"replies":[{"embeddable":true,"href":"https:\/\/www.domkraftpro.com\/wp-json\/wp\/v2\/comments?post=15746"}],"wp:featuredmedia":[{"embeddable":true,"href":"https:\/\/www.domkraftpro.com\/wp-json\/wp\/v2\/media\/15846"}],"wp:attachment":[{"href":"https:\/\/www.domkraftpro.com\/wp-json\/wp\/v2\/media?parent=15746"}],"wp:term":[{"taxonomy":"product_brand","embeddable":true,"href":"https:\/\/www.domkraftpro.com\/wp-json\/wp\/v2\/product_brand?post=15746"},{"taxonomy":"product_cat","embeddable":true,"href":"https:\/\/www.domkraftpro.com\/wp-json\/wp\/v2\/product_cat?post=15746"},{"taxonomy":"product_tag","embeddable":true,"href":"https:\/\/www.domkraftpro.com\/wp-json\/wp\/v2\/product_tag?post=15746"}],"curies":[{"name":"wp","href":"https:\/\/api.w.org\/{rel}","templated":true}]}}