{"id":1572,"date":"2026-04-27T04:40:34","date_gmt":"2026-04-27T04:40:34","guid":{"rendered":""},"modified":"2026-04-27T04:40:34","modified_gmt":"2026-04-27T04:40:34","slug":"znackovy-led-panel-atria-shine-backlight-ip44-kruhove-190mm-11-2w-4000k-bila-paulmann-1572","status":"publish","type":"product","link":"https:\/\/www.domkraftpro.com\/index.php\/produkt\/znackovy-led-panel-atria-shine-backlight-ip44-kruhove-190mm-11-2w-4000k-bila-paulmann-1572\/","title":{"rendered":"Zna\u010dkov\u00fd LED Panel Atria Shine Backlight IP44 kruhov\u00e9 190mm 11,2W 4000K b\u00edl\u00e1 &#8211; PAULMANN"},"content":{"rendered":"<p><\/p>\n<div class=\"top-params\">\n<h3 class=\"product-h3 collapse-header \" data-toggle=\"collapse\" data-target=\"#collapseOne\" aria-expanded=\"true\" aria-controls=\"collapseOne\">Parametry<\/h3>\n<div id=\"collapseOne\" class=\"collapse show\" aria-labelledby=\"headingOne\" data-parent=\"#product-info-accordion1\">\n<table class=\"table-striped\">\n<tr>\n<td>                V\u00fd\u0161ka v mm            <\/td>\n<td>                30            <\/td>\n<\/tr>\n<tr>\n<td>                T\u0159\u00edda ochrany            <\/td>\n<td>                II            <\/td>\n<\/tr>\n<tr>\n<td>                Stm\u00edvateln\u00e9            <\/td>\n<td>                ne            <\/td>\n<\/tr>\n<tr>\n<td>                \u017divotnost            <\/td>\n<td>                30000h            <\/td>\n<\/tr>\n<tr>\n<td>                Energetick\u00e1 \u00fa\u010dinnost            <\/td>\n<td>                E            <\/td>\n<\/tr>\n<tr>\n<td>                Index pod\u00e1n\u00ed barev            <\/td>\n<td>                80            <\/td>\n<\/tr>\n<tr>\n<td>                Pr\u016fm\u011br v mm            <\/td>\n<td>                190            <\/td>\n<\/tr>\n<tr>\n<td>                Ochrana IP            <\/td>\n<td>                IP44            <\/td>\n<\/tr>\n<tr>\n<td>                Sv\u011bteln\u00fd tok            <\/td>\n<td>                850lm            <\/td>\n<\/tr>\n<tr>\n<td>                Teplota barvy sv\u011btla            <\/td>\n<td>                4000K            <\/td>\n<\/tr>\n<tr>\n<td>                Max. p\u0159\u00edkon sv\u011bteln\u00e9ho zdroje            <\/td>\n<td>                11,2W            <\/td>\n<\/tr>\n<tr>\n<td>                V\u00fdkon            <\/td>\n<td>                11,2W            <\/td>\n<\/tr>\n<tr>\n<td>                Patice            <\/td>\n<td>                LED            <\/td>\n<\/tr>\n<tr>\n<td>                V\u010detn\u011b sv\u011bteln\u00e9ho zdroje            <\/td>\n<td>                ano            <\/td>\n<\/tr>\n<tr>\n<td>                Materi\u00e1l            <\/td>\n<td>                plast            <\/td>\n<\/tr>\n<tr>\n<td>                Barva            <\/td>\n<td>                b\u00edl\u00e1            <\/td>\n<\/tr>\n<tr>\n<td>                Po\u010det sv\u011bteln\u00fdch zdroj\u016f            <\/td>\n<td>                1            <\/td>\n<\/tr>\n<tr>\n<td>                V\u00fdrobce            <\/td>\n<td>                PAULMANN            <\/td>\n<\/tr>\n<tr>\n<td>                Kolekce            <\/td>\n<td>                Atria Shine            <\/td>\n<\/tr>\n<\/table>\n<\/div><\/div>\n<\/div>\n<div class=\"accordion\" id=\"product-info-accordion2\">\n","protected":false},"excerpt":{"rendered":"<p>Parametry V\u00fd\u0161ka v mm 30 T\u0159\u00edda ochrany II Stm\u00edvateln\u00e9 ne \u017divotnost 30000h Energetick\u00e1 \u00fa\u010dinnost E Index pod\u00e1n\u00ed barev 80 Pr\u016fm\u011br v mm 190 Ochrana IP IP44 Sv\u011bteln\u00fd tok 850lm Teplota barvy sv\u011btla 4000K Max. p\u0159\u00edkon sv\u011bteln\u00e9ho zdroje 11,2W V\u00fdkon 11,2W Patice LED V\u010detn\u011b sv\u011bteln\u00e9ho zdroje ano Materi\u00e1l plast Barva b\u00edl\u00e1 Po\u010det sv\u011bteln\u00fdch zdroj\u016f 1 V\u00fdrobce [&hellip;]<\/p>\n","protected":false},"featured_media":1672,"comment_status":"open","ping_status":"open","template":"","meta":[],"product_brand":[],"product_cat":[31],"product_tag":[],"class_list":{"0":"post-1572","1":"product","2":"type-product","3":"status-publish","4":"has-post-thumbnail","6":"product_cat-interierova-svitidla","8":"first","9":"instock","10":"sale","11":"shipping-taxable","12":"purchasable","13":"product-type-simple"},"yoast_head":"<!-- This site is optimized with the Yoast SEO plugin v26.8 - https:\/\/yoast.com\/product\/yoast-seo-wordpress\/ -->\n<title>Zna\u010dkov\u00fd LED Panel Atria Shine Backlight IP44 kruhov\u00e9 190mm 11,2W 4000K b\u00edl\u00e1 - PAULMANN -<\/title>\n<meta name=\"robots\" content=\"index, follow, max-snippet:-1, max-image-preview:large, max-video-preview:-1\" \/>\n<link rel=\"canonical\" href=\"https:\/\/www.domkraftpro.com\/index.php\/produkt\/znackovy-led-panel-atria-shine-backlight-ip44-kruhove-190mm-11-2w-4000k-bila-paulmann-1572\/\" \/>\n<meta property=\"og:locale\" content=\"cs_CZ\" \/>\n<meta property=\"og:type\" content=\"article\" \/>\n<meta property=\"og:title\" content=\"Zna\u010dkov\u00fd LED Panel Atria Shine Backlight IP44 kruhov\u00e9 190mm 11,2W 4000K b\u00edl\u00e1 - PAULMANN -\" \/>\n<meta property=\"og:description\" content=\"Parametry V\u00fd\u0161ka v mm 30 T\u0159\u00edda ochrany II Stm\u00edvateln\u00e9 ne \u017divotnost 30000h Energetick\u00e1 \u00fa\u010dinnost E Index pod\u00e1n\u00ed barev 80 Pr\u016fm\u011br v mm 190 Ochrana IP IP44 Sv\u011bteln\u00fd tok 850lm Teplota barvy sv\u011btla 4000K Max. p\u0159\u00edkon sv\u011bteln\u00e9ho zdroje 11,2W V\u00fdkon 11,2W Patice LED V\u010detn\u011b sv\u011bteln\u00e9ho zdroje ano Materi\u00e1l plast Barva b\u00edl\u00e1 Po\u010det sv\u011bteln\u00fdch zdroj\u016f 1 V\u00fdrobce [&hellip;]\" \/>\n<meta property=\"og:url\" content=\"https:\/\/www.domkraftpro.com\/index.php\/produkt\/znackovy-led-panel-atria-shine-backlight-ip44-kruhove-190mm-11-2w-4000k-bila-paulmann-1572\/\" \/>\n<meta property=\"og:image\" content=\"https:\/\/www.domkraftpro.com\/wp-content\/uploads\/2026\/SK0053891-CZ20260425-091535-0-1777079744-P-71183.webp\" \/>\n\t<meta property=\"og:image:width\" content=\"800\" \/>\n\t<meta property=\"og:image:height\" content=\"800\" \/>\n\t<meta property=\"og:image:type\" content=\"image\/webp\" \/>\n<meta name=\"twitter:card\" content=\"summary_large_image\" \/>\n<script type=\"application\/ld+json\" class=\"yoast-schema-graph\">{\"@context\":\"https:\/\/schema.org\",\"@graph\":[{\"@type\":\"WebPage\",\"@id\":\"https:\/\/www.domkraftpro.com\/index.php\/produkt\/znackovy-led-panel-atria-shine-backlight-ip44-kruhove-190mm-11-2w-4000k-bila-paulmann-1572\/\",\"url\":\"https:\/\/www.domkraftpro.com\/index.php\/produkt\/znackovy-led-panel-atria-shine-backlight-ip44-kruhove-190mm-11-2w-4000k-bila-paulmann-1572\/\",\"name\":\"Zna\u010dkov\u00fd LED Panel Atria Shine Backlight IP44 kruhov\u00e9 190mm 11,2W 4000K b\u00edl\u00e1 - PAULMANN -\",\"isPartOf\":{\"@id\":\"https:\/\/www.domkraftpro.com\/#website\"},\"primaryImageOfPage\":{\"@id\":\"https:\/\/www.domkraftpro.com\/index.php\/produkt\/znackovy-led-panel-atria-shine-backlight-ip44-kruhove-190mm-11-2w-4000k-bila-paulmann-1572\/#primaryimage\"},\"image\":{\"@id\":\"https:\/\/www.domkraftpro.com\/index.php\/produkt\/znackovy-led-panel-atria-shine-backlight-ip44-kruhove-190mm-11-2w-4000k-bila-paulmann-1572\/#primaryimage\"},\"thumbnailUrl\":\"https:\/\/www.domkraftpro.com\/wp-content\/uploads\/2026\/SK0053891-CZ20260425-091535-0-1777079744-P-71183.webp\",\"datePublished\":\"2026-04-27T04:40:34+00:00\",\"breadcrumb\":{\"@id\":\"https:\/\/www.domkraftpro.com\/index.php\/produkt\/znackovy-led-panel-atria-shine-backlight-ip44-kruhove-190mm-11-2w-4000k-bila-paulmann-1572\/#breadcrumb\"},\"inLanguage\":\"cs\",\"potentialAction\":[{\"@type\":\"ReadAction\",\"target\":[\"https:\/\/www.domkraftpro.com\/index.php\/produkt\/znackovy-led-panel-atria-shine-backlight-ip44-kruhove-190mm-11-2w-4000k-bila-paulmann-1572\/\"]}]},{\"@type\":\"ImageObject\",\"inLanguage\":\"cs\",\"@id\":\"https:\/\/www.domkraftpro.com\/index.php\/produkt\/znackovy-led-panel-atria-shine-backlight-ip44-kruhove-190mm-11-2w-4000k-bila-paulmann-1572\/#primaryimage\",\"url\":\"https:\/\/www.domkraftpro.com\/wp-content\/uploads\/2026\/SK0053891-CZ20260425-091535-0-1777079744-P-71183.webp\",\"contentUrl\":\"https:\/\/www.domkraftpro.com\/wp-content\/uploads\/2026\/SK0053891-CZ20260425-091535-0-1777079744-P-71183.webp\",\"width\":800,\"height\":800},{\"@type\":\"BreadcrumbList\",\"@id\":\"https:\/\/www.domkraftpro.com\/index.php\/produkt\/znackovy-led-panel-atria-shine-backlight-ip44-kruhove-190mm-11-2w-4000k-bila-paulmann-1572\/#breadcrumb\",\"itemListElement\":[{\"@type\":\"ListItem\",\"position\":1,\"name\":\"Home\",\"item\":\"https:\/\/www.domkraftpro.com\/\"},{\"@type\":\"ListItem\",\"position\":2,\"name\":\"Products\",\"item\":\"https:\/\/www.domkraftpro.com\/index.php\/products\/\"},{\"@type\":\"ListItem\",\"position\":3,\"name\":\"Zna\u010dkov\u00fd LED Panel Atria Shine Backlight IP44 kruhov\u00e9 190mm 11,2W 4000K b\u00edl\u00e1 &#8211; PAULMANN\"}]},{\"@type\":\"WebSite\",\"@id\":\"https:\/\/www.domkraftpro.com\/#website\",\"url\":\"https:\/\/www.domkraftpro.com\/\",\"name\":\"\",\"description\":\"\",\"potentialAction\":[{\"@type\":\"SearchAction\",\"target\":{\"@type\":\"EntryPoint\",\"urlTemplate\":\"https:\/\/www.domkraftpro.com\/?s={search_term_string}\"},\"query-input\":{\"@type\":\"PropertyValueSpecification\",\"valueRequired\":true,\"valueName\":\"search_term_string\"}}],\"inLanguage\":\"cs\"}]}<\/script>\n<!-- \/ Yoast SEO plugin. -->","yoast_head_json":{"title":"Zna\u010dkov\u00fd LED Panel Atria Shine Backlight IP44 kruhov\u00e9 190mm 11,2W 4000K b\u00edl\u00e1 - PAULMANN -","robots":{"index":"index","follow":"follow","max-snippet":"max-snippet:-1","max-image-preview":"max-image-preview:large","max-video-preview":"max-video-preview:-1"},"canonical":"https:\/\/www.domkraftpro.com\/index.php\/produkt\/znackovy-led-panel-atria-shine-backlight-ip44-kruhove-190mm-11-2w-4000k-bila-paulmann-1572\/","og_locale":"cs_CZ","og_type":"article","og_title":"Zna\u010dkov\u00fd LED Panel Atria Shine Backlight IP44 kruhov\u00e9 190mm 11,2W 4000K b\u00edl\u00e1 - PAULMANN -","og_description":"Parametry V\u00fd\u0161ka v mm 30 T\u0159\u00edda ochrany II Stm\u00edvateln\u00e9 ne \u017divotnost 30000h Energetick\u00e1 \u00fa\u010dinnost E Index pod\u00e1n\u00ed barev 80 Pr\u016fm\u011br v mm 190 Ochrana IP IP44 Sv\u011bteln\u00fd tok 850lm Teplota barvy sv\u011btla 4000K Max. p\u0159\u00edkon sv\u011bteln\u00e9ho zdroje 11,2W V\u00fdkon 11,2W Patice LED V\u010detn\u011b sv\u011bteln\u00e9ho zdroje ano Materi\u00e1l plast Barva b\u00edl\u00e1 Po\u010det sv\u011bteln\u00fdch zdroj\u016f 1 V\u00fdrobce [&hellip;]","og_url":"https:\/\/www.domkraftpro.com\/index.php\/produkt\/znackovy-led-panel-atria-shine-backlight-ip44-kruhove-190mm-11-2w-4000k-bila-paulmann-1572\/","og_image":[{"width":800,"height":800,"url":"https:\/\/www.domkraftpro.com\/wp-content\/uploads\/2026\/SK0053891-CZ20260425-091535-0-1777079744-P-71183.webp","type":"image\/webp"}],"twitter_card":"summary_large_image","schema":{"@context":"https:\/\/schema.org","@graph":[{"@type":"WebPage","@id":"https:\/\/www.domkraftpro.com\/index.php\/produkt\/znackovy-led-panel-atria-shine-backlight-ip44-kruhove-190mm-11-2w-4000k-bila-paulmann-1572\/","url":"https:\/\/www.domkraftpro.com\/index.php\/produkt\/znackovy-led-panel-atria-shine-backlight-ip44-kruhove-190mm-11-2w-4000k-bila-paulmann-1572\/","name":"Zna\u010dkov\u00fd LED Panel Atria Shine Backlight IP44 kruhov\u00e9 190mm 11,2W 4000K b\u00edl\u00e1 - PAULMANN -","isPartOf":{"@id":"https:\/\/www.domkraftpro.com\/#website"},"primaryImageOfPage":{"@id":"https:\/\/www.domkraftpro.com\/index.php\/produkt\/znackovy-led-panel-atria-shine-backlight-ip44-kruhove-190mm-11-2w-4000k-bila-paulmann-1572\/#primaryimage"},"image":{"@id":"https:\/\/www.domkraftpro.com\/index.php\/produkt\/znackovy-led-panel-atria-shine-backlight-ip44-kruhove-190mm-11-2w-4000k-bila-paulmann-1572\/#primaryimage"},"thumbnailUrl":"https:\/\/www.domkraftpro.com\/wp-content\/uploads\/2026\/SK0053891-CZ20260425-091535-0-1777079744-P-71183.webp","datePublished":"2026-04-27T04:40:34+00:00","breadcrumb":{"@id":"https:\/\/www.domkraftpro.com\/index.php\/produkt\/znackovy-led-panel-atria-shine-backlight-ip44-kruhove-190mm-11-2w-4000k-bila-paulmann-1572\/#breadcrumb"},"inLanguage":"cs","potentialAction":[{"@type":"ReadAction","target":["https:\/\/www.domkraftpro.com\/index.php\/produkt\/znackovy-led-panel-atria-shine-backlight-ip44-kruhove-190mm-11-2w-4000k-bila-paulmann-1572\/"]}]},{"@type":"ImageObject","inLanguage":"cs","@id":"https:\/\/www.domkraftpro.com\/index.php\/produkt\/znackovy-led-panel-atria-shine-backlight-ip44-kruhove-190mm-11-2w-4000k-bila-paulmann-1572\/#primaryimage","url":"https:\/\/www.domkraftpro.com\/wp-content\/uploads\/2026\/SK0053891-CZ20260425-091535-0-1777079744-P-71183.webp","contentUrl":"https:\/\/www.domkraftpro.com\/wp-content\/uploads\/2026\/SK0053891-CZ20260425-091535-0-1777079744-P-71183.webp","width":800,"height":800},{"@type":"BreadcrumbList","@id":"https:\/\/www.domkraftpro.com\/index.php\/produkt\/znackovy-led-panel-atria-shine-backlight-ip44-kruhove-190mm-11-2w-4000k-bila-paulmann-1572\/#breadcrumb","itemListElement":[{"@type":"ListItem","position":1,"name":"Home","item":"https:\/\/www.domkraftpro.com\/"},{"@type":"ListItem","position":2,"name":"Products","item":"https:\/\/www.domkraftpro.com\/index.php\/products\/"},{"@type":"ListItem","position":3,"name":"Zna\u010dkov\u00fd LED Panel Atria Shine Backlight IP44 kruhov\u00e9 190mm 11,2W 4000K b\u00edl\u00e1 &#8211; PAULMANN"}]},{"@type":"WebSite","@id":"https:\/\/www.domkraftpro.com\/#website","url":"https:\/\/www.domkraftpro.com\/","name":"","description":"","potentialAction":[{"@type":"SearchAction","target":{"@type":"EntryPoint","urlTemplate":"https:\/\/www.domkraftpro.com\/?s={search_term_string}"},"query-input":{"@type":"PropertyValueSpecification","valueRequired":true,"valueName":"search_term_string"}}],"inLanguage":"cs"}]}},"_links":{"self":[{"href":"https:\/\/www.domkraftpro.com\/index.php\/wp-json\/wp\/v2\/product\/1572","targetHints":{"allow":["GET"]}}],"collection":[{"href":"https:\/\/www.domkraftpro.com\/index.php\/wp-json\/wp\/v2\/product"}],"about":[{"href":"https:\/\/www.domkraftpro.com\/index.php\/wp-json\/wp\/v2\/types\/product"}],"replies":[{"embeddable":true,"href":"https:\/\/www.domkraftpro.com\/index.php\/wp-json\/wp\/v2\/comments?post=1572"}],"wp:featuredmedia":[{"embeddable":true,"href":"https:\/\/www.domkraftpro.com\/index.php\/wp-json\/wp\/v2\/media\/1672"}],"wp:attachment":[{"href":"https:\/\/www.domkraftpro.com\/index.php\/wp-json\/wp\/v2\/media?parent=1572"}],"wp:term":[{"taxonomy":"product_brand","embeddable":true,"href":"https:\/\/www.domkraftpro.com\/index.php\/wp-json\/wp\/v2\/product_brand?post=1572"},{"taxonomy":"product_cat","embeddable":true,"href":"https:\/\/www.domkraftpro.com\/index.php\/wp-json\/wp\/v2\/product_cat?post=1572"},{"taxonomy":"product_tag","embeddable":true,"href":"https:\/\/www.domkraftpro.com\/index.php\/wp-json\/wp\/v2\/product_tag?post=1572"}],"curies":[{"name":"wp","href":"https:\/\/api.w.org\/{rel}","templated":true}]}}