{"id":15588,"date":"2026-04-27T04:41:01","date_gmt":"2026-04-27T04:41:01","guid":{"rendered":""},"modified":"2026-04-27T04:41:01","modified_gmt":"2026-04-27T04:41:01","slug":"akce-festa-r-power-x-tools-aku-radio-share20v-2x15-w-dab-fm-bt-usb-aux-in-jack3-5-bez-baterie-a-nabijecky-15588","status":"publish","type":"product","link":"https:\/\/www.domkraftpro.com\/index.php\/produkt\/akce-festa-r-power-x-tools-aku-radio-share20v-2x15-w-dab-fm-bt-usb-aux-in-jack3-5-bez-baterie-a-nabijecky-15588\/","title":{"rendered":"Akce FESTA\u00ae POWER x TOOLS AKU r\u00e1dio SHARE20V 2\u00d715 W DAB+\/FM\/BT\/USB\/AUX-IN\/JACK3.5 (bez baterie a nab\u00edje\u010dky)"},"content":{"rendered":"<div class=\"basic-description\">\n<h3>Detailn\u00ed popis produktu<\/h3>\n<p>                                    Akumul\u00e1torov\u00fd reproduktor s r\u00e1diem na poslouch\u00e1n\u00ed FM a DAB stanic. Umo\u017e\u0148uje nejen p\u0159ij\u00edm\u00e1n\u00ed r\u00e1diov\u00e9ho sign\u00e1lu, ale i poslech p\u0159es Bluetooth, nebo z extern\u00edho m\u00e9dia p\u0159ipojen\u00e9ho pomoc\u00ed AUX in portu. Reproduktor podporuje v\u0161echny <span class=\"show-tooltip\" title=\"Zvuk p\u0159edstavuje mechanick\u00e9 \u0161\u00ed\u0159en\u00ed vln v l\u00e1tkov\u00e9m prost\u0159ed\u00ed, kter\u00e9 dok\u00e1\u017ee vyvolat sluchov\u00fd vjem. Individu\u00e1ln\u00ed vn\u00edm\u00e1n\u00ed frekvence tohoto vln\u011bn\u00ed u \u010dlov\u011bka se pohybuje v rozmez\u00ed p\u0159ibli\u017en\u011b od 16 Hz do 20 000 Hz. Mechanick\u00e9 vln\u011bn\u00ed s frekvenc\u00ed mimo tuto&amp;hellip;\">zvukov\u00e9<\/span> form\u00e1ty. Vynik\u00e1 skv\u011bl\u00fdm v\u00fdkonem a nevy\u017eaduje t\u00e9m\u011b\u0159 \u017e\u00e1dnou \u00fadr\u017ebu. <span class=\"show-tooltip\" title=\"\u010cas&amp;nbsp;(zna\u010dka&amp;nbsp;t) je jednou ze z\u00e1kladn\u00edch&amp;nbsp;fyzik\u00e1ln\u00edch veli\u010din&amp;nbsp;soustavy SI, kter\u00e1 se m\u011b\u0159\u00ed v&amp;nbsp;sekund\u00e1ch&amp;nbsp;(s) pomoc\u00ed&amp;nbsp;hodin. \u010cas ozna\u010duje&amp;nbsp;dobu, kter\u00e1 uplyne mezi dv\u011bma okam\u017eiky. V&amp;nbsp;jin\u00e9m ch\u00e1p\u00e1n\u00ed je \u010das poj\u00edm\u00e1n&amp;hellip;\">Doba<\/span> p\u0159ehr\u00e1v\u00e1n\u00ed (p\u0159i maxim\u00e1ln\u00ed hlasitosti) je 6 hodin. Reproduktor je vybaven\u00fd ochranou proti prachu a \u00fa\u010dinnou ochranou proti n\u00e1raz\u016fm.Sou\u010d\u00e1st\u00ed balen\u00ed je adapt\u00e9r do s\u00edt\u011b na 230V. Tento umo\u017e\u0148uje pou\u017eit\u00ed r\u00e1dia bez <span class=\"show-tooltip\" title=\"Akumul\u00e1tor je za\u0159\u00edzen\u00ed slou\u017e\u00edc\u00ed k uchov\u00e1v\u00e1n\u00ed elektrick\u00e9 energie.&amp;nbsp;\u058d Jeho hlavn\u00ed funkc\u00ed je p\u0159em\u011bnit elektrickou energii do chemick\u00e9 energie b\u011bhem nab\u00edjen\u00ed a n\u00e1sledn\u011b zp\u011bt na elektrickou energii b\u011bhem vyb\u00edjen\u00ed.\u058d Akumul\u00e1tory jsou \u0161iroce&amp;hellip;\">akumul\u00e1toru<\/span> p\u0159\u00edmo ze z\u00e1suvky.D\u00edky Li-ion akumul\u00e1toru je mo\u017en\u00e9 r\u00e1dio kdykoliv dob\u00edjet, ani\u017e by se t\u00edm sni\u017eovala <span class=\"show-tooltip\" title=\"Objem je fyzik\u00e1ln\u00ed veli\u010dina, kter\u00e1 vyjad\u0159uje prostor obsazen\u00fd t\u011blesem. Objem se zpravidla m\u011b\u0159\u00ed v krychlov\u00fdch jednotk\u00e1ch, nap\u0159\u00edklad krychlov\u00e9 metry (m\u00b3) nebo krychlov\u00e9 centimetry (cm\u00b3). Objem lze vypo\u010d\u00edtat r\u016fzn\u00fdmi zp\u016fsoby, v z\u00e1vislosti na&amp;hellip;\">kapacita<\/span> akumul\u00e1toru. Li-ion akumul\u00e1tor tak\u00e9 ztr\u00e1c\u00ed energii vlivem samovyb\u00edjen\u00ed velmi pomalu a vydr\u017e\u00ed dlouho nabit\u00fd.Toto r\u00e1dio je dod\u00e1v\u00e1no bez akumul\u00e1toru a nab\u00edje\u010dky.Pro pohon je mo\u017en\u00e9 vyu\u017e\u00edvat <span class=\"show-tooltip\" title=\"Kompatibilita ozna\u010duje schopnost dvou nebo v\u00edce prvk\u016f, syst\u00e9m\u016f nebo za\u0159\u00edzen\u00ed pracovat spolu bezkonfliktn\u011b nebo vz\u00e1jemn\u011b se dopl\u0148ovat. V kontextu technologi\u00ed nebo za\u0159\u00edzen\u00ed to znamen\u00e1, \u017ee jsou schopny spolupracovat a vz\u00e1jemn\u011b&amp;hellip;\">kompatibiln\u00edch<\/span> akumul\u00e1tor\u016f \u0159ady SHARE20V z jin\u00fdch stroj\u016f zna\u010dky FESTA POWER <span class=\"show-tooltip\" title=\"N\u00e1stroj&amp;nbsp;je pracovn\u00ed prost\u0159edek, pom\u016fcka k zpracov\u00e1n\u00ed n\u011b\u010deho (pracovn\u00ed n\u00e1stroj, \u0159emeslnick\u00fd n\u00e1stroj, chirurgick\u00fd n\u00e1stroj aj.), p\u0159\u00edp. v\u00fdrobn\u00ed pom\u016fcka slou\u017e\u00edc\u00ed p\u0159i ru\u010dn\u00edm nebo strojn\u00edm obr\u00e1b\u011bn\u00ed ke zm\u011bn\u011b velikosti nebo tvaru opracov\u00e1van\u00e9ho&amp;hellip;\">TOOLS<\/span>, ale i EXTOL SHARE20V a SCHEPPACH AKU.Seznam v\u0161ech kompatibiln\u00edch stroj\u016f a za\u0159\u00edzen\u00ed \u0159ady SHARE20V ZDE                            <\/div>\n","protected":false},"excerpt":{"rendered":"<p>Detailn\u00ed popis produktu Akumul\u00e1torov\u00fd reproduktor s r\u00e1diem na poslouch\u00e1n\u00ed FM a DAB stanic. Umo\u017e\u0148uje nejen p\u0159ij\u00edm\u00e1n\u00ed r\u00e1diov\u00e9ho sign\u00e1lu, ale i poslech p\u0159es Bluetooth, nebo z extern\u00edho m\u00e9dia p\u0159ipojen\u00e9ho pomoc\u00ed AUX in portu. Reproduktor podporuje v\u0161echny zvukov\u00e9 form\u00e1ty. Vynik\u00e1 skv\u011bl\u00fdm v\u00fdkonem a nevy\u017eaduje t\u00e9m\u011b\u0159 \u017e\u00e1dnou \u00fadr\u017ebu. Doba p\u0159ehr\u00e1v\u00e1n\u00ed (p\u0159i maxim\u00e1ln\u00ed hlasitosti) je 6 hodin. Reproduktor je [&hellip;]<\/p>\n","protected":false},"featured_media":15688,"comment_status":"open","ping_status":"open","template":"","meta":[],"product_brand":[],"product_cat":[52],"product_tag":[],"class_list":{"0":"post-15588","1":"product","2":"type-product","3":"status-publish","4":"has-post-thumbnail","6":"product_cat-naradi","8":"first","9":"instock","10":"sale","11":"shipping-taxable","12":"purchasable","13":"product-type-simple"},"yoast_head":"<!-- This site is optimized with the Yoast SEO plugin v26.8 - https:\/\/yoast.com\/product\/yoast-seo-wordpress\/ -->\n<title>Akce FESTA\u00ae POWER x TOOLS AKU r\u00e1dio SHARE20V 2\u00d715 W DAB+\/FM\/BT\/USB\/AUX-IN\/JACK3.5 (bez baterie a nab\u00edje\u010dky) -<\/title>\n<meta name=\"robots\" content=\"index, follow, max-snippet:-1, max-image-preview:large, max-video-preview:-1\" \/>\n<link rel=\"canonical\" href=\"https:\/\/www.domkraftpro.com\/index.php\/produkt\/akce-festa-r-power-x-tools-aku-radio-share20v-2x15-w-dab-fm-bt-usb-aux-in-jack3-5-bez-baterie-a-nabijecky-15588\/\" \/>\n<meta property=\"og:locale\" content=\"cs_CZ\" \/>\n<meta property=\"og:type\" content=\"article\" \/>\n<meta property=\"og:title\" content=\"Akce FESTA\u00ae POWER x TOOLS AKU r\u00e1dio SHARE20V 2\u00d715 W DAB+\/FM\/BT\/USB\/AUX-IN\/JACK3.5 (bez baterie a nab\u00edje\u010dky) -\" \/>\n<meta property=\"og:description\" content=\"Detailn\u00ed popis produktu Akumul\u00e1torov\u00fd reproduktor s r\u00e1diem na poslouch\u00e1n\u00ed FM a DAB stanic. Umo\u017e\u0148uje nejen p\u0159ij\u00edm\u00e1n\u00ed r\u00e1diov\u00e9ho sign\u00e1lu, ale i poslech p\u0159es Bluetooth, nebo z extern\u00edho m\u00e9dia p\u0159ipojen\u00e9ho pomoc\u00ed AUX in portu. Reproduktor podporuje v\u0161echny zvukov\u00e9 form\u00e1ty. Vynik\u00e1 skv\u011bl\u00fdm v\u00fdkonem a nevy\u017eaduje t\u00e9m\u011b\u0159 \u017e\u00e1dnou \u00fadr\u017ebu. Doba p\u0159ehr\u00e1v\u00e1n\u00ed (p\u0159i maxim\u00e1ln\u00ed hlasitosti) je 6 hodin. Reproduktor je [&hellip;]\" \/>\n<meta property=\"og:url\" content=\"https:\/\/www.domkraftpro.com\/index.php\/produkt\/akce-festa-r-power-x-tools-aku-radio-share20v-2x15-w-dab-fm-bt-usb-aux-in-jack3-5-bez-baterie-a-nabijecky-15588\/\" \/>\n<meta property=\"og:image\" content=\"https:\/\/www.domkraftpro.com\/wp-content\/uploads\/2026\/SK0007293-CZ20260425-092522-0-1777080324-117092_rewrite-258446-28076.webp\" \/>\n\t<meta property=\"og:image:width\" content=\"1000\" \/>\n\t<meta property=\"og:image:height\" content=\"750\" \/>\n\t<meta property=\"og:image:type\" content=\"image\/webp\" \/>\n<meta name=\"twitter:card\" content=\"summary_large_image\" \/>\n<meta name=\"twitter:label1\" content=\"Odhadovan\u00e1 doba \u010dten\u00ed\" \/>\n\t<meta name=\"twitter:data1\" content=\"1 minuta\" \/>\n<script type=\"application\/ld+json\" class=\"yoast-schema-graph\">{\"@context\":\"https:\/\/schema.org\",\"@graph\":[{\"@type\":\"WebPage\",\"@id\":\"https:\/\/www.domkraftpro.com\/index.php\/produkt\/akce-festa-r-power-x-tools-aku-radio-share20v-2x15-w-dab-fm-bt-usb-aux-in-jack3-5-bez-baterie-a-nabijecky-15588\/\",\"url\":\"https:\/\/www.domkraftpro.com\/index.php\/produkt\/akce-festa-r-power-x-tools-aku-radio-share20v-2x15-w-dab-fm-bt-usb-aux-in-jack3-5-bez-baterie-a-nabijecky-15588\/\",\"name\":\"Akce FESTA\u00ae POWER x TOOLS AKU r\u00e1dio SHARE20V 2\u00d715 W DAB+\/FM\/BT\/USB\/AUX-IN\/JACK3.5 (bez baterie a nab\u00edje\u010dky) -\",\"isPartOf\":{\"@id\":\"https:\/\/www.domkraftpro.com\/#website\"},\"primaryImageOfPage\":{\"@id\":\"https:\/\/www.domkraftpro.com\/index.php\/produkt\/akce-festa-r-power-x-tools-aku-radio-share20v-2x15-w-dab-fm-bt-usb-aux-in-jack3-5-bez-baterie-a-nabijecky-15588\/#primaryimage\"},\"image\":{\"@id\":\"https:\/\/www.domkraftpro.com\/index.php\/produkt\/akce-festa-r-power-x-tools-aku-radio-share20v-2x15-w-dab-fm-bt-usb-aux-in-jack3-5-bez-baterie-a-nabijecky-15588\/#primaryimage\"},\"thumbnailUrl\":\"https:\/\/www.domkraftpro.com\/wp-content\/uploads\/2026\/SK0007293-CZ20260425-092522-0-1777080324-117092_rewrite-258446-28076.webp\",\"datePublished\":\"2026-04-27T04:41:01+00:00\",\"breadcrumb\":{\"@id\":\"https:\/\/www.domkraftpro.com\/index.php\/produkt\/akce-festa-r-power-x-tools-aku-radio-share20v-2x15-w-dab-fm-bt-usb-aux-in-jack3-5-bez-baterie-a-nabijecky-15588\/#breadcrumb\"},\"inLanguage\":\"cs\",\"potentialAction\":[{\"@type\":\"ReadAction\",\"target\":[\"https:\/\/www.domkraftpro.com\/index.php\/produkt\/akce-festa-r-power-x-tools-aku-radio-share20v-2x15-w-dab-fm-bt-usb-aux-in-jack3-5-bez-baterie-a-nabijecky-15588\/\"]}]},{\"@type\":\"ImageObject\",\"inLanguage\":\"cs\",\"@id\":\"https:\/\/www.domkraftpro.com\/index.php\/produkt\/akce-festa-r-power-x-tools-aku-radio-share20v-2x15-w-dab-fm-bt-usb-aux-in-jack3-5-bez-baterie-a-nabijecky-15588\/#primaryimage\",\"url\":\"https:\/\/www.domkraftpro.com\/wp-content\/uploads\/2026\/SK0007293-CZ20260425-092522-0-1777080324-117092_rewrite-258446-28076.webp\",\"contentUrl\":\"https:\/\/www.domkraftpro.com\/wp-content\/uploads\/2026\/SK0007293-CZ20260425-092522-0-1777080324-117092_rewrite-258446-28076.webp\",\"width\":1000,\"height\":750},{\"@type\":\"BreadcrumbList\",\"@id\":\"https:\/\/www.domkraftpro.com\/index.php\/produkt\/akce-festa-r-power-x-tools-aku-radio-share20v-2x15-w-dab-fm-bt-usb-aux-in-jack3-5-bez-baterie-a-nabijecky-15588\/#breadcrumb\",\"itemListElement\":[{\"@type\":\"ListItem\",\"position\":1,\"name\":\"Home\",\"item\":\"https:\/\/www.domkraftpro.com\/\"},{\"@type\":\"ListItem\",\"position\":2,\"name\":\"Products\",\"item\":\"https:\/\/www.domkraftpro.com\/index.php\/products\/\"},{\"@type\":\"ListItem\",\"position\":3,\"name\":\"Akce FESTA\u00ae POWER x TOOLS AKU r\u00e1dio SHARE20V 2\u00d715 W DAB+\/FM\/BT\/USB\/AUX-IN\/JACK3.5 (bez baterie a nab\u00edje\u010dky)\"}]},{\"@type\":\"WebSite\",\"@id\":\"https:\/\/www.domkraftpro.com\/#website\",\"url\":\"https:\/\/www.domkraftpro.com\/\",\"name\":\"\",\"description\":\"\",\"potentialAction\":[{\"@type\":\"SearchAction\",\"target\":{\"@type\":\"EntryPoint\",\"urlTemplate\":\"https:\/\/www.domkraftpro.com\/?s={search_term_string}\"},\"query-input\":{\"@type\":\"PropertyValueSpecification\",\"valueRequired\":true,\"valueName\":\"search_term_string\"}}],\"inLanguage\":\"cs\"}]}<\/script>\n<!-- \/ Yoast SEO plugin. -->","yoast_head_json":{"title":"Akce FESTA\u00ae POWER x TOOLS AKU r\u00e1dio SHARE20V 2\u00d715 W DAB+\/FM\/BT\/USB\/AUX-IN\/JACK3.5 (bez baterie a nab\u00edje\u010dky) -","robots":{"index":"index","follow":"follow","max-snippet":"max-snippet:-1","max-image-preview":"max-image-preview:large","max-video-preview":"max-video-preview:-1"},"canonical":"https:\/\/www.domkraftpro.com\/index.php\/produkt\/akce-festa-r-power-x-tools-aku-radio-share20v-2x15-w-dab-fm-bt-usb-aux-in-jack3-5-bez-baterie-a-nabijecky-15588\/","og_locale":"cs_CZ","og_type":"article","og_title":"Akce FESTA\u00ae POWER x TOOLS AKU r\u00e1dio SHARE20V 2\u00d715 W DAB+\/FM\/BT\/USB\/AUX-IN\/JACK3.5 (bez baterie a nab\u00edje\u010dky) -","og_description":"Detailn\u00ed popis produktu Akumul\u00e1torov\u00fd reproduktor s r\u00e1diem na poslouch\u00e1n\u00ed FM a DAB stanic. Umo\u017e\u0148uje nejen p\u0159ij\u00edm\u00e1n\u00ed r\u00e1diov\u00e9ho sign\u00e1lu, ale i poslech p\u0159es Bluetooth, nebo z extern\u00edho m\u00e9dia p\u0159ipojen\u00e9ho pomoc\u00ed AUX in portu. Reproduktor podporuje v\u0161echny zvukov\u00e9 form\u00e1ty. Vynik\u00e1 skv\u011bl\u00fdm v\u00fdkonem a nevy\u017eaduje t\u00e9m\u011b\u0159 \u017e\u00e1dnou \u00fadr\u017ebu. Doba p\u0159ehr\u00e1v\u00e1n\u00ed (p\u0159i maxim\u00e1ln\u00ed hlasitosti) je 6 hodin. Reproduktor je [&hellip;]","og_url":"https:\/\/www.domkraftpro.com\/index.php\/produkt\/akce-festa-r-power-x-tools-aku-radio-share20v-2x15-w-dab-fm-bt-usb-aux-in-jack3-5-bez-baterie-a-nabijecky-15588\/","og_image":[{"width":1000,"height":750,"url":"https:\/\/www.domkraftpro.com\/wp-content\/uploads\/2026\/SK0007293-CZ20260425-092522-0-1777080324-117092_rewrite-258446-28076.webp","type":"image\/webp"}],"twitter_card":"summary_large_image","twitter_misc":{"Odhadovan\u00e1 doba \u010dten\u00ed":"1 minuta"},"schema":{"@context":"https:\/\/schema.org","@graph":[{"@type":"WebPage","@id":"https:\/\/www.domkraftpro.com\/index.php\/produkt\/akce-festa-r-power-x-tools-aku-radio-share20v-2x15-w-dab-fm-bt-usb-aux-in-jack3-5-bez-baterie-a-nabijecky-15588\/","url":"https:\/\/www.domkraftpro.com\/index.php\/produkt\/akce-festa-r-power-x-tools-aku-radio-share20v-2x15-w-dab-fm-bt-usb-aux-in-jack3-5-bez-baterie-a-nabijecky-15588\/","name":"Akce FESTA\u00ae POWER x TOOLS AKU r\u00e1dio SHARE20V 2\u00d715 W DAB+\/FM\/BT\/USB\/AUX-IN\/JACK3.5 (bez baterie a nab\u00edje\u010dky) -","isPartOf":{"@id":"https:\/\/www.domkraftpro.com\/#website"},"primaryImageOfPage":{"@id":"https:\/\/www.domkraftpro.com\/index.php\/produkt\/akce-festa-r-power-x-tools-aku-radio-share20v-2x15-w-dab-fm-bt-usb-aux-in-jack3-5-bez-baterie-a-nabijecky-15588\/#primaryimage"},"image":{"@id":"https:\/\/www.domkraftpro.com\/index.php\/produkt\/akce-festa-r-power-x-tools-aku-radio-share20v-2x15-w-dab-fm-bt-usb-aux-in-jack3-5-bez-baterie-a-nabijecky-15588\/#primaryimage"},"thumbnailUrl":"https:\/\/www.domkraftpro.com\/wp-content\/uploads\/2026\/SK0007293-CZ20260425-092522-0-1777080324-117092_rewrite-258446-28076.webp","datePublished":"2026-04-27T04:41:01+00:00","breadcrumb":{"@id":"https:\/\/www.domkraftpro.com\/index.php\/produkt\/akce-festa-r-power-x-tools-aku-radio-share20v-2x15-w-dab-fm-bt-usb-aux-in-jack3-5-bez-baterie-a-nabijecky-15588\/#breadcrumb"},"inLanguage":"cs","potentialAction":[{"@type":"ReadAction","target":["https:\/\/www.domkraftpro.com\/index.php\/produkt\/akce-festa-r-power-x-tools-aku-radio-share20v-2x15-w-dab-fm-bt-usb-aux-in-jack3-5-bez-baterie-a-nabijecky-15588\/"]}]},{"@type":"ImageObject","inLanguage":"cs","@id":"https:\/\/www.domkraftpro.com\/index.php\/produkt\/akce-festa-r-power-x-tools-aku-radio-share20v-2x15-w-dab-fm-bt-usb-aux-in-jack3-5-bez-baterie-a-nabijecky-15588\/#primaryimage","url":"https:\/\/www.domkraftpro.com\/wp-content\/uploads\/2026\/SK0007293-CZ20260425-092522-0-1777080324-117092_rewrite-258446-28076.webp","contentUrl":"https:\/\/www.domkraftpro.com\/wp-content\/uploads\/2026\/SK0007293-CZ20260425-092522-0-1777080324-117092_rewrite-258446-28076.webp","width":1000,"height":750},{"@type":"BreadcrumbList","@id":"https:\/\/www.domkraftpro.com\/index.php\/produkt\/akce-festa-r-power-x-tools-aku-radio-share20v-2x15-w-dab-fm-bt-usb-aux-in-jack3-5-bez-baterie-a-nabijecky-15588\/#breadcrumb","itemListElement":[{"@type":"ListItem","position":1,"name":"Home","item":"https:\/\/www.domkraftpro.com\/"},{"@type":"ListItem","position":2,"name":"Products","item":"https:\/\/www.domkraftpro.com\/index.php\/products\/"},{"@type":"ListItem","position":3,"name":"Akce FESTA\u00ae POWER x TOOLS AKU r\u00e1dio SHARE20V 2\u00d715 W DAB+\/FM\/BT\/USB\/AUX-IN\/JACK3.5 (bez baterie a nab\u00edje\u010dky)"}]},{"@type":"WebSite","@id":"https:\/\/www.domkraftpro.com\/#website","url":"https:\/\/www.domkraftpro.com\/","name":"","description":"","potentialAction":[{"@type":"SearchAction","target":{"@type":"EntryPoint","urlTemplate":"https:\/\/www.domkraftpro.com\/?s={search_term_string}"},"query-input":{"@type":"PropertyValueSpecification","valueRequired":true,"valueName":"search_term_string"}}],"inLanguage":"cs"}]}},"_links":{"self":[{"href":"https:\/\/www.domkraftpro.com\/index.php\/wp-json\/wp\/v2\/product\/15588","targetHints":{"allow":["GET"]}}],"collection":[{"href":"https:\/\/www.domkraftpro.com\/index.php\/wp-json\/wp\/v2\/product"}],"about":[{"href":"https:\/\/www.domkraftpro.com\/index.php\/wp-json\/wp\/v2\/types\/product"}],"replies":[{"embeddable":true,"href":"https:\/\/www.domkraftpro.com\/index.php\/wp-json\/wp\/v2\/comments?post=15588"}],"wp:featuredmedia":[{"embeddable":true,"href":"https:\/\/www.domkraftpro.com\/index.php\/wp-json\/wp\/v2\/media\/15688"}],"wp:attachment":[{"href":"https:\/\/www.domkraftpro.com\/index.php\/wp-json\/wp\/v2\/media?parent=15588"}],"wp:term":[{"taxonomy":"product_brand","embeddable":true,"href":"https:\/\/www.domkraftpro.com\/index.php\/wp-json\/wp\/v2\/product_brand?post=15588"},{"taxonomy":"product_cat","embeddable":true,"href":"https:\/\/www.domkraftpro.com\/index.php\/wp-json\/wp\/v2\/product_cat?post=15588"},{"taxonomy":"product_tag","embeddable":true,"href":"https:\/\/www.domkraftpro.com\/index.php\/wp-json\/wp\/v2\/product_tag?post=15588"}],"curies":[{"name":"wp","href":"https:\/\/api.w.org\/{rel}","templated":true}]}}