{"id":15579,"date":"2026-04-27T04:41:01","date_gmt":"2026-04-27T04:41:01","guid":{"rendered":""},"modified":"2026-04-27T04:41:01","modified_gmt":"2026-04-27T04:41:01","slug":"ihned-k-objednani-hasici-pristroj-praskovy-2-kg-8a-55b-c-manometr-bez-revize-element-shop-cz-15579","status":"publish","type":"product","link":"https:\/\/www.domkraftpro.com\/index.php\/produkt\/ihned-k-objednani-hasici-pristroj-praskovy-2-kg-8a-55b-c-manometr-bez-revize-element-shop-cz-15579\/","title":{"rendered":"Ihned K Objedn\u00e1n\u00ed Hasic\u00ed p\u0159\u00edstroj pr\u00e1\u0161kov\u00fd, 2 kg (8A\/55B\/C), manometr, bez revize | element-shop.cz"},"content":{"rendered":"<div class=\"basic-description\">\n<h3>Detailn\u00ed popis produktu<\/h3>\n<ul>\n<li><span><strong>Has\u00edc\u00ed <span class=\"show-tooltip\" title=\"N\u00e1stroj&amp;nbsp;je pracovn\u00ed prost\u0159edek, pom\u016fcka k zpracov\u00e1n\u00ed n\u011b\u010deho (pracovn\u00ed n\u00e1stroj, \u0159emeslnick\u00fd n\u00e1stroj, chirurgick\u00fd n\u00e1stroj aj.), p\u0159\u00edp. v\u00fdrobn\u00ed pom\u016fcka slou\u017e\u00edc\u00ed p\u0159i ru\u010dn\u00edm nebo strojn\u00edm obr\u00e1b\u011bn\u00ed ke zm\u011bn\u011b velikosti nebo tvaru opracov\u00e1van\u00e9ho&amp;hellip;\">p\u0159\u00edstroj<\/span> je skladn\u00fd, a p\u0159itom vysoce \u00fa\u010dinn\u00fd.&nbsp;<\/strong><\/span><\/li>\n<li><span><strong>Dr\u017e\u00e1k has\u00edc\u00edho p\u0159\u00edstroje umo\u017e\u0148uje snadn\u00e9 p\u0159ipevn\u011bn\u00ed.<\/strong><\/span><\/li>\n<li><span><strong>V aut\u011b lze has\u00edc\u00ed p\u0159\u00edstroj um\u00edstit snadn\u011bji ne\u017e jin\u00e9 druhy has\u00edc\u00edch p\u0159\u00edstroj\u016f vzhledem k men\u0161\u00ed v\u00fd\u0161ce obalu.<\/strong><\/span><\/li>\n<li><span><strong>Ide\u00e1ln\u00ed k pou\u017eit\u00ed v osobn\u00edch, u\u017eitkov\u00fdch a n\u00e1kladn\u00edch automobilech, oblasti pr\u016fmyslu, obchodu, energetiky, dopravy, slu\u017eeb a v dom\u00e1cnosti (d\u00edlny, sklady, kotelny, obchodn\u00ed domy, kancel\u00e1\u0159e, \u00fa\u0159ady, knihovny, arch\u00edvy, \u0161koly, hotely, restaurace, nemocnice, rodinn\u00e9 domy, rekrea\u010dn\u00ed objekty, sklepy, gar\u00e1\u017ee, dopravn\u00ed prost\u0159edky apod.).<\/strong><\/span><\/li>\n<li><span><strong>Vhodn\u00e9 v\u0161ude tam, kde nesm\u00ed doj\u00edt k po\u0161kozen\u00ed <span class=\"show-tooltip\" title=\"Voda,&amp;nbsp;chemick\u00fdm vzorcem&amp;nbsp;H2O,&amp;nbsp;systematick\u00fd n\u00e1zev&amp;nbsp;oxidan, je&amp;nbsp;chemick\u00e1 slou\u010denina&amp;nbsp;vod\u00edku&amp;nbsp;a&amp;nbsp;kysl\u00edku. Spolu se&amp;nbsp;vzduchem, resp.&amp;nbsp;zemskou atmosf\u00e9rou, tvo\u0159\u00ed z\u00e1kladn\u00ed podm\u00ednky pro&amp;hellip;\">vodou<\/span> nebo <span class=\"show-tooltip\" title=\"P\u011bna je forma hmoty, kter\u00e1 vznik\u00e1 v d\u016fsledku zachycen\u00ed plynn\u00fdch bublin v kapalin\u011b nebo pevn\u00e9m materi\u00e1lu.P\u011bna je zaj\u00edmav\u00fd materi\u00e1l, kter\u00fd se vyzna\u010duje svou lehkost\u00ed, pru\u017enost\u00ed a r\u016fzn\u00fdmi aplikacemi v r\u016fzn\u00fdch odv\u011btv\u00edch.Existuj\u00ed r\u016fzn\u00e9 typy p\u011bny,&amp;hellip;\">p\u011bnou<\/span>.<\/strong><\/span><\/li>\n<li><span><strong>Lze pou\u017e\u00edt k ha\u0161en\u00ed za\u0159\u00edzen\u00ed pod <span class=\"show-tooltip\" title=\"Nap\u011bt\u00ed, tak\u00e9 naz\u00fdvan\u00e9 elektrick\u00e9 nap\u011bt\u00ed, je fyzik\u00e1ln\u00ed veli\u010dina, kter\u00e1 vyjad\u0159uje potenci\u00e1ln\u00ed rozd\u00edl mezi dv\u011bma body v elektrick\u00e9m obvodu. Jedn\u00e1 se o skal\u00e1rn\u00ed veli\u010dinu, co\u017e znamen\u00e1, \u017ee m\u00e1 pouze velikost a nem\u00e1 sm\u011br.Nap\u011bt\u00ed je zp\u016fsobeno rozd\u00edlem&amp;hellip;\">nap\u011bt\u00edm<\/span> max. do 1000 V.<\/strong><\/span><\/li>\n<li><strong>Tento hasic\u00ed p\u0159\u00edstroj dod\u00e1v\u00e1me bez plomby a kontroln\u00edho \u0161t\u00edtku.<\/strong><span>&nbsp;<\/span><strong>Pro pou\u017eit\u00ed ve firm\u00e1ch nebo firemn\u00edch vozidlech je nutn\u00e9 prov\u00e9st revizi p\u0159\u00edstroje dle z\u00e1kona \u010d. 133\/1985 Sb.<\/strong><\/li>\n<\/ul>\n<div><span><strong>T\u0159\u00edda po\u017e\u00e1ru: A, B, C<\/strong><\/span><\/div>\n<div><span><strong>Hasivo: HJ ABC SUPER POWDER<\/strong><\/span><\/div>\n<div><span><strong>Hasic\u00ed schopnost: 8A 55B C<\/strong><\/span><br \/><span><strong>Mno\u017estv\u00ed hasiva: 2 kg<\/strong><\/span><\/div>\n<div><span><strong>Celkov\u00e1 <span class=\"show-tooltip\" title=\"Hmotnost&amp;nbsp;je d\u016fle\u017eit\u00e1 fyzik\u00e1ln\u00ed veli\u010dina, aditivn\u00ed vlastnost&amp;nbsp;hmoty&amp;nbsp;(tedy vlastnost jednotliv\u00fdch hmotn\u00fdch&amp;nbsp;t\u011bles), kter\u00e1 vyjad\u0159uje m\u00edru&amp;nbsp;setrva\u010dn\u00fdch&amp;nbsp;\u00fa\u010dink\u016f \u010di m\u00edru&amp;nbsp;gravita\u010dn\u00edch&amp;nbsp;\u00fa\u010dink\u016f hmoty. Ekvivalence setrva\u010dn\u00fdch&amp;hellip;\">hmotnost<\/span>: 3,65 kg<\/strong><\/span><\/div>\n<div><span><strong>V\u00fd\u0161ka <span class=\"show-tooltip\" title=\"Tlak je fyzik\u00e1ln\u00ed veli\u010dina, kter\u00e1 vyjad\u0159uje s\u00edlu p\u016fsob\u00edc\u00ed na ur\u010ditou plochu. Matematicky je tlak definov\u00e1n jako s\u00edla d\u011blen\u00e1 plochou, na kterou p\u016fsob\u00ed. Z\u00e1kladn\u00ed jednotkou tlaku v mezin\u00e1rodn\u00edm syst\u00e9mu jednotek (SI) je pascal (Pa), co\u017e je newton na metr&amp;hellip;\">tlakov\u00e9<\/span> n\u00e1doby 35,5 cm, <span class=\"show-tooltip\" title=\"Pr\u016fm\u011br kruhu a kru\u017enice je d\u00e9lka \u00fase\u010dky, kter\u00e1 proch\u00e1z\u00ed st\u0159edem kruhu a spojuje dva body na jeho obvodu. Zkr\u00e1cen\u011b se pr\u016fm\u011br kruhu ozna\u010duje symbolem &quot;d&quot;.Vztah mezi pr\u016fm\u011brem kruhu a jeho polom\u011brem &quot;r&quot; je n\u00e1sleduj\u00edc\u00ed: d = 2 * rKde &quot;d&quot; je&amp;hellip;\">pr\u016fm\u011br<\/span> 11 cm<\/strong><\/span><br \/><span><strong><span class=\"show-tooltip\" title=\"\u010cas&amp;nbsp;(zna\u010dka&amp;nbsp;t) je jednou ze z\u00e1kladn\u00edch&amp;nbsp;fyzik\u00e1ln\u00edch veli\u010din&amp;nbsp;soustavy SI, kter\u00e1 se m\u011b\u0159\u00ed v&amp;nbsp;sekund\u00e1ch&amp;nbsp;(s) pomoc\u00ed&amp;nbsp;hodin. \u010cas ozna\u010duje&amp;nbsp;dobu, kter\u00e1 uplyne mezi dv\u011bma okam\u017eiky. V&amp;nbsp;jin\u00e9m ch\u00e1p\u00e1n\u00ed je \u010das poj\u00edm\u00e1n&amp;hellip;\">Doba<\/span> \u010dinnosti: cca 9 sekund<\/strong><\/span><br \/><span><strong>V\u00fdtla\u010dn\u00fd prost\u0159edek: N<sub>2<\/sub>&nbsp;(<span class=\"show-tooltip\" title=\"Dus\u00edk (chemick\u00fd symbol N) je jedn\u00edm z nejd\u016fle\u017eit\u011bj\u0161\u00edch prvk\u016f v chemii a biologii. Je to nepostradateln\u00fd prvek pro \u017eivot na Zemi a m\u00e1 mnoho r\u016fzn\u00fdch funkc\u00ed a v\u00fdznam\u016f:&amp;nbsp;Sou\u010d\u00e1st aminokyselin: Dus\u00edk je z\u00e1kladn\u00ed slo\u017ekou aminokyselin, kter\u00e9 jsou&amp;hellip;\">dus\u00edk<\/span>)<\/strong><\/span><br \/><span><strong>Provozn\u00ed teploty: -30\u00b0C a\u017e +60\u00b0C<\/strong><\/span><br \/><span><strong>Ha\u0161en\u00ed el. za\u0159\u00edzen\u00ed: do 1.000 V ze vzd\u00e1lenosti min. 1m<\/strong><\/span><br \/><span><strong>Hasic\u00ed p\u0159\u00edstroj je vyroben v souladu s platn\u00fdmi evropsk\u00fdmi normami \u0159ady EN3<\/strong><\/span><br \/><span><strong>V\u00fdroba a servis v syst\u00e9mu <span class=\"show-tooltip\" title=\"ISO (International Organization for Standardization) \u2013&amp;nbsp;Mezin\u00e1rodn\u00ed organizace pro normalizaciNez\u00e1visl\u00e1, nevl\u00e1dn\u00ed mezin\u00e1rodn\u00ed organizace&amp;nbsp;sdru\u017euj\u00edc\u00ed n\u00e1rodn\u00ed normaliza\u010dn\u00ed organizace z jednotliv\u00fdch st\u00e1t\u016f sv\u011bta se s\u00eddlem v \u017denev\u011b. V roce 1947&amp;hellip;\">ISO<\/span> 9001<\/strong><\/span><br \/><span><strong>Spl\u0148uje na\u0159\u00edzen\u00ed sm\u011brnice 97\/23\/ES o tlakov\u00fdch za\u0159\u00edzen\u00edch<\/strong><\/span><\/div>\n<div><span>&nbsp;<\/span><\/div>\n<p><span><strong>Dopl\u0148uj\u00edc\u00ed informace<\/strong><\/span><\/p>\n<ul>\n<li><span><strong>Hasic\u00ed p\u0159\u00edstroj tvo\u0159\u00ed <span class=\"show-tooltip\" title=\"Kovy&amp;nbsp;tvo\u0159\u00ed spole\u010dn\u011b s&amp;nbsp;polokovy&amp;nbsp;a&amp;nbsp;nekovy&amp;nbsp;t\u0159i hlavn\u00ed skupiny&amp;nbsp;chemick\u00fdch prvk\u016f. Rozd\u011blen\u00ed je prov\u00e1d\u011bno s ohledem na&amp;nbsp;vazebn\u00e9&amp;nbsp;a&amp;nbsp;ioniza\u010dn\u00ed&amp;nbsp;vlastnosti prvk\u016f. Kovy jsou charakterizovan\u00e9&amp;hellip;\">kovov\u00e1<\/span> n\u00e1doba napln\u011bn\u00e1 hasic\u00edm pr\u00e1\u0161kem a plynot\u011bsn\u011b uzav\u0159en\u00e1 ventilem ovl\u00e1dan\u00fdm p\u00e1kou.<\/strong><\/span><\/li>\n<li><span><strong>Hasic\u00ed pr\u00e1\u0161ek je v n\u00e1dob\u011b pod st\u00e1l\u00fdm tlakem dus\u00edku.<\/strong><\/span><\/li>\n<li><span><strong>P\u00e1ka ventilu je zaji\u0161t\u011bn\u00e1 zaji\u0161\u0165ovac\u00edm kol\u00edkem.<\/strong><\/span><\/li>\n<li><span><strong>Hasebn\u00ed efekt se u plamenn\u00e9ho ho\u0159en\u00ed zakl\u00e1d\u00e1 na p\u0159eru\u0161en\u00ed reakce ho\u0159en\u00ed (antikatalytick\u00fd).<\/strong><\/span><\/li>\n<li><span><strong>Pr\u00e1\u0161kov\u00fdmi hasivy m\u016f\u017ee b\u00fdt doc\u00edleno razantn\u00edho \u00fa\u010dinku tak\u00e9 u ho\u0159lav\u00fdch <span class=\"show-tooltip\" title=\"Kapalina je skupenstv\u00ed l\u00e1tky, kter\u00e9 se vyzna\u010duje t\u00edm, \u017ee m\u00e1 pevn\u00fd objem, ale nen\u00ed schopna udr\u017eet sv\u016fj tvar a p\u0159izp\u016fsobuje se tvaru n\u00e1doby, do kter\u00e9 je um\u00edst\u011bna. Kapaliny zahrnuj\u00ed \u0161irokou \u0161k\u00e1lu l\u00e1tek, od vody a oleje po alkoholy a benz\u00edn.Kapaliny&amp;hellip;\">kapalin<\/span> a <span class=\"show-tooltip\" title=\"Plyn je skupenstv\u00ed l\u00e1tky, kter\u00e9 se vyzna\u010duje t\u00edm, \u017ee nem\u00e1 pevn\u00fd tvar ani pevn\u00fd objem.V plynn\u00e9m skupenstv\u00ed se \u010d\u00e1stice l\u00e1tky pohybuj\u00ed rychle a maj\u00ed dostate\u010dn\u011b velk\u00fd rozptyl, aby se vymanily z pevn\u00fdch \u010di kapaln\u00fdch uspo\u0159\u00e1d\u00e1n\u00ed.Plyny vypl\u0148uj\u00ed cel\u00fd&amp;hellip;\">plyn\u016f<\/span>, kter\u00e1 zp\u016fsob\u00ed sfouknut\u00ed plamene.<\/strong><\/span><\/li>\n<li><span><strong>Proto\u017ee u pr\u00e1\u0161k\u016f nep\u016fsob\u00ed chladiv\u00fd efekt, vznik\u00e1 za ur\u010dit\u00fdch okolnost\u00ed <span class=\"show-tooltip\" title=\"GHS \u2013 Glob\u00e1ln\u011b harmonizovan\u00fd syst\u00e9m klasifikace a ozna\u010dov\u00e1n\u00edJednotn\u00fd mezin\u00e1rodn\u00ed r\u00e1mec pro bezpe\u010dn\u011bj\u0161\u00ed pr\u00e1ci s chemick\u00fdmi l\u00e1tkami&amp;nbsp;&amp;nbsp;&amp;nbsp;&amp;nbsp;&amp;nbsp; &amp;nbsp;&amp;nbsp;&amp;nbsp;&amp;nbsp;InfoPro\u010d GHS vzniklChemick\u00e9 l\u00e1tky&amp;hellip;\">nebezpe\u010d\u00ed<\/span> op\u011btovn\u00e9ho vzn\u00edcen\u00ed ho\u0159lav\u00fdch l\u00e1tek od nah\u0159\u00e1t\u00fdch <span class=\"show-tooltip\" title=\"Konstrukce je proces tvorby a sestaven\u00ed r\u016fzn\u00fdch prvk\u016f nebo sou\u010d\u00e1st\u00ed do funk\u010dn\u00edho celku, kter\u00fd m\u016f\u017ee slou\u017eit k ur\u010dit\u00e9mu \u00fa\u010delu. V kontextu stavebnictv\u00ed a in\u017een\u00fdrstv\u00ed zahrnuje konstrukce tvorbu budov, most\u016f, silnic, pr\u016fmyslov\u00fdch za\u0159\u00edzen\u00ed,&amp;hellip;\">konstrukc\u00ed<\/span>.<\/strong><\/span><\/li>\n<li><span><strong>Nen\u00ed vhodn\u00fd k ha\u0161en\u00ed pevn\u00fdch ho\u0159lav\u00fdch l\u00e1tek (<span class=\"show-tooltip\" title=\"D\u0159evo&amp;nbsp;je tvrd\u00e9 a p\u00f3rovit\u00e9&amp;nbsp;rostlinn\u00e9 pletivo&amp;nbsp;(tk\u00e1\u0148), je\u017e tvo\u0159\u00ed kmeny, ko\u0159eny a v\u011btve strom\u016f, ke\u0159\u016f a dal\u0161\u00edch&amp;nbsp;d\u0159evin. Skl\u00e1d\u00e1 se z&amp;nbsp;celul\u00f3zov\u00fdch&amp;nbsp;vl\u00e1ken s vysokou pevnost\u00ed v tahu a&amp;nbsp;ligninov\u00e9&amp;nbsp;v\u00fdpln\u011b, kter\u00e1&amp;hellip;\">d\u0159evo<\/span>, uhl\u00ed, textilie apod.).<\/strong><\/span><\/li>\n<li><span><strong>Plamen je uha\u0161en rychle, av\u0161ak l\u00e1tka \u017ehne d\u00e1l a m\u016f\u017ee se znovu rozho\u0159et.<\/strong><\/span><\/li>\n<li><span><strong>N\u00c1\u0160 TIP:&nbsp; Bu\u010fte na cest\u00e1ch p\u0159ipraveni, proto\u017ee nikdy nev\u00edte, co v\u00e1s m\u016f\u017ee p\u0159ekvapit a prvn\u00ed minuty jsou nejd\u016fle\u017eit\u011bj\u0161\u00ed pro z\u00e1chranu \u017eivota a majetku.<\/strong><\/span><\/li>\n<\/ul>\n<p><span><strong>Upozorn\u011bn\u00ed<\/strong><\/span><\/p>\n<ul>\n<li><span><strong>Nen\u00ed vhodn\u00fd k ha\u0161en\u00ed jemn\u00e9 <span class=\"show-tooltip\" title=\"Mechanika je v\u011bdn\u00ed obor, kter\u00fd se zab\u00fdv\u00e1 studiem pohybu a rovnov\u00e1hy t\u011bles, a to jak v klidu, tak v pohybu. Tento obor se rozd\u011bluje do n\u011bkolika hlavn\u00edch oblast\u00ed, kter\u00e9 se li\u0161\u00ed podle typ\u016f sil, pohybov\u00fdch vzorc\u016f a aplikac\u00ed.&amp;nbsp;Mechanika je&amp;hellip;\">mechaniky<\/span> a elektroniky, v telefonn\u00edch \u00fast\u0159edn\u00e1ch, elektrick\u00fdch rozvodn\u00e1ch a v m\u00edstnostech, kde jsou p\u0159\u00edstroje citliv\u00e9 na prach.<\/strong><\/span><\/li>\n<li><span><strong>POZOR: Nesm\u00ed se pou\u017e\u00edt k ha\u0161en\u00ed lehk\u00fdch ho\u0159lav\u00fdch a alkalick\u00fdch kov\u016f, k ha\u0161en\u00ed voln\u011b lo\u017een\u00fdch sypk\u00fdch materi\u00e1l\u016f a prachu pro nebezpe\u010d\u00ed v\u00fdbuchu a roz\u0161\u00ed\u0159en\u00ed po\u017e\u00e1ru.&nbsp;<\/strong><\/span><\/li>\n<\/ul>\n<p>&nbsp;<\/p>\n<\/p><\/div>\n","protected":false},"excerpt":{"rendered":"<p>Detailn\u00ed popis produktu Has\u00edc\u00ed p\u0159\u00edstroj je skladn\u00fd, a p\u0159itom vysoce \u00fa\u010dinn\u00fd.&nbsp; Dr\u017e\u00e1k has\u00edc\u00edho p\u0159\u00edstroje umo\u017e\u0148uje snadn\u00e9 p\u0159ipevn\u011bn\u00ed. V aut\u011b lze has\u00edc\u00ed p\u0159\u00edstroj um\u00edstit snadn\u011bji ne\u017e jin\u00e9 druhy has\u00edc\u00edch p\u0159\u00edstroj\u016f vzhledem k men\u0161\u00ed v\u00fd\u0161ce obalu. Ide\u00e1ln\u00ed k pou\u017eit\u00ed v osobn\u00edch, u\u017eitkov\u00fdch a n\u00e1kladn\u00edch automobilech, oblasti pr\u016fmyslu, obchodu, energetiky, dopravy, slu\u017eeb a v dom\u00e1cnosti (d\u00edlny, sklady, kotelny, [&hellip;]<\/p>\n","protected":false},"featured_media":15679,"comment_status":"open","ping_status":"open","template":"","meta":[],"product_brand":[],"product_cat":[59],"product_tag":[],"class_list":{"0":"post-15579","1":"product","2":"type-product","3":"status-publish","4":"has-post-thumbnail","6":"product_cat-ochranne-pomucky","8":"first","9":"instock","10":"sale","11":"shipping-taxable","12":"purchasable","13":"product-type-simple"},"yoast_head":"<!-- This site is optimized with the Yoast SEO plugin v26.8 - https:\/\/yoast.com\/product\/yoast-seo-wordpress\/ -->\n<title>Ihned K Objedn\u00e1n\u00ed Hasic\u00ed p\u0159\u00edstroj pr\u00e1\u0161kov\u00fd, 2 kg (8A\/55B\/C), manometr, bez revize | element-shop.cz -<\/title>\n<meta name=\"robots\" content=\"index, follow, max-snippet:-1, max-image-preview:large, max-video-preview:-1\" \/>\n<link rel=\"canonical\" href=\"https:\/\/www.domkraftpro.com\/index.php\/produkt\/ihned-k-objednani-hasici-pristroj-praskovy-2-kg-8a-55b-c-manometr-bez-revize-element-shop-cz-15579\/\" \/>\n<meta property=\"og:locale\" content=\"cs_CZ\" \/>\n<meta property=\"og:type\" content=\"article\" \/>\n<meta property=\"og:title\" content=\"Ihned K Objedn\u00e1n\u00ed Hasic\u00ed p\u0159\u00edstroj pr\u00e1\u0161kov\u00fd, 2 kg (8A\/55B\/C), manometr, bez revize | element-shop.cz -\" \/>\n<meta property=\"og:description\" content=\"Detailn\u00ed popis produktu Has\u00edc\u00ed p\u0159\u00edstroj je skladn\u00fd, a p\u0159itom vysoce \u00fa\u010dinn\u00fd.&nbsp; Dr\u017e\u00e1k has\u00edc\u00edho p\u0159\u00edstroje umo\u017e\u0148uje snadn\u00e9 p\u0159ipevn\u011bn\u00ed. V aut\u011b lze has\u00edc\u00ed p\u0159\u00edstroj um\u00edstit snadn\u011bji ne\u017e jin\u00e9 druhy has\u00edc\u00edch p\u0159\u00edstroj\u016f vzhledem k men\u0161\u00ed v\u00fd\u0161ce obalu. Ide\u00e1ln\u00ed k pou\u017eit\u00ed v osobn\u00edch, u\u017eitkov\u00fdch a n\u00e1kladn\u00edch automobilech, oblasti pr\u016fmyslu, obchodu, energetiky, dopravy, slu\u017eeb a v dom\u00e1cnosti (d\u00edlny, sklady, kotelny, [&hellip;]\" \/>\n<meta property=\"og:url\" content=\"https:\/\/www.domkraftpro.com\/index.php\/produkt\/ihned-k-objednani-hasici-pristroj-praskovy-2-kg-8a-55b-c-manometr-bez-revize-element-shop-cz-15579\/\" \/>\n<meta property=\"og:image\" content=\"https:\/\/www.domkraftpro.com\/wp-content\/uploads\/2026\/SK0007284-CZ20260425-092522-0-1777080324-116937_hasici-pristroj-praskovy-2kg-ce.webp\" \/>\n\t<meta property=\"og:image:width\" content=\"1000\" \/>\n\t<meta property=\"og:image:height\" content=\"750\" \/>\n\t<meta property=\"og:image:type\" content=\"image\/webp\" \/>\n<meta name=\"twitter:card\" content=\"summary_large_image\" \/>\n<meta name=\"twitter:label1\" content=\"Odhadovan\u00e1 doba \u010dten\u00ed\" \/>\n\t<meta name=\"twitter:data1\" content=\"3 minuty\" \/>\n<script type=\"application\/ld+json\" class=\"yoast-schema-graph\">{\"@context\":\"https:\/\/schema.org\",\"@graph\":[{\"@type\":\"WebPage\",\"@id\":\"https:\/\/www.domkraftpro.com\/index.php\/produkt\/ihned-k-objednani-hasici-pristroj-praskovy-2-kg-8a-55b-c-manometr-bez-revize-element-shop-cz-15579\/\",\"url\":\"https:\/\/www.domkraftpro.com\/index.php\/produkt\/ihned-k-objednani-hasici-pristroj-praskovy-2-kg-8a-55b-c-manometr-bez-revize-element-shop-cz-15579\/\",\"name\":\"Ihned K Objedn\u00e1n\u00ed Hasic\u00ed p\u0159\u00edstroj pr\u00e1\u0161kov\u00fd, 2 kg (8A\/55B\/C), manometr, bez revize | element-shop.cz -\",\"isPartOf\":{\"@id\":\"https:\/\/www.domkraftpro.com\/#website\"},\"primaryImageOfPage\":{\"@id\":\"https:\/\/www.domkraftpro.com\/index.php\/produkt\/ihned-k-objednani-hasici-pristroj-praskovy-2-kg-8a-55b-c-manometr-bez-revize-element-shop-cz-15579\/#primaryimage\"},\"image\":{\"@id\":\"https:\/\/www.domkraftpro.com\/index.php\/produkt\/ihned-k-objednani-hasici-pristroj-praskovy-2-kg-8a-55b-c-manometr-bez-revize-element-shop-cz-15579\/#primaryimage\"},\"thumbnailUrl\":\"https:\/\/www.domkraftpro.com\/wp-content\/uploads\/2026\/SK0007284-CZ20260425-092522-0-1777080324-116937_hasici-pristroj-praskovy-2kg-ce.webp\",\"datePublished\":\"2026-04-27T04:41:01+00:00\",\"breadcrumb\":{\"@id\":\"https:\/\/www.domkraftpro.com\/index.php\/produkt\/ihned-k-objednani-hasici-pristroj-praskovy-2-kg-8a-55b-c-manometr-bez-revize-element-shop-cz-15579\/#breadcrumb\"},\"inLanguage\":\"cs\",\"potentialAction\":[{\"@type\":\"ReadAction\",\"target\":[\"https:\/\/www.domkraftpro.com\/index.php\/produkt\/ihned-k-objednani-hasici-pristroj-praskovy-2-kg-8a-55b-c-manometr-bez-revize-element-shop-cz-15579\/\"]}]},{\"@type\":\"ImageObject\",\"inLanguage\":\"cs\",\"@id\":\"https:\/\/www.domkraftpro.com\/index.php\/produkt\/ihned-k-objednani-hasici-pristroj-praskovy-2-kg-8a-55b-c-manometr-bez-revize-element-shop-cz-15579\/#primaryimage\",\"url\":\"https:\/\/www.domkraftpro.com\/wp-content\/uploads\/2026\/SK0007284-CZ20260425-092522-0-1777080324-116937_hasici-pristroj-praskovy-2kg-ce.webp\",\"contentUrl\":\"https:\/\/www.domkraftpro.com\/wp-content\/uploads\/2026\/SK0007284-CZ20260425-092522-0-1777080324-116937_hasici-pristroj-praskovy-2kg-ce.webp\",\"width\":1000,\"height\":750},{\"@type\":\"BreadcrumbList\",\"@id\":\"https:\/\/www.domkraftpro.com\/index.php\/produkt\/ihned-k-objednani-hasici-pristroj-praskovy-2-kg-8a-55b-c-manometr-bez-revize-element-shop-cz-15579\/#breadcrumb\",\"itemListElement\":[{\"@type\":\"ListItem\",\"position\":1,\"name\":\"Home\",\"item\":\"https:\/\/www.domkraftpro.com\/\"},{\"@type\":\"ListItem\",\"position\":2,\"name\":\"Products\",\"item\":\"https:\/\/www.domkraftpro.com\/index.php\/products\/\"},{\"@type\":\"ListItem\",\"position\":3,\"name\":\"Ihned K Objedn\u00e1n\u00ed Hasic\u00ed p\u0159\u00edstroj pr\u00e1\u0161kov\u00fd, 2 kg (8A\/55B\/C), manometr, bez revize | element-shop.cz\"}]},{\"@type\":\"WebSite\",\"@id\":\"https:\/\/www.domkraftpro.com\/#website\",\"url\":\"https:\/\/www.domkraftpro.com\/\",\"name\":\"\",\"description\":\"\",\"potentialAction\":[{\"@type\":\"SearchAction\",\"target\":{\"@type\":\"EntryPoint\",\"urlTemplate\":\"https:\/\/www.domkraftpro.com\/?s={search_term_string}\"},\"query-input\":{\"@type\":\"PropertyValueSpecification\",\"valueRequired\":true,\"valueName\":\"search_term_string\"}}],\"inLanguage\":\"cs\"}]}<\/script>\n<!-- \/ Yoast SEO plugin. -->","yoast_head_json":{"title":"Ihned K Objedn\u00e1n\u00ed Hasic\u00ed p\u0159\u00edstroj pr\u00e1\u0161kov\u00fd, 2 kg (8A\/55B\/C), manometr, bez revize | element-shop.cz -","robots":{"index":"index","follow":"follow","max-snippet":"max-snippet:-1","max-image-preview":"max-image-preview:large","max-video-preview":"max-video-preview:-1"},"canonical":"https:\/\/www.domkraftpro.com\/index.php\/produkt\/ihned-k-objednani-hasici-pristroj-praskovy-2-kg-8a-55b-c-manometr-bez-revize-element-shop-cz-15579\/","og_locale":"cs_CZ","og_type":"article","og_title":"Ihned K Objedn\u00e1n\u00ed Hasic\u00ed p\u0159\u00edstroj pr\u00e1\u0161kov\u00fd, 2 kg (8A\/55B\/C), manometr, bez revize | element-shop.cz -","og_description":"Detailn\u00ed popis produktu Has\u00edc\u00ed p\u0159\u00edstroj je skladn\u00fd, a p\u0159itom vysoce \u00fa\u010dinn\u00fd.&nbsp; Dr\u017e\u00e1k has\u00edc\u00edho p\u0159\u00edstroje umo\u017e\u0148uje snadn\u00e9 p\u0159ipevn\u011bn\u00ed. V aut\u011b lze has\u00edc\u00ed p\u0159\u00edstroj um\u00edstit snadn\u011bji ne\u017e jin\u00e9 druhy has\u00edc\u00edch p\u0159\u00edstroj\u016f vzhledem k men\u0161\u00ed v\u00fd\u0161ce obalu. Ide\u00e1ln\u00ed k pou\u017eit\u00ed v osobn\u00edch, u\u017eitkov\u00fdch a n\u00e1kladn\u00edch automobilech, oblasti pr\u016fmyslu, obchodu, energetiky, dopravy, slu\u017eeb a v dom\u00e1cnosti (d\u00edlny, sklady, kotelny, [&hellip;]","og_url":"https:\/\/www.domkraftpro.com\/index.php\/produkt\/ihned-k-objednani-hasici-pristroj-praskovy-2-kg-8a-55b-c-manometr-bez-revize-element-shop-cz-15579\/","og_image":[{"width":1000,"height":750,"url":"https:\/\/www.domkraftpro.com\/wp-content\/uploads\/2026\/SK0007284-CZ20260425-092522-0-1777080324-116937_hasici-pristroj-praskovy-2kg-ce.webp","type":"image\/webp"}],"twitter_card":"summary_large_image","twitter_misc":{"Odhadovan\u00e1 doba \u010dten\u00ed":"3 minuty"},"schema":{"@context":"https:\/\/schema.org","@graph":[{"@type":"WebPage","@id":"https:\/\/www.domkraftpro.com\/index.php\/produkt\/ihned-k-objednani-hasici-pristroj-praskovy-2-kg-8a-55b-c-manometr-bez-revize-element-shop-cz-15579\/","url":"https:\/\/www.domkraftpro.com\/index.php\/produkt\/ihned-k-objednani-hasici-pristroj-praskovy-2-kg-8a-55b-c-manometr-bez-revize-element-shop-cz-15579\/","name":"Ihned K Objedn\u00e1n\u00ed Hasic\u00ed p\u0159\u00edstroj pr\u00e1\u0161kov\u00fd, 2 kg (8A\/55B\/C), manometr, bez revize | element-shop.cz -","isPartOf":{"@id":"https:\/\/www.domkraftpro.com\/#website"},"primaryImageOfPage":{"@id":"https:\/\/www.domkraftpro.com\/index.php\/produkt\/ihned-k-objednani-hasici-pristroj-praskovy-2-kg-8a-55b-c-manometr-bez-revize-element-shop-cz-15579\/#primaryimage"},"image":{"@id":"https:\/\/www.domkraftpro.com\/index.php\/produkt\/ihned-k-objednani-hasici-pristroj-praskovy-2-kg-8a-55b-c-manometr-bez-revize-element-shop-cz-15579\/#primaryimage"},"thumbnailUrl":"https:\/\/www.domkraftpro.com\/wp-content\/uploads\/2026\/SK0007284-CZ20260425-092522-0-1777080324-116937_hasici-pristroj-praskovy-2kg-ce.webp","datePublished":"2026-04-27T04:41:01+00:00","breadcrumb":{"@id":"https:\/\/www.domkraftpro.com\/index.php\/produkt\/ihned-k-objednani-hasici-pristroj-praskovy-2-kg-8a-55b-c-manometr-bez-revize-element-shop-cz-15579\/#breadcrumb"},"inLanguage":"cs","potentialAction":[{"@type":"ReadAction","target":["https:\/\/www.domkraftpro.com\/index.php\/produkt\/ihned-k-objednani-hasici-pristroj-praskovy-2-kg-8a-55b-c-manometr-bez-revize-element-shop-cz-15579\/"]}]},{"@type":"ImageObject","inLanguage":"cs","@id":"https:\/\/www.domkraftpro.com\/index.php\/produkt\/ihned-k-objednani-hasici-pristroj-praskovy-2-kg-8a-55b-c-manometr-bez-revize-element-shop-cz-15579\/#primaryimage","url":"https:\/\/www.domkraftpro.com\/wp-content\/uploads\/2026\/SK0007284-CZ20260425-092522-0-1777080324-116937_hasici-pristroj-praskovy-2kg-ce.webp","contentUrl":"https:\/\/www.domkraftpro.com\/wp-content\/uploads\/2026\/SK0007284-CZ20260425-092522-0-1777080324-116937_hasici-pristroj-praskovy-2kg-ce.webp","width":1000,"height":750},{"@type":"BreadcrumbList","@id":"https:\/\/www.domkraftpro.com\/index.php\/produkt\/ihned-k-objednani-hasici-pristroj-praskovy-2-kg-8a-55b-c-manometr-bez-revize-element-shop-cz-15579\/#breadcrumb","itemListElement":[{"@type":"ListItem","position":1,"name":"Home","item":"https:\/\/www.domkraftpro.com\/"},{"@type":"ListItem","position":2,"name":"Products","item":"https:\/\/www.domkraftpro.com\/index.php\/products\/"},{"@type":"ListItem","position":3,"name":"Ihned K Objedn\u00e1n\u00ed Hasic\u00ed p\u0159\u00edstroj pr\u00e1\u0161kov\u00fd, 2 kg (8A\/55B\/C), manometr, bez revize | element-shop.cz"}]},{"@type":"WebSite","@id":"https:\/\/www.domkraftpro.com\/#website","url":"https:\/\/www.domkraftpro.com\/","name":"","description":"","potentialAction":[{"@type":"SearchAction","target":{"@type":"EntryPoint","urlTemplate":"https:\/\/www.domkraftpro.com\/?s={search_term_string}"},"query-input":{"@type":"PropertyValueSpecification","valueRequired":true,"valueName":"search_term_string"}}],"inLanguage":"cs"}]}},"_links":{"self":[{"href":"https:\/\/www.domkraftpro.com\/index.php\/wp-json\/wp\/v2\/product\/15579","targetHints":{"allow":["GET"]}}],"collection":[{"href":"https:\/\/www.domkraftpro.com\/index.php\/wp-json\/wp\/v2\/product"}],"about":[{"href":"https:\/\/www.domkraftpro.com\/index.php\/wp-json\/wp\/v2\/types\/product"}],"replies":[{"embeddable":true,"href":"https:\/\/www.domkraftpro.com\/index.php\/wp-json\/wp\/v2\/comments?post=15579"}],"wp:featuredmedia":[{"embeddable":true,"href":"https:\/\/www.domkraftpro.com\/index.php\/wp-json\/wp\/v2\/media\/15679"}],"wp:attachment":[{"href":"https:\/\/www.domkraftpro.com\/index.php\/wp-json\/wp\/v2\/media?parent=15579"}],"wp:term":[{"taxonomy":"product_brand","embeddable":true,"href":"https:\/\/www.domkraftpro.com\/index.php\/wp-json\/wp\/v2\/product_brand?post=15579"},{"taxonomy":"product_cat","embeddable":true,"href":"https:\/\/www.domkraftpro.com\/index.php\/wp-json\/wp\/v2\/product_cat?post=15579"},{"taxonomy":"product_tag","embeddable":true,"href":"https:\/\/www.domkraftpro.com\/index.php\/wp-json\/wp\/v2\/product_tag?post=15579"}],"curies":[{"name":"wp","href":"https:\/\/api.w.org\/{rel}","templated":true}]}}